{"id":383000,"date":"2025-12-19T16:21:36","date_gmt":"2025-12-19T15:21:36","guid":{"rendered":"https:\/\/www.miomiorun.com\/?post_type=product&#038;p=383000"},"modified":"2026-04-16T18:54:32","modified_gmt":"2026-04-16T16:54:32","slug":"velociti-storm-pant-herren","status":"publish","type":"product","link":"https:\/\/www.miomiorun.com\/de\/produkt\/velociti-storm-pant-herren\/","title":{"rendered":"Velociti storm pant herren"},"content":{"rendered":"<p data-start=\"155\" data-end=\"472\">Die <strong data-start=\"157\" data-end=\"180\">Velociti Storm Pant<\/strong> wurde entwickelt, damit Sie auch bei ung\u00fcnstigen Wetterbedingungen weiterlaufen k\u00f6nnen. Sie ist leicht, atmungsaktiv und wasserabweisend und bietet wirksamen Schutz, ohne den Komfort und die Bewegungsfreiheit zu beeintr\u00e4chtigen, sodass Sie sich ganz auf Ihre Leistung konzentrieren k\u00f6nnen.<\/p>\n<p data-start=\"474\" data-end=\"874\">Die <strong data-start=\"488\" data-end=\"500\">UA Storm<\/strong>-Technologie weist Wasser ab und sorgt gleichzeitig f\u00fcr hohe Atmungsaktivit\u00e4t. Das <strong data-start=\"575\" data-end=\"610\">elastische, leichte Material<\/strong> garantiert Komfort und Strapazierf\u00e4higkeit, w\u00e4hrend die <strong data-start=\"652\" data-end=\"679\">Eins\u00e4tze an den Knien<\/strong> die Flexibilit\u00e4t beim Laufen verbessern. Der <strong data-start=\"728\" data-end=\"781\">elastische Bund mit innenliegendem Kordelzug<\/strong> erm\u00f6glicht eine pr\u00e4zise Anpassung und einen stabilen Sitz auch bei dynamischen Bewegungen.<\/p>\n<p data-start=\"876\" data-end=\"1304\">Die <strong data-start=\"879\" data-end=\"908\">offenen Handtaschen<\/strong> bieten zusammen mit einer <strong data-start=\"925\" data-end=\"971\">Innentasche f\u00fcr Multimedia-Ger\u00e4te<\/strong> praktischen Komfort beim Training. Die <strong data-start=\"1017\" data-end=\"1038\">Rei\u00dfverschl\u00fcsse an den Kn\u00f6cheln<\/strong> erleichtern das An- und Ausziehen, w\u00e4hrend die <strong data-start=\"1099\" data-end=\"1123\">reflektierenden Details<\/strong> die Sichtbarkeit beim Laufen bei schlechten Lichtverh\u00e4ltnissen erh\u00f6hen. Das Hauptmaterial besteht zu mindestens <strong data-start=\"1239\" data-end=\"1270\">80 % aus recyceltem Polyester<\/strong> und ist somit eine verantwortungsbewusste Wahl.<\/p><\/p>\n","protected":false},"excerpt":{"rendered":"<ul>\n<li data-start=\"1550\" data-end=\"1600\">Wasserabweisende und atmungsaktive UA Storm-Technologie<\/li>\n<li data-start=\"1603\" data-end=\"1691\">Leichtes, elastisches Material mit Eins\u00e4tzen an den Knien f\u00fcr mehr Flexibilit\u00e4t<\/li>\n<li data-start=\"1694\" data-end=\"1781\">Kordelzugbund, Rei\u00dfverschl\u00fcsse an den Kn\u00f6cheln und reflektierende Details f\u00fcr Sicherheit und Funktionalit\u00e4t<\/li>\n<\/ul>\n","protected":false},"featured_media":383138,"template":"","meta":{"_acf_changed":false,"inline_featured_image":false},"product_brand":[],"product_cat":[6540,6509],"product_tag":[20482,20497],"class_list":{"0":"post-383000","1":"product","2":"type-product","3":"status-publish","4":"has-post-thumbnail","6":"product_cat-herrenbekleidung","7":"product_cat-lange-hosen","8":"product_tag-under-armour-de","9":"product_tag-under-armour-herren","10":"pa_attivita-gehen","11":"pa_attivita-running-de","12":"pa_colore-velociti-storm-pant-castlerock-de","13":"pa_marca-under-armour-de","14":"pa_sesso-herren","15":"pa_size-small-de","16":"pa_size-medium-de","17":"pa_size-large-de","19":"first","20":"instock","21":"sale","22":"taxable","23":"shipping-taxable","24":"purchasable","25":"product-type-variable","26":"wvs-archive-product-wrapper"},"acf":[],"yoast_head":"<!-- This site is optimized with the Yoast SEO plugin v26.8 - https:\/\/yoast.com\/product\/yoast-seo-wordpress\/ -->\n<title>Under Armour Velociti storm pant herren - Lange Regenhose - MioMioRun<\/title>\n<meta name=\"description\" content=\"Velociti Storm Pant: wasserabweisende, leichte Laufhose mit UA Storm, Stretchmaterial, Rei\u00dfverschluss an den Kn\u00f6cheln und reflektierenden Details.\" \/>\n<meta name=\"robots\" content=\"index, follow, max-snippet:-1, max-image-preview:large, max-video-preview:-1\" \/>\n<link rel=\"canonical\" href=\"https:\/\/www.miomiorun.com\/de\/produkt\/velociti-storm-pant-herren\/\" \/>\n<meta property=\"og:locale\" content=\"de_DE\" \/>\n<meta property=\"og:type\" content=\"article\" \/>\n<meta property=\"og:title\" content=\"Under Armour Velociti storm pant herren - Lange Regenhose - MioMioRun\" \/>\n<meta property=\"og:description\" content=\"Velociti Storm Pant: wasserabweisende, leichte Laufhose mit UA Storm, Stretchmaterial, Rei\u00dfverschluss an den Kn\u00f6cheln und reflektierenden Details.\" \/>\n<meta property=\"og:url\" content=\"https:\/\/www.miomiorun.com\/de\/produkt\/velociti-storm-pant-herren\/\" \/>\n<meta property=\"og:site_name\" content=\"MioMioRun\" \/>\n<meta property=\"article:publisher\" content=\"https:\/\/www.facebook.com\/miomiorun\/\" \/>\n<meta property=\"article:modified_time\" content=\"2026-04-16T16:54:32+00:00\" \/>\n<meta property=\"og:image\" content=\"https:\/\/www.miomiorun.com\/app\/uploads\/2025\/12\/under-armour-Velociti-storm-pant-castlerock-6005899-0025.webp\" \/>\n\t<meta property=\"og:image:width\" content=\"720\" \/>\n\t<meta property=\"og:image:height\" content=\"720\" \/>\n\t<meta property=\"og:image:type\" content=\"image\/webp\" \/>\n<meta name=\"twitter:card\" content=\"summary_large_image\" \/>\n<meta name=\"twitter:label1\" content=\"Est. reading time\" \/>\n\t<meta name=\"twitter:data1\" content=\"1 minute\" \/>\n<script type=\"application\/ld+json\" class=\"yoast-schema-graph\">{\"@context\":\"https:\/\/schema.org\",\"@graph\":[{\"@type\":\"WebPage\",\"@id\":\"https:\/\/www.miomiorun.com\/de\/produkt\/velociti-storm-pant-herren\/\",\"url\":\"https:\/\/www.miomiorun.com\/de\/produkt\/velociti-storm-pant-herren\/\",\"name\":\"Under Armour Velociti storm pant herren - Lange Regenhose - MioMioRun\",\"isPartOf\":{\"@id\":\"https:\/\/www.miomiorun.com\/de\/#website\"},\"primaryImageOfPage\":{\"@id\":\"https:\/\/www.miomiorun.com\/de\/produkt\/velociti-storm-pant-herren\/#primaryimage\"},\"image\":{\"@id\":\"https:\/\/www.miomiorun.com\/de\/produkt\/velociti-storm-pant-herren\/#primaryimage\"},\"thumbnailUrl\":\"https:\/\/www.miomiorun.com\/app\/uploads\/2025\/12\/under-armour-Velociti-storm-pant-castlerock-6005899-0025.webp\",\"datePublished\":\"2025-12-19T15:21:36+00:00\",\"dateModified\":\"2026-04-16T16:54:32+00:00\",\"description\":\"Velociti Storm Pant: wasserabweisende, leichte Laufhose mit UA Storm, Stretchmaterial, Rei\u00dfverschluss an den Kn\u00f6cheln und reflektierenden Details.\",\"breadcrumb\":{\"@id\":\"https:\/\/www.miomiorun.com\/de\/produkt\/velociti-storm-pant-herren\/#breadcrumb\"},\"inLanguage\":\"de-DE\",\"potentialAction\":[{\"@type\":\"ReadAction\",\"target\":[\"https:\/\/www.miomiorun.com\/de\/produkt\/velociti-storm-pant-herren\/\"]}]},{\"@type\":\"ImageObject\",\"inLanguage\":\"de-DE\",\"@id\":\"https:\/\/www.miomiorun.com\/de\/produkt\/velociti-storm-pant-herren\/#primaryimage\",\"url\":\"https:\/\/www.miomiorun.com\/app\/uploads\/2025\/12\/under-armour-Velociti-storm-pant-castlerock-6005899-0025.webp\",\"contentUrl\":\"https:\/\/www.miomiorun.com\/app\/uploads\/2025\/12\/under-armour-Velociti-storm-pant-castlerock-6005899-0025.webp\",\"width\":720,\"height\":720,\"caption\":\"under armour Velociti storm pant castlerock 6005899-0025\"},{\"@type\":\"BreadcrumbList\",\"@id\":\"https:\/\/www.miomiorun.com\/de\/produkt\/velociti-storm-pant-herren\/#breadcrumb\",\"itemListElement\":[{\"@type\":\"ListItem\",\"position\":1,\"name\":\"Home\",\"item\":\"https:\/\/www.miomiorun.com\/de\/\"},{\"@type\":\"ListItem\",\"position\":2,\"name\":\"Shop\",\"item\":\"https:\/\/www.miomiorun.com\/shop\/\"},{\"@type\":\"ListItem\",\"position\":3,\"name\":\"Velociti storm pant herren\"}]},{\"@type\":\"WebSite\",\"@id\":\"https:\/\/www.miomiorun.com\/de\/#website\",\"url\":\"https:\/\/www.miomiorun.com\/de\/\",\"name\":\"MioMioRun\",\"description\":\"100% Lauf- und Trailshop\",\"publisher\":{\"@id\":\"https:\/\/www.miomiorun.com\/de\/#organization\"},\"potentialAction\":[{\"@type\":\"SearchAction\",\"target\":{\"@type\":\"EntryPoint\",\"urlTemplate\":\"https:\/\/www.miomiorun.com\/de\/?s={search_term_string}\"},\"query-input\":{\"@type\":\"PropertyValueSpecification\",\"valueRequired\":true,\"valueName\":\"search_term_string\"}}],\"inLanguage\":\"de-DE\"},{\"@type\":\"Organization\",\"@id\":\"https:\/\/www.miomiorun.com\/de\/#organization\",\"name\":\"MioMio Run\",\"url\":\"https:\/\/www.miomiorun.com\/de\/\",\"logo\":{\"@type\":\"ImageObject\",\"inLanguage\":\"de-DE\",\"@id\":\"https:\/\/www.miomiorun.com\/de\/#\/schema\/logo\/image\/\",\"url\":\"https:\/\/www.miomiorun.com\/app\/uploads\/2019\/12\/logomio.png\",\"contentUrl\":\"https:\/\/www.miomiorun.com\/app\/uploads\/2019\/12\/logomio.png\",\"width\":115,\"height\":82,\"caption\":\"MioMio Run\"},\"image\":{\"@id\":\"https:\/\/www.miomiorun.com\/de\/#\/schema\/logo\/image\/\"},\"sameAs\":[\"https:\/\/www.facebook.com\/miomiorun\/\",\"https:\/\/www.instagram.com\/miomiorun\/\"]}]}<\/script>\n<!-- \/ Yoast SEO plugin. -->","yoast_head_json":{"title":"Under Armour Velociti storm pant herren - Lange Regenhose - MioMioRun","description":"Velociti Storm Pant: wasserabweisende, leichte Laufhose mit UA Storm, Stretchmaterial, Rei\u00dfverschluss an den Kn\u00f6cheln und reflektierenden Details.","robots":{"index":"index","follow":"follow","max-snippet":"max-snippet:-1","max-image-preview":"max-image-preview:large","max-video-preview":"max-video-preview:-1"},"canonical":"https:\/\/www.miomiorun.com\/de\/produkt\/velociti-storm-pant-herren\/","og_locale":"de_DE","og_type":"article","og_title":"Under Armour Velociti storm pant herren - Lange Regenhose - MioMioRun","og_description":"Velociti Storm Pant: wasserabweisende, leichte Laufhose mit UA Storm, Stretchmaterial, Rei\u00dfverschluss an den Kn\u00f6cheln und reflektierenden Details.","og_url":"https:\/\/www.miomiorun.com\/de\/produkt\/velociti-storm-pant-herren\/","og_site_name":"MioMioRun","article_publisher":"https:\/\/www.facebook.com\/miomiorun\/","article_modified_time":"2026-04-16T16:54:32+00:00","og_image":[{"width":720,"height":720,"url":"https:\/\/www.miomiorun.com\/app\/uploads\/2025\/12\/under-armour-Velociti-storm-pant-castlerock-6005899-0025.webp","type":"image\/webp"}],"twitter_card":"summary_large_image","twitter_misc":{"Est. reading time":"1 minute"},"schema":{"@context":"https:\/\/schema.org","@graph":[{"@type":"WebPage","@id":"https:\/\/www.miomiorun.com\/de\/produkt\/velociti-storm-pant-herren\/","url":"https:\/\/www.miomiorun.com\/de\/produkt\/velociti-storm-pant-herren\/","name":"Under Armour Velociti storm pant herren - Lange Regenhose - MioMioRun","isPartOf":{"@id":"https:\/\/www.miomiorun.com\/de\/#website"},"primaryImageOfPage":{"@id":"https:\/\/www.miomiorun.com\/de\/produkt\/velociti-storm-pant-herren\/#primaryimage"},"image":{"@id":"https:\/\/www.miomiorun.com\/de\/produkt\/velociti-storm-pant-herren\/#primaryimage"},"thumbnailUrl":"https:\/\/www.miomiorun.com\/app\/uploads\/2025\/12\/under-armour-Velociti-storm-pant-castlerock-6005899-0025.webp","datePublished":"2025-12-19T15:21:36+00:00","dateModified":"2026-04-16T16:54:32+00:00","description":"Velociti Storm Pant: wasserabweisende, leichte Laufhose mit UA Storm, Stretchmaterial, Rei\u00dfverschluss an den Kn\u00f6cheln und reflektierenden Details.","breadcrumb":{"@id":"https:\/\/www.miomiorun.com\/de\/produkt\/velociti-storm-pant-herren\/#breadcrumb"},"inLanguage":"de-DE","potentialAction":[{"@type":"ReadAction","target":["https:\/\/www.miomiorun.com\/de\/produkt\/velociti-storm-pant-herren\/"]}]},{"@type":"ImageObject","inLanguage":"de-DE","@id":"https:\/\/www.miomiorun.com\/de\/produkt\/velociti-storm-pant-herren\/#primaryimage","url":"https:\/\/www.miomiorun.com\/app\/uploads\/2025\/12\/under-armour-Velociti-storm-pant-castlerock-6005899-0025.webp","contentUrl":"https:\/\/www.miomiorun.com\/app\/uploads\/2025\/12\/under-armour-Velociti-storm-pant-castlerock-6005899-0025.webp","width":720,"height":720,"caption":"under armour Velociti storm pant castlerock 6005899-0025"},{"@type":"BreadcrumbList","@id":"https:\/\/www.miomiorun.com\/de\/produkt\/velociti-storm-pant-herren\/#breadcrumb","itemListElement":[{"@type":"ListItem","position":1,"name":"Home","item":"https:\/\/www.miomiorun.com\/de\/"},{"@type":"ListItem","position":2,"name":"Shop","item":"https:\/\/www.miomiorun.com\/shop\/"},{"@type":"ListItem","position":3,"name":"Velociti storm pant herren"}]},{"@type":"WebSite","@id":"https:\/\/www.miomiorun.com\/de\/#website","url":"https:\/\/www.miomiorun.com\/de\/","name":"MioMioRun","description":"100% Lauf- und Trailshop","publisher":{"@id":"https:\/\/www.miomiorun.com\/de\/#organization"},"potentialAction":[{"@type":"SearchAction","target":{"@type":"EntryPoint","urlTemplate":"https:\/\/www.miomiorun.com\/de\/?s={search_term_string}"},"query-input":{"@type":"PropertyValueSpecification","valueRequired":true,"valueName":"search_term_string"}}],"inLanguage":"de-DE"},{"@type":"Organization","@id":"https:\/\/www.miomiorun.com\/de\/#organization","name":"MioMio Run","url":"https:\/\/www.miomiorun.com\/de\/","logo":{"@type":"ImageObject","inLanguage":"de-DE","@id":"https:\/\/www.miomiorun.com\/de\/#\/schema\/logo\/image\/","url":"https:\/\/www.miomiorun.com\/app\/uploads\/2019\/12\/logomio.png","contentUrl":"https:\/\/www.miomiorun.com\/app\/uploads\/2019\/12\/logomio.png","width":115,"height":82,"caption":"MioMio Run"},"image":{"@id":"https:\/\/www.miomiorun.com\/de\/#\/schema\/logo\/image\/"},"sameAs":["https:\/\/www.facebook.com\/miomiorun\/","https:\/\/www.instagram.com\/miomiorun\/"]}]}},"_links":{"self":[{"href":"https:\/\/www.miomiorun.com\/de\/wp-json\/wp\/v2\/product\/383000","targetHints":{"allow":["GET"]}}],"collection":[{"href":"https:\/\/www.miomiorun.com\/de\/wp-json\/wp\/v2\/product"}],"about":[{"href":"https:\/\/www.miomiorun.com\/de\/wp-json\/wp\/v2\/types\/product"}],"wp:featuredmedia":[{"embeddable":true,"href":"https:\/\/www.miomiorun.com\/de\/wp-json\/wp\/v2\/media\/383138"}],"wp:attachment":[{"href":"https:\/\/www.miomiorun.com\/de\/wp-json\/wp\/v2\/media?parent=383000"}],"wp:term":[{"taxonomy":"product_brand","embeddable":true,"href":"https:\/\/www.miomiorun.com\/de\/wp-json\/wp\/v2\/product_brand?post=383000"},{"taxonomy":"product_cat","embeddable":true,"href":"https:\/\/www.miomiorun.com\/de\/wp-json\/wp\/v2\/product_cat?post=383000"},{"taxonomy":"product_tag","embeddable":true,"href":"https:\/\/www.miomiorun.com\/de\/wp-json\/wp\/v2\/product_tag?post=383000"}],"curies":[{"name":"wp","href":"https:\/\/api.w.org\/{rel}","templated":true}]}}