{"id":382134,"date":"2025-12-18T16:31:19","date_gmt":"2025-12-18T15:31:19","guid":{"rendered":"https:\/\/www.miomiorun.com\/?post_type=product&#038;p=382134"},"modified":"2026-04-16T18:52:23","modified_gmt":"2026-04-16T16:52:23","slug":"launch-pro-pants-herren","status":"publish","type":"product","link":"https:\/\/www.miomiorun.com\/de\/produkt\/launch-pro-pants-herren\/","title":{"rendered":"Launch Pro Pants herren"},"content":{"rendered":"<div id=\"tw-target-text-container\" class=\"tw-ta-container F0azHf tw-nfl\">\n<p>Wenn Sie einmal mit den <strong>Launch Pro Pants<\/strong> f\u00fcr Herren gelaufen sind, werden Sie sie nicht mehr missen wollen. Sie lassen sich erweitern, sodass auch ein \u00fcberdurchschnittlich gro\u00dfes Mobiltelefon sicher verstaut werden kann, ohne herumzuspringen.<\/p>\n<h3>Eigenschaften:<\/h3>\n<div id=\"acc-1\" class=\"g-accordion-content collapse show\">\n<ul class=\"t-tabs_data\">\n<li class=\"t-tabs_list\">Das UA Microthread-Material trocknet schneller, klebt nicht am K\u00f6rper, verursacht keine Reizungen und dehnt sich, ohne Schwei\u00df aufzunehmen.<\/li>\n<li class=\"t-tabs_list\">Die erweiterbare Tasche im mittleren hinteren Teil der Taille ist wasserdicht und sch\u00fctzt das Telefon vor st\u00f6renden St\u00f6\u00dfen.<\/li>\n<li class=\"t-tabs_list\">Das Material absorbiert Schwei\u00df und trocknet sehr schnell.<\/li>\n<li class=\"t-tabs_list\">Das in vier Richtungen elastische Material verbessert die Beweglichkeit.<\/li>\n<li class=\"t-tabs_list\">Elastischer Bund mit innenliegendem Kordelzug<\/li>\n<li class=\"t-tabs_list\">Handtaschen mit Rei\u00dfverschluss<\/li>\n<li class=\"t-tabs_list\">Rei\u00dfverschluss an den Kn\u00f6cheln f\u00fcr eine individuelle Passform und zum einfachen An- und Ausziehen<\/li>\n<li class=\"t-tabs_list\">Die hintere SpeedPocket-Tasche bietet Platz f\u00fcr Mobiltelefone mit einer Gr\u00f6\u00dfe von bis zu 15 cm x 8 cm.<\/li>\n<li class=\"t-tabs_list\">Innennaht: 69 cm<\/li>\n<li class=\"t-tabs_list\">Taschen: ja<\/li>\n<li class=\"t-tabs_list\">Material: 100 % Polyester<\/li>\n<li class=\"t-tabs_list\">Die SpeedPocket-Tasche auf der R\u00fcckseite bietet Platz f\u00fcr Mobiltelefone mit einer Gr\u00f6\u00dfe von bis zu 15 cm x 8 cm.<\/li>\n<li class=\"t-tabs_list\">Innennaht: 69 cm<\/li>\n<\/ul>\n<h3>Passform und Pflege<\/h3>\n<div id=\"acc-3\" class=\"g-accordion-content collapse\">\n<ul class=\"t-tabs_data\">\n<li class=\"t-tabs_list\"><span class=\"t-bold_font\">Eng anliegend:\u00a0<\/span>Essentielle Passform, weder zu eng noch zu weit.<\/li>\n<li class=\"t-tabs_list\">In der Waschmaschine mit \u00e4hnlichen Farben kalt waschen<\/li>\n<li class=\"t-tabs_list\">Verwenden Sie gegebenenfalls nur chlorfreies Bleichmittel.<\/li>\n<li class=\"t-tabs_list\">Bei niedrigen Temperaturen im W\u00e4schetrockner trocknen<\/li>\n<li class=\"t-tabs_list\">Nicht b\u00fcgeln<\/li>\n<li class=\"t-tabs_list\">Verwenden Sie keine Weichsp\u00fcler.<\/li>\n<li class=\"t-tabs_list\">Nicht chemisch reinigen<\/li>\n<\/ul>\n<\/div>\n<\/div>\n<\/div>\n<div id=\"tw-target-rmn-container\" class=\"tw-target-rmn tw-ta-container F0azHf tw-nfl\">\n<pre id=\"tw-target-rmn\" class=\"tw-data-placeholder tw-text-small tw-ta\" dir=\"ltr\" data-placeholder=\"\">\r\n\r\n<\/pre>\n<\/div>\n","protected":false},"excerpt":{"rendered":"<ul>\n<li>Fortgeschrittene Trainingshosen<\/li>\n<li>Ideal f\u00fcr Outdoor-Aktivit\u00e4ten<\/li>\n<\/ul>\n","protected":false},"featured_media":382184,"template":"","meta":{"_acf_changed":false,"inline_featured_image":false},"product_brand":[],"product_cat":[6515,6540,6509],"product_tag":[20482,20497],"class_list":{"0":"post-382134","1":"product","2":"type-product","3":"status-publish","4":"has-post-thumbnail","6":"product_cat-herren-de","7":"product_cat-herrenbekleidung","8":"product_cat-lange-hosen","9":"product_tag-under-armour-de","10":"product_tag-under-armour-herren","11":"pa_attivita-fitness-de","12":"pa_attivita-gehen","13":"pa_attivita-lifestyle-de","14":"pa_attivita-running-de","15":"pa_colore-launch-pro-tights-black-de","16":"pa_marca-under-armour-de","17":"pa_sesso-herren","18":"pa_size-small-de","19":"pa_size-medium-de","20":"pa_size-large-de","22":"first","23":"instock","24":"sale","25":"taxable","26":"shipping-taxable","27":"purchasable","28":"product-type-variable","29":"wvs-archive-product-wrapper"},"acf":[],"yoast_head":"<!-- This site is optimized with the Yoast SEO plugin v26.8 - https:\/\/yoast.com\/product\/yoast-seo-wordpress\/ -->\n<title>Under Armour Launch Pro Pants herren - LaufhosenMioMioRun<\/title>\n<meta name=\"description\" content=\"Launch Pro Pants f\u00fcr Herren \u2013 Sie werden nicht mehr darauf verzichten wollen. Die Tasche l\u00e4sst sich erweitern, sodass auch ein \u00fcberdurchschnittlich gro\u00dfes Mobiltelefon sicher verstaut werden kann, ohne herumzuspringen.\" \/>\n<meta name=\"robots\" content=\"index, follow, max-snippet:-1, max-image-preview:large, max-video-preview:-1\" \/>\n<link rel=\"canonical\" href=\"https:\/\/www.miomiorun.com\/de\/produkt\/launch-pro-pants-herren\/\" \/>\n<meta property=\"og:locale\" content=\"de_DE\" \/>\n<meta property=\"og:type\" content=\"article\" \/>\n<meta property=\"og:title\" content=\"Under Armour Launch Pro Pants herren - LaufhosenMioMioRun\" \/>\n<meta property=\"og:description\" content=\"Launch Pro Pants f\u00fcr Herren \u2013 Sie werden nicht mehr darauf verzichten wollen. Die Tasche l\u00e4sst sich erweitern, sodass auch ein \u00fcberdurchschnittlich gro\u00dfes Mobiltelefon sicher verstaut werden kann, ohne herumzuspringen.\" \/>\n<meta property=\"og:url\" content=\"https:\/\/www.miomiorun.com\/de\/produkt\/launch-pro-pants-herren\/\" \/>\n<meta property=\"og:site_name\" content=\"MioMioRun\" \/>\n<meta property=\"article:publisher\" content=\"https:\/\/www.facebook.com\/miomiorun\/\" \/>\n<meta property=\"article:modified_time\" content=\"2026-04-16T16:52:23+00:00\" \/>\n<meta property=\"og:image\" content=\"https:\/\/www.miomiorun.com\/app\/uploads\/2025\/12\/under-armour-Launch-elite-ankle-tight-W-black-1383367-0001.webp\" \/>\n\t<meta property=\"og:image:width\" content=\"720\" \/>\n\t<meta property=\"og:image:height\" content=\"720\" \/>\n\t<meta property=\"og:image:type\" content=\"image\/webp\" \/>\n<meta name=\"twitter:card\" content=\"summary_large_image\" \/>\n<meta name=\"twitter:label1\" content=\"Est. reading time\" \/>\n\t<meta name=\"twitter:data1\" content=\"1 minute\" \/>\n<script type=\"application\/ld+json\" class=\"yoast-schema-graph\">{\"@context\":\"https:\/\/schema.org\",\"@graph\":[{\"@type\":\"WebPage\",\"@id\":\"https:\/\/www.miomiorun.com\/de\/produkt\/launch-pro-pants-herren\/\",\"url\":\"https:\/\/www.miomiorun.com\/de\/produkt\/launch-pro-pants-herren\/\",\"name\":\"Under Armour Launch Pro Pants herren - LaufhosenMioMioRun\",\"isPartOf\":{\"@id\":\"https:\/\/www.miomiorun.com\/de\/#website\"},\"primaryImageOfPage\":{\"@id\":\"https:\/\/www.miomiorun.com\/de\/produkt\/launch-pro-pants-herren\/#primaryimage\"},\"image\":{\"@id\":\"https:\/\/www.miomiorun.com\/de\/produkt\/launch-pro-pants-herren\/#primaryimage\"},\"thumbnailUrl\":\"https:\/\/www.miomiorun.com\/app\/uploads\/2025\/12\/under-armour-Launch-elite-ankle-tight-W-black-1383367-0001.webp\",\"datePublished\":\"2025-12-18T15:31:19+00:00\",\"dateModified\":\"2026-04-16T16:52:23+00:00\",\"description\":\"Launch Pro Pants f\u00fcr Herren \u2013 Sie werden nicht mehr darauf verzichten wollen. Die Tasche l\u00e4sst sich erweitern, sodass auch ein \u00fcberdurchschnittlich gro\u00dfes Mobiltelefon sicher verstaut werden kann, ohne herumzuspringen.\",\"breadcrumb\":{\"@id\":\"https:\/\/www.miomiorun.com\/de\/produkt\/launch-pro-pants-herren\/#breadcrumb\"},\"inLanguage\":\"de-DE\",\"potentialAction\":[{\"@type\":\"ReadAction\",\"target\":[\"https:\/\/www.miomiorun.com\/de\/produkt\/launch-pro-pants-herren\/\"]}]},{\"@type\":\"ImageObject\",\"inLanguage\":\"de-DE\",\"@id\":\"https:\/\/www.miomiorun.com\/de\/produkt\/launch-pro-pants-herren\/#primaryimage\",\"url\":\"https:\/\/www.miomiorun.com\/app\/uploads\/2025\/12\/under-armour-Launch-elite-ankle-tight-W-black-1383367-0001.webp\",\"contentUrl\":\"https:\/\/www.miomiorun.com\/app\/uploads\/2025\/12\/under-armour-Launch-elite-ankle-tight-W-black-1383367-0001.webp\",\"width\":720,\"height\":720,\"caption\":\"under armour Launch elite ankle tight W black 1383367-0001\"},{\"@type\":\"BreadcrumbList\",\"@id\":\"https:\/\/www.miomiorun.com\/de\/produkt\/launch-pro-pants-herren\/#breadcrumb\",\"itemListElement\":[{\"@type\":\"ListItem\",\"position\":1,\"name\":\"Home\",\"item\":\"https:\/\/www.miomiorun.com\/de\/\"},{\"@type\":\"ListItem\",\"position\":2,\"name\":\"Shop\",\"item\":\"https:\/\/www.miomiorun.com\/shop\/\"},{\"@type\":\"ListItem\",\"position\":3,\"name\":\"Launch Pro Pants herren\"}]},{\"@type\":\"WebSite\",\"@id\":\"https:\/\/www.miomiorun.com\/de\/#website\",\"url\":\"https:\/\/www.miomiorun.com\/de\/\",\"name\":\"MioMioRun\",\"description\":\"100% Lauf- und Trailshop\",\"publisher\":{\"@id\":\"https:\/\/www.miomiorun.com\/de\/#organization\"},\"potentialAction\":[{\"@type\":\"SearchAction\",\"target\":{\"@type\":\"EntryPoint\",\"urlTemplate\":\"https:\/\/www.miomiorun.com\/de\/?s={search_term_string}\"},\"query-input\":{\"@type\":\"PropertyValueSpecification\",\"valueRequired\":true,\"valueName\":\"search_term_string\"}}],\"inLanguage\":\"de-DE\"},{\"@type\":\"Organization\",\"@id\":\"https:\/\/www.miomiorun.com\/de\/#organization\",\"name\":\"MioMio Run\",\"url\":\"https:\/\/www.miomiorun.com\/de\/\",\"logo\":{\"@type\":\"ImageObject\",\"inLanguage\":\"de-DE\",\"@id\":\"https:\/\/www.miomiorun.com\/de\/#\/schema\/logo\/image\/\",\"url\":\"https:\/\/www.miomiorun.com\/app\/uploads\/2019\/12\/logomio.png\",\"contentUrl\":\"https:\/\/www.miomiorun.com\/app\/uploads\/2019\/12\/logomio.png\",\"width\":115,\"height\":82,\"caption\":\"MioMio Run\"},\"image\":{\"@id\":\"https:\/\/www.miomiorun.com\/de\/#\/schema\/logo\/image\/\"},\"sameAs\":[\"https:\/\/www.facebook.com\/miomiorun\/\",\"https:\/\/www.instagram.com\/miomiorun\/\"]}]}<\/script>\n<!-- \/ Yoast SEO plugin. -->","yoast_head_json":{"title":"Under Armour Launch Pro Pants herren - LaufhosenMioMioRun","description":"Launch Pro Pants f\u00fcr Herren \u2013 Sie werden nicht mehr darauf verzichten wollen. Die Tasche l\u00e4sst sich erweitern, sodass auch ein \u00fcberdurchschnittlich gro\u00dfes Mobiltelefon sicher verstaut werden kann, ohne herumzuspringen.","robots":{"index":"index","follow":"follow","max-snippet":"max-snippet:-1","max-image-preview":"max-image-preview:large","max-video-preview":"max-video-preview:-1"},"canonical":"https:\/\/www.miomiorun.com\/de\/produkt\/launch-pro-pants-herren\/","og_locale":"de_DE","og_type":"article","og_title":"Under Armour Launch Pro Pants herren - LaufhosenMioMioRun","og_description":"Launch Pro Pants f\u00fcr Herren \u2013 Sie werden nicht mehr darauf verzichten wollen. Die Tasche l\u00e4sst sich erweitern, sodass auch ein \u00fcberdurchschnittlich gro\u00dfes Mobiltelefon sicher verstaut werden kann, ohne herumzuspringen.","og_url":"https:\/\/www.miomiorun.com\/de\/produkt\/launch-pro-pants-herren\/","og_site_name":"MioMioRun","article_publisher":"https:\/\/www.facebook.com\/miomiorun\/","article_modified_time":"2026-04-16T16:52:23+00:00","og_image":[{"width":720,"height":720,"url":"https:\/\/www.miomiorun.com\/app\/uploads\/2025\/12\/under-armour-Launch-elite-ankle-tight-W-black-1383367-0001.webp","type":"image\/webp"}],"twitter_card":"summary_large_image","twitter_misc":{"Est. reading time":"1 minute"},"schema":{"@context":"https:\/\/schema.org","@graph":[{"@type":"WebPage","@id":"https:\/\/www.miomiorun.com\/de\/produkt\/launch-pro-pants-herren\/","url":"https:\/\/www.miomiorun.com\/de\/produkt\/launch-pro-pants-herren\/","name":"Under Armour Launch Pro Pants herren - LaufhosenMioMioRun","isPartOf":{"@id":"https:\/\/www.miomiorun.com\/de\/#website"},"primaryImageOfPage":{"@id":"https:\/\/www.miomiorun.com\/de\/produkt\/launch-pro-pants-herren\/#primaryimage"},"image":{"@id":"https:\/\/www.miomiorun.com\/de\/produkt\/launch-pro-pants-herren\/#primaryimage"},"thumbnailUrl":"https:\/\/www.miomiorun.com\/app\/uploads\/2025\/12\/under-armour-Launch-elite-ankle-tight-W-black-1383367-0001.webp","datePublished":"2025-12-18T15:31:19+00:00","dateModified":"2026-04-16T16:52:23+00:00","description":"Launch Pro Pants f\u00fcr Herren \u2013 Sie werden nicht mehr darauf verzichten wollen. Die Tasche l\u00e4sst sich erweitern, sodass auch ein \u00fcberdurchschnittlich gro\u00dfes Mobiltelefon sicher verstaut werden kann, ohne herumzuspringen.","breadcrumb":{"@id":"https:\/\/www.miomiorun.com\/de\/produkt\/launch-pro-pants-herren\/#breadcrumb"},"inLanguage":"de-DE","potentialAction":[{"@type":"ReadAction","target":["https:\/\/www.miomiorun.com\/de\/produkt\/launch-pro-pants-herren\/"]}]},{"@type":"ImageObject","inLanguage":"de-DE","@id":"https:\/\/www.miomiorun.com\/de\/produkt\/launch-pro-pants-herren\/#primaryimage","url":"https:\/\/www.miomiorun.com\/app\/uploads\/2025\/12\/under-armour-Launch-elite-ankle-tight-W-black-1383367-0001.webp","contentUrl":"https:\/\/www.miomiorun.com\/app\/uploads\/2025\/12\/under-armour-Launch-elite-ankle-tight-W-black-1383367-0001.webp","width":720,"height":720,"caption":"under armour Launch elite ankle tight W black 1383367-0001"},{"@type":"BreadcrumbList","@id":"https:\/\/www.miomiorun.com\/de\/produkt\/launch-pro-pants-herren\/#breadcrumb","itemListElement":[{"@type":"ListItem","position":1,"name":"Home","item":"https:\/\/www.miomiorun.com\/de\/"},{"@type":"ListItem","position":2,"name":"Shop","item":"https:\/\/www.miomiorun.com\/shop\/"},{"@type":"ListItem","position":3,"name":"Launch Pro Pants herren"}]},{"@type":"WebSite","@id":"https:\/\/www.miomiorun.com\/de\/#website","url":"https:\/\/www.miomiorun.com\/de\/","name":"MioMioRun","description":"100% Lauf- und Trailshop","publisher":{"@id":"https:\/\/www.miomiorun.com\/de\/#organization"},"potentialAction":[{"@type":"SearchAction","target":{"@type":"EntryPoint","urlTemplate":"https:\/\/www.miomiorun.com\/de\/?s={search_term_string}"},"query-input":{"@type":"PropertyValueSpecification","valueRequired":true,"valueName":"search_term_string"}}],"inLanguage":"de-DE"},{"@type":"Organization","@id":"https:\/\/www.miomiorun.com\/de\/#organization","name":"MioMio Run","url":"https:\/\/www.miomiorun.com\/de\/","logo":{"@type":"ImageObject","inLanguage":"de-DE","@id":"https:\/\/www.miomiorun.com\/de\/#\/schema\/logo\/image\/","url":"https:\/\/www.miomiorun.com\/app\/uploads\/2019\/12\/logomio.png","contentUrl":"https:\/\/www.miomiorun.com\/app\/uploads\/2019\/12\/logomio.png","width":115,"height":82,"caption":"MioMio Run"},"image":{"@id":"https:\/\/www.miomiorun.com\/de\/#\/schema\/logo\/image\/"},"sameAs":["https:\/\/www.facebook.com\/miomiorun\/","https:\/\/www.instagram.com\/miomiorun\/"]}]}},"_links":{"self":[{"href":"https:\/\/www.miomiorun.com\/de\/wp-json\/wp\/v2\/product\/382134","targetHints":{"allow":["GET"]}}],"collection":[{"href":"https:\/\/www.miomiorun.com\/de\/wp-json\/wp\/v2\/product"}],"about":[{"href":"https:\/\/www.miomiorun.com\/de\/wp-json\/wp\/v2\/types\/product"}],"wp:featuredmedia":[{"embeddable":true,"href":"https:\/\/www.miomiorun.com\/de\/wp-json\/wp\/v2\/media\/382184"}],"wp:attachment":[{"href":"https:\/\/www.miomiorun.com\/de\/wp-json\/wp\/v2\/media?parent=382134"}],"wp:term":[{"taxonomy":"product_brand","embeddable":true,"href":"https:\/\/www.miomiorun.com\/de\/wp-json\/wp\/v2\/product_brand?post=382134"},{"taxonomy":"product_cat","embeddable":true,"href":"https:\/\/www.miomiorun.com\/de\/wp-json\/wp\/v2\/product_cat?post=382134"},{"taxonomy":"product_tag","embeddable":true,"href":"https:\/\/www.miomiorun.com\/de\/wp-json\/wp\/v2\/product_tag?post=382134"}],"curies":[{"name":"wp","href":"https:\/\/api.w.org\/{rel}","templated":true}]}}