{"id":381404,"date":"2025-12-15T18:53:44","date_gmt":"2025-12-15T17:53:44","guid":{"rendered":"https:\/\/www.miomiorun.com\/?post_type=product&#038;p=381404"},"modified":"2026-04-16T18:52:40","modified_gmt":"2026-04-16T16:52:40","slug":"essentials-3-stripes-fleece-loose-pants-damen","status":"publish","type":"product","link":"https:\/\/www.miomiorun.com\/de\/produkt\/essentials-3-stripes-fleece-loose-pants-damen\/","title":{"rendered":"Essentials 3-Stripes fleece loose pants damen"},"content":{"rendered":"<p data-start=\"143\" data-end=\"518\">Die <strong data-start=\"145\" data-end=\"161\">\u00a0Essentials 3-Stripes Fleece Loose Pants<\/strong> sind eine Sport-Hose, die Komfort, Funktionalit\u00e4t und eine ideale Passform f\u00fcr Sport und Freizeit bietet. Sie bestehen aus einem <strong data-start=\"321\" data-end=\"338\">weichen Fleece<\/strong> aus <strong data-start=\"351\" data-end=\"393\">Baumwolle, recyceltem Polyester und Viskose<\/strong> und garantieren ein angenehmes Tragegef\u00fchl auf der Haut und gute Atmungsaktivit\u00e4t im Alltag oder beim Training.<\/p>\n<p data-start=\"520\" data-end=\"886\">Der elastische Bund mit Kordelzug erm\u00f6glicht eine individuelle Anpassung und sorgt f\u00fcr Stabilit\u00e4t und Komfort bei jeder Bewegung. Diese Hose wurde gem\u00e4\u00df der adidas-Philosophie entworfen und erm\u00f6glicht es dir, dich ganz auf deine Leistung zu konzentrieren. Dank der Verwendung hochwertiger Materialien passt sie sich ganz nat\u00fcrlich an verschiedene sportliche Aktivit\u00e4ten an.<\/p>\n<p data-start=\"888\" data-end=\"979\">Ein vielseitiges Kleidungsst\u00fcck, ideal f\u00fcr alle, die Funktionalit\u00e4t, Komfort und einen sportlichen, schlichten Stil suchen.<\/p>\n","protected":false},"excerpt":{"rendered":"<ul>\n<li data-start=\"1210\" data-end=\"1267\">Weiches Sweatshirt aus Baumwolle, recyceltem Polyester und Viskose<\/li>\n<li data-start=\"1270\" data-end=\"1332\">Figurbetonte Passform mit elastischem Bund und verstellbarem Kordelzug<\/li>\n<li data-start=\"1335\" data-end=\"1400\">Komfort und Qualit\u00e4t von adidas f\u00fcr Sport und Alltag<\/li>\n<\/ul>\n","protected":false},"featured_media":404073,"template":"","meta":{"_acf_changed":false,"inline_featured_image":false},"product_brand":[],"product_cat":[6401,6487],"product_tag":[3403,6309],"class_list":{"0":"post-381404","1":"product","2":"type-product","3":"status-publish","4":"has-post-thumbnail","6":"product_cat-damenbekleidung","7":"product_cat-damenhosen","8":"product_tag-adidas-de","9":"product_tag-adidas-damen-de","10":"pa_attivita-fitness-de","11":"pa_attivita-lifestyle-de","12":"pa_colore-3-ws-fl-c-pt-grey","13":"pa_marca-adidas-de","14":"pa_sesso-damen","15":"pa_size-extra-small-de","16":"pa_size-small-de","17":"pa_size-medium-de","19":"first","20":"instock","21":"sale","22":"taxable","23":"shipping-taxable","24":"purchasable","25":"product-type-variable","26":"wvs-archive-product-wrapper"},"acf":[],"yoast_head":"<!-- This site is optimized with the Yoast SEO plugin v26.8 - https:\/\/yoast.com\/product\/yoast-seo-wordpress\/ -->\n<title>Adidas Essentials 3-Stripes fleece loose pants damen - MioMioRun<\/title>\n<meta name=\"description\" content=\"Essentials 3-Stripes Fleece Loose Pants von adidas: Sportliche Sweatpants mit enger Passform, elastischem Bund mit Kordelzug und hohem Tragekomfort.\" \/>\n<meta name=\"robots\" content=\"index, follow, max-snippet:-1, max-image-preview:large, max-video-preview:-1\" \/>\n<link rel=\"canonical\" href=\"https:\/\/www.miomiorun.com\/de\/produkt\/essentials-3-stripes-fleece-loose-pants-damen\/\" \/>\n<meta property=\"og:locale\" content=\"de_DE\" \/>\n<meta property=\"og:type\" content=\"article\" \/>\n<meta property=\"og:title\" content=\"Adidas Essentials 3-Stripes fleece loose pants damen - MioMioRun\" \/>\n<meta property=\"og:description\" content=\"Essentials 3-Stripes Fleece Loose Pants von adidas: Sportliche Sweatpants mit enger Passform, elastischem Bund mit Kordelzug und hohem Tragekomfort.\" \/>\n<meta property=\"og:url\" content=\"https:\/\/www.miomiorun.com\/de\/produkt\/essentials-3-stripes-fleece-loose-pants-damen\/\" \/>\n<meta property=\"og:site_name\" content=\"MioMioRun\" \/>\n<meta property=\"article:publisher\" content=\"https:\/\/www.facebook.com\/miomiorun\/\" \/>\n<meta property=\"article:modified_time\" content=\"2026-04-16T16:52:40+00:00\" \/>\n<meta property=\"og:image\" content=\"https:\/\/www.miomiorun.com\/app\/uploads\/2026\/02\/adidas-3-WS-FL-C-PT-grey-IN6178.webp\" \/>\n\t<meta property=\"og:image:width\" content=\"720\" \/>\n\t<meta property=\"og:image:height\" content=\"720\" \/>\n\t<meta property=\"og:image:type\" content=\"image\/webp\" \/>\n<meta name=\"twitter:card\" content=\"summary_large_image\" \/>\n<meta name=\"twitter:label1\" content=\"Est. reading time\" \/>\n\t<meta name=\"twitter:data1\" content=\"1 minute\" \/>\n<script type=\"application\/ld+json\" class=\"yoast-schema-graph\">{\"@context\":\"https:\/\/schema.org\",\"@graph\":[{\"@type\":\"WebPage\",\"@id\":\"https:\/\/www.miomiorun.com\/de\/produkt\/essentials-3-stripes-fleece-loose-pants-damen\/\",\"url\":\"https:\/\/www.miomiorun.com\/de\/produkt\/essentials-3-stripes-fleece-loose-pants-damen\/\",\"name\":\"Adidas Essentials 3-Stripes fleece loose pants damen - MioMioRun\",\"isPartOf\":{\"@id\":\"https:\/\/www.miomiorun.com\/de\/#website\"},\"primaryImageOfPage\":{\"@id\":\"https:\/\/www.miomiorun.com\/de\/produkt\/essentials-3-stripes-fleece-loose-pants-damen\/#primaryimage\"},\"image\":{\"@id\":\"https:\/\/www.miomiorun.com\/de\/produkt\/essentials-3-stripes-fleece-loose-pants-damen\/#primaryimage\"},\"thumbnailUrl\":\"https:\/\/www.miomiorun.com\/app\/uploads\/2026\/02\/adidas-3-WS-FL-C-PT-grey-IN6178.webp\",\"datePublished\":\"2025-12-15T17:53:44+00:00\",\"dateModified\":\"2026-04-16T16:52:40+00:00\",\"description\":\"Essentials 3-Stripes Fleece Loose Pants von adidas: Sportliche Sweatpants mit enger Passform, elastischem Bund mit Kordelzug und hohem Tragekomfort.\",\"breadcrumb\":{\"@id\":\"https:\/\/www.miomiorun.com\/de\/produkt\/essentials-3-stripes-fleece-loose-pants-damen\/#breadcrumb\"},\"inLanguage\":\"de-DE\",\"potentialAction\":[{\"@type\":\"ReadAction\",\"target\":[\"https:\/\/www.miomiorun.com\/de\/produkt\/essentials-3-stripes-fleece-loose-pants-damen\/\"]}]},{\"@type\":\"ImageObject\",\"inLanguage\":\"de-DE\",\"@id\":\"https:\/\/www.miomiorun.com\/de\/produkt\/essentials-3-stripes-fleece-loose-pants-damen\/#primaryimage\",\"url\":\"https:\/\/www.miomiorun.com\/app\/uploads\/2026\/02\/adidas-3-WS-FL-C-PT-grey-IN6178.webp\",\"contentUrl\":\"https:\/\/www.miomiorun.com\/app\/uploads\/2026\/02\/adidas-3-WS-FL-C-PT-grey-IN6178.webp\",\"width\":720,\"height\":720,\"caption\":\"adidas 3 WS FL C PT grey IN6178\"},{\"@type\":\"BreadcrumbList\",\"@id\":\"https:\/\/www.miomiorun.com\/de\/produkt\/essentials-3-stripes-fleece-loose-pants-damen\/#breadcrumb\",\"itemListElement\":[{\"@type\":\"ListItem\",\"position\":1,\"name\":\"Home\",\"item\":\"https:\/\/www.miomiorun.com\/de\/\"},{\"@type\":\"ListItem\",\"position\":2,\"name\":\"Shop\",\"item\":\"https:\/\/www.miomiorun.com\/shop\/\"},{\"@type\":\"ListItem\",\"position\":3,\"name\":\"Essentials 3-Stripes fleece loose pants damen\"}]},{\"@type\":\"WebSite\",\"@id\":\"https:\/\/www.miomiorun.com\/de\/#website\",\"url\":\"https:\/\/www.miomiorun.com\/de\/\",\"name\":\"MioMioRun\",\"description\":\"100% Lauf- und Trailshop\",\"publisher\":{\"@id\":\"https:\/\/www.miomiorun.com\/de\/#organization\"},\"potentialAction\":[{\"@type\":\"SearchAction\",\"target\":{\"@type\":\"EntryPoint\",\"urlTemplate\":\"https:\/\/www.miomiorun.com\/de\/?s={search_term_string}\"},\"query-input\":{\"@type\":\"PropertyValueSpecification\",\"valueRequired\":true,\"valueName\":\"search_term_string\"}}],\"inLanguage\":\"de-DE\"},{\"@type\":\"Organization\",\"@id\":\"https:\/\/www.miomiorun.com\/de\/#organization\",\"name\":\"MioMio Run\",\"url\":\"https:\/\/www.miomiorun.com\/de\/\",\"logo\":{\"@type\":\"ImageObject\",\"inLanguage\":\"de-DE\",\"@id\":\"https:\/\/www.miomiorun.com\/de\/#\/schema\/logo\/image\/\",\"url\":\"https:\/\/www.miomiorun.com\/app\/uploads\/2019\/12\/logomio.png\",\"contentUrl\":\"https:\/\/www.miomiorun.com\/app\/uploads\/2019\/12\/logomio.png\",\"width\":115,\"height\":82,\"caption\":\"MioMio Run\"},\"image\":{\"@id\":\"https:\/\/www.miomiorun.com\/de\/#\/schema\/logo\/image\/\"},\"sameAs\":[\"https:\/\/www.facebook.com\/miomiorun\/\",\"https:\/\/www.instagram.com\/miomiorun\/\"]}]}<\/script>\n<!-- \/ Yoast SEO plugin. -->","yoast_head_json":{"title":"Adidas Essentials 3-Stripes fleece loose pants damen - MioMioRun","description":"Essentials 3-Stripes Fleece Loose Pants von adidas: Sportliche Sweatpants mit enger Passform, elastischem Bund mit Kordelzug und hohem Tragekomfort.","robots":{"index":"index","follow":"follow","max-snippet":"max-snippet:-1","max-image-preview":"max-image-preview:large","max-video-preview":"max-video-preview:-1"},"canonical":"https:\/\/www.miomiorun.com\/de\/produkt\/essentials-3-stripes-fleece-loose-pants-damen\/","og_locale":"de_DE","og_type":"article","og_title":"Adidas Essentials 3-Stripes fleece loose pants damen - MioMioRun","og_description":"Essentials 3-Stripes Fleece Loose Pants von adidas: Sportliche Sweatpants mit enger Passform, elastischem Bund mit Kordelzug und hohem Tragekomfort.","og_url":"https:\/\/www.miomiorun.com\/de\/produkt\/essentials-3-stripes-fleece-loose-pants-damen\/","og_site_name":"MioMioRun","article_publisher":"https:\/\/www.facebook.com\/miomiorun\/","article_modified_time":"2026-04-16T16:52:40+00:00","og_image":[{"width":720,"height":720,"url":"https:\/\/www.miomiorun.com\/app\/uploads\/2026\/02\/adidas-3-WS-FL-C-PT-grey-IN6178.webp","type":"image\/webp"}],"twitter_card":"summary_large_image","twitter_misc":{"Est. reading time":"1 minute"},"schema":{"@context":"https:\/\/schema.org","@graph":[{"@type":"WebPage","@id":"https:\/\/www.miomiorun.com\/de\/produkt\/essentials-3-stripes-fleece-loose-pants-damen\/","url":"https:\/\/www.miomiorun.com\/de\/produkt\/essentials-3-stripes-fleece-loose-pants-damen\/","name":"Adidas Essentials 3-Stripes fleece loose pants damen - MioMioRun","isPartOf":{"@id":"https:\/\/www.miomiorun.com\/de\/#website"},"primaryImageOfPage":{"@id":"https:\/\/www.miomiorun.com\/de\/produkt\/essentials-3-stripes-fleece-loose-pants-damen\/#primaryimage"},"image":{"@id":"https:\/\/www.miomiorun.com\/de\/produkt\/essentials-3-stripes-fleece-loose-pants-damen\/#primaryimage"},"thumbnailUrl":"https:\/\/www.miomiorun.com\/app\/uploads\/2026\/02\/adidas-3-WS-FL-C-PT-grey-IN6178.webp","datePublished":"2025-12-15T17:53:44+00:00","dateModified":"2026-04-16T16:52:40+00:00","description":"Essentials 3-Stripes Fleece Loose Pants von adidas: Sportliche Sweatpants mit enger Passform, elastischem Bund mit Kordelzug und hohem Tragekomfort.","breadcrumb":{"@id":"https:\/\/www.miomiorun.com\/de\/produkt\/essentials-3-stripes-fleece-loose-pants-damen\/#breadcrumb"},"inLanguage":"de-DE","potentialAction":[{"@type":"ReadAction","target":["https:\/\/www.miomiorun.com\/de\/produkt\/essentials-3-stripes-fleece-loose-pants-damen\/"]}]},{"@type":"ImageObject","inLanguage":"de-DE","@id":"https:\/\/www.miomiorun.com\/de\/produkt\/essentials-3-stripes-fleece-loose-pants-damen\/#primaryimage","url":"https:\/\/www.miomiorun.com\/app\/uploads\/2026\/02\/adidas-3-WS-FL-C-PT-grey-IN6178.webp","contentUrl":"https:\/\/www.miomiorun.com\/app\/uploads\/2026\/02\/adidas-3-WS-FL-C-PT-grey-IN6178.webp","width":720,"height":720,"caption":"adidas 3 WS FL C PT grey IN6178"},{"@type":"BreadcrumbList","@id":"https:\/\/www.miomiorun.com\/de\/produkt\/essentials-3-stripes-fleece-loose-pants-damen\/#breadcrumb","itemListElement":[{"@type":"ListItem","position":1,"name":"Home","item":"https:\/\/www.miomiorun.com\/de\/"},{"@type":"ListItem","position":2,"name":"Shop","item":"https:\/\/www.miomiorun.com\/shop\/"},{"@type":"ListItem","position":3,"name":"Essentials 3-Stripes fleece loose pants damen"}]},{"@type":"WebSite","@id":"https:\/\/www.miomiorun.com\/de\/#website","url":"https:\/\/www.miomiorun.com\/de\/","name":"MioMioRun","description":"100% Lauf- und Trailshop","publisher":{"@id":"https:\/\/www.miomiorun.com\/de\/#organization"},"potentialAction":[{"@type":"SearchAction","target":{"@type":"EntryPoint","urlTemplate":"https:\/\/www.miomiorun.com\/de\/?s={search_term_string}"},"query-input":{"@type":"PropertyValueSpecification","valueRequired":true,"valueName":"search_term_string"}}],"inLanguage":"de-DE"},{"@type":"Organization","@id":"https:\/\/www.miomiorun.com\/de\/#organization","name":"MioMio Run","url":"https:\/\/www.miomiorun.com\/de\/","logo":{"@type":"ImageObject","inLanguage":"de-DE","@id":"https:\/\/www.miomiorun.com\/de\/#\/schema\/logo\/image\/","url":"https:\/\/www.miomiorun.com\/app\/uploads\/2019\/12\/logomio.png","contentUrl":"https:\/\/www.miomiorun.com\/app\/uploads\/2019\/12\/logomio.png","width":115,"height":82,"caption":"MioMio Run"},"image":{"@id":"https:\/\/www.miomiorun.com\/de\/#\/schema\/logo\/image\/"},"sameAs":["https:\/\/www.facebook.com\/miomiorun\/","https:\/\/www.instagram.com\/miomiorun\/"]}]}},"_links":{"self":[{"href":"https:\/\/www.miomiorun.com\/de\/wp-json\/wp\/v2\/product\/381404","targetHints":{"allow":["GET"]}}],"collection":[{"href":"https:\/\/www.miomiorun.com\/de\/wp-json\/wp\/v2\/product"}],"about":[{"href":"https:\/\/www.miomiorun.com\/de\/wp-json\/wp\/v2\/types\/product"}],"wp:featuredmedia":[{"embeddable":true,"href":"https:\/\/www.miomiorun.com\/de\/wp-json\/wp\/v2\/media\/404073"}],"wp:attachment":[{"href":"https:\/\/www.miomiorun.com\/de\/wp-json\/wp\/v2\/media?parent=381404"}],"wp:term":[{"taxonomy":"product_brand","embeddable":true,"href":"https:\/\/www.miomiorun.com\/de\/wp-json\/wp\/v2\/product_brand?post=381404"},{"taxonomy":"product_cat","embeddable":true,"href":"https:\/\/www.miomiorun.com\/de\/wp-json\/wp\/v2\/product_cat?post=381404"},{"taxonomy":"product_tag","embeddable":true,"href":"https:\/\/www.miomiorun.com\/de\/wp-json\/wp\/v2\/product_tag?post=381404"}],"curies":[{"name":"wp","href":"https:\/\/api.w.org\/{rel}","templated":true}]}}