{"id":380932,"date":"2025-12-13T12:33:41","date_gmt":"2025-12-13T11:33:41","guid":{"rendered":"https:\/\/www.miomiorun.com\/?post_type=product&#038;p=380932"},"modified":"2026-04-16T19:00:20","modified_gmt":"2026-04-16T17:00:20","slug":"openswim","status":"publish","type":"product","link":"https:\/\/www.miomiorun.com\/de\/produkt\/openswim\/","title":{"rendered":"OpenSwim"},"content":{"rendered":"<p>&nbsp;<\/p>\n<p data-start=\"139\" data-end=\"442\">Die <strong data-start=\"143\" data-end=\"155\">OpenSwim<\/strong> sind f\u00fcr alle gedacht, die auch im Wasser ohne Einschr\u00e4nkungen trainieren m\u00f6chten. Dank der <strong data-start=\"238\" data-end=\"289\">Knochenleitungstechnologie der 7. Generation<\/strong> bieten sie einen klaren und gleichm\u00e4\u00dfigen Klang bei jedem Schwimmzug und jeder Wende, sodass Sie sich ganz auf Ihr Training konzentrieren k\u00f6nnen, ohne auf Musik verzichten zu m\u00fcssen.<\/p>\n<p data-start=\"444\" data-end=\"824\">Das <strong data-start=\"447\" data-end=\"466\">Open-Ear-Design<\/strong> ohne Ohrst\u00f6psel garantiert nat\u00fcrlichen und lang anhaltenden Tragekomfort, ideal sowohl im Wasser als auch an Land. Die Struktur aus <strong data-start=\"592\" data-end=\"614\">flexiblem Titan<\/strong> sorgt f\u00fcr einen <strong data-start=\"628\" data-end=\"660\">stabilen und sicheren Sitz<\/strong>, der mit Schwimmkappen, Schwimmbrillen und Ohrst\u00f6pseln kompatibel ist und die OpenSwim auch bei intensivem Training perfekt in Position h\u00e4lt.<\/p>\n<p data-start=\"826\" data-end=\"1287\">Mit einer <strong data-start=\"830\" data-end=\"853\">Wasserdichtigkeit gem\u00e4\u00df IP68<\/strong> sind die OpenSwim-Kopfh\u00f6rer f\u00fcr vollst\u00e4ndiges Eintauchen bis zu 2 Metern ausgelegt und eignen sich somit ideal zum Schwimmen, Laufen, Radfahren und f\u00fcr hochintensives Training. Ausgestattet mit <strong data-start=\"1018\" data-end=\"1045\">4 GB internem Speicher<\/strong> k\u00f6nnen bis zu <strong data-start=\"1078\" data-end=\"1092\">1200 Titel<\/strong> ohne Bluetooth wiedergegeben werden, mit einer Akkulaufzeit von <strong data-start=\"1141\" data-end=\"1157\">bis zu 8 Stunden<\/strong> bei kontinuierlicher Wiedergabe. Eine Komplettl\u00f6sung f\u00fcr alle, die Bewegungsfreiheit, Widerstandsf\u00e4higkeit und Audioqualit\u00e4t auch unter Wasser suchen.<\/p>\n<p><\/p>\n","protected":false},"excerpt":{"rendered":"<ul>\n<li data-start=\"1511\" data-end=\"1594\">Knochenleitungstechnologie der 7. Generation mit klarem Klang auch unter Wasser<\/li>\n<li data-start=\"1597\" data-end=\"1672\">Stabiles Open-Ear-Design aus Titan, kompatibel mit Kopfh\u00f6rern und Schwimmbrillen<\/li>\n<li data-start=\"1675\" data-end=\"1751\">Wasserdicht gem\u00e4\u00df IP68, 4 GB interner Speicher und bis zu 8 Stunden Wiedergabezeit<\/li>\n<\/ul>\n","protected":false},"featured_media":391436,"template":"","meta":{"_acf_changed":false,"inline_featured_image":false},"product_brand":[],"product_cat":[6342,6345],"product_tag":[3358],"class_list":{"0":"post-380932","1":"product","2":"type-product","3":"status-publish","4":"has-post-thumbnail","6":"product_cat-zubehoer","7":"product_cat-kopfhoerer-zubehoer-2-de","8":"product_tag-shokz-de","9":"pa_attivita-fitness-de","10":"pa_attivita-gehen","11":"pa_attivita-lifestyle-de","12":"pa_attivita-outdoor-de","13":"pa_attivita-running-de","14":"pa_attivita-trail-de","15":"pa_marca-shokz-de","16":"pa_sesso-damen","17":"pa_sesso-herren","19":"first","20":"outofstock","21":"sale","22":"taxable","23":"shipping-taxable","24":"purchasable","25":"product-type-simple"},"acf":[],"yoast_head":"<!-- This site is optimized with the Yoast SEO plugin v26.8 - https:\/\/yoast.com\/product\/yoast-seo-wordpress\/ -->\n<title>Shokz OpenSwim - MP3-Datei MioMioRun<\/title>\n<meta name=\"description\" content=\"Wasserdichte Knochenleitungskopfh\u00f6rer IP68 mit 4 GB Speicher, Open-Ear-Design und bis zu 8 Stunden Akkulaufzeit. Ideal zum Schwimmen und f\u00fcr intensives Training.\" \/>\n<meta name=\"robots\" content=\"index, follow, max-snippet:-1, max-image-preview:large, max-video-preview:-1\" \/>\n<link rel=\"canonical\" href=\"https:\/\/www.miomiorun.com\/de\/produkt\/openswim\/\" \/>\n<meta property=\"og:locale\" content=\"de_DE\" \/>\n<meta property=\"og:type\" content=\"article\" \/>\n<meta property=\"og:title\" content=\"Shokz OpenSwim - MP3-Datei MioMioRun\" \/>\n<meta property=\"og:description\" content=\"Wasserdichte Knochenleitungskopfh\u00f6rer IP68 mit 4 GB Speicher, Open-Ear-Design und bis zu 8 Stunden Akkulaufzeit. Ideal zum Schwimmen und f\u00fcr intensives Training.\" \/>\n<meta property=\"og:url\" content=\"https:\/\/www.miomiorun.com\/de\/produkt\/openswim\/\" \/>\n<meta property=\"og:site_name\" content=\"MioMioRun\" \/>\n<meta property=\"article:publisher\" content=\"https:\/\/www.facebook.com\/miomiorun\/\" \/>\n<meta property=\"article:modified_time\" content=\"2026-04-16T17:00:20+00:00\" \/>\n<meta property=\"og:image\" content=\"https:\/\/www.miomiorun.com\/app\/uploads\/2025\/12\/shokz-OPENSWIM-BLACK-S700BK.webp\" \/>\n\t<meta property=\"og:image:width\" content=\"720\" \/>\n\t<meta property=\"og:image:height\" content=\"720\" \/>\n\t<meta property=\"og:image:type\" content=\"image\/webp\" \/>\n<meta name=\"twitter:card\" content=\"summary_large_image\" \/>\n<meta name=\"twitter:label1\" content=\"Est. reading time\" \/>\n\t<meta name=\"twitter:data1\" content=\"2 minutes\" \/>\n<script type=\"application\/ld+json\" class=\"yoast-schema-graph\">{\"@context\":\"https:\/\/schema.org\",\"@graph\":[{\"@type\":\"WebPage\",\"@id\":\"https:\/\/www.miomiorun.com\/de\/produkt\/openswim\/\",\"url\":\"https:\/\/www.miomiorun.com\/de\/produkt\/openswim\/\",\"name\":\"Shokz OpenSwim - MP3-Datei MioMioRun\",\"isPartOf\":{\"@id\":\"https:\/\/www.miomiorun.com\/de\/#website\"},\"primaryImageOfPage\":{\"@id\":\"https:\/\/www.miomiorun.com\/de\/produkt\/openswim\/#primaryimage\"},\"image\":{\"@id\":\"https:\/\/www.miomiorun.com\/de\/produkt\/openswim\/#primaryimage\"},\"thumbnailUrl\":\"https:\/\/www.miomiorun.com\/app\/uploads\/2025\/12\/shokz-OPENSWIM-BLACK-S700BK.webp\",\"datePublished\":\"2025-12-13T11:33:41+00:00\",\"dateModified\":\"2026-04-16T17:00:20+00:00\",\"description\":\"Wasserdichte Knochenleitungskopfh\u00f6rer IP68 mit 4 GB Speicher, Open-Ear-Design und bis zu 8 Stunden Akkulaufzeit. Ideal zum Schwimmen und f\u00fcr intensives Training.\",\"breadcrumb\":{\"@id\":\"https:\/\/www.miomiorun.com\/de\/produkt\/openswim\/#breadcrumb\"},\"inLanguage\":\"de-DE\",\"potentialAction\":[{\"@type\":\"ReadAction\",\"target\":[\"https:\/\/www.miomiorun.com\/de\/produkt\/openswim\/\"]}]},{\"@type\":\"ImageObject\",\"inLanguage\":\"de-DE\",\"@id\":\"https:\/\/www.miomiorun.com\/de\/produkt\/openswim\/#primaryimage\",\"url\":\"https:\/\/www.miomiorun.com\/app\/uploads\/2025\/12\/shokz-OPENSWIM-BLACK-S700BK.webp\",\"contentUrl\":\"https:\/\/www.miomiorun.com\/app\/uploads\/2025\/12\/shokz-OPENSWIM-BLACK-S700BK.webp\",\"width\":720,\"height\":720,\"caption\":\"shokz OPENSWIM BLACK S700BK\"},{\"@type\":\"BreadcrumbList\",\"@id\":\"https:\/\/www.miomiorun.com\/de\/produkt\/openswim\/#breadcrumb\",\"itemListElement\":[{\"@type\":\"ListItem\",\"position\":1,\"name\":\"Home\",\"item\":\"https:\/\/www.miomiorun.com\/de\/\"},{\"@type\":\"ListItem\",\"position\":2,\"name\":\"Shop\",\"item\":\"https:\/\/www.miomiorun.com\/shop\/\"},{\"@type\":\"ListItem\",\"position\":3,\"name\":\"OpenSwim\"}]},{\"@type\":\"WebSite\",\"@id\":\"https:\/\/www.miomiorun.com\/de\/#website\",\"url\":\"https:\/\/www.miomiorun.com\/de\/\",\"name\":\"MioMioRun\",\"description\":\"100% Lauf- und Trailshop\",\"publisher\":{\"@id\":\"https:\/\/www.miomiorun.com\/de\/#organization\"},\"potentialAction\":[{\"@type\":\"SearchAction\",\"target\":{\"@type\":\"EntryPoint\",\"urlTemplate\":\"https:\/\/www.miomiorun.com\/de\/?s={search_term_string}\"},\"query-input\":{\"@type\":\"PropertyValueSpecification\",\"valueRequired\":true,\"valueName\":\"search_term_string\"}}],\"inLanguage\":\"de-DE\"},{\"@type\":\"Organization\",\"@id\":\"https:\/\/www.miomiorun.com\/de\/#organization\",\"name\":\"MioMio Run\",\"url\":\"https:\/\/www.miomiorun.com\/de\/\",\"logo\":{\"@type\":\"ImageObject\",\"inLanguage\":\"de-DE\",\"@id\":\"https:\/\/www.miomiorun.com\/de\/#\/schema\/logo\/image\/\",\"url\":\"https:\/\/www.miomiorun.com\/app\/uploads\/2019\/12\/logomio.png\",\"contentUrl\":\"https:\/\/www.miomiorun.com\/app\/uploads\/2019\/12\/logomio.png\",\"width\":115,\"height\":82,\"caption\":\"MioMio Run\"},\"image\":{\"@id\":\"https:\/\/www.miomiorun.com\/de\/#\/schema\/logo\/image\/\"},\"sameAs\":[\"https:\/\/www.facebook.com\/miomiorun\/\",\"https:\/\/www.instagram.com\/miomiorun\/\"]}]}<\/script>\n<!-- \/ Yoast SEO plugin. -->","yoast_head_json":{"title":"Shokz OpenSwim - MP3-Datei MioMioRun","description":"Wasserdichte Knochenleitungskopfh\u00f6rer IP68 mit 4 GB Speicher, Open-Ear-Design und bis zu 8 Stunden Akkulaufzeit. Ideal zum Schwimmen und f\u00fcr intensives Training.","robots":{"index":"index","follow":"follow","max-snippet":"max-snippet:-1","max-image-preview":"max-image-preview:large","max-video-preview":"max-video-preview:-1"},"canonical":"https:\/\/www.miomiorun.com\/de\/produkt\/openswim\/","og_locale":"de_DE","og_type":"article","og_title":"Shokz OpenSwim - MP3-Datei MioMioRun","og_description":"Wasserdichte Knochenleitungskopfh\u00f6rer IP68 mit 4 GB Speicher, Open-Ear-Design und bis zu 8 Stunden Akkulaufzeit. Ideal zum Schwimmen und f\u00fcr intensives Training.","og_url":"https:\/\/www.miomiorun.com\/de\/produkt\/openswim\/","og_site_name":"MioMioRun","article_publisher":"https:\/\/www.facebook.com\/miomiorun\/","article_modified_time":"2026-04-16T17:00:20+00:00","og_image":[{"width":720,"height":720,"url":"https:\/\/www.miomiorun.com\/app\/uploads\/2025\/12\/shokz-OPENSWIM-BLACK-S700BK.webp","type":"image\/webp"}],"twitter_card":"summary_large_image","twitter_misc":{"Est. reading time":"2 minutes"},"schema":{"@context":"https:\/\/schema.org","@graph":[{"@type":"WebPage","@id":"https:\/\/www.miomiorun.com\/de\/produkt\/openswim\/","url":"https:\/\/www.miomiorun.com\/de\/produkt\/openswim\/","name":"Shokz OpenSwim - MP3-Datei MioMioRun","isPartOf":{"@id":"https:\/\/www.miomiorun.com\/de\/#website"},"primaryImageOfPage":{"@id":"https:\/\/www.miomiorun.com\/de\/produkt\/openswim\/#primaryimage"},"image":{"@id":"https:\/\/www.miomiorun.com\/de\/produkt\/openswim\/#primaryimage"},"thumbnailUrl":"https:\/\/www.miomiorun.com\/app\/uploads\/2025\/12\/shokz-OPENSWIM-BLACK-S700BK.webp","datePublished":"2025-12-13T11:33:41+00:00","dateModified":"2026-04-16T17:00:20+00:00","description":"Wasserdichte Knochenleitungskopfh\u00f6rer IP68 mit 4 GB Speicher, Open-Ear-Design und bis zu 8 Stunden Akkulaufzeit. Ideal zum Schwimmen und f\u00fcr intensives Training.","breadcrumb":{"@id":"https:\/\/www.miomiorun.com\/de\/produkt\/openswim\/#breadcrumb"},"inLanguage":"de-DE","potentialAction":[{"@type":"ReadAction","target":["https:\/\/www.miomiorun.com\/de\/produkt\/openswim\/"]}]},{"@type":"ImageObject","inLanguage":"de-DE","@id":"https:\/\/www.miomiorun.com\/de\/produkt\/openswim\/#primaryimage","url":"https:\/\/www.miomiorun.com\/app\/uploads\/2025\/12\/shokz-OPENSWIM-BLACK-S700BK.webp","contentUrl":"https:\/\/www.miomiorun.com\/app\/uploads\/2025\/12\/shokz-OPENSWIM-BLACK-S700BK.webp","width":720,"height":720,"caption":"shokz OPENSWIM BLACK S700BK"},{"@type":"BreadcrumbList","@id":"https:\/\/www.miomiorun.com\/de\/produkt\/openswim\/#breadcrumb","itemListElement":[{"@type":"ListItem","position":1,"name":"Home","item":"https:\/\/www.miomiorun.com\/de\/"},{"@type":"ListItem","position":2,"name":"Shop","item":"https:\/\/www.miomiorun.com\/shop\/"},{"@type":"ListItem","position":3,"name":"OpenSwim"}]},{"@type":"WebSite","@id":"https:\/\/www.miomiorun.com\/de\/#website","url":"https:\/\/www.miomiorun.com\/de\/","name":"MioMioRun","description":"100% Lauf- und Trailshop","publisher":{"@id":"https:\/\/www.miomiorun.com\/de\/#organization"},"potentialAction":[{"@type":"SearchAction","target":{"@type":"EntryPoint","urlTemplate":"https:\/\/www.miomiorun.com\/de\/?s={search_term_string}"},"query-input":{"@type":"PropertyValueSpecification","valueRequired":true,"valueName":"search_term_string"}}],"inLanguage":"de-DE"},{"@type":"Organization","@id":"https:\/\/www.miomiorun.com\/de\/#organization","name":"MioMio Run","url":"https:\/\/www.miomiorun.com\/de\/","logo":{"@type":"ImageObject","inLanguage":"de-DE","@id":"https:\/\/www.miomiorun.com\/de\/#\/schema\/logo\/image\/","url":"https:\/\/www.miomiorun.com\/app\/uploads\/2019\/12\/logomio.png","contentUrl":"https:\/\/www.miomiorun.com\/app\/uploads\/2019\/12\/logomio.png","width":115,"height":82,"caption":"MioMio Run"},"image":{"@id":"https:\/\/www.miomiorun.com\/de\/#\/schema\/logo\/image\/"},"sameAs":["https:\/\/www.facebook.com\/miomiorun\/","https:\/\/www.instagram.com\/miomiorun\/"]}]}},"_links":{"self":[{"href":"https:\/\/www.miomiorun.com\/de\/wp-json\/wp\/v2\/product\/380932","targetHints":{"allow":["GET"]}}],"collection":[{"href":"https:\/\/www.miomiorun.com\/de\/wp-json\/wp\/v2\/product"}],"about":[{"href":"https:\/\/www.miomiorun.com\/de\/wp-json\/wp\/v2\/types\/product"}],"wp:featuredmedia":[{"embeddable":true,"href":"https:\/\/www.miomiorun.com\/de\/wp-json\/wp\/v2\/media\/391436"}],"wp:attachment":[{"href":"https:\/\/www.miomiorun.com\/de\/wp-json\/wp\/v2\/media?parent=380932"}],"wp:term":[{"taxonomy":"product_brand","embeddable":true,"href":"https:\/\/www.miomiorun.com\/de\/wp-json\/wp\/v2\/product_brand?post=380932"},{"taxonomy":"product_cat","embeddable":true,"href":"https:\/\/www.miomiorun.com\/de\/wp-json\/wp\/v2\/product_cat?post=380932"},{"taxonomy":"product_tag","embeddable":true,"href":"https:\/\/www.miomiorun.com\/de\/wp-json\/wp\/v2\/product_tag?post=380932"}],"curies":[{"name":"wp","href":"https:\/\/api.w.org\/{rel}","templated":true}]}}