{"id":379641,"date":"2025-12-10T12:09:29","date_gmt":"2025-12-10T11:09:29","guid":{"rendered":"https:\/\/www.miomiorun.com\/?post_type=product&#038;p=379641"},"modified":"2026-05-09T11:31:00","modified_gmt":"2026-05-09T09:31:00","slug":"adrenaline-gts-25-damen","status":"publish","type":"product","link":"https:\/\/www.miomiorun.com\/de\/produkt\/adrenaline-gts-25-damen\/","title":{"rendered":"Adrenaline GTS 25 damen"},"content":{"rendered":"<table style=\"border-collapse: collapse;width: 100%\">\n<tbody>\n<tr>\n<td style=\"width: 33.333%;vertical-align: top;text-align: center\"><strong>Technische Daten<\/strong><\/p>\n<p>Kategorie: mittlere D\u00e4mpfung<br \/>\nSprengung: 10 mm<br \/>\nGewicht: 269,3 g<br \/>\nIdeal f\u00fcr: L\u00e4ufer mit einer Tendenz zur Pronation, die ein Modell suchen, das Stabilit\u00e4t und Schutz gew\u00e4hrleistet und eine angemessene D\u00e4mpfung sowie Langlebigkeit bietet.<br \/>\nGewicht des L\u00e4ufers: 50\u201370 kg<br \/>\nLauftempo: mittel (&gt;5,00 min\/km)<br \/>\n<a href=\"https:\/\/miomiorun.com\/guida-alle-specifiche-tecniche\/\">Leitfaden zu den technischen Spezifikationen<\/a><\/td>\n<td style=\"width: 66.6666%;vertical-align: top;text-align: center\">\n<p data-start=\"154\" data-end=\"556\">Der <strong data-start=\"157\" data-end=\"187\">Adrenaline GTS 25 f\u00fcr Damen<\/strong> wurde entwickelt, um bei jedem Schritt Komfort, Halt und Laufgeschmeidigkeit zu bieten, was ihn zur idealen Wahl sowohl f\u00fcr das Laufen auf der Stra\u00dfe als auch f\u00fcr das t\u00e4gliche Gehen macht. Ausgestattet mit der innovativen <strong data-start=\"380\" data-end=\"395\">GuideRails\u2122<\/strong>-Technologie bieten sie eine strukturierte Unterst\u00fctzung, die dabei hilft, die nat\u00fcrliche K\u00f6rperhaltung beizubehalten, unerw\u00fcnschte Bewegungen zu reduzieren und einen stabileren Lauf zu f\u00f6rdern.<\/p>\n<p data-start=\"558\" data-end=\"930\">Die weiche und dynamische D\u00e4mpfung sorgt f\u00fcr einen fl\u00fcssigen \u00dcbergang, w\u00e4hrend das atmungsaktive Obermaterial, das zu <strong data-start=\"673\" data-end=\"705\">66,2 % aus recycelten Materialien<\/strong> besteht, den Fu\u00df mit einer sicheren und bequemen Passform umh\u00fcllt. Jedes Detail ist auf Zuverl\u00e4ssigkeit und lang anhaltenden Komfort ausgelegt \u2013 ideal f\u00fcr L\u00e4uferinnen, die zus\u00e4tzlichen Halt oder einen vielseitigen Schuh f\u00fcr den t\u00e4glichen Gebrauch suchen. <\/p>\n<p data-start=\"932\" data-end=\"1090\">Der Adrenaline GTS 25 vereint Stabilit\u00e4t, Weichheit und Nachhaltigkeit in einem ikonischen Modell, das entwickelt wurde, um dich sicher und mit Freude auf deinen L\u00e4ufen zu begleiten.<\/p>\n<\/td>\n<\/tr>\n<\/tbody>\n<\/table>\n<p>&nbsp;<\/p>\n","protected":false},"excerpt":{"rendered":"<ul>\n<li data-start=\"1335\" data-end=\"1404\">Weiche und dynamische D\u00e4mpfung f\u00fcr Komfort und sanfte \u00dcberg\u00e4nge<\/li>\n<li data-start=\"1407\" data-end=\"1462\">GuideRails\u2122-Unterst\u00fctzung f\u00fcr einen stabilen und nat\u00fcrlichen Lauf<\/li>\n<li data-start=\"1465\" data-end=\"1535\">Atmungsaktives Obermaterial aus 66,2 % recycelten Materialien und sicherer Sitz<\/li>\n<\/ul>\n","protected":false},"featured_media":381867,"template":"","meta":{"_acf_changed":false,"inline_featured_image":false},"product_brand":[],"product_cat":[6474,6490],"product_tag":[3362,6205],"class_list":{"0":"post-379641","1":"product","2":"type-product","3":"status-publish","4":"has-post-thumbnail","6":"product_cat-damenschuhe","7":"product_cat-stabilitaet","8":"product_tag-brooks-de","9":"product_tag-brooks-damen-de","10":"pa_attivita-gehen","11":"pa_attivita-running-de","12":"pa_colore-adrenaline-gts25-w-oyster-pink-green","13":"pa_colore-adrenaline-gts25-w-sand-coconut-skyway-de","14":"pa_colore-adrenaline-gts25-w-spellbound-yucca-pink-de","15":"pa_colore-adrenaline-gts25-w-white-nightlife-yucca","16":"pa_marca-brooks-de","17":"pa_sesso-damen","18":"pa_size-38-de","19":"pa_size-38-5-de","20":"pa_size-39-de","21":"pa_size-40-de","22":"pa_size-40-5-de","23":"pa_size-41-de","24":"pa_size-42-de","26":"first","27":"instock","28":"sale","29":"taxable","30":"shipping-taxable","31":"purchasable","32":"product-type-variable","33":"wvs-archive-product-wrapper"},"acf":[],"yoast_head":"<!-- This site is optimized with the Yoast SEO plugin v26.8 - https:\/\/yoast.com\/product\/yoast-seo-wordpress\/ -->\n<title>Brooks Adrenaline GTS 25 damen - Laufschuhe - MioMioRun<\/title>\n<meta name=\"description\" content=\"Adrenaline GTS 25: Laufschuhe mit weicher D\u00e4mpfung, GuideRails\u2122-St\u00fctzsystem und atmungsaktivem Obermaterial aus recycelten Materialien. Komfort, Stabilit\u00e4t und Schutz\" \/>\n<meta name=\"robots\" content=\"index, follow, max-snippet:-1, max-image-preview:large, max-video-preview:-1\" \/>\n<link rel=\"canonical\" href=\"https:\/\/www.miomiorun.com\/de\/produkt\/adrenaline-gts-25-damen\/\" \/>\n<meta property=\"og:locale\" content=\"de_DE\" \/>\n<meta property=\"og:type\" content=\"article\" \/>\n<meta property=\"og:title\" content=\"Brooks Adrenaline GTS 25 damen - Laufschuhe - MioMioRun\" \/>\n<meta property=\"og:description\" content=\"Adrenaline GTS 25: Laufschuhe mit weicher D\u00e4mpfung, GuideRails\u2122-St\u00fctzsystem und atmungsaktivem Obermaterial aus recycelten Materialien. Komfort, Stabilit\u00e4t und Schutz\" \/>\n<meta property=\"og:url\" content=\"https:\/\/www.miomiorun.com\/de\/produkt\/adrenaline-gts-25-damen\/\" \/>\n<meta property=\"og:site_name\" content=\"MioMioRun\" \/>\n<meta property=\"article:publisher\" content=\"https:\/\/www.facebook.com\/miomiorun\/\" \/>\n<meta property=\"article:modified_time\" content=\"2026-05-09T09:31:00+00:00\" \/>\n<meta property=\"og:image\" content=\"https:\/\/www.miomiorun.com\/app\/uploads\/2025\/12\/brooks-Adrenaline-GTS25-W-spellbound-yucca-pink-1204431B453.webp\" \/>\n\t<meta property=\"og:image:width\" content=\"720\" \/>\n\t<meta property=\"og:image:height\" content=\"720\" \/>\n\t<meta property=\"og:image:type\" content=\"image\/webp\" \/>\n<meta name=\"twitter:card\" content=\"summary_large_image\" \/>\n<meta name=\"twitter:label1\" content=\"Est. reading time\" \/>\n\t<meta name=\"twitter:data1\" content=\"2 minutes\" \/>\n<script type=\"application\/ld+json\" class=\"yoast-schema-graph\">{\"@context\":\"https:\/\/schema.org\",\"@graph\":[{\"@type\":\"WebPage\",\"@id\":\"https:\/\/www.miomiorun.com\/de\/produkt\/adrenaline-gts-25-damen\/\",\"url\":\"https:\/\/www.miomiorun.com\/de\/produkt\/adrenaline-gts-25-damen\/\",\"name\":\"Brooks Adrenaline GTS 25 damen - Laufschuhe - MioMioRun\",\"isPartOf\":{\"@id\":\"https:\/\/www.miomiorun.com\/de\/#website\"},\"primaryImageOfPage\":{\"@id\":\"https:\/\/www.miomiorun.com\/de\/produkt\/adrenaline-gts-25-damen\/#primaryimage\"},\"image\":{\"@id\":\"https:\/\/www.miomiorun.com\/de\/produkt\/adrenaline-gts-25-damen\/#primaryimage\"},\"thumbnailUrl\":\"https:\/\/www.miomiorun.com\/app\/uploads\/2025\/12\/brooks-Adrenaline-GTS25-W-spellbound-yucca-pink-1204431B453.webp\",\"datePublished\":\"2025-12-10T11:09:29+00:00\",\"dateModified\":\"2026-05-09T09:31:00+00:00\",\"description\":\"Adrenaline GTS 25: Laufschuhe mit weicher D\u00e4mpfung, GuideRails\u2122-St\u00fctzsystem und atmungsaktivem Obermaterial aus recycelten Materialien. Komfort, Stabilit\u00e4t und Schutz\",\"breadcrumb\":{\"@id\":\"https:\/\/www.miomiorun.com\/de\/produkt\/adrenaline-gts-25-damen\/#breadcrumb\"},\"inLanguage\":\"de-DE\",\"potentialAction\":[{\"@type\":\"ReadAction\",\"target\":[\"https:\/\/www.miomiorun.com\/de\/produkt\/adrenaline-gts-25-damen\/\"]}]},{\"@type\":\"ImageObject\",\"inLanguage\":\"de-DE\",\"@id\":\"https:\/\/www.miomiorun.com\/de\/produkt\/adrenaline-gts-25-damen\/#primaryimage\",\"url\":\"https:\/\/www.miomiorun.com\/app\/uploads\/2025\/12\/brooks-Adrenaline-GTS25-W-spellbound-yucca-pink-1204431B453.webp\",\"contentUrl\":\"https:\/\/www.miomiorun.com\/app\/uploads\/2025\/12\/brooks-Adrenaline-GTS25-W-spellbound-yucca-pink-1204431B453.webp\",\"width\":720,\"height\":720,\"caption\":\"brooks Adrenaline GTS25 W spellbound yucca pink 1204431B453\"},{\"@type\":\"BreadcrumbList\",\"@id\":\"https:\/\/www.miomiorun.com\/de\/produkt\/adrenaline-gts-25-damen\/#breadcrumb\",\"itemListElement\":[{\"@type\":\"ListItem\",\"position\":1,\"name\":\"Home\",\"item\":\"https:\/\/www.miomiorun.com\/de\/\"},{\"@type\":\"ListItem\",\"position\":2,\"name\":\"Shop\",\"item\":\"https:\/\/www.miomiorun.com\/shop\/\"},{\"@type\":\"ListItem\",\"position\":3,\"name\":\"Adrenaline GTS 25 damen\"}]},{\"@type\":\"WebSite\",\"@id\":\"https:\/\/www.miomiorun.com\/de\/#website\",\"url\":\"https:\/\/www.miomiorun.com\/de\/\",\"name\":\"MioMioRun\",\"description\":\"100% Lauf- und Trailshop\",\"publisher\":{\"@id\":\"https:\/\/www.miomiorun.com\/de\/#organization\"},\"potentialAction\":[{\"@type\":\"SearchAction\",\"target\":{\"@type\":\"EntryPoint\",\"urlTemplate\":\"https:\/\/www.miomiorun.com\/de\/?s={search_term_string}\"},\"query-input\":{\"@type\":\"PropertyValueSpecification\",\"valueRequired\":true,\"valueName\":\"search_term_string\"}}],\"inLanguage\":\"de-DE\"},{\"@type\":\"Organization\",\"@id\":\"https:\/\/www.miomiorun.com\/de\/#organization\",\"name\":\"MioMio Run\",\"url\":\"https:\/\/www.miomiorun.com\/de\/\",\"logo\":{\"@type\":\"ImageObject\",\"inLanguage\":\"de-DE\",\"@id\":\"https:\/\/www.miomiorun.com\/de\/#\/schema\/logo\/image\/\",\"url\":\"https:\/\/www.miomiorun.com\/app\/uploads\/2019\/12\/logomio.png\",\"contentUrl\":\"https:\/\/www.miomiorun.com\/app\/uploads\/2019\/12\/logomio.png\",\"width\":115,\"height\":82,\"caption\":\"MioMio Run\"},\"image\":{\"@id\":\"https:\/\/www.miomiorun.com\/de\/#\/schema\/logo\/image\/\"},\"sameAs\":[\"https:\/\/www.facebook.com\/miomiorun\/\",\"https:\/\/www.instagram.com\/miomiorun\/\"]}]}<\/script>\n<!-- \/ Yoast SEO plugin. -->","yoast_head_json":{"title":"Brooks Adrenaline GTS 25 damen - Laufschuhe - MioMioRun","description":"Adrenaline GTS 25: Laufschuhe mit weicher D\u00e4mpfung, GuideRails\u2122-St\u00fctzsystem und atmungsaktivem Obermaterial aus recycelten Materialien. Komfort, Stabilit\u00e4t und Schutz","robots":{"index":"index","follow":"follow","max-snippet":"max-snippet:-1","max-image-preview":"max-image-preview:large","max-video-preview":"max-video-preview:-1"},"canonical":"https:\/\/www.miomiorun.com\/de\/produkt\/adrenaline-gts-25-damen\/","og_locale":"de_DE","og_type":"article","og_title":"Brooks Adrenaline GTS 25 damen - Laufschuhe - MioMioRun","og_description":"Adrenaline GTS 25: Laufschuhe mit weicher D\u00e4mpfung, GuideRails\u2122-St\u00fctzsystem und atmungsaktivem Obermaterial aus recycelten Materialien. Komfort, Stabilit\u00e4t und Schutz","og_url":"https:\/\/www.miomiorun.com\/de\/produkt\/adrenaline-gts-25-damen\/","og_site_name":"MioMioRun","article_publisher":"https:\/\/www.facebook.com\/miomiorun\/","article_modified_time":"2026-05-09T09:31:00+00:00","og_image":[{"width":720,"height":720,"url":"https:\/\/www.miomiorun.com\/app\/uploads\/2025\/12\/brooks-Adrenaline-GTS25-W-spellbound-yucca-pink-1204431B453.webp","type":"image\/webp"}],"twitter_card":"summary_large_image","twitter_misc":{"Est. reading time":"2 minutes"},"schema":{"@context":"https:\/\/schema.org","@graph":[{"@type":"WebPage","@id":"https:\/\/www.miomiorun.com\/de\/produkt\/adrenaline-gts-25-damen\/","url":"https:\/\/www.miomiorun.com\/de\/produkt\/adrenaline-gts-25-damen\/","name":"Brooks Adrenaline GTS 25 damen - Laufschuhe - MioMioRun","isPartOf":{"@id":"https:\/\/www.miomiorun.com\/de\/#website"},"primaryImageOfPage":{"@id":"https:\/\/www.miomiorun.com\/de\/produkt\/adrenaline-gts-25-damen\/#primaryimage"},"image":{"@id":"https:\/\/www.miomiorun.com\/de\/produkt\/adrenaline-gts-25-damen\/#primaryimage"},"thumbnailUrl":"https:\/\/www.miomiorun.com\/app\/uploads\/2025\/12\/brooks-Adrenaline-GTS25-W-spellbound-yucca-pink-1204431B453.webp","datePublished":"2025-12-10T11:09:29+00:00","dateModified":"2026-05-09T09:31:00+00:00","description":"Adrenaline GTS 25: Laufschuhe mit weicher D\u00e4mpfung, GuideRails\u2122-St\u00fctzsystem und atmungsaktivem Obermaterial aus recycelten Materialien. Komfort, Stabilit\u00e4t und Schutz","breadcrumb":{"@id":"https:\/\/www.miomiorun.com\/de\/produkt\/adrenaline-gts-25-damen\/#breadcrumb"},"inLanguage":"de-DE","potentialAction":[{"@type":"ReadAction","target":["https:\/\/www.miomiorun.com\/de\/produkt\/adrenaline-gts-25-damen\/"]}]},{"@type":"ImageObject","inLanguage":"de-DE","@id":"https:\/\/www.miomiorun.com\/de\/produkt\/adrenaline-gts-25-damen\/#primaryimage","url":"https:\/\/www.miomiorun.com\/app\/uploads\/2025\/12\/brooks-Adrenaline-GTS25-W-spellbound-yucca-pink-1204431B453.webp","contentUrl":"https:\/\/www.miomiorun.com\/app\/uploads\/2025\/12\/brooks-Adrenaline-GTS25-W-spellbound-yucca-pink-1204431B453.webp","width":720,"height":720,"caption":"brooks Adrenaline GTS25 W spellbound yucca pink 1204431B453"},{"@type":"BreadcrumbList","@id":"https:\/\/www.miomiorun.com\/de\/produkt\/adrenaline-gts-25-damen\/#breadcrumb","itemListElement":[{"@type":"ListItem","position":1,"name":"Home","item":"https:\/\/www.miomiorun.com\/de\/"},{"@type":"ListItem","position":2,"name":"Shop","item":"https:\/\/www.miomiorun.com\/shop\/"},{"@type":"ListItem","position":3,"name":"Adrenaline GTS 25 damen"}]},{"@type":"WebSite","@id":"https:\/\/www.miomiorun.com\/de\/#website","url":"https:\/\/www.miomiorun.com\/de\/","name":"MioMioRun","description":"100% Lauf- und Trailshop","publisher":{"@id":"https:\/\/www.miomiorun.com\/de\/#organization"},"potentialAction":[{"@type":"SearchAction","target":{"@type":"EntryPoint","urlTemplate":"https:\/\/www.miomiorun.com\/de\/?s={search_term_string}"},"query-input":{"@type":"PropertyValueSpecification","valueRequired":true,"valueName":"search_term_string"}}],"inLanguage":"de-DE"},{"@type":"Organization","@id":"https:\/\/www.miomiorun.com\/de\/#organization","name":"MioMio Run","url":"https:\/\/www.miomiorun.com\/de\/","logo":{"@type":"ImageObject","inLanguage":"de-DE","@id":"https:\/\/www.miomiorun.com\/de\/#\/schema\/logo\/image\/","url":"https:\/\/www.miomiorun.com\/app\/uploads\/2019\/12\/logomio.png","contentUrl":"https:\/\/www.miomiorun.com\/app\/uploads\/2019\/12\/logomio.png","width":115,"height":82,"caption":"MioMio Run"},"image":{"@id":"https:\/\/www.miomiorun.com\/de\/#\/schema\/logo\/image\/"},"sameAs":["https:\/\/www.facebook.com\/miomiorun\/","https:\/\/www.instagram.com\/miomiorun\/"]}]}},"_links":{"self":[{"href":"https:\/\/www.miomiorun.com\/de\/wp-json\/wp\/v2\/product\/379641","targetHints":{"allow":["GET"]}}],"collection":[{"href":"https:\/\/www.miomiorun.com\/de\/wp-json\/wp\/v2\/product"}],"about":[{"href":"https:\/\/www.miomiorun.com\/de\/wp-json\/wp\/v2\/types\/product"}],"wp:featuredmedia":[{"embeddable":true,"href":"https:\/\/www.miomiorun.com\/de\/wp-json\/wp\/v2\/media\/381867"}],"wp:attachment":[{"href":"https:\/\/www.miomiorun.com\/de\/wp-json\/wp\/v2\/media?parent=379641"}],"wp:term":[{"taxonomy":"product_brand","embeddable":true,"href":"https:\/\/www.miomiorun.com\/de\/wp-json\/wp\/v2\/product_brand?post=379641"},{"taxonomy":"product_cat","embeddable":true,"href":"https:\/\/www.miomiorun.com\/de\/wp-json\/wp\/v2\/product_cat?post=379641"},{"taxonomy":"product_tag","embeddable":true,"href":"https:\/\/www.miomiorun.com\/de\/wp-json\/wp\/v2\/product_tag?post=379641"}],"curies":[{"name":"wp","href":"https:\/\/api.w.org\/{rel}","templated":true}]}}