{"id":379313,"date":"2025-12-10T11:24:00","date_gmt":"2025-12-10T10:24:00","guid":{"rendered":"https:\/\/www.miomiorun.com\/?post_type=product&#038;p=379313"},"modified":"2026-05-09T11:29:53","modified_gmt":"2026-05-09T09:29:53","slug":"supernova-solution-3-damen","status":"publish","type":"product","link":"https:\/\/www.miomiorun.com\/de\/produkt\/supernova-solution-3-damen\/","title":{"rendered":"Supernova Solution 3 damen"},"content":{"rendered":"<div class=\"vc-row container\"><div class=\"vc-column\"><div class=\"vc-column-text\"><\/p>\n<h4>Technische Daten<\/h4>\n<p>Kategorie: Mittlere D\u00e4mpfung<br \/>\nSprengung: &nbsp;8 mm (Ferse 37 mm \/ Vorfu\u00df 28 mm)<\/p>\n<p>Gewicht: 245 g<br \/>\nIdeal f\u00fcr: L\u00e4ufer mit einer Tendenz zur Pronation, die ein Modell mit guter St\u00fctze und Schutz suchen, ohne dabei aufgrund des geringen Gewichts des Schuhs auf Leistung verzichten zu m\u00fcssen.<br \/>\nGewicht des L\u00e4ufers: &gt;65 kg<br \/>\nLauftempo: mittel (5\u20136 min\/km)<br \/>\n<a href=\"https:\/\/miomiorun.com\/guida-alle-specifiche-tecniche\/\">Leitfaden zu den technischen Daten<\/a><\/p>\n<p><\/div><\/div><div class=\"vc-column\"><div class=\"vc-column-text\"><\/p>\n<div class=\"text-content___13aRm\">\n<div class=\"text-content___13aRm\">\n<p data-start=\"151\" data-end=\"466\">Der <strong data-start=\"154\" data-end=\"178\">Supernova Solution 3<\/strong> wurde entwickelt, um dein Lauferlebnis zu verbessern, indem er fortschrittliche D\u00e4mpfung, Stabilit\u00e4t und eine Passform vereint, die sich perfekt an die Bewegungen des Fu\u00dfes anpasst. Das leichte und atmungsaktive <strong data-start=\"349\" data-end=\"363\">Primeweave<\/strong>-Obermaterial umschlie\u00dft den Fu\u00df pr\u00e4zise und bietet sofortigen Komfort sowie gezielten Halt.<\/p>\n<p data-start=\"468\" data-end=\"818\">Die durchgehende <strong data-start=\"481\" data-end=\"497\">Dreamstrike+<\/strong>-Mittelsohle sorgt f\u00fcr ein optimales Gleichgewicht zwischen Weichheit und Stabilit\u00e4t, reduziert Erm\u00fcdungserscheinungen und bietet ein angenehmes Laufgef\u00fchl bei jedem Schritt. Die <strong data-start=\"668\" data-end=\"687\">Guide Your Ride<\/strong>-Technologie verbessert den fl\u00fcssigen Laufstil, stabilisiert das Fu\u00dfgew\u00f6lbe und sorgt f\u00fcr einen effizienteren \u00dcbergang von der Ferse zur Zehenpartie. <\/p>\n<p data-start=\"820\" data-end=\"1116\">Die Sohle ist der Anatomie des Fu\u00dfes nachempfunden und sorgt f\u00fcr <strong data-start=\"888\" data-end=\"907\">zuverl\u00e4ssigen Grip<\/strong> sowie konstante R\u00fcckmeldung Kilometer f\u00fcr Kilometer. Der Fersenaufprallbereich ist so konzipiert, dass er harmonisch mit dem nat\u00fcrlichen Abrollmuster zusammenwirkt und so die Kontinuit\u00e4t und Nat\u00fcrlichkeit des Laufs verbessert.<\/p>\n<p data-start=\"1118\" data-end=\"1290\">Der Supernova Solution 3 ist die Verschmelzung von Innovation und Leistung, ideal f\u00fcr das t\u00e4gliche Lauftraining und f\u00fcr alle, die eine perfekte Mischung aus Halt, Weichheit und Stabilit\u00e4t suchen.<\/p>\n<\/div>\n<\/div>\n<p><\/div><\/div><\/div>\n","protected":false},"excerpt":{"rendered":"<ul>\n<li data-start=\"1529\" data-end=\"1610\">Durchgehende Dreamstrike+-Zwischensohle f\u00fcr weiche und stabile D\u00e4mpfung<\/li>\n<li data-start=\"1613\" data-end=\"1674\">Leichtes und atmungsaktives Primeweave-Obermaterial mit pr\u00e4ziser Passform<\/li>\n<li data-start=\"1677\" data-end=\"1760\">Guide Your Ride+-Technologie und anatomisch geformte Sohle f\u00fcr fl\u00fcssige \u00dcberg\u00e4nge und sicheren Halt<\/li>\n<\/ul>\n","protected":false},"featured_media":380438,"template":"","meta":{"_acf_changed":false,"inline_featured_image":false},"product_brand":[],"product_cat":[6474,6490],"product_tag":[3403,6309],"class_list":{"0":"post-379313","1":"product","2":"type-product","3":"status-publish","4":"has-post-thumbnail","6":"product_cat-damenschuhe","7":"product_cat-stabilitaet","8":"product_tag-adidas-de","9":"product_tag-adidas-damen-de","10":"pa_attivita-gehen","11":"pa_attivita-running-de","12":"pa_colore-supernova-solution-3-w-dkblue-cleora-bea-de","13":"pa_colore-supernova-solution-w-crsk-silvmt","14":"pa_marca-adidas-de","15":"pa_sesso-damen","16":"pa_size-38-de","18":"pa_size-39-de","19":"pa_size-40-de","21":"pa_size-41-de","22":"pa_size-42-de","24":"first","25":"instock","26":"sale","27":"taxable","28":"shipping-taxable","29":"purchasable","30":"product-type-variable","31":"wvs-archive-product-wrapper"},"acf":[],"yoast_head":"<!-- This site is optimized with the Yoast SEO plugin v26.8 - https:\/\/yoast.com\/product\/yoast-seo-wordpress\/ -->\n<title>Adidas Supernova Solution 3 damen -Laufschuhe - MioMioRun.com<\/title>\n<meta name=\"description\" content=\"Supernova Solution 3: Laufschuhe mit Dreamstrike+-Mittelsohle, atmungsaktivem Primeweave-Obermaterial und Guide Your Ride-Technologie\" \/>\n<meta name=\"robots\" content=\"index, follow, max-snippet:-1, max-image-preview:large, max-video-preview:-1\" \/>\n<link rel=\"canonical\" href=\"https:\/\/www.miomiorun.com\/de\/produkt\/supernova-solution-3-damen\/\" \/>\n<meta property=\"og:locale\" content=\"de_DE\" \/>\n<meta property=\"og:type\" content=\"article\" \/>\n<meta property=\"og:title\" content=\"Adidas Supernova Solution 3 damen -Laufschuhe - MioMioRun.com\" \/>\n<meta property=\"og:description\" content=\"Supernova Solution 3: Laufschuhe mit Dreamstrike+-Mittelsohle, atmungsaktivem Primeweave-Obermaterial und Guide Your Ride-Technologie\" \/>\n<meta property=\"og:url\" content=\"https:\/\/www.miomiorun.com\/de\/produkt\/supernova-solution-3-damen\/\" \/>\n<meta property=\"og:site_name\" content=\"MioMioRun\" \/>\n<meta property=\"article:publisher\" content=\"https:\/\/www.facebook.com\/miomiorun\/\" \/>\n<meta property=\"article:modified_time\" content=\"2026-05-09T09:29:53+00:00\" \/>\n<meta property=\"og:image\" content=\"https:\/\/www.miomiorun.com\/app\/uploads\/2025\/12\/adidas-Supernova-Solution-3-W-dkblue-cleora-bea-JR7396.webp\" \/>\n\t<meta property=\"og:image:width\" content=\"720\" \/>\n\t<meta property=\"og:image:height\" content=\"720\" \/>\n\t<meta property=\"og:image:type\" content=\"image\/webp\" \/>\n<meta name=\"twitter:card\" content=\"summary_large_image\" \/>\n<meta name=\"twitter:label1\" content=\"Est. reading time\" \/>\n\t<meta name=\"twitter:data1\" content=\"2 minutes\" \/>\n<script type=\"application\/ld+json\" class=\"yoast-schema-graph\">{\"@context\":\"https:\/\/schema.org\",\"@graph\":[{\"@type\":\"WebPage\",\"@id\":\"https:\/\/www.miomiorun.com\/de\/produkt\/supernova-solution-3-damen\/\",\"url\":\"https:\/\/www.miomiorun.com\/de\/produkt\/supernova-solution-3-damen\/\",\"name\":\"Adidas Supernova Solution 3 damen -Laufschuhe - MioMioRun.com\",\"isPartOf\":{\"@id\":\"https:\/\/www.miomiorun.com\/de\/#website\"},\"primaryImageOfPage\":{\"@id\":\"https:\/\/www.miomiorun.com\/de\/produkt\/supernova-solution-3-damen\/#primaryimage\"},\"image\":{\"@id\":\"https:\/\/www.miomiorun.com\/de\/produkt\/supernova-solution-3-damen\/#primaryimage\"},\"thumbnailUrl\":\"https:\/\/www.miomiorun.com\/app\/uploads\/2025\/12\/adidas-Supernova-Solution-3-W-dkblue-cleora-bea-JR7396.webp\",\"datePublished\":\"2025-12-10T10:24:00+00:00\",\"dateModified\":\"2026-05-09T09:29:53+00:00\",\"description\":\"Supernova Solution 3: Laufschuhe mit Dreamstrike+-Mittelsohle, atmungsaktivem Primeweave-Obermaterial und Guide Your Ride-Technologie\",\"breadcrumb\":{\"@id\":\"https:\/\/www.miomiorun.com\/de\/produkt\/supernova-solution-3-damen\/#breadcrumb\"},\"inLanguage\":\"de-DE\",\"potentialAction\":[{\"@type\":\"ReadAction\",\"target\":[\"https:\/\/www.miomiorun.com\/de\/produkt\/supernova-solution-3-damen\/\"]}]},{\"@type\":\"ImageObject\",\"inLanguage\":\"de-DE\",\"@id\":\"https:\/\/www.miomiorun.com\/de\/produkt\/supernova-solution-3-damen\/#primaryimage\",\"url\":\"https:\/\/www.miomiorun.com\/app\/uploads\/2025\/12\/adidas-Supernova-Solution-3-W-dkblue-cleora-bea-JR7396.webp\",\"contentUrl\":\"https:\/\/www.miomiorun.com\/app\/uploads\/2025\/12\/adidas-Supernova-Solution-3-W-dkblue-cleora-bea-JR7396.webp\",\"width\":720,\"height\":720,\"caption\":\"adidas Supernova Solution 3 W dkblue cleora bea JR7396\"},{\"@type\":\"BreadcrumbList\",\"@id\":\"https:\/\/www.miomiorun.com\/de\/produkt\/supernova-solution-3-damen\/#breadcrumb\",\"itemListElement\":[{\"@type\":\"ListItem\",\"position\":1,\"name\":\"Home\",\"item\":\"https:\/\/www.miomiorun.com\/de\/home-page\/\"},{\"@type\":\"ListItem\",\"position\":2,\"name\":\"Shop\",\"item\":\"https:\/\/www.miomiorun.com\/shop\/\"},{\"@type\":\"ListItem\",\"position\":3,\"name\":\"Supernova Solution 3 damen\"}]},{\"@type\":\"WebSite\",\"@id\":\"https:\/\/www.miomiorun.com\/de\/#website\",\"url\":\"https:\/\/www.miomiorun.com\/de\/\",\"name\":\"MioMioRun\",\"description\":\"100% Lauf- und Trailshop\",\"publisher\":{\"@id\":\"https:\/\/www.miomiorun.com\/de\/#organization\"},\"potentialAction\":[{\"@type\":\"SearchAction\",\"target\":{\"@type\":\"EntryPoint\",\"urlTemplate\":\"https:\/\/www.miomiorun.com\/de\/?s={search_term_string}\"},\"query-input\":{\"@type\":\"PropertyValueSpecification\",\"valueRequired\":true,\"valueName\":\"search_term_string\"}}],\"inLanguage\":\"de-DE\"},{\"@type\":\"Organization\",\"@id\":\"https:\/\/www.miomiorun.com\/de\/#organization\",\"name\":\"MioMio Run\",\"url\":\"https:\/\/www.miomiorun.com\/de\/\",\"logo\":{\"@type\":\"ImageObject\",\"inLanguage\":\"de-DE\",\"@id\":\"https:\/\/www.miomiorun.com\/de\/#\/schema\/logo\/image\/\",\"url\":\"https:\/\/www.miomiorun.com\/app\/uploads\/2019\/12\/logomio.png\",\"contentUrl\":\"https:\/\/www.miomiorun.com\/app\/uploads\/2019\/12\/logomio.png\",\"width\":115,\"height\":82,\"caption\":\"MioMio Run\"},\"image\":{\"@id\":\"https:\/\/www.miomiorun.com\/de\/#\/schema\/logo\/image\/\"},\"sameAs\":[\"https:\/\/www.facebook.com\/miomiorun\/\",\"https:\/\/www.instagram.com\/miomiorun\/\"]}]}<\/script>\n<!-- \/ Yoast SEO plugin. -->","yoast_head_json":{"title":"Adidas Supernova Solution 3 damen -Laufschuhe - MioMioRun.com","description":"Supernova Solution 3: Laufschuhe mit Dreamstrike+-Mittelsohle, atmungsaktivem Primeweave-Obermaterial und Guide Your Ride-Technologie","robots":{"index":"index","follow":"follow","max-snippet":"max-snippet:-1","max-image-preview":"max-image-preview:large","max-video-preview":"max-video-preview:-1"},"canonical":"https:\/\/www.miomiorun.com\/de\/produkt\/supernova-solution-3-damen\/","og_locale":"de_DE","og_type":"article","og_title":"Adidas Supernova Solution 3 damen -Laufschuhe - MioMioRun.com","og_description":"Supernova Solution 3: Laufschuhe mit Dreamstrike+-Mittelsohle, atmungsaktivem Primeweave-Obermaterial und Guide Your Ride-Technologie","og_url":"https:\/\/www.miomiorun.com\/de\/produkt\/supernova-solution-3-damen\/","og_site_name":"MioMioRun","article_publisher":"https:\/\/www.facebook.com\/miomiorun\/","article_modified_time":"2026-05-09T09:29:53+00:00","og_image":[{"width":720,"height":720,"url":"https:\/\/www.miomiorun.com\/app\/uploads\/2025\/12\/adidas-Supernova-Solution-3-W-dkblue-cleora-bea-JR7396.webp","type":"image\/webp"}],"twitter_card":"summary_large_image","twitter_misc":{"Est. reading time":"2 minutes"},"schema":{"@context":"https:\/\/schema.org","@graph":[{"@type":"WebPage","@id":"https:\/\/www.miomiorun.com\/de\/produkt\/supernova-solution-3-damen\/","url":"https:\/\/www.miomiorun.com\/de\/produkt\/supernova-solution-3-damen\/","name":"Adidas Supernova Solution 3 damen -Laufschuhe - MioMioRun.com","isPartOf":{"@id":"https:\/\/www.miomiorun.com\/de\/#website"},"primaryImageOfPage":{"@id":"https:\/\/www.miomiorun.com\/de\/produkt\/supernova-solution-3-damen\/#primaryimage"},"image":{"@id":"https:\/\/www.miomiorun.com\/de\/produkt\/supernova-solution-3-damen\/#primaryimage"},"thumbnailUrl":"https:\/\/www.miomiorun.com\/app\/uploads\/2025\/12\/adidas-Supernova-Solution-3-W-dkblue-cleora-bea-JR7396.webp","datePublished":"2025-12-10T10:24:00+00:00","dateModified":"2026-05-09T09:29:53+00:00","description":"Supernova Solution 3: Laufschuhe mit Dreamstrike+-Mittelsohle, atmungsaktivem Primeweave-Obermaterial und Guide Your Ride-Technologie","breadcrumb":{"@id":"https:\/\/www.miomiorun.com\/de\/produkt\/supernova-solution-3-damen\/#breadcrumb"},"inLanguage":"de-DE","potentialAction":[{"@type":"ReadAction","target":["https:\/\/www.miomiorun.com\/de\/produkt\/supernova-solution-3-damen\/"]}]},{"@type":"ImageObject","inLanguage":"de-DE","@id":"https:\/\/www.miomiorun.com\/de\/produkt\/supernova-solution-3-damen\/#primaryimage","url":"https:\/\/www.miomiorun.com\/app\/uploads\/2025\/12\/adidas-Supernova-Solution-3-W-dkblue-cleora-bea-JR7396.webp","contentUrl":"https:\/\/www.miomiorun.com\/app\/uploads\/2025\/12\/adidas-Supernova-Solution-3-W-dkblue-cleora-bea-JR7396.webp","width":720,"height":720,"caption":"adidas Supernova Solution 3 W dkblue cleora bea JR7396"},{"@type":"BreadcrumbList","@id":"https:\/\/www.miomiorun.com\/de\/produkt\/supernova-solution-3-damen\/#breadcrumb","itemListElement":[{"@type":"ListItem","position":1,"name":"Home","item":"https:\/\/www.miomiorun.com\/de\/home-page\/"},{"@type":"ListItem","position":2,"name":"Shop","item":"https:\/\/www.miomiorun.com\/shop\/"},{"@type":"ListItem","position":3,"name":"Supernova Solution 3 damen"}]},{"@type":"WebSite","@id":"https:\/\/www.miomiorun.com\/de\/#website","url":"https:\/\/www.miomiorun.com\/de\/","name":"MioMioRun","description":"100% Lauf- und Trailshop","publisher":{"@id":"https:\/\/www.miomiorun.com\/de\/#organization"},"potentialAction":[{"@type":"SearchAction","target":{"@type":"EntryPoint","urlTemplate":"https:\/\/www.miomiorun.com\/de\/?s={search_term_string}"},"query-input":{"@type":"PropertyValueSpecification","valueRequired":true,"valueName":"search_term_string"}}],"inLanguage":"de-DE"},{"@type":"Organization","@id":"https:\/\/www.miomiorun.com\/de\/#organization","name":"MioMio Run","url":"https:\/\/www.miomiorun.com\/de\/","logo":{"@type":"ImageObject","inLanguage":"de-DE","@id":"https:\/\/www.miomiorun.com\/de\/#\/schema\/logo\/image\/","url":"https:\/\/www.miomiorun.com\/app\/uploads\/2019\/12\/logomio.png","contentUrl":"https:\/\/www.miomiorun.com\/app\/uploads\/2019\/12\/logomio.png","width":115,"height":82,"caption":"MioMio Run"},"image":{"@id":"https:\/\/www.miomiorun.com\/de\/#\/schema\/logo\/image\/"},"sameAs":["https:\/\/www.facebook.com\/miomiorun\/","https:\/\/www.instagram.com\/miomiorun\/"]}]}},"_links":{"self":[{"href":"https:\/\/www.miomiorun.com\/de\/wp-json\/wp\/v2\/product\/379313","targetHints":{"allow":["GET"]}}],"collection":[{"href":"https:\/\/www.miomiorun.com\/de\/wp-json\/wp\/v2\/product"}],"about":[{"href":"https:\/\/www.miomiorun.com\/de\/wp-json\/wp\/v2\/types\/product"}],"wp:featuredmedia":[{"embeddable":true,"href":"https:\/\/www.miomiorun.com\/de\/wp-json\/wp\/v2\/media\/380438"}],"wp:attachment":[{"href":"https:\/\/www.miomiorun.com\/de\/wp-json\/wp\/v2\/media?parent=379313"}],"wp:term":[{"taxonomy":"product_brand","embeddable":true,"href":"https:\/\/www.miomiorun.com\/de\/wp-json\/wp\/v2\/product_brand?post=379313"},{"taxonomy":"product_cat","embeddable":true,"href":"https:\/\/www.miomiorun.com\/de\/wp-json\/wp\/v2\/product_cat?post=379313"},{"taxonomy":"product_tag","embeddable":true,"href":"https:\/\/www.miomiorun.com\/de\/wp-json\/wp\/v2\/product_tag?post=379313"}],"curies":[{"name":"wp","href":"https:\/\/api.w.org\/{rel}","templated":true}]}}