{"id":376100,"date":"2025-12-02T10:01:55","date_gmt":"2025-12-02T09:01:55","guid":{"rendered":"https:\/\/www.miomiorun.com\/?post_type=product&#038;p=376100"},"modified":"2026-04-16T19:01:20","modified_gmt":"2026-04-16T17:01:20","slug":"launch-printed-herren","status":"publish","type":"product","link":"https:\/\/www.miomiorun.com\/de\/produkt\/launch-printed-herren\/","title":{"rendered":"Launch printed herren"},"content":{"rendered":"<p data-start=\"145\" data-end=\"617\">Das <strong data-start=\"148\" data-end=\"166\">Launch Printed<\/strong> ist ein Shirt, das dir alles bietet, was du brauchst, um l\u00e4nger und schneller zu laufen: <strong data-start=\"265\" data-end=\"308\">Leichtigkeit, Elastizit\u00e4t und Atmungsaktivit\u00e4t<\/strong>. Das vollst\u00e4ndig aus <strong data-start=\"336\" data-end=\"348\">Jacquard<\/strong> gefertigte Material f\u00fchlt sich weich an, ist ultraleicht und sorgt f\u00fcr eine hervorragende Luftzirkulation, sodass Sie auch bei intensiven Trainingseinheiten k\u00fchl bleiben. Seine technische Struktur wurde entwickelt, um ein nat\u00fcrliches und minimalistisches Tragegef\u00fchl zu gew\u00e4hrleisten, als w\u00fcrden Sie nichts tragen.<\/p>\n<p data-start=\"619\" data-end=\"1028\">Das Material sorgt f\u00fcr ein optimales Feuchtigkeitsmanagement: Es nimmt Schwei\u00df schnell auf und trocknet schnell, was f\u00fcr konstanten Komfort sorgt. Die <strong data-start=\"775\" data-end=\"790\">4-Wege-Stretchigkeit<\/strong> gew\u00e4hrleistet absolute Bewegungsfreiheit, w\u00e4hrend die <strong data-start=\"857\" data-end=\"882\">Geruchskontrolltechnologie<\/strong> dazu beitr\u00e4gt, das Kleidungsst\u00fcck l\u00e4nger frisch zu halten. Der <strong data-start=\"931\" data-end=\"959\">Saum mit Seitenschlitz<\/strong> verbessert die Beweglichkeit zus\u00e4tzlich und tr\u00e4gt zur Bel\u00fcftung bei.<\/p>\n<p data-start=\"1030\" data-end=\"1193\">Das aufgedruckte Design verleiht dem Shirt einen Hauch von Pers\u00f6nlichkeit, ohne die Leistung zu beeintr\u00e4chtigen, und macht es ideal f\u00fcr alle, die mit Stil H\u00f6chstleistungen erbringen m\u00f6chten.<\/p><\/p>\n","protected":false},"excerpt":{"rendered":"<ul>\n<li data-start=\"1433\" data-end=\"1488\">Weiches, leichtes und extrem atmungsaktives Jacquardgewebe<\/li>\n<li data-start=\"1491\" data-end=\"1563\">Schnell trocknend, feuchtigkeitsregulierend und in vier Richtungen elastisch<\/li>\n<li data-start=\"1566\" data-end=\"1639\">Geruchskontrolle und Saum mit Seitenschlitz f\u00fcr Komfort und Bewegungsfreiheit<\/li>\n<\/ul>\n","protected":false},"featured_media":382928,"template":"","meta":{"_acf_changed":false,"inline_featured_image":false},"product_brand":[],"product_cat":[6540,6508],"product_tag":[20482,20497],"class_list":{"0":"post-376100","1":"product","2":"type-product","3":"status-publish","4":"has-post-thumbnail","6":"product_cat-herrenbekleidung","7":"product_cat-herrent-shirt","8":"product_tag-under-armour-de","9":"product_tag-under-armour-herren","10":"pa_attivita-fitness-de","11":"pa_attivita-gehen","12":"pa_attivita-lifestyle-de","13":"pa_attivita-running-de","14":"pa_colore-launch-printed-ss-blue-atlantis-de","15":"pa_marca-under-armour-de","16":"pa_sesso-herren","17":"pa_size-small-de","18":"pa_size-medium-de","19":"pa_size-large-de","21":"first","22":"instock","23":"sale","24":"taxable","25":"shipping-taxable","26":"purchasable","27":"product-type-variable","28":"wvs-archive-product-wrapper"},"acf":[],"yoast_head":"<!-- This site is optimized with the Yoast SEO plugin v26.8 - https:\/\/yoast.com\/product\/yoast-seo-wordpress\/ -->\n<title>Under Armour Launch printed herren - Lauf-T-Shirt - MioMioRun<\/title>\n<meta name=\"description\" content=\"Launch Printed: Leichtes und atmungsaktives Laufshirt aus Jacquard, schnell trocknend, 4-Wege-Stretch und geruchsneutralisierende Technologie. Extrem hoher Tragekomfort.\" \/>\n<meta name=\"robots\" content=\"index, follow, max-snippet:-1, max-image-preview:large, max-video-preview:-1\" \/>\n<link rel=\"canonical\" href=\"https:\/\/www.miomiorun.com\/de\/produkt\/launch-printed-herren\/\" \/>\n<meta property=\"og:locale\" content=\"de_DE\" \/>\n<meta property=\"og:type\" content=\"article\" \/>\n<meta property=\"og:title\" content=\"Under Armour Launch printed herren - Lauf-T-Shirt - MioMioRun\" \/>\n<meta property=\"og:description\" content=\"Launch Printed: Leichtes und atmungsaktives Laufshirt aus Jacquard, schnell trocknend, 4-Wege-Stretch und geruchsneutralisierende Technologie. Extrem hoher Tragekomfort.\" \/>\n<meta property=\"og:url\" content=\"https:\/\/www.miomiorun.com\/de\/produkt\/launch-printed-herren\/\" \/>\n<meta property=\"og:site_name\" content=\"MioMioRun\" \/>\n<meta property=\"article:publisher\" content=\"https:\/\/www.facebook.com\/miomiorun\/\" \/>\n<meta property=\"article:modified_time\" content=\"2026-04-16T17:01:20+00:00\" \/>\n<meta property=\"og:image\" content=\"https:\/\/www.miomiorun.com\/app\/uploads\/2025\/12\/uncer-armour-Launch-printed-SS-blue-atlantis-6006110-0402.webp\" \/>\n\t<meta property=\"og:image:width\" content=\"720\" \/>\n\t<meta property=\"og:image:height\" content=\"720\" \/>\n\t<meta property=\"og:image:type\" content=\"image\/webp\" \/>\n<meta name=\"twitter:card\" content=\"summary_large_image\" \/>\n<meta name=\"twitter:label1\" content=\"Est. reading time\" \/>\n\t<meta name=\"twitter:data1\" content=\"2 minutes\" \/>\n<script type=\"application\/ld+json\" class=\"yoast-schema-graph\">{\"@context\":\"https:\/\/schema.org\",\"@graph\":[{\"@type\":\"WebPage\",\"@id\":\"https:\/\/www.miomiorun.com\/de\/produkt\/launch-printed-herren\/\",\"url\":\"https:\/\/www.miomiorun.com\/de\/produkt\/launch-printed-herren\/\",\"name\":\"Under Armour Launch printed herren - Lauf-T-Shirt - MioMioRun\",\"isPartOf\":{\"@id\":\"https:\/\/www.miomiorun.com\/de\/#website\"},\"primaryImageOfPage\":{\"@id\":\"https:\/\/www.miomiorun.com\/de\/produkt\/launch-printed-herren\/#primaryimage\"},\"image\":{\"@id\":\"https:\/\/www.miomiorun.com\/de\/produkt\/launch-printed-herren\/#primaryimage\"},\"thumbnailUrl\":\"https:\/\/www.miomiorun.com\/app\/uploads\/2025\/12\/uncer-armour-Launch-printed-SS-blue-atlantis-6006110-0402.webp\",\"datePublished\":\"2025-12-02T09:01:55+00:00\",\"dateModified\":\"2026-04-16T17:01:20+00:00\",\"description\":\"Launch Printed: Leichtes und atmungsaktives Laufshirt aus Jacquard, schnell trocknend, 4-Wege-Stretch und geruchsneutralisierende Technologie. Extrem hoher Tragekomfort.\",\"breadcrumb\":{\"@id\":\"https:\/\/www.miomiorun.com\/de\/produkt\/launch-printed-herren\/#breadcrumb\"},\"inLanguage\":\"de-DE\",\"potentialAction\":[{\"@type\":\"ReadAction\",\"target\":[\"https:\/\/www.miomiorun.com\/de\/produkt\/launch-printed-herren\/\"]}]},{\"@type\":\"ImageObject\",\"inLanguage\":\"de-DE\",\"@id\":\"https:\/\/www.miomiorun.com\/de\/produkt\/launch-printed-herren\/#primaryimage\",\"url\":\"https:\/\/www.miomiorun.com\/app\/uploads\/2025\/12\/uncer-armour-Launch-printed-SS-blue-atlantis-6006110-0402.webp\",\"contentUrl\":\"https:\/\/www.miomiorun.com\/app\/uploads\/2025\/12\/uncer-armour-Launch-printed-SS-blue-atlantis-6006110-0402.webp\",\"width\":720,\"height\":720,\"caption\":\"uncer armour Launch printed SS blue atlantis 6006110-0402\"},{\"@type\":\"BreadcrumbList\",\"@id\":\"https:\/\/www.miomiorun.com\/de\/produkt\/launch-printed-herren\/#breadcrumb\",\"itemListElement\":[{\"@type\":\"ListItem\",\"position\":1,\"name\":\"Home\",\"item\":\"https:\/\/www.miomiorun.com\/de\/\"},{\"@type\":\"ListItem\",\"position\":2,\"name\":\"Shop\",\"item\":\"https:\/\/www.miomiorun.com\/shop\/\"},{\"@type\":\"ListItem\",\"position\":3,\"name\":\"Launch printed herren\"}]},{\"@type\":\"WebSite\",\"@id\":\"https:\/\/www.miomiorun.com\/de\/#website\",\"url\":\"https:\/\/www.miomiorun.com\/de\/\",\"name\":\"MioMioRun\",\"description\":\"100% Lauf- und Trailshop\",\"publisher\":{\"@id\":\"https:\/\/www.miomiorun.com\/de\/#organization\"},\"potentialAction\":[{\"@type\":\"SearchAction\",\"target\":{\"@type\":\"EntryPoint\",\"urlTemplate\":\"https:\/\/www.miomiorun.com\/de\/?s={search_term_string}\"},\"query-input\":{\"@type\":\"PropertyValueSpecification\",\"valueRequired\":true,\"valueName\":\"search_term_string\"}}],\"inLanguage\":\"de-DE\"},{\"@type\":\"Organization\",\"@id\":\"https:\/\/www.miomiorun.com\/de\/#organization\",\"name\":\"MioMio Run\",\"url\":\"https:\/\/www.miomiorun.com\/de\/\",\"logo\":{\"@type\":\"ImageObject\",\"inLanguage\":\"de-DE\",\"@id\":\"https:\/\/www.miomiorun.com\/de\/#\/schema\/logo\/image\/\",\"url\":\"https:\/\/www.miomiorun.com\/app\/uploads\/2019\/12\/logomio.png\",\"contentUrl\":\"https:\/\/www.miomiorun.com\/app\/uploads\/2019\/12\/logomio.png\",\"width\":115,\"height\":82,\"caption\":\"MioMio Run\"},\"image\":{\"@id\":\"https:\/\/www.miomiorun.com\/de\/#\/schema\/logo\/image\/\"},\"sameAs\":[\"https:\/\/www.facebook.com\/miomiorun\/\",\"https:\/\/www.instagram.com\/miomiorun\/\"]}]}<\/script>\n<!-- \/ Yoast SEO plugin. -->","yoast_head_json":{"title":"Under Armour Launch printed herren - Lauf-T-Shirt - MioMioRun","description":"Launch Printed: Leichtes und atmungsaktives Laufshirt aus Jacquard, schnell trocknend, 4-Wege-Stretch und geruchsneutralisierende Technologie. Extrem hoher Tragekomfort.","robots":{"index":"index","follow":"follow","max-snippet":"max-snippet:-1","max-image-preview":"max-image-preview:large","max-video-preview":"max-video-preview:-1"},"canonical":"https:\/\/www.miomiorun.com\/de\/produkt\/launch-printed-herren\/","og_locale":"de_DE","og_type":"article","og_title":"Under Armour Launch printed herren - Lauf-T-Shirt - MioMioRun","og_description":"Launch Printed: Leichtes und atmungsaktives Laufshirt aus Jacquard, schnell trocknend, 4-Wege-Stretch und geruchsneutralisierende Technologie. Extrem hoher Tragekomfort.","og_url":"https:\/\/www.miomiorun.com\/de\/produkt\/launch-printed-herren\/","og_site_name":"MioMioRun","article_publisher":"https:\/\/www.facebook.com\/miomiorun\/","article_modified_time":"2026-04-16T17:01:20+00:00","og_image":[{"width":720,"height":720,"url":"https:\/\/www.miomiorun.com\/app\/uploads\/2025\/12\/uncer-armour-Launch-printed-SS-blue-atlantis-6006110-0402.webp","type":"image\/webp"}],"twitter_card":"summary_large_image","twitter_misc":{"Est. reading time":"2 minutes"},"schema":{"@context":"https:\/\/schema.org","@graph":[{"@type":"WebPage","@id":"https:\/\/www.miomiorun.com\/de\/produkt\/launch-printed-herren\/","url":"https:\/\/www.miomiorun.com\/de\/produkt\/launch-printed-herren\/","name":"Under Armour Launch printed herren - Lauf-T-Shirt - MioMioRun","isPartOf":{"@id":"https:\/\/www.miomiorun.com\/de\/#website"},"primaryImageOfPage":{"@id":"https:\/\/www.miomiorun.com\/de\/produkt\/launch-printed-herren\/#primaryimage"},"image":{"@id":"https:\/\/www.miomiorun.com\/de\/produkt\/launch-printed-herren\/#primaryimage"},"thumbnailUrl":"https:\/\/www.miomiorun.com\/app\/uploads\/2025\/12\/uncer-armour-Launch-printed-SS-blue-atlantis-6006110-0402.webp","datePublished":"2025-12-02T09:01:55+00:00","dateModified":"2026-04-16T17:01:20+00:00","description":"Launch Printed: Leichtes und atmungsaktives Laufshirt aus Jacquard, schnell trocknend, 4-Wege-Stretch und geruchsneutralisierende Technologie. Extrem hoher Tragekomfort.","breadcrumb":{"@id":"https:\/\/www.miomiorun.com\/de\/produkt\/launch-printed-herren\/#breadcrumb"},"inLanguage":"de-DE","potentialAction":[{"@type":"ReadAction","target":["https:\/\/www.miomiorun.com\/de\/produkt\/launch-printed-herren\/"]}]},{"@type":"ImageObject","inLanguage":"de-DE","@id":"https:\/\/www.miomiorun.com\/de\/produkt\/launch-printed-herren\/#primaryimage","url":"https:\/\/www.miomiorun.com\/app\/uploads\/2025\/12\/uncer-armour-Launch-printed-SS-blue-atlantis-6006110-0402.webp","contentUrl":"https:\/\/www.miomiorun.com\/app\/uploads\/2025\/12\/uncer-armour-Launch-printed-SS-blue-atlantis-6006110-0402.webp","width":720,"height":720,"caption":"uncer armour Launch printed SS blue atlantis 6006110-0402"},{"@type":"BreadcrumbList","@id":"https:\/\/www.miomiorun.com\/de\/produkt\/launch-printed-herren\/#breadcrumb","itemListElement":[{"@type":"ListItem","position":1,"name":"Home","item":"https:\/\/www.miomiorun.com\/de\/"},{"@type":"ListItem","position":2,"name":"Shop","item":"https:\/\/www.miomiorun.com\/shop\/"},{"@type":"ListItem","position":3,"name":"Launch printed herren"}]},{"@type":"WebSite","@id":"https:\/\/www.miomiorun.com\/de\/#website","url":"https:\/\/www.miomiorun.com\/de\/","name":"MioMioRun","description":"100% Lauf- und Trailshop","publisher":{"@id":"https:\/\/www.miomiorun.com\/de\/#organization"},"potentialAction":[{"@type":"SearchAction","target":{"@type":"EntryPoint","urlTemplate":"https:\/\/www.miomiorun.com\/de\/?s={search_term_string}"},"query-input":{"@type":"PropertyValueSpecification","valueRequired":true,"valueName":"search_term_string"}}],"inLanguage":"de-DE"},{"@type":"Organization","@id":"https:\/\/www.miomiorun.com\/de\/#organization","name":"MioMio Run","url":"https:\/\/www.miomiorun.com\/de\/","logo":{"@type":"ImageObject","inLanguage":"de-DE","@id":"https:\/\/www.miomiorun.com\/de\/#\/schema\/logo\/image\/","url":"https:\/\/www.miomiorun.com\/app\/uploads\/2019\/12\/logomio.png","contentUrl":"https:\/\/www.miomiorun.com\/app\/uploads\/2019\/12\/logomio.png","width":115,"height":82,"caption":"MioMio Run"},"image":{"@id":"https:\/\/www.miomiorun.com\/de\/#\/schema\/logo\/image\/"},"sameAs":["https:\/\/www.facebook.com\/miomiorun\/","https:\/\/www.instagram.com\/miomiorun\/"]}]}},"_links":{"self":[{"href":"https:\/\/www.miomiorun.com\/de\/wp-json\/wp\/v2\/product\/376100","targetHints":{"allow":["GET"]}}],"collection":[{"href":"https:\/\/www.miomiorun.com\/de\/wp-json\/wp\/v2\/product"}],"about":[{"href":"https:\/\/www.miomiorun.com\/de\/wp-json\/wp\/v2\/types\/product"}],"wp:featuredmedia":[{"embeddable":true,"href":"https:\/\/www.miomiorun.com\/de\/wp-json\/wp\/v2\/media\/382928"}],"wp:attachment":[{"href":"https:\/\/www.miomiorun.com\/de\/wp-json\/wp\/v2\/media?parent=376100"}],"wp:term":[{"taxonomy":"product_brand","embeddable":true,"href":"https:\/\/www.miomiorun.com\/de\/wp-json\/wp\/v2\/product_brand?post=376100"},{"taxonomy":"product_cat","embeddable":true,"href":"https:\/\/www.miomiorun.com\/de\/wp-json\/wp\/v2\/product_cat?post=376100"},{"taxonomy":"product_tag","embeddable":true,"href":"https:\/\/www.miomiorun.com\/de\/wp-json\/wp\/v2\/product_tag?post=376100"}],"curies":[{"name":"wp","href":"https:\/\/api.w.org\/{rel}","templated":true}]}}