{"id":376018,"date":"2025-12-01T19:32:19","date_gmt":"2025-12-01T18:32:19","guid":{"rendered":"https:\/\/www.miomiorun.com\/?post_type=product&#038;p=376018"},"modified":"2026-04-16T19:01:31","modified_gmt":"2026-04-16T17:01:31","slug":"velociti-pro-cw-balaclava-herren","status":"publish","type":"product","link":"https:\/\/www.miomiorun.com\/de\/produkt\/velociti-pro-cw-balaclava-herren\/","title":{"rendered":"Velociti pro CW balaclava herren"},"content":{"rendered":"<p data-start=\"233\" data-end=\"619\">Die <strong data-start=\"236\" data-end=\"273\">Velociti Pro CW Balaclava f\u00fcr Herren<\/strong> wurde f\u00fcr das Laufen im Winter entwickelt, wenn K\u00e4lte, Wind und wenig Licht jedes Training zu einer Herausforderung machen. Das <strong data-start=\"404\" data-end=\"421\">doppellagige<\/strong> Material mit extrem warmer, geb\u00fcrsteter Innenseite und glatter, schnell trocknender Au\u00dfenseite speichert die W\u00e4rme effektiv, ohne zu beschweren, und sorgt so f\u00fcr Komfort und Schutz unter h\u00e4rtesten Bedingungen.<\/p>\n<p data-start=\"621\" data-end=\"1052\">Das <strong data-start=\"624\" data-end=\"677\">elastische und wasserabweisende Vorderteil<\/strong> sch\u00fctzt vor den Elementen, w\u00e4hrend die <strong data-start=\"726\" data-end=\"741\">4-Wege-Stretchigkeit<\/strong> fl\u00fcssige und nat\u00fcrliche Bewegungen erm\u00f6glicht. Das Material absorbiert Schwei\u00df und trocknet schnell, sodass Sie beim Laufen immer trocken bleiben. Die <strong data-start=\"887\" data-end=\"914\">integrierte Sturmhaube<\/strong> aus atmungsaktivem Jacquard-Mesh bietet zus\u00e4tzliche W\u00e4rme und Schutz f\u00fcr das Gesicht, ohne die Bel\u00fcftung zu beeintr\u00e4chtigen.<\/p>\n<p data-start=\"1054\" data-end=\"1366\">Abgerundet wird das Kleidungsst\u00fcck durch eine <strong data-start=\"1077\" data-end=\"1114\">Seitentasche mit verdecktem Rei\u00dfverschluss<\/strong> zur Aufbewahrung kleiner Gegenst\u00e4nde und <strong data-start=\"1147\" data-end=\"1169\">Daumenl\u00f6cher<\/strong> mit <strong data-start=\"1174\" data-end=\"1198\">umklappbaren Manschetten<\/strong>, die die \u00c4rmel in Position halten und die W\u00e4rmeregulierung unterst\u00fctzen. Die <strong data-start=\"1274\" data-end=\"1298\">reflektierenden Details<\/strong> verbessern die Sichtbarkeit bei L\u00e4ufen am fr\u00fchen Morgen oder am Abend.<\/p><\/p>\n","protected":false},"excerpt":{"rendered":"<ul>\n<li data-start=\"1612\" data-end=\"1677\">Warmes, doppellagiges Material mit schnell trocknender Au\u00dfenseite<\/li>\n<li data-start=\"1680\" data-end=\"1749\">Integrierte Sturmhaube aus Mesh + wasserabweisendes Frontpanel<\/li>\n<li data-start=\"1752\" data-end=\"1834\">Daumenl\u00f6cher, Rei\u00dfverschlusstasche und reflektierende Details f\u00fcr Sicherheit und Komfort<\/li>\n<\/ul>\n","protected":false},"featured_media":382914,"template":"","meta":{"_acf_changed":false,"inline_featured_image":false},"product_brand":[],"product_cat":[6540,6541],"product_tag":[20482,20497],"class_list":{"0":"post-376018","1":"product","2":"type-product","3":"status-publish","4":"has-post-thumbnail","6":"product_cat-herrenbekleidung","7":"product_cat-langarmshirt","8":"product_tag-under-armour-de","9":"product_tag-under-armour-herren","10":"pa_attivita-gehen","11":"pa_attivita-running-de","12":"pa_colore-velociti-pro-cw-balaclava-jasper-blue-de","13":"pa_marca-under-armour-de","14":"pa_sesso-herren","15":"pa_size-small-de","16":"pa_size-medium-de","17":"pa_size-large-de","19":"first","20":"instock","21":"sale","22":"taxable","23":"shipping-taxable","24":"purchasable","25":"product-type-variable","26":"wvs-archive-product-wrapper"},"acf":[],"yoast_head":"<!-- This site is optimized with the Yoast SEO plugin v26.8 - https:\/\/yoast.com\/product\/yoast-seo-wordpress\/ -->\n<title>Under Armour Velociti pro CW balaclava herren - Laufshirt - MioMioRun<\/title>\n<meta name=\"description\" content=\"Velociti Pro CW Balaclava Herren: Winter-Laufsweatshirt mit integrierter Sturmhaube, wasserabweisendem Einsatz, warmem Material und reflektierenden Details.\" \/>\n<meta name=\"robots\" content=\"index, follow, max-snippet:-1, max-image-preview:large, max-video-preview:-1\" \/>\n<link rel=\"canonical\" href=\"https:\/\/www.miomiorun.com\/de\/produkt\/velociti-pro-cw-balaclava-herren\/\" \/>\n<meta property=\"og:locale\" content=\"de_DE\" \/>\n<meta property=\"og:type\" content=\"article\" \/>\n<meta property=\"og:title\" content=\"Under Armour Velociti pro CW balaclava herren - Laufshirt - MioMioRun\" \/>\n<meta property=\"og:description\" content=\"Velociti Pro CW Balaclava Herren: Winter-Laufsweatshirt mit integrierter Sturmhaube, wasserabweisendem Einsatz, warmem Material und reflektierenden Details.\" \/>\n<meta property=\"og:url\" content=\"https:\/\/www.miomiorun.com\/de\/produkt\/velociti-pro-cw-balaclava-herren\/\" \/>\n<meta property=\"og:site_name\" content=\"MioMioRun\" \/>\n<meta property=\"article:publisher\" content=\"https:\/\/www.facebook.com\/miomiorun\/\" \/>\n<meta property=\"article:modified_time\" content=\"2026-04-16T17:01:31+00:00\" \/>\n<meta property=\"og:image\" content=\"https:\/\/www.miomiorun.com\/app\/uploads\/2025\/12\/under-armour-Velociti-pro-CW-balaclava-jasper-blue-6005969-0587.webp\" \/>\n\t<meta property=\"og:image:width\" content=\"720\" \/>\n\t<meta property=\"og:image:height\" content=\"720\" \/>\n\t<meta property=\"og:image:type\" content=\"image\/webp\" \/>\n<meta name=\"twitter:card\" content=\"summary_large_image\" \/>\n<meta name=\"twitter:label1\" content=\"Est. reading time\" \/>\n\t<meta name=\"twitter:data1\" content=\"2 minutes\" \/>\n<script type=\"application\/ld+json\" class=\"yoast-schema-graph\">{\"@context\":\"https:\/\/schema.org\",\"@graph\":[{\"@type\":\"WebPage\",\"@id\":\"https:\/\/www.miomiorun.com\/de\/produkt\/velociti-pro-cw-balaclava-herren\/\",\"url\":\"https:\/\/www.miomiorun.com\/de\/produkt\/velociti-pro-cw-balaclava-herren\/\",\"name\":\"Under Armour Velociti pro CW balaclava herren - Laufshirt - MioMioRun\",\"isPartOf\":{\"@id\":\"https:\/\/www.miomiorun.com\/de\/#website\"},\"primaryImageOfPage\":{\"@id\":\"https:\/\/www.miomiorun.com\/de\/produkt\/velociti-pro-cw-balaclava-herren\/#primaryimage\"},\"image\":{\"@id\":\"https:\/\/www.miomiorun.com\/de\/produkt\/velociti-pro-cw-balaclava-herren\/#primaryimage\"},\"thumbnailUrl\":\"https:\/\/www.miomiorun.com\/app\/uploads\/2025\/12\/under-armour-Velociti-pro-CW-balaclava-jasper-blue-6005969-0587.webp\",\"datePublished\":\"2025-12-01T18:32:19+00:00\",\"dateModified\":\"2026-04-16T17:01:31+00:00\",\"description\":\"Velociti Pro CW Balaclava Herren: Winter-Laufsweatshirt mit integrierter Sturmhaube, wasserabweisendem Einsatz, warmem Material und reflektierenden Details.\",\"breadcrumb\":{\"@id\":\"https:\/\/www.miomiorun.com\/de\/produkt\/velociti-pro-cw-balaclava-herren\/#breadcrumb\"},\"inLanguage\":\"de-DE\",\"potentialAction\":[{\"@type\":\"ReadAction\",\"target\":[\"https:\/\/www.miomiorun.com\/de\/produkt\/velociti-pro-cw-balaclava-herren\/\"]}]},{\"@type\":\"ImageObject\",\"inLanguage\":\"de-DE\",\"@id\":\"https:\/\/www.miomiorun.com\/de\/produkt\/velociti-pro-cw-balaclava-herren\/#primaryimage\",\"url\":\"https:\/\/www.miomiorun.com\/app\/uploads\/2025\/12\/under-armour-Velociti-pro-CW-balaclava-jasper-blue-6005969-0587.webp\",\"contentUrl\":\"https:\/\/www.miomiorun.com\/app\/uploads\/2025\/12\/under-armour-Velociti-pro-CW-balaclava-jasper-blue-6005969-0587.webp\",\"width\":720,\"height\":720,\"caption\":\"under armour Velociti pro CW balaclava jasper blue 6005969-0587\"},{\"@type\":\"BreadcrumbList\",\"@id\":\"https:\/\/www.miomiorun.com\/de\/produkt\/velociti-pro-cw-balaclava-herren\/#breadcrumb\",\"itemListElement\":[{\"@type\":\"ListItem\",\"position\":1,\"name\":\"Home\",\"item\":\"https:\/\/www.miomiorun.com\/de\/\"},{\"@type\":\"ListItem\",\"position\":2,\"name\":\"Shop\",\"item\":\"https:\/\/www.miomiorun.com\/shop\/\"},{\"@type\":\"ListItem\",\"position\":3,\"name\":\"Velociti pro CW balaclava herren\"}]},{\"@type\":\"WebSite\",\"@id\":\"https:\/\/www.miomiorun.com\/de\/#website\",\"url\":\"https:\/\/www.miomiorun.com\/de\/\",\"name\":\"MioMioRun\",\"description\":\"100% Lauf- und Trailshop\",\"publisher\":{\"@id\":\"https:\/\/www.miomiorun.com\/de\/#organization\"},\"potentialAction\":[{\"@type\":\"SearchAction\",\"target\":{\"@type\":\"EntryPoint\",\"urlTemplate\":\"https:\/\/www.miomiorun.com\/de\/?s={search_term_string}\"},\"query-input\":{\"@type\":\"PropertyValueSpecification\",\"valueRequired\":true,\"valueName\":\"search_term_string\"}}],\"inLanguage\":\"de-DE\"},{\"@type\":\"Organization\",\"@id\":\"https:\/\/www.miomiorun.com\/de\/#organization\",\"name\":\"MioMio Run\",\"url\":\"https:\/\/www.miomiorun.com\/de\/\",\"logo\":{\"@type\":\"ImageObject\",\"inLanguage\":\"de-DE\",\"@id\":\"https:\/\/www.miomiorun.com\/de\/#\/schema\/logo\/image\/\",\"url\":\"https:\/\/www.miomiorun.com\/app\/uploads\/2019\/12\/logomio.png\",\"contentUrl\":\"https:\/\/www.miomiorun.com\/app\/uploads\/2019\/12\/logomio.png\",\"width\":115,\"height\":82,\"caption\":\"MioMio Run\"},\"image\":{\"@id\":\"https:\/\/www.miomiorun.com\/de\/#\/schema\/logo\/image\/\"},\"sameAs\":[\"https:\/\/www.facebook.com\/miomiorun\/\",\"https:\/\/www.instagram.com\/miomiorun\/\"]}]}<\/script>\n<!-- \/ Yoast SEO plugin. -->","yoast_head_json":{"title":"Under Armour Velociti pro CW balaclava herren - Laufshirt - MioMioRun","description":"Velociti Pro CW Balaclava Herren: Winter-Laufsweatshirt mit integrierter Sturmhaube, wasserabweisendem Einsatz, warmem Material und reflektierenden Details.","robots":{"index":"index","follow":"follow","max-snippet":"max-snippet:-1","max-image-preview":"max-image-preview:large","max-video-preview":"max-video-preview:-1"},"canonical":"https:\/\/www.miomiorun.com\/de\/produkt\/velociti-pro-cw-balaclava-herren\/","og_locale":"de_DE","og_type":"article","og_title":"Under Armour Velociti pro CW balaclava herren - Laufshirt - MioMioRun","og_description":"Velociti Pro CW Balaclava Herren: Winter-Laufsweatshirt mit integrierter Sturmhaube, wasserabweisendem Einsatz, warmem Material und reflektierenden Details.","og_url":"https:\/\/www.miomiorun.com\/de\/produkt\/velociti-pro-cw-balaclava-herren\/","og_site_name":"MioMioRun","article_publisher":"https:\/\/www.facebook.com\/miomiorun\/","article_modified_time":"2026-04-16T17:01:31+00:00","og_image":[{"width":720,"height":720,"url":"https:\/\/www.miomiorun.com\/app\/uploads\/2025\/12\/under-armour-Velociti-pro-CW-balaclava-jasper-blue-6005969-0587.webp","type":"image\/webp"}],"twitter_card":"summary_large_image","twitter_misc":{"Est. reading time":"2 minutes"},"schema":{"@context":"https:\/\/schema.org","@graph":[{"@type":"WebPage","@id":"https:\/\/www.miomiorun.com\/de\/produkt\/velociti-pro-cw-balaclava-herren\/","url":"https:\/\/www.miomiorun.com\/de\/produkt\/velociti-pro-cw-balaclava-herren\/","name":"Under Armour Velociti pro CW balaclava herren - Laufshirt - MioMioRun","isPartOf":{"@id":"https:\/\/www.miomiorun.com\/de\/#website"},"primaryImageOfPage":{"@id":"https:\/\/www.miomiorun.com\/de\/produkt\/velociti-pro-cw-balaclava-herren\/#primaryimage"},"image":{"@id":"https:\/\/www.miomiorun.com\/de\/produkt\/velociti-pro-cw-balaclava-herren\/#primaryimage"},"thumbnailUrl":"https:\/\/www.miomiorun.com\/app\/uploads\/2025\/12\/under-armour-Velociti-pro-CW-balaclava-jasper-blue-6005969-0587.webp","datePublished":"2025-12-01T18:32:19+00:00","dateModified":"2026-04-16T17:01:31+00:00","description":"Velociti Pro CW Balaclava Herren: Winter-Laufsweatshirt mit integrierter Sturmhaube, wasserabweisendem Einsatz, warmem Material und reflektierenden Details.","breadcrumb":{"@id":"https:\/\/www.miomiorun.com\/de\/produkt\/velociti-pro-cw-balaclava-herren\/#breadcrumb"},"inLanguage":"de-DE","potentialAction":[{"@type":"ReadAction","target":["https:\/\/www.miomiorun.com\/de\/produkt\/velociti-pro-cw-balaclava-herren\/"]}]},{"@type":"ImageObject","inLanguage":"de-DE","@id":"https:\/\/www.miomiorun.com\/de\/produkt\/velociti-pro-cw-balaclava-herren\/#primaryimage","url":"https:\/\/www.miomiorun.com\/app\/uploads\/2025\/12\/under-armour-Velociti-pro-CW-balaclava-jasper-blue-6005969-0587.webp","contentUrl":"https:\/\/www.miomiorun.com\/app\/uploads\/2025\/12\/under-armour-Velociti-pro-CW-balaclava-jasper-blue-6005969-0587.webp","width":720,"height":720,"caption":"under armour Velociti pro CW balaclava jasper blue 6005969-0587"},{"@type":"BreadcrumbList","@id":"https:\/\/www.miomiorun.com\/de\/produkt\/velociti-pro-cw-balaclava-herren\/#breadcrumb","itemListElement":[{"@type":"ListItem","position":1,"name":"Home","item":"https:\/\/www.miomiorun.com\/de\/"},{"@type":"ListItem","position":2,"name":"Shop","item":"https:\/\/www.miomiorun.com\/shop\/"},{"@type":"ListItem","position":3,"name":"Velociti pro CW balaclava herren"}]},{"@type":"WebSite","@id":"https:\/\/www.miomiorun.com\/de\/#website","url":"https:\/\/www.miomiorun.com\/de\/","name":"MioMioRun","description":"100% Lauf- und Trailshop","publisher":{"@id":"https:\/\/www.miomiorun.com\/de\/#organization"},"potentialAction":[{"@type":"SearchAction","target":{"@type":"EntryPoint","urlTemplate":"https:\/\/www.miomiorun.com\/de\/?s={search_term_string}"},"query-input":{"@type":"PropertyValueSpecification","valueRequired":true,"valueName":"search_term_string"}}],"inLanguage":"de-DE"},{"@type":"Organization","@id":"https:\/\/www.miomiorun.com\/de\/#organization","name":"MioMio Run","url":"https:\/\/www.miomiorun.com\/de\/","logo":{"@type":"ImageObject","inLanguage":"de-DE","@id":"https:\/\/www.miomiorun.com\/de\/#\/schema\/logo\/image\/","url":"https:\/\/www.miomiorun.com\/app\/uploads\/2019\/12\/logomio.png","contentUrl":"https:\/\/www.miomiorun.com\/app\/uploads\/2019\/12\/logomio.png","width":115,"height":82,"caption":"MioMio Run"},"image":{"@id":"https:\/\/www.miomiorun.com\/de\/#\/schema\/logo\/image\/"},"sameAs":["https:\/\/www.facebook.com\/miomiorun\/","https:\/\/www.instagram.com\/miomiorun\/"]}]}},"_links":{"self":[{"href":"https:\/\/www.miomiorun.com\/de\/wp-json\/wp\/v2\/product\/376018","targetHints":{"allow":["GET"]}}],"collection":[{"href":"https:\/\/www.miomiorun.com\/de\/wp-json\/wp\/v2\/product"}],"about":[{"href":"https:\/\/www.miomiorun.com\/de\/wp-json\/wp\/v2\/types\/product"}],"wp:featuredmedia":[{"embeddable":true,"href":"https:\/\/www.miomiorun.com\/de\/wp-json\/wp\/v2\/media\/382914"}],"wp:attachment":[{"href":"https:\/\/www.miomiorun.com\/de\/wp-json\/wp\/v2\/media?parent=376018"}],"wp:term":[{"taxonomy":"product_brand","embeddable":true,"href":"https:\/\/www.miomiorun.com\/de\/wp-json\/wp\/v2\/product_brand?post=376018"},{"taxonomy":"product_cat","embeddable":true,"href":"https:\/\/www.miomiorun.com\/de\/wp-json\/wp\/v2\/product_cat?post=376018"},{"taxonomy":"product_tag","embeddable":true,"href":"https:\/\/www.miomiorun.com\/de\/wp-json\/wp\/v2\/product_tag?post=376018"}],"curies":[{"name":"wp","href":"https:\/\/api.w.org\/{rel}","templated":true}]}}