{"id":375701,"date":"2025-11-29T18:12:31","date_gmt":"2025-11-29T17:12:31","guid":{"rendered":"https:\/\/www.miomiorun.com\/?post_type=product&#038;p=375701"},"modified":"2026-04-16T19:01:39","modified_gmt":"2026-04-16T17:01:39","slug":"infinite-pro-2-storm","status":"publish","type":"product","link":"https:\/\/www.miomiorun.com\/de\/produkt\/infinite-pro-2-storm\/","title":{"rendered":"Infinite Pro 2 storm"},"content":{"rendered":"<div class=\"vc-row container\"><div class=\"vc-column\"><div class=\"vc-column-text\"><\/p>\n<h4>Technische Daten<\/h4>\n<p>Kategorie: Top-D\u00e4mpfung.<br \/>\nOffset: 8 mm<br \/>\nGewicht: 306 g<br \/>\nIdeal f\u00fcr: L\u00e4ufer mit neutralem Fu\u00dfabdruck, die ein Modell suchen, das eine gute D\u00e4mpfung und optimale Vielseitigkeit f\u00fcr L\u00e4ufe und Wanderungen \u00fcber lange oder mittlere Distanzen bietet.<br \/>\nGewicht des Athleten: 75 kg<br \/>\nLaufgeschwindigkeit: mittel (5 min\/km)<br \/>\n<a href=\"https:\/\/miomiorun.com\/guida-alle-specifiche-tecniche\/\">Leitfaden zu den technischen Spezifikationen<\/a><\/p>\n<p><\/div><\/div><div class=\"vc-column\"><div class=\"vc-column-text\"><\/p>\n<p data-start=\"154\" data-end=\"591\">Die <strong data-start=\"157\" data-end=\"184\">UA Infinite Pro 2 Storm<\/strong> sind f\u00fcr alle gedacht, die mit weniger Erm\u00fcdung weiter laufen m\u00f6chten. Dank der neuen <strong data-start=\"293\" data-end=\"305\">UA HOVR+<\/strong>-D\u00e4mpfung bieten sie eine \u00fcberragende Reaktionsf\u00e4higkeit, die die Belastung bei jedem Schritt reduziert und Energie zur\u00fcckgibt, damit du immer weiter kommst. Die <strong data-start=\"439\" data-end=\"451\">UA Storm<\/strong>-Technologie im Obermaterial weist Wasser ab, ohne die Atmungsaktivit\u00e4t zu beeintr\u00e4chtigen, sodass du auch bei wechselhaften Wetterbedingungen trainieren kannst.<\/p>\n<p data-start=\"593\" data-end=\"1108\">Die Passform ist weich und stabil dank des <strong data-start=\"642\" data-end=\"692\">gepolsterten Futters am Kragen und an der Zunge<\/strong>, w\u00e4hrend das Design der Ferse f\u00fcr sanfte Landungen, weniger St\u00f6\u00dfe und mehr Stabilit\u00e4t sorgt. Die <strong data-start=\"838\" data-end=\"850\">2-lagige<\/strong> Zwischensohle mit EVA-Schaumstoffunterst\u00fctzung kombiniert Weichheit und Halt f\u00fcr einen ausgewogeneren Schritt. Die Gummisohle wurde entwickelt, um die perfekte Mischung aus <strong data-start=\"1005\" data-end=\"1052\">Widerstandsf\u00e4higkeit, Leichtigkeit und Energier\u00fcckgabe<\/strong> zu bieten und sorgt f\u00fcr Grip und Langlebigkeit in den Bereichen mit h\u00f6chster Abnutzung.<\/p>\n<p data-start=\"1110\" data-end=\"1220\">Ein kompletter Schuh, ideal f\u00fcr alle, die auch bei Regen Schutz, Reaktionsf\u00e4higkeit und hohe Leistung suchen.<\/p>\n<p><\/div><\/div><\/div><\/p>\n","protected":false},"excerpt":{"rendered":"<ul>\n<li data-start=\"1458\" data-end=\"1520\">Obermaterial mit UA Storm-Technologie: wasserabweisend und atmungsaktiv<\/li>\n<li data-start=\"1523\" data-end=\"1601\">Reaktionsfreudige UA HOVR+-D\u00e4mpfung f\u00fcr weniger Aufprall und mehr Energier\u00fcckgabe<\/li>\n<li data-start=\"1604\" data-end=\"1678\">Stabilisierende Ferse, 2-lagige Zwischensohle und strapazierf\u00e4hige Gummisohle<\/li>\n<\/ul>\n","protected":false},"featured_media":377683,"template":"","meta":{"_acf_changed":false,"inline_featured_image":false},"product_brand":[],"product_cat":[6507,6506,6474,6475],"product_tag":[20482,20495,20497],"class_list":{"0":"post-375701","1":"product","2":"type-product","3":"status-publish","4":"has-post-thumbnail","6":"product_cat-herren-schuhe-de","7":"product_cat-neutrale-herren-schuhe-de","8":"product_cat-damenschuhe","9":"product_cat-neutral","10":"product_tag-under-armour-de","11":"product_tag-under-armour-damen","12":"product_tag-under-armour-herren","13":"pa_attivita-fitness-de","14":"pa_attivita-gehen","15":"pa_attivita-running-de","16":"pa_colore-infinite-pro-2-storm-de","17":"pa_marca-under-armour-de","18":"pa_sesso-herren","19":"pa_size-38-de","20":"pa_size-38-5-de","21":"pa_size-40-5-de","22":"pa_size-41-de","23":"pa_size-43-de","24":"pa_size-45-de","26":"first","27":"instock","28":"sale","29":"taxable","30":"shipping-taxable","31":"purchasable","32":"product-type-variable","33":"wvs-archive-product-wrapper"},"acf":[],"yoast_head":"<!-- This site is optimized with the Yoast SEO plugin v26.8 - https:\/\/yoast.com\/product\/yoast-seo-wordpress\/ -->\n<title>Under Armour Infinite Pro 2 storm - Laufschuhe - MioMioRun.com<\/title>\n<meta name=\"description\" content=\"UA Infinite Pro 2 Storm: wasserabweisende Laufschuhe mit reaktionsfreudigem UA HOVR+, UA Storm-Obermaterial und weichen Landungen. Stabilit\u00e4t, Komfort und Energie\" \/>\n<meta name=\"robots\" content=\"index, follow, max-snippet:-1, max-image-preview:large, max-video-preview:-1\" \/>\n<link rel=\"canonical\" href=\"https:\/\/www.miomiorun.com\/de\/produkt\/infinite-pro-2-storm\/\" \/>\n<meta property=\"og:locale\" content=\"de_DE\" \/>\n<meta property=\"og:type\" content=\"article\" \/>\n<meta property=\"og:title\" content=\"Under Armour Infinite Pro 2 storm - Laufschuhe - MioMioRun.com\" \/>\n<meta property=\"og:description\" content=\"UA Infinite Pro 2 Storm: wasserabweisende Laufschuhe mit reaktionsfreudigem UA HOVR+, UA Storm-Obermaterial und weichen Landungen. Stabilit\u00e4t, Komfort und Energie\" \/>\n<meta property=\"og:url\" content=\"https:\/\/www.miomiorun.com\/de\/produkt\/infinite-pro-2-storm\/\" \/>\n<meta property=\"og:site_name\" content=\"MioMioRun\" \/>\n<meta property=\"article:publisher\" content=\"https:\/\/www.facebook.com\/miomiorun\/\" \/>\n<meta property=\"article:modified_time\" content=\"2026-04-16T17:01:39+00:00\" \/>\n<meta property=\"og:image\" content=\"https:\/\/www.miomiorun.com\/app\/uploads\/2025\/12\/under-armour-Infinite-Pro-2-storm-6000018-0023.webp\" \/>\n\t<meta property=\"og:image:width\" content=\"720\" \/>\n\t<meta property=\"og:image:height\" content=\"720\" \/>\n\t<meta property=\"og:image:type\" content=\"image\/webp\" \/>\n<meta name=\"twitter:card\" content=\"summary_large_image\" \/>\n<meta name=\"twitter:label1\" content=\"Est. reading time\" \/>\n\t<meta name=\"twitter:data1\" content=\"2 minutes\" \/>\n<script type=\"application\/ld+json\" class=\"yoast-schema-graph\">{\"@context\":\"https:\/\/schema.org\",\"@graph\":[{\"@type\":\"WebPage\",\"@id\":\"https:\/\/www.miomiorun.com\/de\/produkt\/infinite-pro-2-storm\/\",\"url\":\"https:\/\/www.miomiorun.com\/de\/produkt\/infinite-pro-2-storm\/\",\"name\":\"Under Armour Infinite Pro 2 storm - Laufschuhe - MioMioRun.com\",\"isPartOf\":{\"@id\":\"https:\/\/www.miomiorun.com\/de\/#website\"},\"primaryImageOfPage\":{\"@id\":\"https:\/\/www.miomiorun.com\/de\/produkt\/infinite-pro-2-storm\/#primaryimage\"},\"image\":{\"@id\":\"https:\/\/www.miomiorun.com\/de\/produkt\/infinite-pro-2-storm\/#primaryimage\"},\"thumbnailUrl\":\"https:\/\/www.miomiorun.com\/app\/uploads\/2025\/12\/under-armour-Infinite-Pro-2-storm-6000018-0023.webp\",\"datePublished\":\"2025-11-29T17:12:31+00:00\",\"dateModified\":\"2026-04-16T17:01:39+00:00\",\"description\":\"UA Infinite Pro 2 Storm: wasserabweisende Laufschuhe mit reaktionsfreudigem UA HOVR+, UA Storm-Obermaterial und weichen Landungen. Stabilit\u00e4t, Komfort und Energie\",\"breadcrumb\":{\"@id\":\"https:\/\/www.miomiorun.com\/de\/produkt\/infinite-pro-2-storm\/#breadcrumb\"},\"inLanguage\":\"de-DE\",\"potentialAction\":[{\"@type\":\"ReadAction\",\"target\":[\"https:\/\/www.miomiorun.com\/de\/produkt\/infinite-pro-2-storm\/\"]}]},{\"@type\":\"ImageObject\",\"inLanguage\":\"de-DE\",\"@id\":\"https:\/\/www.miomiorun.com\/de\/produkt\/infinite-pro-2-storm\/#primaryimage\",\"url\":\"https:\/\/www.miomiorun.com\/app\/uploads\/2025\/12\/under-armour-Infinite-Pro-2-storm-6000018-0023.webp\",\"contentUrl\":\"https:\/\/www.miomiorun.com\/app\/uploads\/2025\/12\/under-armour-Infinite-Pro-2-storm-6000018-0023.webp\",\"width\":720,\"height\":720,\"caption\":\"under armour Infinite Pro 2 storm 6000018-0023\"},{\"@type\":\"BreadcrumbList\",\"@id\":\"https:\/\/www.miomiorun.com\/de\/produkt\/infinite-pro-2-storm\/#breadcrumb\",\"itemListElement\":[{\"@type\":\"ListItem\",\"position\":1,\"name\":\"Home\",\"item\":\"https:\/\/www.miomiorun.com\/de\/\"},{\"@type\":\"ListItem\",\"position\":2,\"name\":\"Shop\",\"item\":\"https:\/\/www.miomiorun.com\/shop\/\"},{\"@type\":\"ListItem\",\"position\":3,\"name\":\"Infinite Pro 2 storm\"}]},{\"@type\":\"WebSite\",\"@id\":\"https:\/\/www.miomiorun.com\/de\/#website\",\"url\":\"https:\/\/www.miomiorun.com\/de\/\",\"name\":\"MioMioRun\",\"description\":\"100% Lauf- und Trailshop\",\"publisher\":{\"@id\":\"https:\/\/www.miomiorun.com\/de\/#organization\"},\"potentialAction\":[{\"@type\":\"SearchAction\",\"target\":{\"@type\":\"EntryPoint\",\"urlTemplate\":\"https:\/\/www.miomiorun.com\/de\/?s={search_term_string}\"},\"query-input\":{\"@type\":\"PropertyValueSpecification\",\"valueRequired\":true,\"valueName\":\"search_term_string\"}}],\"inLanguage\":\"de-DE\"},{\"@type\":\"Organization\",\"@id\":\"https:\/\/www.miomiorun.com\/de\/#organization\",\"name\":\"MioMio Run\",\"url\":\"https:\/\/www.miomiorun.com\/de\/\",\"logo\":{\"@type\":\"ImageObject\",\"inLanguage\":\"de-DE\",\"@id\":\"https:\/\/www.miomiorun.com\/de\/#\/schema\/logo\/image\/\",\"url\":\"https:\/\/www.miomiorun.com\/app\/uploads\/2019\/12\/logomio.png\",\"contentUrl\":\"https:\/\/www.miomiorun.com\/app\/uploads\/2019\/12\/logomio.png\",\"width\":115,\"height\":82,\"caption\":\"MioMio Run\"},\"image\":{\"@id\":\"https:\/\/www.miomiorun.com\/de\/#\/schema\/logo\/image\/\"},\"sameAs\":[\"https:\/\/www.facebook.com\/miomiorun\/\",\"https:\/\/www.instagram.com\/miomiorun\/\"]}]}<\/script>\n<!-- \/ Yoast SEO plugin. -->","yoast_head_json":{"title":"Under Armour Infinite Pro 2 storm - Laufschuhe - MioMioRun.com","description":"UA Infinite Pro 2 Storm: wasserabweisende Laufschuhe mit reaktionsfreudigem UA HOVR+, UA Storm-Obermaterial und weichen Landungen. Stabilit\u00e4t, Komfort und Energie","robots":{"index":"index","follow":"follow","max-snippet":"max-snippet:-1","max-image-preview":"max-image-preview:large","max-video-preview":"max-video-preview:-1"},"canonical":"https:\/\/www.miomiorun.com\/de\/produkt\/infinite-pro-2-storm\/","og_locale":"de_DE","og_type":"article","og_title":"Under Armour Infinite Pro 2 storm - Laufschuhe - MioMioRun.com","og_description":"UA Infinite Pro 2 Storm: wasserabweisende Laufschuhe mit reaktionsfreudigem UA HOVR+, UA Storm-Obermaterial und weichen Landungen. Stabilit\u00e4t, Komfort und Energie","og_url":"https:\/\/www.miomiorun.com\/de\/produkt\/infinite-pro-2-storm\/","og_site_name":"MioMioRun","article_publisher":"https:\/\/www.facebook.com\/miomiorun\/","article_modified_time":"2026-04-16T17:01:39+00:00","og_image":[{"width":720,"height":720,"url":"https:\/\/www.miomiorun.com\/app\/uploads\/2025\/12\/under-armour-Infinite-Pro-2-storm-6000018-0023.webp","type":"image\/webp"}],"twitter_card":"summary_large_image","twitter_misc":{"Est. reading time":"2 minutes"},"schema":{"@context":"https:\/\/schema.org","@graph":[{"@type":"WebPage","@id":"https:\/\/www.miomiorun.com\/de\/produkt\/infinite-pro-2-storm\/","url":"https:\/\/www.miomiorun.com\/de\/produkt\/infinite-pro-2-storm\/","name":"Under Armour Infinite Pro 2 storm - Laufschuhe - MioMioRun.com","isPartOf":{"@id":"https:\/\/www.miomiorun.com\/de\/#website"},"primaryImageOfPage":{"@id":"https:\/\/www.miomiorun.com\/de\/produkt\/infinite-pro-2-storm\/#primaryimage"},"image":{"@id":"https:\/\/www.miomiorun.com\/de\/produkt\/infinite-pro-2-storm\/#primaryimage"},"thumbnailUrl":"https:\/\/www.miomiorun.com\/app\/uploads\/2025\/12\/under-armour-Infinite-Pro-2-storm-6000018-0023.webp","datePublished":"2025-11-29T17:12:31+00:00","dateModified":"2026-04-16T17:01:39+00:00","description":"UA Infinite Pro 2 Storm: wasserabweisende Laufschuhe mit reaktionsfreudigem UA HOVR+, UA Storm-Obermaterial und weichen Landungen. Stabilit\u00e4t, Komfort und Energie","breadcrumb":{"@id":"https:\/\/www.miomiorun.com\/de\/produkt\/infinite-pro-2-storm\/#breadcrumb"},"inLanguage":"de-DE","potentialAction":[{"@type":"ReadAction","target":["https:\/\/www.miomiorun.com\/de\/produkt\/infinite-pro-2-storm\/"]}]},{"@type":"ImageObject","inLanguage":"de-DE","@id":"https:\/\/www.miomiorun.com\/de\/produkt\/infinite-pro-2-storm\/#primaryimage","url":"https:\/\/www.miomiorun.com\/app\/uploads\/2025\/12\/under-armour-Infinite-Pro-2-storm-6000018-0023.webp","contentUrl":"https:\/\/www.miomiorun.com\/app\/uploads\/2025\/12\/under-armour-Infinite-Pro-2-storm-6000018-0023.webp","width":720,"height":720,"caption":"under armour Infinite Pro 2 storm 6000018-0023"},{"@type":"BreadcrumbList","@id":"https:\/\/www.miomiorun.com\/de\/produkt\/infinite-pro-2-storm\/#breadcrumb","itemListElement":[{"@type":"ListItem","position":1,"name":"Home","item":"https:\/\/www.miomiorun.com\/de\/"},{"@type":"ListItem","position":2,"name":"Shop","item":"https:\/\/www.miomiorun.com\/shop\/"},{"@type":"ListItem","position":3,"name":"Infinite Pro 2 storm"}]},{"@type":"WebSite","@id":"https:\/\/www.miomiorun.com\/de\/#website","url":"https:\/\/www.miomiorun.com\/de\/","name":"MioMioRun","description":"100% Lauf- und Trailshop","publisher":{"@id":"https:\/\/www.miomiorun.com\/de\/#organization"},"potentialAction":[{"@type":"SearchAction","target":{"@type":"EntryPoint","urlTemplate":"https:\/\/www.miomiorun.com\/de\/?s={search_term_string}"},"query-input":{"@type":"PropertyValueSpecification","valueRequired":true,"valueName":"search_term_string"}}],"inLanguage":"de-DE"},{"@type":"Organization","@id":"https:\/\/www.miomiorun.com\/de\/#organization","name":"MioMio Run","url":"https:\/\/www.miomiorun.com\/de\/","logo":{"@type":"ImageObject","inLanguage":"de-DE","@id":"https:\/\/www.miomiorun.com\/de\/#\/schema\/logo\/image\/","url":"https:\/\/www.miomiorun.com\/app\/uploads\/2019\/12\/logomio.png","contentUrl":"https:\/\/www.miomiorun.com\/app\/uploads\/2019\/12\/logomio.png","width":115,"height":82,"caption":"MioMio Run"},"image":{"@id":"https:\/\/www.miomiorun.com\/de\/#\/schema\/logo\/image\/"},"sameAs":["https:\/\/www.facebook.com\/miomiorun\/","https:\/\/www.instagram.com\/miomiorun\/"]}]}},"_links":{"self":[{"href":"https:\/\/www.miomiorun.com\/de\/wp-json\/wp\/v2\/product\/375701","targetHints":{"allow":["GET"]}}],"collection":[{"href":"https:\/\/www.miomiorun.com\/de\/wp-json\/wp\/v2\/product"}],"about":[{"href":"https:\/\/www.miomiorun.com\/de\/wp-json\/wp\/v2\/types\/product"}],"wp:featuredmedia":[{"embeddable":true,"href":"https:\/\/www.miomiorun.com\/de\/wp-json\/wp\/v2\/media\/377683"}],"wp:attachment":[{"href":"https:\/\/www.miomiorun.com\/de\/wp-json\/wp\/v2\/media?parent=375701"}],"wp:term":[{"taxonomy":"product_brand","embeddable":true,"href":"https:\/\/www.miomiorun.com\/de\/wp-json\/wp\/v2\/product_brand?post=375701"},{"taxonomy":"product_cat","embeddable":true,"href":"https:\/\/www.miomiorun.com\/de\/wp-json\/wp\/v2\/product_cat?post=375701"},{"taxonomy":"product_tag","embeddable":true,"href":"https:\/\/www.miomiorun.com\/de\/wp-json\/wp\/v2\/product_tag?post=375701"}],"curies":[{"name":"wp","href":"https:\/\/api.w.org\/{rel}","templated":true}]}}