{"id":375630,"date":"2025-11-29T12:27:12","date_gmt":"2025-11-29T11:27:12","guid":{"rendered":"https:\/\/www.miomiorun.com\/?post_type=product&#038;p=375630"},"modified":"2026-04-16T19:01:53","modified_gmt":"2026-04-16T17:01:53","slug":"velociti-pro-storm-jacket-herren","status":"publish","type":"product","link":"https:\/\/www.miomiorun.com\/de\/produkt\/velociti-pro-storm-jacket-herren\/","title":{"rendered":"Velociti Pro Storm Jacket herren"},"content":{"rendered":"<p data-start=\"156\" data-end=\"594\">Die <strong data-start=\"159\" data-end=\"188\">Velociti Pro Storm Jacket<\/strong> ist die ideale Wahl, um auch bei schlechtem Wetter weiterzulaufen. Dank der <strong data-start=\"301\" data-end=\"313\">UA Storm<\/strong>-Technologie ist sie wasserabweisend, ohne die Atmungsaktivit\u00e4t zu beeintr\u00e4chtigen, sodass du auch bei Regen ein konstantes Tempo halten kannst. Das Material ist unglaublich <strong data-start=\"469\" data-end=\"497\">leicht und elastisch<\/strong> und verf\u00fcgt \u00fcber einen <strong data-start=\"528\" data-end=\"539\">Ripstop<\/strong>-Einsatz auf der Vorderseite, der die Haltbarkeit und den Schutz erh\u00f6ht, ohne zus\u00e4tzliches Gewicht zu verursachen.<\/p>\n<p data-start=\"596\" data-end=\"1211\">Die \u00d6ffnungen vorne und hinten sorgen f\u00fcr eine hervorragende Luftzirkulation und verhindern eine \u00dcberhitzung w\u00e4hrend des Trainings. Die <strong data-start=\"734\" data-end=\"758\">verstellbare Kapuze<\/strong> sch\u00fctzt dich vor den Elementen, w\u00e4hrend die <strong data-start=\"795\" data-end=\"813\">Rei\u00dfverschlusstaschen<\/strong> und die Innentasche f\u00fcr Multimedia-Ger\u00e4te dir den n\u00f6tigen Stauraum bieten. Die <strong data-start=\"911\" data-end=\"936\">elastischen B\u00fcndchen<\/strong> sorgen f\u00fcr eine schlanke und bequeme Passform. Nicht zu vergessen sind die <strong data-start=\"1005\" data-end=\"1029\">reflektierenden Details<\/strong>, die f\u00fcr die Sichtbarkeit bei L\u00e4ufen bei schlechten Lichtverh\u00e4ltnissen unerl\u00e4sslich sind. Dar\u00fcber hinaus besteht das Hauptmaterial zu mindestens <strong data-start=\"1146\" data-end=\"1177\">80 % aus recyceltem Polyester<\/strong>, was eine verantwortungsbewusstere Wahl darstellt.<\/p><\/p>\n","protected":false},"excerpt":{"rendered":"<ul>\n<li data-start=\"1471\" data-end=\"1532\">UA Storm-Technologie: wasserabweisend und hoch atmungsaktiv<\/li>\n<li data-start=\"1535\" data-end=\"1620\">Leichtes, elastisches Material mit Ripstop-Einsatz vorne f\u00fcr mehr Strapazierf\u00e4higkeit<\/li>\n<li data-start=\"1623\" data-end=\"1712\">Bel\u00fcftungs\u00f6ffnungen + verstellbare Kapuze + Rei\u00dfverschlusstaschen und reflektierende Details<\/li>\n<\/ul>\n","protected":false},"featured_media":382893,"template":"","meta":{"_acf_changed":false,"inline_featured_image":false},"product_brand":[],"product_cat":[6540,6512],"product_tag":[20482,20497],"class_list":{"0":"post-375630","1":"product","2":"type-product","3":"status-publish","4":"has-post-thumbnail","6":"product_cat-herrenbekleidung","7":"product_cat-jacken","8":"product_tag-under-armour-de","9":"product_tag-under-armour-herren","10":"pa_attivita-fitness-de","11":"pa_attivita-gehen","12":"pa_attivita-lifestyle-de","13":"pa_attivita-running-de","14":"pa_colore-velociti-pro-strom-jacket-anthracite-de","15":"pa_marca-under-armour-de","16":"pa_sesso-herren","17":"pa_size-small-de","18":"pa_size-medium-de","19":"pa_size-large-de","21":"first","22":"instock","23":"sale","24":"taxable","25":"shipping-taxable","26":"purchasable","27":"product-type-variable","28":"wvs-archive-product-wrapper"},"acf":[],"yoast_head":"<!-- This site is optimized with the Yoast SEO plugin v26.8 - https:\/\/yoast.com\/product\/yoast-seo-wordpress\/ -->\n<title>Under Armour Velociti Pro Storm Jacket herren - wasserabweisende Jacke- MioMioRun<\/title>\n<meta name=\"description\" content=\"Velociti Pro Storm Jacket: wasserabweisende, leichte und atmungsaktive Laufjacke mit UA Storm, Ripstop-Einsatz, verstellbarer Kapuze und reflektierenden Details.\" \/>\n<meta name=\"robots\" content=\"index, follow, max-snippet:-1, max-image-preview:large, max-video-preview:-1\" \/>\n<link rel=\"canonical\" href=\"https:\/\/www.miomiorun.com\/de\/produkt\/velociti-pro-storm-jacket-herren\/\" \/>\n<meta property=\"og:locale\" content=\"de_DE\" \/>\n<meta property=\"og:type\" content=\"article\" \/>\n<meta property=\"og:title\" content=\"Under Armour Velociti Pro Storm Jacket herren - wasserabweisende Jacke- MioMioRun\" \/>\n<meta property=\"og:description\" content=\"Velociti Pro Storm Jacket: wasserabweisende, leichte und atmungsaktive Laufjacke mit UA Storm, Ripstop-Einsatz, verstellbarer Kapuze und reflektierenden Details.\" \/>\n<meta property=\"og:url\" content=\"https:\/\/www.miomiorun.com\/de\/produkt\/velociti-pro-storm-jacket-herren\/\" \/>\n<meta property=\"og:site_name\" content=\"MioMioRun\" \/>\n<meta property=\"article:publisher\" content=\"https:\/\/www.facebook.com\/miomiorun\/\" \/>\n<meta property=\"article:modified_time\" content=\"2026-04-16T17:01:53+00:00\" \/>\n<meta property=\"og:image\" content=\"https:\/\/www.miomiorun.com\/app\/uploads\/2025\/12\/under-armour-Velociti-pro-strom-jacket-anthracite-6005897-0016.webp\" \/>\n\t<meta property=\"og:image:width\" content=\"720\" \/>\n\t<meta property=\"og:image:height\" content=\"720\" \/>\n\t<meta property=\"og:image:type\" content=\"image\/webp\" \/>\n<meta name=\"twitter:card\" content=\"summary_large_image\" \/>\n<meta name=\"twitter:label1\" content=\"Est. reading time\" \/>\n\t<meta name=\"twitter:data1\" content=\"2 minutes\" \/>\n<script type=\"application\/ld+json\" class=\"yoast-schema-graph\">{\"@context\":\"https:\/\/schema.org\",\"@graph\":[{\"@type\":\"WebPage\",\"@id\":\"https:\/\/www.miomiorun.com\/de\/produkt\/velociti-pro-storm-jacket-herren\/\",\"url\":\"https:\/\/www.miomiorun.com\/de\/produkt\/velociti-pro-storm-jacket-herren\/\",\"name\":\"Under Armour Velociti Pro Storm Jacket herren - wasserabweisende Jacke- MioMioRun\",\"isPartOf\":{\"@id\":\"https:\/\/www.miomiorun.com\/de\/#website\"},\"primaryImageOfPage\":{\"@id\":\"https:\/\/www.miomiorun.com\/de\/produkt\/velociti-pro-storm-jacket-herren\/#primaryimage\"},\"image\":{\"@id\":\"https:\/\/www.miomiorun.com\/de\/produkt\/velociti-pro-storm-jacket-herren\/#primaryimage\"},\"thumbnailUrl\":\"https:\/\/www.miomiorun.com\/app\/uploads\/2025\/12\/under-armour-Velociti-pro-strom-jacket-anthracite-6005897-0016.webp\",\"datePublished\":\"2025-11-29T11:27:12+00:00\",\"dateModified\":\"2026-04-16T17:01:53+00:00\",\"description\":\"Velociti Pro Storm Jacket: wasserabweisende, leichte und atmungsaktive Laufjacke mit UA Storm, Ripstop-Einsatz, verstellbarer Kapuze und reflektierenden Details.\",\"breadcrumb\":{\"@id\":\"https:\/\/www.miomiorun.com\/de\/produkt\/velociti-pro-storm-jacket-herren\/#breadcrumb\"},\"inLanguage\":\"de-DE\",\"potentialAction\":[{\"@type\":\"ReadAction\",\"target\":[\"https:\/\/www.miomiorun.com\/de\/produkt\/velociti-pro-storm-jacket-herren\/\"]}]},{\"@type\":\"ImageObject\",\"inLanguage\":\"de-DE\",\"@id\":\"https:\/\/www.miomiorun.com\/de\/produkt\/velociti-pro-storm-jacket-herren\/#primaryimage\",\"url\":\"https:\/\/www.miomiorun.com\/app\/uploads\/2025\/12\/under-armour-Velociti-pro-strom-jacket-anthracite-6005897-0016.webp\",\"contentUrl\":\"https:\/\/www.miomiorun.com\/app\/uploads\/2025\/12\/under-armour-Velociti-pro-strom-jacket-anthracite-6005897-0016.webp\",\"width\":720,\"height\":720,\"caption\":\"under armour Velociti pro strom jacket anthracite 6005897-0016\"},{\"@type\":\"BreadcrumbList\",\"@id\":\"https:\/\/www.miomiorun.com\/de\/produkt\/velociti-pro-storm-jacket-herren\/#breadcrumb\",\"itemListElement\":[{\"@type\":\"ListItem\",\"position\":1,\"name\":\"Home\",\"item\":\"https:\/\/www.miomiorun.com\/de\/\"},{\"@type\":\"ListItem\",\"position\":2,\"name\":\"Shop\",\"item\":\"https:\/\/www.miomiorun.com\/shop\/\"},{\"@type\":\"ListItem\",\"position\":3,\"name\":\"Velociti Pro Storm Jacket herren\"}]},{\"@type\":\"WebSite\",\"@id\":\"https:\/\/www.miomiorun.com\/de\/#website\",\"url\":\"https:\/\/www.miomiorun.com\/de\/\",\"name\":\"MioMioRun\",\"description\":\"100% Lauf- und Trailshop\",\"publisher\":{\"@id\":\"https:\/\/www.miomiorun.com\/de\/#organization\"},\"potentialAction\":[{\"@type\":\"SearchAction\",\"target\":{\"@type\":\"EntryPoint\",\"urlTemplate\":\"https:\/\/www.miomiorun.com\/de\/?s={search_term_string}\"},\"query-input\":{\"@type\":\"PropertyValueSpecification\",\"valueRequired\":true,\"valueName\":\"search_term_string\"}}],\"inLanguage\":\"de-DE\"},{\"@type\":\"Organization\",\"@id\":\"https:\/\/www.miomiorun.com\/de\/#organization\",\"name\":\"MioMio Run\",\"url\":\"https:\/\/www.miomiorun.com\/de\/\",\"logo\":{\"@type\":\"ImageObject\",\"inLanguage\":\"de-DE\",\"@id\":\"https:\/\/www.miomiorun.com\/de\/#\/schema\/logo\/image\/\",\"url\":\"https:\/\/www.miomiorun.com\/app\/uploads\/2019\/12\/logomio.png\",\"contentUrl\":\"https:\/\/www.miomiorun.com\/app\/uploads\/2019\/12\/logomio.png\",\"width\":115,\"height\":82,\"caption\":\"MioMio Run\"},\"image\":{\"@id\":\"https:\/\/www.miomiorun.com\/de\/#\/schema\/logo\/image\/\"},\"sameAs\":[\"https:\/\/www.facebook.com\/miomiorun\/\",\"https:\/\/www.instagram.com\/miomiorun\/\"]}]}<\/script>\n<!-- \/ Yoast SEO plugin. -->","yoast_head_json":{"title":"Under Armour Velociti Pro Storm Jacket herren - wasserabweisende Jacke- MioMioRun","description":"Velociti Pro Storm Jacket: wasserabweisende, leichte und atmungsaktive Laufjacke mit UA Storm, Ripstop-Einsatz, verstellbarer Kapuze und reflektierenden Details.","robots":{"index":"index","follow":"follow","max-snippet":"max-snippet:-1","max-image-preview":"max-image-preview:large","max-video-preview":"max-video-preview:-1"},"canonical":"https:\/\/www.miomiorun.com\/de\/produkt\/velociti-pro-storm-jacket-herren\/","og_locale":"de_DE","og_type":"article","og_title":"Under Armour Velociti Pro Storm Jacket herren - wasserabweisende Jacke- MioMioRun","og_description":"Velociti Pro Storm Jacket: wasserabweisende, leichte und atmungsaktive Laufjacke mit UA Storm, Ripstop-Einsatz, verstellbarer Kapuze und reflektierenden Details.","og_url":"https:\/\/www.miomiorun.com\/de\/produkt\/velociti-pro-storm-jacket-herren\/","og_site_name":"MioMioRun","article_publisher":"https:\/\/www.facebook.com\/miomiorun\/","article_modified_time":"2026-04-16T17:01:53+00:00","og_image":[{"width":720,"height":720,"url":"https:\/\/www.miomiorun.com\/app\/uploads\/2025\/12\/under-armour-Velociti-pro-strom-jacket-anthracite-6005897-0016.webp","type":"image\/webp"}],"twitter_card":"summary_large_image","twitter_misc":{"Est. reading time":"2 minutes"},"schema":{"@context":"https:\/\/schema.org","@graph":[{"@type":"WebPage","@id":"https:\/\/www.miomiorun.com\/de\/produkt\/velociti-pro-storm-jacket-herren\/","url":"https:\/\/www.miomiorun.com\/de\/produkt\/velociti-pro-storm-jacket-herren\/","name":"Under Armour Velociti Pro Storm Jacket herren - wasserabweisende Jacke- MioMioRun","isPartOf":{"@id":"https:\/\/www.miomiorun.com\/de\/#website"},"primaryImageOfPage":{"@id":"https:\/\/www.miomiorun.com\/de\/produkt\/velociti-pro-storm-jacket-herren\/#primaryimage"},"image":{"@id":"https:\/\/www.miomiorun.com\/de\/produkt\/velociti-pro-storm-jacket-herren\/#primaryimage"},"thumbnailUrl":"https:\/\/www.miomiorun.com\/app\/uploads\/2025\/12\/under-armour-Velociti-pro-strom-jacket-anthracite-6005897-0016.webp","datePublished":"2025-11-29T11:27:12+00:00","dateModified":"2026-04-16T17:01:53+00:00","description":"Velociti Pro Storm Jacket: wasserabweisende, leichte und atmungsaktive Laufjacke mit UA Storm, Ripstop-Einsatz, verstellbarer Kapuze und reflektierenden Details.","breadcrumb":{"@id":"https:\/\/www.miomiorun.com\/de\/produkt\/velociti-pro-storm-jacket-herren\/#breadcrumb"},"inLanguage":"de-DE","potentialAction":[{"@type":"ReadAction","target":["https:\/\/www.miomiorun.com\/de\/produkt\/velociti-pro-storm-jacket-herren\/"]}]},{"@type":"ImageObject","inLanguage":"de-DE","@id":"https:\/\/www.miomiorun.com\/de\/produkt\/velociti-pro-storm-jacket-herren\/#primaryimage","url":"https:\/\/www.miomiorun.com\/app\/uploads\/2025\/12\/under-armour-Velociti-pro-strom-jacket-anthracite-6005897-0016.webp","contentUrl":"https:\/\/www.miomiorun.com\/app\/uploads\/2025\/12\/under-armour-Velociti-pro-strom-jacket-anthracite-6005897-0016.webp","width":720,"height":720,"caption":"under armour Velociti pro strom jacket anthracite 6005897-0016"},{"@type":"BreadcrumbList","@id":"https:\/\/www.miomiorun.com\/de\/produkt\/velociti-pro-storm-jacket-herren\/#breadcrumb","itemListElement":[{"@type":"ListItem","position":1,"name":"Home","item":"https:\/\/www.miomiorun.com\/de\/"},{"@type":"ListItem","position":2,"name":"Shop","item":"https:\/\/www.miomiorun.com\/shop\/"},{"@type":"ListItem","position":3,"name":"Velociti Pro Storm Jacket herren"}]},{"@type":"WebSite","@id":"https:\/\/www.miomiorun.com\/de\/#website","url":"https:\/\/www.miomiorun.com\/de\/","name":"MioMioRun","description":"100% Lauf- und Trailshop","publisher":{"@id":"https:\/\/www.miomiorun.com\/de\/#organization"},"potentialAction":[{"@type":"SearchAction","target":{"@type":"EntryPoint","urlTemplate":"https:\/\/www.miomiorun.com\/de\/?s={search_term_string}"},"query-input":{"@type":"PropertyValueSpecification","valueRequired":true,"valueName":"search_term_string"}}],"inLanguage":"de-DE"},{"@type":"Organization","@id":"https:\/\/www.miomiorun.com\/de\/#organization","name":"MioMio Run","url":"https:\/\/www.miomiorun.com\/de\/","logo":{"@type":"ImageObject","inLanguage":"de-DE","@id":"https:\/\/www.miomiorun.com\/de\/#\/schema\/logo\/image\/","url":"https:\/\/www.miomiorun.com\/app\/uploads\/2019\/12\/logomio.png","contentUrl":"https:\/\/www.miomiorun.com\/app\/uploads\/2019\/12\/logomio.png","width":115,"height":82,"caption":"MioMio Run"},"image":{"@id":"https:\/\/www.miomiorun.com\/de\/#\/schema\/logo\/image\/"},"sameAs":["https:\/\/www.facebook.com\/miomiorun\/","https:\/\/www.instagram.com\/miomiorun\/"]}]}},"_links":{"self":[{"href":"https:\/\/www.miomiorun.com\/de\/wp-json\/wp\/v2\/product\/375630","targetHints":{"allow":["GET"]}}],"collection":[{"href":"https:\/\/www.miomiorun.com\/de\/wp-json\/wp\/v2\/product"}],"about":[{"href":"https:\/\/www.miomiorun.com\/de\/wp-json\/wp\/v2\/types\/product"}],"wp:featuredmedia":[{"embeddable":true,"href":"https:\/\/www.miomiorun.com\/de\/wp-json\/wp\/v2\/media\/382893"}],"wp:attachment":[{"href":"https:\/\/www.miomiorun.com\/de\/wp-json\/wp\/v2\/media?parent=375630"}],"wp:term":[{"taxonomy":"product_brand","embeddable":true,"href":"https:\/\/www.miomiorun.com\/de\/wp-json\/wp\/v2\/product_brand?post=375630"},{"taxonomy":"product_cat","embeddable":true,"href":"https:\/\/www.miomiorun.com\/de\/wp-json\/wp\/v2\/product_cat?post=375630"},{"taxonomy":"product_tag","embeddable":true,"href":"https:\/\/www.miomiorun.com\/de\/wp-json\/wp\/v2\/product_tag?post=375630"}],"curies":[{"name":"wp","href":"https:\/\/api.w.org\/{rel}","templated":true}]}}