{"id":375588,"date":"2025-11-29T12:17:12","date_gmt":"2025-11-29T11:17:12","guid":{"rendered":"https:\/\/www.miomiorun.com\/?post_type=product&#038;p=375588"},"modified":"2026-04-16T19:02:05","modified_gmt":"2026-04-16T17:02:05","slug":"launch-1-4-zip-herren","status":"publish","type":"product","link":"https:\/\/www.miomiorun.com\/de\/produkt\/launch-1-4-zip-herren\/","title":{"rendered":"Launch 1\/4 zip herren"},"content":{"rendered":"<p data-start=\"150\" data-end=\"492\">Der <strong data-start=\"153\" data-end=\"176\">Launch 1\/4 Zip <\/strong>wurde entwickelt, um dich auf deinen l\u00e4ngsten und schnellsten L\u00e4ufen zu begleiten, und bietet eine ideale Kombination aus <strong data-start=\"277\" data-end=\"320\">Leichtigkeit, Elastizit\u00e4t und Atmungsaktivit\u00e4t<\/strong>. Er besteht aus einem weichen, ultraleichten und schnell trocknenden Material, bietet au\u00dfergew\u00f6hnlichen Komfort und f\u00fchlt sich so nat\u00fcrlich an, dass du ihn fast nicht sp\u00fcren wirst.<\/p>\n<p data-start=\"494\" data-end=\"819\">Das Material leitet Feuchtigkeit effektiv ab: Es absorbiert Schwei\u00df, trocknet schnell und h\u00e4lt die Haut auch bei intensiven Trainingseinheiten k\u00fchl. Die <strong data-start=\"665\" data-end=\"680\">4-Wege-Elastizit\u00e4t<\/strong> sorgt f\u00fcr uneingeschr\u00e4nkte Bewegungsfreiheit, w\u00e4hrend der <strong data-start=\"732\" data-end=\"741\">\u00bc-Rei\u00dfverschluss<\/strong> das Anlegen weiterer Schichten und die Regulierung der Temperatur erleichtert.<\/p>\n<p data-start=\"821\" data-end=\"1208\">Die <strong data-start=\"823\" data-end=\"845\">Daumenl\u00f6cher<\/strong> halten die \u00c4rmel an Ort und Stelle und bieten zus\u00e4tzlichen Schutz vor K\u00e4lte, w\u00e4hrend die <strong data-start=\"949\" data-end=\"969\">Seitenschlitze<\/strong> die Atmungsaktivit\u00e4t bei maximaler Anstrengung erh\u00f6hen. Die <strong data-start=\"1031\" data-end=\"1055\">reflektierenden Details<\/strong> verbessern die Sichtbarkeit bei Fahrten unter schlechten Lichtverh\u00e4ltnissen. Ein unverzichtbares Kleidungsst\u00fcck f\u00fcr alle, die kompromisslose H\u00f6chstleistung erwarten.<\/p>\n","protected":false},"excerpt":{"rendered":"<ul>\n<li data-start=\"1440\" data-end=\"1516\">Leichtes, weiches und schnell trocknendes Material mit Feuchtigkeitsmanagement<\/li>\n<li data-start=\"1519\" data-end=\"1597\">4-Wege-Stretch, \u00bc-Rei\u00dfverschluss und Daumenl\u00f6cher f\u00fcr Komfort und Bewegungsfreiheit<\/li>\n<li data-start=\"1600\" data-end=\"1671\">Seitliche Schlitze und reflektierende Details f\u00fcr Bel\u00fcftung und Sichtbarkeit<\/li>\n<\/ul>\n","protected":false},"featured_media":382876,"template":"","meta":{"_acf_changed":false,"inline_featured_image":false},"product_brand":[],"product_cat":[6540,6541],"product_tag":[20482,20497],"class_list":{"0":"post-375588","1":"product","2":"type-product","3":"status-publish","4":"has-post-thumbnail","6":"product_cat-herrenbekleidung","7":"product_cat-langarmshirt","8":"product_tag-under-armour-de","9":"product_tag-under-armour-herren","10":"pa_attivita-fitness-de","11":"pa_attivita-gehen","12":"pa_attivita-lifestyle-de","13":"pa_attivita-running-de","14":"pa_colore-launch-1-4-zip-high-vis-yellow-de","15":"pa_marca-under-armour-de","16":"pa_sesso-herren","17":"pa_size-small-de","18":"pa_size-medium-de","19":"pa_size-large-de","21":"first","22":"instock","23":"sale","24":"taxable","25":"shipping-taxable","26":"purchasable","27":"product-type-variable","28":"wvs-archive-product-wrapper"},"acf":[],"yoast_head":"<!-- This site is optimized with the Yoast SEO plugin v26.8 - https:\/\/yoast.com\/product\/yoast-seo-wordpress\/ -->\n<title>Under Armour Launch 1\/4 zip herren -Laufshirt - MioMioRun<\/title>\n<meta name=\"description\" content=\"Launch 1\/4 Zip: Leichtes, atmungsaktives Laufshirt mit 4-Wege-Stretch, schnell trocknend, \u00bc-Rei\u00dfverschluss und reflektierenden Details.\" \/>\n<meta name=\"robots\" content=\"index, follow, max-snippet:-1, max-image-preview:large, max-video-preview:-1\" \/>\n<link rel=\"canonical\" href=\"https:\/\/www.miomiorun.com\/de\/produkt\/launch-1-4-zip-herren\/\" \/>\n<meta property=\"og:locale\" content=\"de_DE\" \/>\n<meta property=\"og:type\" content=\"article\" \/>\n<meta property=\"og:title\" content=\"Under Armour Launch 1\/4 zip herren -Laufshirt - MioMioRun\" \/>\n<meta property=\"og:description\" content=\"Launch 1\/4 Zip: Leichtes, atmungsaktives Laufshirt mit 4-Wege-Stretch, schnell trocknend, \u00bc-Rei\u00dfverschluss und reflektierenden Details.\" \/>\n<meta property=\"og:url\" content=\"https:\/\/www.miomiorun.com\/de\/produkt\/launch-1-4-zip-herren\/\" \/>\n<meta property=\"og:site_name\" content=\"MioMioRun\" \/>\n<meta property=\"article:publisher\" content=\"https:\/\/www.facebook.com\/miomiorun\/\" \/>\n<meta property=\"article:modified_time\" content=\"2026-04-16T17:02:05+00:00\" \/>\n<meta property=\"og:image\" content=\"https:\/\/www.miomiorun.com\/app\/uploads\/2025\/12\/under-armour-Launch-1-4-zip-high-vis-yellow-6005542-0731.webp\" \/>\n\t<meta property=\"og:image:width\" content=\"720\" \/>\n\t<meta property=\"og:image:height\" content=\"720\" \/>\n\t<meta property=\"og:image:type\" content=\"image\/webp\" \/>\n<meta name=\"twitter:card\" content=\"summary_large_image\" \/>\n<meta name=\"twitter:label1\" content=\"Est. reading time\" \/>\n\t<meta name=\"twitter:data1\" content=\"2 minutes\" \/>\n<script type=\"application\/ld+json\" class=\"yoast-schema-graph\">{\"@context\":\"https:\/\/schema.org\",\"@graph\":[{\"@type\":\"WebPage\",\"@id\":\"https:\/\/www.miomiorun.com\/de\/produkt\/launch-1-4-zip-herren\/\",\"url\":\"https:\/\/www.miomiorun.com\/de\/produkt\/launch-1-4-zip-herren\/\",\"name\":\"Under Armour Launch 1\/4 zip herren -Laufshirt - MioMioRun\",\"isPartOf\":{\"@id\":\"https:\/\/www.miomiorun.com\/de\/#website\"},\"primaryImageOfPage\":{\"@id\":\"https:\/\/www.miomiorun.com\/de\/produkt\/launch-1-4-zip-herren\/#primaryimage\"},\"image\":{\"@id\":\"https:\/\/www.miomiorun.com\/de\/produkt\/launch-1-4-zip-herren\/#primaryimage\"},\"thumbnailUrl\":\"https:\/\/www.miomiorun.com\/app\/uploads\/2025\/12\/under-armour-Launch-1-4-zip-high-vis-yellow-6005542-0731.webp\",\"datePublished\":\"2025-11-29T11:17:12+00:00\",\"dateModified\":\"2026-04-16T17:02:05+00:00\",\"description\":\"Launch 1\/4 Zip: Leichtes, atmungsaktives Laufshirt mit 4-Wege-Stretch, schnell trocknend, \u00bc-Rei\u00dfverschluss und reflektierenden Details.\",\"breadcrumb\":{\"@id\":\"https:\/\/www.miomiorun.com\/de\/produkt\/launch-1-4-zip-herren\/#breadcrumb\"},\"inLanguage\":\"de-DE\",\"potentialAction\":[{\"@type\":\"ReadAction\",\"target\":[\"https:\/\/www.miomiorun.com\/de\/produkt\/launch-1-4-zip-herren\/\"]}]},{\"@type\":\"ImageObject\",\"inLanguage\":\"de-DE\",\"@id\":\"https:\/\/www.miomiorun.com\/de\/produkt\/launch-1-4-zip-herren\/#primaryimage\",\"url\":\"https:\/\/www.miomiorun.com\/app\/uploads\/2025\/12\/under-armour-Launch-1-4-zip-high-vis-yellow-6005542-0731.webp\",\"contentUrl\":\"https:\/\/www.miomiorun.com\/app\/uploads\/2025\/12\/under-armour-Launch-1-4-zip-high-vis-yellow-6005542-0731.webp\",\"width\":720,\"height\":720,\"caption\":\"under armour Launch 1 4 zip high vis yellow 6005542-0731\"},{\"@type\":\"BreadcrumbList\",\"@id\":\"https:\/\/www.miomiorun.com\/de\/produkt\/launch-1-4-zip-herren\/#breadcrumb\",\"itemListElement\":[{\"@type\":\"ListItem\",\"position\":1,\"name\":\"Home\",\"item\":\"https:\/\/www.miomiorun.com\/de\/\"},{\"@type\":\"ListItem\",\"position\":2,\"name\":\"Shop\",\"item\":\"https:\/\/www.miomiorun.com\/shop\/\"},{\"@type\":\"ListItem\",\"position\":3,\"name\":\"Launch 1\/4 zip herren\"}]},{\"@type\":\"WebSite\",\"@id\":\"https:\/\/www.miomiorun.com\/de\/#website\",\"url\":\"https:\/\/www.miomiorun.com\/de\/\",\"name\":\"MioMioRun\",\"description\":\"100% Lauf- und Trailshop\",\"publisher\":{\"@id\":\"https:\/\/www.miomiorun.com\/de\/#organization\"},\"potentialAction\":[{\"@type\":\"SearchAction\",\"target\":{\"@type\":\"EntryPoint\",\"urlTemplate\":\"https:\/\/www.miomiorun.com\/de\/?s={search_term_string}\"},\"query-input\":{\"@type\":\"PropertyValueSpecification\",\"valueRequired\":true,\"valueName\":\"search_term_string\"}}],\"inLanguage\":\"de-DE\"},{\"@type\":\"Organization\",\"@id\":\"https:\/\/www.miomiorun.com\/de\/#organization\",\"name\":\"MioMio Run\",\"url\":\"https:\/\/www.miomiorun.com\/de\/\",\"logo\":{\"@type\":\"ImageObject\",\"inLanguage\":\"de-DE\",\"@id\":\"https:\/\/www.miomiorun.com\/de\/#\/schema\/logo\/image\/\",\"url\":\"https:\/\/www.miomiorun.com\/app\/uploads\/2019\/12\/logomio.png\",\"contentUrl\":\"https:\/\/www.miomiorun.com\/app\/uploads\/2019\/12\/logomio.png\",\"width\":115,\"height\":82,\"caption\":\"MioMio Run\"},\"image\":{\"@id\":\"https:\/\/www.miomiorun.com\/de\/#\/schema\/logo\/image\/\"},\"sameAs\":[\"https:\/\/www.facebook.com\/miomiorun\/\",\"https:\/\/www.instagram.com\/miomiorun\/\"]}]}<\/script>\n<!-- \/ Yoast SEO plugin. -->","yoast_head_json":{"title":"Under Armour Launch 1\/4 zip herren -Laufshirt - MioMioRun","description":"Launch 1\/4 Zip: Leichtes, atmungsaktives Laufshirt mit 4-Wege-Stretch, schnell trocknend, \u00bc-Rei\u00dfverschluss und reflektierenden Details.","robots":{"index":"index","follow":"follow","max-snippet":"max-snippet:-1","max-image-preview":"max-image-preview:large","max-video-preview":"max-video-preview:-1"},"canonical":"https:\/\/www.miomiorun.com\/de\/produkt\/launch-1-4-zip-herren\/","og_locale":"de_DE","og_type":"article","og_title":"Under Armour Launch 1\/4 zip herren -Laufshirt - MioMioRun","og_description":"Launch 1\/4 Zip: Leichtes, atmungsaktives Laufshirt mit 4-Wege-Stretch, schnell trocknend, \u00bc-Rei\u00dfverschluss und reflektierenden Details.","og_url":"https:\/\/www.miomiorun.com\/de\/produkt\/launch-1-4-zip-herren\/","og_site_name":"MioMioRun","article_publisher":"https:\/\/www.facebook.com\/miomiorun\/","article_modified_time":"2026-04-16T17:02:05+00:00","og_image":[{"width":720,"height":720,"url":"https:\/\/www.miomiorun.com\/app\/uploads\/2025\/12\/under-armour-Launch-1-4-zip-high-vis-yellow-6005542-0731.webp","type":"image\/webp"}],"twitter_card":"summary_large_image","twitter_misc":{"Est. reading time":"2 minutes"},"schema":{"@context":"https:\/\/schema.org","@graph":[{"@type":"WebPage","@id":"https:\/\/www.miomiorun.com\/de\/produkt\/launch-1-4-zip-herren\/","url":"https:\/\/www.miomiorun.com\/de\/produkt\/launch-1-4-zip-herren\/","name":"Under Armour Launch 1\/4 zip herren -Laufshirt - MioMioRun","isPartOf":{"@id":"https:\/\/www.miomiorun.com\/de\/#website"},"primaryImageOfPage":{"@id":"https:\/\/www.miomiorun.com\/de\/produkt\/launch-1-4-zip-herren\/#primaryimage"},"image":{"@id":"https:\/\/www.miomiorun.com\/de\/produkt\/launch-1-4-zip-herren\/#primaryimage"},"thumbnailUrl":"https:\/\/www.miomiorun.com\/app\/uploads\/2025\/12\/under-armour-Launch-1-4-zip-high-vis-yellow-6005542-0731.webp","datePublished":"2025-11-29T11:17:12+00:00","dateModified":"2026-04-16T17:02:05+00:00","description":"Launch 1\/4 Zip: Leichtes, atmungsaktives Laufshirt mit 4-Wege-Stretch, schnell trocknend, \u00bc-Rei\u00dfverschluss und reflektierenden Details.","breadcrumb":{"@id":"https:\/\/www.miomiorun.com\/de\/produkt\/launch-1-4-zip-herren\/#breadcrumb"},"inLanguage":"de-DE","potentialAction":[{"@type":"ReadAction","target":["https:\/\/www.miomiorun.com\/de\/produkt\/launch-1-4-zip-herren\/"]}]},{"@type":"ImageObject","inLanguage":"de-DE","@id":"https:\/\/www.miomiorun.com\/de\/produkt\/launch-1-4-zip-herren\/#primaryimage","url":"https:\/\/www.miomiorun.com\/app\/uploads\/2025\/12\/under-armour-Launch-1-4-zip-high-vis-yellow-6005542-0731.webp","contentUrl":"https:\/\/www.miomiorun.com\/app\/uploads\/2025\/12\/under-armour-Launch-1-4-zip-high-vis-yellow-6005542-0731.webp","width":720,"height":720,"caption":"under armour Launch 1 4 zip high vis yellow 6005542-0731"},{"@type":"BreadcrumbList","@id":"https:\/\/www.miomiorun.com\/de\/produkt\/launch-1-4-zip-herren\/#breadcrumb","itemListElement":[{"@type":"ListItem","position":1,"name":"Home","item":"https:\/\/www.miomiorun.com\/de\/"},{"@type":"ListItem","position":2,"name":"Shop","item":"https:\/\/www.miomiorun.com\/shop\/"},{"@type":"ListItem","position":3,"name":"Launch 1\/4 zip herren"}]},{"@type":"WebSite","@id":"https:\/\/www.miomiorun.com\/de\/#website","url":"https:\/\/www.miomiorun.com\/de\/","name":"MioMioRun","description":"100% Lauf- und Trailshop","publisher":{"@id":"https:\/\/www.miomiorun.com\/de\/#organization"},"potentialAction":[{"@type":"SearchAction","target":{"@type":"EntryPoint","urlTemplate":"https:\/\/www.miomiorun.com\/de\/?s={search_term_string}"},"query-input":{"@type":"PropertyValueSpecification","valueRequired":true,"valueName":"search_term_string"}}],"inLanguage":"de-DE"},{"@type":"Organization","@id":"https:\/\/www.miomiorun.com\/de\/#organization","name":"MioMio Run","url":"https:\/\/www.miomiorun.com\/de\/","logo":{"@type":"ImageObject","inLanguage":"de-DE","@id":"https:\/\/www.miomiorun.com\/de\/#\/schema\/logo\/image\/","url":"https:\/\/www.miomiorun.com\/app\/uploads\/2019\/12\/logomio.png","contentUrl":"https:\/\/www.miomiorun.com\/app\/uploads\/2019\/12\/logomio.png","width":115,"height":82,"caption":"MioMio Run"},"image":{"@id":"https:\/\/www.miomiorun.com\/de\/#\/schema\/logo\/image\/"},"sameAs":["https:\/\/www.facebook.com\/miomiorun\/","https:\/\/www.instagram.com\/miomiorun\/"]}]}},"_links":{"self":[{"href":"https:\/\/www.miomiorun.com\/de\/wp-json\/wp\/v2\/product\/375588","targetHints":{"allow":["GET"]}}],"collection":[{"href":"https:\/\/www.miomiorun.com\/de\/wp-json\/wp\/v2\/product"}],"about":[{"href":"https:\/\/www.miomiorun.com\/de\/wp-json\/wp\/v2\/types\/product"}],"wp:featuredmedia":[{"embeddable":true,"href":"https:\/\/www.miomiorun.com\/de\/wp-json\/wp\/v2\/media\/382876"}],"wp:attachment":[{"href":"https:\/\/www.miomiorun.com\/de\/wp-json\/wp\/v2\/media?parent=375588"}],"wp:term":[{"taxonomy":"product_brand","embeddable":true,"href":"https:\/\/www.miomiorun.com\/de\/wp-json\/wp\/v2\/product_brand?post=375588"},{"taxonomy":"product_cat","embeddable":true,"href":"https:\/\/www.miomiorun.com\/de\/wp-json\/wp\/v2\/product_cat?post=375588"},{"taxonomy":"product_tag","embeddable":true,"href":"https:\/\/www.miomiorun.com\/de\/wp-json\/wp\/v2\/product_tag?post=375588"}],"curies":[{"name":"wp","href":"https:\/\/api.w.org\/{rel}","templated":true}]}}