{"id":375498,"date":"2025-11-29T12:04:28","date_gmt":"2025-11-29T11:04:28","guid":{"rendered":"https:\/\/www.miomiorun.com\/?post_type=product&#038;p=375498"},"modified":"2026-04-16T19:02:17","modified_gmt":"2026-04-16T17:02:17","slug":"ggs-rogue-5-kids","status":"publish","type":"product","link":"https:\/\/www.miomiorun.com\/de\/produkt\/ggs-rogue-5-kids\/","title":{"rendered":"GGS Rogue 5 kids"},"content":{"rendered":"<div class=\"vc-row container\"><div class=\"vc-column\"><div class=\"vc-column-text\"><\/p>\n<h4>Technische Daten<\/h4>\n<p>Kategorie: Strukturierte D\u00e4mpfung<br \/>\nIdeal f\u00fcr: Kinder, die einen Schuh mit guter D\u00e4mpfung und guter Struktur ben\u00f6tigen. Ideal f\u00fcr den Einstieg in den Sport oder f\u00fcr Kinder, die bereits mittel- bis lange Strecken zur\u00fccklegen m\u00f6chten.<br \/>\n<a href=\"https:\/\/miomiorun.com\/guida-alle-specifiche-tecniche\/\">Leitfaden zu den technischen Daten<\/a><\/p>\n<p><\/div><\/div><div class=\"vc-column\"><div class=\"vc-column-text\"><\/p>\n<p data-start=\"142\" data-end=\"462\">Die <strong data-start=\"145\" data-end=\"160\">GGS Rogue 5<\/strong> wurden entwickelt, um dir ein reaktionsfreudiges, stabiles und \u00fcberraschend komfortables Laufgef\u00fchl zu bieten. Das Obermaterial aus <strong data-start=\"266\" data-end=\"314\">leichtem, hoch atmungsaktivem Funktionsmesh<\/strong> h\u00e4lt den Fu\u00df auch bei intensiven Trainingseinheiten k\u00fchl, w\u00e4hrend die <strong data-start=\"393\" data-end=\"417\">externe Fersenkappe<\/strong> bei jedem Schritt f\u00fcr \u00fcberragende Stabilit\u00e4t sorgt.<\/p>\n<p data-start=\"464\" data-end=\"819\">Die weiche Innensohle beh\u00e4lt ihre Form \u00fcber lange Zeit und sorgt auch nach vielen L\u00e4ufen f\u00fcr konstanten Komfort. Die <strong data-start=\"594\" data-end=\"634\">Charged Cushioning\u00ae-Zwischensohle mit doppelter Dichte<\/strong> garantiert ein perfektes Gleichgewicht zwischen Sto\u00dfd\u00e4mpfung und Energier\u00fcckgabe und sorgt f\u00fcr ein spritziges und reaktionsfreudiges Laufgef\u00fchl, mit dem du l\u00e4nger und mit weniger Anstrengung laufen kannst.<\/p>\n<p data-start=\"821\" data-end=\"1112\">Die robuste Gummisohle mit <strong data-start=\"852\" data-end=\"894\">strategisch platzierten Polstern<\/strong> erh\u00f6ht die Widerstandsf\u00e4higkeit an den Stellen, die am st\u00e4rksten dem Abrieb ausgesetzt sind, und sorgt f\u00fcr Langlebigkeit und Grip auf verschiedenen Oberfl\u00e4chen. Ein vielseitiger Schuh, der dir bei jedem Lauf Bel\u00fcftung, Komfort und hohe Leistung bietet.<\/p>\n<p><\/div><\/div><\/div>\n","protected":false},"excerpt":{"rendered":"<ul>\n<li data-start=\"1353\" data-end=\"1399\">Obermaterial aus leichtem, atmungsaktivem Funktionsmesh<\/li>\n<li data-start=\"1402\" data-end=\"1484\">Charged Cushioning\u00ae-Zwischensohle mit doppelter Dichte f\u00fcr Komfort und Energier\u00fcckgabe<\/li>\n<li data-start=\"1487\" data-end=\"1586\">Robuste Gummisohle mit strategisch platzierten Polstern und \u00e4u\u00dferer Fersenkappe f\u00fcr mehr Stabilit\u00e4t<\/li>\n<\/ul>\n","protected":false},"featured_media":375696,"template":"","meta":{"_acf_changed":false,"inline_featured_image":false},"product_brand":[],"product_cat":[19446,19445,6399],"product_tag":[20482,20493,20491],"class_list":{"0":"post-375498","1":"product","2":"type-product","3":"status-publish","4":"has-post-thumbnail","6":"product_cat-kinderschuhe","7":"product_cat-schuhe-fur-madchen","8":"product_cat-kind-de","9":"product_tag-under-armour-de","10":"product_tag-under-armour-kind","11":"product_tag-under-armour-madchen","12":"pa_attivita-gehen","13":"pa_attivita-lifestyle-de","14":"pa_attivita-running-de","15":"pa_colore-ggs-rogue-5-aero-pink-de","16":"pa_marca-under-armour-de","17":"pa_sesso-damen","18":"pa_sesso-herren","19":"pa_size-35-5-de","20":"pa_size-36-de","21":"pa_size-36-5-de","22":"pa_size-38-de","23":"pa_size-38-5-de","25":"first","26":"instock","27":"sale","28":"taxable","29":"shipping-taxable","30":"purchasable","31":"product-type-variable","32":"wvs-archive-product-wrapper"},"acf":[],"yoast_head":"<!-- This site is optimized with the Yoast SEO plugin v26.8 - https:\/\/yoast.com\/product\/yoast-seo-wordpress\/ -->\n<title>Under Armour GGS Rogue 5 kids - Laufen f\u00fcr Kinder - MioMioRun<\/title>\n<meta name=\"description\" content=\"GGS Rogue 5: Leichte, atmungsaktive Laufschuhe mit Charged Cushioning\u00ae, verbesserter Stabilit\u00e4t und strapazierf\u00e4higer Sohle. Komfort, Reaktionsf\u00e4higkeit und Halt.\" \/>\n<meta name=\"robots\" content=\"index, follow, max-snippet:-1, max-image-preview:large, max-video-preview:-1\" \/>\n<link rel=\"canonical\" href=\"https:\/\/www.miomiorun.com\/de\/produkt\/ggs-rogue-5-kids\/\" \/>\n<meta property=\"og:locale\" content=\"de_DE\" \/>\n<meta property=\"og:type\" content=\"article\" \/>\n<meta property=\"og:title\" content=\"Under Armour GGS Rogue 5 kids - Laufen f\u00fcr Kinder - MioMioRun\" \/>\n<meta property=\"og:description\" content=\"GGS Rogue 5: Leichte, atmungsaktive Laufschuhe mit Charged Cushioning\u00ae, verbesserter Stabilit\u00e4t und strapazierf\u00e4higer Sohle. Komfort, Reaktionsf\u00e4higkeit und Halt.\" \/>\n<meta property=\"og:url\" content=\"https:\/\/www.miomiorun.com\/de\/produkt\/ggs-rogue-5-kids\/\" \/>\n<meta property=\"og:site_name\" content=\"MioMioRun\" \/>\n<meta property=\"article:publisher\" content=\"https:\/\/www.facebook.com\/miomiorun\/\" \/>\n<meta property=\"article:modified_time\" content=\"2026-04-16T17:02:17+00:00\" \/>\n<meta property=\"og:image\" content=\"https:\/\/www.miomiorun.com\/app\/uploads\/2025\/11\/under-armour-GGS-ROGUE-5-aero-pink-3028277-0695.webp\" \/>\n\t<meta property=\"og:image:width\" content=\"600\" \/>\n\t<meta property=\"og:image:height\" content=\"600\" \/>\n\t<meta property=\"og:image:type\" content=\"image\/webp\" \/>\n<meta name=\"twitter:card\" content=\"summary_large_image\" \/>\n<meta name=\"twitter:label1\" content=\"Est. reading time\" \/>\n\t<meta name=\"twitter:data1\" content=\"1 minute\" \/>\n<script type=\"application\/ld+json\" class=\"yoast-schema-graph\">{\"@context\":\"https:\/\/schema.org\",\"@graph\":[{\"@type\":\"WebPage\",\"@id\":\"https:\/\/www.miomiorun.com\/de\/produkt\/ggs-rogue-5-kids\/\",\"url\":\"https:\/\/www.miomiorun.com\/de\/produkt\/ggs-rogue-5-kids\/\",\"name\":\"Under Armour GGS Rogue 5 kids - Laufen f\u00fcr Kinder - MioMioRun\",\"isPartOf\":{\"@id\":\"https:\/\/www.miomiorun.com\/de\/#website\"},\"primaryImageOfPage\":{\"@id\":\"https:\/\/www.miomiorun.com\/de\/produkt\/ggs-rogue-5-kids\/#primaryimage\"},\"image\":{\"@id\":\"https:\/\/www.miomiorun.com\/de\/produkt\/ggs-rogue-5-kids\/#primaryimage\"},\"thumbnailUrl\":\"https:\/\/www.miomiorun.com\/app\/uploads\/2025\/11\/under-armour-GGS-ROGUE-5-aero-pink-3028277-0695.webp\",\"datePublished\":\"2025-11-29T11:04:28+00:00\",\"dateModified\":\"2026-04-16T17:02:17+00:00\",\"description\":\"GGS Rogue 5: Leichte, atmungsaktive Laufschuhe mit Charged Cushioning\u00ae, verbesserter Stabilit\u00e4t und strapazierf\u00e4higer Sohle. Komfort, Reaktionsf\u00e4higkeit und Halt.\",\"breadcrumb\":{\"@id\":\"https:\/\/www.miomiorun.com\/de\/produkt\/ggs-rogue-5-kids\/#breadcrumb\"},\"inLanguage\":\"de-DE\",\"potentialAction\":[{\"@type\":\"ReadAction\",\"target\":[\"https:\/\/www.miomiorun.com\/de\/produkt\/ggs-rogue-5-kids\/\"]}]},{\"@type\":\"ImageObject\",\"inLanguage\":\"de-DE\",\"@id\":\"https:\/\/www.miomiorun.com\/de\/produkt\/ggs-rogue-5-kids\/#primaryimage\",\"url\":\"https:\/\/www.miomiorun.com\/app\/uploads\/2025\/11\/under-armour-GGS-ROGUE-5-aero-pink-3028277-0695.webp\",\"contentUrl\":\"https:\/\/www.miomiorun.com\/app\/uploads\/2025\/11\/under-armour-GGS-ROGUE-5-aero-pink-3028277-0695.webp\",\"width\":600,\"height\":600,\"caption\":\"under armour GGS ROGUE 5 aero pink 3028277 0695\"},{\"@type\":\"BreadcrumbList\",\"@id\":\"https:\/\/www.miomiorun.com\/de\/produkt\/ggs-rogue-5-kids\/#breadcrumb\",\"itemListElement\":[{\"@type\":\"ListItem\",\"position\":1,\"name\":\"Home\",\"item\":\"https:\/\/www.miomiorun.com\/de\/\"},{\"@type\":\"ListItem\",\"position\":2,\"name\":\"Shop\",\"item\":\"https:\/\/www.miomiorun.com\/shop\/\"},{\"@type\":\"ListItem\",\"position\":3,\"name\":\"GGS Rogue 5 kids\"}]},{\"@type\":\"WebSite\",\"@id\":\"https:\/\/www.miomiorun.com\/de\/#website\",\"url\":\"https:\/\/www.miomiorun.com\/de\/\",\"name\":\"MioMioRun\",\"description\":\"100% Lauf- und Trailshop\",\"publisher\":{\"@id\":\"https:\/\/www.miomiorun.com\/de\/#organization\"},\"potentialAction\":[{\"@type\":\"SearchAction\",\"target\":{\"@type\":\"EntryPoint\",\"urlTemplate\":\"https:\/\/www.miomiorun.com\/de\/?s={search_term_string}\"},\"query-input\":{\"@type\":\"PropertyValueSpecification\",\"valueRequired\":true,\"valueName\":\"search_term_string\"}}],\"inLanguage\":\"de-DE\"},{\"@type\":\"Organization\",\"@id\":\"https:\/\/www.miomiorun.com\/de\/#organization\",\"name\":\"MioMio Run\",\"url\":\"https:\/\/www.miomiorun.com\/de\/\",\"logo\":{\"@type\":\"ImageObject\",\"inLanguage\":\"de-DE\",\"@id\":\"https:\/\/www.miomiorun.com\/de\/#\/schema\/logo\/image\/\",\"url\":\"https:\/\/www.miomiorun.com\/app\/uploads\/2019\/12\/logomio.png\",\"contentUrl\":\"https:\/\/www.miomiorun.com\/app\/uploads\/2019\/12\/logomio.png\",\"width\":115,\"height\":82,\"caption\":\"MioMio Run\"},\"image\":{\"@id\":\"https:\/\/www.miomiorun.com\/de\/#\/schema\/logo\/image\/\"},\"sameAs\":[\"https:\/\/www.facebook.com\/miomiorun\/\",\"https:\/\/www.instagram.com\/miomiorun\/\"]}]}<\/script>\n<!-- \/ Yoast SEO plugin. -->","yoast_head_json":{"title":"Under Armour GGS Rogue 5 kids - Laufen f\u00fcr Kinder - MioMioRun","description":"GGS Rogue 5: Leichte, atmungsaktive Laufschuhe mit Charged Cushioning\u00ae, verbesserter Stabilit\u00e4t und strapazierf\u00e4higer Sohle. Komfort, Reaktionsf\u00e4higkeit und Halt.","robots":{"index":"index","follow":"follow","max-snippet":"max-snippet:-1","max-image-preview":"max-image-preview:large","max-video-preview":"max-video-preview:-1"},"canonical":"https:\/\/www.miomiorun.com\/de\/produkt\/ggs-rogue-5-kids\/","og_locale":"de_DE","og_type":"article","og_title":"Under Armour GGS Rogue 5 kids - Laufen f\u00fcr Kinder - MioMioRun","og_description":"GGS Rogue 5: Leichte, atmungsaktive Laufschuhe mit Charged Cushioning\u00ae, verbesserter Stabilit\u00e4t und strapazierf\u00e4higer Sohle. Komfort, Reaktionsf\u00e4higkeit und Halt.","og_url":"https:\/\/www.miomiorun.com\/de\/produkt\/ggs-rogue-5-kids\/","og_site_name":"MioMioRun","article_publisher":"https:\/\/www.facebook.com\/miomiorun\/","article_modified_time":"2026-04-16T17:02:17+00:00","og_image":[{"width":600,"height":600,"url":"https:\/\/www.miomiorun.com\/app\/uploads\/2025\/11\/under-armour-GGS-ROGUE-5-aero-pink-3028277-0695.webp","type":"image\/webp"}],"twitter_card":"summary_large_image","twitter_misc":{"Est. reading time":"1 minute"},"schema":{"@context":"https:\/\/schema.org","@graph":[{"@type":"WebPage","@id":"https:\/\/www.miomiorun.com\/de\/produkt\/ggs-rogue-5-kids\/","url":"https:\/\/www.miomiorun.com\/de\/produkt\/ggs-rogue-5-kids\/","name":"Under Armour GGS Rogue 5 kids - Laufen f\u00fcr Kinder - MioMioRun","isPartOf":{"@id":"https:\/\/www.miomiorun.com\/de\/#website"},"primaryImageOfPage":{"@id":"https:\/\/www.miomiorun.com\/de\/produkt\/ggs-rogue-5-kids\/#primaryimage"},"image":{"@id":"https:\/\/www.miomiorun.com\/de\/produkt\/ggs-rogue-5-kids\/#primaryimage"},"thumbnailUrl":"https:\/\/www.miomiorun.com\/app\/uploads\/2025\/11\/under-armour-GGS-ROGUE-5-aero-pink-3028277-0695.webp","datePublished":"2025-11-29T11:04:28+00:00","dateModified":"2026-04-16T17:02:17+00:00","description":"GGS Rogue 5: Leichte, atmungsaktive Laufschuhe mit Charged Cushioning\u00ae, verbesserter Stabilit\u00e4t und strapazierf\u00e4higer Sohle. Komfort, Reaktionsf\u00e4higkeit und Halt.","breadcrumb":{"@id":"https:\/\/www.miomiorun.com\/de\/produkt\/ggs-rogue-5-kids\/#breadcrumb"},"inLanguage":"de-DE","potentialAction":[{"@type":"ReadAction","target":["https:\/\/www.miomiorun.com\/de\/produkt\/ggs-rogue-5-kids\/"]}]},{"@type":"ImageObject","inLanguage":"de-DE","@id":"https:\/\/www.miomiorun.com\/de\/produkt\/ggs-rogue-5-kids\/#primaryimage","url":"https:\/\/www.miomiorun.com\/app\/uploads\/2025\/11\/under-armour-GGS-ROGUE-5-aero-pink-3028277-0695.webp","contentUrl":"https:\/\/www.miomiorun.com\/app\/uploads\/2025\/11\/under-armour-GGS-ROGUE-5-aero-pink-3028277-0695.webp","width":600,"height":600,"caption":"under armour GGS ROGUE 5 aero pink 3028277 0695"},{"@type":"BreadcrumbList","@id":"https:\/\/www.miomiorun.com\/de\/produkt\/ggs-rogue-5-kids\/#breadcrumb","itemListElement":[{"@type":"ListItem","position":1,"name":"Home","item":"https:\/\/www.miomiorun.com\/de\/"},{"@type":"ListItem","position":2,"name":"Shop","item":"https:\/\/www.miomiorun.com\/shop\/"},{"@type":"ListItem","position":3,"name":"GGS Rogue 5 kids"}]},{"@type":"WebSite","@id":"https:\/\/www.miomiorun.com\/de\/#website","url":"https:\/\/www.miomiorun.com\/de\/","name":"MioMioRun","description":"100% Lauf- und Trailshop","publisher":{"@id":"https:\/\/www.miomiorun.com\/de\/#organization"},"potentialAction":[{"@type":"SearchAction","target":{"@type":"EntryPoint","urlTemplate":"https:\/\/www.miomiorun.com\/de\/?s={search_term_string}"},"query-input":{"@type":"PropertyValueSpecification","valueRequired":true,"valueName":"search_term_string"}}],"inLanguage":"de-DE"},{"@type":"Organization","@id":"https:\/\/www.miomiorun.com\/de\/#organization","name":"MioMio Run","url":"https:\/\/www.miomiorun.com\/de\/","logo":{"@type":"ImageObject","inLanguage":"de-DE","@id":"https:\/\/www.miomiorun.com\/de\/#\/schema\/logo\/image\/","url":"https:\/\/www.miomiorun.com\/app\/uploads\/2019\/12\/logomio.png","contentUrl":"https:\/\/www.miomiorun.com\/app\/uploads\/2019\/12\/logomio.png","width":115,"height":82,"caption":"MioMio Run"},"image":{"@id":"https:\/\/www.miomiorun.com\/de\/#\/schema\/logo\/image\/"},"sameAs":["https:\/\/www.facebook.com\/miomiorun\/","https:\/\/www.instagram.com\/miomiorun\/"]}]}},"_links":{"self":[{"href":"https:\/\/www.miomiorun.com\/de\/wp-json\/wp\/v2\/product\/375498","targetHints":{"allow":["GET"]}}],"collection":[{"href":"https:\/\/www.miomiorun.com\/de\/wp-json\/wp\/v2\/product"}],"about":[{"href":"https:\/\/www.miomiorun.com\/de\/wp-json\/wp\/v2\/types\/product"}],"wp:featuredmedia":[{"embeddable":true,"href":"https:\/\/www.miomiorun.com\/de\/wp-json\/wp\/v2\/media\/375696"}],"wp:attachment":[{"href":"https:\/\/www.miomiorun.com\/de\/wp-json\/wp\/v2\/media?parent=375498"}],"wp:term":[{"taxonomy":"product_brand","embeddable":true,"href":"https:\/\/www.miomiorun.com\/de\/wp-json\/wp\/v2\/product_brand?post=375498"},{"taxonomy":"product_cat","embeddable":true,"href":"https:\/\/www.miomiorun.com\/de\/wp-json\/wp\/v2\/product_cat?post=375498"},{"taxonomy":"product_tag","embeddable":true,"href":"https:\/\/www.miomiorun.com\/de\/wp-json\/wp\/v2\/product_tag?post=375498"}],"curies":[{"name":"wp","href":"https:\/\/api.w.org\/{rel}","templated":true}]}}