{"id":375316,"date":"2025-11-27T19:13:26","date_gmt":"2025-11-27T18:13:26","guid":{"rendered":"https:\/\/www.miomiorun.com\/?post_type=product&#038;p=375316"},"modified":"2026-04-16T19:02:28","modified_gmt":"2026-04-16T17:02:28","slug":"launch-jacquard-ss-damen","status":"publish","type":"product","link":"https:\/\/www.miomiorun.com\/de\/produkt\/launch-jacquard-ss-damen\/","title":{"rendered":"Launch jacquard SS damen"},"content":{"rendered":"<p data-start=\"157\" data-end=\"572\">Dieses Laufshirt wurde entwickelt, um Ihnen alles zu bieten, was Sie brauchen, um l\u00e4nger und schneller zu laufen: <strong data-start=\"275\" data-end=\"330\">au\u00dfergew\u00f6hnliche Leichtigkeit, Elastizit\u00e4t und Atmungsaktivit\u00e4t<\/strong>. Das vollst\u00e4ndig aus <strong data-start=\"358\" data-end=\"370\">Jacquard<\/strong> gefertigte Material ist weich und ultraleicht, l\u00e4sst die Luft frei zirkulieren und sorgt f\u00fcr ein konstantes Gef\u00fchl von Frische. Es ist so bequem zu tragen, dass es sich fast so anf\u00fchlt, als h\u00e4ttest du nichts an.<\/p>\n<p data-start=\"574\" data-end=\"1078\">Das Material nimmt Schwei\u00df schnell auf und trocknet im Handumdrehen, sodass die Haut w\u00e4hrend jedes Trainings trocken bleibt. Die <strong data-start=\"715\" data-end=\"730\">4-Wege-Elastizit\u00e4t<\/strong> f\u00f6rdert nat\u00fcrliche und fl\u00fcssige Bewegungen, w\u00e4hrend die <strong data-start=\"794\" data-end=\"819\">Geruchskontrolltechnologie<\/strong> das Shirt l\u00e4nger frisch h\u00e4lt. Abgerundet wird das Design durch einen <strong data-start=\"888\" data-end=\"916\">Saum mit Seitenschlitz<\/strong>, der die Bewegungsfreiheit zus\u00e4tzlich erh\u00f6ht, und durch <strong data-start=\"974\" data-end=\"998\">reflektierende Details<\/strong>, die die Sichtbarkeit beim Laufen bei schlechten Lichtverh\u00e4ltnissen verbessern.<\/p><\/p>\n","protected":false},"excerpt":{"rendered":"<ul>\n<li data-start=\"1326\" data-end=\"1381\">Weiches, leichtes und extrem atmungsaktives Jacquardgewebe<\/li>\n<li data-start=\"1384\" data-end=\"1456\">Schnell trocknend und 4-Wege-Stretch f\u00fcr Bewegungsfreiheit und Komfort<\/li>\n<li data-start=\"1459\" data-end=\"1531\">Geruchskontrolle, reflektierende Details und Saum mit Seitenschlitz<\/li>\n<\/ul>\n","protected":false},"featured_media":382863,"template":"","meta":{"_acf_changed":false,"inline_featured_image":false},"product_brand":[],"product_cat":[6401,6489],"product_tag":[20482,20495],"class_list":{"0":"post-375316","1":"product","2":"type-product","3":"status-publish","4":"has-post-thumbnail","6":"product_cat-damenbekleidung","7":"product_cat-dament-shirt-de","8":"product_tag-under-armour-de","9":"product_tag-under-armour-damen","10":"pa_attivita-fitness-de","11":"pa_attivita-gehen","12":"pa_attivita-lifestyle-de","13":"pa_attivita-running-de","14":"pa_colore-launch-jacquard-ss-w-white-de","15":"pa_marca-under-armour-de","16":"pa_sesso-damen","17":"pa_size-extra-small-de","18":"pa_size-small-de","19":"pa_size-medium-de","21":"first","22":"instock","23":"sale","24":"taxable","25":"shipping-taxable","26":"purchasable","27":"product-type-variable","28":"wvs-archive-product-wrapper"},"acf":[],"yoast_head":"<!-- This site is optimized with the Yoast SEO plugin v26.8 - https:\/\/yoast.com\/product\/yoast-seo-wordpress\/ -->\n<title>Under Armour Launch jacquard SS damen -Lauf-T-Shirt- MioMioRun<\/title>\n<meta name=\"description\" content=\"Leichtes und atmungsaktives Laufshirt aus Jacquard, schnell trocknend, 4-Wege-Stretch und geruchshemmend. Maximale Freiheit und Komfort.\" \/>\n<meta name=\"robots\" content=\"index, follow, max-snippet:-1, max-image-preview:large, max-video-preview:-1\" \/>\n<link rel=\"canonical\" href=\"https:\/\/www.miomiorun.com\/de\/produkt\/launch-jacquard-ss-damen\/\" \/>\n<meta property=\"og:locale\" content=\"de_DE\" \/>\n<meta property=\"og:type\" content=\"article\" \/>\n<meta property=\"og:title\" content=\"Under Armour Launch jacquard SS damen -Lauf-T-Shirt- MioMioRun\" \/>\n<meta property=\"og:description\" content=\"Leichtes und atmungsaktives Laufshirt aus Jacquard, schnell trocknend, 4-Wege-Stretch und geruchshemmend. Maximale Freiheit und Komfort.\" \/>\n<meta property=\"og:url\" content=\"https:\/\/www.miomiorun.com\/de\/produkt\/launch-jacquard-ss-damen\/\" \/>\n<meta property=\"og:site_name\" content=\"MioMioRun\" \/>\n<meta property=\"article:publisher\" content=\"https:\/\/www.facebook.com\/miomiorun\/\" \/>\n<meta property=\"article:modified_time\" content=\"2026-04-16T17:02:28+00:00\" \/>\n<meta property=\"og:image\" content=\"https:\/\/www.miomiorun.com\/app\/uploads\/2025\/12\/under-armour-Launch-jacquard-SS-W-white-6005096-0100.webp\" \/>\n\t<meta property=\"og:image:width\" content=\"720\" \/>\n\t<meta property=\"og:image:height\" content=\"720\" \/>\n\t<meta property=\"og:image:type\" content=\"image\/webp\" \/>\n<meta name=\"twitter:card\" content=\"summary_large_image\" \/>\n<meta name=\"twitter:label1\" content=\"Est. reading time\" \/>\n\t<meta name=\"twitter:data1\" content=\"2 minutes\" \/>\n<script type=\"application\/ld+json\" class=\"yoast-schema-graph\">{\"@context\":\"https:\/\/schema.org\",\"@graph\":[{\"@type\":\"WebPage\",\"@id\":\"https:\/\/www.miomiorun.com\/de\/produkt\/launch-jacquard-ss-damen\/\",\"url\":\"https:\/\/www.miomiorun.com\/de\/produkt\/launch-jacquard-ss-damen\/\",\"name\":\"Under Armour Launch jacquard SS damen -Lauf-T-Shirt- MioMioRun\",\"isPartOf\":{\"@id\":\"https:\/\/www.miomiorun.com\/de\/#website\"},\"primaryImageOfPage\":{\"@id\":\"https:\/\/www.miomiorun.com\/de\/produkt\/launch-jacquard-ss-damen\/#primaryimage\"},\"image\":{\"@id\":\"https:\/\/www.miomiorun.com\/de\/produkt\/launch-jacquard-ss-damen\/#primaryimage\"},\"thumbnailUrl\":\"https:\/\/www.miomiorun.com\/app\/uploads\/2025\/12\/under-armour-Launch-jacquard-SS-W-white-6005096-0100.webp\",\"datePublished\":\"2025-11-27T18:13:26+00:00\",\"dateModified\":\"2026-04-16T17:02:28+00:00\",\"description\":\"Leichtes und atmungsaktives Laufshirt aus Jacquard, schnell trocknend, 4-Wege-Stretch und geruchshemmend. Maximale Freiheit und Komfort.\",\"breadcrumb\":{\"@id\":\"https:\/\/www.miomiorun.com\/de\/produkt\/launch-jacquard-ss-damen\/#breadcrumb\"},\"inLanguage\":\"de-DE\",\"potentialAction\":[{\"@type\":\"ReadAction\",\"target\":[\"https:\/\/www.miomiorun.com\/de\/produkt\/launch-jacquard-ss-damen\/\"]}]},{\"@type\":\"ImageObject\",\"inLanguage\":\"de-DE\",\"@id\":\"https:\/\/www.miomiorun.com\/de\/produkt\/launch-jacquard-ss-damen\/#primaryimage\",\"url\":\"https:\/\/www.miomiorun.com\/app\/uploads\/2025\/12\/under-armour-Launch-jacquard-SS-W-white-6005096-0100.webp\",\"contentUrl\":\"https:\/\/www.miomiorun.com\/app\/uploads\/2025\/12\/under-armour-Launch-jacquard-SS-W-white-6005096-0100.webp\",\"width\":720,\"height\":720,\"caption\":\"under armour Launch jacquard SS W white 6005096-0100\"},{\"@type\":\"BreadcrumbList\",\"@id\":\"https:\/\/www.miomiorun.com\/de\/produkt\/launch-jacquard-ss-damen\/#breadcrumb\",\"itemListElement\":[{\"@type\":\"ListItem\",\"position\":1,\"name\":\"Home\",\"item\":\"https:\/\/www.miomiorun.com\/de\/\"},{\"@type\":\"ListItem\",\"position\":2,\"name\":\"Shop\",\"item\":\"https:\/\/www.miomiorun.com\/shop\/\"},{\"@type\":\"ListItem\",\"position\":3,\"name\":\"Launch jacquard SS damen\"}]},{\"@type\":\"WebSite\",\"@id\":\"https:\/\/www.miomiorun.com\/de\/#website\",\"url\":\"https:\/\/www.miomiorun.com\/de\/\",\"name\":\"MioMioRun\",\"description\":\"100% Lauf- und Trailshop\",\"publisher\":{\"@id\":\"https:\/\/www.miomiorun.com\/de\/#organization\"},\"potentialAction\":[{\"@type\":\"SearchAction\",\"target\":{\"@type\":\"EntryPoint\",\"urlTemplate\":\"https:\/\/www.miomiorun.com\/de\/?s={search_term_string}\"},\"query-input\":{\"@type\":\"PropertyValueSpecification\",\"valueRequired\":true,\"valueName\":\"search_term_string\"}}],\"inLanguage\":\"de-DE\"},{\"@type\":\"Organization\",\"@id\":\"https:\/\/www.miomiorun.com\/de\/#organization\",\"name\":\"MioMio Run\",\"url\":\"https:\/\/www.miomiorun.com\/de\/\",\"logo\":{\"@type\":\"ImageObject\",\"inLanguage\":\"de-DE\",\"@id\":\"https:\/\/www.miomiorun.com\/de\/#\/schema\/logo\/image\/\",\"url\":\"https:\/\/www.miomiorun.com\/app\/uploads\/2019\/12\/logomio.png\",\"contentUrl\":\"https:\/\/www.miomiorun.com\/app\/uploads\/2019\/12\/logomio.png\",\"width\":115,\"height\":82,\"caption\":\"MioMio Run\"},\"image\":{\"@id\":\"https:\/\/www.miomiorun.com\/de\/#\/schema\/logo\/image\/\"},\"sameAs\":[\"https:\/\/www.facebook.com\/miomiorun\/\",\"https:\/\/www.instagram.com\/miomiorun\/\"]}]}<\/script>\n<!-- \/ Yoast SEO plugin. -->","yoast_head_json":{"title":"Under Armour Launch jacquard SS damen -Lauf-T-Shirt- MioMioRun","description":"Leichtes und atmungsaktives Laufshirt aus Jacquard, schnell trocknend, 4-Wege-Stretch und geruchshemmend. Maximale Freiheit und Komfort.","robots":{"index":"index","follow":"follow","max-snippet":"max-snippet:-1","max-image-preview":"max-image-preview:large","max-video-preview":"max-video-preview:-1"},"canonical":"https:\/\/www.miomiorun.com\/de\/produkt\/launch-jacquard-ss-damen\/","og_locale":"de_DE","og_type":"article","og_title":"Under Armour Launch jacquard SS damen -Lauf-T-Shirt- MioMioRun","og_description":"Leichtes und atmungsaktives Laufshirt aus Jacquard, schnell trocknend, 4-Wege-Stretch und geruchshemmend. Maximale Freiheit und Komfort.","og_url":"https:\/\/www.miomiorun.com\/de\/produkt\/launch-jacquard-ss-damen\/","og_site_name":"MioMioRun","article_publisher":"https:\/\/www.facebook.com\/miomiorun\/","article_modified_time":"2026-04-16T17:02:28+00:00","og_image":[{"width":720,"height":720,"url":"https:\/\/www.miomiorun.com\/app\/uploads\/2025\/12\/under-armour-Launch-jacquard-SS-W-white-6005096-0100.webp","type":"image\/webp"}],"twitter_card":"summary_large_image","twitter_misc":{"Est. reading time":"2 minutes"},"schema":{"@context":"https:\/\/schema.org","@graph":[{"@type":"WebPage","@id":"https:\/\/www.miomiorun.com\/de\/produkt\/launch-jacquard-ss-damen\/","url":"https:\/\/www.miomiorun.com\/de\/produkt\/launch-jacquard-ss-damen\/","name":"Under Armour Launch jacquard SS damen -Lauf-T-Shirt- MioMioRun","isPartOf":{"@id":"https:\/\/www.miomiorun.com\/de\/#website"},"primaryImageOfPage":{"@id":"https:\/\/www.miomiorun.com\/de\/produkt\/launch-jacquard-ss-damen\/#primaryimage"},"image":{"@id":"https:\/\/www.miomiorun.com\/de\/produkt\/launch-jacquard-ss-damen\/#primaryimage"},"thumbnailUrl":"https:\/\/www.miomiorun.com\/app\/uploads\/2025\/12\/under-armour-Launch-jacquard-SS-W-white-6005096-0100.webp","datePublished":"2025-11-27T18:13:26+00:00","dateModified":"2026-04-16T17:02:28+00:00","description":"Leichtes und atmungsaktives Laufshirt aus Jacquard, schnell trocknend, 4-Wege-Stretch und geruchshemmend. Maximale Freiheit und Komfort.","breadcrumb":{"@id":"https:\/\/www.miomiorun.com\/de\/produkt\/launch-jacquard-ss-damen\/#breadcrumb"},"inLanguage":"de-DE","potentialAction":[{"@type":"ReadAction","target":["https:\/\/www.miomiorun.com\/de\/produkt\/launch-jacquard-ss-damen\/"]}]},{"@type":"ImageObject","inLanguage":"de-DE","@id":"https:\/\/www.miomiorun.com\/de\/produkt\/launch-jacquard-ss-damen\/#primaryimage","url":"https:\/\/www.miomiorun.com\/app\/uploads\/2025\/12\/under-armour-Launch-jacquard-SS-W-white-6005096-0100.webp","contentUrl":"https:\/\/www.miomiorun.com\/app\/uploads\/2025\/12\/under-armour-Launch-jacquard-SS-W-white-6005096-0100.webp","width":720,"height":720,"caption":"under armour Launch jacquard SS W white 6005096-0100"},{"@type":"BreadcrumbList","@id":"https:\/\/www.miomiorun.com\/de\/produkt\/launch-jacquard-ss-damen\/#breadcrumb","itemListElement":[{"@type":"ListItem","position":1,"name":"Home","item":"https:\/\/www.miomiorun.com\/de\/"},{"@type":"ListItem","position":2,"name":"Shop","item":"https:\/\/www.miomiorun.com\/shop\/"},{"@type":"ListItem","position":3,"name":"Launch jacquard SS damen"}]},{"@type":"WebSite","@id":"https:\/\/www.miomiorun.com\/de\/#website","url":"https:\/\/www.miomiorun.com\/de\/","name":"MioMioRun","description":"100% Lauf- und Trailshop","publisher":{"@id":"https:\/\/www.miomiorun.com\/de\/#organization"},"potentialAction":[{"@type":"SearchAction","target":{"@type":"EntryPoint","urlTemplate":"https:\/\/www.miomiorun.com\/de\/?s={search_term_string}"},"query-input":{"@type":"PropertyValueSpecification","valueRequired":true,"valueName":"search_term_string"}}],"inLanguage":"de-DE"},{"@type":"Organization","@id":"https:\/\/www.miomiorun.com\/de\/#organization","name":"MioMio Run","url":"https:\/\/www.miomiorun.com\/de\/","logo":{"@type":"ImageObject","inLanguage":"de-DE","@id":"https:\/\/www.miomiorun.com\/de\/#\/schema\/logo\/image\/","url":"https:\/\/www.miomiorun.com\/app\/uploads\/2019\/12\/logomio.png","contentUrl":"https:\/\/www.miomiorun.com\/app\/uploads\/2019\/12\/logomio.png","width":115,"height":82,"caption":"MioMio Run"},"image":{"@id":"https:\/\/www.miomiorun.com\/de\/#\/schema\/logo\/image\/"},"sameAs":["https:\/\/www.facebook.com\/miomiorun\/","https:\/\/www.instagram.com\/miomiorun\/"]}]}},"_links":{"self":[{"href":"https:\/\/www.miomiorun.com\/de\/wp-json\/wp\/v2\/product\/375316","targetHints":{"allow":["GET"]}}],"collection":[{"href":"https:\/\/www.miomiorun.com\/de\/wp-json\/wp\/v2\/product"}],"about":[{"href":"https:\/\/www.miomiorun.com\/de\/wp-json\/wp\/v2\/types\/product"}],"wp:featuredmedia":[{"embeddable":true,"href":"https:\/\/www.miomiorun.com\/de\/wp-json\/wp\/v2\/media\/382863"}],"wp:attachment":[{"href":"https:\/\/www.miomiorun.com\/de\/wp-json\/wp\/v2\/media?parent=375316"}],"wp:term":[{"taxonomy":"product_brand","embeddable":true,"href":"https:\/\/www.miomiorun.com\/de\/wp-json\/wp\/v2\/product_brand?post=375316"},{"taxonomy":"product_cat","embeddable":true,"href":"https:\/\/www.miomiorun.com\/de\/wp-json\/wp\/v2\/product_cat?post=375316"},{"taxonomy":"product_tag","embeddable":true,"href":"https:\/\/www.miomiorun.com\/de\/wp-json\/wp\/v2\/product_tag?post=375316"}],"curies":[{"name":"wp","href":"https:\/\/api.w.org\/{rel}","templated":true}]}}