{"id":375269,"date":"2025-11-27T18:53:09","date_gmt":"2025-11-27T17:53:09","guid":{"rendered":"https:\/\/www.miomiorun.com\/?post_type=product&#038;p=375269"},"modified":"2026-04-16T19:02:39","modified_gmt":"2026-04-16T17:02:39","slug":"rival-flc-piped-pant-damen","status":"publish","type":"product","link":"https:\/\/www.miomiorun.com\/de\/produkt\/rival-flc-piped-pant-damen\/","title":{"rendered":"Rival FLC piped pant damen"},"content":{"rendered":"<p data-start=\"166\" data-end=\"537\">Diese Hose ist das ideale Kleidungsst\u00fcck f\u00fcr alle, die zu jeder Tageszeit W\u00e4rme, Weichheit und Stil suchen. Sie besteht aus <strong data-start=\"290\" data-end=\"327\">seidenweichem Baumwollmisch-Fleece<\/strong> mit geb\u00fcrsteter Innenseite und umh\u00fcllt den K\u00f6rper mit einem Gef\u00fchl von sofortigem Komfort, sodass Sie warm bleiben, ohne auf Leichtigkeit verzichten zu m\u00fcssen. Perfekt zum Aufw\u00e4rmen, f\u00fcr die Freizeit oder leichte Aktivit\u00e4ten.<\/p>\n<p data-start=\"539\" data-end=\"984\">Der <strong data-start=\"542\" data-end=\"584\">\u00fcberzogene elastische Bund<\/strong> sorgt f\u00fcr eine stabile und bequeme Passform, w\u00e4hrend die <strong data-start=\"646\" data-end=\"675\">offenen Eingrifftaschen<\/strong> praktische Alltagstauglichkeit bieten. Der <strong data-start=\"709\" data-end=\"726\">ausgestellte Saum<\/strong> verleiht einen modernen, femininen Look und erleichtert gleichzeitig die Bewegung. Die <strong data-start=\"813\" data-end=\"846\">kontrastfarbenen Paspeln<\/strong> sind ein stilvolles Detail, das das gesamte Design aufwertet. Ein vielseitiges Kleidungsst\u00fcck, ideal f\u00fcr alle, die Funktionalit\u00e4t und \u00c4sthetik verbinden m\u00f6chten.<\/p>\n","protected":false},"excerpt":{"rendered":"<ul>\n<li data-start=\"1214\" data-end=\"1290\">Ultraweicher Baumwollmix mit geb\u00fcrsteter Innenseite f\u00fcr zus\u00e4tzliche W\u00e4rme<\/li>\n<li data-start=\"1293\" data-end=\"1362\">Elastischer Bund und offene Taschen f\u00fcr t\u00e4glichen Tragekomfort<\/li>\n<li data-start=\"1365\" data-end=\"1434\">Ausgestellter Saum und kontrastierende Paspeln f\u00fcr einen modernen, femininen Look<\/li>\n<\/ul>\n","protected":false},"featured_media":382844,"template":"","meta":{"_acf_changed":false,"inline_featured_image":false},"product_brand":[],"product_cat":[6401,6487],"product_tag":[20482,20495],"class_list":{"0":"post-375269","1":"product","2":"type-product","3":"status-publish","4":"has-post-thumbnail","6":"product_cat-damenbekleidung","7":"product_cat-damenhosen","8":"product_tag-under-armour-de","9":"product_tag-under-armour-damen","10":"pa_attivita-gehen","11":"pa_attivita-lifestyle-de","12":"pa_colore-rival-flc-piped-pant-w-black-de","13":"pa_marca-under-armour-de","14":"pa_sesso-damen","15":"pa_size-extra-small-de","16":"pa_size-small-de","17":"pa_size-medium-de","19":"first","20":"instock","21":"sale","22":"taxable","23":"shipping-taxable","24":"purchasable","25":"product-type-variable","26":"wvs-archive-product-wrapper"},"acf":[],"yoast_head":"<!-- This site is optimized with the Yoast SEO plugin v26.8 - https:\/\/yoast.com\/product\/yoast-seo-wordpress\/ -->\n<title>Under Armour Rival FLC piped pant damen - Damenhose - MioMioRun<\/title>\n<meta name=\"description\" content=\"Hose aus Baumwoll-Fleece-Mischgewebe mit warm geb\u00fcrsteter Innenseite, ausgestelltem Beinabschluss, elastischem Bund und kontrastierenden Details. Weichheit, W\u00e4rme und Stil.\" \/>\n<meta name=\"robots\" content=\"index, follow, max-snippet:-1, max-image-preview:large, max-video-preview:-1\" \/>\n<link rel=\"canonical\" href=\"https:\/\/www.miomiorun.com\/de\/produkt\/rival-flc-piped-pant-damen\/\" \/>\n<meta property=\"og:locale\" content=\"de_DE\" \/>\n<meta property=\"og:type\" content=\"article\" \/>\n<meta property=\"og:title\" content=\"Under Armour Rival FLC piped pant damen - Damenhose - MioMioRun\" \/>\n<meta property=\"og:description\" content=\"Hose aus Baumwoll-Fleece-Mischgewebe mit warm geb\u00fcrsteter Innenseite, ausgestelltem Beinabschluss, elastischem Bund und kontrastierenden Details. Weichheit, W\u00e4rme und Stil.\" \/>\n<meta property=\"og:url\" content=\"https:\/\/www.miomiorun.com\/de\/produkt\/rival-flc-piped-pant-damen\/\" \/>\n<meta property=\"og:site_name\" content=\"MioMioRun\" \/>\n<meta property=\"article:publisher\" content=\"https:\/\/www.facebook.com\/miomiorun\/\" \/>\n<meta property=\"article:modified_time\" content=\"2026-04-16T17:02:39+00:00\" \/>\n<meta property=\"og:image\" content=\"https:\/\/www.miomiorun.com\/app\/uploads\/2025\/12\/under-armour-Rival-FLC-piped-pant-W-black-6003711-0003.webp\" \/>\n\t<meta property=\"og:image:width\" content=\"720\" \/>\n\t<meta property=\"og:image:height\" content=\"720\" \/>\n\t<meta property=\"og:image:type\" content=\"image\/webp\" \/>\n<meta name=\"twitter:card\" content=\"summary_large_image\" \/>\n<meta name=\"twitter:label1\" content=\"Est. reading time\" \/>\n\t<meta name=\"twitter:data1\" content=\"1 minute\" \/>\n<script type=\"application\/ld+json\" class=\"yoast-schema-graph\">{\"@context\":\"https:\/\/schema.org\",\"@graph\":[{\"@type\":\"WebPage\",\"@id\":\"https:\/\/www.miomiorun.com\/de\/produkt\/rival-flc-piped-pant-damen\/\",\"url\":\"https:\/\/www.miomiorun.com\/de\/produkt\/rival-flc-piped-pant-damen\/\",\"name\":\"Under Armour Rival FLC piped pant damen - Damenhose - MioMioRun\",\"isPartOf\":{\"@id\":\"https:\/\/www.miomiorun.com\/de\/#website\"},\"primaryImageOfPage\":{\"@id\":\"https:\/\/www.miomiorun.com\/de\/produkt\/rival-flc-piped-pant-damen\/#primaryimage\"},\"image\":{\"@id\":\"https:\/\/www.miomiorun.com\/de\/produkt\/rival-flc-piped-pant-damen\/#primaryimage\"},\"thumbnailUrl\":\"https:\/\/www.miomiorun.com\/app\/uploads\/2025\/12\/under-armour-Rival-FLC-piped-pant-W-black-6003711-0003.webp\",\"datePublished\":\"2025-11-27T17:53:09+00:00\",\"dateModified\":\"2026-04-16T17:02:39+00:00\",\"description\":\"Hose aus Baumwoll-Fleece-Mischgewebe mit warm geb\u00fcrsteter Innenseite, ausgestelltem Beinabschluss, elastischem Bund und kontrastierenden Details. Weichheit, W\u00e4rme und Stil.\",\"breadcrumb\":{\"@id\":\"https:\/\/www.miomiorun.com\/de\/produkt\/rival-flc-piped-pant-damen\/#breadcrumb\"},\"inLanguage\":\"de-DE\",\"potentialAction\":[{\"@type\":\"ReadAction\",\"target\":[\"https:\/\/www.miomiorun.com\/de\/produkt\/rival-flc-piped-pant-damen\/\"]}]},{\"@type\":\"ImageObject\",\"inLanguage\":\"de-DE\",\"@id\":\"https:\/\/www.miomiorun.com\/de\/produkt\/rival-flc-piped-pant-damen\/#primaryimage\",\"url\":\"https:\/\/www.miomiorun.com\/app\/uploads\/2025\/12\/under-armour-Rival-FLC-piped-pant-W-black-6003711-0003.webp\",\"contentUrl\":\"https:\/\/www.miomiorun.com\/app\/uploads\/2025\/12\/under-armour-Rival-FLC-piped-pant-W-black-6003711-0003.webp\",\"width\":720,\"height\":720,\"caption\":\"under armour Rival FLC piped pant W black 6003711-0003\"},{\"@type\":\"BreadcrumbList\",\"@id\":\"https:\/\/www.miomiorun.com\/de\/produkt\/rival-flc-piped-pant-damen\/#breadcrumb\",\"itemListElement\":[{\"@type\":\"ListItem\",\"position\":1,\"name\":\"Home\",\"item\":\"https:\/\/www.miomiorun.com\/de\/\"},{\"@type\":\"ListItem\",\"position\":2,\"name\":\"Shop\",\"item\":\"https:\/\/www.miomiorun.com\/shop\/\"},{\"@type\":\"ListItem\",\"position\":3,\"name\":\"Rival FLC piped pant damen\"}]},{\"@type\":\"WebSite\",\"@id\":\"https:\/\/www.miomiorun.com\/de\/#website\",\"url\":\"https:\/\/www.miomiorun.com\/de\/\",\"name\":\"MioMioRun\",\"description\":\"100% Lauf- und Trailshop\",\"publisher\":{\"@id\":\"https:\/\/www.miomiorun.com\/de\/#organization\"},\"potentialAction\":[{\"@type\":\"SearchAction\",\"target\":{\"@type\":\"EntryPoint\",\"urlTemplate\":\"https:\/\/www.miomiorun.com\/de\/?s={search_term_string}\"},\"query-input\":{\"@type\":\"PropertyValueSpecification\",\"valueRequired\":true,\"valueName\":\"search_term_string\"}}],\"inLanguage\":\"de-DE\"},{\"@type\":\"Organization\",\"@id\":\"https:\/\/www.miomiorun.com\/de\/#organization\",\"name\":\"MioMio Run\",\"url\":\"https:\/\/www.miomiorun.com\/de\/\",\"logo\":{\"@type\":\"ImageObject\",\"inLanguage\":\"de-DE\",\"@id\":\"https:\/\/www.miomiorun.com\/de\/#\/schema\/logo\/image\/\",\"url\":\"https:\/\/www.miomiorun.com\/app\/uploads\/2019\/12\/logomio.png\",\"contentUrl\":\"https:\/\/www.miomiorun.com\/app\/uploads\/2019\/12\/logomio.png\",\"width\":115,\"height\":82,\"caption\":\"MioMio Run\"},\"image\":{\"@id\":\"https:\/\/www.miomiorun.com\/de\/#\/schema\/logo\/image\/\"},\"sameAs\":[\"https:\/\/www.facebook.com\/miomiorun\/\",\"https:\/\/www.instagram.com\/miomiorun\/\"]}]}<\/script>\n<!-- \/ Yoast SEO plugin. -->","yoast_head_json":{"title":"Under Armour Rival FLC piped pant damen - Damenhose - MioMioRun","description":"Hose aus Baumwoll-Fleece-Mischgewebe mit warm geb\u00fcrsteter Innenseite, ausgestelltem Beinabschluss, elastischem Bund und kontrastierenden Details. Weichheit, W\u00e4rme und Stil.","robots":{"index":"index","follow":"follow","max-snippet":"max-snippet:-1","max-image-preview":"max-image-preview:large","max-video-preview":"max-video-preview:-1"},"canonical":"https:\/\/www.miomiorun.com\/de\/produkt\/rival-flc-piped-pant-damen\/","og_locale":"de_DE","og_type":"article","og_title":"Under Armour Rival FLC piped pant damen - Damenhose - MioMioRun","og_description":"Hose aus Baumwoll-Fleece-Mischgewebe mit warm geb\u00fcrsteter Innenseite, ausgestelltem Beinabschluss, elastischem Bund und kontrastierenden Details. Weichheit, W\u00e4rme und Stil.","og_url":"https:\/\/www.miomiorun.com\/de\/produkt\/rival-flc-piped-pant-damen\/","og_site_name":"MioMioRun","article_publisher":"https:\/\/www.facebook.com\/miomiorun\/","article_modified_time":"2026-04-16T17:02:39+00:00","og_image":[{"width":720,"height":720,"url":"https:\/\/www.miomiorun.com\/app\/uploads\/2025\/12\/under-armour-Rival-FLC-piped-pant-W-black-6003711-0003.webp","type":"image\/webp"}],"twitter_card":"summary_large_image","twitter_misc":{"Est. reading time":"1 minute"},"schema":{"@context":"https:\/\/schema.org","@graph":[{"@type":"WebPage","@id":"https:\/\/www.miomiorun.com\/de\/produkt\/rival-flc-piped-pant-damen\/","url":"https:\/\/www.miomiorun.com\/de\/produkt\/rival-flc-piped-pant-damen\/","name":"Under Armour Rival FLC piped pant damen - Damenhose - MioMioRun","isPartOf":{"@id":"https:\/\/www.miomiorun.com\/de\/#website"},"primaryImageOfPage":{"@id":"https:\/\/www.miomiorun.com\/de\/produkt\/rival-flc-piped-pant-damen\/#primaryimage"},"image":{"@id":"https:\/\/www.miomiorun.com\/de\/produkt\/rival-flc-piped-pant-damen\/#primaryimage"},"thumbnailUrl":"https:\/\/www.miomiorun.com\/app\/uploads\/2025\/12\/under-armour-Rival-FLC-piped-pant-W-black-6003711-0003.webp","datePublished":"2025-11-27T17:53:09+00:00","dateModified":"2026-04-16T17:02:39+00:00","description":"Hose aus Baumwoll-Fleece-Mischgewebe mit warm geb\u00fcrsteter Innenseite, ausgestelltem Beinabschluss, elastischem Bund und kontrastierenden Details. Weichheit, W\u00e4rme und Stil.","breadcrumb":{"@id":"https:\/\/www.miomiorun.com\/de\/produkt\/rival-flc-piped-pant-damen\/#breadcrumb"},"inLanguage":"de-DE","potentialAction":[{"@type":"ReadAction","target":["https:\/\/www.miomiorun.com\/de\/produkt\/rival-flc-piped-pant-damen\/"]}]},{"@type":"ImageObject","inLanguage":"de-DE","@id":"https:\/\/www.miomiorun.com\/de\/produkt\/rival-flc-piped-pant-damen\/#primaryimage","url":"https:\/\/www.miomiorun.com\/app\/uploads\/2025\/12\/under-armour-Rival-FLC-piped-pant-W-black-6003711-0003.webp","contentUrl":"https:\/\/www.miomiorun.com\/app\/uploads\/2025\/12\/under-armour-Rival-FLC-piped-pant-W-black-6003711-0003.webp","width":720,"height":720,"caption":"under armour Rival FLC piped pant W black 6003711-0003"},{"@type":"BreadcrumbList","@id":"https:\/\/www.miomiorun.com\/de\/produkt\/rival-flc-piped-pant-damen\/#breadcrumb","itemListElement":[{"@type":"ListItem","position":1,"name":"Home","item":"https:\/\/www.miomiorun.com\/de\/"},{"@type":"ListItem","position":2,"name":"Shop","item":"https:\/\/www.miomiorun.com\/shop\/"},{"@type":"ListItem","position":3,"name":"Rival FLC piped pant damen"}]},{"@type":"WebSite","@id":"https:\/\/www.miomiorun.com\/de\/#website","url":"https:\/\/www.miomiorun.com\/de\/","name":"MioMioRun","description":"100% Lauf- und Trailshop","publisher":{"@id":"https:\/\/www.miomiorun.com\/de\/#organization"},"potentialAction":[{"@type":"SearchAction","target":{"@type":"EntryPoint","urlTemplate":"https:\/\/www.miomiorun.com\/de\/?s={search_term_string}"},"query-input":{"@type":"PropertyValueSpecification","valueRequired":true,"valueName":"search_term_string"}}],"inLanguage":"de-DE"},{"@type":"Organization","@id":"https:\/\/www.miomiorun.com\/de\/#organization","name":"MioMio Run","url":"https:\/\/www.miomiorun.com\/de\/","logo":{"@type":"ImageObject","inLanguage":"de-DE","@id":"https:\/\/www.miomiorun.com\/de\/#\/schema\/logo\/image\/","url":"https:\/\/www.miomiorun.com\/app\/uploads\/2019\/12\/logomio.png","contentUrl":"https:\/\/www.miomiorun.com\/app\/uploads\/2019\/12\/logomio.png","width":115,"height":82,"caption":"MioMio Run"},"image":{"@id":"https:\/\/www.miomiorun.com\/de\/#\/schema\/logo\/image\/"},"sameAs":["https:\/\/www.facebook.com\/miomiorun\/","https:\/\/www.instagram.com\/miomiorun\/"]}]}},"_links":{"self":[{"href":"https:\/\/www.miomiorun.com\/de\/wp-json\/wp\/v2\/product\/375269","targetHints":{"allow":["GET"]}}],"collection":[{"href":"https:\/\/www.miomiorun.com\/de\/wp-json\/wp\/v2\/product"}],"about":[{"href":"https:\/\/www.miomiorun.com\/de\/wp-json\/wp\/v2\/types\/product"}],"wp:featuredmedia":[{"embeddable":true,"href":"https:\/\/www.miomiorun.com\/de\/wp-json\/wp\/v2\/media\/382844"}],"wp:attachment":[{"href":"https:\/\/www.miomiorun.com\/de\/wp-json\/wp\/v2\/media?parent=375269"}],"wp:term":[{"taxonomy":"product_brand","embeddable":true,"href":"https:\/\/www.miomiorun.com\/de\/wp-json\/wp\/v2\/product_brand?post=375269"},{"taxonomy":"product_cat","embeddable":true,"href":"https:\/\/www.miomiorun.com\/de\/wp-json\/wp\/v2\/product_cat?post=375269"},{"taxonomy":"product_tag","embeddable":true,"href":"https:\/\/www.miomiorun.com\/de\/wp-json\/wp\/v2\/product_tag?post=375269"}],"curies":[{"name":"wp","href":"https:\/\/api.w.org\/{rel}","templated":true}]}}