{"id":375178,"date":"2025-11-27T12:28:17","date_gmt":"2025-11-27T11:28:17","guid":{"rendered":"https:\/\/www.miomiorun.com\/?post_type=product&#038;p=375178"},"modified":"2026-04-16T19:02:50","modified_gmt":"2026-04-16T17:02:50","slug":"rival-flc-shimmer-hdy-damen","status":"publish","type":"product","link":"https:\/\/www.miomiorun.com\/de\/produkt\/rival-flc-shimmer-hdy-damen\/","title":{"rendered":"Rival FLC shimmer HDY damen"},"content":{"rendered":"<p data-start=\"170\" data-end=\"524\">Dieser <strong data-start=\"177\" data-end=\"200\">Hoodie<\/strong> wurde entwickelt, um Ihnen zu jeder Tageszeit W\u00e4rme, Komfort und einen Hauch von Stil zu bieten. Er besteht aus <strong data-start=\"306\" data-end=\"344\">ultraweichem Baumwollmisch-Fleece<\/strong> mit geb\u00fcrsteter Innenseite und umh\u00fcllt den K\u00f6rper mit angenehmer W\u00e4rme, ohne schwer zu sein, sodass er sich perfekt f\u00fcr die Freizeit, leichtes Training oder k\u00fchlere Tage eignet. <\/p>\n<p data-start=\"526\" data-end=\"959\">Das Design verf\u00fcgt \u00fcber eine praktische <strong data-start=\"557\" data-end=\"586\">K\u00e4ngurutasche auf der Vorderseite<\/strong>, ideal zum W\u00e4rmen der H\u00e4nde oder zum Verstauen kleiner Gegenst\u00e4nde, w\u00e4hrend <strong data-start=\"650\" data-end=\"678\">gerippte B\u00fcndchen und Saum<\/strong> f\u00fcr eine stabile und bequeme Passform sorgen. Die <strong data-start=\"733\" data-end=\"751\">Raglan\u00e4rmel<\/strong> bieten mehr Bewegungsfreiheit und einen sportlichen Look. Abgerundet wird das Kleidungsst\u00fcck durch ein <strong data-start=\"838\" data-end=\"857\">glitzerndes Logo<\/strong>, das Spa\u00df macht und gl\u00e4nzt, einen Hauch von Pers\u00f6nlichkeit verleiht und dieses Sweatshirt einzigartig und modern macht.<\/p>\n","protected":false},"excerpt":{"rendered":"<ul>\n<li data-start=\"1186\" data-end=\"1265\">Ultraweicher Baumwollmix mit geb\u00fcrsteter Innenseite f\u00fcr zus\u00e4tzliche W\u00e4rme<\/li>\n<li data-start=\"1268\" data-end=\"1336\">K\u00e4ngurutasche, gerippte B\u00fcndchen und Saum f\u00fcr Funktionalit\u00e4t und Komfort<\/li>\n<li data-start=\"1339\" data-end=\"1406\">Gl\u00e4nzendes Logo und Raglan\u00e4rmel f\u00fcr einen sportlichen, gl\u00e4nzenden Look<\/li>\n<\/ul>\n","protected":false},"featured_media":382805,"template":"","meta":{"_acf_changed":false,"inline_featured_image":false},"product_brand":[],"product_cat":[6401,6486],"product_tag":[20482,20495],"class_list":{"0":"post-375178","1":"product","2":"type-product","3":"status-publish","4":"has-post-thumbnail","6":"product_cat-damenbekleidung","7":"product_cat-damenlangarmshirts","8":"product_tag-under-armour-de","9":"product_tag-under-armour-damen","10":"pa_attivita-gehen","11":"pa_attivita-lifestyle-de","12":"pa_colore-rival-flc-shimmer-hdy-w-black-de","13":"pa_colore-rival-flc-shimmer-hdy-w-prime-pink-de","14":"pa_marca-under-armour-de","15":"pa_sesso-damen","16":"pa_size-extra-small-de","17":"pa_size-small-de","18":"pa_size-medium-de","20":"first","21":"instock","22":"sale","23":"taxable","24":"shipping-taxable","25":"purchasable","26":"product-type-variable","27":"wvs-archive-product-wrapper"},"acf":[],"yoast_head":"<!-- This site is optimized with the Yoast SEO plugin v26.8 - https:\/\/yoast.com\/product\/yoast-seo-wordpress\/ -->\n<title>Under Armour Rival FLC shimmer HDY damen - Kapuzenpullover- MioMioRun<\/title>\n<meta name=\"description\" content=\"Kapuzenpullover aus Baumwoll-Fleece-Mischung, warm und superweich, mit gl\u00e4nzendem Logo, K\u00e4ngurutasche und Raglan\u00e4rmeln. Perfekt f\u00fcr Komfort und Stil.\" \/>\n<meta name=\"robots\" content=\"index, follow, max-snippet:-1, max-image-preview:large, max-video-preview:-1\" \/>\n<link rel=\"canonical\" href=\"https:\/\/www.miomiorun.com\/de\/produkt\/rival-flc-shimmer-hdy-damen\/\" \/>\n<meta property=\"og:locale\" content=\"de_DE\" \/>\n<meta property=\"og:type\" content=\"article\" \/>\n<meta property=\"og:title\" content=\"Under Armour Rival FLC shimmer HDY damen - Kapuzenpullover- MioMioRun\" \/>\n<meta property=\"og:description\" content=\"Kapuzenpullover aus Baumwoll-Fleece-Mischung, warm und superweich, mit gl\u00e4nzendem Logo, K\u00e4ngurutasche und Raglan\u00e4rmeln. Perfekt f\u00fcr Komfort und Stil.\" \/>\n<meta property=\"og:url\" content=\"https:\/\/www.miomiorun.com\/de\/produkt\/rival-flc-shimmer-hdy-damen\/\" \/>\n<meta property=\"og:site_name\" content=\"MioMioRun\" \/>\n<meta property=\"article:publisher\" content=\"https:\/\/www.facebook.com\/miomiorun\/\" \/>\n<meta property=\"article:modified_time\" content=\"2026-04-16T17:02:50+00:00\" \/>\n<meta property=\"og:image\" content=\"https:\/\/www.miomiorun.com\/app\/uploads\/2025\/12\/under-armour-Rival-FLC-shimmer-HDY-W-prime-pink-6003710-0647.webp\" \/>\n\t<meta property=\"og:image:width\" content=\"720\" \/>\n\t<meta property=\"og:image:height\" content=\"720\" \/>\n\t<meta property=\"og:image:type\" content=\"image\/webp\" \/>\n<meta name=\"twitter:card\" content=\"summary_large_image\" \/>\n<meta name=\"twitter:label1\" content=\"Est. reading time\" \/>\n\t<meta name=\"twitter:data1\" content=\"2 minutes\" \/>\n<script type=\"application\/ld+json\" class=\"yoast-schema-graph\">{\"@context\":\"https:\/\/schema.org\",\"@graph\":[{\"@type\":\"WebPage\",\"@id\":\"https:\/\/www.miomiorun.com\/de\/produkt\/rival-flc-shimmer-hdy-damen\/\",\"url\":\"https:\/\/www.miomiorun.com\/de\/produkt\/rival-flc-shimmer-hdy-damen\/\",\"name\":\"Under Armour Rival FLC shimmer HDY damen - Kapuzenpullover- MioMioRun\",\"isPartOf\":{\"@id\":\"https:\/\/www.miomiorun.com\/de\/#website\"},\"primaryImageOfPage\":{\"@id\":\"https:\/\/www.miomiorun.com\/de\/produkt\/rival-flc-shimmer-hdy-damen\/#primaryimage\"},\"image\":{\"@id\":\"https:\/\/www.miomiorun.com\/de\/produkt\/rival-flc-shimmer-hdy-damen\/#primaryimage\"},\"thumbnailUrl\":\"https:\/\/www.miomiorun.com\/app\/uploads\/2025\/12\/under-armour-Rival-FLC-shimmer-HDY-W-prime-pink-6003710-0647.webp\",\"datePublished\":\"2025-11-27T11:28:17+00:00\",\"dateModified\":\"2026-04-16T17:02:50+00:00\",\"description\":\"Kapuzenpullover aus Baumwoll-Fleece-Mischung, warm und superweich, mit gl\u00e4nzendem Logo, K\u00e4ngurutasche und Raglan\u00e4rmeln. Perfekt f\u00fcr Komfort und Stil.\",\"breadcrumb\":{\"@id\":\"https:\/\/www.miomiorun.com\/de\/produkt\/rival-flc-shimmer-hdy-damen\/#breadcrumb\"},\"inLanguage\":\"de-DE\",\"potentialAction\":[{\"@type\":\"ReadAction\",\"target\":[\"https:\/\/www.miomiorun.com\/de\/produkt\/rival-flc-shimmer-hdy-damen\/\"]}]},{\"@type\":\"ImageObject\",\"inLanguage\":\"de-DE\",\"@id\":\"https:\/\/www.miomiorun.com\/de\/produkt\/rival-flc-shimmer-hdy-damen\/#primaryimage\",\"url\":\"https:\/\/www.miomiorun.com\/app\/uploads\/2025\/12\/under-armour-Rival-FLC-shimmer-HDY-W-prime-pink-6003710-0647.webp\",\"contentUrl\":\"https:\/\/www.miomiorun.com\/app\/uploads\/2025\/12\/under-armour-Rival-FLC-shimmer-HDY-W-prime-pink-6003710-0647.webp\",\"width\":720,\"height\":720,\"caption\":\"under armour Rival FLC shimmer HDY W prime pink 6003710-0647\"},{\"@type\":\"BreadcrumbList\",\"@id\":\"https:\/\/www.miomiorun.com\/de\/produkt\/rival-flc-shimmer-hdy-damen\/#breadcrumb\",\"itemListElement\":[{\"@type\":\"ListItem\",\"position\":1,\"name\":\"Home\",\"item\":\"https:\/\/www.miomiorun.com\/de\/\"},{\"@type\":\"ListItem\",\"position\":2,\"name\":\"Shop\",\"item\":\"https:\/\/www.miomiorun.com\/shop\/\"},{\"@type\":\"ListItem\",\"position\":3,\"name\":\"Rival FLC shimmer HDY damen\"}]},{\"@type\":\"WebSite\",\"@id\":\"https:\/\/www.miomiorun.com\/de\/#website\",\"url\":\"https:\/\/www.miomiorun.com\/de\/\",\"name\":\"MioMioRun\",\"description\":\"100% Lauf- und Trailshop\",\"publisher\":{\"@id\":\"https:\/\/www.miomiorun.com\/de\/#organization\"},\"potentialAction\":[{\"@type\":\"SearchAction\",\"target\":{\"@type\":\"EntryPoint\",\"urlTemplate\":\"https:\/\/www.miomiorun.com\/de\/?s={search_term_string}\"},\"query-input\":{\"@type\":\"PropertyValueSpecification\",\"valueRequired\":true,\"valueName\":\"search_term_string\"}}],\"inLanguage\":\"de-DE\"},{\"@type\":\"Organization\",\"@id\":\"https:\/\/www.miomiorun.com\/de\/#organization\",\"name\":\"MioMio Run\",\"url\":\"https:\/\/www.miomiorun.com\/de\/\",\"logo\":{\"@type\":\"ImageObject\",\"inLanguage\":\"de-DE\",\"@id\":\"https:\/\/www.miomiorun.com\/de\/#\/schema\/logo\/image\/\",\"url\":\"https:\/\/www.miomiorun.com\/app\/uploads\/2019\/12\/logomio.png\",\"contentUrl\":\"https:\/\/www.miomiorun.com\/app\/uploads\/2019\/12\/logomio.png\",\"width\":115,\"height\":82,\"caption\":\"MioMio Run\"},\"image\":{\"@id\":\"https:\/\/www.miomiorun.com\/de\/#\/schema\/logo\/image\/\"},\"sameAs\":[\"https:\/\/www.facebook.com\/miomiorun\/\",\"https:\/\/www.instagram.com\/miomiorun\/\"]}]}<\/script>\n<!-- \/ Yoast SEO plugin. -->","yoast_head_json":{"title":"Under Armour Rival FLC shimmer HDY damen - Kapuzenpullover- MioMioRun","description":"Kapuzenpullover aus Baumwoll-Fleece-Mischung, warm und superweich, mit gl\u00e4nzendem Logo, K\u00e4ngurutasche und Raglan\u00e4rmeln. Perfekt f\u00fcr Komfort und Stil.","robots":{"index":"index","follow":"follow","max-snippet":"max-snippet:-1","max-image-preview":"max-image-preview:large","max-video-preview":"max-video-preview:-1"},"canonical":"https:\/\/www.miomiorun.com\/de\/produkt\/rival-flc-shimmer-hdy-damen\/","og_locale":"de_DE","og_type":"article","og_title":"Under Armour Rival FLC shimmer HDY damen - Kapuzenpullover- MioMioRun","og_description":"Kapuzenpullover aus Baumwoll-Fleece-Mischung, warm und superweich, mit gl\u00e4nzendem Logo, K\u00e4ngurutasche und Raglan\u00e4rmeln. Perfekt f\u00fcr Komfort und Stil.","og_url":"https:\/\/www.miomiorun.com\/de\/produkt\/rival-flc-shimmer-hdy-damen\/","og_site_name":"MioMioRun","article_publisher":"https:\/\/www.facebook.com\/miomiorun\/","article_modified_time":"2026-04-16T17:02:50+00:00","og_image":[{"width":720,"height":720,"url":"https:\/\/www.miomiorun.com\/app\/uploads\/2025\/12\/under-armour-Rival-FLC-shimmer-HDY-W-prime-pink-6003710-0647.webp","type":"image\/webp"}],"twitter_card":"summary_large_image","twitter_misc":{"Est. reading time":"2 minutes"},"schema":{"@context":"https:\/\/schema.org","@graph":[{"@type":"WebPage","@id":"https:\/\/www.miomiorun.com\/de\/produkt\/rival-flc-shimmer-hdy-damen\/","url":"https:\/\/www.miomiorun.com\/de\/produkt\/rival-flc-shimmer-hdy-damen\/","name":"Under Armour Rival FLC shimmer HDY damen - Kapuzenpullover- MioMioRun","isPartOf":{"@id":"https:\/\/www.miomiorun.com\/de\/#website"},"primaryImageOfPage":{"@id":"https:\/\/www.miomiorun.com\/de\/produkt\/rival-flc-shimmer-hdy-damen\/#primaryimage"},"image":{"@id":"https:\/\/www.miomiorun.com\/de\/produkt\/rival-flc-shimmer-hdy-damen\/#primaryimage"},"thumbnailUrl":"https:\/\/www.miomiorun.com\/app\/uploads\/2025\/12\/under-armour-Rival-FLC-shimmer-HDY-W-prime-pink-6003710-0647.webp","datePublished":"2025-11-27T11:28:17+00:00","dateModified":"2026-04-16T17:02:50+00:00","description":"Kapuzenpullover aus Baumwoll-Fleece-Mischung, warm und superweich, mit gl\u00e4nzendem Logo, K\u00e4ngurutasche und Raglan\u00e4rmeln. Perfekt f\u00fcr Komfort und Stil.","breadcrumb":{"@id":"https:\/\/www.miomiorun.com\/de\/produkt\/rival-flc-shimmer-hdy-damen\/#breadcrumb"},"inLanguage":"de-DE","potentialAction":[{"@type":"ReadAction","target":["https:\/\/www.miomiorun.com\/de\/produkt\/rival-flc-shimmer-hdy-damen\/"]}]},{"@type":"ImageObject","inLanguage":"de-DE","@id":"https:\/\/www.miomiorun.com\/de\/produkt\/rival-flc-shimmer-hdy-damen\/#primaryimage","url":"https:\/\/www.miomiorun.com\/app\/uploads\/2025\/12\/under-armour-Rival-FLC-shimmer-HDY-W-prime-pink-6003710-0647.webp","contentUrl":"https:\/\/www.miomiorun.com\/app\/uploads\/2025\/12\/under-armour-Rival-FLC-shimmer-HDY-W-prime-pink-6003710-0647.webp","width":720,"height":720,"caption":"under armour Rival FLC shimmer HDY W prime pink 6003710-0647"},{"@type":"BreadcrumbList","@id":"https:\/\/www.miomiorun.com\/de\/produkt\/rival-flc-shimmer-hdy-damen\/#breadcrumb","itemListElement":[{"@type":"ListItem","position":1,"name":"Home","item":"https:\/\/www.miomiorun.com\/de\/"},{"@type":"ListItem","position":2,"name":"Shop","item":"https:\/\/www.miomiorun.com\/shop\/"},{"@type":"ListItem","position":3,"name":"Rival FLC shimmer HDY damen"}]},{"@type":"WebSite","@id":"https:\/\/www.miomiorun.com\/de\/#website","url":"https:\/\/www.miomiorun.com\/de\/","name":"MioMioRun","description":"100% Lauf- und Trailshop","publisher":{"@id":"https:\/\/www.miomiorun.com\/de\/#organization"},"potentialAction":[{"@type":"SearchAction","target":{"@type":"EntryPoint","urlTemplate":"https:\/\/www.miomiorun.com\/de\/?s={search_term_string}"},"query-input":{"@type":"PropertyValueSpecification","valueRequired":true,"valueName":"search_term_string"}}],"inLanguage":"de-DE"},{"@type":"Organization","@id":"https:\/\/www.miomiorun.com\/de\/#organization","name":"MioMio Run","url":"https:\/\/www.miomiorun.com\/de\/","logo":{"@type":"ImageObject","inLanguage":"de-DE","@id":"https:\/\/www.miomiorun.com\/de\/#\/schema\/logo\/image\/","url":"https:\/\/www.miomiorun.com\/app\/uploads\/2019\/12\/logomio.png","contentUrl":"https:\/\/www.miomiorun.com\/app\/uploads\/2019\/12\/logomio.png","width":115,"height":82,"caption":"MioMio Run"},"image":{"@id":"https:\/\/www.miomiorun.com\/de\/#\/schema\/logo\/image\/"},"sameAs":["https:\/\/www.facebook.com\/miomiorun\/","https:\/\/www.instagram.com\/miomiorun\/"]}]}},"_links":{"self":[{"href":"https:\/\/www.miomiorun.com\/de\/wp-json\/wp\/v2\/product\/375178","targetHints":{"allow":["GET"]}}],"collection":[{"href":"https:\/\/www.miomiorun.com\/de\/wp-json\/wp\/v2\/product"}],"about":[{"href":"https:\/\/www.miomiorun.com\/de\/wp-json\/wp\/v2\/types\/product"}],"wp:featuredmedia":[{"embeddable":true,"href":"https:\/\/www.miomiorun.com\/de\/wp-json\/wp\/v2\/media\/382805"}],"wp:attachment":[{"href":"https:\/\/www.miomiorun.com\/de\/wp-json\/wp\/v2\/media?parent=375178"}],"wp:term":[{"taxonomy":"product_brand","embeddable":true,"href":"https:\/\/www.miomiorun.com\/de\/wp-json\/wp\/v2\/product_brand?post=375178"},{"taxonomy":"product_cat","embeddable":true,"href":"https:\/\/www.miomiorun.com\/de\/wp-json\/wp\/v2\/product_cat?post=375178"},{"taxonomy":"product_tag","embeddable":true,"href":"https:\/\/www.miomiorun.com\/de\/wp-json\/wp\/v2\/product_tag?post=375178"}],"curies":[{"name":"wp","href":"https:\/\/api.w.org\/{rel}","templated":true}]}}