{"id":373094,"date":"2025-11-25T11:53:01","date_gmt":"2025-11-25T10:53:01","guid":{"rendered":"https:\/\/www.miomiorun.com\/?post_type=product&#038;p=373094"},"modified":"2026-04-17T10:19:05","modified_gmt":"2026-04-17T08:19:05","slug":"rival-fleece-logo-hd-herren","status":"publish","type":"product","link":"https:\/\/www.miomiorun.com\/de\/produkt\/rival-fleece-logo-hd-herren\/","title":{"rendered":"Rival fleece logo HD herren"},"content":{"rendered":"<p data-start=\"156\" data-end=\"563\">Das <strong data-start=\"159\" data-end=\"191\">Rival Fleece Logo HD f\u00fcr Herren<\/strong> ist das perfekte Sweatshirt f\u00fcr alle, die W\u00e4rme, Weichheit und Funktionalit\u00e4t in einem Kleidungsst\u00fcck suchen. Es besteht aus einem Baumwollmisch-Fleece mit geb\u00fcrsteter Innenseite und sorgt f\u00fcr ein angenehmes, kuscheliges Tragegef\u00fchl, ideal f\u00fcr k\u00fchlere Tage, ohne dabei an Leichtigkeit einzub\u00fc\u00dfen. Es ist daf\u00fcr gedacht, Sie den ganzen Tag \u00fcber zu begleiten: vom Aufw\u00e4rmen im Fitnessstudio bis zur Freizeit.<br \/>\nDie K\u00e4ngurutasche vorne sorgt f\u00fcr zus\u00e4tzliche Funktionalit\u00e4t und Komfort, w\u00e4hrend der gerippte Saum und die gerippten B\u00fcndchen die Passform verbessern und die W\u00e4rme speichern. Ein unverzichtbares, \u00e4u\u00dferst vielseitiges Kleidungsst\u00fcck, das zu einem Must-have in Ihrer t\u00e4glichen Garderobe werden wird.<\/p>\n","protected":false},"excerpt":{"rendered":"<ul>\n<li data-start=\"1026\" data-end=\"1114\">Baumwollmischung mit geb\u00fcrsteter Innenseite f\u00fcr au\u00dfergew\u00f6hnliche W\u00e4rme und Weichheit<\/li>\n<li data-start=\"1117\" data-end=\"1170\">K\u00e4ngurutasche vorne f\u00fcr praktischen Alltagskomfort<\/li>\n<li data-start=\"1173\" data-end=\"1240\">Rippb\u00fcndchen an Saum und \u00c4rmeln f\u00fcr bequemen und stabilen Sitz<\/li>\n<\/ul>\n","protected":false},"featured_media":382000,"template":"","meta":{"_acf_changed":false,"inline_featured_image":false},"product_brand":[],"product_cat":[6540,6541],"product_tag":[20482,20497],"class_list":{"0":"post-373094","1":"product","2":"type-product","3":"status-publish","4":"has-post-thumbnail","6":"product_cat-herrenbekleidung","7":"product_cat-langarmshirt","8":"product_tag-under-armour-de","9":"product_tag-under-armour-herren","10":"pa_attivita-lifestyle-de","11":"pa_colore-rival-fleece-logo-hd-black-de","12":"pa_marca-under-armour-de","13":"pa_sesso-herren","14":"pa_size-extra-small-de","15":"pa_size-small-de","16":"pa_size-medium-de","17":"pa_size-large-de","19":"first","20":"instock","21":"sale","22":"taxable","23":"shipping-taxable","24":"purchasable","25":"product-type-variable","26":"wvs-archive-product-wrapper"},"acf":[],"yoast_head":"<!-- This site is optimized with the Yoast SEO plugin v26.8 - https:\/\/yoast.com\/product\/yoast-seo-wordpress\/ -->\n<title>Under Armour Rival fleece logo HD herren -Felpa-Lauf - MioMioRun<\/title>\n<meta name=\"description\" content=\"Herren-Sweatshirt Rival Fleece Logo HD: superweiches Fleece mit geb\u00fcrsteter Innenseite, K\u00e4ngurutasche und gerippten Details. W\u00e4rme und Komfort f\u00fcr jede Aktivit\u00e4t.\" \/>\n<meta name=\"robots\" content=\"index, follow, max-snippet:-1, max-image-preview:large, max-video-preview:-1\" \/>\n<link rel=\"canonical\" href=\"https:\/\/www.miomiorun.com\/de\/produkt\/rival-fleece-logo-hd-herren\/\" \/>\n<meta property=\"og:locale\" content=\"de_DE\" \/>\n<meta property=\"og:type\" content=\"article\" \/>\n<meta property=\"og:title\" content=\"Under Armour Rival fleece logo HD herren -Felpa-Lauf - MioMioRun\" \/>\n<meta property=\"og:description\" content=\"Herren-Sweatshirt Rival Fleece Logo HD: superweiches Fleece mit geb\u00fcrsteter Innenseite, K\u00e4ngurutasche und gerippten Details. W\u00e4rme und Komfort f\u00fcr jede Aktivit\u00e4t.\" \/>\n<meta property=\"og:url\" content=\"https:\/\/www.miomiorun.com\/de\/produkt\/rival-fleece-logo-hd-herren\/\" \/>\n<meta property=\"og:site_name\" content=\"MioMioRun\" \/>\n<meta property=\"article:publisher\" content=\"https:\/\/www.facebook.com\/miomiorun\/\" \/>\n<meta property=\"article:modified_time\" content=\"2026-04-17T08:19:05+00:00\" \/>\n<meta property=\"og:image\" content=\"https:\/\/www.miomiorun.com\/app\/uploads\/2025\/12\/under-armour-Rival-fleece-logo-HD-black-1379758-0001.webp\" \/>\n\t<meta property=\"og:image:width\" content=\"720\" \/>\n\t<meta property=\"og:image:height\" content=\"720\" \/>\n\t<meta property=\"og:image:type\" content=\"image\/webp\" \/>\n<meta name=\"twitter:card\" content=\"summary_large_image\" \/>\n<meta name=\"twitter:label1\" content=\"Est. reading time\" \/>\n\t<meta name=\"twitter:data1\" content=\"1 minute\" \/>\n<script type=\"application\/ld+json\" class=\"yoast-schema-graph\">{\"@context\":\"https:\/\/schema.org\",\"@graph\":[{\"@type\":\"WebPage\",\"@id\":\"https:\/\/www.miomiorun.com\/de\/produkt\/rival-fleece-logo-hd-herren\/\",\"url\":\"https:\/\/www.miomiorun.com\/de\/produkt\/rival-fleece-logo-hd-herren\/\",\"name\":\"Under Armour Rival fleece logo HD herren -Felpa-Lauf - MioMioRun\",\"isPartOf\":{\"@id\":\"https:\/\/www.miomiorun.com\/de\/#website\"},\"primaryImageOfPage\":{\"@id\":\"https:\/\/www.miomiorun.com\/de\/produkt\/rival-fleece-logo-hd-herren\/#primaryimage\"},\"image\":{\"@id\":\"https:\/\/www.miomiorun.com\/de\/produkt\/rival-fleece-logo-hd-herren\/#primaryimage\"},\"thumbnailUrl\":\"https:\/\/www.miomiorun.com\/app\/uploads\/2025\/12\/under-armour-Rival-fleece-logo-HD-black-1379758-0001.webp\",\"datePublished\":\"2025-11-25T10:53:01+00:00\",\"dateModified\":\"2026-04-17T08:19:05+00:00\",\"description\":\"Herren-Sweatshirt Rival Fleece Logo HD: superweiches Fleece mit geb\u00fcrsteter Innenseite, K\u00e4ngurutasche und gerippten Details. W\u00e4rme und Komfort f\u00fcr jede Aktivit\u00e4t.\",\"breadcrumb\":{\"@id\":\"https:\/\/www.miomiorun.com\/de\/produkt\/rival-fleece-logo-hd-herren\/#breadcrumb\"},\"inLanguage\":\"de-DE\",\"potentialAction\":[{\"@type\":\"ReadAction\",\"target\":[\"https:\/\/www.miomiorun.com\/de\/produkt\/rival-fleece-logo-hd-herren\/\"]}]},{\"@type\":\"ImageObject\",\"inLanguage\":\"de-DE\",\"@id\":\"https:\/\/www.miomiorun.com\/de\/produkt\/rival-fleece-logo-hd-herren\/#primaryimage\",\"url\":\"https:\/\/www.miomiorun.com\/app\/uploads\/2025\/12\/under-armour-Rival-fleece-logo-HD-black-1379758-0001.webp\",\"contentUrl\":\"https:\/\/www.miomiorun.com\/app\/uploads\/2025\/12\/under-armour-Rival-fleece-logo-HD-black-1379758-0001.webp\",\"width\":720,\"height\":720,\"caption\":\"under armour Rival fleece logo HD black 1379758-0001\"},{\"@type\":\"BreadcrumbList\",\"@id\":\"https:\/\/www.miomiorun.com\/de\/produkt\/rival-fleece-logo-hd-herren\/#breadcrumb\",\"itemListElement\":[{\"@type\":\"ListItem\",\"position\":1,\"name\":\"Home\",\"item\":\"https:\/\/www.miomiorun.com\/de\/\"},{\"@type\":\"ListItem\",\"position\":2,\"name\":\"Shop\",\"item\":\"https:\/\/www.miomiorun.com\/shop\/\"},{\"@type\":\"ListItem\",\"position\":3,\"name\":\"Rival fleece logo HD herren\"}]},{\"@type\":\"WebSite\",\"@id\":\"https:\/\/www.miomiorun.com\/de\/#website\",\"url\":\"https:\/\/www.miomiorun.com\/de\/\",\"name\":\"MioMioRun\",\"description\":\"100% Lauf- und Trailshop\",\"publisher\":{\"@id\":\"https:\/\/www.miomiorun.com\/de\/#organization\"},\"potentialAction\":[{\"@type\":\"SearchAction\",\"target\":{\"@type\":\"EntryPoint\",\"urlTemplate\":\"https:\/\/www.miomiorun.com\/de\/?s={search_term_string}\"},\"query-input\":{\"@type\":\"PropertyValueSpecification\",\"valueRequired\":true,\"valueName\":\"search_term_string\"}}],\"inLanguage\":\"de-DE\"},{\"@type\":\"Organization\",\"@id\":\"https:\/\/www.miomiorun.com\/de\/#organization\",\"name\":\"MioMio Run\",\"url\":\"https:\/\/www.miomiorun.com\/de\/\",\"logo\":{\"@type\":\"ImageObject\",\"inLanguage\":\"de-DE\",\"@id\":\"https:\/\/www.miomiorun.com\/de\/#\/schema\/logo\/image\/\",\"url\":\"https:\/\/www.miomiorun.com\/app\/uploads\/2019\/12\/logomio.png\",\"contentUrl\":\"https:\/\/www.miomiorun.com\/app\/uploads\/2019\/12\/logomio.png\",\"width\":115,\"height\":82,\"caption\":\"MioMio Run\"},\"image\":{\"@id\":\"https:\/\/www.miomiorun.com\/de\/#\/schema\/logo\/image\/\"},\"sameAs\":[\"https:\/\/www.facebook.com\/miomiorun\/\",\"https:\/\/www.instagram.com\/miomiorun\/\"]}]}<\/script>\n<!-- \/ Yoast SEO plugin. -->","yoast_head_json":{"title":"Under Armour Rival fleece logo HD herren -Felpa-Lauf - MioMioRun","description":"Herren-Sweatshirt Rival Fleece Logo HD: superweiches Fleece mit geb\u00fcrsteter Innenseite, K\u00e4ngurutasche und gerippten Details. W\u00e4rme und Komfort f\u00fcr jede Aktivit\u00e4t.","robots":{"index":"index","follow":"follow","max-snippet":"max-snippet:-1","max-image-preview":"max-image-preview:large","max-video-preview":"max-video-preview:-1"},"canonical":"https:\/\/www.miomiorun.com\/de\/produkt\/rival-fleece-logo-hd-herren\/","og_locale":"de_DE","og_type":"article","og_title":"Under Armour Rival fleece logo HD herren -Felpa-Lauf - MioMioRun","og_description":"Herren-Sweatshirt Rival Fleece Logo HD: superweiches Fleece mit geb\u00fcrsteter Innenseite, K\u00e4ngurutasche und gerippten Details. W\u00e4rme und Komfort f\u00fcr jede Aktivit\u00e4t.","og_url":"https:\/\/www.miomiorun.com\/de\/produkt\/rival-fleece-logo-hd-herren\/","og_site_name":"MioMioRun","article_publisher":"https:\/\/www.facebook.com\/miomiorun\/","article_modified_time":"2026-04-17T08:19:05+00:00","og_image":[{"width":720,"height":720,"url":"https:\/\/www.miomiorun.com\/app\/uploads\/2025\/12\/under-armour-Rival-fleece-logo-HD-black-1379758-0001.webp","type":"image\/webp"}],"twitter_card":"summary_large_image","twitter_misc":{"Est. reading time":"1 minute"},"schema":{"@context":"https:\/\/schema.org","@graph":[{"@type":"WebPage","@id":"https:\/\/www.miomiorun.com\/de\/produkt\/rival-fleece-logo-hd-herren\/","url":"https:\/\/www.miomiorun.com\/de\/produkt\/rival-fleece-logo-hd-herren\/","name":"Under Armour Rival fleece logo HD herren -Felpa-Lauf - MioMioRun","isPartOf":{"@id":"https:\/\/www.miomiorun.com\/de\/#website"},"primaryImageOfPage":{"@id":"https:\/\/www.miomiorun.com\/de\/produkt\/rival-fleece-logo-hd-herren\/#primaryimage"},"image":{"@id":"https:\/\/www.miomiorun.com\/de\/produkt\/rival-fleece-logo-hd-herren\/#primaryimage"},"thumbnailUrl":"https:\/\/www.miomiorun.com\/app\/uploads\/2025\/12\/under-armour-Rival-fleece-logo-HD-black-1379758-0001.webp","datePublished":"2025-11-25T10:53:01+00:00","dateModified":"2026-04-17T08:19:05+00:00","description":"Herren-Sweatshirt Rival Fleece Logo HD: superweiches Fleece mit geb\u00fcrsteter Innenseite, K\u00e4ngurutasche und gerippten Details. W\u00e4rme und Komfort f\u00fcr jede Aktivit\u00e4t.","breadcrumb":{"@id":"https:\/\/www.miomiorun.com\/de\/produkt\/rival-fleece-logo-hd-herren\/#breadcrumb"},"inLanguage":"de-DE","potentialAction":[{"@type":"ReadAction","target":["https:\/\/www.miomiorun.com\/de\/produkt\/rival-fleece-logo-hd-herren\/"]}]},{"@type":"ImageObject","inLanguage":"de-DE","@id":"https:\/\/www.miomiorun.com\/de\/produkt\/rival-fleece-logo-hd-herren\/#primaryimage","url":"https:\/\/www.miomiorun.com\/app\/uploads\/2025\/12\/under-armour-Rival-fleece-logo-HD-black-1379758-0001.webp","contentUrl":"https:\/\/www.miomiorun.com\/app\/uploads\/2025\/12\/under-armour-Rival-fleece-logo-HD-black-1379758-0001.webp","width":720,"height":720,"caption":"under armour Rival fleece logo HD black 1379758-0001"},{"@type":"BreadcrumbList","@id":"https:\/\/www.miomiorun.com\/de\/produkt\/rival-fleece-logo-hd-herren\/#breadcrumb","itemListElement":[{"@type":"ListItem","position":1,"name":"Home","item":"https:\/\/www.miomiorun.com\/de\/"},{"@type":"ListItem","position":2,"name":"Shop","item":"https:\/\/www.miomiorun.com\/shop\/"},{"@type":"ListItem","position":3,"name":"Rival fleece logo HD herren"}]},{"@type":"WebSite","@id":"https:\/\/www.miomiorun.com\/de\/#website","url":"https:\/\/www.miomiorun.com\/de\/","name":"MioMioRun","description":"100% Lauf- und Trailshop","publisher":{"@id":"https:\/\/www.miomiorun.com\/de\/#organization"},"potentialAction":[{"@type":"SearchAction","target":{"@type":"EntryPoint","urlTemplate":"https:\/\/www.miomiorun.com\/de\/?s={search_term_string}"},"query-input":{"@type":"PropertyValueSpecification","valueRequired":true,"valueName":"search_term_string"}}],"inLanguage":"de-DE"},{"@type":"Organization","@id":"https:\/\/www.miomiorun.com\/de\/#organization","name":"MioMio Run","url":"https:\/\/www.miomiorun.com\/de\/","logo":{"@type":"ImageObject","inLanguage":"de-DE","@id":"https:\/\/www.miomiorun.com\/de\/#\/schema\/logo\/image\/","url":"https:\/\/www.miomiorun.com\/app\/uploads\/2019\/12\/logomio.png","contentUrl":"https:\/\/www.miomiorun.com\/app\/uploads\/2019\/12\/logomio.png","width":115,"height":82,"caption":"MioMio Run"},"image":{"@id":"https:\/\/www.miomiorun.com\/de\/#\/schema\/logo\/image\/"},"sameAs":["https:\/\/www.facebook.com\/miomiorun\/","https:\/\/www.instagram.com\/miomiorun\/"]}]}},"_links":{"self":[{"href":"https:\/\/www.miomiorun.com\/de\/wp-json\/wp\/v2\/product\/373094","targetHints":{"allow":["GET"]}}],"collection":[{"href":"https:\/\/www.miomiorun.com\/de\/wp-json\/wp\/v2\/product"}],"about":[{"href":"https:\/\/www.miomiorun.com\/de\/wp-json\/wp\/v2\/types\/product"}],"wp:featuredmedia":[{"embeddable":true,"href":"https:\/\/www.miomiorun.com\/de\/wp-json\/wp\/v2\/media\/382000"}],"wp:attachment":[{"href":"https:\/\/www.miomiorun.com\/de\/wp-json\/wp\/v2\/media?parent=373094"}],"wp:term":[{"taxonomy":"product_brand","embeddable":true,"href":"https:\/\/www.miomiorun.com\/de\/wp-json\/wp\/v2\/product_brand?post=373094"},{"taxonomy":"product_cat","embeddable":true,"href":"https:\/\/www.miomiorun.com\/de\/wp-json\/wp\/v2\/product_cat?post=373094"},{"taxonomy":"product_tag","embeddable":true,"href":"https:\/\/www.miomiorun.com\/de\/wp-json\/wp\/v2\/product_tag?post=373094"}],"curies":[{"name":"wp","href":"https:\/\/api.w.org\/{rel}","templated":true}]}}