{"id":373053,"date":"2025-11-25T11:46:41","date_gmt":"2025-11-25T10:46:41","guid":{"rendered":"https:\/\/www.miomiorun.com\/?post_type=product&#038;p=373053"},"modified":"2026-04-17T10:19:18","modified_gmt":"2026-04-17T08:19:18","slug":"rival-fleece-crew-herren","status":"publish","type":"product","link":"https:\/\/www.miomiorun.com\/de\/produkt\/rival-fleece-crew-herren\/","title":{"rendered":"Rival Fleece Crew herren"},"content":{"rendered":"<p data-start=\"148\" data-end=\"544\">Das <strong data-start=\"151\" data-end=\"172\">Rival Fleece Crew<\/strong> ist die perfekte Wahl f\u00fcr alle, die ein schlichtes, bequemes und warmes Kleidungsst\u00fcck f\u00fcr den Alltag suchen. Es besteht aus weichem Baumwollmisch-Fleece mit geb\u00fcrsteter Innenseite und bietet ein angenehmes Tragegef\u00fchl, das W\u00e4rme speichert, ohne schwer zu sein. Ideal zum Aufw\u00e4rmen, f\u00fcr die Freizeit oder leichte Aktivit\u00e4ten, garantiert es sofortigen Komfort und Bewegungsfreiheit. <\/p>\n<p data-start=\"546\" data-end=\"769\">Das klare Design wird durch einen gerippten Kragen, \u00c4rmelb\u00fcndchen und Saum erg\u00e4nzt, die die Passform verbessern und einen Hauch von essentiellem Stil verleihen. Ein vielseitiges Kleidungsst\u00fcck, das \u00fcberall getragen werden kann, wenn W\u00e4rme und Weichheit gefragt sind.<\/p>\n","protected":false},"excerpt":{"rendered":"<ul>\n<li data-start=\"985\" data-end=\"1055\">Baumwollmischung mit geb\u00fcrsteter Innenseite f\u00fcr angenehme W\u00e4rme<\/li>\n<li data-start=\"1058\" data-end=\"1129\">Rippstrickkragen, -b\u00fcndchen und -saum f\u00fcr bequemen und stabilen Sitz<\/li>\n<li data-start=\"1132\" data-end=\"1202\">Leicht, weich und ideal f\u00fcr allt\u00e4gliche Aktivit\u00e4ten oder Momente der Entspannung<\/li>\n<\/ul>\n","protected":false},"featured_media":381988,"template":"","meta":{"_acf_changed":false,"inline_featured_image":false},"product_brand":[],"product_cat":[6540,6541],"product_tag":[20482,20497],"class_list":{"0":"post-373053","1":"product","2":"type-product","3":"status-publish","4":"has-post-thumbnail","6":"product_cat-herrenbekleidung","7":"product_cat-langarmshirt","8":"product_tag-under-armour-de","9":"product_tag-under-armour-herren","10":"pa_attivita-lifestyle-de","11":"pa_colore-rival-fleece-crew-castlerock-light-de","12":"pa_marca-under-armour-de","13":"pa_sesso-herren","14":"pa_size-extra-small-de","15":"pa_size-small-de","16":"pa_size-medium-de","17":"pa_size-large-de","19":"first","20":"instock","21":"sale","22":"taxable","23":"shipping-taxable","24":"purchasable","25":"product-type-variable","26":"wvs-archive-product-wrapper"},"acf":[],"yoast_head":"<!-- This site is optimized with the Yoast SEO plugin v26.8 - https:\/\/yoast.com\/product\/yoast-seo-wordpress\/ -->\n<title>Under Armour Rival Fleece Crew herren - Felpa-Lauf - MioMioRun<\/title>\n<meta name=\"description\" content=\"Rival Fleece Crew: Warmes und superweiches Sweatshirt aus geb\u00fcrstetem Fleece, perfekt f\u00fcr jede Aktivit\u00e4t. T\u00e4glicher Tragekomfort mit geripptem Kragen, \u00c4rmelb\u00fcndchen und Saum.\" \/>\n<meta name=\"robots\" content=\"index, follow, max-snippet:-1, max-image-preview:large, max-video-preview:-1\" \/>\n<link rel=\"canonical\" href=\"https:\/\/www.miomiorun.com\/de\/produkt\/rival-fleece-crew-herren\/\" \/>\n<meta property=\"og:locale\" content=\"de_DE\" \/>\n<meta property=\"og:type\" content=\"article\" \/>\n<meta property=\"og:title\" content=\"Under Armour Rival Fleece Crew herren - Felpa-Lauf - MioMioRun\" \/>\n<meta property=\"og:description\" content=\"Rival Fleece Crew: Warmes und superweiches Sweatshirt aus geb\u00fcrstetem Fleece, perfekt f\u00fcr jede Aktivit\u00e4t. T\u00e4glicher Tragekomfort mit geripptem Kragen, \u00c4rmelb\u00fcndchen und Saum.\" \/>\n<meta property=\"og:url\" content=\"https:\/\/www.miomiorun.com\/de\/produkt\/rival-fleece-crew-herren\/\" \/>\n<meta property=\"og:site_name\" content=\"MioMioRun\" \/>\n<meta property=\"article:publisher\" content=\"https:\/\/www.facebook.com\/miomiorun\/\" \/>\n<meta property=\"article:modified_time\" content=\"2026-04-17T08:19:18+00:00\" \/>\n<meta property=\"og:image\" content=\"https:\/\/www.miomiorun.com\/app\/uploads\/2025\/12\/under-armour-Rival-fleece-crew-castlerock-light-1379755-0025.webp\" \/>\n\t<meta property=\"og:image:width\" content=\"720\" \/>\n\t<meta property=\"og:image:height\" content=\"720\" \/>\n\t<meta property=\"og:image:type\" content=\"image\/webp\" \/>\n<meta name=\"twitter:card\" content=\"summary_large_image\" \/>\n<meta name=\"twitter:label1\" content=\"Est. reading time\" \/>\n\t<meta name=\"twitter:data1\" content=\"1 minute\" \/>\n<script type=\"application\/ld+json\" class=\"yoast-schema-graph\">{\"@context\":\"https:\/\/schema.org\",\"@graph\":[{\"@type\":\"WebPage\",\"@id\":\"https:\/\/www.miomiorun.com\/de\/produkt\/rival-fleece-crew-herren\/\",\"url\":\"https:\/\/www.miomiorun.com\/de\/produkt\/rival-fleece-crew-herren\/\",\"name\":\"Under Armour Rival Fleece Crew herren - Felpa-Lauf - MioMioRun\",\"isPartOf\":{\"@id\":\"https:\/\/www.miomiorun.com\/de\/#website\"},\"primaryImageOfPage\":{\"@id\":\"https:\/\/www.miomiorun.com\/de\/produkt\/rival-fleece-crew-herren\/#primaryimage\"},\"image\":{\"@id\":\"https:\/\/www.miomiorun.com\/de\/produkt\/rival-fleece-crew-herren\/#primaryimage\"},\"thumbnailUrl\":\"https:\/\/www.miomiorun.com\/app\/uploads\/2025\/12\/under-armour-Rival-fleece-crew-castlerock-light-1379755-0025.webp\",\"datePublished\":\"2025-11-25T10:46:41+00:00\",\"dateModified\":\"2026-04-17T08:19:18+00:00\",\"description\":\"Rival Fleece Crew: Warmes und superweiches Sweatshirt aus geb\u00fcrstetem Fleece, perfekt f\u00fcr jede Aktivit\u00e4t. T\u00e4glicher Tragekomfort mit geripptem Kragen, \u00c4rmelb\u00fcndchen und Saum.\",\"breadcrumb\":{\"@id\":\"https:\/\/www.miomiorun.com\/de\/produkt\/rival-fleece-crew-herren\/#breadcrumb\"},\"inLanguage\":\"de-DE\",\"potentialAction\":[{\"@type\":\"ReadAction\",\"target\":[\"https:\/\/www.miomiorun.com\/de\/produkt\/rival-fleece-crew-herren\/\"]}]},{\"@type\":\"ImageObject\",\"inLanguage\":\"de-DE\",\"@id\":\"https:\/\/www.miomiorun.com\/de\/produkt\/rival-fleece-crew-herren\/#primaryimage\",\"url\":\"https:\/\/www.miomiorun.com\/app\/uploads\/2025\/12\/under-armour-Rival-fleece-crew-castlerock-light-1379755-0025.webp\",\"contentUrl\":\"https:\/\/www.miomiorun.com\/app\/uploads\/2025\/12\/under-armour-Rival-fleece-crew-castlerock-light-1379755-0025.webp\",\"width\":720,\"height\":720,\"caption\":\"under armour Rival fleece crew castlerock light 1379755-0025\"},{\"@type\":\"BreadcrumbList\",\"@id\":\"https:\/\/www.miomiorun.com\/de\/produkt\/rival-fleece-crew-herren\/#breadcrumb\",\"itemListElement\":[{\"@type\":\"ListItem\",\"position\":1,\"name\":\"Home\",\"item\":\"https:\/\/www.miomiorun.com\/de\/\"},{\"@type\":\"ListItem\",\"position\":2,\"name\":\"Shop\",\"item\":\"https:\/\/www.miomiorun.com\/shop\/\"},{\"@type\":\"ListItem\",\"position\":3,\"name\":\"Rival Fleece Crew herren\"}]},{\"@type\":\"WebSite\",\"@id\":\"https:\/\/www.miomiorun.com\/de\/#website\",\"url\":\"https:\/\/www.miomiorun.com\/de\/\",\"name\":\"MioMioRun\",\"description\":\"100% Lauf- und Trailshop\",\"publisher\":{\"@id\":\"https:\/\/www.miomiorun.com\/de\/#organization\"},\"potentialAction\":[{\"@type\":\"SearchAction\",\"target\":{\"@type\":\"EntryPoint\",\"urlTemplate\":\"https:\/\/www.miomiorun.com\/de\/?s={search_term_string}\"},\"query-input\":{\"@type\":\"PropertyValueSpecification\",\"valueRequired\":true,\"valueName\":\"search_term_string\"}}],\"inLanguage\":\"de-DE\"},{\"@type\":\"Organization\",\"@id\":\"https:\/\/www.miomiorun.com\/de\/#organization\",\"name\":\"MioMio Run\",\"url\":\"https:\/\/www.miomiorun.com\/de\/\",\"logo\":{\"@type\":\"ImageObject\",\"inLanguage\":\"de-DE\",\"@id\":\"https:\/\/www.miomiorun.com\/de\/#\/schema\/logo\/image\/\",\"url\":\"https:\/\/www.miomiorun.com\/app\/uploads\/2019\/12\/logomio.png\",\"contentUrl\":\"https:\/\/www.miomiorun.com\/app\/uploads\/2019\/12\/logomio.png\",\"width\":115,\"height\":82,\"caption\":\"MioMio Run\"},\"image\":{\"@id\":\"https:\/\/www.miomiorun.com\/de\/#\/schema\/logo\/image\/\"},\"sameAs\":[\"https:\/\/www.facebook.com\/miomiorun\/\",\"https:\/\/www.instagram.com\/miomiorun\/\"]}]}<\/script>\n<!-- \/ Yoast SEO plugin. -->","yoast_head_json":{"title":"Under Armour Rival Fleece Crew herren - Felpa-Lauf - MioMioRun","description":"Rival Fleece Crew: Warmes und superweiches Sweatshirt aus geb\u00fcrstetem Fleece, perfekt f\u00fcr jede Aktivit\u00e4t. T\u00e4glicher Tragekomfort mit geripptem Kragen, \u00c4rmelb\u00fcndchen und Saum.","robots":{"index":"index","follow":"follow","max-snippet":"max-snippet:-1","max-image-preview":"max-image-preview:large","max-video-preview":"max-video-preview:-1"},"canonical":"https:\/\/www.miomiorun.com\/de\/produkt\/rival-fleece-crew-herren\/","og_locale":"de_DE","og_type":"article","og_title":"Under Armour Rival Fleece Crew herren - Felpa-Lauf - MioMioRun","og_description":"Rival Fleece Crew: Warmes und superweiches Sweatshirt aus geb\u00fcrstetem Fleece, perfekt f\u00fcr jede Aktivit\u00e4t. T\u00e4glicher Tragekomfort mit geripptem Kragen, \u00c4rmelb\u00fcndchen und Saum.","og_url":"https:\/\/www.miomiorun.com\/de\/produkt\/rival-fleece-crew-herren\/","og_site_name":"MioMioRun","article_publisher":"https:\/\/www.facebook.com\/miomiorun\/","article_modified_time":"2026-04-17T08:19:18+00:00","og_image":[{"width":720,"height":720,"url":"https:\/\/www.miomiorun.com\/app\/uploads\/2025\/12\/under-armour-Rival-fleece-crew-castlerock-light-1379755-0025.webp","type":"image\/webp"}],"twitter_card":"summary_large_image","twitter_misc":{"Est. reading time":"1 minute"},"schema":{"@context":"https:\/\/schema.org","@graph":[{"@type":"WebPage","@id":"https:\/\/www.miomiorun.com\/de\/produkt\/rival-fleece-crew-herren\/","url":"https:\/\/www.miomiorun.com\/de\/produkt\/rival-fleece-crew-herren\/","name":"Under Armour Rival Fleece Crew herren - Felpa-Lauf - MioMioRun","isPartOf":{"@id":"https:\/\/www.miomiorun.com\/de\/#website"},"primaryImageOfPage":{"@id":"https:\/\/www.miomiorun.com\/de\/produkt\/rival-fleece-crew-herren\/#primaryimage"},"image":{"@id":"https:\/\/www.miomiorun.com\/de\/produkt\/rival-fleece-crew-herren\/#primaryimage"},"thumbnailUrl":"https:\/\/www.miomiorun.com\/app\/uploads\/2025\/12\/under-armour-Rival-fleece-crew-castlerock-light-1379755-0025.webp","datePublished":"2025-11-25T10:46:41+00:00","dateModified":"2026-04-17T08:19:18+00:00","description":"Rival Fleece Crew: Warmes und superweiches Sweatshirt aus geb\u00fcrstetem Fleece, perfekt f\u00fcr jede Aktivit\u00e4t. T\u00e4glicher Tragekomfort mit geripptem Kragen, \u00c4rmelb\u00fcndchen und Saum.","breadcrumb":{"@id":"https:\/\/www.miomiorun.com\/de\/produkt\/rival-fleece-crew-herren\/#breadcrumb"},"inLanguage":"de-DE","potentialAction":[{"@type":"ReadAction","target":["https:\/\/www.miomiorun.com\/de\/produkt\/rival-fleece-crew-herren\/"]}]},{"@type":"ImageObject","inLanguage":"de-DE","@id":"https:\/\/www.miomiorun.com\/de\/produkt\/rival-fleece-crew-herren\/#primaryimage","url":"https:\/\/www.miomiorun.com\/app\/uploads\/2025\/12\/under-armour-Rival-fleece-crew-castlerock-light-1379755-0025.webp","contentUrl":"https:\/\/www.miomiorun.com\/app\/uploads\/2025\/12\/under-armour-Rival-fleece-crew-castlerock-light-1379755-0025.webp","width":720,"height":720,"caption":"under armour Rival fleece crew castlerock light 1379755-0025"},{"@type":"BreadcrumbList","@id":"https:\/\/www.miomiorun.com\/de\/produkt\/rival-fleece-crew-herren\/#breadcrumb","itemListElement":[{"@type":"ListItem","position":1,"name":"Home","item":"https:\/\/www.miomiorun.com\/de\/"},{"@type":"ListItem","position":2,"name":"Shop","item":"https:\/\/www.miomiorun.com\/shop\/"},{"@type":"ListItem","position":3,"name":"Rival Fleece Crew herren"}]},{"@type":"WebSite","@id":"https:\/\/www.miomiorun.com\/de\/#website","url":"https:\/\/www.miomiorun.com\/de\/","name":"MioMioRun","description":"100% Lauf- und Trailshop","publisher":{"@id":"https:\/\/www.miomiorun.com\/de\/#organization"},"potentialAction":[{"@type":"SearchAction","target":{"@type":"EntryPoint","urlTemplate":"https:\/\/www.miomiorun.com\/de\/?s={search_term_string}"},"query-input":{"@type":"PropertyValueSpecification","valueRequired":true,"valueName":"search_term_string"}}],"inLanguage":"de-DE"},{"@type":"Organization","@id":"https:\/\/www.miomiorun.com\/de\/#organization","name":"MioMio Run","url":"https:\/\/www.miomiorun.com\/de\/","logo":{"@type":"ImageObject","inLanguage":"de-DE","@id":"https:\/\/www.miomiorun.com\/de\/#\/schema\/logo\/image\/","url":"https:\/\/www.miomiorun.com\/app\/uploads\/2019\/12\/logomio.png","contentUrl":"https:\/\/www.miomiorun.com\/app\/uploads\/2019\/12\/logomio.png","width":115,"height":82,"caption":"MioMio Run"},"image":{"@id":"https:\/\/www.miomiorun.com\/de\/#\/schema\/logo\/image\/"},"sameAs":["https:\/\/www.facebook.com\/miomiorun\/","https:\/\/www.instagram.com\/miomiorun\/"]}]}},"_links":{"self":[{"href":"https:\/\/www.miomiorun.com\/de\/wp-json\/wp\/v2\/product\/373053","targetHints":{"allow":["GET"]}}],"collection":[{"href":"https:\/\/www.miomiorun.com\/de\/wp-json\/wp\/v2\/product"}],"about":[{"href":"https:\/\/www.miomiorun.com\/de\/wp-json\/wp\/v2\/types\/product"}],"wp:featuredmedia":[{"embeddable":true,"href":"https:\/\/www.miomiorun.com\/de\/wp-json\/wp\/v2\/media\/381988"}],"wp:attachment":[{"href":"https:\/\/www.miomiorun.com\/de\/wp-json\/wp\/v2\/media?parent=373053"}],"wp:term":[{"taxonomy":"product_brand","embeddable":true,"href":"https:\/\/www.miomiorun.com\/de\/wp-json\/wp\/v2\/product_brand?post=373053"},{"taxonomy":"product_cat","embeddable":true,"href":"https:\/\/www.miomiorun.com\/de\/wp-json\/wp\/v2\/product_cat?post=373053"},{"taxonomy":"product_tag","embeddable":true,"href":"https:\/\/www.miomiorun.com\/de\/wp-json\/wp\/v2\/product_tag?post=373053"}],"curies":[{"name":"wp","href":"https:\/\/api.w.org\/{rel}","templated":true}]}}