{"id":372900,"date":"2025-11-24T17:22:19","date_gmt":"2025-11-24T16:22:19","guid":{"rendered":"https:\/\/www.miomiorun.com\/?post_type=product&#038;p=372900"},"modified":"2026-04-17T10:19:30","modified_gmt":"2026-04-17T08:19:30","slug":"strm-session-run-vest-damen","status":"publish","type":"product","link":"https:\/\/www.miomiorun.com\/de\/produkt\/strm-session-run-vest-damen\/","title":{"rendered":"STRM session run vest damen"},"content":{"rendered":"<p data-start=\"158\" data-end=\"550\">Die <strong data-start=\"161\" data-end=\"195\">STRM Session Run Vest f\u00fcr Damen<\/strong> ist die ideale Schicht f\u00fcr sicheres und komfortables Laufen bei unvorhersehbarem Wetter. Die strategische, leichte und elastische Isolierung h\u00e4lt den K\u00f6rper warm, ohne zu beschweren, w\u00e4hrend die <strong data-start=\"408\" data-end=\"420\">UA Storm<\/strong>-Technologie Wasser abweist und f\u00fcr hervorragende Atmungsaktivit\u00e4t sorgt, sodass Sie sich auch bei leichtem Regen frei bewegen k\u00f6nnen.<\/p>\n<p data-start=\"552\" data-end=\"1043\">Die Vorderseite besteht aus einem strapazierf\u00e4higen Material, das dich vor Wind sch\u00fctzt, w\u00e4hrend der hohe R\u00fccken und die Schultern aus Stretchmaterial jede Bewegung uneingeschr\u00e4nkt mitmachen. Die 60 g synthetische Wattierung auf der Vorderseite sorgt f\u00fcr die richtige W\u00e4rme und h\u00e4lt das Gewicht gering. Rei\u00dfverschlusstaschen und eine Innentasche f\u00fcr Multimedia-Ger\u00e4te sorgen f\u00fcr praktische Funktionalit\u00e4t beim Laufen. Reflektierende Details und ein verl\u00e4ngerter Saum hinten runden dieses auf Leistung und Schutz ausgelegte Kleidungsst\u00fcck ab.<\/p><\/p>\n","protected":false},"excerpt":{"rendered":"<ul>\n<li data-start=\"1292\" data-end=\"1393\">\n<p data-start=\"1294\" data-end=\"1393\">UA Storm-Technologie: wasserabweisend und atmungsaktiv f\u00fcr Schutz ohne Einbu\u00dfen bei der Frische<\/p>\n<\/li>\n<li data-start=\"1394\" data-end=\"1494\">\n<p data-start=\"1396\" data-end=\"1494\">60 g synthetische Isolierung, warm und leicht, mit strapazierf\u00e4higem Material auf der Vorderseite und Stretchbereichen<\/p>\n<\/li>\n<li data-start=\"1495\" data-end=\"1591\">\n<p data-start=\"1497\" data-end=\"1591\">Rei\u00dfverschlusstaschen, Multimedia-Innentasche, reflektierende Details und verl\u00e4ngerter Saum hinten<\/p>\n<\/li>\n<\/ul>\n","protected":false},"featured_media":381942,"template":"","meta":{"_acf_changed":false,"inline_featured_image":false},"product_brand":[],"product_cat":[6401,6404],"product_tag":[20482,20495],"class_list":{"0":"post-372900","1":"product","2":"type-product","3":"status-publish","4":"has-post-thumbnail","6":"product_cat-damenbekleidung","7":"product_cat-damenjacken","8":"product_tag-under-armour-de","9":"product_tag-under-armour-damen","10":"pa_attivita-gehen","11":"pa_attivita-lifestyle-de","12":"pa_attivita-running-de","13":"pa_colore-strm-session-run-vest-w-white-de","14":"pa_marca-under-armour-de","15":"pa_sesso-damen","16":"pa_size-extra-small-de","17":"pa_size-small-de","18":"pa_size-medium-de","20":"first","21":"instock","22":"sale","23":"taxable","24":"shipping-taxable","25":"purchasable","26":"product-type-variable","27":"wvs-archive-product-wrapper"},"acf":[],"yoast_head":"<!-- This site is optimized with the Yoast SEO plugin v26.8 - https:\/\/yoast.com\/product\/yoast-seo-wordpress\/ -->\n<title>Under Armour STRM session run vest damen - Laufweste- MioMioRun<\/title>\n<meta name=\"description\" content=\"Die STRM Session Run Vest ist eine leichte, isolierende und wasserabweisende Weste mit UA Storm-Technologie, reflektierenden Details und Rei\u00dfverschlusstaschen.\" \/>\n<meta name=\"robots\" content=\"index, follow, max-snippet:-1, max-image-preview:large, max-video-preview:-1\" \/>\n<link rel=\"canonical\" href=\"https:\/\/www.miomiorun.com\/de\/produkt\/strm-session-run-vest-damen\/\" \/>\n<meta property=\"og:locale\" content=\"de_DE\" \/>\n<meta property=\"og:type\" content=\"article\" \/>\n<meta property=\"og:title\" content=\"Under Armour STRM session run vest damen - Laufweste- MioMioRun\" \/>\n<meta property=\"og:description\" content=\"Die STRM Session Run Vest ist eine leichte, isolierende und wasserabweisende Weste mit UA Storm-Technologie, reflektierenden Details und Rei\u00dfverschlusstaschen.\" \/>\n<meta property=\"og:url\" content=\"https:\/\/www.miomiorun.com\/de\/produkt\/strm-session-run-vest-damen\/\" \/>\n<meta property=\"og:site_name\" content=\"MioMioRun\" \/>\n<meta property=\"article:publisher\" content=\"https:\/\/www.facebook.com\/miomiorun\/\" \/>\n<meta property=\"article:modified_time\" content=\"2026-04-17T08:19:30+00:00\" \/>\n<meta property=\"og:image\" content=\"https:\/\/www.miomiorun.com\/app\/uploads\/2025\/12\/under-armour-STRM-session-run-vest-W-white-1378502-0100.webp\" \/>\n\t<meta property=\"og:image:width\" content=\"720\" \/>\n\t<meta property=\"og:image:height\" content=\"720\" \/>\n\t<meta property=\"og:image:type\" content=\"image\/webp\" \/>\n<meta name=\"twitter:card\" content=\"summary_large_image\" \/>\n<meta name=\"twitter:label1\" content=\"Est. reading time\" \/>\n\t<meta name=\"twitter:data1\" content=\"2 minutes\" \/>\n<script type=\"application\/ld+json\" class=\"yoast-schema-graph\">{\"@context\":\"https:\/\/schema.org\",\"@graph\":[{\"@type\":\"WebPage\",\"@id\":\"https:\/\/www.miomiorun.com\/de\/produkt\/strm-session-run-vest-damen\/\",\"url\":\"https:\/\/www.miomiorun.com\/de\/produkt\/strm-session-run-vest-damen\/\",\"name\":\"Under Armour STRM session run vest damen - Laufweste- MioMioRun\",\"isPartOf\":{\"@id\":\"https:\/\/www.miomiorun.com\/de\/#website\"},\"primaryImageOfPage\":{\"@id\":\"https:\/\/www.miomiorun.com\/de\/produkt\/strm-session-run-vest-damen\/#primaryimage\"},\"image\":{\"@id\":\"https:\/\/www.miomiorun.com\/de\/produkt\/strm-session-run-vest-damen\/#primaryimage\"},\"thumbnailUrl\":\"https:\/\/www.miomiorun.com\/app\/uploads\/2025\/12\/under-armour-STRM-session-run-vest-W-white-1378502-0100.webp\",\"datePublished\":\"2025-11-24T16:22:19+00:00\",\"dateModified\":\"2026-04-17T08:19:30+00:00\",\"description\":\"Die STRM Session Run Vest ist eine leichte, isolierende und wasserabweisende Weste mit UA Storm-Technologie, reflektierenden Details und Rei\u00dfverschlusstaschen.\",\"breadcrumb\":{\"@id\":\"https:\/\/www.miomiorun.com\/de\/produkt\/strm-session-run-vest-damen\/#breadcrumb\"},\"inLanguage\":\"de-DE\",\"potentialAction\":[{\"@type\":\"ReadAction\",\"target\":[\"https:\/\/www.miomiorun.com\/de\/produkt\/strm-session-run-vest-damen\/\"]}]},{\"@type\":\"ImageObject\",\"inLanguage\":\"de-DE\",\"@id\":\"https:\/\/www.miomiorun.com\/de\/produkt\/strm-session-run-vest-damen\/#primaryimage\",\"url\":\"https:\/\/www.miomiorun.com\/app\/uploads\/2025\/12\/under-armour-STRM-session-run-vest-W-white-1378502-0100.webp\",\"contentUrl\":\"https:\/\/www.miomiorun.com\/app\/uploads\/2025\/12\/under-armour-STRM-session-run-vest-W-white-1378502-0100.webp\",\"width\":720,\"height\":720,\"caption\":\"under armour STRM session run vest W white 1378502-0100\"},{\"@type\":\"BreadcrumbList\",\"@id\":\"https:\/\/www.miomiorun.com\/de\/produkt\/strm-session-run-vest-damen\/#breadcrumb\",\"itemListElement\":[{\"@type\":\"ListItem\",\"position\":1,\"name\":\"Home\",\"item\":\"https:\/\/www.miomiorun.com\/de\/\"},{\"@type\":\"ListItem\",\"position\":2,\"name\":\"Shop\",\"item\":\"https:\/\/www.miomiorun.com\/shop\/\"},{\"@type\":\"ListItem\",\"position\":3,\"name\":\"STRM session run vest damen\"}]},{\"@type\":\"WebSite\",\"@id\":\"https:\/\/www.miomiorun.com\/de\/#website\",\"url\":\"https:\/\/www.miomiorun.com\/de\/\",\"name\":\"MioMioRun\",\"description\":\"100% Lauf- und Trailshop\",\"publisher\":{\"@id\":\"https:\/\/www.miomiorun.com\/de\/#organization\"},\"potentialAction\":[{\"@type\":\"SearchAction\",\"target\":{\"@type\":\"EntryPoint\",\"urlTemplate\":\"https:\/\/www.miomiorun.com\/de\/?s={search_term_string}\"},\"query-input\":{\"@type\":\"PropertyValueSpecification\",\"valueRequired\":true,\"valueName\":\"search_term_string\"}}],\"inLanguage\":\"de-DE\"},{\"@type\":\"Organization\",\"@id\":\"https:\/\/www.miomiorun.com\/de\/#organization\",\"name\":\"MioMio Run\",\"url\":\"https:\/\/www.miomiorun.com\/de\/\",\"logo\":{\"@type\":\"ImageObject\",\"inLanguage\":\"de-DE\",\"@id\":\"https:\/\/www.miomiorun.com\/de\/#\/schema\/logo\/image\/\",\"url\":\"https:\/\/www.miomiorun.com\/app\/uploads\/2019\/12\/logomio.png\",\"contentUrl\":\"https:\/\/www.miomiorun.com\/app\/uploads\/2019\/12\/logomio.png\",\"width\":115,\"height\":82,\"caption\":\"MioMio Run\"},\"image\":{\"@id\":\"https:\/\/www.miomiorun.com\/de\/#\/schema\/logo\/image\/\"},\"sameAs\":[\"https:\/\/www.facebook.com\/miomiorun\/\",\"https:\/\/www.instagram.com\/miomiorun\/\"]}]}<\/script>\n<!-- \/ Yoast SEO plugin. -->","yoast_head_json":{"title":"Under Armour STRM session run vest damen - Laufweste- MioMioRun","description":"Die STRM Session Run Vest ist eine leichte, isolierende und wasserabweisende Weste mit UA Storm-Technologie, reflektierenden Details und Rei\u00dfverschlusstaschen.","robots":{"index":"index","follow":"follow","max-snippet":"max-snippet:-1","max-image-preview":"max-image-preview:large","max-video-preview":"max-video-preview:-1"},"canonical":"https:\/\/www.miomiorun.com\/de\/produkt\/strm-session-run-vest-damen\/","og_locale":"de_DE","og_type":"article","og_title":"Under Armour STRM session run vest damen - Laufweste- MioMioRun","og_description":"Die STRM Session Run Vest ist eine leichte, isolierende und wasserabweisende Weste mit UA Storm-Technologie, reflektierenden Details und Rei\u00dfverschlusstaschen.","og_url":"https:\/\/www.miomiorun.com\/de\/produkt\/strm-session-run-vest-damen\/","og_site_name":"MioMioRun","article_publisher":"https:\/\/www.facebook.com\/miomiorun\/","article_modified_time":"2026-04-17T08:19:30+00:00","og_image":[{"width":720,"height":720,"url":"https:\/\/www.miomiorun.com\/app\/uploads\/2025\/12\/under-armour-STRM-session-run-vest-W-white-1378502-0100.webp","type":"image\/webp"}],"twitter_card":"summary_large_image","twitter_misc":{"Est. reading time":"2 minutes"},"schema":{"@context":"https:\/\/schema.org","@graph":[{"@type":"WebPage","@id":"https:\/\/www.miomiorun.com\/de\/produkt\/strm-session-run-vest-damen\/","url":"https:\/\/www.miomiorun.com\/de\/produkt\/strm-session-run-vest-damen\/","name":"Under Armour STRM session run vest damen - Laufweste- MioMioRun","isPartOf":{"@id":"https:\/\/www.miomiorun.com\/de\/#website"},"primaryImageOfPage":{"@id":"https:\/\/www.miomiorun.com\/de\/produkt\/strm-session-run-vest-damen\/#primaryimage"},"image":{"@id":"https:\/\/www.miomiorun.com\/de\/produkt\/strm-session-run-vest-damen\/#primaryimage"},"thumbnailUrl":"https:\/\/www.miomiorun.com\/app\/uploads\/2025\/12\/under-armour-STRM-session-run-vest-W-white-1378502-0100.webp","datePublished":"2025-11-24T16:22:19+00:00","dateModified":"2026-04-17T08:19:30+00:00","description":"Die STRM Session Run Vest ist eine leichte, isolierende und wasserabweisende Weste mit UA Storm-Technologie, reflektierenden Details und Rei\u00dfverschlusstaschen.","breadcrumb":{"@id":"https:\/\/www.miomiorun.com\/de\/produkt\/strm-session-run-vest-damen\/#breadcrumb"},"inLanguage":"de-DE","potentialAction":[{"@type":"ReadAction","target":["https:\/\/www.miomiorun.com\/de\/produkt\/strm-session-run-vest-damen\/"]}]},{"@type":"ImageObject","inLanguage":"de-DE","@id":"https:\/\/www.miomiorun.com\/de\/produkt\/strm-session-run-vest-damen\/#primaryimage","url":"https:\/\/www.miomiorun.com\/app\/uploads\/2025\/12\/under-armour-STRM-session-run-vest-W-white-1378502-0100.webp","contentUrl":"https:\/\/www.miomiorun.com\/app\/uploads\/2025\/12\/under-armour-STRM-session-run-vest-W-white-1378502-0100.webp","width":720,"height":720,"caption":"under armour STRM session run vest W white 1378502-0100"},{"@type":"BreadcrumbList","@id":"https:\/\/www.miomiorun.com\/de\/produkt\/strm-session-run-vest-damen\/#breadcrumb","itemListElement":[{"@type":"ListItem","position":1,"name":"Home","item":"https:\/\/www.miomiorun.com\/de\/"},{"@type":"ListItem","position":2,"name":"Shop","item":"https:\/\/www.miomiorun.com\/shop\/"},{"@type":"ListItem","position":3,"name":"STRM session run vest damen"}]},{"@type":"WebSite","@id":"https:\/\/www.miomiorun.com\/de\/#website","url":"https:\/\/www.miomiorun.com\/de\/","name":"MioMioRun","description":"100% Lauf- und Trailshop","publisher":{"@id":"https:\/\/www.miomiorun.com\/de\/#organization"},"potentialAction":[{"@type":"SearchAction","target":{"@type":"EntryPoint","urlTemplate":"https:\/\/www.miomiorun.com\/de\/?s={search_term_string}"},"query-input":{"@type":"PropertyValueSpecification","valueRequired":true,"valueName":"search_term_string"}}],"inLanguage":"de-DE"},{"@type":"Organization","@id":"https:\/\/www.miomiorun.com\/de\/#organization","name":"MioMio Run","url":"https:\/\/www.miomiorun.com\/de\/","logo":{"@type":"ImageObject","inLanguage":"de-DE","@id":"https:\/\/www.miomiorun.com\/de\/#\/schema\/logo\/image\/","url":"https:\/\/www.miomiorun.com\/app\/uploads\/2019\/12\/logomio.png","contentUrl":"https:\/\/www.miomiorun.com\/app\/uploads\/2019\/12\/logomio.png","width":115,"height":82,"caption":"MioMio Run"},"image":{"@id":"https:\/\/www.miomiorun.com\/de\/#\/schema\/logo\/image\/"},"sameAs":["https:\/\/www.facebook.com\/miomiorun\/","https:\/\/www.instagram.com\/miomiorun\/"]}]}},"_links":{"self":[{"href":"https:\/\/www.miomiorun.com\/de\/wp-json\/wp\/v2\/product\/372900","targetHints":{"allow":["GET"]}}],"collection":[{"href":"https:\/\/www.miomiorun.com\/de\/wp-json\/wp\/v2\/product"}],"about":[{"href":"https:\/\/www.miomiorun.com\/de\/wp-json\/wp\/v2\/types\/product"}],"wp:featuredmedia":[{"embeddable":true,"href":"https:\/\/www.miomiorun.com\/de\/wp-json\/wp\/v2\/media\/381942"}],"wp:attachment":[{"href":"https:\/\/www.miomiorun.com\/de\/wp-json\/wp\/v2\/media?parent=372900"}],"wp:term":[{"taxonomy":"product_brand","embeddable":true,"href":"https:\/\/www.miomiorun.com\/de\/wp-json\/wp\/v2\/product_brand?post=372900"},{"taxonomy":"product_cat","embeddable":true,"href":"https:\/\/www.miomiorun.com\/de\/wp-json\/wp\/v2\/product_cat?post=372900"},{"taxonomy":"product_tag","embeddable":true,"href":"https:\/\/www.miomiorun.com\/de\/wp-json\/wp\/v2\/product_tag?post=372900"}],"curies":[{"name":"wp","href":"https:\/\/api.w.org\/{rel}","templated":true}]}}