{"id":372851,"date":"2025-11-24T16:41:55","date_gmt":"2025-11-24T15:41:55","guid":{"rendered":"https:\/\/www.miomiorun.com\/?post_type=product&#038;p=372851"},"modified":"2026-04-17T10:19:43","modified_gmt":"2026-04-17T08:19:43","slug":"launch-ankle-print-tight-damen","status":"publish","type":"product","link":"https:\/\/www.miomiorun.com\/de\/produkt\/launch-ankle-print-tight-damen\/","title":{"rendered":"Launch ankle print tight damen"},"content":{"rendered":"<p data-start=\"161\" data-end=\"587\">Die Launch Ankle Print Tight f\u00fcr Damen wurde f\u00fcr alle entwickelt, die bei jedem Training H\u00f6chstleistungen erbringen wollen. Sie sitzt genau richtig, formt die Silhouette, ohne einzuengen, und begleitet jede Bewegung auf nat\u00fcrliche Weise. Das ultraleichte, schnell trocknende Material h\u00e4lt den K\u00f6rper auch bei intensiven Trainingseinheiten k\u00fchl und trocken, w\u00e4hrend Laserperforationen die Atmungsaktivit\u00e4t an strategischen Stellen zus\u00e4tzlich verbessern.<\/p>\n<p data-start=\"589\" data-end=\"949\">Der hohe Bund mit innenliegendem Kordelzug sorgt f\u00fcr Halt und Stabilit\u00e4t und bietet eine sichere und bequeme Passform. Reflektierende Details erh\u00f6hen die Sichtbarkeit in den Abendstunden und in der seitlichen Tasche k\u00f6nnen kleine wichtige Gegenst\u00e4nde mitgenommen werden. Ein technisches, elegantes und funktionelles Kleidungsst\u00fcck, das entwickelt wurde, um die Leistung und die Figur zu betonen.<\/p>\n","protected":false},"excerpt":{"rendered":"<ul>\n<li data-start=\"1191\" data-end=\"1263\">\n<p data-start=\"1193\" data-end=\"1263\">Ultraleichtes, atmungsaktives und schnell trocknendes HeatGear\u00ae-Material<\/p>\n<\/li>\n<li data-start=\"1264\" data-end=\"1340\">\n<p data-start=\"1266\" data-end=\"1340\">Hoher Bund mit innenliegendem Kordelzug und Seitentasche f\u00fcr maximale Funktionalit\u00e4t<\/p>\n<\/li>\n<li data-start=\"1341\" data-end=\"1450\">\n<p data-start=\"1343\" data-end=\"1450\">4-Wege-Stretch, Laserperforationen und reflektierende Details f\u00fcr sicheres und komfortables Training<\/p>\n<\/li>\n<\/ul>\n","protected":false},"featured_media":381932,"template":"","meta":{"_acf_changed":false,"inline_featured_image":false},"product_brand":[],"product_cat":[6401,6487],"product_tag":[20482,20495],"class_list":{"0":"post-372851","1":"product","2":"type-product","3":"status-publish","4":"has-post-thumbnail","6":"product_cat-damenbekleidung","7":"product_cat-damenhosen","8":"product_tag-under-armour-de","9":"product_tag-under-armour-damen","10":"pa_attivita-gehen","11":"pa_attivita-running-de","12":"pa_colore-launch-ankle-print-tight-w-black-de","13":"pa_marca-under-armour-de","14":"pa_sesso-damen","15":"pa_size-extra-small-de","16":"pa_size-small-de","17":"pa_size-medium-de","19":"first","20":"instock","21":"sale","22":"taxable","23":"shipping-taxable","24":"purchasable","25":"product-type-variable","26":"wvs-archive-product-wrapper"},"acf":[],"yoast_head":"<!-- This site is optimized with the Yoast SEO plugin v26.8 - https:\/\/yoast.com\/product\/yoast-seo-wordpress\/ -->\n<title>Under Armour Launch ankle print tight damen -Leggings f\u00fcr Damen - MioMioRun<\/title>\n<meta name=\"description\" content=\"Launch Ankle Print Tight: Leggings aus leichtem, atmungsaktivem Material, optimaler Halt, verstellbarer hoher Bund und reflektierende Details. Komfort und Leistung\" \/>\n<meta name=\"robots\" content=\"index, follow, max-snippet:-1, max-image-preview:large, max-video-preview:-1\" \/>\n<link rel=\"canonical\" href=\"https:\/\/www.miomiorun.com\/de\/produkt\/launch-ankle-print-tight-damen\/\" \/>\n<meta property=\"og:locale\" content=\"de_DE\" \/>\n<meta property=\"og:type\" content=\"article\" \/>\n<meta property=\"og:title\" content=\"Under Armour Launch ankle print tight damen -Leggings f\u00fcr Damen - MioMioRun\" \/>\n<meta property=\"og:description\" content=\"Launch Ankle Print Tight: Leggings aus leichtem, atmungsaktivem Material, optimaler Halt, verstellbarer hoher Bund und reflektierende Details. Komfort und Leistung\" \/>\n<meta property=\"og:url\" content=\"https:\/\/www.miomiorun.com\/de\/produkt\/launch-ankle-print-tight-damen\/\" \/>\n<meta property=\"og:site_name\" content=\"MioMioRun\" \/>\n<meta property=\"article:publisher\" content=\"https:\/\/www.facebook.com\/miomiorun\/\" \/>\n<meta property=\"article:modified_time\" content=\"2026-04-17T08:19:43+00:00\" \/>\n<meta property=\"og:image\" content=\"https:\/\/www.miomiorun.com\/app\/uploads\/2025\/12\/under-armour-Launch-ankle-print-tight-W-black-1369772-0009.webp\" \/>\n\t<meta property=\"og:image:width\" content=\"720\" \/>\n\t<meta property=\"og:image:height\" content=\"720\" \/>\n\t<meta property=\"og:image:type\" content=\"image\/webp\" \/>\n<meta name=\"twitter:card\" content=\"summary_large_image\" \/>\n<meta name=\"twitter:label1\" content=\"Est. reading time\" \/>\n\t<meta name=\"twitter:data1\" content=\"1 minute\" \/>\n<script type=\"application\/ld+json\" class=\"yoast-schema-graph\">{\"@context\":\"https:\/\/schema.org\",\"@graph\":[{\"@type\":\"WebPage\",\"@id\":\"https:\/\/www.miomiorun.com\/de\/produkt\/launch-ankle-print-tight-damen\/\",\"url\":\"https:\/\/www.miomiorun.com\/de\/produkt\/launch-ankle-print-tight-damen\/\",\"name\":\"Under Armour Launch ankle print tight damen -Leggings f\u00fcr Damen - MioMioRun\",\"isPartOf\":{\"@id\":\"https:\/\/www.miomiorun.com\/de\/#website\"},\"primaryImageOfPage\":{\"@id\":\"https:\/\/www.miomiorun.com\/de\/produkt\/launch-ankle-print-tight-damen\/#primaryimage\"},\"image\":{\"@id\":\"https:\/\/www.miomiorun.com\/de\/produkt\/launch-ankle-print-tight-damen\/#primaryimage\"},\"thumbnailUrl\":\"https:\/\/www.miomiorun.com\/app\/uploads\/2025\/12\/under-armour-Launch-ankle-print-tight-W-black-1369772-0009.webp\",\"datePublished\":\"2025-11-24T15:41:55+00:00\",\"dateModified\":\"2026-04-17T08:19:43+00:00\",\"description\":\"Launch Ankle Print Tight: Leggings aus leichtem, atmungsaktivem Material, optimaler Halt, verstellbarer hoher Bund und reflektierende Details. Komfort und Leistung\",\"breadcrumb\":{\"@id\":\"https:\/\/www.miomiorun.com\/de\/produkt\/launch-ankle-print-tight-damen\/#breadcrumb\"},\"inLanguage\":\"de-DE\",\"potentialAction\":[{\"@type\":\"ReadAction\",\"target\":[\"https:\/\/www.miomiorun.com\/de\/produkt\/launch-ankle-print-tight-damen\/\"]}]},{\"@type\":\"ImageObject\",\"inLanguage\":\"de-DE\",\"@id\":\"https:\/\/www.miomiorun.com\/de\/produkt\/launch-ankle-print-tight-damen\/#primaryimage\",\"url\":\"https:\/\/www.miomiorun.com\/app\/uploads\/2025\/12\/under-armour-Launch-ankle-print-tight-W-black-1369772-0009.webp\",\"contentUrl\":\"https:\/\/www.miomiorun.com\/app\/uploads\/2025\/12\/under-armour-Launch-ankle-print-tight-W-black-1369772-0009.webp\",\"width\":720,\"height\":720,\"caption\":\"under armour Launch ankle print tight W black 1369772-0009\"},{\"@type\":\"BreadcrumbList\",\"@id\":\"https:\/\/www.miomiorun.com\/de\/produkt\/launch-ankle-print-tight-damen\/#breadcrumb\",\"itemListElement\":[{\"@type\":\"ListItem\",\"position\":1,\"name\":\"Home\",\"item\":\"https:\/\/www.miomiorun.com\/de\/\"},{\"@type\":\"ListItem\",\"position\":2,\"name\":\"Shop\",\"item\":\"https:\/\/www.miomiorun.com\/shop\/\"},{\"@type\":\"ListItem\",\"position\":3,\"name\":\"Launch ankle print tight damen\"}]},{\"@type\":\"WebSite\",\"@id\":\"https:\/\/www.miomiorun.com\/de\/#website\",\"url\":\"https:\/\/www.miomiorun.com\/de\/\",\"name\":\"MioMioRun\",\"description\":\"100% Lauf- und Trailshop\",\"publisher\":{\"@id\":\"https:\/\/www.miomiorun.com\/de\/#organization\"},\"potentialAction\":[{\"@type\":\"SearchAction\",\"target\":{\"@type\":\"EntryPoint\",\"urlTemplate\":\"https:\/\/www.miomiorun.com\/de\/?s={search_term_string}\"},\"query-input\":{\"@type\":\"PropertyValueSpecification\",\"valueRequired\":true,\"valueName\":\"search_term_string\"}}],\"inLanguage\":\"de-DE\"},{\"@type\":\"Organization\",\"@id\":\"https:\/\/www.miomiorun.com\/de\/#organization\",\"name\":\"MioMio Run\",\"url\":\"https:\/\/www.miomiorun.com\/de\/\",\"logo\":{\"@type\":\"ImageObject\",\"inLanguage\":\"de-DE\",\"@id\":\"https:\/\/www.miomiorun.com\/de\/#\/schema\/logo\/image\/\",\"url\":\"https:\/\/www.miomiorun.com\/app\/uploads\/2019\/12\/logomio.png\",\"contentUrl\":\"https:\/\/www.miomiorun.com\/app\/uploads\/2019\/12\/logomio.png\",\"width\":115,\"height\":82,\"caption\":\"MioMio Run\"},\"image\":{\"@id\":\"https:\/\/www.miomiorun.com\/de\/#\/schema\/logo\/image\/\"},\"sameAs\":[\"https:\/\/www.facebook.com\/miomiorun\/\",\"https:\/\/www.instagram.com\/miomiorun\/\"]}]}<\/script>\n<!-- \/ Yoast SEO plugin. -->","yoast_head_json":{"title":"Under Armour Launch ankle print tight damen -Leggings f\u00fcr Damen - MioMioRun","description":"Launch Ankle Print Tight: Leggings aus leichtem, atmungsaktivem Material, optimaler Halt, verstellbarer hoher Bund und reflektierende Details. Komfort und Leistung","robots":{"index":"index","follow":"follow","max-snippet":"max-snippet:-1","max-image-preview":"max-image-preview:large","max-video-preview":"max-video-preview:-1"},"canonical":"https:\/\/www.miomiorun.com\/de\/produkt\/launch-ankle-print-tight-damen\/","og_locale":"de_DE","og_type":"article","og_title":"Under Armour Launch ankle print tight damen -Leggings f\u00fcr Damen - MioMioRun","og_description":"Launch Ankle Print Tight: Leggings aus leichtem, atmungsaktivem Material, optimaler Halt, verstellbarer hoher Bund und reflektierende Details. Komfort und Leistung","og_url":"https:\/\/www.miomiorun.com\/de\/produkt\/launch-ankle-print-tight-damen\/","og_site_name":"MioMioRun","article_publisher":"https:\/\/www.facebook.com\/miomiorun\/","article_modified_time":"2026-04-17T08:19:43+00:00","og_image":[{"width":720,"height":720,"url":"https:\/\/www.miomiorun.com\/app\/uploads\/2025\/12\/under-armour-Launch-ankle-print-tight-W-black-1369772-0009.webp","type":"image\/webp"}],"twitter_card":"summary_large_image","twitter_misc":{"Est. reading time":"1 minute"},"schema":{"@context":"https:\/\/schema.org","@graph":[{"@type":"WebPage","@id":"https:\/\/www.miomiorun.com\/de\/produkt\/launch-ankle-print-tight-damen\/","url":"https:\/\/www.miomiorun.com\/de\/produkt\/launch-ankle-print-tight-damen\/","name":"Under Armour Launch ankle print tight damen -Leggings f\u00fcr Damen - MioMioRun","isPartOf":{"@id":"https:\/\/www.miomiorun.com\/de\/#website"},"primaryImageOfPage":{"@id":"https:\/\/www.miomiorun.com\/de\/produkt\/launch-ankle-print-tight-damen\/#primaryimage"},"image":{"@id":"https:\/\/www.miomiorun.com\/de\/produkt\/launch-ankle-print-tight-damen\/#primaryimage"},"thumbnailUrl":"https:\/\/www.miomiorun.com\/app\/uploads\/2025\/12\/under-armour-Launch-ankle-print-tight-W-black-1369772-0009.webp","datePublished":"2025-11-24T15:41:55+00:00","dateModified":"2026-04-17T08:19:43+00:00","description":"Launch Ankle Print Tight: Leggings aus leichtem, atmungsaktivem Material, optimaler Halt, verstellbarer hoher Bund und reflektierende Details. Komfort und Leistung","breadcrumb":{"@id":"https:\/\/www.miomiorun.com\/de\/produkt\/launch-ankle-print-tight-damen\/#breadcrumb"},"inLanguage":"de-DE","potentialAction":[{"@type":"ReadAction","target":["https:\/\/www.miomiorun.com\/de\/produkt\/launch-ankle-print-tight-damen\/"]}]},{"@type":"ImageObject","inLanguage":"de-DE","@id":"https:\/\/www.miomiorun.com\/de\/produkt\/launch-ankle-print-tight-damen\/#primaryimage","url":"https:\/\/www.miomiorun.com\/app\/uploads\/2025\/12\/under-armour-Launch-ankle-print-tight-W-black-1369772-0009.webp","contentUrl":"https:\/\/www.miomiorun.com\/app\/uploads\/2025\/12\/under-armour-Launch-ankle-print-tight-W-black-1369772-0009.webp","width":720,"height":720,"caption":"under armour Launch ankle print tight W black 1369772-0009"},{"@type":"BreadcrumbList","@id":"https:\/\/www.miomiorun.com\/de\/produkt\/launch-ankle-print-tight-damen\/#breadcrumb","itemListElement":[{"@type":"ListItem","position":1,"name":"Home","item":"https:\/\/www.miomiorun.com\/de\/"},{"@type":"ListItem","position":2,"name":"Shop","item":"https:\/\/www.miomiorun.com\/shop\/"},{"@type":"ListItem","position":3,"name":"Launch ankle print tight damen"}]},{"@type":"WebSite","@id":"https:\/\/www.miomiorun.com\/de\/#website","url":"https:\/\/www.miomiorun.com\/de\/","name":"MioMioRun","description":"100% Lauf- und Trailshop","publisher":{"@id":"https:\/\/www.miomiorun.com\/de\/#organization"},"potentialAction":[{"@type":"SearchAction","target":{"@type":"EntryPoint","urlTemplate":"https:\/\/www.miomiorun.com\/de\/?s={search_term_string}"},"query-input":{"@type":"PropertyValueSpecification","valueRequired":true,"valueName":"search_term_string"}}],"inLanguage":"de-DE"},{"@type":"Organization","@id":"https:\/\/www.miomiorun.com\/de\/#organization","name":"MioMio Run","url":"https:\/\/www.miomiorun.com\/de\/","logo":{"@type":"ImageObject","inLanguage":"de-DE","@id":"https:\/\/www.miomiorun.com\/de\/#\/schema\/logo\/image\/","url":"https:\/\/www.miomiorun.com\/app\/uploads\/2019\/12\/logomio.png","contentUrl":"https:\/\/www.miomiorun.com\/app\/uploads\/2019\/12\/logomio.png","width":115,"height":82,"caption":"MioMio Run"},"image":{"@id":"https:\/\/www.miomiorun.com\/de\/#\/schema\/logo\/image\/"},"sameAs":["https:\/\/www.facebook.com\/miomiorun\/","https:\/\/www.instagram.com\/miomiorun\/"]}]}},"_links":{"self":[{"href":"https:\/\/www.miomiorun.com\/de\/wp-json\/wp\/v2\/product\/372851","targetHints":{"allow":["GET"]}}],"collection":[{"href":"https:\/\/www.miomiorun.com\/de\/wp-json\/wp\/v2\/product"}],"about":[{"href":"https:\/\/www.miomiorun.com\/de\/wp-json\/wp\/v2\/types\/product"}],"wp:featuredmedia":[{"embeddable":true,"href":"https:\/\/www.miomiorun.com\/de\/wp-json\/wp\/v2\/media\/381932"}],"wp:attachment":[{"href":"https:\/\/www.miomiorun.com\/de\/wp-json\/wp\/v2\/media?parent=372851"}],"wp:term":[{"taxonomy":"product_brand","embeddable":true,"href":"https:\/\/www.miomiorun.com\/de\/wp-json\/wp\/v2\/product_brand?post=372851"},{"taxonomy":"product_cat","embeddable":true,"href":"https:\/\/www.miomiorun.com\/de\/wp-json\/wp\/v2\/product_cat?post=372851"},{"taxonomy":"product_tag","embeddable":true,"href":"https:\/\/www.miomiorun.com\/de\/wp-json\/wp\/v2\/product_tag?post=372851"}],"curies":[{"name":"wp","href":"https:\/\/api.w.org\/{rel}","templated":true}]}}