{"id":369107,"date":"2025-11-11T10:12:15","date_gmt":"2025-11-11T09:12:15","guid":{"rendered":"https:\/\/www.miomiorun.com\/?post_type=product&#038;p=369107"},"modified":"2026-04-17T10:21:07","modified_gmt":"2026-04-17T08:21:07","slug":"ghost-trail-damen","status":"publish","type":"product","link":"https:\/\/www.miomiorun.com\/de\/produkt\/ghost-trail-damen\/","title":{"rendered":"Ghost Trail damen"},"content":{"rendered":"<div class=\"vc-row container\"><div class=\"vc-column\"><div class=\"vc-column-text\"><\/p>\n<h4>Technische Daten<\/h4>\n<p>Kategorie: Weiche und dynamische D\u00e4mpfung<br \/>\nOffset: 8 mm<br \/>\nGewicht: 300,5 g<\/p>\n<p>Ideal f\u00fcr: L\u00e4ufer mit neutralem Laufstil, die ein Modell suchen, das eine gute D\u00e4mpfung und optimale Vielseitigkeit f\u00fcr L\u00e4ufe und Wanderungen im Gel\u00e4nde, in Stadtparks, auf Kieswegen oder auf befestigten Wegen bietet<br \/>\nGewicht des Sportlers: 60 kg<br \/>\nLaufgeschwindigkeit: mittel (4,40-5 min\/km)<br \/>\n<a href=\"https:\/\/miomiorun.com\/guida-alle-specifiche-tecniche\/\">Leitfaden zu den technischen Spezifikationen<\/a><\/p>\n<p><\/div><\/div><div class=\"vc-column\"><div class=\"vc-column-text\"><\/p>\n<p data-start=\"205\" data-end=\"516\">St\u00fcrzen Sie sich mit dem <strong data-start=\"233\" data-end=\"248\">Ghost Trail<\/strong>, dem neuen Trailrunning-Schuh von Brooks f\u00fcr alle, die gerne zwischen Stra\u00dfe und Trail wechseln, in jedes Abenteuer. Dieses Hybridmodell verbindet den Komfort und die Leichtigkeit des Laufens auf Asphalt mit der Stabilit\u00e4t und Traktion, die auf unbefestigten Wegen erforderlich sind, und bietet so absolute Vielseitigkeit.<\/p>\n<p data-start=\"518\" data-end=\"871\">Dank der <strong data-start=\"530\" data-end=\"569\">Nitro-infusion-D\u00e4mpfung<\/strong> sorgt der Ghost Trail f\u00fcr ein dynamisches Laufgef\u00fchl und ausgewogenen Komfort, ideal f\u00fcr lange Strecken und wechselhaftes Gel\u00e4nde. Das <strong data-start=\"690\" data-end=\"720\">atmungsaktive Mesh-Obermaterial<\/strong> h\u00e4lt den Fu\u00df k\u00fchl und stabil, w\u00e4hrend die <strong data-start=\"767\" data-end=\"793\">griffige Sohle<\/strong> Sicherheit und Kontrolle auf jedem Untergrund garantiert, von Schlamm bis Kies.<br \/>\n<\/div><\/div><\/div><\/p>\n","protected":false},"excerpt":{"rendered":"<ul>\n<li data-start=\"907\" data-end=\"986\">\n<p data-start=\"909\" data-end=\"986\">Nitro-infundierte D\u00e4mpfung f\u00fcr ein leichtes und reaktionsfreudiges Laufgef\u00fchl.<\/p>\n<\/li>\n<li data-start=\"987\" data-end=\"1064\">\n<p data-start=\"989\" data-end=\"1064\">Optimale Traktion auf jedem Untergrund f\u00fcr maximale Sicherheit.<\/p>\n<\/li>\n<li data-start=\"1065\" data-end=\"1128\">\n<p data-start=\"1067\" data-end=\"1128\">Atmungsaktives Mesh-Obermaterial f\u00fcr lang anhaltenden Komfort.<\/p>\n<\/li>\n<\/ul>\n","protected":false},"featured_media":373233,"template":"","meta":{"_acf_changed":false,"inline_featured_image":false},"product_brand":[],"product_cat":[6474,6491],"product_tag":[3362,6205],"class_list":{"0":"post-369107","1":"product","2":"type-product","3":"status-publish","4":"has-post-thumbnail","6":"product_cat-damenschuhe","7":"product_cat-damentrailschuhe","8":"product_tag-brooks-de","9":"product_tag-brooks-damen-de","10":"pa_attivita-fitness-de","11":"pa_attivita-gehen","12":"pa_attivita-running-de","13":"pa_colore-ghost-trail-w-harbor-mist-poppy-yucca-de","14":"pa_colore-ghost-trail-w-poppy-seed-black-pink-de","15":"pa_colore-ghost-trail-w-sand-star-white-golden-hou-de","16":"pa_marca-brooks-de","17":"pa_sesso-damen","18":"pa_size-37-5-de","19":"pa_size-38-de","20":"pa_size-38-5-de","21":"pa_size-39-de","22":"pa_size-40-de","23":"pa_size-40-5-de","24":"pa_size-41-de","26":"first","27":"instock","28":"sale","29":"taxable","30":"shipping-taxable","31":"purchasable","32":"product-type-variable","33":"wvs-archive-product-wrapper"},"acf":[],"yoast_head":"<!-- This site is optimized with the Yoast SEO plugin v26.8 - https:\/\/yoast.com\/product\/yoast-seo-wordpress\/ -->\n<title>Brooks Ghost Trail damen - Trailrunning-Schuhe f\u00fcr Damen - MioMioRun.com<\/title>\n<meta name=\"description\" content=\"Entdecken Sie den Brooks Ghost Trail: ein vielseitiger, gepolsterter und atmungsaktiver Trailrunning-Schuh, ideal f\u00fcr sicheres Laufen auf Stra\u00dfen und Trails.\" \/>\n<meta name=\"robots\" content=\"index, follow, max-snippet:-1, max-image-preview:large, max-video-preview:-1\" \/>\n<link rel=\"canonical\" href=\"https:\/\/www.miomiorun.com\/de\/produkt\/ghost-trail-damen\/\" \/>\n<meta property=\"og:locale\" content=\"de_DE\" \/>\n<meta property=\"og:type\" content=\"article\" \/>\n<meta property=\"og:title\" content=\"Brooks Ghost Trail damen - Trailrunning-Schuhe f\u00fcr Damen - MioMioRun.com\" \/>\n<meta property=\"og:description\" content=\"Entdecken Sie den Brooks Ghost Trail: ein vielseitiger, gepolsterter und atmungsaktiver Trailrunning-Schuh, ideal f\u00fcr sicheres Laufen auf Stra\u00dfen und Trails.\" \/>\n<meta property=\"og:url\" content=\"https:\/\/www.miomiorun.com\/de\/produkt\/ghost-trail-damen\/\" \/>\n<meta property=\"og:site_name\" content=\"MioMioRun\" \/>\n<meta property=\"article:publisher\" content=\"https:\/\/www.facebook.com\/miomiorun\/\" \/>\n<meta property=\"article:modified_time\" content=\"2026-04-17T08:21:07+00:00\" \/>\n<meta property=\"og:image\" content=\"https:\/\/www.miomiorun.com\/app\/uploads\/2025\/11\/brooks-Ghost-Trail-W-sand-star-white-golden-hou-1204641B222.webp\" \/>\n\t<meta property=\"og:image:width\" content=\"720\" \/>\n\t<meta property=\"og:image:height\" content=\"720\" \/>\n\t<meta property=\"og:image:type\" content=\"image\/webp\" \/>\n<meta name=\"twitter:card\" content=\"summary_large_image\" \/>\n<meta name=\"twitter:label1\" content=\"Est. reading time\" \/>\n\t<meta name=\"twitter:data1\" content=\"2 minutes\" \/>\n<script type=\"application\/ld+json\" class=\"yoast-schema-graph\">{\"@context\":\"https:\/\/schema.org\",\"@graph\":[{\"@type\":\"WebPage\",\"@id\":\"https:\/\/www.miomiorun.com\/de\/produkt\/ghost-trail-damen\/\",\"url\":\"https:\/\/www.miomiorun.com\/de\/produkt\/ghost-trail-damen\/\",\"name\":\"Brooks Ghost Trail damen - Trailrunning-Schuhe f\u00fcr Damen - MioMioRun.com\",\"isPartOf\":{\"@id\":\"https:\/\/www.miomiorun.com\/de\/#website\"},\"primaryImageOfPage\":{\"@id\":\"https:\/\/www.miomiorun.com\/de\/produkt\/ghost-trail-damen\/#primaryimage\"},\"image\":{\"@id\":\"https:\/\/www.miomiorun.com\/de\/produkt\/ghost-trail-damen\/#primaryimage\"},\"thumbnailUrl\":\"https:\/\/www.miomiorun.com\/app\/uploads\/2025\/11\/brooks-Ghost-Trail-W-sand-star-white-golden-hou-1204641B222.webp\",\"datePublished\":\"2025-11-11T09:12:15+00:00\",\"dateModified\":\"2026-04-17T08:21:07+00:00\",\"description\":\"Entdecken Sie den Brooks Ghost Trail: ein vielseitiger, gepolsterter und atmungsaktiver Trailrunning-Schuh, ideal f\u00fcr sicheres Laufen auf Stra\u00dfen und Trails.\",\"breadcrumb\":{\"@id\":\"https:\/\/www.miomiorun.com\/de\/produkt\/ghost-trail-damen\/#breadcrumb\"},\"inLanguage\":\"de-DE\",\"potentialAction\":[{\"@type\":\"ReadAction\",\"target\":[\"https:\/\/www.miomiorun.com\/de\/produkt\/ghost-trail-damen\/\"]}]},{\"@type\":\"ImageObject\",\"inLanguage\":\"de-DE\",\"@id\":\"https:\/\/www.miomiorun.com\/de\/produkt\/ghost-trail-damen\/#primaryimage\",\"url\":\"https:\/\/www.miomiorun.com\/app\/uploads\/2025\/11\/brooks-Ghost-Trail-W-sand-star-white-golden-hou-1204641B222.webp\",\"contentUrl\":\"https:\/\/www.miomiorun.com\/app\/uploads\/2025\/11\/brooks-Ghost-Trail-W-sand-star-white-golden-hou-1204641B222.webp\",\"width\":720,\"height\":720,\"caption\":\"brooks Ghost Trail W sand star white golden hou 1204641B222\"},{\"@type\":\"BreadcrumbList\",\"@id\":\"https:\/\/www.miomiorun.com\/de\/produkt\/ghost-trail-damen\/#breadcrumb\",\"itemListElement\":[{\"@type\":\"ListItem\",\"position\":1,\"name\":\"Home\",\"item\":\"https:\/\/www.miomiorun.com\/de\/\"},{\"@type\":\"ListItem\",\"position\":2,\"name\":\"Shop\",\"item\":\"https:\/\/www.miomiorun.com\/shop\/\"},{\"@type\":\"ListItem\",\"position\":3,\"name\":\"Ghost Trail damen\"}]},{\"@type\":\"WebSite\",\"@id\":\"https:\/\/www.miomiorun.com\/de\/#website\",\"url\":\"https:\/\/www.miomiorun.com\/de\/\",\"name\":\"MioMioRun\",\"description\":\"100% Lauf- und Trailshop\",\"publisher\":{\"@id\":\"https:\/\/www.miomiorun.com\/de\/#organization\"},\"potentialAction\":[{\"@type\":\"SearchAction\",\"target\":{\"@type\":\"EntryPoint\",\"urlTemplate\":\"https:\/\/www.miomiorun.com\/de\/?s={search_term_string}\"},\"query-input\":{\"@type\":\"PropertyValueSpecification\",\"valueRequired\":true,\"valueName\":\"search_term_string\"}}],\"inLanguage\":\"de-DE\"},{\"@type\":\"Organization\",\"@id\":\"https:\/\/www.miomiorun.com\/de\/#organization\",\"name\":\"MioMio Run\",\"url\":\"https:\/\/www.miomiorun.com\/de\/\",\"logo\":{\"@type\":\"ImageObject\",\"inLanguage\":\"de-DE\",\"@id\":\"https:\/\/www.miomiorun.com\/de\/#\/schema\/logo\/image\/\",\"url\":\"https:\/\/www.miomiorun.com\/app\/uploads\/2019\/12\/logomio.png\",\"contentUrl\":\"https:\/\/www.miomiorun.com\/app\/uploads\/2019\/12\/logomio.png\",\"width\":115,\"height\":82,\"caption\":\"MioMio Run\"},\"image\":{\"@id\":\"https:\/\/www.miomiorun.com\/de\/#\/schema\/logo\/image\/\"},\"sameAs\":[\"https:\/\/www.facebook.com\/miomiorun\/\",\"https:\/\/www.instagram.com\/miomiorun\/\"]}]}<\/script>\n<!-- \/ Yoast SEO plugin. -->","yoast_head_json":{"title":"Brooks Ghost Trail damen - Trailrunning-Schuhe f\u00fcr Damen - MioMioRun.com","description":"Entdecken Sie den Brooks Ghost Trail: ein vielseitiger, gepolsterter und atmungsaktiver Trailrunning-Schuh, ideal f\u00fcr sicheres Laufen auf Stra\u00dfen und Trails.","robots":{"index":"index","follow":"follow","max-snippet":"max-snippet:-1","max-image-preview":"max-image-preview:large","max-video-preview":"max-video-preview:-1"},"canonical":"https:\/\/www.miomiorun.com\/de\/produkt\/ghost-trail-damen\/","og_locale":"de_DE","og_type":"article","og_title":"Brooks Ghost Trail damen - Trailrunning-Schuhe f\u00fcr Damen - MioMioRun.com","og_description":"Entdecken Sie den Brooks Ghost Trail: ein vielseitiger, gepolsterter und atmungsaktiver Trailrunning-Schuh, ideal f\u00fcr sicheres Laufen auf Stra\u00dfen und Trails.","og_url":"https:\/\/www.miomiorun.com\/de\/produkt\/ghost-trail-damen\/","og_site_name":"MioMioRun","article_publisher":"https:\/\/www.facebook.com\/miomiorun\/","article_modified_time":"2026-04-17T08:21:07+00:00","og_image":[{"width":720,"height":720,"url":"https:\/\/www.miomiorun.com\/app\/uploads\/2025\/11\/brooks-Ghost-Trail-W-sand-star-white-golden-hou-1204641B222.webp","type":"image\/webp"}],"twitter_card":"summary_large_image","twitter_misc":{"Est. reading time":"2 minutes"},"schema":{"@context":"https:\/\/schema.org","@graph":[{"@type":"WebPage","@id":"https:\/\/www.miomiorun.com\/de\/produkt\/ghost-trail-damen\/","url":"https:\/\/www.miomiorun.com\/de\/produkt\/ghost-trail-damen\/","name":"Brooks Ghost Trail damen - Trailrunning-Schuhe f\u00fcr Damen - MioMioRun.com","isPartOf":{"@id":"https:\/\/www.miomiorun.com\/de\/#website"},"primaryImageOfPage":{"@id":"https:\/\/www.miomiorun.com\/de\/produkt\/ghost-trail-damen\/#primaryimage"},"image":{"@id":"https:\/\/www.miomiorun.com\/de\/produkt\/ghost-trail-damen\/#primaryimage"},"thumbnailUrl":"https:\/\/www.miomiorun.com\/app\/uploads\/2025\/11\/brooks-Ghost-Trail-W-sand-star-white-golden-hou-1204641B222.webp","datePublished":"2025-11-11T09:12:15+00:00","dateModified":"2026-04-17T08:21:07+00:00","description":"Entdecken Sie den Brooks Ghost Trail: ein vielseitiger, gepolsterter und atmungsaktiver Trailrunning-Schuh, ideal f\u00fcr sicheres Laufen auf Stra\u00dfen und Trails.","breadcrumb":{"@id":"https:\/\/www.miomiorun.com\/de\/produkt\/ghost-trail-damen\/#breadcrumb"},"inLanguage":"de-DE","potentialAction":[{"@type":"ReadAction","target":["https:\/\/www.miomiorun.com\/de\/produkt\/ghost-trail-damen\/"]}]},{"@type":"ImageObject","inLanguage":"de-DE","@id":"https:\/\/www.miomiorun.com\/de\/produkt\/ghost-trail-damen\/#primaryimage","url":"https:\/\/www.miomiorun.com\/app\/uploads\/2025\/11\/brooks-Ghost-Trail-W-sand-star-white-golden-hou-1204641B222.webp","contentUrl":"https:\/\/www.miomiorun.com\/app\/uploads\/2025\/11\/brooks-Ghost-Trail-W-sand-star-white-golden-hou-1204641B222.webp","width":720,"height":720,"caption":"brooks Ghost Trail W sand star white golden hou 1204641B222"},{"@type":"BreadcrumbList","@id":"https:\/\/www.miomiorun.com\/de\/produkt\/ghost-trail-damen\/#breadcrumb","itemListElement":[{"@type":"ListItem","position":1,"name":"Home","item":"https:\/\/www.miomiorun.com\/de\/"},{"@type":"ListItem","position":2,"name":"Shop","item":"https:\/\/www.miomiorun.com\/shop\/"},{"@type":"ListItem","position":3,"name":"Ghost Trail damen"}]},{"@type":"WebSite","@id":"https:\/\/www.miomiorun.com\/de\/#website","url":"https:\/\/www.miomiorun.com\/de\/","name":"MioMioRun","description":"100% Lauf- und Trailshop","publisher":{"@id":"https:\/\/www.miomiorun.com\/de\/#organization"},"potentialAction":[{"@type":"SearchAction","target":{"@type":"EntryPoint","urlTemplate":"https:\/\/www.miomiorun.com\/de\/?s={search_term_string}"},"query-input":{"@type":"PropertyValueSpecification","valueRequired":true,"valueName":"search_term_string"}}],"inLanguage":"de-DE"},{"@type":"Organization","@id":"https:\/\/www.miomiorun.com\/de\/#organization","name":"MioMio Run","url":"https:\/\/www.miomiorun.com\/de\/","logo":{"@type":"ImageObject","inLanguage":"de-DE","@id":"https:\/\/www.miomiorun.com\/de\/#\/schema\/logo\/image\/","url":"https:\/\/www.miomiorun.com\/app\/uploads\/2019\/12\/logomio.png","contentUrl":"https:\/\/www.miomiorun.com\/app\/uploads\/2019\/12\/logomio.png","width":115,"height":82,"caption":"MioMio Run"},"image":{"@id":"https:\/\/www.miomiorun.com\/de\/#\/schema\/logo\/image\/"},"sameAs":["https:\/\/www.facebook.com\/miomiorun\/","https:\/\/www.instagram.com\/miomiorun\/"]}]}},"_links":{"self":[{"href":"https:\/\/www.miomiorun.com\/de\/wp-json\/wp\/v2\/product\/369107","targetHints":{"allow":["GET"]}}],"collection":[{"href":"https:\/\/www.miomiorun.com\/de\/wp-json\/wp\/v2\/product"}],"about":[{"href":"https:\/\/www.miomiorun.com\/de\/wp-json\/wp\/v2\/types\/product"}],"wp:featuredmedia":[{"embeddable":true,"href":"https:\/\/www.miomiorun.com\/de\/wp-json\/wp\/v2\/media\/373233"}],"wp:attachment":[{"href":"https:\/\/www.miomiorun.com\/de\/wp-json\/wp\/v2\/media?parent=369107"}],"wp:term":[{"taxonomy":"product_brand","embeddable":true,"href":"https:\/\/www.miomiorun.com\/de\/wp-json\/wp\/v2\/product_brand?post=369107"},{"taxonomy":"product_cat","embeddable":true,"href":"https:\/\/www.miomiorun.com\/de\/wp-json\/wp\/v2\/product_cat?post=369107"},{"taxonomy":"product_tag","embeddable":true,"href":"https:\/\/www.miomiorun.com\/de\/wp-json\/wp\/v2\/product_tag?post=369107"}],"curies":[{"name":"wp","href":"https:\/\/api.w.org\/{rel}","templated":true}]}}