{"id":368829,"date":"2025-11-10T18:42:59","date_gmt":"2025-11-10T17:42:59","guid":{"rendered":"https:\/\/www.miomiorun.com\/?post_type=product&#038;p=368829"},"modified":"2026-04-17T10:21:37","modified_gmt":"2026-04-17T08:21:37","slug":"pulse-hooded-herren","status":"publish","type":"product","link":"https:\/\/www.miomiorun.com\/de\/produkt\/pulse-hooded-herren\/","title":{"rendered":"Pulse hooded herren"},"content":{"rendered":"<p data-start=\"257\" data-end=\"665\">Dieses <strong data-start=\"292\" data-end=\"337\">technische Herren-Sweatshirt mit Kapuze und Rei\u00dfverschluss<\/strong> ist eine <strong data-start=\"344\" data-end=\"375\">vielseitige Zwischenschicht<\/strong>, die entwickelt wurde, um niedrigen Temperaturen mit Komfort, Schutz und Stil zu begegnen. Es eignet sich ideal f\u00fcr eine Vielzahl von <strong data-start=\"483\" data-end=\"525\">Outdoor- und Freizeitaktivit\u00e4ten<\/strong> und kombiniert <strong data-start=\"534\" data-end=\"566\">hohe thermische Leistung<\/strong> mit einer <strong data-start=\"573\" data-end=\"597\">dynamischen Passform<\/strong>, perfekt f\u00fcr alle, die die Berge und die Stadt mit einem aktiven Lebensstil genie\u00dfen.<\/p>\n<p data-start=\"667\" data-end=\"1072\">Sie besteht aus <strong data-start=\"681\" data-end=\"727\">Power-Stretch-Fleece aus recyceltem Polyester<\/strong> und bietet optimale <strong data-start=\"735\" data-end=\"778\">Elastizit\u00e4t, Isolierung und Atmungsaktivit\u00e4t<\/strong>. Die <strong data-start=\"792\" data-end=\"812\">gerautete Innenseite<\/strong> erh\u00f6ht die W\u00e4rme, w\u00e4hrend die <strong data-start=\"852\" data-end=\"897\">schnelltrocknende Struktur mit UV-Schutz<\/strong> die Haut auch bei intensiven Aktivit\u00e4ten trocken und gesch\u00fctzt h\u00e4lt. Das Kleidungsst\u00fcck ist abriebfest und pillingresistent und garantiert <strong data-start=\"1026\" data-end=\"1059\">Langlebigkeit und Bewegungsfreiheit<\/strong> \u00fcber lange Zeit.<\/p>\n<p data-start=\"1074\" data-end=\"1304\">Das Design wird durch ein <strong data-start=\"1098\" data-end=\"1131\">teilweises Polyesterfutter<\/strong> f\u00fcr mehr Komfort, <strong data-start=\"1157\" data-end=\"1177\">Stretch-Eins\u00e4tze<\/strong> an Kapuze, \u00c4rmelb\u00fcndchen und Saum f\u00fcr eine sichere Passform und <strong data-start=\"1237\" data-end=\"1264\">Seitentaschen mit Rei\u00dfverschluss<\/strong> zur Aufbewahrung wichtiger Gegenst\u00e4nde abgerundet.<\/p>\n<div class=\"attribute_container tw-pb-24 last-of-type:tw-pb-0\">\n<div class=\"content__image-wrapper tw-w-fit \"><\/div>\n<\/div>\n<div class=\"attribute_container tw-pb-24 last-of-type:tw-pb-0\">\n<p class=\"tw-text-greyish-brown tw-text-xs tw-pt-[0.4rem]\">\n<\/div><\/p>\n","protected":false},"excerpt":{"rendered":"<ul>\n<li data-start=\"1520\" data-end=\"1574\">\n<p data-start=\"1522\" data-end=\"1574\">Power-Stretch-Fleece aus recyceltem Polyester<\/p>\n<\/li>\n<li data-start=\"1575\" data-end=\"1633\">\n<p data-start=\"1577\" data-end=\"1633\">Atmungsaktiv, schnell trocknend und mit UV-Schutz<\/p>\n<\/li>\n<li data-start=\"1634\" data-end=\"1696\">\n<p data-start=\"1636\" data-end=\"1696\">Pilling- und verschlei\u00dffest f\u00fcr langlebige Leistung<\/p>\n<\/li>\n<\/ul>\n","protected":false},"featured_media":369052,"template":"","meta":{"_acf_changed":false,"inline_featured_image":false},"product_brand":[],"product_cat":[6540,6541],"product_tag":[3379,6270],"class_list":{"0":"post-368829","1":"product","2":"type-product","3":"status-publish","4":"has-post-thumbnail","6":"product_cat-herrenbekleidung","7":"product_cat-langarmshirt","8":"product_tag-montura-de","9":"product_tag-montura-herren-de","10":"pa_attivita-gehen","11":"pa_attivita-outdoor-de","12":"pa_colore-pulse-hooded-maglia-mustard-de","13":"pa_marca-montura-de","14":"pa_sesso-herren","15":"pa_size-large-de","17":"first","18":"instock","19":"sale","20":"taxable","21":"shipping-taxable","22":"purchasable","23":"product-type-variable","24":"wvs-archive-product-wrapper"},"acf":[],"yoast_head":"<!-- This site is optimized with the Yoast SEO plugin v26.8 - https:\/\/yoast.com\/product\/yoast-seo-wordpress\/ -->\n<title>Montura Pulse hooded herren - Trekking-Sweatshirt- MioMioRun<\/title>\n<meta name=\"description\" content=\"Technisches Sweatshirt f\u00fcr Herren aus recyceltem Power-Stretch-Fleece. Warm, atmungsaktiv und strapazierf\u00e4hig, ideal als Midlayer f\u00fcr Outdoor-Aktivit\u00e4ten und Freizeit.\" \/>\n<meta name=\"robots\" content=\"index, follow, max-snippet:-1, max-image-preview:large, max-video-preview:-1\" \/>\n<link rel=\"canonical\" href=\"https:\/\/www.miomiorun.com\/de\/produkt\/pulse-hooded-herren\/\" \/>\n<meta property=\"og:locale\" content=\"de_DE\" \/>\n<meta property=\"og:type\" content=\"article\" \/>\n<meta property=\"og:title\" content=\"Montura Pulse hooded herren - Trekking-Sweatshirt- MioMioRun\" \/>\n<meta property=\"og:description\" content=\"Technisches Sweatshirt f\u00fcr Herren aus recyceltem Power-Stretch-Fleece. Warm, atmungsaktiv und strapazierf\u00e4hig, ideal als Midlayer f\u00fcr Outdoor-Aktivit\u00e4ten und Freizeit.\" \/>\n<meta property=\"og:url\" content=\"https:\/\/www.miomiorun.com\/de\/produkt\/pulse-hooded-herren\/\" \/>\n<meta property=\"og:site_name\" content=\"MioMioRun\" \/>\n<meta property=\"article:publisher\" content=\"https:\/\/www.facebook.com\/miomiorun\/\" \/>\n<meta property=\"article:modified_time\" content=\"2026-04-17T08:21:37+00:00\" \/>\n<meta property=\"og:image\" content=\"https:\/\/www.miomiorun.com\/app\/uploads\/2025\/11\/montura-Pulse-hooded-maglia-mustard-MMAP82X.348.webp\" \/>\n\t<meta property=\"og:image:width\" content=\"720\" \/>\n\t<meta property=\"og:image:height\" content=\"720\" \/>\n\t<meta property=\"og:image:type\" content=\"image\/webp\" \/>\n<meta name=\"twitter:card\" content=\"summary_large_image\" \/>\n<meta name=\"twitter:label1\" content=\"Est. reading time\" \/>\n\t<meta name=\"twitter:data1\" content=\"1 minute\" \/>\n<script type=\"application\/ld+json\" class=\"yoast-schema-graph\">{\"@context\":\"https:\/\/schema.org\",\"@graph\":[{\"@type\":\"WebPage\",\"@id\":\"https:\/\/www.miomiorun.com\/de\/produkt\/pulse-hooded-herren\/\",\"url\":\"https:\/\/www.miomiorun.com\/de\/produkt\/pulse-hooded-herren\/\",\"name\":\"Montura Pulse hooded herren - Trekking-Sweatshirt- MioMioRun\",\"isPartOf\":{\"@id\":\"https:\/\/www.miomiorun.com\/de\/#website\"},\"primaryImageOfPage\":{\"@id\":\"https:\/\/www.miomiorun.com\/de\/produkt\/pulse-hooded-herren\/#primaryimage\"},\"image\":{\"@id\":\"https:\/\/www.miomiorun.com\/de\/produkt\/pulse-hooded-herren\/#primaryimage\"},\"thumbnailUrl\":\"https:\/\/www.miomiorun.com\/app\/uploads\/2025\/11\/montura-Pulse-hooded-maglia-mustard-MMAP82X.348.webp\",\"datePublished\":\"2025-11-10T17:42:59+00:00\",\"dateModified\":\"2026-04-17T08:21:37+00:00\",\"description\":\"Technisches Sweatshirt f\u00fcr Herren aus recyceltem Power-Stretch-Fleece. Warm, atmungsaktiv und strapazierf\u00e4hig, ideal als Midlayer f\u00fcr Outdoor-Aktivit\u00e4ten und Freizeit.\",\"breadcrumb\":{\"@id\":\"https:\/\/www.miomiorun.com\/de\/produkt\/pulse-hooded-herren\/#breadcrumb\"},\"inLanguage\":\"de-DE\",\"potentialAction\":[{\"@type\":\"ReadAction\",\"target\":[\"https:\/\/www.miomiorun.com\/de\/produkt\/pulse-hooded-herren\/\"]}]},{\"@type\":\"ImageObject\",\"inLanguage\":\"de-DE\",\"@id\":\"https:\/\/www.miomiorun.com\/de\/produkt\/pulse-hooded-herren\/#primaryimage\",\"url\":\"https:\/\/www.miomiorun.com\/app\/uploads\/2025\/11\/montura-Pulse-hooded-maglia-mustard-MMAP82X.348.webp\",\"contentUrl\":\"https:\/\/www.miomiorun.com\/app\/uploads\/2025\/11\/montura-Pulse-hooded-maglia-mustard-MMAP82X.348.webp\",\"width\":720,\"height\":720,\"caption\":\"montura Pulse hooded maglia mustard MMAP82X.348\"},{\"@type\":\"BreadcrumbList\",\"@id\":\"https:\/\/www.miomiorun.com\/de\/produkt\/pulse-hooded-herren\/#breadcrumb\",\"itemListElement\":[{\"@type\":\"ListItem\",\"position\":1,\"name\":\"Home\",\"item\":\"https:\/\/www.miomiorun.com\/de\/\"},{\"@type\":\"ListItem\",\"position\":2,\"name\":\"Shop\",\"item\":\"https:\/\/www.miomiorun.com\/shop\/\"},{\"@type\":\"ListItem\",\"position\":3,\"name\":\"Pulse hooded herren\"}]},{\"@type\":\"WebSite\",\"@id\":\"https:\/\/www.miomiorun.com\/de\/#website\",\"url\":\"https:\/\/www.miomiorun.com\/de\/\",\"name\":\"MioMioRun\",\"description\":\"100% Lauf- und Trailshop\",\"publisher\":{\"@id\":\"https:\/\/www.miomiorun.com\/de\/#organization\"},\"potentialAction\":[{\"@type\":\"SearchAction\",\"target\":{\"@type\":\"EntryPoint\",\"urlTemplate\":\"https:\/\/www.miomiorun.com\/de\/?s={search_term_string}\"},\"query-input\":{\"@type\":\"PropertyValueSpecification\",\"valueRequired\":true,\"valueName\":\"search_term_string\"}}],\"inLanguage\":\"de-DE\"},{\"@type\":\"Organization\",\"@id\":\"https:\/\/www.miomiorun.com\/de\/#organization\",\"name\":\"MioMio Run\",\"url\":\"https:\/\/www.miomiorun.com\/de\/\",\"logo\":{\"@type\":\"ImageObject\",\"inLanguage\":\"de-DE\",\"@id\":\"https:\/\/www.miomiorun.com\/de\/#\/schema\/logo\/image\/\",\"url\":\"https:\/\/www.miomiorun.com\/app\/uploads\/2019\/12\/logomio.png\",\"contentUrl\":\"https:\/\/www.miomiorun.com\/app\/uploads\/2019\/12\/logomio.png\",\"width\":115,\"height\":82,\"caption\":\"MioMio Run\"},\"image\":{\"@id\":\"https:\/\/www.miomiorun.com\/de\/#\/schema\/logo\/image\/\"},\"sameAs\":[\"https:\/\/www.facebook.com\/miomiorun\/\",\"https:\/\/www.instagram.com\/miomiorun\/\"]}]}<\/script>\n<!-- \/ Yoast SEO plugin. -->","yoast_head_json":{"title":"Montura Pulse hooded herren - Trekking-Sweatshirt- MioMioRun","description":"Technisches Sweatshirt f\u00fcr Herren aus recyceltem Power-Stretch-Fleece. Warm, atmungsaktiv und strapazierf\u00e4hig, ideal als Midlayer f\u00fcr Outdoor-Aktivit\u00e4ten und Freizeit.","robots":{"index":"index","follow":"follow","max-snippet":"max-snippet:-1","max-image-preview":"max-image-preview:large","max-video-preview":"max-video-preview:-1"},"canonical":"https:\/\/www.miomiorun.com\/de\/produkt\/pulse-hooded-herren\/","og_locale":"de_DE","og_type":"article","og_title":"Montura Pulse hooded herren - Trekking-Sweatshirt- MioMioRun","og_description":"Technisches Sweatshirt f\u00fcr Herren aus recyceltem Power-Stretch-Fleece. Warm, atmungsaktiv und strapazierf\u00e4hig, ideal als Midlayer f\u00fcr Outdoor-Aktivit\u00e4ten und Freizeit.","og_url":"https:\/\/www.miomiorun.com\/de\/produkt\/pulse-hooded-herren\/","og_site_name":"MioMioRun","article_publisher":"https:\/\/www.facebook.com\/miomiorun\/","article_modified_time":"2026-04-17T08:21:37+00:00","og_image":[{"width":720,"height":720,"url":"https:\/\/www.miomiorun.com\/app\/uploads\/2025\/11\/montura-Pulse-hooded-maglia-mustard-MMAP82X.348.webp","type":"image\/webp"}],"twitter_card":"summary_large_image","twitter_misc":{"Est. reading time":"1 minute"},"schema":{"@context":"https:\/\/schema.org","@graph":[{"@type":"WebPage","@id":"https:\/\/www.miomiorun.com\/de\/produkt\/pulse-hooded-herren\/","url":"https:\/\/www.miomiorun.com\/de\/produkt\/pulse-hooded-herren\/","name":"Montura Pulse hooded herren - Trekking-Sweatshirt- MioMioRun","isPartOf":{"@id":"https:\/\/www.miomiorun.com\/de\/#website"},"primaryImageOfPage":{"@id":"https:\/\/www.miomiorun.com\/de\/produkt\/pulse-hooded-herren\/#primaryimage"},"image":{"@id":"https:\/\/www.miomiorun.com\/de\/produkt\/pulse-hooded-herren\/#primaryimage"},"thumbnailUrl":"https:\/\/www.miomiorun.com\/app\/uploads\/2025\/11\/montura-Pulse-hooded-maglia-mustard-MMAP82X.348.webp","datePublished":"2025-11-10T17:42:59+00:00","dateModified":"2026-04-17T08:21:37+00:00","description":"Technisches Sweatshirt f\u00fcr Herren aus recyceltem Power-Stretch-Fleece. Warm, atmungsaktiv und strapazierf\u00e4hig, ideal als Midlayer f\u00fcr Outdoor-Aktivit\u00e4ten und Freizeit.","breadcrumb":{"@id":"https:\/\/www.miomiorun.com\/de\/produkt\/pulse-hooded-herren\/#breadcrumb"},"inLanguage":"de-DE","potentialAction":[{"@type":"ReadAction","target":["https:\/\/www.miomiorun.com\/de\/produkt\/pulse-hooded-herren\/"]}]},{"@type":"ImageObject","inLanguage":"de-DE","@id":"https:\/\/www.miomiorun.com\/de\/produkt\/pulse-hooded-herren\/#primaryimage","url":"https:\/\/www.miomiorun.com\/app\/uploads\/2025\/11\/montura-Pulse-hooded-maglia-mustard-MMAP82X.348.webp","contentUrl":"https:\/\/www.miomiorun.com\/app\/uploads\/2025\/11\/montura-Pulse-hooded-maglia-mustard-MMAP82X.348.webp","width":720,"height":720,"caption":"montura Pulse hooded maglia mustard MMAP82X.348"},{"@type":"BreadcrumbList","@id":"https:\/\/www.miomiorun.com\/de\/produkt\/pulse-hooded-herren\/#breadcrumb","itemListElement":[{"@type":"ListItem","position":1,"name":"Home","item":"https:\/\/www.miomiorun.com\/de\/"},{"@type":"ListItem","position":2,"name":"Shop","item":"https:\/\/www.miomiorun.com\/shop\/"},{"@type":"ListItem","position":3,"name":"Pulse hooded herren"}]},{"@type":"WebSite","@id":"https:\/\/www.miomiorun.com\/de\/#website","url":"https:\/\/www.miomiorun.com\/de\/","name":"MioMioRun","description":"100% Lauf- und Trailshop","publisher":{"@id":"https:\/\/www.miomiorun.com\/de\/#organization"},"potentialAction":[{"@type":"SearchAction","target":{"@type":"EntryPoint","urlTemplate":"https:\/\/www.miomiorun.com\/de\/?s={search_term_string}"},"query-input":{"@type":"PropertyValueSpecification","valueRequired":true,"valueName":"search_term_string"}}],"inLanguage":"de-DE"},{"@type":"Organization","@id":"https:\/\/www.miomiorun.com\/de\/#organization","name":"MioMio Run","url":"https:\/\/www.miomiorun.com\/de\/","logo":{"@type":"ImageObject","inLanguage":"de-DE","@id":"https:\/\/www.miomiorun.com\/de\/#\/schema\/logo\/image\/","url":"https:\/\/www.miomiorun.com\/app\/uploads\/2019\/12\/logomio.png","contentUrl":"https:\/\/www.miomiorun.com\/app\/uploads\/2019\/12\/logomio.png","width":115,"height":82,"caption":"MioMio Run"},"image":{"@id":"https:\/\/www.miomiorun.com\/de\/#\/schema\/logo\/image\/"},"sameAs":["https:\/\/www.facebook.com\/miomiorun\/","https:\/\/www.instagram.com\/miomiorun\/"]}]}},"_links":{"self":[{"href":"https:\/\/www.miomiorun.com\/de\/wp-json\/wp\/v2\/product\/368829","targetHints":{"allow":["GET"]}}],"collection":[{"href":"https:\/\/www.miomiorun.com\/de\/wp-json\/wp\/v2\/product"}],"about":[{"href":"https:\/\/www.miomiorun.com\/de\/wp-json\/wp\/v2\/types\/product"}],"wp:featuredmedia":[{"embeddable":true,"href":"https:\/\/www.miomiorun.com\/de\/wp-json\/wp\/v2\/media\/369052"}],"wp:attachment":[{"href":"https:\/\/www.miomiorun.com\/de\/wp-json\/wp\/v2\/media?parent=368829"}],"wp:term":[{"taxonomy":"product_brand","embeddable":true,"href":"https:\/\/www.miomiorun.com\/de\/wp-json\/wp\/v2\/product_brand?post=368829"},{"taxonomy":"product_cat","embeddable":true,"href":"https:\/\/www.miomiorun.com\/de\/wp-json\/wp\/v2\/product_cat?post=368829"},{"taxonomy":"product_tag","embeddable":true,"href":"https:\/\/www.miomiorun.com\/de\/wp-json\/wp\/v2\/product_tag?post=368829"}],"curies":[{"name":"wp","href":"https:\/\/api.w.org\/{rel}","templated":true}]}}