{"id":368731,"date":"2025-11-10T18:27:32","date_gmt":"2025-11-10T17:27:32","guid":{"rendered":"https:\/\/www.miomiorun.com\/?post_type=product&#038;p=368731"},"modified":"2026-04-17T10:21:50","modified_gmt":"2026-04-17T08:21:50","slug":"pulse-pullover-herren","status":"publish","type":"product","link":"https:\/\/www.miomiorun.com\/de\/produkt\/pulse-pullover-herren\/","title":{"rendered":"Pulse pullover Herren"},"content":{"rendered":"<p data-start=\"197\" data-end=\"581\">Das <strong data-start=\"228\" data-end=\"244\">Pulse Maglia<\/strong> ist ein <strong data-start=\"250\" data-end=\"282\">technisches Fleece f\u00fcr Herren mit Rei\u00dfverschluss<\/strong>, das f\u00fcr <strong data-start=\"306\" data-end=\"364\">thermischen Komfort, Atmungsaktivit\u00e4t und Bewegungsfreiheit<\/strong> bei einer Vielzahl von Outdoor- und Freizeitaktivit\u00e4ten entwickelt wurde. Es eignet sich perfekt als <strong data-start=\"438\" data-end=\"459\">Zwischenschicht<\/strong> in der kalten Jahreszeit und ist ein zuverl\u00e4ssiges und umweltfreundliches Kleidungsst\u00fcck aus <strong data-start=\"532\" data-end=\"578\">Power-Stretch-Fleece aus recyceltem Polyester<\/strong>.<\/p>\n<p data-start=\"583\" data-end=\"936\">Das leichte und strapazierf\u00e4hige Material garantiert <strong data-start=\"626\" data-end=\"657\">eine hervorragende W\u00e4rmeleistung<\/strong> und <strong data-start=\"664\" data-end=\"685\">hohe Strapazierf\u00e4higkeit<\/strong>, w\u00e4hrend die <strong data-start=\"704\" data-end=\"725\">aufgerauhte und weiche<\/strong> Innenseite f\u00fcr ein angenehmes Tragegef\u00fchl auf der Haut sorgt. Die hohe Elastizit\u00e4t des Materials erm\u00f6glicht <strong data-start=\"826\" data-end=\"857\">nat\u00fcrliche und fl\u00fcssige Bewegungen<\/strong>, wodurch dieses Shirt sowohl f\u00fcr Trekking als auch f\u00fcr den t\u00e4glichen Gebrauch ideal ist.<\/p>\n<p data-start=\"938\" data-end=\"1150\">Das Modell verf\u00fcgt \u00fcber <strong data-start=\"957\" data-end=\"984\">Stretchb\u00fcndchen und einen Stretchsaum<\/strong> zum Speichern der W\u00e4rme, ein <strong data-start=\"1015\" data-end=\"1048\">teilweises Polyesterfutter<\/strong> f\u00fcr mehr Komfort und <strong data-start=\"1072\" data-end=\"1099\">Seitentaschen mit Rei\u00dfverschluss<\/strong> zur sicheren Aufbewahrung wichtiger Gegenst\u00e4nde.<\/p>\n<ul>\n<li data-start=\"1378\" data-end=\"1450\">\n<p data-start=\"1380\" data-end=\"1450\">Power-Stretch-Fleece aus recyceltem Polyester f\u00fcr W\u00e4rme und Flexibilit\u00e4t<\/p>\n<\/li>\n<li data-start=\"1451\" data-end=\"1513\">\n<p data-start=\"1453\" data-end=\"1513\">Weiche, atmungsaktive Innenseite f\u00fcr optimalen Komfort<\/p>\n<\/li>\n<li data-start=\"1514\" data-end=\"1559\">\n<p data-start=\"1516\" data-end=\"1559\">Hohe Pilling- und Abriebfestigkeit<\/p>\n<\/li>\n<li data-start=\"1560\" data-end=\"1612\">\n<p data-start=\"1562\" data-end=\"1612\">Stretch-B\u00fcndchen und -Saum f\u00fcr optimale W\u00e4rmespeicherung<\/p>\n<\/li>\n<li data-start=\"1613\" data-end=\"1663\">\n<p data-start=\"1615\" data-end=\"1663\">Seitentaschen mit Rei\u00dfverschluss f\u00fcr wichtige Utensilien<\/p>\n<\/li>\n<li data-start=\"1664\" data-end=\"1722\">\n<p data-start=\"1666\" data-end=\"1722\">Umweltfreundliches Design, ideal f\u00fcr Trekking und den t\u00e4glichen Gebrauch<\/p>\n<\/li>\n<\/ul>\n<p>&nbsp;<\/p>\n<div class=\"attribute_container tw-pb-24 last-of-type:tw-pb-0\">\n<div class=\"content__image-wrapper tw-w-fit \">\n<div class=\"content__image tw-relative tw-w-[3.2rem]\"><img loading=\"lazy\" decoding=\"async\" class=\"tw-absolute tw-top-0 tw-left-0 tw-w-full tw-h-full\" src=\"https:\/\/www.montura.com\/cdn\/shop\/files\/004_Breathable_Black.svg?v=1709125473&amp;width=200\" alt=\"\" width=\"61\" height=\"61\"><\/div>\n<\/div>\n<h3 class=\"tw-text-s tw-pt-[1.2rem] tw-pb-[0.4rem] tw-font-medium\">Atmungsaktiv<\/h3>\n<p class=\"tw-text-greyish-brown tw-text-xs tw-pt-[0.4rem]\">Dank atmungsaktiver Stoffe unterst\u00fctzt dieses Kleidungsst\u00fcck die nat\u00fcrliche Transpiration der Haut und h\u00e4lt den K\u00f6rper stets auf einer optimalen Temperatur. <\/p>\n<\/div>\n<div class=\"attribute_container tw-pb-24 last-of-type:tw-pb-0\">\n<div class=\"content__image-wrapper tw-w-fit \">\n<div class=\"content__image tw-relative tw-w-[3.2rem]\"><img loading=\"lazy\" decoding=\"async\" class=\"tw-absolute tw-top-0 tw-left-0 tw-w-full tw-h-full\" src=\"https:\/\/www.montura.com\/cdn\/shop\/files\/012_RecycledMaterial_Black.svg?v=1709125426&amp;width=200\" alt=\"\" width=\"62\" height=\"62\"><\/div>\n<\/div>\n<h3 class=\"tw-text-s tw-pt-[1.2rem] tw-pb-[0.4rem] tw-font-medium\">Recycelte Materialien<\/h3>\n<p class=\"tw-text-greyish-brown tw-text-xs tw-pt-[0.4rem]\">Dieses Produkt wird aus recycelten Materialien hergestellt und tr\u00e4gt so zur Reduzierung von Abfall und zum geringeren Verbrauch von Neumaterialien bei. <\/p>\n<\/div>\n<p>&nbsp;<\/p>\n","protected":false},"excerpt":{"rendered":"<ul>\n<li data-start=\"1378\" data-end=\"1450\">\n<p data-start=\"1380\" data-end=\"1450\">Power-Stretch-Fleece aus recyceltem Polyester f\u00fcr W\u00e4rme und Flexibilit\u00e4t<\/p>\n<\/li>\n<li data-start=\"1451\" data-end=\"1513\">\n<p data-start=\"1453\" data-end=\"1513\">Weiches, atmungsaktives Innenfutter f\u00fcr optimalen Komfort<\/p>\n<\/li>\n<\/ul>\n","protected":false},"featured_media":368963,"template":"","meta":{"_acf_changed":false,"inline_featured_image":false},"product_brand":[],"product_cat":[6515,6540,6541],"product_tag":[3379,6270],"class_list":{"0":"post-368731","1":"product","2":"type-product","3":"status-publish","4":"has-post-thumbnail","6":"product_cat-herren-de","7":"product_cat-herrenbekleidung","8":"product_cat-langarmshirt","9":"product_tag-montura-de","10":"product_tag-montura-herren-de","11":"pa_attivita-gehen","12":"pa_attivita-outdoor-de","13":"pa_colore-pulse-maglia-black-de","14":"pa_marca-montura-de","15":"pa_sesso-herren","16":"pa_size-large-de","18":"first","19":"instock","20":"sale","21":"taxable","22":"shipping-taxable","23":"purchasable","24":"product-type-variable","25":"wvs-archive-product-wrapper"},"acf":[],"yoast_head":"<!-- This site is optimized with the Yoast SEO plugin v26.8 - https:\/\/yoast.com\/product\/yoast-seo-wordpress\/ -->\n<title>Montura Pulse pullover Herren - Trekking-Pullover - MioMioRun.com<\/title>\n<meta name=\"description\" content=\"Funktionsjacke f\u00fcr Herren aus recyceltem Power-Stretch-Polyester. Warm, atmungsaktiv und strapazierf\u00e4hig, ideal als Midlayer f\u00fcr Trekking und Outdoor-Aktivit\u00e4ten.\" \/>\n<meta name=\"robots\" content=\"index, follow, max-snippet:-1, max-image-preview:large, max-video-preview:-1\" \/>\n<link rel=\"canonical\" href=\"https:\/\/www.miomiorun.com\/de\/produkt\/pulse-pullover-herren\/\" \/>\n<meta property=\"og:locale\" content=\"de_DE\" \/>\n<meta property=\"og:type\" content=\"article\" \/>\n<meta property=\"og:title\" content=\"Montura Pulse pullover Herren - Trekking-Pullover - MioMioRun.com\" \/>\n<meta property=\"og:description\" content=\"Funktionsjacke f\u00fcr Herren aus recyceltem Power-Stretch-Polyester. Warm, atmungsaktiv und strapazierf\u00e4hig, ideal als Midlayer f\u00fcr Trekking und Outdoor-Aktivit\u00e4ten.\" \/>\n<meta property=\"og:url\" content=\"https:\/\/www.miomiorun.com\/de\/produkt\/pulse-pullover-herren\/\" \/>\n<meta property=\"og:site_name\" content=\"MioMioRun\" \/>\n<meta property=\"article:publisher\" content=\"https:\/\/www.facebook.com\/miomiorun\/\" \/>\n<meta property=\"article:modified_time\" content=\"2026-04-17T08:21:50+00:00\" \/>\n<meta property=\"og:image\" content=\"https:\/\/www.miomiorun.com\/app\/uploads\/2025\/11\/montura-Pulse-maglia-black-MMAP83X.90.webp\" \/>\n\t<meta property=\"og:image:width\" content=\"720\" \/>\n\t<meta property=\"og:image:height\" content=\"720\" \/>\n\t<meta property=\"og:image:type\" content=\"image\/webp\" \/>\n<meta name=\"twitter:card\" content=\"summary_large_image\" \/>\n<meta name=\"twitter:label1\" content=\"Est. reading time\" \/>\n\t<meta name=\"twitter:data1\" content=\"1 minute\" \/>\n<script type=\"application\/ld+json\" class=\"yoast-schema-graph\">{\"@context\":\"https:\/\/schema.org\",\"@graph\":[{\"@type\":\"WebPage\",\"@id\":\"https:\/\/www.miomiorun.com\/de\/produkt\/pulse-pullover-herren\/\",\"url\":\"https:\/\/www.miomiorun.com\/de\/produkt\/pulse-pullover-herren\/\",\"name\":\"Montura Pulse pullover Herren - Trekking-Pullover - MioMioRun.com\",\"isPartOf\":{\"@id\":\"https:\/\/www.miomiorun.com\/de\/#website\"},\"primaryImageOfPage\":{\"@id\":\"https:\/\/www.miomiorun.com\/de\/produkt\/pulse-pullover-herren\/#primaryimage\"},\"image\":{\"@id\":\"https:\/\/www.miomiorun.com\/de\/produkt\/pulse-pullover-herren\/#primaryimage\"},\"thumbnailUrl\":\"https:\/\/www.miomiorun.com\/app\/uploads\/2025\/11\/montura-Pulse-maglia-black-MMAP83X.90.webp\",\"datePublished\":\"2025-11-10T17:27:32+00:00\",\"dateModified\":\"2026-04-17T08:21:50+00:00\",\"description\":\"Funktionsjacke f\u00fcr Herren aus recyceltem Power-Stretch-Polyester. Warm, atmungsaktiv und strapazierf\u00e4hig, ideal als Midlayer f\u00fcr Trekking und Outdoor-Aktivit\u00e4ten.\",\"breadcrumb\":{\"@id\":\"https:\/\/www.miomiorun.com\/de\/produkt\/pulse-pullover-herren\/#breadcrumb\"},\"inLanguage\":\"de-DE\",\"potentialAction\":[{\"@type\":\"ReadAction\",\"target\":[\"https:\/\/www.miomiorun.com\/de\/produkt\/pulse-pullover-herren\/\"]}]},{\"@type\":\"ImageObject\",\"inLanguage\":\"de-DE\",\"@id\":\"https:\/\/www.miomiorun.com\/de\/produkt\/pulse-pullover-herren\/#primaryimage\",\"url\":\"https:\/\/www.miomiorun.com\/app\/uploads\/2025\/11\/montura-Pulse-maglia-black-MMAP83X.90.webp\",\"contentUrl\":\"https:\/\/www.miomiorun.com\/app\/uploads\/2025\/11\/montura-Pulse-maglia-black-MMAP83X.90.webp\",\"width\":720,\"height\":720,\"caption\":\"montura Pulse maglia black MMAP83X.90\"},{\"@type\":\"BreadcrumbList\",\"@id\":\"https:\/\/www.miomiorun.com\/de\/produkt\/pulse-pullover-herren\/#breadcrumb\",\"itemListElement\":[{\"@type\":\"ListItem\",\"position\":1,\"name\":\"Home\",\"item\":\"https:\/\/www.miomiorun.com\/de\/\"},{\"@type\":\"ListItem\",\"position\":2,\"name\":\"Shop\",\"item\":\"https:\/\/www.miomiorun.com\/shop\/\"},{\"@type\":\"ListItem\",\"position\":3,\"name\":\"Pulse pullover Herren\"}]},{\"@type\":\"WebSite\",\"@id\":\"https:\/\/www.miomiorun.com\/de\/#website\",\"url\":\"https:\/\/www.miomiorun.com\/de\/\",\"name\":\"MioMioRun\",\"description\":\"100% Lauf- und Trailshop\",\"publisher\":{\"@id\":\"https:\/\/www.miomiorun.com\/de\/#organization\"},\"potentialAction\":[{\"@type\":\"SearchAction\",\"target\":{\"@type\":\"EntryPoint\",\"urlTemplate\":\"https:\/\/www.miomiorun.com\/de\/?s={search_term_string}\"},\"query-input\":{\"@type\":\"PropertyValueSpecification\",\"valueRequired\":true,\"valueName\":\"search_term_string\"}}],\"inLanguage\":\"de-DE\"},{\"@type\":\"Organization\",\"@id\":\"https:\/\/www.miomiorun.com\/de\/#organization\",\"name\":\"MioMio Run\",\"url\":\"https:\/\/www.miomiorun.com\/de\/\",\"logo\":{\"@type\":\"ImageObject\",\"inLanguage\":\"de-DE\",\"@id\":\"https:\/\/www.miomiorun.com\/de\/#\/schema\/logo\/image\/\",\"url\":\"https:\/\/www.miomiorun.com\/app\/uploads\/2019\/12\/logomio.png\",\"contentUrl\":\"https:\/\/www.miomiorun.com\/app\/uploads\/2019\/12\/logomio.png\",\"width\":115,\"height\":82,\"caption\":\"MioMio Run\"},\"image\":{\"@id\":\"https:\/\/www.miomiorun.com\/de\/#\/schema\/logo\/image\/\"},\"sameAs\":[\"https:\/\/www.facebook.com\/miomiorun\/\",\"https:\/\/www.instagram.com\/miomiorun\/\"]}]}<\/script>\n<!-- \/ Yoast SEO plugin. -->","yoast_head_json":{"title":"Montura Pulse pullover Herren - Trekking-Pullover - MioMioRun.com","description":"Funktionsjacke f\u00fcr Herren aus recyceltem Power-Stretch-Polyester. Warm, atmungsaktiv und strapazierf\u00e4hig, ideal als Midlayer f\u00fcr Trekking und Outdoor-Aktivit\u00e4ten.","robots":{"index":"index","follow":"follow","max-snippet":"max-snippet:-1","max-image-preview":"max-image-preview:large","max-video-preview":"max-video-preview:-1"},"canonical":"https:\/\/www.miomiorun.com\/de\/produkt\/pulse-pullover-herren\/","og_locale":"de_DE","og_type":"article","og_title":"Montura Pulse pullover Herren - Trekking-Pullover - MioMioRun.com","og_description":"Funktionsjacke f\u00fcr Herren aus recyceltem Power-Stretch-Polyester. Warm, atmungsaktiv und strapazierf\u00e4hig, ideal als Midlayer f\u00fcr Trekking und Outdoor-Aktivit\u00e4ten.","og_url":"https:\/\/www.miomiorun.com\/de\/produkt\/pulse-pullover-herren\/","og_site_name":"MioMioRun","article_publisher":"https:\/\/www.facebook.com\/miomiorun\/","article_modified_time":"2026-04-17T08:21:50+00:00","og_image":[{"width":720,"height":720,"url":"https:\/\/www.miomiorun.com\/app\/uploads\/2025\/11\/montura-Pulse-maglia-black-MMAP83X.90.webp","type":"image\/webp"}],"twitter_card":"summary_large_image","twitter_misc":{"Est. reading time":"1 minute"},"schema":{"@context":"https:\/\/schema.org","@graph":[{"@type":"WebPage","@id":"https:\/\/www.miomiorun.com\/de\/produkt\/pulse-pullover-herren\/","url":"https:\/\/www.miomiorun.com\/de\/produkt\/pulse-pullover-herren\/","name":"Montura Pulse pullover Herren - Trekking-Pullover - MioMioRun.com","isPartOf":{"@id":"https:\/\/www.miomiorun.com\/de\/#website"},"primaryImageOfPage":{"@id":"https:\/\/www.miomiorun.com\/de\/produkt\/pulse-pullover-herren\/#primaryimage"},"image":{"@id":"https:\/\/www.miomiorun.com\/de\/produkt\/pulse-pullover-herren\/#primaryimage"},"thumbnailUrl":"https:\/\/www.miomiorun.com\/app\/uploads\/2025\/11\/montura-Pulse-maglia-black-MMAP83X.90.webp","datePublished":"2025-11-10T17:27:32+00:00","dateModified":"2026-04-17T08:21:50+00:00","description":"Funktionsjacke f\u00fcr Herren aus recyceltem Power-Stretch-Polyester. Warm, atmungsaktiv und strapazierf\u00e4hig, ideal als Midlayer f\u00fcr Trekking und Outdoor-Aktivit\u00e4ten.","breadcrumb":{"@id":"https:\/\/www.miomiorun.com\/de\/produkt\/pulse-pullover-herren\/#breadcrumb"},"inLanguage":"de-DE","potentialAction":[{"@type":"ReadAction","target":["https:\/\/www.miomiorun.com\/de\/produkt\/pulse-pullover-herren\/"]}]},{"@type":"ImageObject","inLanguage":"de-DE","@id":"https:\/\/www.miomiorun.com\/de\/produkt\/pulse-pullover-herren\/#primaryimage","url":"https:\/\/www.miomiorun.com\/app\/uploads\/2025\/11\/montura-Pulse-maglia-black-MMAP83X.90.webp","contentUrl":"https:\/\/www.miomiorun.com\/app\/uploads\/2025\/11\/montura-Pulse-maglia-black-MMAP83X.90.webp","width":720,"height":720,"caption":"montura Pulse maglia black MMAP83X.90"},{"@type":"BreadcrumbList","@id":"https:\/\/www.miomiorun.com\/de\/produkt\/pulse-pullover-herren\/#breadcrumb","itemListElement":[{"@type":"ListItem","position":1,"name":"Home","item":"https:\/\/www.miomiorun.com\/de\/"},{"@type":"ListItem","position":2,"name":"Shop","item":"https:\/\/www.miomiorun.com\/shop\/"},{"@type":"ListItem","position":3,"name":"Pulse pullover Herren"}]},{"@type":"WebSite","@id":"https:\/\/www.miomiorun.com\/de\/#website","url":"https:\/\/www.miomiorun.com\/de\/","name":"MioMioRun","description":"100% Lauf- und Trailshop","publisher":{"@id":"https:\/\/www.miomiorun.com\/de\/#organization"},"potentialAction":[{"@type":"SearchAction","target":{"@type":"EntryPoint","urlTemplate":"https:\/\/www.miomiorun.com\/de\/?s={search_term_string}"},"query-input":{"@type":"PropertyValueSpecification","valueRequired":true,"valueName":"search_term_string"}}],"inLanguage":"de-DE"},{"@type":"Organization","@id":"https:\/\/www.miomiorun.com\/de\/#organization","name":"MioMio Run","url":"https:\/\/www.miomiorun.com\/de\/","logo":{"@type":"ImageObject","inLanguage":"de-DE","@id":"https:\/\/www.miomiorun.com\/de\/#\/schema\/logo\/image\/","url":"https:\/\/www.miomiorun.com\/app\/uploads\/2019\/12\/logomio.png","contentUrl":"https:\/\/www.miomiorun.com\/app\/uploads\/2019\/12\/logomio.png","width":115,"height":82,"caption":"MioMio Run"},"image":{"@id":"https:\/\/www.miomiorun.com\/de\/#\/schema\/logo\/image\/"},"sameAs":["https:\/\/www.facebook.com\/miomiorun\/","https:\/\/www.instagram.com\/miomiorun\/"]}]}},"_links":{"self":[{"href":"https:\/\/www.miomiorun.com\/de\/wp-json\/wp\/v2\/product\/368731","targetHints":{"allow":["GET"]}}],"collection":[{"href":"https:\/\/www.miomiorun.com\/de\/wp-json\/wp\/v2\/product"}],"about":[{"href":"https:\/\/www.miomiorun.com\/de\/wp-json\/wp\/v2\/types\/product"}],"wp:featuredmedia":[{"embeddable":true,"href":"https:\/\/www.miomiorun.com\/de\/wp-json\/wp\/v2\/media\/368963"}],"wp:attachment":[{"href":"https:\/\/www.miomiorun.com\/de\/wp-json\/wp\/v2\/media?parent=368731"}],"wp:term":[{"taxonomy":"product_brand","embeddable":true,"href":"https:\/\/www.miomiorun.com\/de\/wp-json\/wp\/v2\/product_brand?post=368731"},{"taxonomy":"product_cat","embeddable":true,"href":"https:\/\/www.miomiorun.com\/de\/wp-json\/wp\/v2\/product_cat?post=368731"},{"taxonomy":"product_tag","embeddable":true,"href":"https:\/\/www.miomiorun.com\/de\/wp-json\/wp\/v2\/product_tag?post=368731"}],"curies":[{"name":"wp","href":"https:\/\/api.w.org\/{rel}","templated":true}]}}