{"id":368264,"date":"2025-11-08T15:54:45","date_gmt":"2025-11-08T14:54:45","guid":{"rendered":"https:\/\/www.miomiorun.com\/?post_type=product&#038;p=368264"},"modified":"2026-04-17T10:22:15","modified_gmt":"2026-04-17T08:22:15","slug":"essence-thermal-ponytail-hat","status":"publish","type":"product","link":"https:\/\/www.miomiorun.com\/de\/produkt\/essence-thermal-ponytail-hat\/","title":{"rendered":"Essence Thermal Ponytail Hat"},"content":{"rendered":"<p data-start=\"213\" data-end=\"604\">Der <strong data-start=\"243\" data-end=\"267\">Essence Ponytail Hat<\/strong> ist eine <strong data-start=\"273\" data-end=\"318\">weiche, elastische Funktionsm\u00fctze<\/strong>, die <strong data-start=\"343\" data-end=\"363\">W\u00e4rme und Komfort<\/strong> beim Training bei k\u00fchlen Bedingungen bietet. Er besteht aus <strong data-start=\"425\" data-end=\"449\">recyceltem Polyester<\/strong> und verf\u00fcgt \u00fcber eine <strong data-start=\"463\" data-end=\"485\">geb\u00fcrstete Innenseite<\/strong>, die f\u00fcr hervorragende W\u00e4rmeisolierung sorgt und dank ihrer feuchtigkeitsabsorbierenden Eigenschaften die Haut trocken h\u00e4lt.<\/p>\n<p data-start=\"606\" data-end=\"898\">Die praktische <strong data-start=\"617\" data-end=\"659\">\u00d6ffnung f\u00fcr den Pferdeschwanz am R\u00fccken<\/strong> sorgt f\u00fcr eine bequeme und stabile Passform und macht sie ideal f\u00fcr alle, die auch beim Sport Funktionalit\u00e4t und Stil suchen. Die enganliegende Passform garantiert optimalen Schutz vor K\u00e4lte, ohne die Bewegungsfreiheit einzuschr\u00e4nken.<\/p>\n<p data-start=\"900\" data-end=\"980\">Perfekt f\u00fcr <strong data-start=\"913\" data-end=\"956\">Laufen, Trekking und Outdoor-Training<\/strong> in der \u00dcbergangszeit.<\/p>\n<ul>\n<li data-start=\"1206\" data-end=\"1267\">\n<p data-start=\"1208\" data-end=\"1267\">Hergestellt aus recyceltem Polyester mit geb\u00fcrsteter Innenseite<\/p>\n<\/li>\n<li data-start=\"1268\" data-end=\"1327\">\n<p data-start=\"1270\" data-end=\"1327\">\u00d6ffnung am R\u00fccken f\u00fcr einen Pferdeschwanz f\u00fcr maximalen Komfort<\/p>\n<\/li>\n<li data-start=\"1328\" data-end=\"1381\">\n<p data-start=\"1330\" data-end=\"1381\">Eng anliegende Passform und ideale W\u00e4rme f\u00fcr k\u00fchles Klima<\/p>\n<\/li>\n<li data-start=\"1382\" data-end=\"1437\">\n<p data-start=\"1384\" data-end=\"1437\">Hervorragendes Feuchtigkeitsmanagement und Bewegungsfreiheit<\/p>\n<\/li>\n<\/ul>\n","protected":false},"excerpt":{"rendered":"<ul>\n<li data-start=\"1268\" data-end=\"1327\">\n<p data-start=\"1270\" data-end=\"1327\">Hintere \u00d6ffnung f\u00fcr Pferdeschwanz f\u00fcr maximalen Komfort<\/p>\n<\/li>\n<li data-start=\"1328\" data-end=\"1381\">\n<p data-start=\"1330\" data-end=\"1381\">Eng anliegende Passform und ideale W\u00e4rmeisolierung f\u00fcr k\u00fchles Klima<\/p>\n<\/li>\n<li data-start=\"1382\" data-end=\"1437\">\n<p data-start=\"1384\" data-end=\"1437\">Hervorragendes Feuchtigkeitsmanagement und Bewegungsfreiheit<\/p>\n<\/li>\n<\/ul>\n","protected":false},"featured_media":368901,"template":"","meta":{"_acf_changed":false,"inline_featured_image":false},"product_brand":[],"product_cat":[6342,6374],"product_tag":[6304],"class_list":{"0":"post-368264","1":"product","2":"type-product","3":"status-publish","4":"has-post-thumbnail","6":"product_cat-zubehoer","7":"product_cat-haar-de","8":"product_tag-craft-de","9":"pa_attivita-gehen","10":"pa_attivita-running-de","11":"pa_colore-essence-thermal-ponytail-hat-plaster-de","12":"pa_marca-craft-de","13":"pa_sesso-damen","14":"pa_sesso-herren","16":"first","17":"instock","18":"sale","19":"taxable","20":"shipping-taxable","21":"purchasable","22":"product-type-variable","23":"wvs-archive-product-wrapper"},"acf":[],"yoast_head":"<!-- This site is optimized with the Yoast SEO plugin v26.8 - https:\/\/yoast.com\/product\/yoast-seo-wordpress\/ -->\n<title>Craft Essence Thermal Ponytail Hat - Laufm\u00fctze - MioMioRun.com<\/title>\n<meta name=\"description\" content=\"Funktionsm\u00fctze aus recyceltem Polyester mit geb\u00fcrsteter Innenseite und \u00d6ffnung f\u00fcr den Pferdeschwanz. Warm, bequem und ideal f\u00fcr das Training im Freien.\" \/>\n<meta name=\"robots\" content=\"index, follow, max-snippet:-1, max-image-preview:large, max-video-preview:-1\" \/>\n<link rel=\"canonical\" href=\"https:\/\/www.miomiorun.com\/de\/produkt\/essence-thermal-ponytail-hat\/\" \/>\n<meta property=\"og:locale\" content=\"de_DE\" \/>\n<meta property=\"og:type\" content=\"article\" \/>\n<meta property=\"og:title\" content=\"Craft Essence Thermal Ponytail Hat - Laufm\u00fctze - MioMioRun.com\" \/>\n<meta property=\"og:description\" content=\"Funktionsm\u00fctze aus recyceltem Polyester mit geb\u00fcrsteter Innenseite und \u00d6ffnung f\u00fcr den Pferdeschwanz. Warm, bequem und ideal f\u00fcr das Training im Freien.\" \/>\n<meta property=\"og:url\" content=\"https:\/\/www.miomiorun.com\/de\/produkt\/essence-thermal-ponytail-hat\/\" \/>\n<meta property=\"og:site_name\" content=\"MioMioRun\" \/>\n<meta property=\"article:publisher\" content=\"https:\/\/www.facebook.com\/miomiorun\/\" \/>\n<meta property=\"article:modified_time\" content=\"2026-04-17T08:22:15+00:00\" \/>\n<meta property=\"og:image\" content=\"https:\/\/www.miomiorun.com\/app\/uploads\/2025\/11\/craft-Essence-thermal-ponytail-hat-black-1916628-999000.webp\" \/>\n\t<meta property=\"og:image:width\" content=\"720\" \/>\n\t<meta property=\"og:image:height\" content=\"720\" \/>\n\t<meta property=\"og:image:type\" content=\"image\/webp\" \/>\n<meta name=\"twitter:card\" content=\"summary_large_image\" \/>\n<meta name=\"twitter:label1\" content=\"Est. reading time\" \/>\n\t<meta name=\"twitter:data1\" content=\"1 minute\" \/>\n<script type=\"application\/ld+json\" class=\"yoast-schema-graph\">{\"@context\":\"https:\/\/schema.org\",\"@graph\":[{\"@type\":\"WebPage\",\"@id\":\"https:\/\/www.miomiorun.com\/de\/produkt\/essence-thermal-ponytail-hat\/\",\"url\":\"https:\/\/www.miomiorun.com\/de\/produkt\/essence-thermal-ponytail-hat\/\",\"name\":\"Craft Essence Thermal Ponytail Hat - Laufm\u00fctze - MioMioRun.com\",\"isPartOf\":{\"@id\":\"https:\/\/www.miomiorun.com\/de\/#website\"},\"primaryImageOfPage\":{\"@id\":\"https:\/\/www.miomiorun.com\/de\/produkt\/essence-thermal-ponytail-hat\/#primaryimage\"},\"image\":{\"@id\":\"https:\/\/www.miomiorun.com\/de\/produkt\/essence-thermal-ponytail-hat\/#primaryimage\"},\"thumbnailUrl\":\"https:\/\/www.miomiorun.com\/app\/uploads\/2025\/11\/craft-Essence-thermal-ponytail-hat-black-1916628-999000.webp\",\"datePublished\":\"2025-11-08T14:54:45+00:00\",\"dateModified\":\"2026-04-17T08:22:15+00:00\",\"description\":\"Funktionsm\u00fctze aus recyceltem Polyester mit geb\u00fcrsteter Innenseite und \u00d6ffnung f\u00fcr den Pferdeschwanz. Warm, bequem und ideal f\u00fcr das Training im Freien.\",\"breadcrumb\":{\"@id\":\"https:\/\/www.miomiorun.com\/de\/produkt\/essence-thermal-ponytail-hat\/#breadcrumb\"},\"inLanguage\":\"de-DE\",\"potentialAction\":[{\"@type\":\"ReadAction\",\"target\":[\"https:\/\/www.miomiorun.com\/de\/produkt\/essence-thermal-ponytail-hat\/\"]}]},{\"@type\":\"ImageObject\",\"inLanguage\":\"de-DE\",\"@id\":\"https:\/\/www.miomiorun.com\/de\/produkt\/essence-thermal-ponytail-hat\/#primaryimage\",\"url\":\"https:\/\/www.miomiorun.com\/app\/uploads\/2025\/11\/craft-Essence-thermal-ponytail-hat-black-1916628-999000.webp\",\"contentUrl\":\"https:\/\/www.miomiorun.com\/app\/uploads\/2025\/11\/craft-Essence-thermal-ponytail-hat-black-1916628-999000.webp\",\"width\":720,\"height\":720,\"caption\":\"craft Essence thermal ponytail hat black 1916628-999000\"},{\"@type\":\"BreadcrumbList\",\"@id\":\"https:\/\/www.miomiorun.com\/de\/produkt\/essence-thermal-ponytail-hat\/#breadcrumb\",\"itemListElement\":[{\"@type\":\"ListItem\",\"position\":1,\"name\":\"Home\",\"item\":\"https:\/\/www.miomiorun.com\/de\/\"},{\"@type\":\"ListItem\",\"position\":2,\"name\":\"Shop\",\"item\":\"https:\/\/www.miomiorun.com\/shop\/\"},{\"@type\":\"ListItem\",\"position\":3,\"name\":\"Essence Thermal Ponytail Hat\"}]},{\"@type\":\"WebSite\",\"@id\":\"https:\/\/www.miomiorun.com\/de\/#website\",\"url\":\"https:\/\/www.miomiorun.com\/de\/\",\"name\":\"MioMioRun\",\"description\":\"100% Lauf- und Trailshop\",\"publisher\":{\"@id\":\"https:\/\/www.miomiorun.com\/de\/#organization\"},\"potentialAction\":[{\"@type\":\"SearchAction\",\"target\":{\"@type\":\"EntryPoint\",\"urlTemplate\":\"https:\/\/www.miomiorun.com\/de\/?s={search_term_string}\"},\"query-input\":{\"@type\":\"PropertyValueSpecification\",\"valueRequired\":true,\"valueName\":\"search_term_string\"}}],\"inLanguage\":\"de-DE\"},{\"@type\":\"Organization\",\"@id\":\"https:\/\/www.miomiorun.com\/de\/#organization\",\"name\":\"MioMio Run\",\"url\":\"https:\/\/www.miomiorun.com\/de\/\",\"logo\":{\"@type\":\"ImageObject\",\"inLanguage\":\"de-DE\",\"@id\":\"https:\/\/www.miomiorun.com\/de\/#\/schema\/logo\/image\/\",\"url\":\"https:\/\/www.miomiorun.com\/app\/uploads\/2019\/12\/logomio.png\",\"contentUrl\":\"https:\/\/www.miomiorun.com\/app\/uploads\/2019\/12\/logomio.png\",\"width\":115,\"height\":82,\"caption\":\"MioMio Run\"},\"image\":{\"@id\":\"https:\/\/www.miomiorun.com\/de\/#\/schema\/logo\/image\/\"},\"sameAs\":[\"https:\/\/www.facebook.com\/miomiorun\/\",\"https:\/\/www.instagram.com\/miomiorun\/\"]}]}<\/script>\n<!-- \/ Yoast SEO plugin. -->","yoast_head_json":{"title":"Craft Essence Thermal Ponytail Hat - Laufm\u00fctze - MioMioRun.com","description":"Funktionsm\u00fctze aus recyceltem Polyester mit geb\u00fcrsteter Innenseite und \u00d6ffnung f\u00fcr den Pferdeschwanz. Warm, bequem und ideal f\u00fcr das Training im Freien.","robots":{"index":"index","follow":"follow","max-snippet":"max-snippet:-1","max-image-preview":"max-image-preview:large","max-video-preview":"max-video-preview:-1"},"canonical":"https:\/\/www.miomiorun.com\/de\/produkt\/essence-thermal-ponytail-hat\/","og_locale":"de_DE","og_type":"article","og_title":"Craft Essence Thermal Ponytail Hat - Laufm\u00fctze - MioMioRun.com","og_description":"Funktionsm\u00fctze aus recyceltem Polyester mit geb\u00fcrsteter Innenseite und \u00d6ffnung f\u00fcr den Pferdeschwanz. Warm, bequem und ideal f\u00fcr das Training im Freien.","og_url":"https:\/\/www.miomiorun.com\/de\/produkt\/essence-thermal-ponytail-hat\/","og_site_name":"MioMioRun","article_publisher":"https:\/\/www.facebook.com\/miomiorun\/","article_modified_time":"2026-04-17T08:22:15+00:00","og_image":[{"width":720,"height":720,"url":"https:\/\/www.miomiorun.com\/app\/uploads\/2025\/11\/craft-Essence-thermal-ponytail-hat-black-1916628-999000.webp","type":"image\/webp"}],"twitter_card":"summary_large_image","twitter_misc":{"Est. reading time":"1 minute"},"schema":{"@context":"https:\/\/schema.org","@graph":[{"@type":"WebPage","@id":"https:\/\/www.miomiorun.com\/de\/produkt\/essence-thermal-ponytail-hat\/","url":"https:\/\/www.miomiorun.com\/de\/produkt\/essence-thermal-ponytail-hat\/","name":"Craft Essence Thermal Ponytail Hat - Laufm\u00fctze - MioMioRun.com","isPartOf":{"@id":"https:\/\/www.miomiorun.com\/de\/#website"},"primaryImageOfPage":{"@id":"https:\/\/www.miomiorun.com\/de\/produkt\/essence-thermal-ponytail-hat\/#primaryimage"},"image":{"@id":"https:\/\/www.miomiorun.com\/de\/produkt\/essence-thermal-ponytail-hat\/#primaryimage"},"thumbnailUrl":"https:\/\/www.miomiorun.com\/app\/uploads\/2025\/11\/craft-Essence-thermal-ponytail-hat-black-1916628-999000.webp","datePublished":"2025-11-08T14:54:45+00:00","dateModified":"2026-04-17T08:22:15+00:00","description":"Funktionsm\u00fctze aus recyceltem Polyester mit geb\u00fcrsteter Innenseite und \u00d6ffnung f\u00fcr den Pferdeschwanz. Warm, bequem und ideal f\u00fcr das Training im Freien.","breadcrumb":{"@id":"https:\/\/www.miomiorun.com\/de\/produkt\/essence-thermal-ponytail-hat\/#breadcrumb"},"inLanguage":"de-DE","potentialAction":[{"@type":"ReadAction","target":["https:\/\/www.miomiorun.com\/de\/produkt\/essence-thermal-ponytail-hat\/"]}]},{"@type":"ImageObject","inLanguage":"de-DE","@id":"https:\/\/www.miomiorun.com\/de\/produkt\/essence-thermal-ponytail-hat\/#primaryimage","url":"https:\/\/www.miomiorun.com\/app\/uploads\/2025\/11\/craft-Essence-thermal-ponytail-hat-black-1916628-999000.webp","contentUrl":"https:\/\/www.miomiorun.com\/app\/uploads\/2025\/11\/craft-Essence-thermal-ponytail-hat-black-1916628-999000.webp","width":720,"height":720,"caption":"craft Essence thermal ponytail hat black 1916628-999000"},{"@type":"BreadcrumbList","@id":"https:\/\/www.miomiorun.com\/de\/produkt\/essence-thermal-ponytail-hat\/#breadcrumb","itemListElement":[{"@type":"ListItem","position":1,"name":"Home","item":"https:\/\/www.miomiorun.com\/de\/"},{"@type":"ListItem","position":2,"name":"Shop","item":"https:\/\/www.miomiorun.com\/shop\/"},{"@type":"ListItem","position":3,"name":"Essence Thermal Ponytail Hat"}]},{"@type":"WebSite","@id":"https:\/\/www.miomiorun.com\/de\/#website","url":"https:\/\/www.miomiorun.com\/de\/","name":"MioMioRun","description":"100% Lauf- und Trailshop","publisher":{"@id":"https:\/\/www.miomiorun.com\/de\/#organization"},"potentialAction":[{"@type":"SearchAction","target":{"@type":"EntryPoint","urlTemplate":"https:\/\/www.miomiorun.com\/de\/?s={search_term_string}"},"query-input":{"@type":"PropertyValueSpecification","valueRequired":true,"valueName":"search_term_string"}}],"inLanguage":"de-DE"},{"@type":"Organization","@id":"https:\/\/www.miomiorun.com\/de\/#organization","name":"MioMio Run","url":"https:\/\/www.miomiorun.com\/de\/","logo":{"@type":"ImageObject","inLanguage":"de-DE","@id":"https:\/\/www.miomiorun.com\/de\/#\/schema\/logo\/image\/","url":"https:\/\/www.miomiorun.com\/app\/uploads\/2019\/12\/logomio.png","contentUrl":"https:\/\/www.miomiorun.com\/app\/uploads\/2019\/12\/logomio.png","width":115,"height":82,"caption":"MioMio Run"},"image":{"@id":"https:\/\/www.miomiorun.com\/de\/#\/schema\/logo\/image\/"},"sameAs":["https:\/\/www.facebook.com\/miomiorun\/","https:\/\/www.instagram.com\/miomiorun\/"]}]}},"_links":{"self":[{"href":"https:\/\/www.miomiorun.com\/de\/wp-json\/wp\/v2\/product\/368264","targetHints":{"allow":["GET"]}}],"collection":[{"href":"https:\/\/www.miomiorun.com\/de\/wp-json\/wp\/v2\/product"}],"about":[{"href":"https:\/\/www.miomiorun.com\/de\/wp-json\/wp\/v2\/types\/product"}],"wp:featuredmedia":[{"embeddable":true,"href":"https:\/\/www.miomiorun.com\/de\/wp-json\/wp\/v2\/media\/368901"}],"wp:attachment":[{"href":"https:\/\/www.miomiorun.com\/de\/wp-json\/wp\/v2\/media?parent=368264"}],"wp:term":[{"taxonomy":"product_brand","embeddable":true,"href":"https:\/\/www.miomiorun.com\/de\/wp-json\/wp\/v2\/product_brand?post=368264"},{"taxonomy":"product_cat","embeddable":true,"href":"https:\/\/www.miomiorun.com\/de\/wp-json\/wp\/v2\/product_cat?post=368264"},{"taxonomy":"product_tag","embeddable":true,"href":"https:\/\/www.miomiorun.com\/de\/wp-json\/wp\/v2\/product_tag?post=368264"}],"curies":[{"name":"wp","href":"https:\/\/api.w.org\/{rel}","templated":true}]}}