{"id":368196,"date":"2025-11-08T15:34:25","date_gmt":"2025-11-08T14:34:25","guid":{"rendered":"https:\/\/www.miomiorun.com\/?post_type=product&#038;p=368196"},"modified":"2026-04-17T10:28:33","modified_gmt":"2026-04-17T08:28:33","slug":"core-essence-headband","status":"publish","type":"product","link":"https:\/\/www.miomiorun.com\/de\/produkt\/core-essence-headband\/","title":{"rendered":"Core essence headband"},"content":{"rendered":"<p data-start=\"216\" data-end=\"627\">Das <strong data-start=\"247\" data-end=\"280\">Core Essence Headband<\/strong> ist ein <strong data-start=\"287\" data-end=\"330\">leichtes, elastisches Funktionsstirnband<\/strong> aus <strong data-start=\"346\" data-end=\"385\">recyceltem, geb\u00fcrstetem Thermojersey<\/strong>, das bei Outdoor-Aktivit\u00e4ten <strong data-start=\"398\" data-end=\"439\">optimale W\u00e4rme, Weichheit und Komfort<\/strong> bietet. Das Material sorgt f\u00fcr eine hervorragende Balance zwischen <strong data-start=\"520\" data-end=\"551\">Isolierung und Atmungsaktivit\u00e4t<\/strong> und h\u00e4lt den Kopf auch an den k\u00e4ltesten Tagen trocken und gesch\u00fctzt.<\/p>\n<p data-start=\"629\" data-end=\"913\">Das minimalistische und funktionale Design macht sie perfekt f\u00fcr <strong data-start=\"682\" data-end=\"728\">Laufen, Trekking oder Outdoor-Training<\/strong> bei m\u00e4\u00dfiger K\u00e4lte. Die elastische Struktur sorgt f\u00fcr eine stabile und bequeme Passform, w\u00e4hrend das recycelte Material dazu beitr\u00e4gt, die Umweltbelastung zu reduzieren.<\/p>\n<ul>\n<li data-start=\"1127\" data-end=\"1194\">\n<p data-start=\"1129\" data-end=\"1194\">Hergestellt aus geb\u00fcrstetem Thermojersey aus recyceltem Polyester<\/p>\n<\/li>\n<li data-start=\"1195\" data-end=\"1252\">\n<p data-start=\"1197\" data-end=\"1252\">Leicht, weich und elastisch f\u00fcr maximalen Komfort<\/p>\n<\/li>\n<li data-start=\"1253\" data-end=\"1299\">\n<p data-start=\"1255\" data-end=\"1299\">Hervorragende W\u00e4rmeisolierung und Atmungsaktivit\u00e4t<\/p>\n<\/li>\n<li data-start=\"1300\" data-end=\"1363\">\n<p data-start=\"1302\" data-end=\"1363\">Stabile Passform, ideal f\u00fcr Training und Outdoor-Sportarten<\/p>\n<\/li>\n<\/ul>\n<p>&nbsp;<\/p>\n<p>&nbsp;<\/p>\n<p dir=\"ltr\" data-placeholder=\"Traduzione\"><\/p>\n","protected":false},"excerpt":{"rendered":"<ul>\n<li data-start=\"1127\" data-end=\"1194\">\n<p data-start=\"1129\" data-end=\"1194\">Aus geb\u00fcrstetem Thermojersey aus recyceltem Polyester<\/p>\n<\/li>\n<li data-start=\"1195\" data-end=\"1252\">\n<p data-start=\"1197\" data-end=\"1252\">Leicht, weich und elastisch f\u00fcr maximalen Komfort<\/p>\n<\/li>\n<\/ul>\n","protected":false},"featured_media":368884,"template":"","meta":{"_acf_changed":false,"inline_featured_image":false},"product_brand":[],"product_cat":[6342,6374],"product_tag":[6304],"class_list":{"0":"post-368196","1":"product","2":"type-product","3":"status-publish","4":"has-post-thumbnail","6":"product_cat-zubehoer","7":"product_cat-haar-de","8":"product_tag-craft-de","9":"pa_attivita-gehen","10":"pa_attivita-running-de","11":"pa_colore-core-essence-headband-black-de","12":"pa_colore-core-essence-headband-blaze-de","13":"pa_marca-craft-de","14":"pa_sesso-damen","15":"pa_sesso-herren","16":"pa_size-s-m-de","17":"pa_size-l-xl-de","19":"first","20":"instock","21":"sale","22":"taxable","23":"shipping-taxable","24":"purchasable","25":"product-type-variable","26":"wvs-archive-product-wrapper"},"acf":[],"yoast_head":"<!-- This site is optimized with the Yoast SEO plugin v26.8 - https:\/\/yoast.com\/product\/yoast-seo-wordpress\/ -->\n<title>Craft Core essence headband - Laufband - MioMioRun.com<\/title>\n<meta name=\"description\" content=\"Leichte Thermobandage aus geb\u00fcrstetem Recycling-Jersey. Warm, atmungsaktiv und elastisch, ideal zum Laufen und f\u00fcr Outdoor-Aktivit\u00e4ten im Winter.\" \/>\n<meta name=\"robots\" content=\"index, follow, max-snippet:-1, max-image-preview:large, max-video-preview:-1\" \/>\n<link rel=\"canonical\" href=\"https:\/\/www.miomiorun.com\/de\/produkt\/core-essence-headband\/\" \/>\n<meta property=\"og:locale\" content=\"de_DE\" \/>\n<meta property=\"og:type\" content=\"article\" \/>\n<meta property=\"og:title\" content=\"Craft Core essence headband - Laufband - MioMioRun.com\" \/>\n<meta property=\"og:description\" content=\"Leichte Thermobandage aus geb\u00fcrstetem Recycling-Jersey. Warm, atmungsaktiv und elastisch, ideal zum Laufen und f\u00fcr Outdoor-Aktivit\u00e4ten im Winter.\" \/>\n<meta property=\"og:url\" content=\"https:\/\/www.miomiorun.com\/de\/produkt\/core-essence-headband\/\" \/>\n<meta property=\"og:site_name\" content=\"MioMioRun\" \/>\n<meta property=\"article:publisher\" content=\"https:\/\/www.facebook.com\/miomiorun\/\" \/>\n<meta property=\"article:modified_time\" content=\"2026-04-17T08:28:33+00:00\" \/>\n<meta property=\"og:image\" content=\"https:\/\/www.miomiorun.com\/app\/uploads\/2025\/11\/craft-Core-essence-headband-blaze-1916627-396000.webp\" \/>\n\t<meta property=\"og:image:width\" content=\"720\" \/>\n\t<meta property=\"og:image:height\" content=\"720\" \/>\n\t<meta property=\"og:image:type\" content=\"image\/webp\" \/>\n<meta name=\"twitter:card\" content=\"summary_large_image\" \/>\n<meta name=\"twitter:label1\" content=\"Est. reading time\" \/>\n\t<meta name=\"twitter:data1\" content=\"1 minute\" \/>\n<script type=\"application\/ld+json\" class=\"yoast-schema-graph\">{\"@context\":\"https:\/\/schema.org\",\"@graph\":[{\"@type\":\"WebPage\",\"@id\":\"https:\/\/www.miomiorun.com\/de\/produkt\/core-essence-headband\/\",\"url\":\"https:\/\/www.miomiorun.com\/de\/produkt\/core-essence-headband\/\",\"name\":\"Craft Core essence headband - Laufband - MioMioRun.com\",\"isPartOf\":{\"@id\":\"https:\/\/www.miomiorun.com\/de\/#website\"},\"primaryImageOfPage\":{\"@id\":\"https:\/\/www.miomiorun.com\/de\/produkt\/core-essence-headband\/#primaryimage\"},\"image\":{\"@id\":\"https:\/\/www.miomiorun.com\/de\/produkt\/core-essence-headband\/#primaryimage\"},\"thumbnailUrl\":\"https:\/\/www.miomiorun.com\/app\/uploads\/2025\/11\/craft-Core-essence-headband-blaze-1916627-396000.webp\",\"datePublished\":\"2025-11-08T14:34:25+00:00\",\"dateModified\":\"2026-04-17T08:28:33+00:00\",\"description\":\"Leichte Thermobandage aus geb\u00fcrstetem Recycling-Jersey. Warm, atmungsaktiv und elastisch, ideal zum Laufen und f\u00fcr Outdoor-Aktivit\u00e4ten im Winter.\",\"breadcrumb\":{\"@id\":\"https:\/\/www.miomiorun.com\/de\/produkt\/core-essence-headband\/#breadcrumb\"},\"inLanguage\":\"de-DE\",\"potentialAction\":[{\"@type\":\"ReadAction\",\"target\":[\"https:\/\/www.miomiorun.com\/de\/produkt\/core-essence-headband\/\"]}]},{\"@type\":\"ImageObject\",\"inLanguage\":\"de-DE\",\"@id\":\"https:\/\/www.miomiorun.com\/de\/produkt\/core-essence-headband\/#primaryimage\",\"url\":\"https:\/\/www.miomiorun.com\/app\/uploads\/2025\/11\/craft-Core-essence-headband-blaze-1916627-396000.webp\",\"contentUrl\":\"https:\/\/www.miomiorun.com\/app\/uploads\/2025\/11\/craft-Core-essence-headband-blaze-1916627-396000.webp\",\"width\":720,\"height\":720,\"caption\":\"craft Core essence headband blaze 1916627-396000\"},{\"@type\":\"BreadcrumbList\",\"@id\":\"https:\/\/www.miomiorun.com\/de\/produkt\/core-essence-headband\/#breadcrumb\",\"itemListElement\":[{\"@type\":\"ListItem\",\"position\":1,\"name\":\"Home\",\"item\":\"https:\/\/www.miomiorun.com\/de\/\"},{\"@type\":\"ListItem\",\"position\":2,\"name\":\"Shop\",\"item\":\"https:\/\/www.miomiorun.com\/shop\/\"},{\"@type\":\"ListItem\",\"position\":3,\"name\":\"Core essence headband\"}]},{\"@type\":\"WebSite\",\"@id\":\"https:\/\/www.miomiorun.com\/de\/#website\",\"url\":\"https:\/\/www.miomiorun.com\/de\/\",\"name\":\"MioMioRun\",\"description\":\"100% Lauf- und Trailshop\",\"publisher\":{\"@id\":\"https:\/\/www.miomiorun.com\/de\/#organization\"},\"potentialAction\":[{\"@type\":\"SearchAction\",\"target\":{\"@type\":\"EntryPoint\",\"urlTemplate\":\"https:\/\/www.miomiorun.com\/de\/?s={search_term_string}\"},\"query-input\":{\"@type\":\"PropertyValueSpecification\",\"valueRequired\":true,\"valueName\":\"search_term_string\"}}],\"inLanguage\":\"de-DE\"},{\"@type\":\"Organization\",\"@id\":\"https:\/\/www.miomiorun.com\/de\/#organization\",\"name\":\"MioMio Run\",\"url\":\"https:\/\/www.miomiorun.com\/de\/\",\"logo\":{\"@type\":\"ImageObject\",\"inLanguage\":\"de-DE\",\"@id\":\"https:\/\/www.miomiorun.com\/de\/#\/schema\/logo\/image\/\",\"url\":\"https:\/\/www.miomiorun.com\/app\/uploads\/2019\/12\/logomio.png\",\"contentUrl\":\"https:\/\/www.miomiorun.com\/app\/uploads\/2019\/12\/logomio.png\",\"width\":115,\"height\":82,\"caption\":\"MioMio Run\"},\"image\":{\"@id\":\"https:\/\/www.miomiorun.com\/de\/#\/schema\/logo\/image\/\"},\"sameAs\":[\"https:\/\/www.facebook.com\/miomiorun\/\",\"https:\/\/www.instagram.com\/miomiorun\/\"]}]}<\/script>\n<!-- \/ Yoast SEO plugin. -->","yoast_head_json":{"title":"Craft Core essence headband - Laufband - MioMioRun.com","description":"Leichte Thermobandage aus geb\u00fcrstetem Recycling-Jersey. Warm, atmungsaktiv und elastisch, ideal zum Laufen und f\u00fcr Outdoor-Aktivit\u00e4ten im Winter.","robots":{"index":"index","follow":"follow","max-snippet":"max-snippet:-1","max-image-preview":"max-image-preview:large","max-video-preview":"max-video-preview:-1"},"canonical":"https:\/\/www.miomiorun.com\/de\/produkt\/core-essence-headband\/","og_locale":"de_DE","og_type":"article","og_title":"Craft Core essence headband - Laufband - MioMioRun.com","og_description":"Leichte Thermobandage aus geb\u00fcrstetem Recycling-Jersey. Warm, atmungsaktiv und elastisch, ideal zum Laufen und f\u00fcr Outdoor-Aktivit\u00e4ten im Winter.","og_url":"https:\/\/www.miomiorun.com\/de\/produkt\/core-essence-headband\/","og_site_name":"MioMioRun","article_publisher":"https:\/\/www.facebook.com\/miomiorun\/","article_modified_time":"2026-04-17T08:28:33+00:00","og_image":[{"width":720,"height":720,"url":"https:\/\/www.miomiorun.com\/app\/uploads\/2025\/11\/craft-Core-essence-headband-blaze-1916627-396000.webp","type":"image\/webp"}],"twitter_card":"summary_large_image","twitter_misc":{"Est. reading time":"1 minute"},"schema":{"@context":"https:\/\/schema.org","@graph":[{"@type":"WebPage","@id":"https:\/\/www.miomiorun.com\/de\/produkt\/core-essence-headband\/","url":"https:\/\/www.miomiorun.com\/de\/produkt\/core-essence-headband\/","name":"Craft Core essence headband - Laufband - MioMioRun.com","isPartOf":{"@id":"https:\/\/www.miomiorun.com\/de\/#website"},"primaryImageOfPage":{"@id":"https:\/\/www.miomiorun.com\/de\/produkt\/core-essence-headband\/#primaryimage"},"image":{"@id":"https:\/\/www.miomiorun.com\/de\/produkt\/core-essence-headband\/#primaryimage"},"thumbnailUrl":"https:\/\/www.miomiorun.com\/app\/uploads\/2025\/11\/craft-Core-essence-headband-blaze-1916627-396000.webp","datePublished":"2025-11-08T14:34:25+00:00","dateModified":"2026-04-17T08:28:33+00:00","description":"Leichte Thermobandage aus geb\u00fcrstetem Recycling-Jersey. Warm, atmungsaktiv und elastisch, ideal zum Laufen und f\u00fcr Outdoor-Aktivit\u00e4ten im Winter.","breadcrumb":{"@id":"https:\/\/www.miomiorun.com\/de\/produkt\/core-essence-headband\/#breadcrumb"},"inLanguage":"de-DE","potentialAction":[{"@type":"ReadAction","target":["https:\/\/www.miomiorun.com\/de\/produkt\/core-essence-headband\/"]}]},{"@type":"ImageObject","inLanguage":"de-DE","@id":"https:\/\/www.miomiorun.com\/de\/produkt\/core-essence-headband\/#primaryimage","url":"https:\/\/www.miomiorun.com\/app\/uploads\/2025\/11\/craft-Core-essence-headband-blaze-1916627-396000.webp","contentUrl":"https:\/\/www.miomiorun.com\/app\/uploads\/2025\/11\/craft-Core-essence-headband-blaze-1916627-396000.webp","width":720,"height":720,"caption":"craft Core essence headband blaze 1916627-396000"},{"@type":"BreadcrumbList","@id":"https:\/\/www.miomiorun.com\/de\/produkt\/core-essence-headband\/#breadcrumb","itemListElement":[{"@type":"ListItem","position":1,"name":"Home","item":"https:\/\/www.miomiorun.com\/de\/"},{"@type":"ListItem","position":2,"name":"Shop","item":"https:\/\/www.miomiorun.com\/shop\/"},{"@type":"ListItem","position":3,"name":"Core essence headband"}]},{"@type":"WebSite","@id":"https:\/\/www.miomiorun.com\/de\/#website","url":"https:\/\/www.miomiorun.com\/de\/","name":"MioMioRun","description":"100% Lauf- und Trailshop","publisher":{"@id":"https:\/\/www.miomiorun.com\/de\/#organization"},"potentialAction":[{"@type":"SearchAction","target":{"@type":"EntryPoint","urlTemplate":"https:\/\/www.miomiorun.com\/de\/?s={search_term_string}"},"query-input":{"@type":"PropertyValueSpecification","valueRequired":true,"valueName":"search_term_string"}}],"inLanguage":"de-DE"},{"@type":"Organization","@id":"https:\/\/www.miomiorun.com\/de\/#organization","name":"MioMio Run","url":"https:\/\/www.miomiorun.com\/de\/","logo":{"@type":"ImageObject","inLanguage":"de-DE","@id":"https:\/\/www.miomiorun.com\/de\/#\/schema\/logo\/image\/","url":"https:\/\/www.miomiorun.com\/app\/uploads\/2019\/12\/logomio.png","contentUrl":"https:\/\/www.miomiorun.com\/app\/uploads\/2019\/12\/logomio.png","width":115,"height":82,"caption":"MioMio Run"},"image":{"@id":"https:\/\/www.miomiorun.com\/de\/#\/schema\/logo\/image\/"},"sameAs":["https:\/\/www.facebook.com\/miomiorun\/","https:\/\/www.instagram.com\/miomiorun\/"]}]}},"_links":{"self":[{"href":"https:\/\/www.miomiorun.com\/de\/wp-json\/wp\/v2\/product\/368196","targetHints":{"allow":["GET"]}}],"collection":[{"href":"https:\/\/www.miomiorun.com\/de\/wp-json\/wp\/v2\/product"}],"about":[{"href":"https:\/\/www.miomiorun.com\/de\/wp-json\/wp\/v2\/types\/product"}],"wp:featuredmedia":[{"embeddable":true,"href":"https:\/\/www.miomiorun.com\/de\/wp-json\/wp\/v2\/media\/368884"}],"wp:attachment":[{"href":"https:\/\/www.miomiorun.com\/de\/wp-json\/wp\/v2\/media?parent=368196"}],"wp:term":[{"taxonomy":"product_brand","embeddable":true,"href":"https:\/\/www.miomiorun.com\/de\/wp-json\/wp\/v2\/product_brand?post=368196"},{"taxonomy":"product_cat","embeddable":true,"href":"https:\/\/www.miomiorun.com\/de\/wp-json\/wp\/v2\/product_cat?post=368196"},{"taxonomy":"product_tag","embeddable":true,"href":"https:\/\/www.miomiorun.com\/de\/wp-json\/wp\/v2\/product_tag?post=368196"}],"curies":[{"name":"wp","href":"https:\/\/api.w.org\/{rel}","templated":true}]}}