{"id":368162,"date":"2025-11-08T12:25:01","date_gmt":"2025-11-08T11:25:01","guid":{"rendered":"https:\/\/www.miomiorun.com\/?post_type=product&#038;p=368162"},"modified":"2026-04-17T10:28:46","modified_gmt":"2026-04-17T08:28:46","slug":"core-essence-hat","status":"publish","type":"product","link":"https:\/\/www.miomiorun.com\/de\/produkt\/core-essence-hat\/","title":{"rendered":"CORE Essence Hat"},"content":{"rendered":"<p data-start=\"228\" data-end=\"653\">Die <strong data-start=\"259\" data-end=\"289\">Core Essence Thermal Hat 2<\/strong> ist eine <strong data-start=\"295\" data-end=\"340\">leichte, elastische Funktionsm\u00fctze<\/strong>, die f\u00fcr <strong data-start=\"365\" data-end=\"394\">optimale W\u00e4rme und Komfort<\/strong> beim Training bei kalten Bedingungen entwickelt wurde. Er besteht aus <strong data-start=\"455\" data-end=\"486\">geb\u00fcrstetem Recycling-Jersey<\/strong> und vereint Weichheit, Atmungsaktivit\u00e4t und hervorragende Feuchtigkeitsregulierung, sodass der Kopf auch bei intensiver k\u00f6rperlicher Aktivit\u00e4t <strong data-start=\"587\" data-end=\"610\">trocken und gesch\u00fctzt<\/strong> bleibt.<\/p>\n<p data-start=\"655\" data-end=\"934\">Die neue Version verf\u00fcgt \u00fcber ein <strong data-start=\"685\" data-end=\"707\">faltbares Design<\/strong>, mit dem Sie <strong data-start=\"725\" data-end=\"772\">die Abdeckung und den Stil<\/strong> ganz einfach an die Temperatur und Ihre pers\u00f6nlichen Vorlieben anpassen k\u00f6nnen. Das reflektierende Logo auf der Vorderseite sorgt f\u00fcr <strong data-start=\"870\" data-end=\"893\">bessere Sichtbarkeit<\/strong> bei schlechten Lichtverh\u00e4ltnissen.<\/p>\n<p data-start=\"936\" data-end=\"1109\">Perfekt f\u00fcr <strong data-start=\"952\" data-end=\"1000\">Laufen, Trekking oder Outdoor-Training<\/strong> in der k\u00e4lteren Jahreszeit, ist es ein technisches und nachhaltiges Accessoire, das Sie bei jeder Herausforderung begleitet.<\/p>\n<ul>\n<li data-start=\"1325\" data-end=\"1395\">\n<p data-start=\"1327\" data-end=\"1395\">Weiches, elastisches und geb\u00fcrstetes Jersey aus recyceltem Polyester<\/p>\n<\/li>\n<li data-start=\"1396\" data-end=\"1450\">\n<p data-start=\"1398\" data-end=\"1450\">Hervorragendes Feuchtigkeitsmanagement und thermischer Komfort<\/p>\n<\/li>\n<li data-start=\"1451\" data-end=\"1513\">\n<p data-start=\"1453\" data-end=\"1513\">Faltbares Design f\u00fcr schnelle und individuelle Anpassungen<\/p>\n<\/li>\n<li data-start=\"1514\" data-end=\"1567\">\n<p data-start=\"1516\" data-end=\"1567\">Reflektierendes Logo auf der Vorderseite f\u00fcr bessere Sichtbarkeit<\/p>\n<\/li>\n<li data-start=\"1568\" data-end=\"1632\">\n<p data-start=\"1570\" data-end=\"1632\">Perfekt f\u00fcr Laufen und Outdoor-Aktivit\u00e4ten bei kalten Bedingungen<\/p>\n<\/li>\n<\/ul>\n<p>&nbsp;<\/p>\n<p dir=\"ltr\" data-placeholder=\"Traduzione\"><\/p>\n","protected":false},"excerpt":{"rendered":"<ul>\n<li data-start=\"1514\" data-end=\"1567\">\n<p data-start=\"1516\" data-end=\"1567\">Reflektierendes Logo auf der Vorderseite f\u00fcr bessere Sichtbarkeit<\/p>\n<\/li>\n<li data-start=\"1568\" data-end=\"1632\">\n<p data-start=\"1570\" data-end=\"1632\">Perfekt f\u00fcr Laufen und Outdoor-Aktivit\u00e4ten bei kalten Wetterbedingungen<\/p>\n<\/li>\n<\/ul>\n","protected":false},"featured_media":368793,"template":"","meta":{"_acf_changed":false,"inline_featured_image":false},"product_brand":[],"product_cat":[6342,6374],"product_tag":[6304],"class_list":{"0":"post-368162","1":"product","2":"type-product","3":"status-publish","4":"has-post-thumbnail","6":"product_cat-zubehoer","7":"product_cat-haar-de","8":"product_tag-craft-de","9":"pa_attivita-gehen","10":"pa_attivita-running-de","11":"pa_colore-core-essence-hat-black-de","12":"pa_colore-core-essence-hat-blaze-de","13":"pa_colore-core-essence-hat-flumino-de","14":"pa_colore-core-essence-hat-ink-blue-de","15":"pa_marca-craft-de","16":"pa_sesso-damen","17":"pa_sesso-herren","18":"pa_size-s-m-de","19":"pa_size-l-xl-de","21":"first","22":"instock","23":"sale","24":"taxable","25":"shipping-taxable","26":"purchasable","27":"product-type-variable","28":"wvs-archive-product-wrapper"},"acf":[],"yoast_head":"<!-- This site is optimized with the Yoast SEO plugin v26.8 - https:\/\/yoast.com\/product\/yoast-seo-wordpress\/ -->\n<title>Craft CORE Essence Hat - Laufm\u00fctze - MioMioRun.com<\/title>\n<meta name=\"description\" content=\"Funktionsm\u00fctze aus geb\u00fcrstetem Recycling-Jersey. Warm, atmungsaktiv und verstellbar, bietet sie Komfort und Sichtbarkeit beim Training im Winter.\" \/>\n<meta name=\"robots\" content=\"index, follow, max-snippet:-1, max-image-preview:large, max-video-preview:-1\" \/>\n<link rel=\"canonical\" href=\"https:\/\/www.miomiorun.com\/de\/produkt\/core-essence-hat\/\" \/>\n<meta property=\"og:locale\" content=\"de_DE\" \/>\n<meta property=\"og:type\" content=\"article\" \/>\n<meta property=\"og:title\" content=\"Craft CORE Essence Hat - Laufm\u00fctze - MioMioRun.com\" \/>\n<meta property=\"og:description\" content=\"Funktionsm\u00fctze aus geb\u00fcrstetem Recycling-Jersey. Warm, atmungsaktiv und verstellbar, bietet sie Komfort und Sichtbarkeit beim Training im Winter.\" \/>\n<meta property=\"og:url\" content=\"https:\/\/www.miomiorun.com\/de\/produkt\/core-essence-hat\/\" \/>\n<meta property=\"og:site_name\" content=\"MioMioRun\" \/>\n<meta property=\"article:publisher\" content=\"https:\/\/www.facebook.com\/miomiorun\/\" \/>\n<meta property=\"article:modified_time\" content=\"2026-04-17T08:28:46+00:00\" \/>\n<meta property=\"og:image\" content=\"https:\/\/www.miomiorun.com\/app\/uploads\/2025\/11\/craft-Core-essence-hat-flumino-1916626-851000.webp\" \/>\n\t<meta property=\"og:image:width\" content=\"720\" \/>\n\t<meta property=\"og:image:height\" content=\"720\" \/>\n\t<meta property=\"og:image:type\" content=\"image\/webp\" \/>\n<meta name=\"twitter:card\" content=\"summary_large_image\" \/>\n<meta name=\"twitter:label1\" content=\"Est. reading time\" \/>\n\t<meta name=\"twitter:data1\" content=\"1 minute\" \/>\n<script type=\"application\/ld+json\" class=\"yoast-schema-graph\">{\"@context\":\"https:\/\/schema.org\",\"@graph\":[{\"@type\":\"WebPage\",\"@id\":\"https:\/\/www.miomiorun.com\/de\/produkt\/core-essence-hat\/\",\"url\":\"https:\/\/www.miomiorun.com\/de\/produkt\/core-essence-hat\/\",\"name\":\"Craft CORE Essence Hat - Laufm\u00fctze - MioMioRun.com\",\"isPartOf\":{\"@id\":\"https:\/\/www.miomiorun.com\/de\/#website\"},\"primaryImageOfPage\":{\"@id\":\"https:\/\/www.miomiorun.com\/de\/produkt\/core-essence-hat\/#primaryimage\"},\"image\":{\"@id\":\"https:\/\/www.miomiorun.com\/de\/produkt\/core-essence-hat\/#primaryimage\"},\"thumbnailUrl\":\"https:\/\/www.miomiorun.com\/app\/uploads\/2025\/11\/craft-Core-essence-hat-flumino-1916626-851000.webp\",\"datePublished\":\"2025-11-08T11:25:01+00:00\",\"dateModified\":\"2026-04-17T08:28:46+00:00\",\"description\":\"Funktionsm\u00fctze aus geb\u00fcrstetem Recycling-Jersey. Warm, atmungsaktiv und verstellbar, bietet sie Komfort und Sichtbarkeit beim Training im Winter.\",\"breadcrumb\":{\"@id\":\"https:\/\/www.miomiorun.com\/de\/produkt\/core-essence-hat\/#breadcrumb\"},\"inLanguage\":\"de-DE\",\"potentialAction\":[{\"@type\":\"ReadAction\",\"target\":[\"https:\/\/www.miomiorun.com\/de\/produkt\/core-essence-hat\/\"]}]},{\"@type\":\"ImageObject\",\"inLanguage\":\"de-DE\",\"@id\":\"https:\/\/www.miomiorun.com\/de\/produkt\/core-essence-hat\/#primaryimage\",\"url\":\"https:\/\/www.miomiorun.com\/app\/uploads\/2025\/11\/craft-Core-essence-hat-flumino-1916626-851000.webp\",\"contentUrl\":\"https:\/\/www.miomiorun.com\/app\/uploads\/2025\/11\/craft-Core-essence-hat-flumino-1916626-851000.webp\",\"width\":720,\"height\":720,\"caption\":\"craft Core essence hat flumino 1916626-851000\"},{\"@type\":\"BreadcrumbList\",\"@id\":\"https:\/\/www.miomiorun.com\/de\/produkt\/core-essence-hat\/#breadcrumb\",\"itemListElement\":[{\"@type\":\"ListItem\",\"position\":1,\"name\":\"Home\",\"item\":\"https:\/\/www.miomiorun.com\/de\/\"},{\"@type\":\"ListItem\",\"position\":2,\"name\":\"Shop\",\"item\":\"https:\/\/www.miomiorun.com\/shop\/\"},{\"@type\":\"ListItem\",\"position\":3,\"name\":\"CORE Essence Hat\"}]},{\"@type\":\"WebSite\",\"@id\":\"https:\/\/www.miomiorun.com\/de\/#website\",\"url\":\"https:\/\/www.miomiorun.com\/de\/\",\"name\":\"MioMioRun\",\"description\":\"100% Lauf- und Trailshop\",\"publisher\":{\"@id\":\"https:\/\/www.miomiorun.com\/de\/#organization\"},\"potentialAction\":[{\"@type\":\"SearchAction\",\"target\":{\"@type\":\"EntryPoint\",\"urlTemplate\":\"https:\/\/www.miomiorun.com\/de\/?s={search_term_string}\"},\"query-input\":{\"@type\":\"PropertyValueSpecification\",\"valueRequired\":true,\"valueName\":\"search_term_string\"}}],\"inLanguage\":\"de-DE\"},{\"@type\":\"Organization\",\"@id\":\"https:\/\/www.miomiorun.com\/de\/#organization\",\"name\":\"MioMio Run\",\"url\":\"https:\/\/www.miomiorun.com\/de\/\",\"logo\":{\"@type\":\"ImageObject\",\"inLanguage\":\"de-DE\",\"@id\":\"https:\/\/www.miomiorun.com\/de\/#\/schema\/logo\/image\/\",\"url\":\"https:\/\/www.miomiorun.com\/app\/uploads\/2019\/12\/logomio.png\",\"contentUrl\":\"https:\/\/www.miomiorun.com\/app\/uploads\/2019\/12\/logomio.png\",\"width\":115,\"height\":82,\"caption\":\"MioMio Run\"},\"image\":{\"@id\":\"https:\/\/www.miomiorun.com\/de\/#\/schema\/logo\/image\/\"},\"sameAs\":[\"https:\/\/www.facebook.com\/miomiorun\/\",\"https:\/\/www.instagram.com\/miomiorun\/\"]}]}<\/script>\n<!-- \/ Yoast SEO plugin. -->","yoast_head_json":{"title":"Craft CORE Essence Hat - Laufm\u00fctze - MioMioRun.com","description":"Funktionsm\u00fctze aus geb\u00fcrstetem Recycling-Jersey. Warm, atmungsaktiv und verstellbar, bietet sie Komfort und Sichtbarkeit beim Training im Winter.","robots":{"index":"index","follow":"follow","max-snippet":"max-snippet:-1","max-image-preview":"max-image-preview:large","max-video-preview":"max-video-preview:-1"},"canonical":"https:\/\/www.miomiorun.com\/de\/produkt\/core-essence-hat\/","og_locale":"de_DE","og_type":"article","og_title":"Craft CORE Essence Hat - Laufm\u00fctze - MioMioRun.com","og_description":"Funktionsm\u00fctze aus geb\u00fcrstetem Recycling-Jersey. Warm, atmungsaktiv und verstellbar, bietet sie Komfort und Sichtbarkeit beim Training im Winter.","og_url":"https:\/\/www.miomiorun.com\/de\/produkt\/core-essence-hat\/","og_site_name":"MioMioRun","article_publisher":"https:\/\/www.facebook.com\/miomiorun\/","article_modified_time":"2026-04-17T08:28:46+00:00","og_image":[{"width":720,"height":720,"url":"https:\/\/www.miomiorun.com\/app\/uploads\/2025\/11\/craft-Core-essence-hat-flumino-1916626-851000.webp","type":"image\/webp"}],"twitter_card":"summary_large_image","twitter_misc":{"Est. reading time":"1 minute"},"schema":{"@context":"https:\/\/schema.org","@graph":[{"@type":"WebPage","@id":"https:\/\/www.miomiorun.com\/de\/produkt\/core-essence-hat\/","url":"https:\/\/www.miomiorun.com\/de\/produkt\/core-essence-hat\/","name":"Craft CORE Essence Hat - Laufm\u00fctze - MioMioRun.com","isPartOf":{"@id":"https:\/\/www.miomiorun.com\/de\/#website"},"primaryImageOfPage":{"@id":"https:\/\/www.miomiorun.com\/de\/produkt\/core-essence-hat\/#primaryimage"},"image":{"@id":"https:\/\/www.miomiorun.com\/de\/produkt\/core-essence-hat\/#primaryimage"},"thumbnailUrl":"https:\/\/www.miomiorun.com\/app\/uploads\/2025\/11\/craft-Core-essence-hat-flumino-1916626-851000.webp","datePublished":"2025-11-08T11:25:01+00:00","dateModified":"2026-04-17T08:28:46+00:00","description":"Funktionsm\u00fctze aus geb\u00fcrstetem Recycling-Jersey. Warm, atmungsaktiv und verstellbar, bietet sie Komfort und Sichtbarkeit beim Training im Winter.","breadcrumb":{"@id":"https:\/\/www.miomiorun.com\/de\/produkt\/core-essence-hat\/#breadcrumb"},"inLanguage":"de-DE","potentialAction":[{"@type":"ReadAction","target":["https:\/\/www.miomiorun.com\/de\/produkt\/core-essence-hat\/"]}]},{"@type":"ImageObject","inLanguage":"de-DE","@id":"https:\/\/www.miomiorun.com\/de\/produkt\/core-essence-hat\/#primaryimage","url":"https:\/\/www.miomiorun.com\/app\/uploads\/2025\/11\/craft-Core-essence-hat-flumino-1916626-851000.webp","contentUrl":"https:\/\/www.miomiorun.com\/app\/uploads\/2025\/11\/craft-Core-essence-hat-flumino-1916626-851000.webp","width":720,"height":720,"caption":"craft Core essence hat flumino 1916626-851000"},{"@type":"BreadcrumbList","@id":"https:\/\/www.miomiorun.com\/de\/produkt\/core-essence-hat\/#breadcrumb","itemListElement":[{"@type":"ListItem","position":1,"name":"Home","item":"https:\/\/www.miomiorun.com\/de\/"},{"@type":"ListItem","position":2,"name":"Shop","item":"https:\/\/www.miomiorun.com\/shop\/"},{"@type":"ListItem","position":3,"name":"CORE Essence Hat"}]},{"@type":"WebSite","@id":"https:\/\/www.miomiorun.com\/de\/#website","url":"https:\/\/www.miomiorun.com\/de\/","name":"MioMioRun","description":"100% Lauf- und Trailshop","publisher":{"@id":"https:\/\/www.miomiorun.com\/de\/#organization"},"potentialAction":[{"@type":"SearchAction","target":{"@type":"EntryPoint","urlTemplate":"https:\/\/www.miomiorun.com\/de\/?s={search_term_string}"},"query-input":{"@type":"PropertyValueSpecification","valueRequired":true,"valueName":"search_term_string"}}],"inLanguage":"de-DE"},{"@type":"Organization","@id":"https:\/\/www.miomiorun.com\/de\/#organization","name":"MioMio Run","url":"https:\/\/www.miomiorun.com\/de\/","logo":{"@type":"ImageObject","inLanguage":"de-DE","@id":"https:\/\/www.miomiorun.com\/de\/#\/schema\/logo\/image\/","url":"https:\/\/www.miomiorun.com\/app\/uploads\/2019\/12\/logomio.png","contentUrl":"https:\/\/www.miomiorun.com\/app\/uploads\/2019\/12\/logomio.png","width":115,"height":82,"caption":"MioMio Run"},"image":{"@id":"https:\/\/www.miomiorun.com\/de\/#\/schema\/logo\/image\/"},"sameAs":["https:\/\/www.facebook.com\/miomiorun\/","https:\/\/www.instagram.com\/miomiorun\/"]}]}},"_links":{"self":[{"href":"https:\/\/www.miomiorun.com\/de\/wp-json\/wp\/v2\/product\/368162","targetHints":{"allow":["GET"]}}],"collection":[{"href":"https:\/\/www.miomiorun.com\/de\/wp-json\/wp\/v2\/product"}],"about":[{"href":"https:\/\/www.miomiorun.com\/de\/wp-json\/wp\/v2\/types\/product"}],"wp:featuredmedia":[{"embeddable":true,"href":"https:\/\/www.miomiorun.com\/de\/wp-json\/wp\/v2\/media\/368793"}],"wp:attachment":[{"href":"https:\/\/www.miomiorun.com\/de\/wp-json\/wp\/v2\/media?parent=368162"}],"wp:term":[{"taxonomy":"product_brand","embeddable":true,"href":"https:\/\/www.miomiorun.com\/de\/wp-json\/wp\/v2\/product_brand?post=368162"},{"taxonomy":"product_cat","embeddable":true,"href":"https:\/\/www.miomiorun.com\/de\/wp-json\/wp\/v2\/product_cat?post=368162"},{"taxonomy":"product_tag","embeddable":true,"href":"https:\/\/www.miomiorun.com\/de\/wp-json\/wp\/v2\/product_tag?post=368162"}],"curies":[{"name":"wp","href":"https:\/\/api.w.org\/{rel}","templated":true}]}}