{"id":368053,"date":"2025-11-08T10:42:12","date_gmt":"2025-11-08T09:42:12","guid":{"rendered":"https:\/\/www.miomiorun.com\/?post_type=product&#038;p=368053"},"modified":"2026-04-17T10:28:56","modified_gmt":"2026-04-17T08:28:56","slug":"adv-essence-warm-tights-3-herren","status":"publish","type":"product","link":"https:\/\/www.miomiorun.com\/de\/produkt\/adv-essence-warm-tights-3-herren\/","title":{"rendered":"ADV Essence Warm Tights 3 herren"},"content":{"rendered":"<p data-start=\"201\" data-end=\"592\">Die <strong data-start=\"232\" data-end=\"261\">Adv Essence Warm Tights 3<\/strong> sind <strong data-start=\"267\" data-end=\"313\">hochfunktionelle Trainingsleggings<\/strong>, die auch bei intensivem Training an kalten Tagen f\u00fcr W\u00e4rme und Komfort sorgen. Sie bestehen aus <strong data-start=\"436\" data-end=\"476\">weichem Stretch-Jersey<\/strong> aus <strong data-start=\"480\" data-end=\"515\">recyceltem Polyester und Elasthan<\/strong> und bieten eine ergonomische Passform und hervorragende Bewegungsfreiheit.<\/p>\n<p data-start=\"594\" data-end=\"966\">Die <strong data-start=\"604\" data-end=\"630\">leicht geb\u00fcrstete Innenseite<\/strong> sorgt f\u00fcr zus\u00e4tzliche W\u00e4rme und ein angenehmes Tragegef\u00fchl auf der Haut, w\u00e4hrend der <strong data-start=\"720\" data-end=\"773\">verstellbare elastische Bund mit innenliegendem Kordelzug<\/strong> f\u00fcr einen stabilen und individuellen Sitz sorgt. Das aktualisierte Design bietet <strong data-start=\"850\" data-end=\"898\">mehr Elastizit\u00e4t und Formbest\u00e4ndigkeit<\/strong> und eine <strong data-start=\"908\" data-end=\"926\">matte Oberfl\u00e4che<\/strong>, die f\u00fcr einen technischen und raffinierten Look sorgt.<\/p>\n<p data-start=\"968\" data-end=\"1282\">Die <strong data-start=\"971\" data-end=\"1002\">Taschen an beiden Beinen<\/strong> bieten praktischen Stauraum f\u00fcr wichtige Utensilien, w\u00e4hrend <strong data-start=\"1063\" data-end=\"1087\">reflektierende Details<\/strong> die Sichtbarkeit bei schlechten Lichtverh\u00e4ltnissen verbessern. Bei besonders kalten Temperaturen k\u00f6nnen sie unter einer winddichten Hose getragen werden, um zus\u00e4tzliche W\u00e4rmeisolierung zu bieten.<\/p>\n<p data-start=\"1284\" data-end=\"1395\">Ein technisches, warmes und vielseitiges Kleidungsst\u00fcck, perfekt zum Laufen, f\u00fcr das Training im Freien oder f\u00fcr Winterwanderungen. <\/p>\n<ul>\n<li data-start=\"1623\" data-end=\"1701\">\n<p data-start=\"1625\" data-end=\"1701\">Weiches, elastisches Jersey-Gewebe aus recyceltem Polyester und Elasthan<\/p>\n<\/li>\n<li data-start=\"1702\" data-end=\"1767\">\n<p data-start=\"1704\" data-end=\"1767\">Leicht geb\u00fcrstete Innenseite f\u00fcr mehr W\u00e4rme und Komfort<\/p>\n<\/li>\n<li data-start=\"1768\" data-end=\"1813\">\n<p data-start=\"1770\" data-end=\"1813\">Mittlere Leibh\u00f6he mit verstellbarem Innenkordelzug<\/p>\n<\/li>\n<li data-start=\"1814\" data-end=\"1868\">\n<p data-start=\"1816\" data-end=\"1868\">Taschen an beiden Beinen f\u00fcr wichtige Utensilien<\/p>\n<\/li>\n<li data-start=\"1869\" data-end=\"1916\">\n<p data-start=\"1871\" data-end=\"1916\">Verbesserte Elastizit\u00e4t und Formstabilit\u00e4t<\/p>\n<\/li>\n<li data-start=\"1917\" data-end=\"1967\">\n<p data-start=\"1919\" data-end=\"1967\">Matte Oberfl\u00e4che f\u00fcr einen technischen und raffinierten Look<\/p>\n<\/li>\n<li data-start=\"1968\" data-end=\"2036\">\n<p data-start=\"1970\" data-end=\"2036\">Reflektierende Details f\u00fcr gute Sichtbarkeit bei schlechten Lichtverh\u00e4ltnissen<\/p>\n<\/li>\n<\/ul><\/p>\n","protected":false},"excerpt":{"rendered":"<ul>\n<li data-start=\"1702\" data-end=\"1767\">\n<p data-start=\"1704\" data-end=\"1767\">Leicht geb\u00fcrstetes Innenfutter f\u00fcr mehr W\u00e4rme und Komfort<\/p>\n<\/li>\n<li data-start=\"1768\" data-end=\"1813\">\n<p data-start=\"1770\" data-end=\"1813\">Mittlere Taillenh\u00f6he mit verstellbarem Innenkordelzug<\/p>\n<\/li>\n<li data-start=\"1814\" data-end=\"1868\">\n<p data-start=\"1816\" data-end=\"1868\">Taschen an beiden Beinen f\u00fcr wichtige Utensilien<\/p>\n<\/li>\n<\/ul>\n","protected":false},"featured_media":368703,"template":"","meta":{"_acf_changed":false,"inline_featured_image":false},"product_brand":[],"product_cat":[6540,6509],"product_tag":[6304,6234],"class_list":{"0":"post-368053","1":"product","2":"type-product","3":"status-publish","4":"has-post-thumbnail","6":"product_cat-herrenbekleidung","7":"product_cat-lange-hosen","8":"product_tag-craft-de","9":"product_tag-craft-herren-de","10":"pa_attivita-gehen","11":"pa_attivita-running-de","12":"pa_colore-adv-essence-warm-tights-3-m-black-de","13":"pa_marca-craft-de","14":"pa_sesso-herren","15":"pa_size-small-de","16":"pa_size-medium-de","17":"pa_size-extra-large-de","19":"first","20":"instock","21":"sale","22":"taxable","23":"shipping-taxable","24":"purchasable","25":"product-type-variable","26":"wvs-archive-product-wrapper"},"acf":[],"yoast_head":"<!-- This site is optimized with the Yoast SEO plugin v26.8 - https:\/\/yoast.com\/product\/yoast-seo-wordpress\/ -->\n<title>Craft ADV Essence Warm Tights 3 herren - Leggings f\u00fcr Herren - MioMioRun<\/title>\n<meta name=\"description\" content=\"Thermische und funktionelle Strumpfhosen aus recyceltem Material. Warm, elastisch und atmungsaktiv bieten sie Komfort und Bewegungsfreiheit beim Training im Winter.\" \/>\n<meta name=\"robots\" content=\"index, follow, max-snippet:-1, max-image-preview:large, max-video-preview:-1\" \/>\n<link rel=\"canonical\" href=\"https:\/\/www.miomiorun.com\/de\/produkt\/adv-essence-warm-tights-3-herren\/\" \/>\n<meta property=\"og:locale\" content=\"de_DE\" \/>\n<meta property=\"og:type\" content=\"article\" \/>\n<meta property=\"og:title\" content=\"Craft ADV Essence Warm Tights 3 herren - Leggings f\u00fcr Herren - MioMioRun\" \/>\n<meta property=\"og:description\" content=\"Thermische und funktionelle Strumpfhosen aus recyceltem Material. Warm, elastisch und atmungsaktiv bieten sie Komfort und Bewegungsfreiheit beim Training im Winter.\" \/>\n<meta property=\"og:url\" content=\"https:\/\/www.miomiorun.com\/de\/produkt\/adv-essence-warm-tights-3-herren\/\" \/>\n<meta property=\"og:site_name\" content=\"MioMioRun\" \/>\n<meta property=\"article:publisher\" content=\"https:\/\/www.facebook.com\/miomiorun\/\" \/>\n<meta property=\"article:modified_time\" content=\"2026-04-17T08:28:56+00:00\" \/>\n<meta property=\"og:image\" content=\"https:\/\/www.miomiorun.com\/app\/uploads\/2025\/11\/craft-ADV-Essence-Warm-Tights-3-M-black-1916656-999000.webp\" \/>\n\t<meta property=\"og:image:width\" content=\"720\" \/>\n\t<meta property=\"og:image:height\" content=\"720\" \/>\n\t<meta property=\"og:image:type\" content=\"image\/webp\" \/>\n<meta name=\"twitter:card\" content=\"summary_large_image\" \/>\n<meta name=\"twitter:label1\" content=\"Est. reading time\" \/>\n\t<meta name=\"twitter:data1\" content=\"1 minute\" \/>\n<script type=\"application\/ld+json\" class=\"yoast-schema-graph\">{\"@context\":\"https:\/\/schema.org\",\"@graph\":[{\"@type\":\"WebPage\",\"@id\":\"https:\/\/www.miomiorun.com\/de\/produkt\/adv-essence-warm-tights-3-herren\/\",\"url\":\"https:\/\/www.miomiorun.com\/de\/produkt\/adv-essence-warm-tights-3-herren\/\",\"name\":\"Craft ADV Essence Warm Tights 3 herren - Leggings f\u00fcr Herren - MioMioRun\",\"isPartOf\":{\"@id\":\"https:\/\/www.miomiorun.com\/de\/#website\"},\"primaryImageOfPage\":{\"@id\":\"https:\/\/www.miomiorun.com\/de\/produkt\/adv-essence-warm-tights-3-herren\/#primaryimage\"},\"image\":{\"@id\":\"https:\/\/www.miomiorun.com\/de\/produkt\/adv-essence-warm-tights-3-herren\/#primaryimage\"},\"thumbnailUrl\":\"https:\/\/www.miomiorun.com\/app\/uploads\/2025\/11\/craft-ADV-Essence-Warm-Tights-3-M-black-1916656-999000.webp\",\"datePublished\":\"2025-11-08T09:42:12+00:00\",\"dateModified\":\"2026-04-17T08:28:56+00:00\",\"description\":\"Thermische und funktionelle Strumpfhosen aus recyceltem Material. Warm, elastisch und atmungsaktiv bieten sie Komfort und Bewegungsfreiheit beim Training im Winter.\",\"breadcrumb\":{\"@id\":\"https:\/\/www.miomiorun.com\/de\/produkt\/adv-essence-warm-tights-3-herren\/#breadcrumb\"},\"inLanguage\":\"de-DE\",\"potentialAction\":[{\"@type\":\"ReadAction\",\"target\":[\"https:\/\/www.miomiorun.com\/de\/produkt\/adv-essence-warm-tights-3-herren\/\"]}]},{\"@type\":\"ImageObject\",\"inLanguage\":\"de-DE\",\"@id\":\"https:\/\/www.miomiorun.com\/de\/produkt\/adv-essence-warm-tights-3-herren\/#primaryimage\",\"url\":\"https:\/\/www.miomiorun.com\/app\/uploads\/2025\/11\/craft-ADV-Essence-Warm-Tights-3-M-black-1916656-999000.webp\",\"contentUrl\":\"https:\/\/www.miomiorun.com\/app\/uploads\/2025\/11\/craft-ADV-Essence-Warm-Tights-3-M-black-1916656-999000.webp\",\"width\":720,\"height\":720,\"caption\":\"craft ADV Essence Warm Tights 3 M black 1916656-999000\"},{\"@type\":\"BreadcrumbList\",\"@id\":\"https:\/\/www.miomiorun.com\/de\/produkt\/adv-essence-warm-tights-3-herren\/#breadcrumb\",\"itemListElement\":[{\"@type\":\"ListItem\",\"position\":1,\"name\":\"Home\",\"item\":\"https:\/\/www.miomiorun.com\/de\/\"},{\"@type\":\"ListItem\",\"position\":2,\"name\":\"Shop\",\"item\":\"https:\/\/www.miomiorun.com\/shop\/\"},{\"@type\":\"ListItem\",\"position\":3,\"name\":\"ADV Essence Warm Tights 3 herren\"}]},{\"@type\":\"WebSite\",\"@id\":\"https:\/\/www.miomiorun.com\/de\/#website\",\"url\":\"https:\/\/www.miomiorun.com\/de\/\",\"name\":\"MioMioRun\",\"description\":\"100% Lauf- und Trailshop\",\"publisher\":{\"@id\":\"https:\/\/www.miomiorun.com\/de\/#organization\"},\"potentialAction\":[{\"@type\":\"SearchAction\",\"target\":{\"@type\":\"EntryPoint\",\"urlTemplate\":\"https:\/\/www.miomiorun.com\/de\/?s={search_term_string}\"},\"query-input\":{\"@type\":\"PropertyValueSpecification\",\"valueRequired\":true,\"valueName\":\"search_term_string\"}}],\"inLanguage\":\"de-DE\"},{\"@type\":\"Organization\",\"@id\":\"https:\/\/www.miomiorun.com\/de\/#organization\",\"name\":\"MioMio Run\",\"url\":\"https:\/\/www.miomiorun.com\/de\/\",\"logo\":{\"@type\":\"ImageObject\",\"inLanguage\":\"de-DE\",\"@id\":\"https:\/\/www.miomiorun.com\/de\/#\/schema\/logo\/image\/\",\"url\":\"https:\/\/www.miomiorun.com\/app\/uploads\/2019\/12\/logomio.png\",\"contentUrl\":\"https:\/\/www.miomiorun.com\/app\/uploads\/2019\/12\/logomio.png\",\"width\":115,\"height\":82,\"caption\":\"MioMio Run\"},\"image\":{\"@id\":\"https:\/\/www.miomiorun.com\/de\/#\/schema\/logo\/image\/\"},\"sameAs\":[\"https:\/\/www.facebook.com\/miomiorun\/\",\"https:\/\/www.instagram.com\/miomiorun\/\"]}]}<\/script>\n<!-- \/ Yoast SEO plugin. -->","yoast_head_json":{"title":"Craft ADV Essence Warm Tights 3 herren - Leggings f\u00fcr Herren - MioMioRun","description":"Thermische und funktionelle Strumpfhosen aus recyceltem Material. Warm, elastisch und atmungsaktiv bieten sie Komfort und Bewegungsfreiheit beim Training im Winter.","robots":{"index":"index","follow":"follow","max-snippet":"max-snippet:-1","max-image-preview":"max-image-preview:large","max-video-preview":"max-video-preview:-1"},"canonical":"https:\/\/www.miomiorun.com\/de\/produkt\/adv-essence-warm-tights-3-herren\/","og_locale":"de_DE","og_type":"article","og_title":"Craft ADV Essence Warm Tights 3 herren - Leggings f\u00fcr Herren - MioMioRun","og_description":"Thermische und funktionelle Strumpfhosen aus recyceltem Material. Warm, elastisch und atmungsaktiv bieten sie Komfort und Bewegungsfreiheit beim Training im Winter.","og_url":"https:\/\/www.miomiorun.com\/de\/produkt\/adv-essence-warm-tights-3-herren\/","og_site_name":"MioMioRun","article_publisher":"https:\/\/www.facebook.com\/miomiorun\/","article_modified_time":"2026-04-17T08:28:56+00:00","og_image":[{"width":720,"height":720,"url":"https:\/\/www.miomiorun.com\/app\/uploads\/2025\/11\/craft-ADV-Essence-Warm-Tights-3-M-black-1916656-999000.webp","type":"image\/webp"}],"twitter_card":"summary_large_image","twitter_misc":{"Est. reading time":"1 minute"},"schema":{"@context":"https:\/\/schema.org","@graph":[{"@type":"WebPage","@id":"https:\/\/www.miomiorun.com\/de\/produkt\/adv-essence-warm-tights-3-herren\/","url":"https:\/\/www.miomiorun.com\/de\/produkt\/adv-essence-warm-tights-3-herren\/","name":"Craft ADV Essence Warm Tights 3 herren - Leggings f\u00fcr Herren - MioMioRun","isPartOf":{"@id":"https:\/\/www.miomiorun.com\/de\/#website"},"primaryImageOfPage":{"@id":"https:\/\/www.miomiorun.com\/de\/produkt\/adv-essence-warm-tights-3-herren\/#primaryimage"},"image":{"@id":"https:\/\/www.miomiorun.com\/de\/produkt\/adv-essence-warm-tights-3-herren\/#primaryimage"},"thumbnailUrl":"https:\/\/www.miomiorun.com\/app\/uploads\/2025\/11\/craft-ADV-Essence-Warm-Tights-3-M-black-1916656-999000.webp","datePublished":"2025-11-08T09:42:12+00:00","dateModified":"2026-04-17T08:28:56+00:00","description":"Thermische und funktionelle Strumpfhosen aus recyceltem Material. Warm, elastisch und atmungsaktiv bieten sie Komfort und Bewegungsfreiheit beim Training im Winter.","breadcrumb":{"@id":"https:\/\/www.miomiorun.com\/de\/produkt\/adv-essence-warm-tights-3-herren\/#breadcrumb"},"inLanguage":"de-DE","potentialAction":[{"@type":"ReadAction","target":["https:\/\/www.miomiorun.com\/de\/produkt\/adv-essence-warm-tights-3-herren\/"]}]},{"@type":"ImageObject","inLanguage":"de-DE","@id":"https:\/\/www.miomiorun.com\/de\/produkt\/adv-essence-warm-tights-3-herren\/#primaryimage","url":"https:\/\/www.miomiorun.com\/app\/uploads\/2025\/11\/craft-ADV-Essence-Warm-Tights-3-M-black-1916656-999000.webp","contentUrl":"https:\/\/www.miomiorun.com\/app\/uploads\/2025\/11\/craft-ADV-Essence-Warm-Tights-3-M-black-1916656-999000.webp","width":720,"height":720,"caption":"craft ADV Essence Warm Tights 3 M black 1916656-999000"},{"@type":"BreadcrumbList","@id":"https:\/\/www.miomiorun.com\/de\/produkt\/adv-essence-warm-tights-3-herren\/#breadcrumb","itemListElement":[{"@type":"ListItem","position":1,"name":"Home","item":"https:\/\/www.miomiorun.com\/de\/"},{"@type":"ListItem","position":2,"name":"Shop","item":"https:\/\/www.miomiorun.com\/shop\/"},{"@type":"ListItem","position":3,"name":"ADV Essence Warm Tights 3 herren"}]},{"@type":"WebSite","@id":"https:\/\/www.miomiorun.com\/de\/#website","url":"https:\/\/www.miomiorun.com\/de\/","name":"MioMioRun","description":"100% Lauf- und Trailshop","publisher":{"@id":"https:\/\/www.miomiorun.com\/de\/#organization"},"potentialAction":[{"@type":"SearchAction","target":{"@type":"EntryPoint","urlTemplate":"https:\/\/www.miomiorun.com\/de\/?s={search_term_string}"},"query-input":{"@type":"PropertyValueSpecification","valueRequired":true,"valueName":"search_term_string"}}],"inLanguage":"de-DE"},{"@type":"Organization","@id":"https:\/\/www.miomiorun.com\/de\/#organization","name":"MioMio Run","url":"https:\/\/www.miomiorun.com\/de\/","logo":{"@type":"ImageObject","inLanguage":"de-DE","@id":"https:\/\/www.miomiorun.com\/de\/#\/schema\/logo\/image\/","url":"https:\/\/www.miomiorun.com\/app\/uploads\/2019\/12\/logomio.png","contentUrl":"https:\/\/www.miomiorun.com\/app\/uploads\/2019\/12\/logomio.png","width":115,"height":82,"caption":"MioMio Run"},"image":{"@id":"https:\/\/www.miomiorun.com\/de\/#\/schema\/logo\/image\/"},"sameAs":["https:\/\/www.facebook.com\/miomiorun\/","https:\/\/www.instagram.com\/miomiorun\/"]}]}},"_links":{"self":[{"href":"https:\/\/www.miomiorun.com\/de\/wp-json\/wp\/v2\/product\/368053","targetHints":{"allow":["GET"]}}],"collection":[{"href":"https:\/\/www.miomiorun.com\/de\/wp-json\/wp\/v2\/product"}],"about":[{"href":"https:\/\/www.miomiorun.com\/de\/wp-json\/wp\/v2\/types\/product"}],"wp:featuredmedia":[{"embeddable":true,"href":"https:\/\/www.miomiorun.com\/de\/wp-json\/wp\/v2\/media\/368703"}],"wp:attachment":[{"href":"https:\/\/www.miomiorun.com\/de\/wp-json\/wp\/v2\/media?parent=368053"}],"wp:term":[{"taxonomy":"product_brand","embeddable":true,"href":"https:\/\/www.miomiorun.com\/de\/wp-json\/wp\/v2\/product_brand?post=368053"},{"taxonomy":"product_cat","embeddable":true,"href":"https:\/\/www.miomiorun.com\/de\/wp-json\/wp\/v2\/product_cat?post=368053"},{"taxonomy":"product_tag","embeddable":true,"href":"https:\/\/www.miomiorun.com\/de\/wp-json\/wp\/v2\/product_tag?post=368053"}],"curies":[{"name":"wp","href":"https:\/\/api.w.org\/{rel}","templated":true}]}}