{"id":367941,"date":"2025-11-08T10:10:39","date_gmt":"2025-11-08T09:10:39","guid":{"rendered":"https:\/\/www.miomiorun.com\/?post_type=product&#038;p=367941"},"modified":"2026-04-17T10:29:32","modified_gmt":"2026-04-17T08:29:32","slug":"adv-essence-warm-vest-2-damen","status":"publish","type":"product","link":"https:\/\/www.miomiorun.com\/de\/produkt\/adv-essence-warm-vest-2-damen\/","title":{"rendered":"ADV Essence Warm Vest 2 damen"},"content":{"rendered":"<p data-start=\"190\" data-end=\"564\">Die <strong data-start=\"221\" data-end=\"248\">Adv Essence Warm Vest 2<\/strong> ist eine <strong data-start=\"254\" data-end=\"292\">warme und vielseitige Multisport-Weste<\/strong>, die sich ideal als <strong data-start=\"306\" data-end=\"337\">Zwischen- oder Au\u00dfenlage<\/strong> beim Training im Herbst und Winter eignet. Dieses Kleidungsst\u00fcck wurde entwickelt, um die perfekte Balance zwischen W\u00e4rme, Komfort und Bewegungsfreiheit zu bieten, und besteht aus <strong data-start=\"504\" data-end=\"525\">recycelten Stoffen<\/strong> und hochwertigen technischen Materialien.<\/p>\n<p data-start=\"566\" data-end=\"1119\">Die <strong data-start=\"568\" data-end=\"591\">leichte Wattierung<\/strong> an der Vorderseite und am oberen R\u00fccken sorgt f\u00fcr eine effektive W\u00e4rmeisolierung, ohne zu beschweren, w\u00e4hrend das <strong data-start=\"713\" data-end=\"742\">geb\u00fcrstete Fleece am R\u00fccken<\/strong> und der <strong data-start=\"748\" data-end=\"779\">elastische Jersey an den Seiten<\/strong> f\u00fcr optimale Atmungsaktivit\u00e4t und Bewegungsfreiheit sorgen. Der <strong data-start=\"830\" data-end=\"852\">elastische Bund<\/strong> sorgt f\u00fcr eine bequeme Passform, erg\u00e4nzt durch <strong data-start=\"914\" data-end=\"937\">zwei Seitentaschen<\/strong> (eine mit Rei\u00dfverschluss), in denen Sie Ihre wichtigsten Utensilien sicher verstauen k\u00f6nnen. Die <strong data-start=\"1013\" data-end=\"1037\">reflektierenden Details<\/strong> verbessern die Sichtbarkeit in den Abendstunden oder bei schlechten Lichtverh\u00e4ltnissen.<\/p>\n<p data-start=\"1121\" data-end=\"1277\">Ein perfektes Kleidungsst\u00fcck f\u00fcr alle, die eine <strong data-start=\"1155\" data-end=\"1189\">technische, warme und leichte Weste<\/strong> suchen, ideal f\u00fcr Training, Wandern oder Outdoor-Aktivit\u00e4ten in den k\u00e4lteren Monaten.<\/p>\n<ul>\n<li data-start=\"1510\" data-end=\"1545\">\n<p data-start=\"1512\" data-end=\"1545\">Recycelte und nachhaltige Stoffe<\/p>\n<\/li>\n<li data-start=\"1546\" data-end=\"1610\">\n<p data-start=\"1548\" data-end=\"1610\">Leichte Wattierung an Vorder- und R\u00fcckseite f\u00fcr W\u00e4rme und Komfort<\/p>\n<\/li>\n<li data-start=\"1611\" data-end=\"1672\">\n<p data-start=\"1613\" data-end=\"1672\">Geb\u00fcrstetes Fleece auf der R\u00fcckseite f\u00fcr Isolierung und Atmungsaktivit\u00e4t<\/p>\n<\/li>\n<li data-start=\"1673\" data-end=\"1733\">\n<p data-start=\"1675\" data-end=\"1733\">Elastischer Jersey an den Seiten f\u00fcr maximale Bewegungsfreiheit<\/p>\n<\/li>\n<li data-start=\"1734\" data-end=\"1785\">\n<p data-start=\"1736\" data-end=\"1785\">Elastischer Bund f\u00fcr optimale Passform<\/p>\n<\/li>\n<li data-start=\"1786\" data-end=\"1823\">\n<p data-start=\"1788\" data-end=\"1823\">Zwei Seitentaschen (eine mit Rei\u00dfverschluss)<\/p>\n<\/li>\n<li data-start=\"1824\" data-end=\"1875\">\n<p data-start=\"1826\" data-end=\"1875\">Reflektierende Details f\u00fcr Sichtbarkeit und Sicherheit<\/p>\n<\/li>\n<\/ul><\/p>\n","protected":false},"excerpt":{"rendered":"<ul>\n<li data-start=\"1611\" data-end=\"1672\">\n<p data-start=\"1613\" data-end=\"1672\">Geb\u00fcrstetes Fleece auf der R\u00fcckseite f\u00fcr Isolierung und Atmungsaktivit\u00e4t<\/p>\n<\/li>\n<li data-start=\"1673\" data-end=\"1733\">\n<p data-start=\"1675\" data-end=\"1733\">Elastischer Jersey an den Seiten f\u00fcr maximale Bewegungsfreiheit<\/p>\n<\/li>\n<li data-start=\"1734\" data-end=\"1785\">\n<p data-start=\"1736\" data-end=\"1785\">Elastischer Bund f\u00fcr optimale Passform<\/p>\n<\/li>\n<\/ul>\n","protected":false},"featured_media":368658,"template":"","meta":{"_acf_changed":false,"inline_featured_image":false},"product_brand":[],"product_cat":[6400,6401,6404],"product_tag":[6304,6232],"class_list":{"0":"post-367941","1":"product","2":"type-product","3":"status-publish","4":"has-post-thumbnail","6":"product_cat-damen","7":"product_cat-damenbekleidung","8":"product_cat-damenjacken","9":"product_tag-craft-de","10":"product_tag-craft-damen-de","11":"pa_attivita-gehen","12":"pa_attivita-outdoor-de","13":"pa_attivita-running-de","14":"pa_attivita-trail-de","15":"pa_colore-adv-essence-warm-vest-2-w-black-de","16":"pa_marca-craft-de","17":"pa_sesso-damen","18":"pa_size-small-de","19":"pa_size-medium-de","20":"pa_size-large-de","22":"first","23":"instock","24":"sale","25":"taxable","26":"shipping-taxable","27":"purchasable","28":"product-type-variable","29":"wvs-archive-product-wrapper"},"acf":[],"yoast_head":"<!-- This site is optimized with the Yoast SEO plugin v26.8 - https:\/\/yoast.com\/product\/yoast-seo-wordpress\/ -->\n<title>Craft ADV Essence Warm Vest 2 damen -Damenweste - MioMioRun<\/title>\n<meta name=\"description\" content=\"Warme und leichte Funktionsweste aus recyceltem Material. Bietet optimale Isolierung, Komfort und Bewegungsfreiheit f\u00fcr das Training und Outdoor-Aktivit\u00e4ten im Winter.\" \/>\n<meta name=\"robots\" content=\"index, follow, max-snippet:-1, max-image-preview:large, max-video-preview:-1\" \/>\n<link rel=\"canonical\" href=\"https:\/\/www.miomiorun.com\/de\/produkt\/adv-essence-warm-vest-2-damen\/\" \/>\n<meta property=\"og:locale\" content=\"de_DE\" \/>\n<meta property=\"og:type\" content=\"article\" \/>\n<meta property=\"og:title\" content=\"Craft ADV Essence Warm Vest 2 damen -Damenweste - MioMioRun\" \/>\n<meta property=\"og:description\" content=\"Warme und leichte Funktionsweste aus recyceltem Material. Bietet optimale Isolierung, Komfort und Bewegungsfreiheit f\u00fcr das Training und Outdoor-Aktivit\u00e4ten im Winter.\" \/>\n<meta property=\"og:url\" content=\"https:\/\/www.miomiorun.com\/de\/produkt\/adv-essence-warm-vest-2-damen\/\" \/>\n<meta property=\"og:site_name\" content=\"MioMioRun\" \/>\n<meta property=\"article:publisher\" content=\"https:\/\/www.facebook.com\/miomiorun\/\" \/>\n<meta property=\"article:modified_time\" content=\"2026-04-17T08:29:32+00:00\" \/>\n<meta property=\"og:image\" content=\"https:\/\/www.miomiorun.com\/app\/uploads\/2025\/11\/craft-ADV-Essence-Warm-Vest-2-W-black-1916618-999000.webp\" \/>\n\t<meta property=\"og:image:width\" content=\"720\" \/>\n\t<meta property=\"og:image:height\" content=\"720\" \/>\n\t<meta property=\"og:image:type\" content=\"image\/webp\" \/>\n<meta name=\"twitter:card\" content=\"summary_large_image\" \/>\n<meta name=\"twitter:label1\" content=\"Est. reading time\" \/>\n\t<meta name=\"twitter:data1\" content=\"1 minute\" \/>\n<script type=\"application\/ld+json\" class=\"yoast-schema-graph\">{\"@context\":\"https:\/\/schema.org\",\"@graph\":[{\"@type\":\"WebPage\",\"@id\":\"https:\/\/www.miomiorun.com\/de\/produkt\/adv-essence-warm-vest-2-damen\/\",\"url\":\"https:\/\/www.miomiorun.com\/de\/produkt\/adv-essence-warm-vest-2-damen\/\",\"name\":\"Craft ADV Essence Warm Vest 2 damen -Damenweste - MioMioRun\",\"isPartOf\":{\"@id\":\"https:\/\/www.miomiorun.com\/de\/#website\"},\"primaryImageOfPage\":{\"@id\":\"https:\/\/www.miomiorun.com\/de\/produkt\/adv-essence-warm-vest-2-damen\/#primaryimage\"},\"image\":{\"@id\":\"https:\/\/www.miomiorun.com\/de\/produkt\/adv-essence-warm-vest-2-damen\/#primaryimage\"},\"thumbnailUrl\":\"https:\/\/www.miomiorun.com\/app\/uploads\/2025\/11\/craft-ADV-Essence-Warm-Vest-2-W-black-1916618-999000.webp\",\"datePublished\":\"2025-11-08T09:10:39+00:00\",\"dateModified\":\"2026-04-17T08:29:32+00:00\",\"description\":\"Warme und leichte Funktionsweste aus recyceltem Material. Bietet optimale Isolierung, Komfort und Bewegungsfreiheit f\u00fcr das Training und Outdoor-Aktivit\u00e4ten im Winter.\",\"breadcrumb\":{\"@id\":\"https:\/\/www.miomiorun.com\/de\/produkt\/adv-essence-warm-vest-2-damen\/#breadcrumb\"},\"inLanguage\":\"de-DE\",\"potentialAction\":[{\"@type\":\"ReadAction\",\"target\":[\"https:\/\/www.miomiorun.com\/de\/produkt\/adv-essence-warm-vest-2-damen\/\"]}]},{\"@type\":\"ImageObject\",\"inLanguage\":\"de-DE\",\"@id\":\"https:\/\/www.miomiorun.com\/de\/produkt\/adv-essence-warm-vest-2-damen\/#primaryimage\",\"url\":\"https:\/\/www.miomiorun.com\/app\/uploads\/2025\/11\/craft-ADV-Essence-Warm-Vest-2-W-black-1916618-999000.webp\",\"contentUrl\":\"https:\/\/www.miomiorun.com\/app\/uploads\/2025\/11\/craft-ADV-Essence-Warm-Vest-2-W-black-1916618-999000.webp\",\"width\":720,\"height\":720,\"caption\":\"craft ADV Essence Warm Vest 2 W black 1916618-999000\"},{\"@type\":\"BreadcrumbList\",\"@id\":\"https:\/\/www.miomiorun.com\/de\/produkt\/adv-essence-warm-vest-2-damen\/#breadcrumb\",\"itemListElement\":[{\"@type\":\"ListItem\",\"position\":1,\"name\":\"Home\",\"item\":\"https:\/\/www.miomiorun.com\/de\/\"},{\"@type\":\"ListItem\",\"position\":2,\"name\":\"Shop\",\"item\":\"https:\/\/www.miomiorun.com\/shop\/\"},{\"@type\":\"ListItem\",\"position\":3,\"name\":\"ADV Essence Warm Vest 2 damen\"}]},{\"@type\":\"WebSite\",\"@id\":\"https:\/\/www.miomiorun.com\/de\/#website\",\"url\":\"https:\/\/www.miomiorun.com\/de\/\",\"name\":\"MioMioRun\",\"description\":\"100% Lauf- und Trailshop\",\"publisher\":{\"@id\":\"https:\/\/www.miomiorun.com\/de\/#organization\"},\"potentialAction\":[{\"@type\":\"SearchAction\",\"target\":{\"@type\":\"EntryPoint\",\"urlTemplate\":\"https:\/\/www.miomiorun.com\/de\/?s={search_term_string}\"},\"query-input\":{\"@type\":\"PropertyValueSpecification\",\"valueRequired\":true,\"valueName\":\"search_term_string\"}}],\"inLanguage\":\"de-DE\"},{\"@type\":\"Organization\",\"@id\":\"https:\/\/www.miomiorun.com\/de\/#organization\",\"name\":\"MioMio Run\",\"url\":\"https:\/\/www.miomiorun.com\/de\/\",\"logo\":{\"@type\":\"ImageObject\",\"inLanguage\":\"de-DE\",\"@id\":\"https:\/\/www.miomiorun.com\/de\/#\/schema\/logo\/image\/\",\"url\":\"https:\/\/www.miomiorun.com\/app\/uploads\/2019\/12\/logomio.png\",\"contentUrl\":\"https:\/\/www.miomiorun.com\/app\/uploads\/2019\/12\/logomio.png\",\"width\":115,\"height\":82,\"caption\":\"MioMio Run\"},\"image\":{\"@id\":\"https:\/\/www.miomiorun.com\/de\/#\/schema\/logo\/image\/\"},\"sameAs\":[\"https:\/\/www.facebook.com\/miomiorun\/\",\"https:\/\/www.instagram.com\/miomiorun\/\"]}]}<\/script>\n<!-- \/ Yoast SEO plugin. -->","yoast_head_json":{"title":"Craft ADV Essence Warm Vest 2 damen -Damenweste - MioMioRun","description":"Warme und leichte Funktionsweste aus recyceltem Material. Bietet optimale Isolierung, Komfort und Bewegungsfreiheit f\u00fcr das Training und Outdoor-Aktivit\u00e4ten im Winter.","robots":{"index":"index","follow":"follow","max-snippet":"max-snippet:-1","max-image-preview":"max-image-preview:large","max-video-preview":"max-video-preview:-1"},"canonical":"https:\/\/www.miomiorun.com\/de\/produkt\/adv-essence-warm-vest-2-damen\/","og_locale":"de_DE","og_type":"article","og_title":"Craft ADV Essence Warm Vest 2 damen -Damenweste - MioMioRun","og_description":"Warme und leichte Funktionsweste aus recyceltem Material. Bietet optimale Isolierung, Komfort und Bewegungsfreiheit f\u00fcr das Training und Outdoor-Aktivit\u00e4ten im Winter.","og_url":"https:\/\/www.miomiorun.com\/de\/produkt\/adv-essence-warm-vest-2-damen\/","og_site_name":"MioMioRun","article_publisher":"https:\/\/www.facebook.com\/miomiorun\/","article_modified_time":"2026-04-17T08:29:32+00:00","og_image":[{"width":720,"height":720,"url":"https:\/\/www.miomiorun.com\/app\/uploads\/2025\/11\/craft-ADV-Essence-Warm-Vest-2-W-black-1916618-999000.webp","type":"image\/webp"}],"twitter_card":"summary_large_image","twitter_misc":{"Est. reading time":"1 minute"},"schema":{"@context":"https:\/\/schema.org","@graph":[{"@type":"WebPage","@id":"https:\/\/www.miomiorun.com\/de\/produkt\/adv-essence-warm-vest-2-damen\/","url":"https:\/\/www.miomiorun.com\/de\/produkt\/adv-essence-warm-vest-2-damen\/","name":"Craft ADV Essence Warm Vest 2 damen -Damenweste - MioMioRun","isPartOf":{"@id":"https:\/\/www.miomiorun.com\/de\/#website"},"primaryImageOfPage":{"@id":"https:\/\/www.miomiorun.com\/de\/produkt\/adv-essence-warm-vest-2-damen\/#primaryimage"},"image":{"@id":"https:\/\/www.miomiorun.com\/de\/produkt\/adv-essence-warm-vest-2-damen\/#primaryimage"},"thumbnailUrl":"https:\/\/www.miomiorun.com\/app\/uploads\/2025\/11\/craft-ADV-Essence-Warm-Vest-2-W-black-1916618-999000.webp","datePublished":"2025-11-08T09:10:39+00:00","dateModified":"2026-04-17T08:29:32+00:00","description":"Warme und leichte Funktionsweste aus recyceltem Material. Bietet optimale Isolierung, Komfort und Bewegungsfreiheit f\u00fcr das Training und Outdoor-Aktivit\u00e4ten im Winter.","breadcrumb":{"@id":"https:\/\/www.miomiorun.com\/de\/produkt\/adv-essence-warm-vest-2-damen\/#breadcrumb"},"inLanguage":"de-DE","potentialAction":[{"@type":"ReadAction","target":["https:\/\/www.miomiorun.com\/de\/produkt\/adv-essence-warm-vest-2-damen\/"]}]},{"@type":"ImageObject","inLanguage":"de-DE","@id":"https:\/\/www.miomiorun.com\/de\/produkt\/adv-essence-warm-vest-2-damen\/#primaryimage","url":"https:\/\/www.miomiorun.com\/app\/uploads\/2025\/11\/craft-ADV-Essence-Warm-Vest-2-W-black-1916618-999000.webp","contentUrl":"https:\/\/www.miomiorun.com\/app\/uploads\/2025\/11\/craft-ADV-Essence-Warm-Vest-2-W-black-1916618-999000.webp","width":720,"height":720,"caption":"craft ADV Essence Warm Vest 2 W black 1916618-999000"},{"@type":"BreadcrumbList","@id":"https:\/\/www.miomiorun.com\/de\/produkt\/adv-essence-warm-vest-2-damen\/#breadcrumb","itemListElement":[{"@type":"ListItem","position":1,"name":"Home","item":"https:\/\/www.miomiorun.com\/de\/"},{"@type":"ListItem","position":2,"name":"Shop","item":"https:\/\/www.miomiorun.com\/shop\/"},{"@type":"ListItem","position":3,"name":"ADV Essence Warm Vest 2 damen"}]},{"@type":"WebSite","@id":"https:\/\/www.miomiorun.com\/de\/#website","url":"https:\/\/www.miomiorun.com\/de\/","name":"MioMioRun","description":"100% Lauf- und Trailshop","publisher":{"@id":"https:\/\/www.miomiorun.com\/de\/#organization"},"potentialAction":[{"@type":"SearchAction","target":{"@type":"EntryPoint","urlTemplate":"https:\/\/www.miomiorun.com\/de\/?s={search_term_string}"},"query-input":{"@type":"PropertyValueSpecification","valueRequired":true,"valueName":"search_term_string"}}],"inLanguage":"de-DE"},{"@type":"Organization","@id":"https:\/\/www.miomiorun.com\/de\/#organization","name":"MioMio Run","url":"https:\/\/www.miomiorun.com\/de\/","logo":{"@type":"ImageObject","inLanguage":"de-DE","@id":"https:\/\/www.miomiorun.com\/de\/#\/schema\/logo\/image\/","url":"https:\/\/www.miomiorun.com\/app\/uploads\/2019\/12\/logomio.png","contentUrl":"https:\/\/www.miomiorun.com\/app\/uploads\/2019\/12\/logomio.png","width":115,"height":82,"caption":"MioMio Run"},"image":{"@id":"https:\/\/www.miomiorun.com\/de\/#\/schema\/logo\/image\/"},"sameAs":["https:\/\/www.facebook.com\/miomiorun\/","https:\/\/www.instagram.com\/miomiorun\/"]}]}},"_links":{"self":[{"href":"https:\/\/www.miomiorun.com\/de\/wp-json\/wp\/v2\/product\/367941","targetHints":{"allow":["GET"]}}],"collection":[{"href":"https:\/\/www.miomiorun.com\/de\/wp-json\/wp\/v2\/product"}],"about":[{"href":"https:\/\/www.miomiorun.com\/de\/wp-json\/wp\/v2\/types\/product"}],"wp:featuredmedia":[{"embeddable":true,"href":"https:\/\/www.miomiorun.com\/de\/wp-json\/wp\/v2\/media\/368658"}],"wp:attachment":[{"href":"https:\/\/www.miomiorun.com\/de\/wp-json\/wp\/v2\/media?parent=367941"}],"wp:term":[{"taxonomy":"product_brand","embeddable":true,"href":"https:\/\/www.miomiorun.com\/de\/wp-json\/wp\/v2\/product_brand?post=367941"},{"taxonomy":"product_cat","embeddable":true,"href":"https:\/\/www.miomiorun.com\/de\/wp-json\/wp\/v2\/product_cat?post=367941"},{"taxonomy":"product_tag","embeddable":true,"href":"https:\/\/www.miomiorun.com\/de\/wp-json\/wp\/v2\/product_tag?post=367941"}],"curies":[{"name":"wp","href":"https:\/\/api.w.org\/{rel}","templated":true}]}}