{"id":367606,"date":"2025-11-07T19:28:42","date_gmt":"2025-11-07T18:28:42","guid":{"rendered":"https:\/\/www.miomiorun.com\/?post_type=product&#038;p=367606"},"modified":"2026-04-17T10:30:24","modified_gmt":"2026-04-17T08:30:24","slug":"wool-seamless-bra-damen","status":"publish","type":"product","link":"https:\/\/www.miomiorun.com\/de\/produkt\/wool-seamless-bra-damen\/","title":{"rendered":"Wool Seamless Bra damen"},"content":{"rendered":"<p data-start=\"166\" data-end=\"583\">Der <strong data-start=\"224\" data-end=\"245\">Wool Seamless Bra<\/strong> ist ein hochwertiger Funktions-BH aus <strong data-start=\"299\" data-end=\"314\">Merinowolle<\/strong>, der f\u00fcr maximalen thermischen Komfort bei Outdoor-Aktivit\u00e4ten oder im Alltag entwickelt wurde. Seine <strong data-start=\"422\" data-end=\"452\">nahtlose Konstruktion<\/strong> sorgt f\u00fcr eine enganliegende und bequeme Passform und verhindert Reibung und Irritationen auch bei l\u00e4ngerer k\u00f6rperlicher Aktivit\u00e4t.<\/p>\n<p data-start=\"585\" data-end=\"892\">Das Material, eine <strong data-start=\"601\" data-end=\"676\">weiche und strapazierf\u00e4hige Kombination aus Merinowolle, Polyamid und Elasthan<\/strong>, garantiert W\u00e4rme und Atmungsaktivit\u00e4t und h\u00e4lt die Haut auch bei K\u00e4lte oder Feuchtigkeit trocken und geruchsfrei. Die <strong data-start=\"807\" data-end=\"829\">mulesingfreie Wolle<\/strong> zeugt von einem ethischen und nachhaltigen Produktionsansatz.<\/p>\n<p data-start=\"894\" data-end=\"1170\">Dank seines ergonomischen Designs und der nat\u00fcrlichen F\u00e4higkeit der Wolle, die K\u00f6rpertemperatur zu regulieren, ist der Wool Seamless Bra die ideale Wahl f\u00fcr <strong data-start=\"1039\" data-end=\"1072\">Trainingseinheiten mit geringer Intensit\u00e4t<\/strong> oder f\u00fcr <strong data-start=\"1079\" data-end=\"1115\">Outdoor-Aktivit\u00e4ten bei kaltem Wetter<\/strong> und bietet den ganzen Tag \u00fcber Halt und Weichheit.<\/p>\n<p>&nbsp;<\/p>\n<p>&nbsp;<\/p>\n<div class=\"o-feature-callout__feature-copy\">\n<div class=\"o-feature-callout__feature-copy\">\n<p>&nbsp;<\/p>\n<\/div>\n<\/div>\n","protected":false},"excerpt":{"rendered":"<ul>\n<li data-start=\"1371\" data-end=\"1441\">Weiches und atmungsaktives Gewebe aus Merinowolle, Polyamid und Elasthan<\/li>\n<li data-start=\"1444\" data-end=\"1504\">Nahtloses Design f\u00fcr maximalen Komfort und Bewegungsfreiheit<\/li>\n<li data-start=\"1507\" data-end=\"1555\">Nat\u00fcrliche Thermoregulierung und mulesingfreie Wolle<\/li>\n<\/ul>\n","protected":false},"featured_media":367389,"template":"","meta":{"_acf_changed":false,"inline_featured_image":false},"product_brand":[],"product_cat":[6401,6485],"product_tag":[6304,6232],"class_list":{"0":"post-367606","1":"product","2":"type-product","3":"status-publish","4":"has-post-thumbnail","6":"product_cat-damenbekleidung","7":"product_cat-damenwaesche-de","8":"product_tag-craft-de","9":"product_tag-craft-damen-de","10":"pa_attivita-fitness-de","11":"pa_attivita-gehen","12":"pa_attivita-running-de","13":"pa_colore-wool-seamless-bra-w-black-de","14":"pa_marca-craft-de","15":"pa_sesso-damen","16":"pa_size-xs-s-de","17":"pa_size-m-l-de","19":"first","20":"instock","21":"sale","22":"taxable","23":"shipping-taxable","24":"purchasable","25":"product-type-variable","26":"wvs-archive-product-wrapper"},"acf":[],"yoast_head":"<!-- This site is optimized with the Yoast SEO plugin v26.8 - https:\/\/yoast.com\/product\/yoast-seo-wordpress\/ -->\n<title>CraftWool Seamless Bra damen - Sportoberteil - MioMioRun<\/title>\n<meta name=\"description\" content=\"Nahtloser Funktions-BH aus Merinowolle: Komfort, W\u00e4rme und Atmungsaktivit\u00e4t f\u00fcr Outdoor-Aktivit\u00e4ten und den t\u00e4glichen Gebrauch. Erfahren Sie mehr auf unserer Website!\" \/>\n<meta name=\"robots\" content=\"index, follow, max-snippet:-1, max-image-preview:large, max-video-preview:-1\" \/>\n<link rel=\"canonical\" href=\"https:\/\/www.miomiorun.com\/de\/produkt\/wool-seamless-bra-damen\/\" \/>\n<meta property=\"og:locale\" content=\"de_DE\" \/>\n<meta property=\"og:type\" content=\"article\" \/>\n<meta property=\"og:title\" content=\"CraftWool Seamless Bra damen - Sportoberteil - MioMioRun\" \/>\n<meta property=\"og:description\" content=\"Nahtloser Funktions-BH aus Merinowolle: Komfort, W\u00e4rme und Atmungsaktivit\u00e4t f\u00fcr Outdoor-Aktivit\u00e4ten und den t\u00e4glichen Gebrauch. Erfahren Sie mehr auf unserer Website!\" \/>\n<meta property=\"og:url\" content=\"https:\/\/www.miomiorun.com\/de\/produkt\/wool-seamless-bra-damen\/\" \/>\n<meta property=\"og:site_name\" content=\"MioMioRun\" \/>\n<meta property=\"article:publisher\" content=\"https:\/\/www.facebook.com\/miomiorun\/\" \/>\n<meta property=\"article:modified_time\" content=\"2026-04-17T08:30:24+00:00\" \/>\n<meta property=\"og:image\" content=\"https:\/\/www.miomiorun.com\/app\/uploads\/2025\/11\/craft-Wool-seamless-Bra-W-black-1916663-999000.webp\" \/>\n\t<meta property=\"og:image:width\" content=\"720\" \/>\n\t<meta property=\"og:image:height\" content=\"720\" \/>\n\t<meta property=\"og:image:type\" content=\"image\/webp\" \/>\n<meta name=\"twitter:card\" content=\"summary_large_image\" \/>\n<meta name=\"twitter:label1\" content=\"Est. reading time\" \/>\n\t<meta name=\"twitter:data1\" content=\"2 minutes\" \/>\n<script type=\"application\/ld+json\" class=\"yoast-schema-graph\">{\"@context\":\"https:\/\/schema.org\",\"@graph\":[{\"@type\":\"WebPage\",\"@id\":\"https:\/\/www.miomiorun.com\/de\/produkt\/wool-seamless-bra-damen\/\",\"url\":\"https:\/\/www.miomiorun.com\/de\/produkt\/wool-seamless-bra-damen\/\",\"name\":\"CraftWool Seamless Bra damen - Sportoberteil - MioMioRun\",\"isPartOf\":{\"@id\":\"https:\/\/www.miomiorun.com\/de\/#website\"},\"primaryImageOfPage\":{\"@id\":\"https:\/\/www.miomiorun.com\/de\/produkt\/wool-seamless-bra-damen\/#primaryimage\"},\"image\":{\"@id\":\"https:\/\/www.miomiorun.com\/de\/produkt\/wool-seamless-bra-damen\/#primaryimage\"},\"thumbnailUrl\":\"https:\/\/www.miomiorun.com\/app\/uploads\/2025\/11\/craft-Wool-seamless-Bra-W-black-1916663-999000.webp\",\"datePublished\":\"2025-11-07T18:28:42+00:00\",\"dateModified\":\"2026-04-17T08:30:24+00:00\",\"description\":\"Nahtloser Funktions-BH aus Merinowolle: Komfort, W\u00e4rme und Atmungsaktivit\u00e4t f\u00fcr Outdoor-Aktivit\u00e4ten und den t\u00e4glichen Gebrauch. Erfahren Sie mehr auf unserer Website!\",\"breadcrumb\":{\"@id\":\"https:\/\/www.miomiorun.com\/de\/produkt\/wool-seamless-bra-damen\/#breadcrumb\"},\"inLanguage\":\"de-DE\",\"potentialAction\":[{\"@type\":\"ReadAction\",\"target\":[\"https:\/\/www.miomiorun.com\/de\/produkt\/wool-seamless-bra-damen\/\"]}]},{\"@type\":\"ImageObject\",\"inLanguage\":\"de-DE\",\"@id\":\"https:\/\/www.miomiorun.com\/de\/produkt\/wool-seamless-bra-damen\/#primaryimage\",\"url\":\"https:\/\/www.miomiorun.com\/app\/uploads\/2025\/11\/craft-Wool-seamless-Bra-W-black-1916663-999000.webp\",\"contentUrl\":\"https:\/\/www.miomiorun.com\/app\/uploads\/2025\/11\/craft-Wool-seamless-Bra-W-black-1916663-999000.webp\",\"width\":720,\"height\":720,\"caption\":\"craft Wool seamless Bra W black 1916663-999000\"},{\"@type\":\"BreadcrumbList\",\"@id\":\"https:\/\/www.miomiorun.com\/de\/produkt\/wool-seamless-bra-damen\/#breadcrumb\",\"itemListElement\":[{\"@type\":\"ListItem\",\"position\":1,\"name\":\"Home\",\"item\":\"https:\/\/www.miomiorun.com\/de\/\"},{\"@type\":\"ListItem\",\"position\":2,\"name\":\"Shop\",\"item\":\"https:\/\/www.miomiorun.com\/shop\/\"},{\"@type\":\"ListItem\",\"position\":3,\"name\":\"Wool Seamless Bra damen\"}]},{\"@type\":\"WebSite\",\"@id\":\"https:\/\/www.miomiorun.com\/de\/#website\",\"url\":\"https:\/\/www.miomiorun.com\/de\/\",\"name\":\"MioMioRun\",\"description\":\"100% Lauf- und Trailshop\",\"publisher\":{\"@id\":\"https:\/\/www.miomiorun.com\/de\/#organization\"},\"potentialAction\":[{\"@type\":\"SearchAction\",\"target\":{\"@type\":\"EntryPoint\",\"urlTemplate\":\"https:\/\/www.miomiorun.com\/de\/?s={search_term_string}\"},\"query-input\":{\"@type\":\"PropertyValueSpecification\",\"valueRequired\":true,\"valueName\":\"search_term_string\"}}],\"inLanguage\":\"de-DE\"},{\"@type\":\"Organization\",\"@id\":\"https:\/\/www.miomiorun.com\/de\/#organization\",\"name\":\"MioMio Run\",\"url\":\"https:\/\/www.miomiorun.com\/de\/\",\"logo\":{\"@type\":\"ImageObject\",\"inLanguage\":\"de-DE\",\"@id\":\"https:\/\/www.miomiorun.com\/de\/#\/schema\/logo\/image\/\",\"url\":\"https:\/\/www.miomiorun.com\/app\/uploads\/2019\/12\/logomio.png\",\"contentUrl\":\"https:\/\/www.miomiorun.com\/app\/uploads\/2019\/12\/logomio.png\",\"width\":115,\"height\":82,\"caption\":\"MioMio Run\"},\"image\":{\"@id\":\"https:\/\/www.miomiorun.com\/de\/#\/schema\/logo\/image\/\"},\"sameAs\":[\"https:\/\/www.facebook.com\/miomiorun\/\",\"https:\/\/www.instagram.com\/miomiorun\/\"]}]}<\/script>\n<!-- \/ Yoast SEO plugin. -->","yoast_head_json":{"title":"CraftWool Seamless Bra damen - Sportoberteil - MioMioRun","description":"Nahtloser Funktions-BH aus Merinowolle: Komfort, W\u00e4rme und Atmungsaktivit\u00e4t f\u00fcr Outdoor-Aktivit\u00e4ten und den t\u00e4glichen Gebrauch. Erfahren Sie mehr auf unserer Website!","robots":{"index":"index","follow":"follow","max-snippet":"max-snippet:-1","max-image-preview":"max-image-preview:large","max-video-preview":"max-video-preview:-1"},"canonical":"https:\/\/www.miomiorun.com\/de\/produkt\/wool-seamless-bra-damen\/","og_locale":"de_DE","og_type":"article","og_title":"CraftWool Seamless Bra damen - Sportoberteil - MioMioRun","og_description":"Nahtloser Funktions-BH aus Merinowolle: Komfort, W\u00e4rme und Atmungsaktivit\u00e4t f\u00fcr Outdoor-Aktivit\u00e4ten und den t\u00e4glichen Gebrauch. Erfahren Sie mehr auf unserer Website!","og_url":"https:\/\/www.miomiorun.com\/de\/produkt\/wool-seamless-bra-damen\/","og_site_name":"MioMioRun","article_publisher":"https:\/\/www.facebook.com\/miomiorun\/","article_modified_time":"2026-04-17T08:30:24+00:00","og_image":[{"width":720,"height":720,"url":"https:\/\/www.miomiorun.com\/app\/uploads\/2025\/11\/craft-Wool-seamless-Bra-W-black-1916663-999000.webp","type":"image\/webp"}],"twitter_card":"summary_large_image","twitter_misc":{"Est. reading time":"2 minutes"},"schema":{"@context":"https:\/\/schema.org","@graph":[{"@type":"WebPage","@id":"https:\/\/www.miomiorun.com\/de\/produkt\/wool-seamless-bra-damen\/","url":"https:\/\/www.miomiorun.com\/de\/produkt\/wool-seamless-bra-damen\/","name":"CraftWool Seamless Bra damen - Sportoberteil - MioMioRun","isPartOf":{"@id":"https:\/\/www.miomiorun.com\/de\/#website"},"primaryImageOfPage":{"@id":"https:\/\/www.miomiorun.com\/de\/produkt\/wool-seamless-bra-damen\/#primaryimage"},"image":{"@id":"https:\/\/www.miomiorun.com\/de\/produkt\/wool-seamless-bra-damen\/#primaryimage"},"thumbnailUrl":"https:\/\/www.miomiorun.com\/app\/uploads\/2025\/11\/craft-Wool-seamless-Bra-W-black-1916663-999000.webp","datePublished":"2025-11-07T18:28:42+00:00","dateModified":"2026-04-17T08:30:24+00:00","description":"Nahtloser Funktions-BH aus Merinowolle: Komfort, W\u00e4rme und Atmungsaktivit\u00e4t f\u00fcr Outdoor-Aktivit\u00e4ten und den t\u00e4glichen Gebrauch. Erfahren Sie mehr auf unserer Website!","breadcrumb":{"@id":"https:\/\/www.miomiorun.com\/de\/produkt\/wool-seamless-bra-damen\/#breadcrumb"},"inLanguage":"de-DE","potentialAction":[{"@type":"ReadAction","target":["https:\/\/www.miomiorun.com\/de\/produkt\/wool-seamless-bra-damen\/"]}]},{"@type":"ImageObject","inLanguage":"de-DE","@id":"https:\/\/www.miomiorun.com\/de\/produkt\/wool-seamless-bra-damen\/#primaryimage","url":"https:\/\/www.miomiorun.com\/app\/uploads\/2025\/11\/craft-Wool-seamless-Bra-W-black-1916663-999000.webp","contentUrl":"https:\/\/www.miomiorun.com\/app\/uploads\/2025\/11\/craft-Wool-seamless-Bra-W-black-1916663-999000.webp","width":720,"height":720,"caption":"craft Wool seamless Bra W black 1916663-999000"},{"@type":"BreadcrumbList","@id":"https:\/\/www.miomiorun.com\/de\/produkt\/wool-seamless-bra-damen\/#breadcrumb","itemListElement":[{"@type":"ListItem","position":1,"name":"Home","item":"https:\/\/www.miomiorun.com\/de\/"},{"@type":"ListItem","position":2,"name":"Shop","item":"https:\/\/www.miomiorun.com\/shop\/"},{"@type":"ListItem","position":3,"name":"Wool Seamless Bra damen"}]},{"@type":"WebSite","@id":"https:\/\/www.miomiorun.com\/de\/#website","url":"https:\/\/www.miomiorun.com\/de\/","name":"MioMioRun","description":"100% Lauf- und Trailshop","publisher":{"@id":"https:\/\/www.miomiorun.com\/de\/#organization"},"potentialAction":[{"@type":"SearchAction","target":{"@type":"EntryPoint","urlTemplate":"https:\/\/www.miomiorun.com\/de\/?s={search_term_string}"},"query-input":{"@type":"PropertyValueSpecification","valueRequired":true,"valueName":"search_term_string"}}],"inLanguage":"de-DE"},{"@type":"Organization","@id":"https:\/\/www.miomiorun.com\/de\/#organization","name":"MioMio Run","url":"https:\/\/www.miomiorun.com\/de\/","logo":{"@type":"ImageObject","inLanguage":"de-DE","@id":"https:\/\/www.miomiorun.com\/de\/#\/schema\/logo\/image\/","url":"https:\/\/www.miomiorun.com\/app\/uploads\/2019\/12\/logomio.png","contentUrl":"https:\/\/www.miomiorun.com\/app\/uploads\/2019\/12\/logomio.png","width":115,"height":82,"caption":"MioMio Run"},"image":{"@id":"https:\/\/www.miomiorun.com\/de\/#\/schema\/logo\/image\/"},"sameAs":["https:\/\/www.facebook.com\/miomiorun\/","https:\/\/www.instagram.com\/miomiorun\/"]}]}},"_links":{"self":[{"href":"https:\/\/www.miomiorun.com\/de\/wp-json\/wp\/v2\/product\/367606","targetHints":{"allow":["GET"]}}],"collection":[{"href":"https:\/\/www.miomiorun.com\/de\/wp-json\/wp\/v2\/product"}],"about":[{"href":"https:\/\/www.miomiorun.com\/de\/wp-json\/wp\/v2\/types\/product"}],"wp:featuredmedia":[{"embeddable":true,"href":"https:\/\/www.miomiorun.com\/de\/wp-json\/wp\/v2\/media\/367389"}],"wp:attachment":[{"href":"https:\/\/www.miomiorun.com\/de\/wp-json\/wp\/v2\/media?parent=367606"}],"wp:term":[{"taxonomy":"product_brand","embeddable":true,"href":"https:\/\/www.miomiorun.com\/de\/wp-json\/wp\/v2\/product_brand?post=367606"},{"taxonomy":"product_cat","embeddable":true,"href":"https:\/\/www.miomiorun.com\/de\/wp-json\/wp\/v2\/product_cat?post=367606"},{"taxonomy":"product_tag","embeddable":true,"href":"https:\/\/www.miomiorun.com\/de\/wp-json\/wp\/v2\/product_tag?post=367606"}],"curies":[{"name":"wp","href":"https:\/\/api.w.org\/{rel}","templated":true}]}}