{"id":367504,"date":"2025-11-07T19:10:58","date_gmt":"2025-11-07T18:10:58","guid":{"rendered":"https:\/\/www.miomiorun.com\/?post_type=product&#038;p=367504"},"modified":"2026-04-17T10:30:32","modified_gmt":"2026-04-17T08:30:32","slug":"wool-seamless-hipster-damen","status":"publish","type":"product","link":"https:\/\/www.miomiorun.com\/de\/produkt\/wool-seamless-hipster-damen\/","title":{"rendered":"Wool Seamless Hipster damen"},"content":{"rendered":"<p>Die <strong data-start=\"194\" data-end=\"219\">Wool Seamless Hipster<\/strong> sind hochwertige Funktionsslips mit nahtlosem Design, die W\u00e4rme, Komfort und Bewegungsfreiheit bei Outdoor-Aktivit\u00e4ten oder im Alltag bieten. <br data-start=\"379\" data-end=\"382\">Sie bestehen aus einem strapazierf\u00e4higen Material aus <strong data-start=\"428\" data-end=\"443\">Merinowolle<\/strong>, <strong data-start=\"445\" data-end=\"459\">Polyamid<\/strong> und <strong data-start=\"463\" data-end=\"474\">Elasthan<\/strong> und verbinden Weichheit, Atmungsaktivit\u00e4t und optimale Feuchtigkeitsregulierung. Die Merinowolle, die aus <strong data-start=\"590\" data-end=\"607\">mulesingfreien<\/strong> Zuchtbetrieben stammt, h\u00e4lt den K\u00f6rper auch bei N\u00e4sse warm und trocken und verhindert auf nat\u00fcrliche Weise die Bildung unangenehmer Ger\u00fcche. <br data-start=\"731\" data-end=\"734\">Die <strong data-start=\"749\" data-end=\"761\" data-is-only-node=\"\">nahtlose<\/strong> Konstruktion garantiert eine enganliegende Passform ohne Reizungen, w\u00e4hrend die ergonomische Struktur Komfort und Bewegungsfreiheit in jeder Situation gew\u00e4hrleistet. Ideal f\u00fcr Trainingseinheiten mit geringer Intensit\u00e4t oder als Basisschicht in kalter Umgebung.<\/p>\n","protected":false},"excerpt":{"rendered":"<ul>\n<li>Weiches und strapazierf\u00e4higes Gewebe aus Merinowolle, Polyamid und Elasthan<\/li>\n<li>Nahtloses Design f\u00fcr h\u00f6chsten Komfort und ergonomische Passform<\/li>\n<li>Thermoregulierung und nat\u00fcrlicher Geruchsschutz<\/li>\n<\/ul>\n","protected":false},"featured_media":368545,"template":"","meta":{"_acf_changed":false,"inline_featured_image":false},"product_brand":[],"product_cat":[6401,6485],"product_tag":[6304,6232],"class_list":{"0":"post-367504","1":"product","2":"type-product","3":"status-publish","4":"has-post-thumbnail","6":"product_cat-damenbekleidung","7":"product_cat-damenwaesche-de","8":"product_tag-craft-de","9":"product_tag-craft-damen-de","10":"pa_attivita-fitness-de","11":"pa_attivita-gehen","12":"pa_attivita-lifestyle-de","13":"pa_attivita-outdoor-de","14":"pa_attivita-running-de","15":"pa_attivita-trail-de","16":"pa_colore-wool-seamless-hipster-w-black-de","17":"pa_marca-craft-de","18":"pa_sesso-damen","19":"pa_size-xs-s-de","20":"pa_size-m-l-de","22":"first","23":"instock","24":"sale","25":"taxable","26":"shipping-taxable","27":"purchasable","28":"product-type-variable","29":"wvs-archive-product-wrapper"},"acf":[],"yoast_head":"<!-- This site is optimized with the Yoast SEO plugin v26.8 - https:\/\/yoast.com\/product\/yoast-seo-wordpress\/ -->\n<title>Craft Wool Seamless Hipster damen - Unterw\u00e4sche - MioMioRun.com<\/title>\n<meta name=\"description\" content=\"Nahtlose Funktionsunterhosen aus Merinowolle: W\u00e4rme, Komfort und Atmungsaktivit\u00e4t, ideal f\u00fcr Outdoor-Aktivit\u00e4ten und den t\u00e4glichen Gebrauch.\" \/>\n<meta name=\"robots\" content=\"index, follow, max-snippet:-1, max-image-preview:large, max-video-preview:-1\" \/>\n<link rel=\"canonical\" href=\"https:\/\/www.miomiorun.com\/de\/produkt\/wool-seamless-hipster-damen\/\" \/>\n<meta property=\"og:locale\" content=\"de_DE\" \/>\n<meta property=\"og:type\" content=\"article\" \/>\n<meta property=\"og:title\" content=\"Craft Wool Seamless Hipster damen - Unterw\u00e4sche - MioMioRun.com\" \/>\n<meta property=\"og:description\" content=\"Nahtlose Funktionsunterhosen aus Merinowolle: W\u00e4rme, Komfort und Atmungsaktivit\u00e4t, ideal f\u00fcr Outdoor-Aktivit\u00e4ten und den t\u00e4glichen Gebrauch.\" \/>\n<meta property=\"og:url\" content=\"https:\/\/www.miomiorun.com\/de\/produkt\/wool-seamless-hipster-damen\/\" \/>\n<meta property=\"og:site_name\" content=\"MioMioRun\" \/>\n<meta property=\"article:publisher\" content=\"https:\/\/www.facebook.com\/miomiorun\/\" \/>\n<meta property=\"article:modified_time\" content=\"2026-04-17T08:30:32+00:00\" \/>\n<meta property=\"og:image\" content=\"https:\/\/www.miomiorun.com\/app\/uploads\/2025\/11\/craft-Wool-seamless-hipster-W-black-1916700-999000.webp\" \/>\n\t<meta property=\"og:image:width\" content=\"720\" \/>\n\t<meta property=\"og:image:height\" content=\"720\" \/>\n\t<meta property=\"og:image:type\" content=\"image\/webp\" \/>\n<meta name=\"twitter:card\" content=\"summary_large_image\" \/>\n<meta name=\"twitter:label1\" content=\"Est. reading time\" \/>\n\t<meta name=\"twitter:data1\" content=\"1 minute\" \/>\n<script type=\"application\/ld+json\" class=\"yoast-schema-graph\">{\"@context\":\"https:\/\/schema.org\",\"@graph\":[{\"@type\":\"WebPage\",\"@id\":\"https:\/\/www.miomiorun.com\/de\/produkt\/wool-seamless-hipster-damen\/\",\"url\":\"https:\/\/www.miomiorun.com\/de\/produkt\/wool-seamless-hipster-damen\/\",\"name\":\"Craft Wool Seamless Hipster damen - Unterw\u00e4sche - MioMioRun.com\",\"isPartOf\":{\"@id\":\"https:\/\/www.miomiorun.com\/de\/#website\"},\"primaryImageOfPage\":{\"@id\":\"https:\/\/www.miomiorun.com\/de\/produkt\/wool-seamless-hipster-damen\/#primaryimage\"},\"image\":{\"@id\":\"https:\/\/www.miomiorun.com\/de\/produkt\/wool-seamless-hipster-damen\/#primaryimage\"},\"thumbnailUrl\":\"https:\/\/www.miomiorun.com\/app\/uploads\/2025\/11\/craft-Wool-seamless-hipster-W-black-1916700-999000.webp\",\"datePublished\":\"2025-11-07T18:10:58+00:00\",\"dateModified\":\"2026-04-17T08:30:32+00:00\",\"description\":\"Nahtlose Funktionsunterhosen aus Merinowolle: W\u00e4rme, Komfort und Atmungsaktivit\u00e4t, ideal f\u00fcr Outdoor-Aktivit\u00e4ten und den t\u00e4glichen Gebrauch.\",\"breadcrumb\":{\"@id\":\"https:\/\/www.miomiorun.com\/de\/produkt\/wool-seamless-hipster-damen\/#breadcrumb\"},\"inLanguage\":\"de-DE\",\"potentialAction\":[{\"@type\":\"ReadAction\",\"target\":[\"https:\/\/www.miomiorun.com\/de\/produkt\/wool-seamless-hipster-damen\/\"]}]},{\"@type\":\"ImageObject\",\"inLanguage\":\"de-DE\",\"@id\":\"https:\/\/www.miomiorun.com\/de\/produkt\/wool-seamless-hipster-damen\/#primaryimage\",\"url\":\"https:\/\/www.miomiorun.com\/app\/uploads\/2025\/11\/craft-Wool-seamless-hipster-W-black-1916700-999000.webp\",\"contentUrl\":\"https:\/\/www.miomiorun.com\/app\/uploads\/2025\/11\/craft-Wool-seamless-hipster-W-black-1916700-999000.webp\",\"width\":720,\"height\":720,\"caption\":\"craft Wool seamless hipster W black 1916700-999000\"},{\"@type\":\"BreadcrumbList\",\"@id\":\"https:\/\/www.miomiorun.com\/de\/produkt\/wool-seamless-hipster-damen\/#breadcrumb\",\"itemListElement\":[{\"@type\":\"ListItem\",\"position\":1,\"name\":\"Home\",\"item\":\"https:\/\/www.miomiorun.com\/de\/\"},{\"@type\":\"ListItem\",\"position\":2,\"name\":\"Shop\",\"item\":\"https:\/\/www.miomiorun.com\/shop\/\"},{\"@type\":\"ListItem\",\"position\":3,\"name\":\"Wool Seamless Hipster damen\"}]},{\"@type\":\"WebSite\",\"@id\":\"https:\/\/www.miomiorun.com\/de\/#website\",\"url\":\"https:\/\/www.miomiorun.com\/de\/\",\"name\":\"MioMioRun\",\"description\":\"100% Lauf- und Trailshop\",\"publisher\":{\"@id\":\"https:\/\/www.miomiorun.com\/de\/#organization\"},\"potentialAction\":[{\"@type\":\"SearchAction\",\"target\":{\"@type\":\"EntryPoint\",\"urlTemplate\":\"https:\/\/www.miomiorun.com\/de\/?s={search_term_string}\"},\"query-input\":{\"@type\":\"PropertyValueSpecification\",\"valueRequired\":true,\"valueName\":\"search_term_string\"}}],\"inLanguage\":\"de-DE\"},{\"@type\":\"Organization\",\"@id\":\"https:\/\/www.miomiorun.com\/de\/#organization\",\"name\":\"MioMio Run\",\"url\":\"https:\/\/www.miomiorun.com\/de\/\",\"logo\":{\"@type\":\"ImageObject\",\"inLanguage\":\"de-DE\",\"@id\":\"https:\/\/www.miomiorun.com\/de\/#\/schema\/logo\/image\/\",\"url\":\"https:\/\/www.miomiorun.com\/app\/uploads\/2019\/12\/logomio.png\",\"contentUrl\":\"https:\/\/www.miomiorun.com\/app\/uploads\/2019\/12\/logomio.png\",\"width\":115,\"height\":82,\"caption\":\"MioMio Run\"},\"image\":{\"@id\":\"https:\/\/www.miomiorun.com\/de\/#\/schema\/logo\/image\/\"},\"sameAs\":[\"https:\/\/www.facebook.com\/miomiorun\/\",\"https:\/\/www.instagram.com\/miomiorun\/\"]}]}<\/script>\n<!-- \/ Yoast SEO plugin. -->","yoast_head_json":{"title":"Craft Wool Seamless Hipster damen - Unterw\u00e4sche - MioMioRun.com","description":"Nahtlose Funktionsunterhosen aus Merinowolle: W\u00e4rme, Komfort und Atmungsaktivit\u00e4t, ideal f\u00fcr Outdoor-Aktivit\u00e4ten und den t\u00e4glichen Gebrauch.","robots":{"index":"index","follow":"follow","max-snippet":"max-snippet:-1","max-image-preview":"max-image-preview:large","max-video-preview":"max-video-preview:-1"},"canonical":"https:\/\/www.miomiorun.com\/de\/produkt\/wool-seamless-hipster-damen\/","og_locale":"de_DE","og_type":"article","og_title":"Craft Wool Seamless Hipster damen - Unterw\u00e4sche - MioMioRun.com","og_description":"Nahtlose Funktionsunterhosen aus Merinowolle: W\u00e4rme, Komfort und Atmungsaktivit\u00e4t, ideal f\u00fcr Outdoor-Aktivit\u00e4ten und den t\u00e4glichen Gebrauch.","og_url":"https:\/\/www.miomiorun.com\/de\/produkt\/wool-seamless-hipster-damen\/","og_site_name":"MioMioRun","article_publisher":"https:\/\/www.facebook.com\/miomiorun\/","article_modified_time":"2026-04-17T08:30:32+00:00","og_image":[{"width":720,"height":720,"url":"https:\/\/www.miomiorun.com\/app\/uploads\/2025\/11\/craft-Wool-seamless-hipster-W-black-1916700-999000.webp","type":"image\/webp"}],"twitter_card":"summary_large_image","twitter_misc":{"Est. reading time":"1 minute"},"schema":{"@context":"https:\/\/schema.org","@graph":[{"@type":"WebPage","@id":"https:\/\/www.miomiorun.com\/de\/produkt\/wool-seamless-hipster-damen\/","url":"https:\/\/www.miomiorun.com\/de\/produkt\/wool-seamless-hipster-damen\/","name":"Craft Wool Seamless Hipster damen - Unterw\u00e4sche - MioMioRun.com","isPartOf":{"@id":"https:\/\/www.miomiorun.com\/de\/#website"},"primaryImageOfPage":{"@id":"https:\/\/www.miomiorun.com\/de\/produkt\/wool-seamless-hipster-damen\/#primaryimage"},"image":{"@id":"https:\/\/www.miomiorun.com\/de\/produkt\/wool-seamless-hipster-damen\/#primaryimage"},"thumbnailUrl":"https:\/\/www.miomiorun.com\/app\/uploads\/2025\/11\/craft-Wool-seamless-hipster-W-black-1916700-999000.webp","datePublished":"2025-11-07T18:10:58+00:00","dateModified":"2026-04-17T08:30:32+00:00","description":"Nahtlose Funktionsunterhosen aus Merinowolle: W\u00e4rme, Komfort und Atmungsaktivit\u00e4t, ideal f\u00fcr Outdoor-Aktivit\u00e4ten und den t\u00e4glichen Gebrauch.","breadcrumb":{"@id":"https:\/\/www.miomiorun.com\/de\/produkt\/wool-seamless-hipster-damen\/#breadcrumb"},"inLanguage":"de-DE","potentialAction":[{"@type":"ReadAction","target":["https:\/\/www.miomiorun.com\/de\/produkt\/wool-seamless-hipster-damen\/"]}]},{"@type":"ImageObject","inLanguage":"de-DE","@id":"https:\/\/www.miomiorun.com\/de\/produkt\/wool-seamless-hipster-damen\/#primaryimage","url":"https:\/\/www.miomiorun.com\/app\/uploads\/2025\/11\/craft-Wool-seamless-hipster-W-black-1916700-999000.webp","contentUrl":"https:\/\/www.miomiorun.com\/app\/uploads\/2025\/11\/craft-Wool-seamless-hipster-W-black-1916700-999000.webp","width":720,"height":720,"caption":"craft Wool seamless hipster W black 1916700-999000"},{"@type":"BreadcrumbList","@id":"https:\/\/www.miomiorun.com\/de\/produkt\/wool-seamless-hipster-damen\/#breadcrumb","itemListElement":[{"@type":"ListItem","position":1,"name":"Home","item":"https:\/\/www.miomiorun.com\/de\/"},{"@type":"ListItem","position":2,"name":"Shop","item":"https:\/\/www.miomiorun.com\/shop\/"},{"@type":"ListItem","position":3,"name":"Wool Seamless Hipster damen"}]},{"@type":"WebSite","@id":"https:\/\/www.miomiorun.com\/de\/#website","url":"https:\/\/www.miomiorun.com\/de\/","name":"MioMioRun","description":"100% Lauf- und Trailshop","publisher":{"@id":"https:\/\/www.miomiorun.com\/de\/#organization"},"potentialAction":[{"@type":"SearchAction","target":{"@type":"EntryPoint","urlTemplate":"https:\/\/www.miomiorun.com\/de\/?s={search_term_string}"},"query-input":{"@type":"PropertyValueSpecification","valueRequired":true,"valueName":"search_term_string"}}],"inLanguage":"de-DE"},{"@type":"Organization","@id":"https:\/\/www.miomiorun.com\/de\/#organization","name":"MioMio Run","url":"https:\/\/www.miomiorun.com\/de\/","logo":{"@type":"ImageObject","inLanguage":"de-DE","@id":"https:\/\/www.miomiorun.com\/de\/#\/schema\/logo\/image\/","url":"https:\/\/www.miomiorun.com\/app\/uploads\/2019\/12\/logomio.png","contentUrl":"https:\/\/www.miomiorun.com\/app\/uploads\/2019\/12\/logomio.png","width":115,"height":82,"caption":"MioMio Run"},"image":{"@id":"https:\/\/www.miomiorun.com\/de\/#\/schema\/logo\/image\/"},"sameAs":["https:\/\/www.facebook.com\/miomiorun\/","https:\/\/www.instagram.com\/miomiorun\/"]}]}},"_links":{"self":[{"href":"https:\/\/www.miomiorun.com\/de\/wp-json\/wp\/v2\/product\/367504","targetHints":{"allow":["GET"]}}],"collection":[{"href":"https:\/\/www.miomiorun.com\/de\/wp-json\/wp\/v2\/product"}],"about":[{"href":"https:\/\/www.miomiorun.com\/de\/wp-json\/wp\/v2\/types\/product"}],"wp:featuredmedia":[{"embeddable":true,"href":"https:\/\/www.miomiorun.com\/de\/wp-json\/wp\/v2\/media\/368545"}],"wp:attachment":[{"href":"https:\/\/www.miomiorun.com\/de\/wp-json\/wp\/v2\/media?parent=367504"}],"wp:term":[{"taxonomy":"product_brand","embeddable":true,"href":"https:\/\/www.miomiorun.com\/de\/wp-json\/wp\/v2\/product_brand?post=367504"},{"taxonomy":"product_cat","embeddable":true,"href":"https:\/\/www.miomiorun.com\/de\/wp-json\/wp\/v2\/product_cat?post=367504"},{"taxonomy":"product_tag","embeddable":true,"href":"https:\/\/www.miomiorun.com\/de\/wp-json\/wp\/v2\/product_tag?post=367504"}],"curies":[{"name":"wp","href":"https:\/\/api.w.org\/{rel}","templated":true}]}}