{"id":365527,"date":"2025-10-31T12:29:26","date_gmt":"2025-10-31T11:29:26","guid":{"rendered":"https:\/\/www.miomiorun.com\/?post_type=product&#038;p=365527"},"modified":"2026-04-17T10:31:53","modified_gmt":"2026-04-17T08:31:53","slug":"z-n-e-hoodie-herren","status":"publish","type":"product","link":"https:\/\/www.miomiorun.com\/de\/produkt\/z-n-e-hoodie-herren\/","title":{"rendered":"Z.N.E. Hoodie herren"},"content":{"rendered":"<div class=\"extra-instructions___2TR8b\">\n<p>Das M Z.N.E. HD Sweatshirt von adidas ist f\u00fcr Momente der Entspannung und Konzentration nach sportlicher Anstrengung konzipiert. Es besteht aus einem <strong data-start=\"282\" data-end=\"296\">dreilagigen<\/strong> Material mit doppelter Strickstruktur, das W\u00e4rme speichert und gleichzeitig Komfort und Schutz bietet. <br data-start=\"427\" data-end=\"430\">Das Design unterstreicht den Geist der Z.N.E.-Community: Die integrierte Kapuze und die weite Passform erm\u00f6glichen es dir, dich von der Au\u00dfenwelt abzuschotten, wenn du dich regenerieren m\u00f6chtest. <span class=\"\" data-state=\"closed\"><span class=\"ms-1 inline-flex max-w-full items-center relative top-[-0.094rem] animate-[show_150ms_ease-in]\" data-testid=\"webpage-citation-pill\"><\/span><\/span><br data-start=\"640\" data-end=\"643\">Angegebene Zusammensetzung: 57 % recyceltes Polyester und 43 % Baumwolle f\u00fcr ein Gleichgewicht zwischen Leistung und Nachhaltigkeit. <span class=\"\" data-state=\"closed\"><span class=\"ms-1 inline-flex max-w-full items-center relative top-[-0.094rem] animate-[show_150ms_ease-in]\" data-testid=\"webpage-citation-pill\"><\/span><\/span><br data-start=\"793\" data-end=\"796\">Die K\u00e4ngurutasche sorgt f\u00fcr Funktionalit\u00e4t, w\u00e4hrend der minimalistische Look mit matten Gummigrafiken den schlichten Sportstil unterstreicht.<\/p>\n<\/div>\n<div class=\"o-feature-callout__feature-copy\">\n<div class=\"o-feature-callout__feature-copy\">\n<div class=\"o-feature-callout__feature-copy\">\n<p class=\"a-type-p o-feature-callout__feature-body\">\n<\/div>\n<\/div>\n<\/div>\n","protected":false},"excerpt":{"rendered":"<ul class=\"m-long-description__features\">\n<li data-start=\"997\" data-end=\"1053\">\n<p data-start=\"999\" data-end=\"1053\">Dreilagiges Doppelgewebe f\u00fcr Isolierung und Komfort<\/p>\n<\/li>\n<li data-start=\"1054\" data-end=\"1117\">\n<p data-start=\"1056\" data-end=\"1117\">Integrierte Kapuze, lockere Passform f\u00fcr entspannte Momente<\/p>\n<\/li>\n<li data-start=\"1173\" data-end=\"1239\">\n<p data-start=\"1175\" data-end=\"1239\">K\u00e4ngurutasche und matte Gummidetails f\u00fcr einen technischen Stil<\/p>\n<\/li>\n<\/ul>\n<p><span style=\"font-weight: 400\">&nbsp;<\/span><\/p>\n","protected":false},"featured_media":366942,"template":"","meta":{"_acf_changed":false,"inline_featured_image":false},"product_brand":[],"product_cat":[6515,6540,6541],"product_tag":[3403,6307],"class_list":{"0":"post-365527","1":"product","2":"type-product","3":"status-publish","4":"has-post-thumbnail","6":"product_cat-herren-de","7":"product_cat-herrenbekleidung","8":"product_cat-langarmshirt","9":"product_tag-adidas-de","10":"product_tag-adidas-herren-de","11":"pa_attivita-lifestyle-de","12":"pa_colore-m-z-n-e-hd-black-de","13":"pa_marca-adidas-de","14":"pa_sesso-herren","15":"pa_size-extra-small-de","16":"pa_size-small-de","17":"pa_size-medium-de","18":"pa_size-large-de","20":"first","21":"instock","22":"sale","23":"taxable","24":"shipping-taxable","25":"purchasable","26":"product-type-variable","27":"wvs-archive-product-wrapper"},"acf":[],"yoast_head":"<!-- This site is optimized with the Yoast SEO plugin v26.8 - https:\/\/yoast.com\/product\/yoast-seo-wordpress\/ -->\n<title>Adidas Z.N.E. Hoodie herren - Herren-Kapuzenpullover - MioMioRun<\/title>\n<meta name=\"description\" content=\"Herren-Sweatshirt adidas M Z.N.E. HD: Komfort, W\u00e4rme und Stil. Dreilagiges Funktionsmaterial und Kapuze f\u00fcr einen sportlichen, l\u00e4ssigen Look.\" \/>\n<meta name=\"robots\" content=\"index, follow, max-snippet:-1, max-image-preview:large, max-video-preview:-1\" \/>\n<link rel=\"canonical\" href=\"https:\/\/www.miomiorun.com\/de\/produkt\/z-n-e-hoodie-herren\/\" \/>\n<meta property=\"og:locale\" content=\"de_DE\" \/>\n<meta property=\"og:type\" content=\"article\" \/>\n<meta property=\"og:title\" content=\"Adidas Z.N.E. Hoodie herren - Herren-Kapuzenpullover - MioMioRun\" \/>\n<meta property=\"og:description\" content=\"Herren-Sweatshirt adidas M Z.N.E. HD: Komfort, W\u00e4rme und Stil. Dreilagiges Funktionsmaterial und Kapuze f\u00fcr einen sportlichen, l\u00e4ssigen Look.\" \/>\n<meta property=\"og:url\" content=\"https:\/\/www.miomiorun.com\/de\/produkt\/z-n-e-hoodie-herren\/\" \/>\n<meta property=\"og:site_name\" content=\"MioMioRun\" \/>\n<meta property=\"article:publisher\" content=\"https:\/\/www.facebook.com\/miomiorun\/\" \/>\n<meta property=\"article:modified_time\" content=\"2026-04-17T08:31:53+00:00\" \/>\n<meta property=\"og:image\" content=\"https:\/\/www.miomiorun.com\/app\/uploads\/2025\/11\/adidas-M-Z.N.E.-HD-black-JE7537.webp\" \/>\n\t<meta property=\"og:image:width\" content=\"720\" \/>\n\t<meta property=\"og:image:height\" content=\"720\" \/>\n\t<meta property=\"og:image:type\" content=\"image\/webp\" \/>\n<meta name=\"twitter:card\" content=\"summary_large_image\" \/>\n<meta name=\"twitter:label1\" content=\"Est. reading time\" \/>\n\t<meta name=\"twitter:data1\" content=\"1 minute\" \/>\n<script type=\"application\/ld+json\" class=\"yoast-schema-graph\">{\"@context\":\"https:\/\/schema.org\",\"@graph\":[{\"@type\":\"WebPage\",\"@id\":\"https:\/\/www.miomiorun.com\/de\/produkt\/z-n-e-hoodie-herren\/\",\"url\":\"https:\/\/www.miomiorun.com\/de\/produkt\/z-n-e-hoodie-herren\/\",\"name\":\"Adidas Z.N.E. Hoodie herren - Herren-Kapuzenpullover - MioMioRun\",\"isPartOf\":{\"@id\":\"https:\/\/www.miomiorun.com\/de\/#website\"},\"primaryImageOfPage\":{\"@id\":\"https:\/\/www.miomiorun.com\/de\/produkt\/z-n-e-hoodie-herren\/#primaryimage\"},\"image\":{\"@id\":\"https:\/\/www.miomiorun.com\/de\/produkt\/z-n-e-hoodie-herren\/#primaryimage\"},\"thumbnailUrl\":\"https:\/\/www.miomiorun.com\/app\/uploads\/2025\/11\/adidas-M-Z.N.E.-HD-black-JE7537.webp\",\"datePublished\":\"2025-10-31T11:29:26+00:00\",\"dateModified\":\"2026-04-17T08:31:53+00:00\",\"description\":\"Herren-Sweatshirt adidas M Z.N.E. HD: Komfort, W\u00e4rme und Stil. Dreilagiges Funktionsmaterial und Kapuze f\u00fcr einen sportlichen, l\u00e4ssigen Look.\",\"breadcrumb\":{\"@id\":\"https:\/\/www.miomiorun.com\/de\/produkt\/z-n-e-hoodie-herren\/#breadcrumb\"},\"inLanguage\":\"de-DE\",\"potentialAction\":[{\"@type\":\"ReadAction\",\"target\":[\"https:\/\/www.miomiorun.com\/de\/produkt\/z-n-e-hoodie-herren\/\"]}]},{\"@type\":\"ImageObject\",\"inLanguage\":\"de-DE\",\"@id\":\"https:\/\/www.miomiorun.com\/de\/produkt\/z-n-e-hoodie-herren\/#primaryimage\",\"url\":\"https:\/\/www.miomiorun.com\/app\/uploads\/2025\/11\/adidas-M-Z.N.E.-HD-black-JE7537.webp\",\"contentUrl\":\"https:\/\/www.miomiorun.com\/app\/uploads\/2025\/11\/adidas-M-Z.N.E.-HD-black-JE7537.webp\",\"width\":720,\"height\":720,\"caption\":\"adidas M Z.N.E. HD black JE7537\"},{\"@type\":\"BreadcrumbList\",\"@id\":\"https:\/\/www.miomiorun.com\/de\/produkt\/z-n-e-hoodie-herren\/#breadcrumb\",\"itemListElement\":[{\"@type\":\"ListItem\",\"position\":1,\"name\":\"Home\",\"item\":\"https:\/\/www.miomiorun.com\/de\/\"},{\"@type\":\"ListItem\",\"position\":2,\"name\":\"Shop\",\"item\":\"https:\/\/www.miomiorun.com\/shop\/\"},{\"@type\":\"ListItem\",\"position\":3,\"name\":\"Z.N.E. Hoodie herren\"}]},{\"@type\":\"WebSite\",\"@id\":\"https:\/\/www.miomiorun.com\/de\/#website\",\"url\":\"https:\/\/www.miomiorun.com\/de\/\",\"name\":\"MioMioRun\",\"description\":\"100% Lauf- und Trailshop\",\"publisher\":{\"@id\":\"https:\/\/www.miomiorun.com\/de\/#organization\"},\"potentialAction\":[{\"@type\":\"SearchAction\",\"target\":{\"@type\":\"EntryPoint\",\"urlTemplate\":\"https:\/\/www.miomiorun.com\/de\/?s={search_term_string}\"},\"query-input\":{\"@type\":\"PropertyValueSpecification\",\"valueRequired\":true,\"valueName\":\"search_term_string\"}}],\"inLanguage\":\"de-DE\"},{\"@type\":\"Organization\",\"@id\":\"https:\/\/www.miomiorun.com\/de\/#organization\",\"name\":\"MioMio Run\",\"url\":\"https:\/\/www.miomiorun.com\/de\/\",\"logo\":{\"@type\":\"ImageObject\",\"inLanguage\":\"de-DE\",\"@id\":\"https:\/\/www.miomiorun.com\/de\/#\/schema\/logo\/image\/\",\"url\":\"https:\/\/www.miomiorun.com\/app\/uploads\/2019\/12\/logomio.png\",\"contentUrl\":\"https:\/\/www.miomiorun.com\/app\/uploads\/2019\/12\/logomio.png\",\"width\":115,\"height\":82,\"caption\":\"MioMio Run\"},\"image\":{\"@id\":\"https:\/\/www.miomiorun.com\/de\/#\/schema\/logo\/image\/\"},\"sameAs\":[\"https:\/\/www.facebook.com\/miomiorun\/\",\"https:\/\/www.instagram.com\/miomiorun\/\"]}]}<\/script>\n<!-- \/ Yoast SEO plugin. -->","yoast_head_json":{"title":"Adidas Z.N.E. Hoodie herren - Herren-Kapuzenpullover - MioMioRun","description":"Herren-Sweatshirt adidas M Z.N.E. HD: Komfort, W\u00e4rme und Stil. Dreilagiges Funktionsmaterial und Kapuze f\u00fcr einen sportlichen, l\u00e4ssigen Look.","robots":{"index":"index","follow":"follow","max-snippet":"max-snippet:-1","max-image-preview":"max-image-preview:large","max-video-preview":"max-video-preview:-1"},"canonical":"https:\/\/www.miomiorun.com\/de\/produkt\/z-n-e-hoodie-herren\/","og_locale":"de_DE","og_type":"article","og_title":"Adidas Z.N.E. Hoodie herren - Herren-Kapuzenpullover - MioMioRun","og_description":"Herren-Sweatshirt adidas M Z.N.E. HD: Komfort, W\u00e4rme und Stil. Dreilagiges Funktionsmaterial und Kapuze f\u00fcr einen sportlichen, l\u00e4ssigen Look.","og_url":"https:\/\/www.miomiorun.com\/de\/produkt\/z-n-e-hoodie-herren\/","og_site_name":"MioMioRun","article_publisher":"https:\/\/www.facebook.com\/miomiorun\/","article_modified_time":"2026-04-17T08:31:53+00:00","og_image":[{"width":720,"height":720,"url":"https:\/\/www.miomiorun.com\/app\/uploads\/2025\/11\/adidas-M-Z.N.E.-HD-black-JE7537.webp","type":"image\/webp"}],"twitter_card":"summary_large_image","twitter_misc":{"Est. reading time":"1 minute"},"schema":{"@context":"https:\/\/schema.org","@graph":[{"@type":"WebPage","@id":"https:\/\/www.miomiorun.com\/de\/produkt\/z-n-e-hoodie-herren\/","url":"https:\/\/www.miomiorun.com\/de\/produkt\/z-n-e-hoodie-herren\/","name":"Adidas Z.N.E. Hoodie herren - Herren-Kapuzenpullover - MioMioRun","isPartOf":{"@id":"https:\/\/www.miomiorun.com\/de\/#website"},"primaryImageOfPage":{"@id":"https:\/\/www.miomiorun.com\/de\/produkt\/z-n-e-hoodie-herren\/#primaryimage"},"image":{"@id":"https:\/\/www.miomiorun.com\/de\/produkt\/z-n-e-hoodie-herren\/#primaryimage"},"thumbnailUrl":"https:\/\/www.miomiorun.com\/app\/uploads\/2025\/11\/adidas-M-Z.N.E.-HD-black-JE7537.webp","datePublished":"2025-10-31T11:29:26+00:00","dateModified":"2026-04-17T08:31:53+00:00","description":"Herren-Sweatshirt adidas M Z.N.E. HD: Komfort, W\u00e4rme und Stil. Dreilagiges Funktionsmaterial und Kapuze f\u00fcr einen sportlichen, l\u00e4ssigen Look.","breadcrumb":{"@id":"https:\/\/www.miomiorun.com\/de\/produkt\/z-n-e-hoodie-herren\/#breadcrumb"},"inLanguage":"de-DE","potentialAction":[{"@type":"ReadAction","target":["https:\/\/www.miomiorun.com\/de\/produkt\/z-n-e-hoodie-herren\/"]}]},{"@type":"ImageObject","inLanguage":"de-DE","@id":"https:\/\/www.miomiorun.com\/de\/produkt\/z-n-e-hoodie-herren\/#primaryimage","url":"https:\/\/www.miomiorun.com\/app\/uploads\/2025\/11\/adidas-M-Z.N.E.-HD-black-JE7537.webp","contentUrl":"https:\/\/www.miomiorun.com\/app\/uploads\/2025\/11\/adidas-M-Z.N.E.-HD-black-JE7537.webp","width":720,"height":720,"caption":"adidas M Z.N.E. HD black JE7537"},{"@type":"BreadcrumbList","@id":"https:\/\/www.miomiorun.com\/de\/produkt\/z-n-e-hoodie-herren\/#breadcrumb","itemListElement":[{"@type":"ListItem","position":1,"name":"Home","item":"https:\/\/www.miomiorun.com\/de\/"},{"@type":"ListItem","position":2,"name":"Shop","item":"https:\/\/www.miomiorun.com\/shop\/"},{"@type":"ListItem","position":3,"name":"Z.N.E. Hoodie herren"}]},{"@type":"WebSite","@id":"https:\/\/www.miomiorun.com\/de\/#website","url":"https:\/\/www.miomiorun.com\/de\/","name":"MioMioRun","description":"100% Lauf- und Trailshop","publisher":{"@id":"https:\/\/www.miomiorun.com\/de\/#organization"},"potentialAction":[{"@type":"SearchAction","target":{"@type":"EntryPoint","urlTemplate":"https:\/\/www.miomiorun.com\/de\/?s={search_term_string}"},"query-input":{"@type":"PropertyValueSpecification","valueRequired":true,"valueName":"search_term_string"}}],"inLanguage":"de-DE"},{"@type":"Organization","@id":"https:\/\/www.miomiorun.com\/de\/#organization","name":"MioMio Run","url":"https:\/\/www.miomiorun.com\/de\/","logo":{"@type":"ImageObject","inLanguage":"de-DE","@id":"https:\/\/www.miomiorun.com\/de\/#\/schema\/logo\/image\/","url":"https:\/\/www.miomiorun.com\/app\/uploads\/2019\/12\/logomio.png","contentUrl":"https:\/\/www.miomiorun.com\/app\/uploads\/2019\/12\/logomio.png","width":115,"height":82,"caption":"MioMio Run"},"image":{"@id":"https:\/\/www.miomiorun.com\/de\/#\/schema\/logo\/image\/"},"sameAs":["https:\/\/www.facebook.com\/miomiorun\/","https:\/\/www.instagram.com\/miomiorun\/"]}]}},"_links":{"self":[{"href":"https:\/\/www.miomiorun.com\/de\/wp-json\/wp\/v2\/product\/365527","targetHints":{"allow":["GET"]}}],"collection":[{"href":"https:\/\/www.miomiorun.com\/de\/wp-json\/wp\/v2\/product"}],"about":[{"href":"https:\/\/www.miomiorun.com\/de\/wp-json\/wp\/v2\/types\/product"}],"wp:featuredmedia":[{"embeddable":true,"href":"https:\/\/www.miomiorun.com\/de\/wp-json\/wp\/v2\/media\/366942"}],"wp:attachment":[{"href":"https:\/\/www.miomiorun.com\/de\/wp-json\/wp\/v2\/media?parent=365527"}],"wp:term":[{"taxonomy":"product_brand","embeddable":true,"href":"https:\/\/www.miomiorun.com\/de\/wp-json\/wp\/v2\/product_brand?post=365527"},{"taxonomy":"product_cat","embeddable":true,"href":"https:\/\/www.miomiorun.com\/de\/wp-json\/wp\/v2\/product_cat?post=365527"},{"taxonomy":"product_tag","embeddable":true,"href":"https:\/\/www.miomiorun.com\/de\/wp-json\/wp\/v2\/product_tag?post=365527"}],"curies":[{"name":"wp","href":"https:\/\/api.w.org\/{rel}","templated":true}]}}