{"id":365499,"date":"2025-10-31T12:12:05","date_gmt":"2025-10-31T11:12:05","guid":{"rendered":"https:\/\/www.miomiorun.com\/?post_type=product&#038;p=365499"},"modified":"2026-05-08T16:24:18","modified_gmt":"2026-05-08T14:24:18","slug":"t-shirt-z-n-e-loose-fit-herren","status":"publish","type":"product","link":"https:\/\/www.miomiorun.com\/de\/produkt\/t-shirt-z-n-e-loose-fit-herren\/","title":{"rendered":"T-shirt Z.N.E. Loose-Fit herren"},"content":{"rendered":"<p>Dieses adidas T-Shirt wurde f\u00fcr alle entwickelt, die Sport als Teamgeist und Verbundenheit leben. Es bietet dank seines <strong data-start=\"387\" data-end=\"406\">angenehm k\u00fchlen<\/strong> Materials und seiner <strong data-start=\"414\" data-end=\"435\">weiten Passform<\/strong> h\u00f6chsten Tragekomfort und garantiert Bewegungsfreiheit in jeder Situation. Das schlichte Design wird durch das <strong data-start=\"539\" data-end=\"553\">3-Streifen-Logo<\/strong> auf der Brust erg\u00e4nzt, das f\u00fcr die Identit\u00e4t und Tradition von adidas steht.<br data-start=\"613\" data-end=\"616\">Es besteht zu mindestens <strong data-start=\"639\" data-end=\"669\">70 % aus recycelten Materialien<\/strong> und tr\u00e4gt so zur Reduzierung von Abfall und zum schonenden Umgang mit nicht erneuerbaren Ressourcen bei. Damit vereint es Leistung und Umweltbewusstsein in einem Kleidungsst\u00fcck, das sich perfekt f\u00fcr Training und Freizeit eignet.<\/p>\n","protected":false},"excerpt":{"rendered":"<ul>\n<li data-start=\"877\" data-end=\"940\">\n<p data-start=\"879\" data-end=\"940\">Technisches Gewebe <strong data-start=\"895\" data-end=\"914\">mit k\u00fchler Haptik<\/strong> f\u00fcr lang anhaltenden Komfort<\/p>\n<\/li>\n<li data-start=\"941\" data-end=\"1003\">\n<p data-start=\"943\" data-end=\"1003\">Weite Passform f\u00fcr Bewegungsfreiheit und sportlichen Look<\/p>\n<\/li>\n<li data-start=\"1004\" data-end=\"1086\">\n<p data-start=\"1006\" data-end=\"1086\">Mindestens <strong data-start=\"1013\" data-end=\"1043\">70 % recycelte Materialien<\/strong> zur Reduzierung von Abfall und Umweltbelastung<\/p>\n<\/li>\n<\/ul>\n","protected":false},"featured_media":366963,"template":"","meta":{"_acf_changed":false,"inline_featured_image":false},"product_brand":[],"product_cat":[6540,6508],"product_tag":[3403,6307],"class_list":{"0":"post-365499","1":"product","2":"type-product","3":"status-publish","4":"has-post-thumbnail","6":"product_cat-herrenbekleidung","7":"product_cat-herrent-shirt","8":"product_tag-adidas-de","9":"product_tag-adidas-herren-de","10":"pa_attivita-gehen","11":"pa_attivita-running-de","12":"pa_colore-m-z-n-e-tee-lo-white-de","13":"pa_marca-adidas-de","14":"pa_sesso-herren","15":"pa_size-small-de","16":"pa_size-medium-de","17":"pa_size-large-de","19":"first","20":"instock","21":"sale","22":"taxable","23":"shipping-taxable","24":"purchasable","25":"product-type-variable","26":"wvs-archive-product-wrapper"},"acf":[],"yoast_head":"<!-- This site is optimized with the Yoast SEO plugin v26.8 - https:\/\/yoast.com\/product\/yoast-seo-wordpress\/ -->\n<title>Adidas T-shirt Z.N.E. Loose-Fit herren - Herren-T-Shirt - MioMioRun<\/title>\n<meta name=\"description\" content=\"T-Shirt adidas 3 Bar Logo aus k\u00fchlem, zu 70 % recyceltem Material. Weite Passform, sportlicher Tragekomfort und nachhaltiger Stil f\u00fcr jeden Anlass.\" \/>\n<meta name=\"robots\" content=\"index, follow, max-snippet:-1, max-image-preview:large, max-video-preview:-1\" \/>\n<link rel=\"canonical\" href=\"https:\/\/www.miomiorun.com\/de\/produkt\/t-shirt-z-n-e-loose-fit-herren\/\" \/>\n<meta property=\"og:locale\" content=\"de_DE\" \/>\n<meta property=\"og:type\" content=\"article\" \/>\n<meta property=\"og:title\" content=\"Adidas T-shirt Z.N.E. Loose-Fit herren - Herren-T-Shirt - MioMioRun\" \/>\n<meta property=\"og:description\" content=\"T-Shirt adidas 3 Bar Logo aus k\u00fchlem, zu 70 % recyceltem Material. Weite Passform, sportlicher Tragekomfort und nachhaltiger Stil f\u00fcr jeden Anlass.\" \/>\n<meta property=\"og:url\" content=\"https:\/\/www.miomiorun.com\/de\/produkt\/t-shirt-z-n-e-loose-fit-herren\/\" \/>\n<meta property=\"og:site_name\" content=\"MioMioRun\" \/>\n<meta property=\"article:publisher\" content=\"https:\/\/www.facebook.com\/miomiorun\/\" \/>\n<meta property=\"article:modified_time\" content=\"2026-05-08T14:24:18+00:00\" \/>\n<meta property=\"og:image\" content=\"https:\/\/www.miomiorun.com\/app\/uploads\/2025\/11\/adidas-M-Z.N.E.-TEE-LO-WHITE-JC5482.webp\" \/>\n\t<meta property=\"og:image:width\" content=\"720\" \/>\n\t<meta property=\"og:image:height\" content=\"720\" \/>\n\t<meta property=\"og:image:type\" content=\"image\/webp\" \/>\n<meta name=\"twitter:card\" content=\"summary_large_image\" \/>\n<meta name=\"twitter:label1\" content=\"Est. reading time\" \/>\n\t<meta name=\"twitter:data1\" content=\"1 minute\" \/>\n<script type=\"application\/ld+json\" class=\"yoast-schema-graph\">{\"@context\":\"https:\/\/schema.org\",\"@graph\":[{\"@type\":\"WebPage\",\"@id\":\"https:\/\/www.miomiorun.com\/de\/produkt\/t-shirt-z-n-e-loose-fit-herren\/\",\"url\":\"https:\/\/www.miomiorun.com\/de\/produkt\/t-shirt-z-n-e-loose-fit-herren\/\",\"name\":\"Adidas T-shirt Z.N.E. Loose-Fit herren - Herren-T-Shirt - MioMioRun\",\"isPartOf\":{\"@id\":\"https:\/\/www.miomiorun.com\/de\/#website\"},\"primaryImageOfPage\":{\"@id\":\"https:\/\/www.miomiorun.com\/de\/produkt\/t-shirt-z-n-e-loose-fit-herren\/#primaryimage\"},\"image\":{\"@id\":\"https:\/\/www.miomiorun.com\/de\/produkt\/t-shirt-z-n-e-loose-fit-herren\/#primaryimage\"},\"thumbnailUrl\":\"https:\/\/www.miomiorun.com\/app\/uploads\/2025\/11\/adidas-M-Z.N.E.-TEE-LO-WHITE-JC5482.webp\",\"datePublished\":\"2025-10-31T11:12:05+00:00\",\"dateModified\":\"2026-05-08T14:24:18+00:00\",\"description\":\"T-Shirt adidas 3 Bar Logo aus k\u00fchlem, zu 70 % recyceltem Material. Weite Passform, sportlicher Tragekomfort und nachhaltiger Stil f\u00fcr jeden Anlass.\",\"breadcrumb\":{\"@id\":\"https:\/\/www.miomiorun.com\/de\/produkt\/t-shirt-z-n-e-loose-fit-herren\/#breadcrumb\"},\"inLanguage\":\"de-DE\",\"potentialAction\":[{\"@type\":\"ReadAction\",\"target\":[\"https:\/\/www.miomiorun.com\/de\/produkt\/t-shirt-z-n-e-loose-fit-herren\/\"]}]},{\"@type\":\"ImageObject\",\"inLanguage\":\"de-DE\",\"@id\":\"https:\/\/www.miomiorun.com\/de\/produkt\/t-shirt-z-n-e-loose-fit-herren\/#primaryimage\",\"url\":\"https:\/\/www.miomiorun.com\/app\/uploads\/2025\/11\/adidas-M-Z.N.E.-TEE-LO-WHITE-JC5482.webp\",\"contentUrl\":\"https:\/\/www.miomiorun.com\/app\/uploads\/2025\/11\/adidas-M-Z.N.E.-TEE-LO-WHITE-JC5482.webp\",\"width\":720,\"height\":720,\"caption\":\"adidas M Z.N.E. TEE LO WHITE JC5482\"},{\"@type\":\"BreadcrumbList\",\"@id\":\"https:\/\/www.miomiorun.com\/de\/produkt\/t-shirt-z-n-e-loose-fit-herren\/#breadcrumb\",\"itemListElement\":[{\"@type\":\"ListItem\",\"position\":1,\"name\":\"Home\",\"item\":\"https:\/\/www.miomiorun.com\/de\/\"},{\"@type\":\"ListItem\",\"position\":2,\"name\":\"Shop\",\"item\":\"https:\/\/www.miomiorun.com\/shop\/\"},{\"@type\":\"ListItem\",\"position\":3,\"name\":\"T-shirt Z.N.E. Loose-Fit herren\"}]},{\"@type\":\"WebSite\",\"@id\":\"https:\/\/www.miomiorun.com\/de\/#website\",\"url\":\"https:\/\/www.miomiorun.com\/de\/\",\"name\":\"MioMioRun\",\"description\":\"100% Lauf- und Trailshop\",\"publisher\":{\"@id\":\"https:\/\/www.miomiorun.com\/de\/#organization\"},\"potentialAction\":[{\"@type\":\"SearchAction\",\"target\":{\"@type\":\"EntryPoint\",\"urlTemplate\":\"https:\/\/www.miomiorun.com\/de\/?s={search_term_string}\"},\"query-input\":{\"@type\":\"PropertyValueSpecification\",\"valueRequired\":true,\"valueName\":\"search_term_string\"}}],\"inLanguage\":\"de-DE\"},{\"@type\":\"Organization\",\"@id\":\"https:\/\/www.miomiorun.com\/de\/#organization\",\"name\":\"MioMio Run\",\"url\":\"https:\/\/www.miomiorun.com\/de\/\",\"logo\":{\"@type\":\"ImageObject\",\"inLanguage\":\"de-DE\",\"@id\":\"https:\/\/www.miomiorun.com\/de\/#\/schema\/logo\/image\/\",\"url\":\"https:\/\/www.miomiorun.com\/app\/uploads\/2019\/12\/logomio.png\",\"contentUrl\":\"https:\/\/www.miomiorun.com\/app\/uploads\/2019\/12\/logomio.png\",\"width\":115,\"height\":82,\"caption\":\"MioMio Run\"},\"image\":{\"@id\":\"https:\/\/www.miomiorun.com\/de\/#\/schema\/logo\/image\/\"},\"sameAs\":[\"https:\/\/www.facebook.com\/miomiorun\/\",\"https:\/\/www.instagram.com\/miomiorun\/\"]}]}<\/script>\n<!-- \/ Yoast SEO plugin. -->","yoast_head_json":{"title":"Adidas T-shirt Z.N.E. Loose-Fit herren - Herren-T-Shirt - MioMioRun","description":"T-Shirt adidas 3 Bar Logo aus k\u00fchlem, zu 70 % recyceltem Material. Weite Passform, sportlicher Tragekomfort und nachhaltiger Stil f\u00fcr jeden Anlass.","robots":{"index":"index","follow":"follow","max-snippet":"max-snippet:-1","max-image-preview":"max-image-preview:large","max-video-preview":"max-video-preview:-1"},"canonical":"https:\/\/www.miomiorun.com\/de\/produkt\/t-shirt-z-n-e-loose-fit-herren\/","og_locale":"de_DE","og_type":"article","og_title":"Adidas T-shirt Z.N.E. Loose-Fit herren - Herren-T-Shirt - MioMioRun","og_description":"T-Shirt adidas 3 Bar Logo aus k\u00fchlem, zu 70 % recyceltem Material. Weite Passform, sportlicher Tragekomfort und nachhaltiger Stil f\u00fcr jeden Anlass.","og_url":"https:\/\/www.miomiorun.com\/de\/produkt\/t-shirt-z-n-e-loose-fit-herren\/","og_site_name":"MioMioRun","article_publisher":"https:\/\/www.facebook.com\/miomiorun\/","article_modified_time":"2026-05-08T14:24:18+00:00","og_image":[{"width":720,"height":720,"url":"https:\/\/www.miomiorun.com\/app\/uploads\/2025\/11\/adidas-M-Z.N.E.-TEE-LO-WHITE-JC5482.webp","type":"image\/webp"}],"twitter_card":"summary_large_image","twitter_misc":{"Est. reading time":"1 minute"},"schema":{"@context":"https:\/\/schema.org","@graph":[{"@type":"WebPage","@id":"https:\/\/www.miomiorun.com\/de\/produkt\/t-shirt-z-n-e-loose-fit-herren\/","url":"https:\/\/www.miomiorun.com\/de\/produkt\/t-shirt-z-n-e-loose-fit-herren\/","name":"Adidas T-shirt Z.N.E. Loose-Fit herren - Herren-T-Shirt - MioMioRun","isPartOf":{"@id":"https:\/\/www.miomiorun.com\/de\/#website"},"primaryImageOfPage":{"@id":"https:\/\/www.miomiorun.com\/de\/produkt\/t-shirt-z-n-e-loose-fit-herren\/#primaryimage"},"image":{"@id":"https:\/\/www.miomiorun.com\/de\/produkt\/t-shirt-z-n-e-loose-fit-herren\/#primaryimage"},"thumbnailUrl":"https:\/\/www.miomiorun.com\/app\/uploads\/2025\/11\/adidas-M-Z.N.E.-TEE-LO-WHITE-JC5482.webp","datePublished":"2025-10-31T11:12:05+00:00","dateModified":"2026-05-08T14:24:18+00:00","description":"T-Shirt adidas 3 Bar Logo aus k\u00fchlem, zu 70 % recyceltem Material. Weite Passform, sportlicher Tragekomfort und nachhaltiger Stil f\u00fcr jeden Anlass.","breadcrumb":{"@id":"https:\/\/www.miomiorun.com\/de\/produkt\/t-shirt-z-n-e-loose-fit-herren\/#breadcrumb"},"inLanguage":"de-DE","potentialAction":[{"@type":"ReadAction","target":["https:\/\/www.miomiorun.com\/de\/produkt\/t-shirt-z-n-e-loose-fit-herren\/"]}]},{"@type":"ImageObject","inLanguage":"de-DE","@id":"https:\/\/www.miomiorun.com\/de\/produkt\/t-shirt-z-n-e-loose-fit-herren\/#primaryimage","url":"https:\/\/www.miomiorun.com\/app\/uploads\/2025\/11\/adidas-M-Z.N.E.-TEE-LO-WHITE-JC5482.webp","contentUrl":"https:\/\/www.miomiorun.com\/app\/uploads\/2025\/11\/adidas-M-Z.N.E.-TEE-LO-WHITE-JC5482.webp","width":720,"height":720,"caption":"adidas M Z.N.E. TEE LO WHITE JC5482"},{"@type":"BreadcrumbList","@id":"https:\/\/www.miomiorun.com\/de\/produkt\/t-shirt-z-n-e-loose-fit-herren\/#breadcrumb","itemListElement":[{"@type":"ListItem","position":1,"name":"Home","item":"https:\/\/www.miomiorun.com\/de\/"},{"@type":"ListItem","position":2,"name":"Shop","item":"https:\/\/www.miomiorun.com\/shop\/"},{"@type":"ListItem","position":3,"name":"T-shirt Z.N.E. Loose-Fit herren"}]},{"@type":"WebSite","@id":"https:\/\/www.miomiorun.com\/de\/#website","url":"https:\/\/www.miomiorun.com\/de\/","name":"MioMioRun","description":"100% Lauf- und Trailshop","publisher":{"@id":"https:\/\/www.miomiorun.com\/de\/#organization"},"potentialAction":[{"@type":"SearchAction","target":{"@type":"EntryPoint","urlTemplate":"https:\/\/www.miomiorun.com\/de\/?s={search_term_string}"},"query-input":{"@type":"PropertyValueSpecification","valueRequired":true,"valueName":"search_term_string"}}],"inLanguage":"de-DE"},{"@type":"Organization","@id":"https:\/\/www.miomiorun.com\/de\/#organization","name":"MioMio Run","url":"https:\/\/www.miomiorun.com\/de\/","logo":{"@type":"ImageObject","inLanguage":"de-DE","@id":"https:\/\/www.miomiorun.com\/de\/#\/schema\/logo\/image\/","url":"https:\/\/www.miomiorun.com\/app\/uploads\/2019\/12\/logomio.png","contentUrl":"https:\/\/www.miomiorun.com\/app\/uploads\/2019\/12\/logomio.png","width":115,"height":82,"caption":"MioMio Run"},"image":{"@id":"https:\/\/www.miomiorun.com\/de\/#\/schema\/logo\/image\/"},"sameAs":["https:\/\/www.facebook.com\/miomiorun\/","https:\/\/www.instagram.com\/miomiorun\/"]}]}},"_links":{"self":[{"href":"https:\/\/www.miomiorun.com\/de\/wp-json\/wp\/v2\/product\/365499","targetHints":{"allow":["GET"]}}],"collection":[{"href":"https:\/\/www.miomiorun.com\/de\/wp-json\/wp\/v2\/product"}],"about":[{"href":"https:\/\/www.miomiorun.com\/de\/wp-json\/wp\/v2\/types\/product"}],"wp:featuredmedia":[{"embeddable":true,"href":"https:\/\/www.miomiorun.com\/de\/wp-json\/wp\/v2\/media\/366963"}],"wp:attachment":[{"href":"https:\/\/www.miomiorun.com\/de\/wp-json\/wp\/v2\/media?parent=365499"}],"wp:term":[{"taxonomy":"product_brand","embeddable":true,"href":"https:\/\/www.miomiorun.com\/de\/wp-json\/wp\/v2\/product_brand?post=365499"},{"taxonomy":"product_cat","embeddable":true,"href":"https:\/\/www.miomiorun.com\/de\/wp-json\/wp\/v2\/product_cat?post=365499"},{"taxonomy":"product_tag","embeddable":true,"href":"https:\/\/www.miomiorun.com\/de\/wp-json\/wp\/v2\/product_tag?post=365499"}],"curies":[{"name":"wp","href":"https:\/\/api.w.org\/{rel}","templated":true}]}}