{"id":365210,"date":"2025-10-31T09:54:11","date_gmt":"2025-10-31T08:54:11","guid":{"rendered":"https:\/\/www.miomiorun.com\/?post_type=product&#038;p=365210"},"modified":"2026-04-17T10:28:18","modified_gmt":"2026-04-17T08:28:18","slug":"soft-flask-500-ml-ultra","status":"publish","type":"product","link":"https:\/\/www.miomiorun.com\/de\/produkt\/soft-flask-500-ml-ultra\/","title":{"rendered":"Soft Flask 500 ml ultra"},"content":{"rendered":"<p>Die SOFT FLASK 500 ml\/17 oz ULTRA 42 verf\u00fcgt \u00fcber ein anatomisches Design, das sich bequem an den K\u00f6rper anpasst. Mit ihren weichen Linien vom Verschluss bis zum Boden passt diese 500-ml-Flasche problemlos in die Tasche einer Weste oder eines Laufg\u00fcrtels. F\u00fcr eine einfache Fl\u00fcssigkeitszufuhr unterwegs.<\/p>\n<h3>Eigenschaften:<\/h3>\n<div class=\"pdp-gap-m\">\n<p class=\"pdp-sidebar-popin-details_subtitle\">FL\u00dcSSIGKEITSZUFUHR<\/p>\n<ul>\n<li>Hochleistungsventil<\/li>\n<li>42 mm breite \u00d6ffnung<\/li>\n<li>TPU- und hochfrequenzverschwei\u00dfte N\u00e4hte<\/li>\n<li>Breiter Temperaturbereich<\/li>\n<\/ul>\n<\/div>\n<div class=\"pdp-gap-m\">\n<p class=\"pdp-sidebar-popin-details_subtitle\">NACHHALTIGKEIT<\/p>\n<ul>\n<li>100 % BPA- und PVC-frei<\/li>\n<li>PFC-frei<\/li>\n<\/ul>\n<\/div>\n<p>&nbsp;<\/p>\n<p>&nbsp;<\/p>\n<p>&nbsp;<\/p>\n","protected":false},"excerpt":{"rendered":"<ul>\n<li>Zusammenklappbare Trinkflasche mit einem Fassungsverm\u00f6gen von bis zu 500 ml Fl\u00fcssigkeit.<\/li>\n<li>Ideal, um sich w\u00e4hrend des Trailrunnings mit Fl\u00fcssigkeit zu versorgen.<\/li>\n<\/ul>\n","protected":false},"featured_media":365216,"template":"","meta":{"_acf_changed":false,"inline_featured_image":false},"product_brand":[],"product_cat":[6342,6361,6363],"product_tag":[20480],"class_list":{"0":"post-365210","1":"product","2":"type-product","3":"status-publish","4":"has-post-thumbnail","6":"product_cat-zubehoer","7":"product_cat-hydratation-de","8":"product_cat-flaschen-de","9":"product_tag-salomon-de","10":"pa_attivita-outdoor-de","11":"pa_attivita-trail-de","12":"pa_marca-salomon-de","13":"pa_sesso-damen","14":"pa_sesso-herren","16":"first","17":"instock","18":"sale","19":"taxable","20":"shipping-taxable","21":"purchasable","22":"product-type-simple"},"acf":[],"yoast_head":"<!-- This site is optimized with the Yoast SEO plugin v26.8 - https:\/\/yoast.com\/product\/yoast-seo-wordpress\/ -->\n<title>SalomonSoft Flask 500 ml ultra - Lauf-Trinkflasche- MioMioRun<\/title>\n<meta name=\"description\" content=\"SOFT FLASK 500 ml\/17 oz 42 von Salomon hilft dir, schneller und einfacher hydriert zu bleiben, damit du dich ganz auf die Strecke konzentrieren kannst.\" \/>\n<meta name=\"robots\" content=\"index, follow, max-snippet:-1, max-image-preview:large, max-video-preview:-1\" \/>\n<link rel=\"canonical\" href=\"https:\/\/www.miomiorun.com\/de\/produkt\/soft-flask-500-ml-ultra\/\" \/>\n<meta property=\"og:locale\" content=\"de_DE\" \/>\n<meta property=\"og:type\" content=\"article\" \/>\n<meta property=\"og:title\" content=\"SalomonSoft Flask 500 ml ultra - Lauf-Trinkflasche- MioMioRun\" \/>\n<meta property=\"og:description\" content=\"SOFT FLASK 500 ml\/17 oz 42 von Salomon hilft dir, schneller und einfacher hydriert zu bleiben, damit du dich ganz auf die Strecke konzentrieren kannst.\" \/>\n<meta property=\"og:url\" content=\"https:\/\/www.miomiorun.com\/de\/produkt\/soft-flask-500-ml-ultra\/\" \/>\n<meta property=\"og:site_name\" content=\"MioMioRun\" \/>\n<meta property=\"article:publisher\" content=\"https:\/\/www.facebook.com\/miomiorun\/\" \/>\n<meta property=\"article:modified_time\" content=\"2026-04-17T08:28:18+00:00\" \/>\n<meta property=\"og:image\" content=\"https:\/\/www.miomiorun.com\/app\/uploads\/2025\/10\/salomon-Soft-flask-500ml-clear-blue-LC2337700.webp\" \/>\n\t<meta property=\"og:image:width\" content=\"720\" \/>\n\t<meta property=\"og:image:height\" content=\"720\" \/>\n\t<meta property=\"og:image:type\" content=\"image\/webp\" \/>\n<meta name=\"twitter:card\" content=\"summary_large_image\" \/>\n<script type=\"application\/ld+json\" class=\"yoast-schema-graph\">{\"@context\":\"https:\/\/schema.org\",\"@graph\":[{\"@type\":\"WebPage\",\"@id\":\"https:\/\/www.miomiorun.com\/de\/produkt\/soft-flask-500-ml-ultra\/\",\"url\":\"https:\/\/www.miomiorun.com\/de\/produkt\/soft-flask-500-ml-ultra\/\",\"name\":\"SalomonSoft Flask 500 ml ultra - Lauf-Trinkflasche- MioMioRun\",\"isPartOf\":{\"@id\":\"https:\/\/www.miomiorun.com\/de\/#website\"},\"primaryImageOfPage\":{\"@id\":\"https:\/\/www.miomiorun.com\/de\/produkt\/soft-flask-500-ml-ultra\/#primaryimage\"},\"image\":{\"@id\":\"https:\/\/www.miomiorun.com\/de\/produkt\/soft-flask-500-ml-ultra\/#primaryimage\"},\"thumbnailUrl\":\"https:\/\/www.miomiorun.com\/app\/uploads\/2025\/10\/salomon-Soft-flask-500ml-clear-blue-LC2337700.webp\",\"datePublished\":\"2025-10-31T08:54:11+00:00\",\"dateModified\":\"2026-04-17T08:28:18+00:00\",\"description\":\"SOFT FLASK 500 ml\/17 oz 42 von Salomon hilft dir, schneller und einfacher hydriert zu bleiben, damit du dich ganz auf die Strecke konzentrieren kannst.\",\"breadcrumb\":{\"@id\":\"https:\/\/www.miomiorun.com\/de\/produkt\/soft-flask-500-ml-ultra\/#breadcrumb\"},\"inLanguage\":\"de-DE\",\"potentialAction\":[{\"@type\":\"ReadAction\",\"target\":[\"https:\/\/www.miomiorun.com\/de\/produkt\/soft-flask-500-ml-ultra\/\"]}]},{\"@type\":\"ImageObject\",\"inLanguage\":\"de-DE\",\"@id\":\"https:\/\/www.miomiorun.com\/de\/produkt\/soft-flask-500-ml-ultra\/#primaryimage\",\"url\":\"https:\/\/www.miomiorun.com\/app\/uploads\/2025\/10\/salomon-Soft-flask-500ml-clear-blue-LC2337700.webp\",\"contentUrl\":\"https:\/\/www.miomiorun.com\/app\/uploads\/2025\/10\/salomon-Soft-flask-500ml-clear-blue-LC2337700.webp\",\"width\":720,\"height\":720,\"caption\":\"salomon Soft flask 500ml clear blue LC2337700\"},{\"@type\":\"BreadcrumbList\",\"@id\":\"https:\/\/www.miomiorun.com\/de\/produkt\/soft-flask-500-ml-ultra\/#breadcrumb\",\"itemListElement\":[{\"@type\":\"ListItem\",\"position\":1,\"name\":\"Home\",\"item\":\"https:\/\/www.miomiorun.com\/de\/\"},{\"@type\":\"ListItem\",\"position\":2,\"name\":\"Shop\",\"item\":\"https:\/\/www.miomiorun.com\/shop\/\"},{\"@type\":\"ListItem\",\"position\":3,\"name\":\"Soft Flask 500 ml ultra\"}]},{\"@type\":\"WebSite\",\"@id\":\"https:\/\/www.miomiorun.com\/de\/#website\",\"url\":\"https:\/\/www.miomiorun.com\/de\/\",\"name\":\"MioMioRun\",\"description\":\"100% Lauf- und Trailshop\",\"publisher\":{\"@id\":\"https:\/\/www.miomiorun.com\/de\/#organization\"},\"potentialAction\":[{\"@type\":\"SearchAction\",\"target\":{\"@type\":\"EntryPoint\",\"urlTemplate\":\"https:\/\/www.miomiorun.com\/de\/?s={search_term_string}\"},\"query-input\":{\"@type\":\"PropertyValueSpecification\",\"valueRequired\":true,\"valueName\":\"search_term_string\"}}],\"inLanguage\":\"de-DE\"},{\"@type\":\"Organization\",\"@id\":\"https:\/\/www.miomiorun.com\/de\/#organization\",\"name\":\"MioMio Run\",\"url\":\"https:\/\/www.miomiorun.com\/de\/\",\"logo\":{\"@type\":\"ImageObject\",\"inLanguage\":\"de-DE\",\"@id\":\"https:\/\/www.miomiorun.com\/de\/#\/schema\/logo\/image\/\",\"url\":\"https:\/\/www.miomiorun.com\/app\/uploads\/2019\/12\/logomio.png\",\"contentUrl\":\"https:\/\/www.miomiorun.com\/app\/uploads\/2019\/12\/logomio.png\",\"width\":115,\"height\":82,\"caption\":\"MioMio Run\"},\"image\":{\"@id\":\"https:\/\/www.miomiorun.com\/de\/#\/schema\/logo\/image\/\"},\"sameAs\":[\"https:\/\/www.facebook.com\/miomiorun\/\",\"https:\/\/www.instagram.com\/miomiorun\/\"]}]}<\/script>\n<!-- \/ Yoast SEO plugin. -->","yoast_head_json":{"title":"SalomonSoft Flask 500 ml ultra - Lauf-Trinkflasche- MioMioRun","description":"SOFT FLASK 500 ml\/17 oz 42 von Salomon hilft dir, schneller und einfacher hydriert zu bleiben, damit du dich ganz auf die Strecke konzentrieren kannst.","robots":{"index":"index","follow":"follow","max-snippet":"max-snippet:-1","max-image-preview":"max-image-preview:large","max-video-preview":"max-video-preview:-1"},"canonical":"https:\/\/www.miomiorun.com\/de\/produkt\/soft-flask-500-ml-ultra\/","og_locale":"de_DE","og_type":"article","og_title":"SalomonSoft Flask 500 ml ultra - Lauf-Trinkflasche- MioMioRun","og_description":"SOFT FLASK 500 ml\/17 oz 42 von Salomon hilft dir, schneller und einfacher hydriert zu bleiben, damit du dich ganz auf die Strecke konzentrieren kannst.","og_url":"https:\/\/www.miomiorun.com\/de\/produkt\/soft-flask-500-ml-ultra\/","og_site_name":"MioMioRun","article_publisher":"https:\/\/www.facebook.com\/miomiorun\/","article_modified_time":"2026-04-17T08:28:18+00:00","og_image":[{"width":720,"height":720,"url":"https:\/\/www.miomiorun.com\/app\/uploads\/2025\/10\/salomon-Soft-flask-500ml-clear-blue-LC2337700.webp","type":"image\/webp"}],"twitter_card":"summary_large_image","schema":{"@context":"https:\/\/schema.org","@graph":[{"@type":"WebPage","@id":"https:\/\/www.miomiorun.com\/de\/produkt\/soft-flask-500-ml-ultra\/","url":"https:\/\/www.miomiorun.com\/de\/produkt\/soft-flask-500-ml-ultra\/","name":"SalomonSoft Flask 500 ml ultra - Lauf-Trinkflasche- MioMioRun","isPartOf":{"@id":"https:\/\/www.miomiorun.com\/de\/#website"},"primaryImageOfPage":{"@id":"https:\/\/www.miomiorun.com\/de\/produkt\/soft-flask-500-ml-ultra\/#primaryimage"},"image":{"@id":"https:\/\/www.miomiorun.com\/de\/produkt\/soft-flask-500-ml-ultra\/#primaryimage"},"thumbnailUrl":"https:\/\/www.miomiorun.com\/app\/uploads\/2025\/10\/salomon-Soft-flask-500ml-clear-blue-LC2337700.webp","datePublished":"2025-10-31T08:54:11+00:00","dateModified":"2026-04-17T08:28:18+00:00","description":"SOFT FLASK 500 ml\/17 oz 42 von Salomon hilft dir, schneller und einfacher hydriert zu bleiben, damit du dich ganz auf die Strecke konzentrieren kannst.","breadcrumb":{"@id":"https:\/\/www.miomiorun.com\/de\/produkt\/soft-flask-500-ml-ultra\/#breadcrumb"},"inLanguage":"de-DE","potentialAction":[{"@type":"ReadAction","target":["https:\/\/www.miomiorun.com\/de\/produkt\/soft-flask-500-ml-ultra\/"]}]},{"@type":"ImageObject","inLanguage":"de-DE","@id":"https:\/\/www.miomiorun.com\/de\/produkt\/soft-flask-500-ml-ultra\/#primaryimage","url":"https:\/\/www.miomiorun.com\/app\/uploads\/2025\/10\/salomon-Soft-flask-500ml-clear-blue-LC2337700.webp","contentUrl":"https:\/\/www.miomiorun.com\/app\/uploads\/2025\/10\/salomon-Soft-flask-500ml-clear-blue-LC2337700.webp","width":720,"height":720,"caption":"salomon Soft flask 500ml clear blue LC2337700"},{"@type":"BreadcrumbList","@id":"https:\/\/www.miomiorun.com\/de\/produkt\/soft-flask-500-ml-ultra\/#breadcrumb","itemListElement":[{"@type":"ListItem","position":1,"name":"Home","item":"https:\/\/www.miomiorun.com\/de\/"},{"@type":"ListItem","position":2,"name":"Shop","item":"https:\/\/www.miomiorun.com\/shop\/"},{"@type":"ListItem","position":3,"name":"Soft Flask 500 ml ultra"}]},{"@type":"WebSite","@id":"https:\/\/www.miomiorun.com\/de\/#website","url":"https:\/\/www.miomiorun.com\/de\/","name":"MioMioRun","description":"100% Lauf- und Trailshop","publisher":{"@id":"https:\/\/www.miomiorun.com\/de\/#organization"},"potentialAction":[{"@type":"SearchAction","target":{"@type":"EntryPoint","urlTemplate":"https:\/\/www.miomiorun.com\/de\/?s={search_term_string}"},"query-input":{"@type":"PropertyValueSpecification","valueRequired":true,"valueName":"search_term_string"}}],"inLanguage":"de-DE"},{"@type":"Organization","@id":"https:\/\/www.miomiorun.com\/de\/#organization","name":"MioMio Run","url":"https:\/\/www.miomiorun.com\/de\/","logo":{"@type":"ImageObject","inLanguage":"de-DE","@id":"https:\/\/www.miomiorun.com\/de\/#\/schema\/logo\/image\/","url":"https:\/\/www.miomiorun.com\/app\/uploads\/2019\/12\/logomio.png","contentUrl":"https:\/\/www.miomiorun.com\/app\/uploads\/2019\/12\/logomio.png","width":115,"height":82,"caption":"MioMio Run"},"image":{"@id":"https:\/\/www.miomiorun.com\/de\/#\/schema\/logo\/image\/"},"sameAs":["https:\/\/www.facebook.com\/miomiorun\/","https:\/\/www.instagram.com\/miomiorun\/"]}]}},"_links":{"self":[{"href":"https:\/\/www.miomiorun.com\/de\/wp-json\/wp\/v2\/product\/365210","targetHints":{"allow":["GET"]}}],"collection":[{"href":"https:\/\/www.miomiorun.com\/de\/wp-json\/wp\/v2\/product"}],"about":[{"href":"https:\/\/www.miomiorun.com\/de\/wp-json\/wp\/v2\/types\/product"}],"wp:featuredmedia":[{"embeddable":true,"href":"https:\/\/www.miomiorun.com\/de\/wp-json\/wp\/v2\/media\/365216"}],"wp:attachment":[{"href":"https:\/\/www.miomiorun.com\/de\/wp-json\/wp\/v2\/media?parent=365210"}],"wp:term":[{"taxonomy":"product_brand","embeddable":true,"href":"https:\/\/www.miomiorun.com\/de\/wp-json\/wp\/v2\/product_brand?post=365210"},{"taxonomy":"product_cat","embeddable":true,"href":"https:\/\/www.miomiorun.com\/de\/wp-json\/wp\/v2\/product_cat?post=365210"},{"taxonomy":"product_tag","embeddable":true,"href":"https:\/\/www.miomiorun.com\/de\/wp-json\/wp\/v2\/product_tag?post=365210"}],"curies":[{"name":"wp","href":"https:\/\/api.w.org\/{rel}","templated":true}]}}