{"id":364823,"date":"2025-10-29T19:22:41","date_gmt":"2025-10-29T18:22:41","guid":{"rendered":"https:\/\/www.miomiorun.com\/?post_type=product&#038;p=364823"},"modified":"2026-04-17T10:31:19","modified_gmt":"2026-04-17T08:31:19","slug":"z-n-e-bb-tee-damen","status":"publish","type":"product","link":"https:\/\/www.miomiorun.com\/de\/produkt\/z-n-e-bb-tee-damen\/","title":{"rendered":"Z.N.E. BB TEE damen"},"content":{"rendered":"<p>Dieses adidas T-Shirt wurde entwickelt, um den ganzen Tag \u00fcber Komfort und Leistung zu bieten, und kombiniert sportlichen Stil mit fortschrittlicher Technologie. Das technische <strong data-start=\"367\" data-end=\"380\">CLIMACOOL<\/strong>-Material sorgt f\u00fcr ein optimales Feuchtigkeitsmanagement und h\u00e4lt den K\u00f6rper auch bei intensiven Trainingseinheiten k\u00fchl und trocken. Die schnell trocknenden Fasern f\u00f6rdern die Bel\u00fcftung, w\u00e4hrend der regul\u00e4re Schnitt und das minimalistische Design Bewegungsfreiheit und Vielseitigkeit gew\u00e4hrleisten. Das Logo mit <strong data-start=\"677\" data-end=\"715\">3 Streifen aus mattem Gummi<\/strong> verleiht dem schlichten Look eine besondere Note und passt perfekt zu Jogginghosen oder Sportshorts.<\/p>\n","protected":false},"excerpt":{"rendered":"<ul>\n<li data-start=\"844\" data-end=\"916\">\n<p data-start=\"846\" data-end=\"916\">CLIMACOOL-Technologie f\u00fcr Atmungsaktivit\u00e4t und Feuchtigkeitsregulierung<\/p>\n<\/li>\n<li data-start=\"917\" data-end=\"973\">\n<p data-start=\"919\" data-end=\"973\">Schnelltrocknendes Material f\u00fcr dauerhaften Tragekomfort<\/p>\n<\/li>\n<li data-start=\"974\" data-end=\"1027\">\n<p data-start=\"976\" data-end=\"1027\">Sportliches Design mit 3-Streifen-Logo aus mattem Gummi<\/p>\n<\/li>\n<\/ul>\n","protected":false},"featured_media":366994,"template":"","meta":{"_acf_changed":false,"inline_featured_image":false},"product_brand":[],"product_cat":[6401,6489],"product_tag":[3403,6309],"class_list":{"0":"post-364823","1":"product","2":"type-product","3":"status-publish","4":"has-post-thumbnail","6":"product_cat-damenbekleidung","7":"product_cat-dament-shirt-de","8":"product_tag-adidas-de","9":"product_tag-adidas-damen-de","10":"pa_attivita-lifestyle-de","11":"pa_colore-w-z-n-e-bb-tee-white-de","12":"pa_marca-adidas-de","13":"pa_sesso-damen","14":"pa_size-extra-small-de","16":"first","17":"instock","18":"sale","19":"taxable","20":"shipping-taxable","21":"purchasable","22":"product-type-variable","23":"wvs-archive-product-wrapper"},"acf":[],"yoast_head":"<!-- This site is optimized with the Yoast SEO plugin v26.8 - https:\/\/yoast.com\/product\/yoast-seo-wordpress\/ -->\n<title>Adidas Z.N.E. BB TEE damen -T-Shirt Freizeit- MioMioRun<\/title>\n<meta name=\"description\" content=\"adidas CLIMACOOL T-Shirt: atmungsaktiv, leicht und schnell trocknend. Komfort und sportlicher Stil, damit du immer frisch und konzentriert bleibst.\" \/>\n<meta name=\"robots\" content=\"index, follow, max-snippet:-1, max-image-preview:large, max-video-preview:-1\" \/>\n<link rel=\"canonical\" href=\"https:\/\/www.miomiorun.com\/de\/produkt\/z-n-e-bb-tee-damen\/\" \/>\n<meta property=\"og:locale\" content=\"de_DE\" \/>\n<meta property=\"og:type\" content=\"article\" \/>\n<meta property=\"og:title\" content=\"Adidas Z.N.E. BB TEE damen -T-Shirt Freizeit- MioMioRun\" \/>\n<meta property=\"og:description\" content=\"adidas CLIMACOOL T-Shirt: atmungsaktiv, leicht und schnell trocknend. Komfort und sportlicher Stil, damit du immer frisch und konzentriert bleibst.\" \/>\n<meta property=\"og:url\" content=\"https:\/\/www.miomiorun.com\/de\/produkt\/z-n-e-bb-tee-damen\/\" \/>\n<meta property=\"og:site_name\" content=\"MioMioRun\" \/>\n<meta property=\"article:publisher\" content=\"https:\/\/www.facebook.com\/miomiorun\/\" \/>\n<meta property=\"article:modified_time\" content=\"2026-04-17T08:31:19+00:00\" \/>\n<meta property=\"og:image\" content=\"https:\/\/www.miomiorun.com\/app\/uploads\/2025\/11\/adidas-W-Z.N.E.-BB-TEE-BLACK-JW7782.webp\" \/>\n\t<meta property=\"og:image:width\" content=\"720\" \/>\n\t<meta property=\"og:image:height\" content=\"720\" \/>\n\t<meta property=\"og:image:type\" content=\"image\/webp\" \/>\n<meta name=\"twitter:card\" content=\"summary_large_image\" \/>\n<meta name=\"twitter:label1\" content=\"Est. reading time\" \/>\n\t<meta name=\"twitter:data1\" content=\"2 minutes\" \/>\n<script type=\"application\/ld+json\" class=\"yoast-schema-graph\">{\"@context\":\"https:\/\/schema.org\",\"@graph\":[{\"@type\":\"WebPage\",\"@id\":\"https:\/\/www.miomiorun.com\/de\/produkt\/z-n-e-bb-tee-damen\/\",\"url\":\"https:\/\/www.miomiorun.com\/de\/produkt\/z-n-e-bb-tee-damen\/\",\"name\":\"Adidas Z.N.E. BB TEE damen -T-Shirt Freizeit- MioMioRun\",\"isPartOf\":{\"@id\":\"https:\/\/www.miomiorun.com\/de\/#website\"},\"primaryImageOfPage\":{\"@id\":\"https:\/\/www.miomiorun.com\/de\/produkt\/z-n-e-bb-tee-damen\/#primaryimage\"},\"image\":{\"@id\":\"https:\/\/www.miomiorun.com\/de\/produkt\/z-n-e-bb-tee-damen\/#primaryimage\"},\"thumbnailUrl\":\"https:\/\/www.miomiorun.com\/app\/uploads\/2025\/11\/adidas-W-Z.N.E.-BB-TEE-BLACK-JW7782.webp\",\"datePublished\":\"2025-10-29T18:22:41+00:00\",\"dateModified\":\"2026-04-17T08:31:19+00:00\",\"description\":\"adidas CLIMACOOL T-Shirt: atmungsaktiv, leicht und schnell trocknend. Komfort und sportlicher Stil, damit du immer frisch und konzentriert bleibst.\",\"breadcrumb\":{\"@id\":\"https:\/\/www.miomiorun.com\/de\/produkt\/z-n-e-bb-tee-damen\/#breadcrumb\"},\"inLanguage\":\"de-DE\",\"potentialAction\":[{\"@type\":\"ReadAction\",\"target\":[\"https:\/\/www.miomiorun.com\/de\/produkt\/z-n-e-bb-tee-damen\/\"]}]},{\"@type\":\"ImageObject\",\"inLanguage\":\"de-DE\",\"@id\":\"https:\/\/www.miomiorun.com\/de\/produkt\/z-n-e-bb-tee-damen\/#primaryimage\",\"url\":\"https:\/\/www.miomiorun.com\/app\/uploads\/2025\/11\/adidas-W-Z.N.E.-BB-TEE-BLACK-JW7782.webp\",\"contentUrl\":\"https:\/\/www.miomiorun.com\/app\/uploads\/2025\/11\/adidas-W-Z.N.E.-BB-TEE-BLACK-JW7782.webp\",\"width\":720,\"height\":720,\"caption\":\"adidas W Z.N.E. BB TEE BLACK JW7782\"},{\"@type\":\"BreadcrumbList\",\"@id\":\"https:\/\/www.miomiorun.com\/de\/produkt\/z-n-e-bb-tee-damen\/#breadcrumb\",\"itemListElement\":[{\"@type\":\"ListItem\",\"position\":1,\"name\":\"Home\",\"item\":\"https:\/\/www.miomiorun.com\/de\/\"},{\"@type\":\"ListItem\",\"position\":2,\"name\":\"Shop\",\"item\":\"https:\/\/www.miomiorun.com\/shop\/\"},{\"@type\":\"ListItem\",\"position\":3,\"name\":\"Z.N.E. BB TEE damen\"}]},{\"@type\":\"WebSite\",\"@id\":\"https:\/\/www.miomiorun.com\/de\/#website\",\"url\":\"https:\/\/www.miomiorun.com\/de\/\",\"name\":\"MioMioRun\",\"description\":\"100% Lauf- und Trailshop\",\"publisher\":{\"@id\":\"https:\/\/www.miomiorun.com\/de\/#organization\"},\"potentialAction\":[{\"@type\":\"SearchAction\",\"target\":{\"@type\":\"EntryPoint\",\"urlTemplate\":\"https:\/\/www.miomiorun.com\/de\/?s={search_term_string}\"},\"query-input\":{\"@type\":\"PropertyValueSpecification\",\"valueRequired\":true,\"valueName\":\"search_term_string\"}}],\"inLanguage\":\"de-DE\"},{\"@type\":\"Organization\",\"@id\":\"https:\/\/www.miomiorun.com\/de\/#organization\",\"name\":\"MioMio Run\",\"url\":\"https:\/\/www.miomiorun.com\/de\/\",\"logo\":{\"@type\":\"ImageObject\",\"inLanguage\":\"de-DE\",\"@id\":\"https:\/\/www.miomiorun.com\/de\/#\/schema\/logo\/image\/\",\"url\":\"https:\/\/www.miomiorun.com\/app\/uploads\/2019\/12\/logomio.png\",\"contentUrl\":\"https:\/\/www.miomiorun.com\/app\/uploads\/2019\/12\/logomio.png\",\"width\":115,\"height\":82,\"caption\":\"MioMio Run\"},\"image\":{\"@id\":\"https:\/\/www.miomiorun.com\/de\/#\/schema\/logo\/image\/\"},\"sameAs\":[\"https:\/\/www.facebook.com\/miomiorun\/\",\"https:\/\/www.instagram.com\/miomiorun\/\"]}]}<\/script>\n<!-- \/ Yoast SEO plugin. -->","yoast_head_json":{"title":"Adidas Z.N.E. BB TEE damen -T-Shirt Freizeit- MioMioRun","description":"adidas CLIMACOOL T-Shirt: atmungsaktiv, leicht und schnell trocknend. Komfort und sportlicher Stil, damit du immer frisch und konzentriert bleibst.","robots":{"index":"index","follow":"follow","max-snippet":"max-snippet:-1","max-image-preview":"max-image-preview:large","max-video-preview":"max-video-preview:-1"},"canonical":"https:\/\/www.miomiorun.com\/de\/produkt\/z-n-e-bb-tee-damen\/","og_locale":"de_DE","og_type":"article","og_title":"Adidas Z.N.E. BB TEE damen -T-Shirt Freizeit- MioMioRun","og_description":"adidas CLIMACOOL T-Shirt: atmungsaktiv, leicht und schnell trocknend. Komfort und sportlicher Stil, damit du immer frisch und konzentriert bleibst.","og_url":"https:\/\/www.miomiorun.com\/de\/produkt\/z-n-e-bb-tee-damen\/","og_site_name":"MioMioRun","article_publisher":"https:\/\/www.facebook.com\/miomiorun\/","article_modified_time":"2026-04-17T08:31:19+00:00","og_image":[{"width":720,"height":720,"url":"https:\/\/www.miomiorun.com\/app\/uploads\/2025\/11\/adidas-W-Z.N.E.-BB-TEE-BLACK-JW7782.webp","type":"image\/webp"}],"twitter_card":"summary_large_image","twitter_misc":{"Est. reading time":"2 minutes"},"schema":{"@context":"https:\/\/schema.org","@graph":[{"@type":"WebPage","@id":"https:\/\/www.miomiorun.com\/de\/produkt\/z-n-e-bb-tee-damen\/","url":"https:\/\/www.miomiorun.com\/de\/produkt\/z-n-e-bb-tee-damen\/","name":"Adidas Z.N.E. BB TEE damen -T-Shirt Freizeit- MioMioRun","isPartOf":{"@id":"https:\/\/www.miomiorun.com\/de\/#website"},"primaryImageOfPage":{"@id":"https:\/\/www.miomiorun.com\/de\/produkt\/z-n-e-bb-tee-damen\/#primaryimage"},"image":{"@id":"https:\/\/www.miomiorun.com\/de\/produkt\/z-n-e-bb-tee-damen\/#primaryimage"},"thumbnailUrl":"https:\/\/www.miomiorun.com\/app\/uploads\/2025\/11\/adidas-W-Z.N.E.-BB-TEE-BLACK-JW7782.webp","datePublished":"2025-10-29T18:22:41+00:00","dateModified":"2026-04-17T08:31:19+00:00","description":"adidas CLIMACOOL T-Shirt: atmungsaktiv, leicht und schnell trocknend. Komfort und sportlicher Stil, damit du immer frisch und konzentriert bleibst.","breadcrumb":{"@id":"https:\/\/www.miomiorun.com\/de\/produkt\/z-n-e-bb-tee-damen\/#breadcrumb"},"inLanguage":"de-DE","potentialAction":[{"@type":"ReadAction","target":["https:\/\/www.miomiorun.com\/de\/produkt\/z-n-e-bb-tee-damen\/"]}]},{"@type":"ImageObject","inLanguage":"de-DE","@id":"https:\/\/www.miomiorun.com\/de\/produkt\/z-n-e-bb-tee-damen\/#primaryimage","url":"https:\/\/www.miomiorun.com\/app\/uploads\/2025\/11\/adidas-W-Z.N.E.-BB-TEE-BLACK-JW7782.webp","contentUrl":"https:\/\/www.miomiorun.com\/app\/uploads\/2025\/11\/adidas-W-Z.N.E.-BB-TEE-BLACK-JW7782.webp","width":720,"height":720,"caption":"adidas W Z.N.E. BB TEE BLACK JW7782"},{"@type":"BreadcrumbList","@id":"https:\/\/www.miomiorun.com\/de\/produkt\/z-n-e-bb-tee-damen\/#breadcrumb","itemListElement":[{"@type":"ListItem","position":1,"name":"Home","item":"https:\/\/www.miomiorun.com\/de\/"},{"@type":"ListItem","position":2,"name":"Shop","item":"https:\/\/www.miomiorun.com\/shop\/"},{"@type":"ListItem","position":3,"name":"Z.N.E. BB TEE damen"}]},{"@type":"WebSite","@id":"https:\/\/www.miomiorun.com\/de\/#website","url":"https:\/\/www.miomiorun.com\/de\/","name":"MioMioRun","description":"100% Lauf- und Trailshop","publisher":{"@id":"https:\/\/www.miomiorun.com\/de\/#organization"},"potentialAction":[{"@type":"SearchAction","target":{"@type":"EntryPoint","urlTemplate":"https:\/\/www.miomiorun.com\/de\/?s={search_term_string}"},"query-input":{"@type":"PropertyValueSpecification","valueRequired":true,"valueName":"search_term_string"}}],"inLanguage":"de-DE"},{"@type":"Organization","@id":"https:\/\/www.miomiorun.com\/de\/#organization","name":"MioMio Run","url":"https:\/\/www.miomiorun.com\/de\/","logo":{"@type":"ImageObject","inLanguage":"de-DE","@id":"https:\/\/www.miomiorun.com\/de\/#\/schema\/logo\/image\/","url":"https:\/\/www.miomiorun.com\/app\/uploads\/2019\/12\/logomio.png","contentUrl":"https:\/\/www.miomiorun.com\/app\/uploads\/2019\/12\/logomio.png","width":115,"height":82,"caption":"MioMio Run"},"image":{"@id":"https:\/\/www.miomiorun.com\/de\/#\/schema\/logo\/image\/"},"sameAs":["https:\/\/www.facebook.com\/miomiorun\/","https:\/\/www.instagram.com\/miomiorun\/"]}]}},"_links":{"self":[{"href":"https:\/\/www.miomiorun.com\/de\/wp-json\/wp\/v2\/product\/364823","targetHints":{"allow":["GET"]}}],"collection":[{"href":"https:\/\/www.miomiorun.com\/de\/wp-json\/wp\/v2\/product"}],"about":[{"href":"https:\/\/www.miomiorun.com\/de\/wp-json\/wp\/v2\/types\/product"}],"wp:featuredmedia":[{"embeddable":true,"href":"https:\/\/www.miomiorun.com\/de\/wp-json\/wp\/v2\/media\/366994"}],"wp:attachment":[{"href":"https:\/\/www.miomiorun.com\/de\/wp-json\/wp\/v2\/media?parent=364823"}],"wp:term":[{"taxonomy":"product_brand","embeddable":true,"href":"https:\/\/www.miomiorun.com\/de\/wp-json\/wp\/v2\/product_brand?post=364823"},{"taxonomy":"product_cat","embeddable":true,"href":"https:\/\/www.miomiorun.com\/de\/wp-json\/wp\/v2\/product_cat?post=364823"},{"taxonomy":"product_tag","embeddable":true,"href":"https:\/\/www.miomiorun.com\/de\/wp-json\/wp\/v2\/product_tag?post=364823"}],"curies":[{"name":"wp","href":"https:\/\/api.w.org\/{rel}","templated":true}]}}