{"id":364378,"date":"2025-10-28T12:11:57","date_gmt":"2025-10-28T11:11:57","guid":{"rendered":"https:\/\/www.miomiorun.com\/?post_type=product&#038;p=364378"},"modified":"2026-05-09T10:18:41","modified_gmt":"2026-05-09T08:18:41","slug":"race-t-shirt-nn-black-herren","status":"publish","type":"product","link":"https:\/\/www.miomiorun.com\/de\/produkt\/race-t-shirt-nn-black-herren\/","title":{"rendered":"Race T-Shirt NN Black herren"},"content":{"rendered":"<p>Das neue Kurzarm-Shirt von NNormal wurde f\u00fcr L\u00e4ufer entwickelt, die Leistung, Komfort und Umweltfreundlichkeit suchen, und setzt neue Ma\u00dfst\u00e4be f\u00fcr Laufbekleidung. Es besteht aus hochwertigen recycelten Materialien und sorgt auch bei intensiven Trainingseinheiten f\u00fcr hervorragende Atmungsaktivit\u00e4t und \u00fcberragende Leichtigkeit. Der aktualisierte Slim-Fit-Schnitt sorgt f\u00fcr eine verbesserte Passform und ist etwas weiter geschnitten als die Vorg\u00e4ngermodelle, um optimale Bewegungsfreiheit auf jeder Distanz zu bieten. Das minimalistische und nachhaltige Design verk\u00f6rpert die Essenz von NNormal: Funktionalit\u00e4t, Langlebigkeit und Respekt f\u00fcr den Planeten.<\/p>\n<p>&nbsp;<\/p>\n","protected":false},"excerpt":{"rendered":"<ul>\n<li data-start=\"844\" data-end=\"918\">\n<p data-start=\"846\" data-end=\"918\">Recyceltes Funktionsmaterial mit hoher Atmungsaktivit\u00e4t und schneller Trocknung<\/p>\n<\/li>\n<li data-start=\"919\" data-end=\"978\">\n<p data-start=\"921\" data-end=\"978\">Neue, bequemere und vielseitigere Slim-Fit-Passform<\/p>\n<\/li>\n<li data-start=\"979\" data-end=\"1061\">\n<p data-start=\"981\" data-end=\"1061\">Leichtes, umweltfreundliches Design, ideal f\u00fcr langes Training oder Wettk\u00e4mpfe<\/p>\n<\/li>\n<\/ul>\n","protected":false},"featured_media":358071,"template":"","meta":{"_acf_changed":false,"inline_featured_image":false},"product_brand":[],"product_cat":[6540,6508],"product_tag":[35956,35959],"class_list":{"0":"post-364378","1":"product","2":"type-product","3":"status-publish","4":"has-post-thumbnail","6":"product_cat-herrenbekleidung","7":"product_cat-herrent-shirt","8":"product_tag-nnormal-de","9":"product_tag-nnormal-herren-de","10":"pa_attivita-gehen","11":"pa_attivita-running-de","12":"pa_attivita-trail-de","13":"pa_colore-race-t-shirt-nn-black-de","14":"pa_marca-nnormal-de","15":"pa_sesso-herren","16":"pa_size-medium-de","17":"pa_size-large-de","19":"first","20":"instock","21":"sale","22":"taxable","23":"shipping-taxable","24":"purchasable","25":"product-type-variable","26":"wvs-archive-product-wrapper"},"acf":[],"yoast_head":"<!-- This site is optimized with the Yoast SEO plugin v26.8 - https:\/\/yoast.com\/product\/yoast-seo-wordpress\/ -->\n<title>NNormal Race T-Shirt NN Black herren - Laufshirt - MioMioRun.com<\/title>\n<meta name=\"description\" content=\"NNormal Laufshirt aus recyceltem Material, leicht und atmungsaktiv. Neue Slim-Fit-Passform f\u00fcr maximalen Komfort und nachhaltige Leistung.\" \/>\n<meta name=\"robots\" content=\"index, follow, max-snippet:-1, max-image-preview:large, max-video-preview:-1\" \/>\n<link rel=\"canonical\" href=\"https:\/\/www.miomiorun.com\/de\/produkt\/race-t-shirt-nn-black-herren\/\" \/>\n<meta property=\"og:locale\" content=\"de_DE\" \/>\n<meta property=\"og:type\" content=\"article\" \/>\n<meta property=\"og:title\" content=\"NNormal Race T-Shirt NN Black herren - Laufshirt - MioMioRun.com\" \/>\n<meta property=\"og:description\" content=\"NNormal Laufshirt aus recyceltem Material, leicht und atmungsaktiv. Neue Slim-Fit-Passform f\u00fcr maximalen Komfort und nachhaltige Leistung.\" \/>\n<meta property=\"og:url\" content=\"https:\/\/www.miomiorun.com\/de\/produkt\/race-t-shirt-nn-black-herren\/\" \/>\n<meta property=\"og:site_name\" content=\"MioMioRun\" \/>\n<meta property=\"article:publisher\" content=\"https:\/\/www.facebook.com\/miomiorun\/\" \/>\n<meta property=\"article:modified_time\" content=\"2026-05-09T08:18:41+00:00\" \/>\n<meta property=\"og:image\" content=\"https:\/\/www.miomiorun.com\/app\/uploads\/2025\/10\/nnormal-Race-t-shirt-NN-black-N1CMTS2-004.webp\" \/>\n\t<meta property=\"og:image:width\" content=\"720\" \/>\n\t<meta property=\"og:image:height\" content=\"720\" \/>\n\t<meta property=\"og:image:type\" content=\"image\/webp\" \/>\n<meta name=\"twitter:card\" content=\"summary_large_image\" \/>\n<script type=\"application\/ld+json\" class=\"yoast-schema-graph\">{\"@context\":\"https:\/\/schema.org\",\"@graph\":[{\"@type\":\"WebPage\",\"@id\":\"https:\/\/www.miomiorun.com\/de\/produkt\/race-t-shirt-nn-black-herren\/\",\"url\":\"https:\/\/www.miomiorun.com\/de\/produkt\/race-t-shirt-nn-black-herren\/\",\"name\":\"NNormal Race T-Shirt NN Black herren - Laufshirt - MioMioRun.com\",\"isPartOf\":{\"@id\":\"https:\/\/www.miomiorun.com\/de\/#website\"},\"primaryImageOfPage\":{\"@id\":\"https:\/\/www.miomiorun.com\/de\/produkt\/race-t-shirt-nn-black-herren\/#primaryimage\"},\"image\":{\"@id\":\"https:\/\/www.miomiorun.com\/de\/produkt\/race-t-shirt-nn-black-herren\/#primaryimage\"},\"thumbnailUrl\":\"https:\/\/www.miomiorun.com\/app\/uploads\/2025\/10\/nnormal-Race-t-shirt-NN-black-N1CMTS2-004.webp\",\"datePublished\":\"2025-10-28T11:11:57+00:00\",\"dateModified\":\"2026-05-09T08:18:41+00:00\",\"description\":\"NNormal Laufshirt aus recyceltem Material, leicht und atmungsaktiv. Neue Slim-Fit-Passform f\u00fcr maximalen Komfort und nachhaltige Leistung.\",\"breadcrumb\":{\"@id\":\"https:\/\/www.miomiorun.com\/de\/produkt\/race-t-shirt-nn-black-herren\/#breadcrumb\"},\"inLanguage\":\"de-DE\",\"potentialAction\":[{\"@type\":\"ReadAction\",\"target\":[\"https:\/\/www.miomiorun.com\/de\/produkt\/race-t-shirt-nn-black-herren\/\"]}]},{\"@type\":\"ImageObject\",\"inLanguage\":\"de-DE\",\"@id\":\"https:\/\/www.miomiorun.com\/de\/produkt\/race-t-shirt-nn-black-herren\/#primaryimage\",\"url\":\"https:\/\/www.miomiorun.com\/app\/uploads\/2025\/10\/nnormal-Race-t-shirt-NN-black-N1CMTS2-004.webp\",\"contentUrl\":\"https:\/\/www.miomiorun.com\/app\/uploads\/2025\/10\/nnormal-Race-t-shirt-NN-black-N1CMTS2-004.webp\",\"width\":720,\"height\":720,\"caption\":\"nnormal Race t-shirt NN black N1CMTS2-004\"},{\"@type\":\"BreadcrumbList\",\"@id\":\"https:\/\/www.miomiorun.com\/de\/produkt\/race-t-shirt-nn-black-herren\/#breadcrumb\",\"itemListElement\":[{\"@type\":\"ListItem\",\"position\":1,\"name\":\"Home\",\"item\":\"https:\/\/www.miomiorun.com\/de\/home-page\/\"},{\"@type\":\"ListItem\",\"position\":2,\"name\":\"Shop\",\"item\":\"https:\/\/www.miomiorun.com\/shop\/\"},{\"@type\":\"ListItem\",\"position\":3,\"name\":\"Race T-Shirt NN Black herren\"}]},{\"@type\":\"WebSite\",\"@id\":\"https:\/\/www.miomiorun.com\/de\/#website\",\"url\":\"https:\/\/www.miomiorun.com\/de\/\",\"name\":\"MioMioRun\",\"description\":\"100% Lauf- und Trailshop\",\"publisher\":{\"@id\":\"https:\/\/www.miomiorun.com\/de\/#organization\"},\"potentialAction\":[{\"@type\":\"SearchAction\",\"target\":{\"@type\":\"EntryPoint\",\"urlTemplate\":\"https:\/\/www.miomiorun.com\/de\/?s={search_term_string}\"},\"query-input\":{\"@type\":\"PropertyValueSpecification\",\"valueRequired\":true,\"valueName\":\"search_term_string\"}}],\"inLanguage\":\"de-DE\"},{\"@type\":\"Organization\",\"@id\":\"https:\/\/www.miomiorun.com\/de\/#organization\",\"name\":\"MioMio Run\",\"url\":\"https:\/\/www.miomiorun.com\/de\/\",\"logo\":{\"@type\":\"ImageObject\",\"inLanguage\":\"de-DE\",\"@id\":\"https:\/\/www.miomiorun.com\/de\/#\/schema\/logo\/image\/\",\"url\":\"https:\/\/www.miomiorun.com\/app\/uploads\/2019\/12\/logomio.png\",\"contentUrl\":\"https:\/\/www.miomiorun.com\/app\/uploads\/2019\/12\/logomio.png\",\"width\":115,\"height\":82,\"caption\":\"MioMio Run\"},\"image\":{\"@id\":\"https:\/\/www.miomiorun.com\/de\/#\/schema\/logo\/image\/\"},\"sameAs\":[\"https:\/\/www.facebook.com\/miomiorun\/\",\"https:\/\/www.instagram.com\/miomiorun\/\"]}]}<\/script>\n<!-- \/ Yoast SEO plugin. -->","yoast_head_json":{"title":"NNormal Race T-Shirt NN Black herren - Laufshirt - MioMioRun.com","description":"NNormal Laufshirt aus recyceltem Material, leicht und atmungsaktiv. Neue Slim-Fit-Passform f\u00fcr maximalen Komfort und nachhaltige Leistung.","robots":{"index":"index","follow":"follow","max-snippet":"max-snippet:-1","max-image-preview":"max-image-preview:large","max-video-preview":"max-video-preview:-1"},"canonical":"https:\/\/www.miomiorun.com\/de\/produkt\/race-t-shirt-nn-black-herren\/","og_locale":"de_DE","og_type":"article","og_title":"NNormal Race T-Shirt NN Black herren - Laufshirt - MioMioRun.com","og_description":"NNormal Laufshirt aus recyceltem Material, leicht und atmungsaktiv. Neue Slim-Fit-Passform f\u00fcr maximalen Komfort und nachhaltige Leistung.","og_url":"https:\/\/www.miomiorun.com\/de\/produkt\/race-t-shirt-nn-black-herren\/","og_site_name":"MioMioRun","article_publisher":"https:\/\/www.facebook.com\/miomiorun\/","article_modified_time":"2026-05-09T08:18:41+00:00","og_image":[{"width":720,"height":720,"url":"https:\/\/www.miomiorun.com\/app\/uploads\/2025\/10\/nnormal-Race-t-shirt-NN-black-N1CMTS2-004.webp","type":"image\/webp"}],"twitter_card":"summary_large_image","schema":{"@context":"https:\/\/schema.org","@graph":[{"@type":"WebPage","@id":"https:\/\/www.miomiorun.com\/de\/produkt\/race-t-shirt-nn-black-herren\/","url":"https:\/\/www.miomiorun.com\/de\/produkt\/race-t-shirt-nn-black-herren\/","name":"NNormal Race T-Shirt NN Black herren - Laufshirt - MioMioRun.com","isPartOf":{"@id":"https:\/\/www.miomiorun.com\/de\/#website"},"primaryImageOfPage":{"@id":"https:\/\/www.miomiorun.com\/de\/produkt\/race-t-shirt-nn-black-herren\/#primaryimage"},"image":{"@id":"https:\/\/www.miomiorun.com\/de\/produkt\/race-t-shirt-nn-black-herren\/#primaryimage"},"thumbnailUrl":"https:\/\/www.miomiorun.com\/app\/uploads\/2025\/10\/nnormal-Race-t-shirt-NN-black-N1CMTS2-004.webp","datePublished":"2025-10-28T11:11:57+00:00","dateModified":"2026-05-09T08:18:41+00:00","description":"NNormal Laufshirt aus recyceltem Material, leicht und atmungsaktiv. Neue Slim-Fit-Passform f\u00fcr maximalen Komfort und nachhaltige Leistung.","breadcrumb":{"@id":"https:\/\/www.miomiorun.com\/de\/produkt\/race-t-shirt-nn-black-herren\/#breadcrumb"},"inLanguage":"de-DE","potentialAction":[{"@type":"ReadAction","target":["https:\/\/www.miomiorun.com\/de\/produkt\/race-t-shirt-nn-black-herren\/"]}]},{"@type":"ImageObject","inLanguage":"de-DE","@id":"https:\/\/www.miomiorun.com\/de\/produkt\/race-t-shirt-nn-black-herren\/#primaryimage","url":"https:\/\/www.miomiorun.com\/app\/uploads\/2025\/10\/nnormal-Race-t-shirt-NN-black-N1CMTS2-004.webp","contentUrl":"https:\/\/www.miomiorun.com\/app\/uploads\/2025\/10\/nnormal-Race-t-shirt-NN-black-N1CMTS2-004.webp","width":720,"height":720,"caption":"nnormal Race t-shirt NN black N1CMTS2-004"},{"@type":"BreadcrumbList","@id":"https:\/\/www.miomiorun.com\/de\/produkt\/race-t-shirt-nn-black-herren\/#breadcrumb","itemListElement":[{"@type":"ListItem","position":1,"name":"Home","item":"https:\/\/www.miomiorun.com\/de\/home-page\/"},{"@type":"ListItem","position":2,"name":"Shop","item":"https:\/\/www.miomiorun.com\/shop\/"},{"@type":"ListItem","position":3,"name":"Race T-Shirt NN Black herren"}]},{"@type":"WebSite","@id":"https:\/\/www.miomiorun.com\/de\/#website","url":"https:\/\/www.miomiorun.com\/de\/","name":"MioMioRun","description":"100% Lauf- und Trailshop","publisher":{"@id":"https:\/\/www.miomiorun.com\/de\/#organization"},"potentialAction":[{"@type":"SearchAction","target":{"@type":"EntryPoint","urlTemplate":"https:\/\/www.miomiorun.com\/de\/?s={search_term_string}"},"query-input":{"@type":"PropertyValueSpecification","valueRequired":true,"valueName":"search_term_string"}}],"inLanguage":"de-DE"},{"@type":"Organization","@id":"https:\/\/www.miomiorun.com\/de\/#organization","name":"MioMio Run","url":"https:\/\/www.miomiorun.com\/de\/","logo":{"@type":"ImageObject","inLanguage":"de-DE","@id":"https:\/\/www.miomiorun.com\/de\/#\/schema\/logo\/image\/","url":"https:\/\/www.miomiorun.com\/app\/uploads\/2019\/12\/logomio.png","contentUrl":"https:\/\/www.miomiorun.com\/app\/uploads\/2019\/12\/logomio.png","width":115,"height":82,"caption":"MioMio Run"},"image":{"@id":"https:\/\/www.miomiorun.com\/de\/#\/schema\/logo\/image\/"},"sameAs":["https:\/\/www.facebook.com\/miomiorun\/","https:\/\/www.instagram.com\/miomiorun\/"]}]}},"_links":{"self":[{"href":"https:\/\/www.miomiorun.com\/de\/wp-json\/wp\/v2\/product\/364378","targetHints":{"allow":["GET"]}}],"collection":[{"href":"https:\/\/www.miomiorun.com\/de\/wp-json\/wp\/v2\/product"}],"about":[{"href":"https:\/\/www.miomiorun.com\/de\/wp-json\/wp\/v2\/types\/product"}],"wp:featuredmedia":[{"embeddable":true,"href":"https:\/\/www.miomiorun.com\/de\/wp-json\/wp\/v2\/media\/358071"}],"wp:attachment":[{"href":"https:\/\/www.miomiorun.com\/de\/wp-json\/wp\/v2\/media?parent=364378"}],"wp:term":[{"taxonomy":"product_brand","embeddable":true,"href":"https:\/\/www.miomiorun.com\/de\/wp-json\/wp\/v2\/product_brand?post=364378"},{"taxonomy":"product_cat","embeddable":true,"href":"https:\/\/www.miomiorun.com\/de\/wp-json\/wp\/v2\/product_cat?post=364378"},{"taxonomy":"product_tag","embeddable":true,"href":"https:\/\/www.miomiorun.com\/de\/wp-json\/wp\/v2\/product_tag?post=364378"}],"curies":[{"name":"wp","href":"https:\/\/api.w.org\/{rel}","templated":true}]}}