{"id":363634,"date":"2025-10-23T10:00:34","date_gmt":"2025-10-23T08:00:34","guid":{"rendered":"https:\/\/www.miomiorun.com\/?post_type=product&#038;p=363634"},"modified":"2026-04-17T10:32:27","modified_gmt":"2026-04-17T08:32:27","slug":"dolomiti-wind-vest-damen","status":"publish","type":"product","link":"https:\/\/www.miomiorun.com\/de\/produkt\/dolomiti-wind-vest-damen\/","title":{"rendered":"Dolomiti wind vest damen"},"content":{"rendered":"<p>Diese vielseitige Weste wurde entwickelt, um Schutz bei Outdoor-Aktivit\u00e4ten und im Alltag zu bieten. Sie eignet sich ideal als Midlayer oder leichte Au\u00dfenschicht bei gem\u00e4\u00dfigten Temperaturen. Durch die Kombination von Stretch-Polyester mit einer doppelt gewebten Softshell-Konstruktion bietet das Modell Windschutz und thermischen Komfort. Die Innenseite verf\u00fcgt \u00fcber ein weiches, geb\u00fcrstetes Netzgewebe, das die Isolierung und Atmungsaktivit\u00e4t verbessert und Feuchtigkeit ableitet. Robuste 4-Wege-Stretch-Nylon-Eins\u00e4tze erh\u00f6hen die Strapazierf\u00e4higkeit und Bewegungsfreiheit, w\u00e4hrend die chemikalienfreie DWR-Behandlung f\u00fcr Wasserabweisung und mehr Sicherheit f\u00fcr die Umwelt sorgt. Diese Weste mit Stretch-Armausschnitten und -Saum f\u00fcr eine sichere Passform verf\u00fcgt au\u00dferdem \u00fcber Rei\u00dfverschlusstaschen, einen durchgehenden Rei\u00dfverschluss vorne und eine mit Netz gef\u00fctterte Innentasche.<\/p>\n<div class=\"attribute_container tw-pb-24 last-of-type:tw-pb-0\">\n<div class=\"content__image-wrapper tw-w-fit \">\n<div class=\"content__image tw-relative tw-w-[3.2rem]\"><img loading=\"lazy\" decoding=\"async\" class=\"tw-absolute tw-top-0 tw-left-0 tw-w-full tw-h-full\" src=\"https:\/\/www.montura.com\/cdn\/shop\/files\/003_Windproof_Black.svg?v=1709125529&amp;width=200\" alt=\"\" width=\"90\" height=\"90\"><\/div>\n<\/div>\n<h3 class=\"tw-text-s tw-pt-[1.2rem] tw-pb-[0.4rem] tw-font-medium\">Winddicht<\/h3>\n<p class=\"tw-text-greyish-brown tw-text-xs tw-pt-[0.4rem]\">Das Material verhindert das Eindringen von Wind und verringert so die Gefahr des Ausk\u00fchlens.<\/p>\n<\/div>\n<div class=\"attribute_container tw-pb-24 last-of-type:tw-pb-0\">\n<div class=\"content__image-wrapper tw-w-fit \">\n<div class=\"content__image tw-relative tw-w-[3.2rem]\"><img loading=\"lazy\" decoding=\"async\" class=\"tw-absolute tw-top-0 tw-left-0 tw-w-full tw-h-full\" src=\"https:\/\/www.montura.com\/cdn\/shop\/files\/002_WaterResistantDWR_Black.svg?v=1709125500&amp;width=200\" alt=\"\" width=\"90\" height=\"90\"><\/div>\n<\/div>\n<h3 class=\"tw-text-s tw-pt-[1.2rem] tw-pb-[0.4rem] tw-font-medium\">Wasserabweisend (DWR)<\/h3>\n<p class=\"tw-text-greyish-brown tw-text-xs tw-pt-[0.4rem]\">Eine wasserabweisende Beschichtung auf dem Stoff sorgt f\u00fcr leichten Schutz vor Feuchtigkeit von au\u00dfen. <\/p>\n<\/div>\n","protected":false},"excerpt":{"rendered":"<ul>\n<li>&nbsp;Atmungsaktivit\u00e4t<\/li>\n<li>&nbsp;Leichtigkeit<\/li>\n<li>&nbsp;Slim Fit<\/li>\n<\/ul>\n","protected":false},"featured_media":368103,"template":"","meta":{"_acf_changed":false,"inline_featured_image":false},"product_brand":[],"product_cat":[6401,6404],"product_tag":[3379,6254],"class_list":{"0":"post-363634","1":"product","2":"type-product","3":"status-publish","4":"has-post-thumbnail","6":"product_cat-damenbekleidung","7":"product_cat-damenjacken","8":"product_tag-montura-de","9":"product_tag-montura-damen-de","10":"pa_attivita-gehen","11":"pa_attivita-outdoor-de","12":"pa_colore-dolomiti-wind-vest-w-black-melon-de","13":"pa_marca-montura-de","14":"pa_sesso-damen","15":"pa_size-small-de","16":"pa_size-large-de","18":"first","19":"instock","20":"sale","21":"taxable","22":"shipping-taxable","23":"purchasable","24":"product-type-variable","25":"wvs-archive-product-wrapper"},"acf":[],"yoast_head":"<!-- This site is optimized with the Yoast SEO plugin v26.8 - https:\/\/yoast.com\/product\/yoast-seo-wordpress\/ -->\n<title>Montura Dolomiti wind vest damen - Damenweste MioMioRun.com<\/title>\n<meta name=\"description\" content=\"Winddichte Softshell-Funktionsweste mit Stretchmaterial, atmungsaktiver Thermofutter und umweltfreundlicher DWR-Behandlung f\u00fcr Outdoor-Aktivit\u00e4ten und den t\u00e4glichen Gebrauch.\" \/>\n<meta name=\"robots\" content=\"index, follow, max-snippet:-1, max-image-preview:large, max-video-preview:-1\" \/>\n<link rel=\"canonical\" href=\"https:\/\/www.miomiorun.com\/de\/produkt\/dolomiti-wind-vest-damen\/\" \/>\n<meta property=\"og:locale\" content=\"de_DE\" \/>\n<meta property=\"og:type\" content=\"article\" \/>\n<meta property=\"og:title\" content=\"Montura Dolomiti wind vest damen - Damenweste MioMioRun.com\" \/>\n<meta property=\"og:description\" content=\"Winddichte Softshell-Funktionsweste mit Stretchmaterial, atmungsaktiver Thermofutter und umweltfreundlicher DWR-Behandlung f\u00fcr Outdoor-Aktivit\u00e4ten und den t\u00e4glichen Gebrauch.\" \/>\n<meta property=\"og:url\" content=\"https:\/\/www.miomiorun.com\/de\/produkt\/dolomiti-wind-vest-damen\/\" \/>\n<meta property=\"og:site_name\" content=\"MioMioRun\" \/>\n<meta property=\"article:publisher\" content=\"https:\/\/www.facebook.com\/miomiorun\/\" \/>\n<meta property=\"article:modified_time\" content=\"2026-04-17T08:32:27+00:00\" \/>\n<meta property=\"og:image\" content=\"https:\/\/www.miomiorun.com\/app\/uploads\/2025\/11\/montura-Dolomiti-wind-vest-W-black-melon-MVVW49W.90354.webp\" \/>\n\t<meta property=\"og:image:width\" content=\"720\" \/>\n\t<meta property=\"og:image:height\" content=\"720\" \/>\n\t<meta property=\"og:image:type\" content=\"image\/webp\" \/>\n<meta name=\"twitter:card\" content=\"summary_large_image\" \/>\n<meta name=\"twitter:label1\" content=\"Est. reading time\" \/>\n\t<meta name=\"twitter:data1\" content=\"2 minutes\" \/>\n<script type=\"application\/ld+json\" class=\"yoast-schema-graph\">{\"@context\":\"https:\/\/schema.org\",\"@graph\":[{\"@type\":\"WebPage\",\"@id\":\"https:\/\/www.miomiorun.com\/de\/produkt\/dolomiti-wind-vest-damen\/\",\"url\":\"https:\/\/www.miomiorun.com\/de\/produkt\/dolomiti-wind-vest-damen\/\",\"name\":\"Montura Dolomiti wind vest damen - Damenweste MioMioRun.com\",\"isPartOf\":{\"@id\":\"https:\/\/www.miomiorun.com\/de\/#website\"},\"primaryImageOfPage\":{\"@id\":\"https:\/\/www.miomiorun.com\/de\/produkt\/dolomiti-wind-vest-damen\/#primaryimage\"},\"image\":{\"@id\":\"https:\/\/www.miomiorun.com\/de\/produkt\/dolomiti-wind-vest-damen\/#primaryimage\"},\"thumbnailUrl\":\"https:\/\/www.miomiorun.com\/app\/uploads\/2025\/11\/montura-Dolomiti-wind-vest-W-black-melon-MVVW49W.90354.webp\",\"datePublished\":\"2025-10-23T08:00:34+00:00\",\"dateModified\":\"2026-04-17T08:32:27+00:00\",\"description\":\"Winddichte Softshell-Funktionsweste mit Stretchmaterial, atmungsaktiver Thermofutter und umweltfreundlicher DWR-Behandlung f\u00fcr Outdoor-Aktivit\u00e4ten und den t\u00e4glichen Gebrauch.\",\"breadcrumb\":{\"@id\":\"https:\/\/www.miomiorun.com\/de\/produkt\/dolomiti-wind-vest-damen\/#breadcrumb\"},\"inLanguage\":\"de-DE\",\"potentialAction\":[{\"@type\":\"ReadAction\",\"target\":[\"https:\/\/www.miomiorun.com\/de\/produkt\/dolomiti-wind-vest-damen\/\"]}]},{\"@type\":\"ImageObject\",\"inLanguage\":\"de-DE\",\"@id\":\"https:\/\/www.miomiorun.com\/de\/produkt\/dolomiti-wind-vest-damen\/#primaryimage\",\"url\":\"https:\/\/www.miomiorun.com\/app\/uploads\/2025\/11\/montura-Dolomiti-wind-vest-W-black-melon-MVVW49W.90354.webp\",\"contentUrl\":\"https:\/\/www.miomiorun.com\/app\/uploads\/2025\/11\/montura-Dolomiti-wind-vest-W-black-melon-MVVW49W.90354.webp\",\"width\":720,\"height\":720,\"caption\":\"montura Dolomiti wind vest W black melon MVVW49W.90354\"},{\"@type\":\"BreadcrumbList\",\"@id\":\"https:\/\/www.miomiorun.com\/de\/produkt\/dolomiti-wind-vest-damen\/#breadcrumb\",\"itemListElement\":[{\"@type\":\"ListItem\",\"position\":1,\"name\":\"Home\",\"item\":\"https:\/\/www.miomiorun.com\/de\/\"},{\"@type\":\"ListItem\",\"position\":2,\"name\":\"Shop\",\"item\":\"https:\/\/www.miomiorun.com\/shop\/\"},{\"@type\":\"ListItem\",\"position\":3,\"name\":\"Dolomiti wind vest damen\"}]},{\"@type\":\"WebSite\",\"@id\":\"https:\/\/www.miomiorun.com\/de\/#website\",\"url\":\"https:\/\/www.miomiorun.com\/de\/\",\"name\":\"MioMioRun\",\"description\":\"100% Lauf- und Trailshop\",\"publisher\":{\"@id\":\"https:\/\/www.miomiorun.com\/de\/#organization\"},\"potentialAction\":[{\"@type\":\"SearchAction\",\"target\":{\"@type\":\"EntryPoint\",\"urlTemplate\":\"https:\/\/www.miomiorun.com\/de\/?s={search_term_string}\"},\"query-input\":{\"@type\":\"PropertyValueSpecification\",\"valueRequired\":true,\"valueName\":\"search_term_string\"}}],\"inLanguage\":\"de-DE\"},{\"@type\":\"Organization\",\"@id\":\"https:\/\/www.miomiorun.com\/de\/#organization\",\"name\":\"MioMio Run\",\"url\":\"https:\/\/www.miomiorun.com\/de\/\",\"logo\":{\"@type\":\"ImageObject\",\"inLanguage\":\"de-DE\",\"@id\":\"https:\/\/www.miomiorun.com\/de\/#\/schema\/logo\/image\/\",\"url\":\"https:\/\/www.miomiorun.com\/app\/uploads\/2019\/12\/logomio.png\",\"contentUrl\":\"https:\/\/www.miomiorun.com\/app\/uploads\/2019\/12\/logomio.png\",\"width\":115,\"height\":82,\"caption\":\"MioMio Run\"},\"image\":{\"@id\":\"https:\/\/www.miomiorun.com\/de\/#\/schema\/logo\/image\/\"},\"sameAs\":[\"https:\/\/www.facebook.com\/miomiorun\/\",\"https:\/\/www.instagram.com\/miomiorun\/\"]}]}<\/script>\n<!-- \/ Yoast SEO plugin. -->","yoast_head_json":{"title":"Montura Dolomiti wind vest damen - Damenweste MioMioRun.com","description":"Winddichte Softshell-Funktionsweste mit Stretchmaterial, atmungsaktiver Thermofutter und umweltfreundlicher DWR-Behandlung f\u00fcr Outdoor-Aktivit\u00e4ten und den t\u00e4glichen Gebrauch.","robots":{"index":"index","follow":"follow","max-snippet":"max-snippet:-1","max-image-preview":"max-image-preview:large","max-video-preview":"max-video-preview:-1"},"canonical":"https:\/\/www.miomiorun.com\/de\/produkt\/dolomiti-wind-vest-damen\/","og_locale":"de_DE","og_type":"article","og_title":"Montura Dolomiti wind vest damen - Damenweste MioMioRun.com","og_description":"Winddichte Softshell-Funktionsweste mit Stretchmaterial, atmungsaktiver Thermofutter und umweltfreundlicher DWR-Behandlung f\u00fcr Outdoor-Aktivit\u00e4ten und den t\u00e4glichen Gebrauch.","og_url":"https:\/\/www.miomiorun.com\/de\/produkt\/dolomiti-wind-vest-damen\/","og_site_name":"MioMioRun","article_publisher":"https:\/\/www.facebook.com\/miomiorun\/","article_modified_time":"2026-04-17T08:32:27+00:00","og_image":[{"width":720,"height":720,"url":"https:\/\/www.miomiorun.com\/app\/uploads\/2025\/11\/montura-Dolomiti-wind-vest-W-black-melon-MVVW49W.90354.webp","type":"image\/webp"}],"twitter_card":"summary_large_image","twitter_misc":{"Est. reading time":"2 minutes"},"schema":{"@context":"https:\/\/schema.org","@graph":[{"@type":"WebPage","@id":"https:\/\/www.miomiorun.com\/de\/produkt\/dolomiti-wind-vest-damen\/","url":"https:\/\/www.miomiorun.com\/de\/produkt\/dolomiti-wind-vest-damen\/","name":"Montura Dolomiti wind vest damen - Damenweste MioMioRun.com","isPartOf":{"@id":"https:\/\/www.miomiorun.com\/de\/#website"},"primaryImageOfPage":{"@id":"https:\/\/www.miomiorun.com\/de\/produkt\/dolomiti-wind-vest-damen\/#primaryimage"},"image":{"@id":"https:\/\/www.miomiorun.com\/de\/produkt\/dolomiti-wind-vest-damen\/#primaryimage"},"thumbnailUrl":"https:\/\/www.miomiorun.com\/app\/uploads\/2025\/11\/montura-Dolomiti-wind-vest-W-black-melon-MVVW49W.90354.webp","datePublished":"2025-10-23T08:00:34+00:00","dateModified":"2026-04-17T08:32:27+00:00","description":"Winddichte Softshell-Funktionsweste mit Stretchmaterial, atmungsaktiver Thermofutter und umweltfreundlicher DWR-Behandlung f\u00fcr Outdoor-Aktivit\u00e4ten und den t\u00e4glichen Gebrauch.","breadcrumb":{"@id":"https:\/\/www.miomiorun.com\/de\/produkt\/dolomiti-wind-vest-damen\/#breadcrumb"},"inLanguage":"de-DE","potentialAction":[{"@type":"ReadAction","target":["https:\/\/www.miomiorun.com\/de\/produkt\/dolomiti-wind-vest-damen\/"]}]},{"@type":"ImageObject","inLanguage":"de-DE","@id":"https:\/\/www.miomiorun.com\/de\/produkt\/dolomiti-wind-vest-damen\/#primaryimage","url":"https:\/\/www.miomiorun.com\/app\/uploads\/2025\/11\/montura-Dolomiti-wind-vest-W-black-melon-MVVW49W.90354.webp","contentUrl":"https:\/\/www.miomiorun.com\/app\/uploads\/2025\/11\/montura-Dolomiti-wind-vest-W-black-melon-MVVW49W.90354.webp","width":720,"height":720,"caption":"montura Dolomiti wind vest W black melon MVVW49W.90354"},{"@type":"BreadcrumbList","@id":"https:\/\/www.miomiorun.com\/de\/produkt\/dolomiti-wind-vest-damen\/#breadcrumb","itemListElement":[{"@type":"ListItem","position":1,"name":"Home","item":"https:\/\/www.miomiorun.com\/de\/"},{"@type":"ListItem","position":2,"name":"Shop","item":"https:\/\/www.miomiorun.com\/shop\/"},{"@type":"ListItem","position":3,"name":"Dolomiti wind vest damen"}]},{"@type":"WebSite","@id":"https:\/\/www.miomiorun.com\/de\/#website","url":"https:\/\/www.miomiorun.com\/de\/","name":"MioMioRun","description":"100% Lauf- und Trailshop","publisher":{"@id":"https:\/\/www.miomiorun.com\/de\/#organization"},"potentialAction":[{"@type":"SearchAction","target":{"@type":"EntryPoint","urlTemplate":"https:\/\/www.miomiorun.com\/de\/?s={search_term_string}"},"query-input":{"@type":"PropertyValueSpecification","valueRequired":true,"valueName":"search_term_string"}}],"inLanguage":"de-DE"},{"@type":"Organization","@id":"https:\/\/www.miomiorun.com\/de\/#organization","name":"MioMio Run","url":"https:\/\/www.miomiorun.com\/de\/","logo":{"@type":"ImageObject","inLanguage":"de-DE","@id":"https:\/\/www.miomiorun.com\/de\/#\/schema\/logo\/image\/","url":"https:\/\/www.miomiorun.com\/app\/uploads\/2019\/12\/logomio.png","contentUrl":"https:\/\/www.miomiorun.com\/app\/uploads\/2019\/12\/logomio.png","width":115,"height":82,"caption":"MioMio Run"},"image":{"@id":"https:\/\/www.miomiorun.com\/de\/#\/schema\/logo\/image\/"},"sameAs":["https:\/\/www.facebook.com\/miomiorun\/","https:\/\/www.instagram.com\/miomiorun\/"]}]}},"_links":{"self":[{"href":"https:\/\/www.miomiorun.com\/de\/wp-json\/wp\/v2\/product\/363634","targetHints":{"allow":["GET"]}}],"collection":[{"href":"https:\/\/www.miomiorun.com\/de\/wp-json\/wp\/v2\/product"}],"about":[{"href":"https:\/\/www.miomiorun.com\/de\/wp-json\/wp\/v2\/types\/product"}],"wp:featuredmedia":[{"embeddable":true,"href":"https:\/\/www.miomiorun.com\/de\/wp-json\/wp\/v2\/media\/368103"}],"wp:attachment":[{"href":"https:\/\/www.miomiorun.com\/de\/wp-json\/wp\/v2\/media?parent=363634"}],"wp:term":[{"taxonomy":"product_brand","embeddable":true,"href":"https:\/\/www.miomiorun.com\/de\/wp-json\/wp\/v2\/product_brand?post=363634"},{"taxonomy":"product_cat","embeddable":true,"href":"https:\/\/www.miomiorun.com\/de\/wp-json\/wp\/v2\/product_cat?post=363634"},{"taxonomy":"product_tag","embeddable":true,"href":"https:\/\/www.miomiorun.com\/de\/wp-json\/wp\/v2\/product_tag?post=363634"}],"curies":[{"name":"wp","href":"https:\/\/api.w.org\/{rel}","templated":true}]}}