{"id":362983,"date":"2025-10-21T11:22:47","date_gmt":"2025-10-21T09:22:47","guid":{"rendered":"https:\/\/www.miomiorun.com\/?post_type=product&#038;p=362983"},"modified":"2026-04-17T10:33:28","modified_gmt":"2026-04-17T08:33:28","slug":"s-lab-adventure-20l","status":"publish","type":"product","link":"https:\/\/www.miomiorun.com\/de\/produkt\/s-lab-adventure-20l\/","title":{"rendered":"S\/Lab Adventure 20L"},"content":{"rendered":"<p data-start=\"253\" data-end=\"704\">Der <strong data-start=\"341\" data-end=\"363\">S\/LAB Adventure 20<\/strong> wurde in Zusammenarbeit mit Spitzensportlern entwickelt und ist die Weiterentwicklung des Ultra-Trail- und Abenteuer-Weste-Rucksacks. Mit einem <strong data-start=\"443\" data-end=\"467\">Fassungsverm\u00f6gen von 20 Litern<\/strong> und einem <strong data-start=\"473\" data-end=\"522\">geringen Gewicht von 485 g <\/strong>bietet er eine ideale Balance zwischen <strong data-start=\"555\" data-end=\"601\">Stabilit\u00e4t, Leichtigkeit und Tragkraft<\/strong> und eignet sich somit perfekt f\u00fcr <strong data-start=\"627\" data-end=\"661\">mehrt\u00e4gige W\u00fcstenrennen<\/strong> oder <strong data-start=\"664\" data-end=\"701\">Einzelexpeditionen in die Natur<\/strong>.<\/p>\n<p data-start=\"706\" data-end=\"1079\">Die <strong data-start=\"719\" data-end=\"732\">SensiFIT\u2122<\/strong>-Konstruktion verwendet <strong data-start=\"750\" data-end=\"773\">atmungsaktive Stretch-Materialien<\/strong> und <strong data-start=\"776\" data-end=\"810\">leichte Verstellsysteme<\/strong>, um eine <strong data-start=\"829\" data-end=\"863\">stabile und passgenaue Passform<\/strong> in jedem Gel\u00e4nde zu gew\u00e4hrleisten. Das gro\u00dfe Volumen erm\u00f6glicht den \u00fcbersichtlichen Transport von Ausr\u00fcstung, Lebensmitteln und Fl\u00fcssigkeiten, w\u00e4hrend die <strong data-start=\"992\" data-end=\"1030\">integrierte Trinkl\u00f6sung<\/strong> einen einfachen Zugriff w\u00e4hrend der Aktivit\u00e4t gew\u00e4hrleistet.<\/p>\n<p data-start=\"1081\" data-end=\"1355\">Dank des <strong data-start=\"1093\" data-end=\"1124\">Wetterschutzes<\/strong> h\u00e4lt der S\/LAB Adventure 20 den Inhalt auch bei schwierigen Wetterbedingungen trocken. Er ist der ideale Begleiter f\u00fcr Sportler und Abenteurer, die <strong data-start=\"1284\" data-end=\"1320\">Leistung, Komfort und Autonomie<\/strong> in einem einzigen technischen Weste-Rucksack suchen.<\/p><\/p>\n","protected":false},"excerpt":{"rendered":"<ul>\n<li data-start=\"1613\" data-end=\"1671\">SensiFIT\u2122-Konstruktion: stabile Passform und atmungsaktiv<\/li>\n<li data-start=\"1672\" data-end=\"1726\">\n<p data-start=\"1674\" data-end=\"1726\">Integrierte Trinkl\u00f6sung und schneller Zugriff<\/p>\n<\/li>\n<li data-start=\"1727\" data-end=\"1795\">\n<p data-start=\"1729\" data-end=\"1795\">Wetterschutzgewebe f\u00fcr wechselhafte Bedingungen<\/p>\n<\/li>\n<\/ul>\n","protected":false},"featured_media":365183,"template":"","meta":{"_acf_changed":false,"inline_featured_image":false},"product_brand":[],"product_cat":[6342,6396,6398],"product_tag":[20480,20485,20489],"class_list":{"0":"post-362983","1":"product","2":"type-product","3":"status-publish","4":"has-post-thumbnail","6":"product_cat-zubehoer","7":"product_cat-taschen-und-guertel-de","8":"product_cat-taschen-de","9":"product_tag-salomon-de","10":"product_tag-salomon-damen","11":"product_tag-salomon-herren","12":"pa_attivita-outdoor-de","13":"pa_attivita-trail-de","14":"pa_colore-s-lab-adventure-20l-set-black-white-de","15":"pa_marca-salomon-de","16":"pa_sesso-damen","17":"pa_sesso-herren","18":"pa_size-medium-de","19":"pa_size-large-de","20":"pa_size-extra-large-de","22":"first","23":"instock","24":"sale","25":"taxable","26":"shipping-taxable","27":"purchasable","28":"product-type-variable","29":"wvs-archive-product-wrapper"},"acf":[],"yoast_head":"<!-- This site is optimized with the Yoast SEO plugin v26.8 - https:\/\/yoast.com\/product\/yoast-seo-wordpress\/ -->\n<title>Salomon S\/Lab Adventure 20L - Laufrucksack- MioMioRun<\/title>\n<meta name=\"description\" content=\"20-Liter-Weste-Rucksack, gemeinsam mit Athleten f\u00fcr Trail-L\u00e4ufe und lange Abenteuer entwickelt. Leicht, stabil und wetterfest dank SensiFIT\u2122-System.\" \/>\n<meta name=\"robots\" content=\"index, follow, max-snippet:-1, max-image-preview:large, max-video-preview:-1\" \/>\n<link rel=\"canonical\" href=\"https:\/\/www.miomiorun.com\/de\/produkt\/s-lab-adventure-20l\/\" \/>\n<meta property=\"og:locale\" content=\"de_DE\" \/>\n<meta property=\"og:type\" content=\"article\" \/>\n<meta property=\"og:title\" content=\"Salomon S\/Lab Adventure 20L - Laufrucksack- MioMioRun\" \/>\n<meta property=\"og:description\" content=\"20-Liter-Weste-Rucksack, gemeinsam mit Athleten f\u00fcr Trail-L\u00e4ufe und lange Abenteuer entwickelt. Leicht, stabil und wetterfest dank SensiFIT\u2122-System.\" \/>\n<meta property=\"og:url\" content=\"https:\/\/www.miomiorun.com\/de\/produkt\/s-lab-adventure-20l\/\" \/>\n<meta property=\"og:site_name\" content=\"MioMioRun\" \/>\n<meta property=\"article:publisher\" content=\"https:\/\/www.facebook.com\/miomiorun\/\" \/>\n<meta property=\"article:modified_time\" content=\"2026-04-17T08:33:28+00:00\" \/>\n<meta property=\"og:image\" content=\"https:\/\/www.miomiorun.com\/app\/uploads\/2025\/10\/salomon-S-Lab-Adventure-20L-set-black-white-LC2710000.webp\" \/>\n\t<meta property=\"og:image:width\" content=\"720\" \/>\n\t<meta property=\"og:image:height\" content=\"720\" \/>\n\t<meta property=\"og:image:type\" content=\"image\/webp\" \/>\n<meta name=\"twitter:card\" content=\"summary_large_image\" \/>\n<meta name=\"twitter:label1\" content=\"Est. reading time\" \/>\n\t<meta name=\"twitter:data1\" content=\"1 minute\" \/>\n<script type=\"application\/ld+json\" class=\"yoast-schema-graph\">{\"@context\":\"https:\/\/schema.org\",\"@graph\":[{\"@type\":\"WebPage\",\"@id\":\"https:\/\/www.miomiorun.com\/de\/produkt\/s-lab-adventure-20l\/\",\"url\":\"https:\/\/www.miomiorun.com\/de\/produkt\/s-lab-adventure-20l\/\",\"name\":\"Salomon S\/Lab Adventure 20L - Laufrucksack- MioMioRun\",\"isPartOf\":{\"@id\":\"https:\/\/www.miomiorun.com\/de\/#website\"},\"primaryImageOfPage\":{\"@id\":\"https:\/\/www.miomiorun.com\/de\/produkt\/s-lab-adventure-20l\/#primaryimage\"},\"image\":{\"@id\":\"https:\/\/www.miomiorun.com\/de\/produkt\/s-lab-adventure-20l\/#primaryimage\"},\"thumbnailUrl\":\"https:\/\/www.miomiorun.com\/app\/uploads\/2025\/10\/salomon-S-Lab-Adventure-20L-set-black-white-LC2710000.webp\",\"datePublished\":\"2025-10-21T09:22:47+00:00\",\"dateModified\":\"2026-04-17T08:33:28+00:00\",\"description\":\"20-Liter-Weste-Rucksack, gemeinsam mit Athleten f\u00fcr Trail-L\u00e4ufe und lange Abenteuer entwickelt. Leicht, stabil und wetterfest dank SensiFIT\u2122-System.\",\"breadcrumb\":{\"@id\":\"https:\/\/www.miomiorun.com\/de\/produkt\/s-lab-adventure-20l\/#breadcrumb\"},\"inLanguage\":\"de-DE\",\"potentialAction\":[{\"@type\":\"ReadAction\",\"target\":[\"https:\/\/www.miomiorun.com\/de\/produkt\/s-lab-adventure-20l\/\"]}]},{\"@type\":\"ImageObject\",\"inLanguage\":\"de-DE\",\"@id\":\"https:\/\/www.miomiorun.com\/de\/produkt\/s-lab-adventure-20l\/#primaryimage\",\"url\":\"https:\/\/www.miomiorun.com\/app\/uploads\/2025\/10\/salomon-S-Lab-Adventure-20L-set-black-white-LC2710000.webp\",\"contentUrl\":\"https:\/\/www.miomiorun.com\/app\/uploads\/2025\/10\/salomon-S-Lab-Adventure-20L-set-black-white-LC2710000.webp\",\"width\":720,\"height\":720,\"caption\":\"salomon S Lab Adventure 20L set black white LC2710000\"},{\"@type\":\"BreadcrumbList\",\"@id\":\"https:\/\/www.miomiorun.com\/de\/produkt\/s-lab-adventure-20l\/#breadcrumb\",\"itemListElement\":[{\"@type\":\"ListItem\",\"position\":1,\"name\":\"Home\",\"item\":\"https:\/\/www.miomiorun.com\/de\/\"},{\"@type\":\"ListItem\",\"position\":2,\"name\":\"Shop\",\"item\":\"https:\/\/www.miomiorun.com\/shop\/\"},{\"@type\":\"ListItem\",\"position\":3,\"name\":\"S\/Lab Adventure 20L\"}]},{\"@type\":\"WebSite\",\"@id\":\"https:\/\/www.miomiorun.com\/de\/#website\",\"url\":\"https:\/\/www.miomiorun.com\/de\/\",\"name\":\"MioMioRun\",\"description\":\"100% Lauf- und Trailshop\",\"publisher\":{\"@id\":\"https:\/\/www.miomiorun.com\/de\/#organization\"},\"potentialAction\":[{\"@type\":\"SearchAction\",\"target\":{\"@type\":\"EntryPoint\",\"urlTemplate\":\"https:\/\/www.miomiorun.com\/de\/?s={search_term_string}\"},\"query-input\":{\"@type\":\"PropertyValueSpecification\",\"valueRequired\":true,\"valueName\":\"search_term_string\"}}],\"inLanguage\":\"de-DE\"},{\"@type\":\"Organization\",\"@id\":\"https:\/\/www.miomiorun.com\/de\/#organization\",\"name\":\"MioMio Run\",\"url\":\"https:\/\/www.miomiorun.com\/de\/\",\"logo\":{\"@type\":\"ImageObject\",\"inLanguage\":\"de-DE\",\"@id\":\"https:\/\/www.miomiorun.com\/de\/#\/schema\/logo\/image\/\",\"url\":\"https:\/\/www.miomiorun.com\/app\/uploads\/2019\/12\/logomio.png\",\"contentUrl\":\"https:\/\/www.miomiorun.com\/app\/uploads\/2019\/12\/logomio.png\",\"width\":115,\"height\":82,\"caption\":\"MioMio Run\"},\"image\":{\"@id\":\"https:\/\/www.miomiorun.com\/de\/#\/schema\/logo\/image\/\"},\"sameAs\":[\"https:\/\/www.facebook.com\/miomiorun\/\",\"https:\/\/www.instagram.com\/miomiorun\/\"]}]}<\/script>\n<!-- \/ Yoast SEO plugin. -->","yoast_head_json":{"title":"Salomon S\/Lab Adventure 20L - Laufrucksack- MioMioRun","description":"20-Liter-Weste-Rucksack, gemeinsam mit Athleten f\u00fcr Trail-L\u00e4ufe und lange Abenteuer entwickelt. Leicht, stabil und wetterfest dank SensiFIT\u2122-System.","robots":{"index":"index","follow":"follow","max-snippet":"max-snippet:-1","max-image-preview":"max-image-preview:large","max-video-preview":"max-video-preview:-1"},"canonical":"https:\/\/www.miomiorun.com\/de\/produkt\/s-lab-adventure-20l\/","og_locale":"de_DE","og_type":"article","og_title":"Salomon S\/Lab Adventure 20L - Laufrucksack- MioMioRun","og_description":"20-Liter-Weste-Rucksack, gemeinsam mit Athleten f\u00fcr Trail-L\u00e4ufe und lange Abenteuer entwickelt. Leicht, stabil und wetterfest dank SensiFIT\u2122-System.","og_url":"https:\/\/www.miomiorun.com\/de\/produkt\/s-lab-adventure-20l\/","og_site_name":"MioMioRun","article_publisher":"https:\/\/www.facebook.com\/miomiorun\/","article_modified_time":"2026-04-17T08:33:28+00:00","og_image":[{"width":720,"height":720,"url":"https:\/\/www.miomiorun.com\/app\/uploads\/2025\/10\/salomon-S-Lab-Adventure-20L-set-black-white-LC2710000.webp","type":"image\/webp"}],"twitter_card":"summary_large_image","twitter_misc":{"Est. reading time":"1 minute"},"schema":{"@context":"https:\/\/schema.org","@graph":[{"@type":"WebPage","@id":"https:\/\/www.miomiorun.com\/de\/produkt\/s-lab-adventure-20l\/","url":"https:\/\/www.miomiorun.com\/de\/produkt\/s-lab-adventure-20l\/","name":"Salomon S\/Lab Adventure 20L - Laufrucksack- MioMioRun","isPartOf":{"@id":"https:\/\/www.miomiorun.com\/de\/#website"},"primaryImageOfPage":{"@id":"https:\/\/www.miomiorun.com\/de\/produkt\/s-lab-adventure-20l\/#primaryimage"},"image":{"@id":"https:\/\/www.miomiorun.com\/de\/produkt\/s-lab-adventure-20l\/#primaryimage"},"thumbnailUrl":"https:\/\/www.miomiorun.com\/app\/uploads\/2025\/10\/salomon-S-Lab-Adventure-20L-set-black-white-LC2710000.webp","datePublished":"2025-10-21T09:22:47+00:00","dateModified":"2026-04-17T08:33:28+00:00","description":"20-Liter-Weste-Rucksack, gemeinsam mit Athleten f\u00fcr Trail-L\u00e4ufe und lange Abenteuer entwickelt. Leicht, stabil und wetterfest dank SensiFIT\u2122-System.","breadcrumb":{"@id":"https:\/\/www.miomiorun.com\/de\/produkt\/s-lab-adventure-20l\/#breadcrumb"},"inLanguage":"de-DE","potentialAction":[{"@type":"ReadAction","target":["https:\/\/www.miomiorun.com\/de\/produkt\/s-lab-adventure-20l\/"]}]},{"@type":"ImageObject","inLanguage":"de-DE","@id":"https:\/\/www.miomiorun.com\/de\/produkt\/s-lab-adventure-20l\/#primaryimage","url":"https:\/\/www.miomiorun.com\/app\/uploads\/2025\/10\/salomon-S-Lab-Adventure-20L-set-black-white-LC2710000.webp","contentUrl":"https:\/\/www.miomiorun.com\/app\/uploads\/2025\/10\/salomon-S-Lab-Adventure-20L-set-black-white-LC2710000.webp","width":720,"height":720,"caption":"salomon S Lab Adventure 20L set black white LC2710000"},{"@type":"BreadcrumbList","@id":"https:\/\/www.miomiorun.com\/de\/produkt\/s-lab-adventure-20l\/#breadcrumb","itemListElement":[{"@type":"ListItem","position":1,"name":"Home","item":"https:\/\/www.miomiorun.com\/de\/"},{"@type":"ListItem","position":2,"name":"Shop","item":"https:\/\/www.miomiorun.com\/shop\/"},{"@type":"ListItem","position":3,"name":"S\/Lab Adventure 20L"}]},{"@type":"WebSite","@id":"https:\/\/www.miomiorun.com\/de\/#website","url":"https:\/\/www.miomiorun.com\/de\/","name":"MioMioRun","description":"100% Lauf- und Trailshop","publisher":{"@id":"https:\/\/www.miomiorun.com\/de\/#organization"},"potentialAction":[{"@type":"SearchAction","target":{"@type":"EntryPoint","urlTemplate":"https:\/\/www.miomiorun.com\/de\/?s={search_term_string}"},"query-input":{"@type":"PropertyValueSpecification","valueRequired":true,"valueName":"search_term_string"}}],"inLanguage":"de-DE"},{"@type":"Organization","@id":"https:\/\/www.miomiorun.com\/de\/#organization","name":"MioMio Run","url":"https:\/\/www.miomiorun.com\/de\/","logo":{"@type":"ImageObject","inLanguage":"de-DE","@id":"https:\/\/www.miomiorun.com\/de\/#\/schema\/logo\/image\/","url":"https:\/\/www.miomiorun.com\/app\/uploads\/2019\/12\/logomio.png","contentUrl":"https:\/\/www.miomiorun.com\/app\/uploads\/2019\/12\/logomio.png","width":115,"height":82,"caption":"MioMio Run"},"image":{"@id":"https:\/\/www.miomiorun.com\/de\/#\/schema\/logo\/image\/"},"sameAs":["https:\/\/www.facebook.com\/miomiorun\/","https:\/\/www.instagram.com\/miomiorun\/"]}]}},"_links":{"self":[{"href":"https:\/\/www.miomiorun.com\/de\/wp-json\/wp\/v2\/product\/362983","targetHints":{"allow":["GET"]}}],"collection":[{"href":"https:\/\/www.miomiorun.com\/de\/wp-json\/wp\/v2\/product"}],"about":[{"href":"https:\/\/www.miomiorun.com\/de\/wp-json\/wp\/v2\/types\/product"}],"wp:featuredmedia":[{"embeddable":true,"href":"https:\/\/www.miomiorun.com\/de\/wp-json\/wp\/v2\/media\/365183"}],"wp:attachment":[{"href":"https:\/\/www.miomiorun.com\/de\/wp-json\/wp\/v2\/media?parent=362983"}],"wp:term":[{"taxonomy":"product_brand","embeddable":true,"href":"https:\/\/www.miomiorun.com\/de\/wp-json\/wp\/v2\/product_brand?post=362983"},{"taxonomy":"product_cat","embeddable":true,"href":"https:\/\/www.miomiorun.com\/de\/wp-json\/wp\/v2\/product_cat?post=362983"},{"taxonomy":"product_tag","embeddable":true,"href":"https:\/\/www.miomiorun.com\/de\/wp-json\/wp\/v2\/product_tag?post=362983"}],"curies":[{"name":"wp","href":"https:\/\/api.w.org\/{rel}","templated":true}]}}