{"id":362756,"date":"2025-10-20T16:29:39","date_gmt":"2025-10-20T14:29:39","guid":{"rendered":"https:\/\/www.miomiorun.com\/?post_type=product&#038;p=362756"},"modified":"2026-04-17T10:33:40","modified_gmt":"2026-04-17T08:33:40","slug":"x-ultra-gtx-j","status":"publish","type":"product","link":"https:\/\/www.miomiorun.com\/de\/produkt\/x-ultra-gtx-j\/","title":{"rendered":"X Ultra GTX J"},"content":{"rendered":"<div class=\"vc-row container\"><div class=\"vc-column\"><div class=\"vc-column-text\"><\/p>\n<h4>Technische Daten<\/h4>\n<p>Kategorie: Strukturierte D\u00e4mpfung<br \/>\nOffset: 10 mm<\/p>\n<p>Gewicht: 270 g<\/p>\n<p>Ideal f\u00fcr: Kinder, die einen Schuh mit guter D\u00e4mpfung und guter Struktur f\u00fcr Bergtouren ben\u00f6tigen.<br \/>\n<a href=\"https:\/\/miomiorun.com\/guida-alle-specifiche-tecniche\/\">Leitfaden zu den technischen Daten<\/a><\/p>\n<p><\/div><\/div><div class=\"vc-column\"><div class=\"vc-column-text\"><\/p>\n<div class=\"description-techspecs__items\">\n<p data-start=\"273\" data-end=\"684\">Der <strong data-start=\"360\" data-end=\"387\">X Ultra GORE-TEX Junior<\/strong> ist direkt vom legend\u00e4ren X-ULTRA von Salomon inspiriert und bietet die gleiche Leistung und Zuverl\u00e4ssigkeit wie die Modelle f\u00fcr Erwachsene, angepasst an junge Wanderer. Dieser Schuh wurde entwickelt, um <strong data-start=\"521\" data-end=\"556\">Stabilit\u00e4t, Schutz und Komfort<\/strong> bei Outdoor-Abenteuern zu gew\u00e4hrleisten, und ist ideal f\u00fcr <strong data-start=\"617\" data-end=\"643\">Familienausfl\u00fcge<\/strong>, egal ob bei Sonnenschein oder Regen.<\/p>\n<p data-start=\"686\" data-end=\"1009\">Die <strong data-start=\"698\" data-end=\"711\">GORE-TEX\u00ae<\/strong>-Membran sorgt f\u00fcr <strong data-start=\"721\" data-end=\"756\">Wasserdichtigkeit und Atmungsaktivit\u00e4t<\/strong> und h\u00e4lt die F\u00fc\u00dfe unter allen Bedingungen trocken. Die <strong data-start=\"809\" data-end=\"841\">All Terrain Contagrip\u00ae-Sohle<\/strong> garantiert <strong data-start=\"853\" data-end=\"878\">Grip und Widerstandsf\u00e4higkeit<\/strong> auf nassen, trockenen oder unebenen Oberfl\u00e4chen, w\u00e4hrend das <strong data-start=\"934\" data-end=\"954\">Schmutzschutzgitter<\/strong> verhindert, dass Sand und Steine in den Schuh gelangen.<\/p>\n<p data-start=\"1011\" data-end=\"1335\">Die <strong data-start=\"1024\" data-end=\"1037\">SensiFIT\u2122-Konstruktion<\/strong> umschlie\u00dft den Fu\u00df von der Zwischensohle bis zum Schn\u00fcrsystem und sorgt f\u00fcr eine <strong data-start=\"1106\" data-end=\"1141\">sichere und individuelle Passform<\/strong>, w\u00e4hrend der <strong data-start=\"1153\" data-end=\"1176\">Zehenbereichschutz<\/strong> zus\u00e4tzliche Sicherheit auf Wanderwegen bietet. Ein Schuh f\u00fcr kleine Entdecker, die sich auf jedem Terrain sicher bewegen m\u00f6chten.<br \/>\n&nbsp;<\/p>\n<\/p>\n<\/div>\n<p><\/div><\/div><\/div>\n","protected":false},"excerpt":{"rendered":"<ul>\n<li data-start=\"1547\" data-end=\"1596\">\n<p data-start=\"1549\" data-end=\"1596\">Wasserdichte und atmungsaktive GORE-TEX\u00ae-Membran<\/p>\n<\/li>\n<li data-start=\"1597\" data-end=\"1661\">\n<p data-start=\"1599\" data-end=\"1661\">All Terrain Contagrip\u00ae-Sohle f\u00fcr Grip auf jedem Untergrund<\/p>\n<\/li>\n<li data-start=\"1662\" data-end=\"1714\">\n<p data-start=\"1664\" data-end=\"1714\">SensiFIT\u2122-Konstruktion f\u00fcr pr\u00e4zise und sichere Passform<\/p>\n<\/li>\n<li data-start=\"1715\" data-end=\"1780\">\n<p data-start=\"1717\" data-end=\"1780\">Schmutzabweisendes Mesh und Zehenschutz f\u00fcr maximale Strapazierf\u00e4higkeit<\/p>\n<\/li>\n<\/ul>\n","protected":false},"featured_media":365058,"template":"","meta":{"_acf_changed":false,"inline_featured_image":false},"product_brand":[],"product_cat":[19446,19445,6399],"product_tag":[20480,20487,38890],"class_list":{"0":"post-362756","1":"product","2":"type-product","3":"status-publish","4":"has-post-thumbnail","6":"product_cat-kinderschuhe","7":"product_cat-schuhe-fur-madchen","8":"product_cat-kind-de","9":"product_tag-salomon-de","10":"product_tag-salomon-kind","11":"product_tag-salomon-madchen","12":"pa_attivita-gehen","13":"pa_attivita-outdoor-de","14":"pa_colore-x-ultra-gtx-j-biking-red-black-flsc-de","15":"pa_colore-x-ultra-gtx-j-nirvana-black-fusion-coral-de","16":"pa_marca-salomon-de","17":"pa_sesso-damen","18":"pa_sesso-herren","19":"pa_size-31-de","20":"pa_size-32-de","21":"pa_size-33-de","22":"pa_size-34-de","23":"pa_size-35-de","24":"pa_size-36-de","25":"pa_size-37-de","26":"pa_size-38-de","27":"pa_size-39-de","29":"first","30":"instock","31":"sale","32":"taxable","33":"shipping-taxable","34":"purchasable","35":"product-type-variable","36":"wvs-archive-product-wrapper"},"acf":[],"yoast_head":"<!-- This site is optimized with the Yoast SEO plugin v26.8 - https:\/\/yoast.com\/product\/yoast-seo-wordpress\/ -->\n<title>La Sportiva X Ultra GTX J - Wanderschuhe f\u00fcr Kinder - MioMioRun<\/title>\n<meta name=\"description\" content=\"Wasserdichter GORE-TEX\u00ae-Trekkingschuh f\u00fcr Kinder mit Contagrip\u00ae-Sohle und SensiFIT\u2122-Konstruktion. Stabilit\u00e4t, Schutz und Komfort f\u00fcr jedes Abenteuer.\" \/>\n<meta name=\"robots\" content=\"index, follow, max-snippet:-1, max-image-preview:large, max-video-preview:-1\" \/>\n<link rel=\"canonical\" href=\"https:\/\/www.miomiorun.com\/de\/produkt\/x-ultra-gtx-j\/\" \/>\n<meta property=\"og:locale\" content=\"de_DE\" \/>\n<meta property=\"og:type\" content=\"article\" \/>\n<meta property=\"og:title\" content=\"La Sportiva X Ultra GTX J - Wanderschuhe f\u00fcr Kinder - MioMioRun\" \/>\n<meta property=\"og:description\" content=\"Wasserdichter GORE-TEX\u00ae-Trekkingschuh f\u00fcr Kinder mit Contagrip\u00ae-Sohle und SensiFIT\u2122-Konstruktion. Stabilit\u00e4t, Schutz und Komfort f\u00fcr jedes Abenteuer.\" \/>\n<meta property=\"og:url\" content=\"https:\/\/www.miomiorun.com\/de\/produkt\/x-ultra-gtx-j\/\" \/>\n<meta property=\"og:site_name\" content=\"MioMioRun\" \/>\n<meta property=\"article:publisher\" content=\"https:\/\/www.facebook.com\/miomiorun\/\" \/>\n<meta property=\"article:modified_time\" content=\"2026-04-17T08:33:40+00:00\" \/>\n<meta property=\"og:image\" content=\"https:\/\/www.miomiorun.com\/app\/uploads\/2025\/10\/salomon-X-Ultra-GTX-J-nirvana-black-fusion-coral-L47745700.webp\" \/>\n\t<meta property=\"og:image:width\" content=\"720\" \/>\n\t<meta property=\"og:image:height\" content=\"720\" \/>\n\t<meta property=\"og:image:type\" content=\"image\/webp\" \/>\n<meta name=\"twitter:card\" content=\"summary_large_image\" \/>\n<meta name=\"twitter:label1\" content=\"Est. reading time\" \/>\n\t<meta name=\"twitter:data1\" content=\"1 minute\" \/>\n<script type=\"application\/ld+json\" class=\"yoast-schema-graph\">{\"@context\":\"https:\/\/schema.org\",\"@graph\":[{\"@type\":\"WebPage\",\"@id\":\"https:\/\/www.miomiorun.com\/de\/produkt\/x-ultra-gtx-j\/\",\"url\":\"https:\/\/www.miomiorun.com\/de\/produkt\/x-ultra-gtx-j\/\",\"name\":\"La Sportiva X Ultra GTX J - Wanderschuhe f\u00fcr Kinder - MioMioRun\",\"isPartOf\":{\"@id\":\"https:\/\/www.miomiorun.com\/de\/#website\"},\"primaryImageOfPage\":{\"@id\":\"https:\/\/www.miomiorun.com\/de\/produkt\/x-ultra-gtx-j\/#primaryimage\"},\"image\":{\"@id\":\"https:\/\/www.miomiorun.com\/de\/produkt\/x-ultra-gtx-j\/#primaryimage\"},\"thumbnailUrl\":\"https:\/\/www.miomiorun.com\/app\/uploads\/2025\/10\/salomon-X-Ultra-GTX-J-nirvana-black-fusion-coral-L47745700.webp\",\"datePublished\":\"2025-10-20T14:29:39+00:00\",\"dateModified\":\"2026-04-17T08:33:40+00:00\",\"description\":\"Wasserdichter GORE-TEX\u00ae-Trekkingschuh f\u00fcr Kinder mit Contagrip\u00ae-Sohle und SensiFIT\u2122-Konstruktion. Stabilit\u00e4t, Schutz und Komfort f\u00fcr jedes Abenteuer.\",\"breadcrumb\":{\"@id\":\"https:\/\/www.miomiorun.com\/de\/produkt\/x-ultra-gtx-j\/#breadcrumb\"},\"inLanguage\":\"de-DE\",\"potentialAction\":[{\"@type\":\"ReadAction\",\"target\":[\"https:\/\/www.miomiorun.com\/de\/produkt\/x-ultra-gtx-j\/\"]}]},{\"@type\":\"ImageObject\",\"inLanguage\":\"de-DE\",\"@id\":\"https:\/\/www.miomiorun.com\/de\/produkt\/x-ultra-gtx-j\/#primaryimage\",\"url\":\"https:\/\/www.miomiorun.com\/app\/uploads\/2025\/10\/salomon-X-Ultra-GTX-J-nirvana-black-fusion-coral-L47745700.webp\",\"contentUrl\":\"https:\/\/www.miomiorun.com\/app\/uploads\/2025\/10\/salomon-X-Ultra-GTX-J-nirvana-black-fusion-coral-L47745700.webp\",\"width\":720,\"height\":720,\"caption\":\"salomon X Ultra GTX J nirvana black fusion coral L47745700\"},{\"@type\":\"BreadcrumbList\",\"@id\":\"https:\/\/www.miomiorun.com\/de\/produkt\/x-ultra-gtx-j\/#breadcrumb\",\"itemListElement\":[{\"@type\":\"ListItem\",\"position\":1,\"name\":\"Home\",\"item\":\"https:\/\/www.miomiorun.com\/de\/\"},{\"@type\":\"ListItem\",\"position\":2,\"name\":\"Shop\",\"item\":\"https:\/\/www.miomiorun.com\/shop\/\"},{\"@type\":\"ListItem\",\"position\":3,\"name\":\"X Ultra GTX J\"}]},{\"@type\":\"WebSite\",\"@id\":\"https:\/\/www.miomiorun.com\/de\/#website\",\"url\":\"https:\/\/www.miomiorun.com\/de\/\",\"name\":\"MioMioRun\",\"description\":\"100% Lauf- und Trailshop\",\"publisher\":{\"@id\":\"https:\/\/www.miomiorun.com\/de\/#organization\"},\"potentialAction\":[{\"@type\":\"SearchAction\",\"target\":{\"@type\":\"EntryPoint\",\"urlTemplate\":\"https:\/\/www.miomiorun.com\/de\/?s={search_term_string}\"},\"query-input\":{\"@type\":\"PropertyValueSpecification\",\"valueRequired\":true,\"valueName\":\"search_term_string\"}}],\"inLanguage\":\"de-DE\"},{\"@type\":\"Organization\",\"@id\":\"https:\/\/www.miomiorun.com\/de\/#organization\",\"name\":\"MioMio Run\",\"url\":\"https:\/\/www.miomiorun.com\/de\/\",\"logo\":{\"@type\":\"ImageObject\",\"inLanguage\":\"de-DE\",\"@id\":\"https:\/\/www.miomiorun.com\/de\/#\/schema\/logo\/image\/\",\"url\":\"https:\/\/www.miomiorun.com\/app\/uploads\/2019\/12\/logomio.png\",\"contentUrl\":\"https:\/\/www.miomiorun.com\/app\/uploads\/2019\/12\/logomio.png\",\"width\":115,\"height\":82,\"caption\":\"MioMio Run\"},\"image\":{\"@id\":\"https:\/\/www.miomiorun.com\/de\/#\/schema\/logo\/image\/\"},\"sameAs\":[\"https:\/\/www.facebook.com\/miomiorun\/\",\"https:\/\/www.instagram.com\/miomiorun\/\"]}]}<\/script>\n<!-- \/ Yoast SEO plugin. -->","yoast_head_json":{"title":"La Sportiva X Ultra GTX J - Wanderschuhe f\u00fcr Kinder - MioMioRun","description":"Wasserdichter GORE-TEX\u00ae-Trekkingschuh f\u00fcr Kinder mit Contagrip\u00ae-Sohle und SensiFIT\u2122-Konstruktion. Stabilit\u00e4t, Schutz und Komfort f\u00fcr jedes Abenteuer.","robots":{"index":"index","follow":"follow","max-snippet":"max-snippet:-1","max-image-preview":"max-image-preview:large","max-video-preview":"max-video-preview:-1"},"canonical":"https:\/\/www.miomiorun.com\/de\/produkt\/x-ultra-gtx-j\/","og_locale":"de_DE","og_type":"article","og_title":"La Sportiva X Ultra GTX J - Wanderschuhe f\u00fcr Kinder - MioMioRun","og_description":"Wasserdichter GORE-TEX\u00ae-Trekkingschuh f\u00fcr Kinder mit Contagrip\u00ae-Sohle und SensiFIT\u2122-Konstruktion. Stabilit\u00e4t, Schutz und Komfort f\u00fcr jedes Abenteuer.","og_url":"https:\/\/www.miomiorun.com\/de\/produkt\/x-ultra-gtx-j\/","og_site_name":"MioMioRun","article_publisher":"https:\/\/www.facebook.com\/miomiorun\/","article_modified_time":"2026-04-17T08:33:40+00:00","og_image":[{"width":720,"height":720,"url":"https:\/\/www.miomiorun.com\/app\/uploads\/2025\/10\/salomon-X-Ultra-GTX-J-nirvana-black-fusion-coral-L47745700.webp","type":"image\/webp"}],"twitter_card":"summary_large_image","twitter_misc":{"Est. reading time":"1 minute"},"schema":{"@context":"https:\/\/schema.org","@graph":[{"@type":"WebPage","@id":"https:\/\/www.miomiorun.com\/de\/produkt\/x-ultra-gtx-j\/","url":"https:\/\/www.miomiorun.com\/de\/produkt\/x-ultra-gtx-j\/","name":"La Sportiva X Ultra GTX J - Wanderschuhe f\u00fcr Kinder - MioMioRun","isPartOf":{"@id":"https:\/\/www.miomiorun.com\/de\/#website"},"primaryImageOfPage":{"@id":"https:\/\/www.miomiorun.com\/de\/produkt\/x-ultra-gtx-j\/#primaryimage"},"image":{"@id":"https:\/\/www.miomiorun.com\/de\/produkt\/x-ultra-gtx-j\/#primaryimage"},"thumbnailUrl":"https:\/\/www.miomiorun.com\/app\/uploads\/2025\/10\/salomon-X-Ultra-GTX-J-nirvana-black-fusion-coral-L47745700.webp","datePublished":"2025-10-20T14:29:39+00:00","dateModified":"2026-04-17T08:33:40+00:00","description":"Wasserdichter GORE-TEX\u00ae-Trekkingschuh f\u00fcr Kinder mit Contagrip\u00ae-Sohle und SensiFIT\u2122-Konstruktion. Stabilit\u00e4t, Schutz und Komfort f\u00fcr jedes Abenteuer.","breadcrumb":{"@id":"https:\/\/www.miomiorun.com\/de\/produkt\/x-ultra-gtx-j\/#breadcrumb"},"inLanguage":"de-DE","potentialAction":[{"@type":"ReadAction","target":["https:\/\/www.miomiorun.com\/de\/produkt\/x-ultra-gtx-j\/"]}]},{"@type":"ImageObject","inLanguage":"de-DE","@id":"https:\/\/www.miomiorun.com\/de\/produkt\/x-ultra-gtx-j\/#primaryimage","url":"https:\/\/www.miomiorun.com\/app\/uploads\/2025\/10\/salomon-X-Ultra-GTX-J-nirvana-black-fusion-coral-L47745700.webp","contentUrl":"https:\/\/www.miomiorun.com\/app\/uploads\/2025\/10\/salomon-X-Ultra-GTX-J-nirvana-black-fusion-coral-L47745700.webp","width":720,"height":720,"caption":"salomon X Ultra GTX J nirvana black fusion coral L47745700"},{"@type":"BreadcrumbList","@id":"https:\/\/www.miomiorun.com\/de\/produkt\/x-ultra-gtx-j\/#breadcrumb","itemListElement":[{"@type":"ListItem","position":1,"name":"Home","item":"https:\/\/www.miomiorun.com\/de\/"},{"@type":"ListItem","position":2,"name":"Shop","item":"https:\/\/www.miomiorun.com\/shop\/"},{"@type":"ListItem","position":3,"name":"X Ultra GTX J"}]},{"@type":"WebSite","@id":"https:\/\/www.miomiorun.com\/de\/#website","url":"https:\/\/www.miomiorun.com\/de\/","name":"MioMioRun","description":"100% Lauf- und Trailshop","publisher":{"@id":"https:\/\/www.miomiorun.com\/de\/#organization"},"potentialAction":[{"@type":"SearchAction","target":{"@type":"EntryPoint","urlTemplate":"https:\/\/www.miomiorun.com\/de\/?s={search_term_string}"},"query-input":{"@type":"PropertyValueSpecification","valueRequired":true,"valueName":"search_term_string"}}],"inLanguage":"de-DE"},{"@type":"Organization","@id":"https:\/\/www.miomiorun.com\/de\/#organization","name":"MioMio Run","url":"https:\/\/www.miomiorun.com\/de\/","logo":{"@type":"ImageObject","inLanguage":"de-DE","@id":"https:\/\/www.miomiorun.com\/de\/#\/schema\/logo\/image\/","url":"https:\/\/www.miomiorun.com\/app\/uploads\/2019\/12\/logomio.png","contentUrl":"https:\/\/www.miomiorun.com\/app\/uploads\/2019\/12\/logomio.png","width":115,"height":82,"caption":"MioMio Run"},"image":{"@id":"https:\/\/www.miomiorun.com\/de\/#\/schema\/logo\/image\/"},"sameAs":["https:\/\/www.facebook.com\/miomiorun\/","https:\/\/www.instagram.com\/miomiorun\/"]}]}},"_links":{"self":[{"href":"https:\/\/www.miomiorun.com\/de\/wp-json\/wp\/v2\/product\/362756","targetHints":{"allow":["GET"]}}],"collection":[{"href":"https:\/\/www.miomiorun.com\/de\/wp-json\/wp\/v2\/product"}],"about":[{"href":"https:\/\/www.miomiorun.com\/de\/wp-json\/wp\/v2\/types\/product"}],"wp:featuredmedia":[{"embeddable":true,"href":"https:\/\/www.miomiorun.com\/de\/wp-json\/wp\/v2\/media\/365058"}],"wp:attachment":[{"href":"https:\/\/www.miomiorun.com\/de\/wp-json\/wp\/v2\/media?parent=362756"}],"wp:term":[{"taxonomy":"product_brand","embeddable":true,"href":"https:\/\/www.miomiorun.com\/de\/wp-json\/wp\/v2\/product_brand?post=362756"},{"taxonomy":"product_cat","embeddable":true,"href":"https:\/\/www.miomiorun.com\/de\/wp-json\/wp\/v2\/product_cat?post=362756"},{"taxonomy":"product_tag","embeddable":true,"href":"https:\/\/www.miomiorun.com\/de\/wp-json\/wp\/v2\/product_tag?post=362756"}],"curies":[{"name":"wp","href":"https:\/\/api.w.org\/{rel}","templated":true}]}}