{"id":362393,"date":"2025-10-20T16:15:36","date_gmt":"2025-10-20T14:15:36","guid":{"rendered":"https:\/\/www.miomiorun.com\/?post_type=product&#038;p=362393"},"modified":"2026-04-17T10:33:51","modified_gmt":"2026-04-17T08:33:51","slug":"genesis-gtx-herren","status":"publish","type":"product","link":"https:\/\/www.miomiorun.com\/de\/produkt\/genesis-gtx-herren\/","title":{"rendered":"Genesis GTX herren"},"content":{"rendered":"<div class=\"vc-row container\"><div class=\"vc-column\"><div class=\"vc-column-text\"><\/p>\n<p><strong>Technische Daten<\/strong><\/p>\n<p>Kategorie: moderate D\u00e4mpfung<br \/>\nOffset: 8 mm<br \/>\nGewicht: 301 g<br \/>\nIdeal f\u00fcr: Trailrunner und Liebhaber von Wanderungen und L\u00e4ufen in den Bergen, die ein leichtes, gut ged\u00e4mpftes und sch\u00fctzendes Modell suchen, das auch auf langen Strecken maximalen Komfort bietet. Jetzt auch wasserdicht.<br \/>\nGewicht des Sportlers: 60-70 kg<br \/>\nLaufgeschwindigkeit: mittel-schnell (4,30-6,00 min\/km)<br \/>\n<a href=\"https:\/\/miomiorun.com\/guida-alle-specifiche-tecniche\/\">Leitfaden zu den technischen Daten<\/a><\/p>\n<p><\/div><\/div><div class=\"vc-column\"><div class=\"vc-column-text\"><\/p>\n<div class=\"description-whatsnew\">\n<p><strong>Genesis<\/strong> in der Herrenversion ist ein Berglaufschuh, der ebenso bequem und sicher wie dynamisch, agil und abenteuerbereit ist. Er wurde entwickelt, um lange Haltbarkeit und pr\u00e4zise Genauigkeit auf t\u00fcckischem Gel\u00e4nde zu bieten. Mit ihm gibt es keine zu steilen Anstiege oder zu schwierigen Abstiege. Dank der dynamischen Unterst\u00fctzung durch das Chassis und dem zuverl\u00e4ssigen Grip k\u00f6nnen Sie sich \u00fcberall sicher fortbewegen.<\/p>\n<h3>Eigenschaften:<\/h3>\n<ul>\n<li>Perfekt f\u00fcr <span class=\"\">gemischtes, felsiges Gel\u00e4nde<\/span><\/li>\n<li><span class=\"\">Langlebig, stabil und unterst\u00fctzend<\/span><\/li>\n<li>Ideal f\u00fcr 2\u20133 L\u00e4ufe pro Woche<\/li>\n<li>Profilh\u00f6he: 4,5 mm<\/li>\n<\/ul>\n<div class=\"pdp-gap-m\">\n<p class=\"pdp-sidebar-popin-details_subtitle\">SOHLE<\/p>\n<p><b>All Terrain Contagrip\u00ae<\/b>: Unsere All Terrain Contagrip\u00ae-Sohle eignet sich f\u00fcr eine Vielzahl von Untergr\u00fcnden. Sie garantiert Widerstandsf\u00e4higkeit und Sicherheit auf nassen, trockenen, harten oder weichen Oberfl\u00e4chen.<\/p>\n<\/div>\n<div class=\"pdp-gap-m\">\n<p class=\"pdp-sidebar-popin-details_subtitle\">ZWISCHENSOHLE<\/p>\n<p><b>Energy Foam<\/b>: Leichter, d\u00e4mpfender EVA-Schaumstoff f\u00fcr alle, die hohe Leistung suchen.<\/p>\n<\/div>\n<div class=\"pdp-gap-m\">\n<p class=\"pdp-sidebar-popin-details_subtitle\">CHASSIS\u2122<\/p>\n<p><b>activeCHASSIS\u2122<\/b>: Chassis f\u00fcr mehr Antrieb, kompromisslose Agilit\u00e4t und gro\u00dfe Bewegungsfreiheit.<\/p>\n<\/div>\n<div class=\"pdp-gap-m\">\n<p class=\"pdp-sidebar-popin-details_subtitle\">OBERMATERIAL<\/p>\n<p><b>Matryx\u00ae<\/b>: Hochleistungsf\u00e4higes, abriebfestes Gewebe aus einzeln beschichtetem technischem Garn und hochfestem Kevlar\u00ae, das es zudem leicht und atmungsaktiv macht.<\/p>\n<\/div>\n<div class=\"pdp-gap-m\">\n<p class=\"pdp-sidebar-popin-details_subtitle\">OBERMATERIALKONSTRUKTION<\/p>\n<p><b>EndoFit\u2122<\/b>: Socken\u00e4hnliches Innenfutter, das den Fu\u00df umh\u00fcllt und ihn fest und stabil h\u00e4lt, um eine pr\u00e4zise Passform zu gew\u00e4hrleisten.<\/p>\n<\/div>\n<div class=\"pdp-gap-m\">\n<p class=\"pdp-sidebar-popin-details_subtitle\">SCHN\u00dcRSYSTEM<\/p>\n<p><b>quickLACE\u2122<\/b>: D\u00fcnner, robuster Schn\u00fcrsenkel f\u00fcr One-Pull-Schn\u00fcrung. Erleichtert das An- und Ausziehen des Schuhs.<\/p>\n<\/div>\n<\/div>\n<p>&nbsp;<\/p>\n<h3 style=\"text-align: center\">LAUFLEISTUNG<\/h3>\n<p>Der Kompromiss, von dem Sie bisher nur tr\u00e4umen konnten, ist nun Wirklichkeit geworden: Der Komfort und die D\u00e4mpfung von Energy Foam verbinden sich mit der dynamischen Unterst\u00fctzung des Active Chassis. Worauf warten Sie noch? Jetzt k\u00f6nnen Sie \u00fcberall sicher laufen.<\/p>\n<h3 style=\"text-align: center\">GRIP<\/h3>\n<p>Die All Terrain Contgrip-Mischung, das exklusive zweiteilige Profil und die erh\u00f6hte Lauffl\u00e4che bieten auch in schwierigen Situationen und auf wechselhaftem Untergrund einen anpassungsf\u00e4higen Grip.<\/p>\n<h3 style=\"text-align: center\">WIDERSTANDSF\u00c4HIGKEIT<\/h3>\n<p>Das Matrix-Obermaterial mit gewebten Garnen ist atmungsaktiv, extrem strapazierf\u00e4hig und widersteht Ger\u00f6ll und den T\u00fccken anspruchsvoller Trails.<\/div><\/div><\/div>\n","protected":false},"excerpt":{"rendered":"<ul>\n<li>Idealer Schuh f\u00fcr Trailrunning und Wandern.<\/li>\n<li>Ideal f\u00fcr technische Strecken auf schwierigem Gel\u00e4nde.<\/li>\n<li>GORE-TEX-Membran<\/li>\n<\/ul>\n","protected":false},"featured_media":365028,"template":"","meta":{"_acf_changed":false,"inline_featured_image":false},"product_brand":[],"product_cat":[6507,6504],"product_tag":[20480,20489],"class_list":{"0":"post-362393","1":"product","2":"type-product","3":"status-publish","4":"has-post-thumbnail","6":"product_cat-herren-schuhe-de","7":"product_cat-trail","8":"product_tag-salomon-de","9":"product_tag-salomon-herren","10":"pa_attivita-outdoor-de","11":"pa_attivita-trail-de","12":"pa_colore-genesis-gtx-black-sedsa-incabe-de","13":"pa_marca-salomon-de","14":"pa_sesso-herren","15":"pa_size-42-de","17":"pa_size-44-de","18":"pa_size-45-de","19":"pa_size-46-de","22":"first","23":"instock","24":"sale","25":"taxable","26":"shipping-taxable","27":"purchasable","28":"product-type-variable","29":"wvs-archive-product-wrapper"},"acf":[],"yoast_head":"<!-- This site is optimized with the Yoast SEO plugin v26.8 - https:\/\/yoast.com\/product\/yoast-seo-wordpress\/ -->\n<title>Salomon Genesis GTX herren - Trailschuhe - MioMioRun.com<\/title>\n<meta name=\"description\" content=\"Wasserdichter Trailrunning-Schuh mit GORE-TEX\u00ae-Membran, Contagrip\u00ae-Sohle und Energy Foam-Zwischensohle f\u00fcr Komfort und Grip auf jedem Terrain.\" \/>\n<meta name=\"robots\" content=\"index, follow, max-snippet:-1, max-image-preview:large, max-video-preview:-1\" \/>\n<link rel=\"canonical\" href=\"https:\/\/www.miomiorun.com\/de\/produkt\/genesis-gtx-herren\/\" \/>\n<meta property=\"og:locale\" content=\"de_DE\" \/>\n<meta property=\"og:type\" content=\"article\" \/>\n<meta property=\"og:title\" content=\"Salomon Genesis GTX herren - Trailschuhe - MioMioRun.com\" \/>\n<meta property=\"og:description\" content=\"Wasserdichter Trailrunning-Schuh mit GORE-TEX\u00ae-Membran, Contagrip\u00ae-Sohle und Energy Foam-Zwischensohle f\u00fcr Komfort und Grip auf jedem Terrain.\" \/>\n<meta property=\"og:url\" content=\"https:\/\/www.miomiorun.com\/de\/produkt\/genesis-gtx-herren\/\" \/>\n<meta property=\"og:site_name\" content=\"MioMioRun\" \/>\n<meta property=\"article:publisher\" content=\"https:\/\/www.facebook.com\/miomiorun\/\" \/>\n<meta property=\"article:modified_time\" content=\"2026-04-17T08:33:51+00:00\" \/>\n<meta property=\"og:image\" content=\"https:\/\/www.miomiorun.com\/app\/uploads\/2025\/10\/salomon-Genesis-GTX-black-sedsa-incabe-L47978000.webp\" \/>\n\t<meta property=\"og:image:width\" content=\"720\" \/>\n\t<meta property=\"og:image:height\" content=\"720\" \/>\n\t<meta property=\"og:image:type\" content=\"image\/webp\" \/>\n<meta name=\"twitter:card\" content=\"summary_large_image\" \/>\n<meta name=\"twitter:label1\" content=\"Est. reading time\" \/>\n\t<meta name=\"twitter:data1\" content=\"2 minutes\" \/>\n<script type=\"application\/ld+json\" class=\"yoast-schema-graph\">{\"@context\":\"https:\/\/schema.org\",\"@graph\":[{\"@type\":\"WebPage\",\"@id\":\"https:\/\/www.miomiorun.com\/de\/produkt\/genesis-gtx-herren\/\",\"url\":\"https:\/\/www.miomiorun.com\/de\/produkt\/genesis-gtx-herren\/\",\"name\":\"Salomon Genesis GTX herren - Trailschuhe - MioMioRun.com\",\"isPartOf\":{\"@id\":\"https:\/\/www.miomiorun.com\/de\/#website\"},\"primaryImageOfPage\":{\"@id\":\"https:\/\/www.miomiorun.com\/de\/produkt\/genesis-gtx-herren\/#primaryimage\"},\"image\":{\"@id\":\"https:\/\/www.miomiorun.com\/de\/produkt\/genesis-gtx-herren\/#primaryimage\"},\"thumbnailUrl\":\"https:\/\/www.miomiorun.com\/app\/uploads\/2025\/10\/salomon-Genesis-GTX-black-sedsa-incabe-L47978000.webp\",\"datePublished\":\"2025-10-20T14:15:36+00:00\",\"dateModified\":\"2026-04-17T08:33:51+00:00\",\"description\":\"Wasserdichter Trailrunning-Schuh mit GORE-TEX\u00ae-Membran, Contagrip\u00ae-Sohle und Energy Foam-Zwischensohle f\u00fcr Komfort und Grip auf jedem Terrain.\",\"breadcrumb\":{\"@id\":\"https:\/\/www.miomiorun.com\/de\/produkt\/genesis-gtx-herren\/#breadcrumb\"},\"inLanguage\":\"de-DE\",\"potentialAction\":[{\"@type\":\"ReadAction\",\"target\":[\"https:\/\/www.miomiorun.com\/de\/produkt\/genesis-gtx-herren\/\"]}]},{\"@type\":\"ImageObject\",\"inLanguage\":\"de-DE\",\"@id\":\"https:\/\/www.miomiorun.com\/de\/produkt\/genesis-gtx-herren\/#primaryimage\",\"url\":\"https:\/\/www.miomiorun.com\/app\/uploads\/2025\/10\/salomon-Genesis-GTX-black-sedsa-incabe-L47978000.webp\",\"contentUrl\":\"https:\/\/www.miomiorun.com\/app\/uploads\/2025\/10\/salomon-Genesis-GTX-black-sedsa-incabe-L47978000.webp\",\"width\":720,\"height\":720,\"caption\":\"salomon Genesis GTX black sedsa incabe L47978000\"},{\"@type\":\"BreadcrumbList\",\"@id\":\"https:\/\/www.miomiorun.com\/de\/produkt\/genesis-gtx-herren\/#breadcrumb\",\"itemListElement\":[{\"@type\":\"ListItem\",\"position\":1,\"name\":\"Home\",\"item\":\"https:\/\/www.miomiorun.com\/de\/\"},{\"@type\":\"ListItem\",\"position\":2,\"name\":\"Shop\",\"item\":\"https:\/\/www.miomiorun.com\/shop\/\"},{\"@type\":\"ListItem\",\"position\":3,\"name\":\"Genesis GTX herren\"}]},{\"@type\":\"WebSite\",\"@id\":\"https:\/\/www.miomiorun.com\/de\/#website\",\"url\":\"https:\/\/www.miomiorun.com\/de\/\",\"name\":\"MioMioRun\",\"description\":\"100% Lauf- und Trailshop\",\"publisher\":{\"@id\":\"https:\/\/www.miomiorun.com\/de\/#organization\"},\"potentialAction\":[{\"@type\":\"SearchAction\",\"target\":{\"@type\":\"EntryPoint\",\"urlTemplate\":\"https:\/\/www.miomiorun.com\/de\/?s={search_term_string}\"},\"query-input\":{\"@type\":\"PropertyValueSpecification\",\"valueRequired\":true,\"valueName\":\"search_term_string\"}}],\"inLanguage\":\"de-DE\"},{\"@type\":\"Organization\",\"@id\":\"https:\/\/www.miomiorun.com\/de\/#organization\",\"name\":\"MioMio Run\",\"url\":\"https:\/\/www.miomiorun.com\/de\/\",\"logo\":{\"@type\":\"ImageObject\",\"inLanguage\":\"de-DE\",\"@id\":\"https:\/\/www.miomiorun.com\/de\/#\/schema\/logo\/image\/\",\"url\":\"https:\/\/www.miomiorun.com\/app\/uploads\/2019\/12\/logomio.png\",\"contentUrl\":\"https:\/\/www.miomiorun.com\/app\/uploads\/2019\/12\/logomio.png\",\"width\":115,\"height\":82,\"caption\":\"MioMio Run\"},\"image\":{\"@id\":\"https:\/\/www.miomiorun.com\/de\/#\/schema\/logo\/image\/\"},\"sameAs\":[\"https:\/\/www.facebook.com\/miomiorun\/\",\"https:\/\/www.instagram.com\/miomiorun\/\"]}]}<\/script>\n<!-- \/ Yoast SEO plugin. -->","yoast_head_json":{"title":"Salomon Genesis GTX herren - Trailschuhe - MioMioRun.com","description":"Wasserdichter Trailrunning-Schuh mit GORE-TEX\u00ae-Membran, Contagrip\u00ae-Sohle und Energy Foam-Zwischensohle f\u00fcr Komfort und Grip auf jedem Terrain.","robots":{"index":"index","follow":"follow","max-snippet":"max-snippet:-1","max-image-preview":"max-image-preview:large","max-video-preview":"max-video-preview:-1"},"canonical":"https:\/\/www.miomiorun.com\/de\/produkt\/genesis-gtx-herren\/","og_locale":"de_DE","og_type":"article","og_title":"Salomon Genesis GTX herren - Trailschuhe - MioMioRun.com","og_description":"Wasserdichter Trailrunning-Schuh mit GORE-TEX\u00ae-Membran, Contagrip\u00ae-Sohle und Energy Foam-Zwischensohle f\u00fcr Komfort und Grip auf jedem Terrain.","og_url":"https:\/\/www.miomiorun.com\/de\/produkt\/genesis-gtx-herren\/","og_site_name":"MioMioRun","article_publisher":"https:\/\/www.facebook.com\/miomiorun\/","article_modified_time":"2026-04-17T08:33:51+00:00","og_image":[{"width":720,"height":720,"url":"https:\/\/www.miomiorun.com\/app\/uploads\/2025\/10\/salomon-Genesis-GTX-black-sedsa-incabe-L47978000.webp","type":"image\/webp"}],"twitter_card":"summary_large_image","twitter_misc":{"Est. reading time":"2 minutes"},"schema":{"@context":"https:\/\/schema.org","@graph":[{"@type":"WebPage","@id":"https:\/\/www.miomiorun.com\/de\/produkt\/genesis-gtx-herren\/","url":"https:\/\/www.miomiorun.com\/de\/produkt\/genesis-gtx-herren\/","name":"Salomon Genesis GTX herren - Trailschuhe - MioMioRun.com","isPartOf":{"@id":"https:\/\/www.miomiorun.com\/de\/#website"},"primaryImageOfPage":{"@id":"https:\/\/www.miomiorun.com\/de\/produkt\/genesis-gtx-herren\/#primaryimage"},"image":{"@id":"https:\/\/www.miomiorun.com\/de\/produkt\/genesis-gtx-herren\/#primaryimage"},"thumbnailUrl":"https:\/\/www.miomiorun.com\/app\/uploads\/2025\/10\/salomon-Genesis-GTX-black-sedsa-incabe-L47978000.webp","datePublished":"2025-10-20T14:15:36+00:00","dateModified":"2026-04-17T08:33:51+00:00","description":"Wasserdichter Trailrunning-Schuh mit GORE-TEX\u00ae-Membran, Contagrip\u00ae-Sohle und Energy Foam-Zwischensohle f\u00fcr Komfort und Grip auf jedem Terrain.","breadcrumb":{"@id":"https:\/\/www.miomiorun.com\/de\/produkt\/genesis-gtx-herren\/#breadcrumb"},"inLanguage":"de-DE","potentialAction":[{"@type":"ReadAction","target":["https:\/\/www.miomiorun.com\/de\/produkt\/genesis-gtx-herren\/"]}]},{"@type":"ImageObject","inLanguage":"de-DE","@id":"https:\/\/www.miomiorun.com\/de\/produkt\/genesis-gtx-herren\/#primaryimage","url":"https:\/\/www.miomiorun.com\/app\/uploads\/2025\/10\/salomon-Genesis-GTX-black-sedsa-incabe-L47978000.webp","contentUrl":"https:\/\/www.miomiorun.com\/app\/uploads\/2025\/10\/salomon-Genesis-GTX-black-sedsa-incabe-L47978000.webp","width":720,"height":720,"caption":"salomon Genesis GTX black sedsa incabe L47978000"},{"@type":"BreadcrumbList","@id":"https:\/\/www.miomiorun.com\/de\/produkt\/genesis-gtx-herren\/#breadcrumb","itemListElement":[{"@type":"ListItem","position":1,"name":"Home","item":"https:\/\/www.miomiorun.com\/de\/"},{"@type":"ListItem","position":2,"name":"Shop","item":"https:\/\/www.miomiorun.com\/shop\/"},{"@type":"ListItem","position":3,"name":"Genesis GTX herren"}]},{"@type":"WebSite","@id":"https:\/\/www.miomiorun.com\/de\/#website","url":"https:\/\/www.miomiorun.com\/de\/","name":"MioMioRun","description":"100% Lauf- und Trailshop","publisher":{"@id":"https:\/\/www.miomiorun.com\/de\/#organization"},"potentialAction":[{"@type":"SearchAction","target":{"@type":"EntryPoint","urlTemplate":"https:\/\/www.miomiorun.com\/de\/?s={search_term_string}"},"query-input":{"@type":"PropertyValueSpecification","valueRequired":true,"valueName":"search_term_string"}}],"inLanguage":"de-DE"},{"@type":"Organization","@id":"https:\/\/www.miomiorun.com\/de\/#organization","name":"MioMio Run","url":"https:\/\/www.miomiorun.com\/de\/","logo":{"@type":"ImageObject","inLanguage":"de-DE","@id":"https:\/\/www.miomiorun.com\/de\/#\/schema\/logo\/image\/","url":"https:\/\/www.miomiorun.com\/app\/uploads\/2019\/12\/logomio.png","contentUrl":"https:\/\/www.miomiorun.com\/app\/uploads\/2019\/12\/logomio.png","width":115,"height":82,"caption":"MioMio Run"},"image":{"@id":"https:\/\/www.miomiorun.com\/de\/#\/schema\/logo\/image\/"},"sameAs":["https:\/\/www.facebook.com\/miomiorun\/","https:\/\/www.instagram.com\/miomiorun\/"]}]}},"_links":{"self":[{"href":"https:\/\/www.miomiorun.com\/de\/wp-json\/wp\/v2\/product\/362393","targetHints":{"allow":["GET"]}}],"collection":[{"href":"https:\/\/www.miomiorun.com\/de\/wp-json\/wp\/v2\/product"}],"about":[{"href":"https:\/\/www.miomiorun.com\/de\/wp-json\/wp\/v2\/types\/product"}],"wp:featuredmedia":[{"embeddable":true,"href":"https:\/\/www.miomiorun.com\/de\/wp-json\/wp\/v2\/media\/365028"}],"wp:attachment":[{"href":"https:\/\/www.miomiorun.com\/de\/wp-json\/wp\/v2\/media?parent=362393"}],"wp:term":[{"taxonomy":"product_brand","embeddable":true,"href":"https:\/\/www.miomiorun.com\/de\/wp-json\/wp\/v2\/product_brand?post=362393"},{"taxonomy":"product_cat","embeddable":true,"href":"https:\/\/www.miomiorun.com\/de\/wp-json\/wp\/v2\/product_cat?post=362393"},{"taxonomy":"product_tag","embeddable":true,"href":"https:\/\/www.miomiorun.com\/de\/wp-json\/wp\/v2\/product_tag?post=362393"}],"curies":[{"name":"wp","href":"https:\/\/api.w.org\/{rel}","templated":true}]}}