{"id":361894,"date":"2025-10-15T15:29:22","date_gmt":"2025-10-15T13:29:22","guid":{"rendered":"https:\/\/www.miomiorun.com\/?post_type=product&#038;p=361894"},"modified":"2026-04-17T10:34:17","modified_gmt":"2026-04-17T08:34:17","slug":"summit-superior-jkt-herren","status":"publish","type":"product","link":"https:\/\/www.miomiorun.com\/de\/produkt\/summit-superior-jkt-herren\/","title":{"rendered":"Summit Superior jkt herren"},"content":{"rendered":"<p data-start=\"274\" data-end=\"674\">Die <strong data-start=\"305\" data-end=\"352\">Summit Superior FUTURELIGHT\u2122 Graphic Jacket<\/strong> ist eine ultraleichte, wasserdichte Jacke, die f\u00fcr <strong data-start=\"417\" data-end=\"456\">maximalen Schutz und Atmungsaktivit\u00e4t<\/strong> unter extremsten Bedingungen in den Bergen entwickelt wurde. Die <strong data-start=\"502\" data-end=\"531\">FUTURELIGHT\u2122-Beschichtung<\/strong>, die fortschrittlichste Technologie von The North Face, sorgt dank der atmungsaktiven Struktur des Gewebes f\u00fcr <strong data-start=\"588\" data-end=\"625\">Wasserdichtigkeit und optimalen Komfort<\/strong>.<\/p>\n<p data-start=\"676\" data-end=\"1075\">Das extrem leichte <strong data-start=\"679\" data-end=\"702\">LIGHTRANGE\u2122-Gewebe<\/strong> mit <strong data-start=\"741\" data-end=\"748\">UPF-Eigenschaften<\/strong> garantiert lang anhaltenden Komfort ohne zus\u00e4tzliches Gewicht und ist ideal f\u00fcr Trail-Wettk\u00e4mpfe und hochintensive Aktivit\u00e4ten. Das technische Design umfasst eine <strong data-start=\"900\" data-end=\"938\">vollst\u00e4ndig verstellbare Kapuze<\/strong>, einen <strong data-start=\"940\" data-end=\"991\">wasserdichten Frontrei\u00dfverschluss mit Doppelschieber<\/strong> und <strong data-start=\"994\" data-end=\"1032\">thermisch verschwei\u00dfte, elastische \u00c4rmelb\u00fcndchen<\/strong> f\u00fcr eine sichere und funktionelle Passform.<\/p>\n<p data-start=\"1077\" data-end=\"1437\">Die <strong data-start=\"1079\" data-end=\"1103\">reflektierenden Details<\/strong> verbessern die Sichtbarkeit bei schlechten Lichtverh\u00e4ltnissen, w\u00e4hrend die Jacke <strong data-start=\"1179\" data-end=\"1210\">in ihrer eigenen Tasche verstaut<\/strong> werden kann, um sie praktisch und kompakt zu transportieren. Die <strong data-start=\"1251\" data-end=\"1277\">PFC-freien DWR-Beschichtungen<\/strong> bieten zus\u00e4tzlichen Schutz vor Wasser und sind gleichzeitig umweltfreundlich. Perfekt f\u00fcr alle, die <strong data-start=\"1383\" data-end=\"1425\">professionelle Leistung und Leichtigkeit<\/strong> in den Bergen suchen.<br \/>\n&nbsp;<\/p>\n<p>&nbsp;<\/p><\/p>\n","protected":false},"excerpt":{"rendered":"<ul>\n<li data-start=\"1649\" data-end=\"1718\">\n<p data-start=\"1651\" data-end=\"1718\">FUTURELIGHT\u2122-Technologie: Wasserdichtigkeit und verbesserte Atmungsaktivit\u00e4t<\/p>\n<\/li>\n<li data-start=\"1719\" data-end=\"1783\">\n<p data-start=\"1721\" data-end=\"1783\">Leichtes, atmungsaktives LIGHTRANGE\u2122-Material mit UPF-Schutz<\/p>\n<\/li>\n<li data-start=\"1784\" data-end=\"1849\">\n<p data-start=\"1786\" data-end=\"1849\">Verstellbare Kapuze und wasserdichter Rei\u00dfverschluss mit doppeltem Schieber<\/p>\n<\/li>\n<\/ul>\n","protected":false},"featured_media":362945,"template":"","meta":{"_acf_changed":false,"inline_featured_image":false},"product_brand":[],"product_cat":[6540,6512],"product_tag":[32390,32398],"class_list":{"0":"post-361894","1":"product","2":"type-product","3":"status-publish","4":"has-post-thumbnail","6":"product_cat-herrenbekleidung","7":"product_cat-jacken","8":"product_tag-the-north-face-de","9":"product_tag-the-north-face-herren","10":"pa_attivita-fitness-de","11":"pa_attivita-gehen","12":"pa_attivita-running-de","13":"pa_colore-superior-jkt-orange-de","14":"pa_marca-the-north-face-de","15":"pa_sesso-herren","16":"pa_size-small-de","17":"pa_size-medium-de","19":"first","20":"instock","21":"sale","22":"taxable","23":"shipping-taxable","24":"purchasable","25":"product-type-variable","26":"wvs-archive-product-wrapper"},"acf":[],"yoast_head":"<!-- This site is optimized with the Yoast SEO plugin v26.8 - https:\/\/yoast.com\/product\/yoast-seo-wordpress\/ -->\n<title>The North Face Summit Superior jkt herren - Wasserdichte Jacke - MioMioRun<\/title>\n<meta name=\"description\" content=\"Ultraleichte, wasserdichte und atmungsaktive FUTURELIGHT\u2122-Jacke mit verstellbarer Kapuze. Schutz, Komfort und Sichtbarkeit f\u00fcr Herausforderungen in den Bergen.\" \/>\n<meta name=\"robots\" content=\"index, follow, max-snippet:-1, max-image-preview:large, max-video-preview:-1\" \/>\n<link rel=\"canonical\" href=\"https:\/\/www.miomiorun.com\/de\/produkt\/summit-superior-jkt-herren\/\" \/>\n<meta property=\"og:locale\" content=\"de_DE\" \/>\n<meta property=\"og:type\" content=\"article\" \/>\n<meta property=\"og:title\" content=\"The North Face Summit Superior jkt herren - Wasserdichte Jacke - MioMioRun\" \/>\n<meta property=\"og:description\" content=\"Ultraleichte, wasserdichte und atmungsaktive FUTURELIGHT\u2122-Jacke mit verstellbarer Kapuze. Schutz, Komfort und Sichtbarkeit f\u00fcr Herausforderungen in den Bergen.\" \/>\n<meta property=\"og:url\" content=\"https:\/\/www.miomiorun.com\/de\/produkt\/summit-superior-jkt-herren\/\" \/>\n<meta property=\"og:site_name\" content=\"MioMioRun\" \/>\n<meta property=\"article:publisher\" content=\"https:\/\/www.facebook.com\/miomiorun\/\" \/>\n<meta property=\"article:modified_time\" content=\"2026-04-17T08:34:17+00:00\" \/>\n<meta property=\"og:image\" content=\"https:\/\/www.miomiorun.com\/app\/uploads\/2025\/10\/north-face-Superior-jkt-orange-NF0A8FB2JA81.webp\" \/>\n\t<meta property=\"og:image:width\" content=\"720\" \/>\n\t<meta property=\"og:image:height\" content=\"720\" \/>\n\t<meta property=\"og:image:type\" content=\"image\/webp\" \/>\n<meta name=\"twitter:card\" content=\"summary_large_image\" \/>\n<meta name=\"twitter:label1\" content=\"Est. reading time\" \/>\n\t<meta name=\"twitter:data1\" content=\"1 minute\" \/>\n<script type=\"application\/ld+json\" class=\"yoast-schema-graph\">{\"@context\":\"https:\/\/schema.org\",\"@graph\":[{\"@type\":\"WebPage\",\"@id\":\"https:\/\/www.miomiorun.com\/de\/produkt\/summit-superior-jkt-herren\/\",\"url\":\"https:\/\/www.miomiorun.com\/de\/produkt\/summit-superior-jkt-herren\/\",\"name\":\"The North Face Summit Superior jkt herren - Wasserdichte Jacke - MioMioRun\",\"isPartOf\":{\"@id\":\"https:\/\/www.miomiorun.com\/de\/#website\"},\"primaryImageOfPage\":{\"@id\":\"https:\/\/www.miomiorun.com\/de\/produkt\/summit-superior-jkt-herren\/#primaryimage\"},\"image\":{\"@id\":\"https:\/\/www.miomiorun.com\/de\/produkt\/summit-superior-jkt-herren\/#primaryimage\"},\"thumbnailUrl\":\"https:\/\/www.miomiorun.com\/app\/uploads\/2025\/10\/north-face-Superior-jkt-orange-NF0A8FB2JA81.webp\",\"datePublished\":\"2025-10-15T13:29:22+00:00\",\"dateModified\":\"2026-04-17T08:34:17+00:00\",\"description\":\"Ultraleichte, wasserdichte und atmungsaktive FUTURELIGHT\u2122-Jacke mit verstellbarer Kapuze. Schutz, Komfort und Sichtbarkeit f\u00fcr Herausforderungen in den Bergen.\",\"breadcrumb\":{\"@id\":\"https:\/\/www.miomiorun.com\/de\/produkt\/summit-superior-jkt-herren\/#breadcrumb\"},\"inLanguage\":\"de-DE\",\"potentialAction\":[{\"@type\":\"ReadAction\",\"target\":[\"https:\/\/www.miomiorun.com\/de\/produkt\/summit-superior-jkt-herren\/\"]}]},{\"@type\":\"ImageObject\",\"inLanguage\":\"de-DE\",\"@id\":\"https:\/\/www.miomiorun.com\/de\/produkt\/summit-superior-jkt-herren\/#primaryimage\",\"url\":\"https:\/\/www.miomiorun.com\/app\/uploads\/2025\/10\/north-face-Superior-jkt-orange-NF0A8FB2JA81.webp\",\"contentUrl\":\"https:\/\/www.miomiorun.com\/app\/uploads\/2025\/10\/north-face-Superior-jkt-orange-NF0A8FB2JA81.webp\",\"width\":720,\"height\":720,\"caption\":\"north face Superior jkt orange NF0A8FB2JA81\"},{\"@type\":\"BreadcrumbList\",\"@id\":\"https:\/\/www.miomiorun.com\/de\/produkt\/summit-superior-jkt-herren\/#breadcrumb\",\"itemListElement\":[{\"@type\":\"ListItem\",\"position\":1,\"name\":\"Home\",\"item\":\"https:\/\/www.miomiorun.com\/de\/\"},{\"@type\":\"ListItem\",\"position\":2,\"name\":\"Shop\",\"item\":\"https:\/\/www.miomiorun.com\/shop\/\"},{\"@type\":\"ListItem\",\"position\":3,\"name\":\"Summit Superior jkt herren\"}]},{\"@type\":\"WebSite\",\"@id\":\"https:\/\/www.miomiorun.com\/de\/#website\",\"url\":\"https:\/\/www.miomiorun.com\/de\/\",\"name\":\"MioMioRun\",\"description\":\"100% Lauf- und Trailshop\",\"publisher\":{\"@id\":\"https:\/\/www.miomiorun.com\/de\/#organization\"},\"potentialAction\":[{\"@type\":\"SearchAction\",\"target\":{\"@type\":\"EntryPoint\",\"urlTemplate\":\"https:\/\/www.miomiorun.com\/de\/?s={search_term_string}\"},\"query-input\":{\"@type\":\"PropertyValueSpecification\",\"valueRequired\":true,\"valueName\":\"search_term_string\"}}],\"inLanguage\":\"de-DE\"},{\"@type\":\"Organization\",\"@id\":\"https:\/\/www.miomiorun.com\/de\/#organization\",\"name\":\"MioMio Run\",\"url\":\"https:\/\/www.miomiorun.com\/de\/\",\"logo\":{\"@type\":\"ImageObject\",\"inLanguage\":\"de-DE\",\"@id\":\"https:\/\/www.miomiorun.com\/de\/#\/schema\/logo\/image\/\",\"url\":\"https:\/\/www.miomiorun.com\/app\/uploads\/2019\/12\/logomio.png\",\"contentUrl\":\"https:\/\/www.miomiorun.com\/app\/uploads\/2019\/12\/logomio.png\",\"width\":115,\"height\":82,\"caption\":\"MioMio Run\"},\"image\":{\"@id\":\"https:\/\/www.miomiorun.com\/de\/#\/schema\/logo\/image\/\"},\"sameAs\":[\"https:\/\/www.facebook.com\/miomiorun\/\",\"https:\/\/www.instagram.com\/miomiorun\/\"]}]}<\/script>\n<!-- \/ Yoast SEO plugin. -->","yoast_head_json":{"title":"The North Face Summit Superior jkt herren - Wasserdichte Jacke - MioMioRun","description":"Ultraleichte, wasserdichte und atmungsaktive FUTURELIGHT\u2122-Jacke mit verstellbarer Kapuze. Schutz, Komfort und Sichtbarkeit f\u00fcr Herausforderungen in den Bergen.","robots":{"index":"index","follow":"follow","max-snippet":"max-snippet:-1","max-image-preview":"max-image-preview:large","max-video-preview":"max-video-preview:-1"},"canonical":"https:\/\/www.miomiorun.com\/de\/produkt\/summit-superior-jkt-herren\/","og_locale":"de_DE","og_type":"article","og_title":"The North Face Summit Superior jkt herren - Wasserdichte Jacke - MioMioRun","og_description":"Ultraleichte, wasserdichte und atmungsaktive FUTURELIGHT\u2122-Jacke mit verstellbarer Kapuze. Schutz, Komfort und Sichtbarkeit f\u00fcr Herausforderungen in den Bergen.","og_url":"https:\/\/www.miomiorun.com\/de\/produkt\/summit-superior-jkt-herren\/","og_site_name":"MioMioRun","article_publisher":"https:\/\/www.facebook.com\/miomiorun\/","article_modified_time":"2026-04-17T08:34:17+00:00","og_image":[{"width":720,"height":720,"url":"https:\/\/www.miomiorun.com\/app\/uploads\/2025\/10\/north-face-Superior-jkt-orange-NF0A8FB2JA81.webp","type":"image\/webp"}],"twitter_card":"summary_large_image","twitter_misc":{"Est. reading time":"1 minute"},"schema":{"@context":"https:\/\/schema.org","@graph":[{"@type":"WebPage","@id":"https:\/\/www.miomiorun.com\/de\/produkt\/summit-superior-jkt-herren\/","url":"https:\/\/www.miomiorun.com\/de\/produkt\/summit-superior-jkt-herren\/","name":"The North Face Summit Superior jkt herren - Wasserdichte Jacke - MioMioRun","isPartOf":{"@id":"https:\/\/www.miomiorun.com\/de\/#website"},"primaryImageOfPage":{"@id":"https:\/\/www.miomiorun.com\/de\/produkt\/summit-superior-jkt-herren\/#primaryimage"},"image":{"@id":"https:\/\/www.miomiorun.com\/de\/produkt\/summit-superior-jkt-herren\/#primaryimage"},"thumbnailUrl":"https:\/\/www.miomiorun.com\/app\/uploads\/2025\/10\/north-face-Superior-jkt-orange-NF0A8FB2JA81.webp","datePublished":"2025-10-15T13:29:22+00:00","dateModified":"2026-04-17T08:34:17+00:00","description":"Ultraleichte, wasserdichte und atmungsaktive FUTURELIGHT\u2122-Jacke mit verstellbarer Kapuze. Schutz, Komfort und Sichtbarkeit f\u00fcr Herausforderungen in den Bergen.","breadcrumb":{"@id":"https:\/\/www.miomiorun.com\/de\/produkt\/summit-superior-jkt-herren\/#breadcrumb"},"inLanguage":"de-DE","potentialAction":[{"@type":"ReadAction","target":["https:\/\/www.miomiorun.com\/de\/produkt\/summit-superior-jkt-herren\/"]}]},{"@type":"ImageObject","inLanguage":"de-DE","@id":"https:\/\/www.miomiorun.com\/de\/produkt\/summit-superior-jkt-herren\/#primaryimage","url":"https:\/\/www.miomiorun.com\/app\/uploads\/2025\/10\/north-face-Superior-jkt-orange-NF0A8FB2JA81.webp","contentUrl":"https:\/\/www.miomiorun.com\/app\/uploads\/2025\/10\/north-face-Superior-jkt-orange-NF0A8FB2JA81.webp","width":720,"height":720,"caption":"north face Superior jkt orange NF0A8FB2JA81"},{"@type":"BreadcrumbList","@id":"https:\/\/www.miomiorun.com\/de\/produkt\/summit-superior-jkt-herren\/#breadcrumb","itemListElement":[{"@type":"ListItem","position":1,"name":"Home","item":"https:\/\/www.miomiorun.com\/de\/"},{"@type":"ListItem","position":2,"name":"Shop","item":"https:\/\/www.miomiorun.com\/shop\/"},{"@type":"ListItem","position":3,"name":"Summit Superior jkt herren"}]},{"@type":"WebSite","@id":"https:\/\/www.miomiorun.com\/de\/#website","url":"https:\/\/www.miomiorun.com\/de\/","name":"MioMioRun","description":"100% Lauf- und Trailshop","publisher":{"@id":"https:\/\/www.miomiorun.com\/de\/#organization"},"potentialAction":[{"@type":"SearchAction","target":{"@type":"EntryPoint","urlTemplate":"https:\/\/www.miomiorun.com\/de\/?s={search_term_string}"},"query-input":{"@type":"PropertyValueSpecification","valueRequired":true,"valueName":"search_term_string"}}],"inLanguage":"de-DE"},{"@type":"Organization","@id":"https:\/\/www.miomiorun.com\/de\/#organization","name":"MioMio Run","url":"https:\/\/www.miomiorun.com\/de\/","logo":{"@type":"ImageObject","inLanguage":"de-DE","@id":"https:\/\/www.miomiorun.com\/de\/#\/schema\/logo\/image\/","url":"https:\/\/www.miomiorun.com\/app\/uploads\/2019\/12\/logomio.png","contentUrl":"https:\/\/www.miomiorun.com\/app\/uploads\/2019\/12\/logomio.png","width":115,"height":82,"caption":"MioMio Run"},"image":{"@id":"https:\/\/www.miomiorun.com\/de\/#\/schema\/logo\/image\/"},"sameAs":["https:\/\/www.facebook.com\/miomiorun\/","https:\/\/www.instagram.com\/miomiorun\/"]}]}},"_links":{"self":[{"href":"https:\/\/www.miomiorun.com\/de\/wp-json\/wp\/v2\/product\/361894","targetHints":{"allow":["GET"]}}],"collection":[{"href":"https:\/\/www.miomiorun.com\/de\/wp-json\/wp\/v2\/product"}],"about":[{"href":"https:\/\/www.miomiorun.com\/de\/wp-json\/wp\/v2\/types\/product"}],"wp:featuredmedia":[{"embeddable":true,"href":"https:\/\/www.miomiorun.com\/de\/wp-json\/wp\/v2\/media\/362945"}],"wp:attachment":[{"href":"https:\/\/www.miomiorun.com\/de\/wp-json\/wp\/v2\/media?parent=361894"}],"wp:term":[{"taxonomy":"product_brand","embeddable":true,"href":"https:\/\/www.miomiorun.com\/de\/wp-json\/wp\/v2\/product_brand?post=361894"},{"taxonomy":"product_cat","embeddable":true,"href":"https:\/\/www.miomiorun.com\/de\/wp-json\/wp\/v2\/product_cat?post=361894"},{"taxonomy":"product_tag","embeddable":true,"href":"https:\/\/www.miomiorun.com\/de\/wp-json\/wp\/v2\/product_tag?post=361894"}],"curies":[{"name":"wp","href":"https:\/\/api.w.org\/{rel}","templated":true}]}}