{"id":361490,"date":"2025-10-15T12:05:32","date_gmt":"2025-10-15T10:05:32","guid":{"rendered":"https:\/\/www.miomiorun.com\/?post_type=product&#038;p=361490"},"modified":"2026-04-25T19:03:26","modified_gmt":"2026-04-25T17:03:26","slug":"ikoni-atr-herren","status":"publish","type":"product","link":"https:\/\/www.miomiorun.com\/de\/produkt\/ikoni-atr-herren\/","title":{"rendered":"Ikoni ATR herren"},"content":{"rendered":"<div class=\"vc-row container\"><div class=\"vc-column\"><div class=\"vc-column-text\"><\/p>\n<h4>Technische Daten<\/h4>\n<p>Kategorie: Mittlere D\u00e4mpfung<br \/>\nOffset: 8 mm<br \/>\nGewicht: 305 g (US10)<br \/>\nIdeal f\u00fcr: L\u00e4ufer, die einen Schuh mit guter D\u00e4mpfung und fl\u00fcssigem \u00dcbergang f\u00fcr mittellange L\u00e4ufe suchen.<br \/>\nGewicht des Athleten: 65-75 kg<br \/>\nLaufgeschwindigkeit: mittelschnell (4,30-5,30 min\/km)<br \/>\n<a href=\"https:\/\/miomiorun.com\/guida-alle-specifiche-tecniche\/\">Leitfaden zu den technischen Daten<\/a><\/p>\n<p><\/div><\/div><div class=\"vc-column\"><div class=\"vc-column-text\"><\/p>\n<p data-start=\"303\" data-end=\"648\">Die <strong data-start=\"334\" data-end=\"374\">KARHU Ikoni ATR<\/strong> sind die <strong data-start=\"392\" data-end=\"407\">All-Terrain-Version<\/strong> des ber\u00fchmten Ikoni und wurden entwickelt, um <strong data-start=\"480\" data-end=\"502\">Asphalt und Trails<\/strong> mit derselben Effizienz zu bew\u00e4ltigen. Sie bieten denselben fl\u00fcssigen und ausgewogenen Lauf wie ihr Stra\u00dfenpendant und verf\u00fcgen zus\u00e4tzlich \u00fcber eine verst\u00e4rkte Struktur f\u00fcr mehr Schutz und Langlebigkeit.<\/p>\n<p data-start=\"650\" data-end=\"1015\">Das <strong data-start=\"653\" data-end=\"681\">IdealKnit-Mesh-Obermaterial<\/strong> mit Brindle-Muster wird durch einen <strong data-start=\"721\" data-end=\"758\">360\u00b0-Schmutzschutz<\/strong> erg\u00e4nzt, der vor Verschmutzungen sch\u00fctzt und die Abriebfestigkeit verbessert. Die <strong data-start=\"825\" data-end=\"848\">AeroFoam-Zwischensohle<\/strong>, die sich bereits beim Ikoni 3.0 bew\u00e4hrt hat, bietet <strong data-start=\"888\" data-end=\"926\">weiche und reaktionsfreudige D\u00e4mpfung<\/strong>, w\u00e4hrend die <strong data-start=\"937\" data-end=\"954\">Fulcrum-Einheit<\/strong> f\u00fcr einen gef\u00fchrten und stabilen Lauf auf gemischten Untergr\u00fcnden sorgt.<\/p>\n<p data-start=\"1017\" data-end=\"1395\">Die <strong data-start=\"1020\" data-end=\"1055\">hochgriffige Gummisohle<\/strong> mit <strong data-start=\"1060\" data-end=\"1083\">2,5 mm Stollen<\/strong> garantiert Traktion und Stabilit\u00e4t auf unbefestigten Wegen und sorgt gleichzeitig f\u00fcr ein angenehmes Laufgef\u00fchl auf der Stra\u00dfe. Der Ikoni ATR ist die ideale Wahl f\u00fcr alle, die einen <strong data-start=\"1341\" data-end=\"1368\">vielseitigen<\/strong>, bequemen und robusten <strong data-start=\"1341\" data-end=\"1368\">Road-to-Trail-Schuh<\/strong> suchen.<br \/>\n<\/div><\/div><\/div><\/p>\n","protected":false},"excerpt":{"rendered":"<ul>\n<li data-start=\"1606\" data-end=\"1662\">\n<p data-start=\"1608\" data-end=\"1662\">Obermaterial aus IdealKnit-Mesh mit 360\u00b0-Schmutzschutz<\/p>\n<\/li>\n<li data-start=\"1663\" data-end=\"1725\">\n<p data-start=\"1665\" data-end=\"1725\">AeroFoam-Zwischensohle f\u00fcr weiche und reaktionsfreudige D\u00e4mpfung<\/p>\n<\/li>\n<li data-start=\"1726\" data-end=\"1787\">\n<p data-start=\"1728\" data-end=\"1787\">Fulcrum-Einheit f\u00fcr einen gef\u00fchrten und stabilen Lauf<\/p>\n<\/li>\n<\/ul>\n","protected":false},"featured_media":414751,"template":"","meta":{"_acf_changed":false,"inline_featured_image":false},"product_brand":[],"product_cat":[6507,6504],"product_tag":[3377,6222],"class_list":{"0":"post-361490","1":"product","2":"type-product","3":"status-publish","4":"has-post-thumbnail","6":"product_cat-herren-schuhe-de","7":"product_cat-trail","8":"product_tag-karhu-de","9":"product_tag-karhu-herren-de","10":"pa_attivita-fitness-de","11":"pa_attivita-gehen","12":"pa_attivita-running-de","13":"pa_colore-ikoni-atr-m-icicle-yellow-plum-de","14":"pa_colore-ikoni-atr-turbulence-lily-pad","15":"pa_colore-ikoni-atr-white-sand-chili","16":"pa_marca-karhu-de","17":"pa_sesso-herren","18":"pa_size-42-de","19":"pa_size-42-5-de","20":"pa_size-43-5-de","21":"pa_size-44-de","22":"pa_size-44-5-de","23":"pa_size-45-de","24":"pa_size-46-de","25":"pa_size-46-5-de","26":"pa_size-47-de","28":"first","29":"instock","30":"sale","31":"taxable","32":"shipping-taxable","33":"purchasable","34":"product-type-variable","35":"wvs-archive-product-wrapper"},"acf":[],"yoast_head":"<!-- This site is optimized with the Yoast SEO plugin v26.8 - https:\/\/yoast.com\/product\/yoast-seo-wordpress\/ -->\n<title>Karhu Ikoni ATR herren - Laufschuh Herren - MioMioRun .com<\/title>\n<meta name=\"description\" content=\"All-Terrain-Laufschuh mit AeroFoam-D\u00e4mpfung und 2,5 mm Stollen-Sohle. Komfort, Stabilit\u00e4t und Schutz auf Stra\u00dfen und Trails.\" \/>\n<meta name=\"robots\" content=\"index, follow, max-snippet:-1, max-image-preview:large, max-video-preview:-1\" \/>\n<link rel=\"canonical\" href=\"https:\/\/www.miomiorun.com\/de\/produkt\/ikoni-atr-herren\/\" \/>\n<meta property=\"og:locale\" content=\"de_DE\" \/>\n<meta property=\"og:type\" content=\"article\" \/>\n<meta property=\"og:title\" content=\"Karhu Ikoni ATR herren - Laufschuh Herren - MioMioRun .com\" \/>\n<meta property=\"og:description\" content=\"All-Terrain-Laufschuh mit AeroFoam-D\u00e4mpfung und 2,5 mm Stollen-Sohle. Komfort, Stabilit\u00e4t und Schutz auf Stra\u00dfen und Trails.\" \/>\n<meta property=\"og:url\" content=\"https:\/\/www.miomiorun.com\/de\/produkt\/ikoni-atr-herren\/\" \/>\n<meta property=\"og:site_name\" content=\"MioMioRun\" \/>\n<meta property=\"article:publisher\" content=\"https:\/\/www.facebook.com\/miomiorun\/\" \/>\n<meta property=\"article:modified_time\" content=\"2026-04-25T17:03:26+00:00\" \/>\n<meta property=\"og:image\" content=\"https:\/\/www.miomiorun.com\/app\/uploads\/2026\/03\/karhu-Ikoni-ATR-turbulence-lily-pad-F104012.webp\" \/>\n\t<meta property=\"og:image:width\" content=\"720\" \/>\n\t<meta property=\"og:image:height\" content=\"720\" \/>\n\t<meta property=\"og:image:type\" content=\"image\/webp\" \/>\n<meta name=\"twitter:card\" content=\"summary_large_image\" \/>\n<meta name=\"twitter:label1\" content=\"Est. reading time\" \/>\n\t<meta name=\"twitter:data1\" content=\"2 minutes\" \/>\n<script type=\"application\/ld+json\" class=\"yoast-schema-graph\">{\"@context\":\"https:\/\/schema.org\",\"@graph\":[{\"@type\":\"WebPage\",\"@id\":\"https:\/\/www.miomiorun.com\/de\/produkt\/ikoni-atr-herren\/\",\"url\":\"https:\/\/www.miomiorun.com\/de\/produkt\/ikoni-atr-herren\/\",\"name\":\"Karhu Ikoni ATR herren - Laufschuh Herren - MioMioRun .com\",\"isPartOf\":{\"@id\":\"https:\/\/www.miomiorun.com\/de\/#website\"},\"primaryImageOfPage\":{\"@id\":\"https:\/\/www.miomiorun.com\/de\/produkt\/ikoni-atr-herren\/#primaryimage\"},\"image\":{\"@id\":\"https:\/\/www.miomiorun.com\/de\/produkt\/ikoni-atr-herren\/#primaryimage\"},\"thumbnailUrl\":\"https:\/\/www.miomiorun.com\/app\/uploads\/2026\/03\/karhu-Ikoni-ATR-turbulence-lily-pad-F104012.webp\",\"datePublished\":\"2025-10-15T10:05:32+00:00\",\"dateModified\":\"2026-04-25T17:03:26+00:00\",\"description\":\"All-Terrain-Laufschuh mit AeroFoam-D\u00e4mpfung und 2,5 mm Stollen-Sohle. Komfort, Stabilit\u00e4t und Schutz auf Stra\u00dfen und Trails.\",\"breadcrumb\":{\"@id\":\"https:\/\/www.miomiorun.com\/de\/produkt\/ikoni-atr-herren\/#breadcrumb\"},\"inLanguage\":\"de-DE\",\"potentialAction\":[{\"@type\":\"ReadAction\",\"target\":[\"https:\/\/www.miomiorun.com\/de\/produkt\/ikoni-atr-herren\/\"]}]},{\"@type\":\"ImageObject\",\"inLanguage\":\"de-DE\",\"@id\":\"https:\/\/www.miomiorun.com\/de\/produkt\/ikoni-atr-herren\/#primaryimage\",\"url\":\"https:\/\/www.miomiorun.com\/app\/uploads\/2026\/03\/karhu-Ikoni-ATR-turbulence-lily-pad-F104012.webp\",\"contentUrl\":\"https:\/\/www.miomiorun.com\/app\/uploads\/2026\/03\/karhu-Ikoni-ATR-turbulence-lily-pad-F104012.webp\",\"width\":720,\"height\":720,\"caption\":\"karhu Ikoni ATR turbulence lily pad F104012\"},{\"@type\":\"BreadcrumbList\",\"@id\":\"https:\/\/www.miomiorun.com\/de\/produkt\/ikoni-atr-herren\/#breadcrumb\",\"itemListElement\":[{\"@type\":\"ListItem\",\"position\":1,\"name\":\"Home\",\"item\":\"https:\/\/www.miomiorun.com\/de\/\"},{\"@type\":\"ListItem\",\"position\":2,\"name\":\"Shop\",\"item\":\"https:\/\/www.miomiorun.com\/shop\/\"},{\"@type\":\"ListItem\",\"position\":3,\"name\":\"Ikoni ATR herren\"}]},{\"@type\":\"WebSite\",\"@id\":\"https:\/\/www.miomiorun.com\/de\/#website\",\"url\":\"https:\/\/www.miomiorun.com\/de\/\",\"name\":\"MioMioRun\",\"description\":\"100% Lauf- und Trailshop\",\"publisher\":{\"@id\":\"https:\/\/www.miomiorun.com\/de\/#organization\"},\"potentialAction\":[{\"@type\":\"SearchAction\",\"target\":{\"@type\":\"EntryPoint\",\"urlTemplate\":\"https:\/\/www.miomiorun.com\/de\/?s={search_term_string}\"},\"query-input\":{\"@type\":\"PropertyValueSpecification\",\"valueRequired\":true,\"valueName\":\"search_term_string\"}}],\"inLanguage\":\"de-DE\"},{\"@type\":\"Organization\",\"@id\":\"https:\/\/www.miomiorun.com\/de\/#organization\",\"name\":\"MioMio Run\",\"url\":\"https:\/\/www.miomiorun.com\/de\/\",\"logo\":{\"@type\":\"ImageObject\",\"inLanguage\":\"de-DE\",\"@id\":\"https:\/\/www.miomiorun.com\/de\/#\/schema\/logo\/image\/\",\"url\":\"https:\/\/www.miomiorun.com\/app\/uploads\/2019\/12\/logomio.png\",\"contentUrl\":\"https:\/\/www.miomiorun.com\/app\/uploads\/2019\/12\/logomio.png\",\"width\":115,\"height\":82,\"caption\":\"MioMio Run\"},\"image\":{\"@id\":\"https:\/\/www.miomiorun.com\/de\/#\/schema\/logo\/image\/\"},\"sameAs\":[\"https:\/\/www.facebook.com\/miomiorun\/\",\"https:\/\/www.instagram.com\/miomiorun\/\"]}]}<\/script>\n<!-- \/ Yoast SEO plugin. -->","yoast_head_json":{"title":"Karhu Ikoni ATR herren - Laufschuh Herren - MioMioRun .com","description":"All-Terrain-Laufschuh mit AeroFoam-D\u00e4mpfung und 2,5 mm Stollen-Sohle. Komfort, Stabilit\u00e4t und Schutz auf Stra\u00dfen und Trails.","robots":{"index":"index","follow":"follow","max-snippet":"max-snippet:-1","max-image-preview":"max-image-preview:large","max-video-preview":"max-video-preview:-1"},"canonical":"https:\/\/www.miomiorun.com\/de\/produkt\/ikoni-atr-herren\/","og_locale":"de_DE","og_type":"article","og_title":"Karhu Ikoni ATR herren - Laufschuh Herren - MioMioRun .com","og_description":"All-Terrain-Laufschuh mit AeroFoam-D\u00e4mpfung und 2,5 mm Stollen-Sohle. Komfort, Stabilit\u00e4t und Schutz auf Stra\u00dfen und Trails.","og_url":"https:\/\/www.miomiorun.com\/de\/produkt\/ikoni-atr-herren\/","og_site_name":"MioMioRun","article_publisher":"https:\/\/www.facebook.com\/miomiorun\/","article_modified_time":"2026-04-25T17:03:26+00:00","og_image":[{"width":720,"height":720,"url":"https:\/\/www.miomiorun.com\/app\/uploads\/2026\/03\/karhu-Ikoni-ATR-turbulence-lily-pad-F104012.webp","type":"image\/webp"}],"twitter_card":"summary_large_image","twitter_misc":{"Est. reading time":"2 minutes"},"schema":{"@context":"https:\/\/schema.org","@graph":[{"@type":"WebPage","@id":"https:\/\/www.miomiorun.com\/de\/produkt\/ikoni-atr-herren\/","url":"https:\/\/www.miomiorun.com\/de\/produkt\/ikoni-atr-herren\/","name":"Karhu Ikoni ATR herren - Laufschuh Herren - MioMioRun .com","isPartOf":{"@id":"https:\/\/www.miomiorun.com\/de\/#website"},"primaryImageOfPage":{"@id":"https:\/\/www.miomiorun.com\/de\/produkt\/ikoni-atr-herren\/#primaryimage"},"image":{"@id":"https:\/\/www.miomiorun.com\/de\/produkt\/ikoni-atr-herren\/#primaryimage"},"thumbnailUrl":"https:\/\/www.miomiorun.com\/app\/uploads\/2026\/03\/karhu-Ikoni-ATR-turbulence-lily-pad-F104012.webp","datePublished":"2025-10-15T10:05:32+00:00","dateModified":"2026-04-25T17:03:26+00:00","description":"All-Terrain-Laufschuh mit AeroFoam-D\u00e4mpfung und 2,5 mm Stollen-Sohle. Komfort, Stabilit\u00e4t und Schutz auf Stra\u00dfen und Trails.","breadcrumb":{"@id":"https:\/\/www.miomiorun.com\/de\/produkt\/ikoni-atr-herren\/#breadcrumb"},"inLanguage":"de-DE","potentialAction":[{"@type":"ReadAction","target":["https:\/\/www.miomiorun.com\/de\/produkt\/ikoni-atr-herren\/"]}]},{"@type":"ImageObject","inLanguage":"de-DE","@id":"https:\/\/www.miomiorun.com\/de\/produkt\/ikoni-atr-herren\/#primaryimage","url":"https:\/\/www.miomiorun.com\/app\/uploads\/2026\/03\/karhu-Ikoni-ATR-turbulence-lily-pad-F104012.webp","contentUrl":"https:\/\/www.miomiorun.com\/app\/uploads\/2026\/03\/karhu-Ikoni-ATR-turbulence-lily-pad-F104012.webp","width":720,"height":720,"caption":"karhu Ikoni ATR turbulence lily pad F104012"},{"@type":"BreadcrumbList","@id":"https:\/\/www.miomiorun.com\/de\/produkt\/ikoni-atr-herren\/#breadcrumb","itemListElement":[{"@type":"ListItem","position":1,"name":"Home","item":"https:\/\/www.miomiorun.com\/de\/"},{"@type":"ListItem","position":2,"name":"Shop","item":"https:\/\/www.miomiorun.com\/shop\/"},{"@type":"ListItem","position":3,"name":"Ikoni ATR herren"}]},{"@type":"WebSite","@id":"https:\/\/www.miomiorun.com\/de\/#website","url":"https:\/\/www.miomiorun.com\/de\/","name":"MioMioRun","description":"100% Lauf- und Trailshop","publisher":{"@id":"https:\/\/www.miomiorun.com\/de\/#organization"},"potentialAction":[{"@type":"SearchAction","target":{"@type":"EntryPoint","urlTemplate":"https:\/\/www.miomiorun.com\/de\/?s={search_term_string}"},"query-input":{"@type":"PropertyValueSpecification","valueRequired":true,"valueName":"search_term_string"}}],"inLanguage":"de-DE"},{"@type":"Organization","@id":"https:\/\/www.miomiorun.com\/de\/#organization","name":"MioMio Run","url":"https:\/\/www.miomiorun.com\/de\/","logo":{"@type":"ImageObject","inLanguage":"de-DE","@id":"https:\/\/www.miomiorun.com\/de\/#\/schema\/logo\/image\/","url":"https:\/\/www.miomiorun.com\/app\/uploads\/2019\/12\/logomio.png","contentUrl":"https:\/\/www.miomiorun.com\/app\/uploads\/2019\/12\/logomio.png","width":115,"height":82,"caption":"MioMio Run"},"image":{"@id":"https:\/\/www.miomiorun.com\/de\/#\/schema\/logo\/image\/"},"sameAs":["https:\/\/www.facebook.com\/miomiorun\/","https:\/\/www.instagram.com\/miomiorun\/"]}]}},"_links":{"self":[{"href":"https:\/\/www.miomiorun.com\/de\/wp-json\/wp\/v2\/product\/361490","targetHints":{"allow":["GET"]}}],"collection":[{"href":"https:\/\/www.miomiorun.com\/de\/wp-json\/wp\/v2\/product"}],"about":[{"href":"https:\/\/www.miomiorun.com\/de\/wp-json\/wp\/v2\/types\/product"}],"wp:featuredmedia":[{"embeddable":true,"href":"https:\/\/www.miomiorun.com\/de\/wp-json\/wp\/v2\/media\/414751"}],"wp:attachment":[{"href":"https:\/\/www.miomiorun.com\/de\/wp-json\/wp\/v2\/media?parent=361490"}],"wp:term":[{"taxonomy":"product_brand","embeddable":true,"href":"https:\/\/www.miomiorun.com\/de\/wp-json\/wp\/v2\/product_brand?post=361490"},{"taxonomy":"product_cat","embeddable":true,"href":"https:\/\/www.miomiorun.com\/de\/wp-json\/wp\/v2\/product_cat?post=361490"},{"taxonomy":"product_tag","embeddable":true,"href":"https:\/\/www.miomiorun.com\/de\/wp-json\/wp\/v2\/product_tag?post=361490"}],"curies":[{"name":"wp","href":"https:\/\/api.w.org\/{rel}","templated":true}]}}