{"id":361143,"date":"2025-10-14T19:26:32","date_gmt":"2025-10-14T17:26:32","guid":{"rendered":"https:\/\/www.miomiorun.com\/?post_type=product&#038;p=361143"},"modified":"2026-04-17T10:35:37","modified_gmt":"2026-04-17T08:35:37","slug":"neck-gaiter-extrafleece","status":"publish","type":"product","link":"https:\/\/www.miomiorun.com\/de\/produkt\/neck-gaiter-extrafleece\/","title":{"rendered":"Neck gaiter extrafleece"},"content":{"rendered":"<p>Der Neck Gaiter Extrafleece ist ein multifunktionaler Schlauch aus <strong data-start=\"297\" data-end=\"324\">Fluffy Warm-Fell<\/strong>, der f\u00fcr <strong data-start=\"348\" data-end=\"380\">thermischen Komfort und Weichheit<\/strong> bei Outdoor-Aktivit\u00e4ten entwickelt wurde. Er kann als <strong data-start=\"432\" data-end=\"479\">M\u00fctze, Halsw\u00e4rmer oder Stirnband<\/strong> verwendet werden und passt sich leicht an die Bed\u00fcrfnisse des Benutzers an. Die sorgf\u00e4ltige Verarbeitung der Stoffe folgt der <strong data-start=\"575\" data-end=\"622\">Unternehmenspolitik zur Abfallreduzierung<\/strong>, wobei die gleichen Materialien wie f\u00fcr Jacken und Midlayer verwendet werden, mit optimierten Schnitten, um den Verschnitt zu minimieren, ohne die Qualit\u00e4t und Widerstandsf\u00e4higkeit zu beeintr\u00e4chtigen. Er ist in den <strong data-start=\"789\" data-end=\"816\">Farben der Kollektion<\/strong> erh\u00e4ltlich und vereint Funktionalit\u00e4t und nachhaltigen Stil.<\/p>\n","protected":false},"excerpt":{"rendered":"<ul>\n<li data-start=\"1054\" data-end=\"1111\">\n<p data-start=\"1056\" data-end=\"1111\">Fluffy Warm-Fell: optimale W\u00e4rme und Weichheit<\/p>\n<\/li>\n<li data-start=\"1112\" data-end=\"1169\">\n<p data-start=\"1114\" data-end=\"1169\">Vielseitig einsetzbar: M\u00fctze, Halsw\u00e4rmer oder Stirnband<\/p>\n<\/li>\n<li data-start=\"1170\" data-end=\"1244\">\n<p data-start=\"1172\" data-end=\"1244\">Abfallarme Produktion mit recycelten Stoffen aus der Kollektion<\/p>\n<\/li>\n<\/ul>\n","protected":false},"featured_media":365873,"template":"","meta":{"_acf_changed":false,"inline_featured_image":false},"product_brand":[],"product_cat":[6342,6372,6392],"product_tag":[3370],"class_list":{"0":"post-361143","1":"product","2":"type-product","3":"status-publish","4":"has-post-thumbnail","6":"product_cat-zubehoer","7":"product_cat-aufwaermausruestung-de","8":"product_cat-nackenwaermer-de","9":"product_tag-crazy-idea-de","10":"pa_attivita-gehen","11":"pa_attivita-outdoor-de","12":"pa_attivita-running-de","13":"pa_attivita-trail-de","14":"pa_colore-neck-gaiter-extrafleece-liken-de","15":"pa_colore-neck-gaiter-extrafleece-pop-de","16":"pa_marca-crazy-idea-de","17":"pa_sesso-damen","18":"pa_sesso-herren","20":"first","21":"instock","22":"sale","23":"taxable","24":"shipping-taxable","25":"purchasable","26":"product-type-variable","27":"wvs-archive-product-wrapper"},"acf":[],"yoast_head":"<!-- This site is optimized with the Yoast SEO plugin v26.8 - https:\/\/yoast.com\/product\/yoast-seo-wordpress\/ -->\n<title>Crazy Idea Neck gaiter extrafleece - Nackenw\u00e4rmer laufen - MioMioRun<\/title>\n<meta name=\"description\" content=\"Multifunktionaler Schlauchschal aus Fluffy Warm-Fell: M\u00fctze, Halsw\u00e4rmer oder Stirnband, warm, weich und nachhaltig.\" \/>\n<meta name=\"robots\" content=\"index, follow, max-snippet:-1, max-image-preview:large, max-video-preview:-1\" \/>\n<link rel=\"canonical\" href=\"https:\/\/www.miomiorun.com\/de\/produkt\/neck-gaiter-extrafleece\/\" \/>\n<meta property=\"og:locale\" content=\"de_DE\" \/>\n<meta property=\"og:type\" content=\"article\" \/>\n<meta property=\"og:title\" content=\"Crazy Idea Neck gaiter extrafleece - Nackenw\u00e4rmer laufen - MioMioRun\" \/>\n<meta property=\"og:description\" content=\"Multifunktionaler Schlauchschal aus Fluffy Warm-Fell: M\u00fctze, Halsw\u00e4rmer oder Stirnband, warm, weich und nachhaltig.\" \/>\n<meta property=\"og:url\" content=\"https:\/\/www.miomiorun.com\/de\/produkt\/neck-gaiter-extrafleece\/\" \/>\n<meta property=\"og:site_name\" content=\"MioMioRun\" \/>\n<meta property=\"article:publisher\" content=\"https:\/\/www.facebook.com\/miomiorun\/\" \/>\n<meta property=\"article:modified_time\" content=\"2026-04-17T08:35:37+00:00\" \/>\n<meta property=\"og:image\" content=\"https:\/\/www.miomiorun.com\/app\/uploads\/2025\/11\/crazy-Neck-gaiter-extrafleece-liken-W25125012X-0093.webp\" \/>\n\t<meta property=\"og:image:width\" content=\"720\" \/>\n\t<meta property=\"og:image:height\" content=\"720\" \/>\n\t<meta property=\"og:image:type\" content=\"image\/webp\" \/>\n<meta name=\"twitter:card\" content=\"summary_large_image\" \/>\n<meta name=\"twitter:label1\" content=\"Est. reading time\" \/>\n\t<meta name=\"twitter:data1\" content=\"1 minute\" \/>\n<script type=\"application\/ld+json\" class=\"yoast-schema-graph\">{\"@context\":\"https:\/\/schema.org\",\"@graph\":[{\"@type\":\"WebPage\",\"@id\":\"https:\/\/www.miomiorun.com\/de\/produkt\/neck-gaiter-extrafleece\/\",\"url\":\"https:\/\/www.miomiorun.com\/de\/produkt\/neck-gaiter-extrafleece\/\",\"name\":\"Crazy Idea Neck gaiter extrafleece - Nackenw\u00e4rmer laufen - MioMioRun\",\"isPartOf\":{\"@id\":\"https:\/\/www.miomiorun.com\/de\/#website\"},\"primaryImageOfPage\":{\"@id\":\"https:\/\/www.miomiorun.com\/de\/produkt\/neck-gaiter-extrafleece\/#primaryimage\"},\"image\":{\"@id\":\"https:\/\/www.miomiorun.com\/de\/produkt\/neck-gaiter-extrafleece\/#primaryimage\"},\"thumbnailUrl\":\"https:\/\/www.miomiorun.com\/app\/uploads\/2025\/11\/crazy-Neck-gaiter-extrafleece-liken-W25125012X-0093.webp\",\"datePublished\":\"2025-10-14T17:26:32+00:00\",\"dateModified\":\"2026-04-17T08:35:37+00:00\",\"description\":\"Multifunktionaler Schlauchschal aus Fluffy Warm-Fell: M\u00fctze, Halsw\u00e4rmer oder Stirnband, warm, weich und nachhaltig.\",\"breadcrumb\":{\"@id\":\"https:\/\/www.miomiorun.com\/de\/produkt\/neck-gaiter-extrafleece\/#breadcrumb\"},\"inLanguage\":\"de-DE\",\"potentialAction\":[{\"@type\":\"ReadAction\",\"target\":[\"https:\/\/www.miomiorun.com\/de\/produkt\/neck-gaiter-extrafleece\/\"]}]},{\"@type\":\"ImageObject\",\"inLanguage\":\"de-DE\",\"@id\":\"https:\/\/www.miomiorun.com\/de\/produkt\/neck-gaiter-extrafleece\/#primaryimage\",\"url\":\"https:\/\/www.miomiorun.com\/app\/uploads\/2025\/11\/crazy-Neck-gaiter-extrafleece-liken-W25125012X-0093.webp\",\"contentUrl\":\"https:\/\/www.miomiorun.com\/app\/uploads\/2025\/11\/crazy-Neck-gaiter-extrafleece-liken-W25125012X-0093.webp\",\"width\":720,\"height\":720,\"caption\":\"crazy Neck gaiter extrafleece liken W25125012X-0093\"},{\"@type\":\"BreadcrumbList\",\"@id\":\"https:\/\/www.miomiorun.com\/de\/produkt\/neck-gaiter-extrafleece\/#breadcrumb\",\"itemListElement\":[{\"@type\":\"ListItem\",\"position\":1,\"name\":\"Home\",\"item\":\"https:\/\/www.miomiorun.com\/de\/\"},{\"@type\":\"ListItem\",\"position\":2,\"name\":\"Shop\",\"item\":\"https:\/\/www.miomiorun.com\/shop\/\"},{\"@type\":\"ListItem\",\"position\":3,\"name\":\"Neck gaiter extrafleece\"}]},{\"@type\":\"WebSite\",\"@id\":\"https:\/\/www.miomiorun.com\/de\/#website\",\"url\":\"https:\/\/www.miomiorun.com\/de\/\",\"name\":\"MioMioRun\",\"description\":\"100% Lauf- und Trailshop\",\"publisher\":{\"@id\":\"https:\/\/www.miomiorun.com\/de\/#organization\"},\"potentialAction\":[{\"@type\":\"SearchAction\",\"target\":{\"@type\":\"EntryPoint\",\"urlTemplate\":\"https:\/\/www.miomiorun.com\/de\/?s={search_term_string}\"},\"query-input\":{\"@type\":\"PropertyValueSpecification\",\"valueRequired\":true,\"valueName\":\"search_term_string\"}}],\"inLanguage\":\"de-DE\"},{\"@type\":\"Organization\",\"@id\":\"https:\/\/www.miomiorun.com\/de\/#organization\",\"name\":\"MioMio Run\",\"url\":\"https:\/\/www.miomiorun.com\/de\/\",\"logo\":{\"@type\":\"ImageObject\",\"inLanguage\":\"de-DE\",\"@id\":\"https:\/\/www.miomiorun.com\/de\/#\/schema\/logo\/image\/\",\"url\":\"https:\/\/www.miomiorun.com\/app\/uploads\/2019\/12\/logomio.png\",\"contentUrl\":\"https:\/\/www.miomiorun.com\/app\/uploads\/2019\/12\/logomio.png\",\"width\":115,\"height\":82,\"caption\":\"MioMio Run\"},\"image\":{\"@id\":\"https:\/\/www.miomiorun.com\/de\/#\/schema\/logo\/image\/\"},\"sameAs\":[\"https:\/\/www.facebook.com\/miomiorun\/\",\"https:\/\/www.instagram.com\/miomiorun\/\"]}]}<\/script>\n<!-- \/ Yoast SEO plugin. -->","yoast_head_json":{"title":"Crazy Idea Neck gaiter extrafleece - Nackenw\u00e4rmer laufen - MioMioRun","description":"Multifunktionaler Schlauchschal aus Fluffy Warm-Fell: M\u00fctze, Halsw\u00e4rmer oder Stirnband, warm, weich und nachhaltig.","robots":{"index":"index","follow":"follow","max-snippet":"max-snippet:-1","max-image-preview":"max-image-preview:large","max-video-preview":"max-video-preview:-1"},"canonical":"https:\/\/www.miomiorun.com\/de\/produkt\/neck-gaiter-extrafleece\/","og_locale":"de_DE","og_type":"article","og_title":"Crazy Idea Neck gaiter extrafleece - Nackenw\u00e4rmer laufen - MioMioRun","og_description":"Multifunktionaler Schlauchschal aus Fluffy Warm-Fell: M\u00fctze, Halsw\u00e4rmer oder Stirnband, warm, weich und nachhaltig.","og_url":"https:\/\/www.miomiorun.com\/de\/produkt\/neck-gaiter-extrafleece\/","og_site_name":"MioMioRun","article_publisher":"https:\/\/www.facebook.com\/miomiorun\/","article_modified_time":"2026-04-17T08:35:37+00:00","og_image":[{"width":720,"height":720,"url":"https:\/\/www.miomiorun.com\/app\/uploads\/2025\/11\/crazy-Neck-gaiter-extrafleece-liken-W25125012X-0093.webp","type":"image\/webp"}],"twitter_card":"summary_large_image","twitter_misc":{"Est. reading time":"1 minute"},"schema":{"@context":"https:\/\/schema.org","@graph":[{"@type":"WebPage","@id":"https:\/\/www.miomiorun.com\/de\/produkt\/neck-gaiter-extrafleece\/","url":"https:\/\/www.miomiorun.com\/de\/produkt\/neck-gaiter-extrafleece\/","name":"Crazy Idea Neck gaiter extrafleece - Nackenw\u00e4rmer laufen - MioMioRun","isPartOf":{"@id":"https:\/\/www.miomiorun.com\/de\/#website"},"primaryImageOfPage":{"@id":"https:\/\/www.miomiorun.com\/de\/produkt\/neck-gaiter-extrafleece\/#primaryimage"},"image":{"@id":"https:\/\/www.miomiorun.com\/de\/produkt\/neck-gaiter-extrafleece\/#primaryimage"},"thumbnailUrl":"https:\/\/www.miomiorun.com\/app\/uploads\/2025\/11\/crazy-Neck-gaiter-extrafleece-liken-W25125012X-0093.webp","datePublished":"2025-10-14T17:26:32+00:00","dateModified":"2026-04-17T08:35:37+00:00","description":"Multifunktionaler Schlauchschal aus Fluffy Warm-Fell: M\u00fctze, Halsw\u00e4rmer oder Stirnband, warm, weich und nachhaltig.","breadcrumb":{"@id":"https:\/\/www.miomiorun.com\/de\/produkt\/neck-gaiter-extrafleece\/#breadcrumb"},"inLanguage":"de-DE","potentialAction":[{"@type":"ReadAction","target":["https:\/\/www.miomiorun.com\/de\/produkt\/neck-gaiter-extrafleece\/"]}]},{"@type":"ImageObject","inLanguage":"de-DE","@id":"https:\/\/www.miomiorun.com\/de\/produkt\/neck-gaiter-extrafleece\/#primaryimage","url":"https:\/\/www.miomiorun.com\/app\/uploads\/2025\/11\/crazy-Neck-gaiter-extrafleece-liken-W25125012X-0093.webp","contentUrl":"https:\/\/www.miomiorun.com\/app\/uploads\/2025\/11\/crazy-Neck-gaiter-extrafleece-liken-W25125012X-0093.webp","width":720,"height":720,"caption":"crazy Neck gaiter extrafleece liken W25125012X-0093"},{"@type":"BreadcrumbList","@id":"https:\/\/www.miomiorun.com\/de\/produkt\/neck-gaiter-extrafleece\/#breadcrumb","itemListElement":[{"@type":"ListItem","position":1,"name":"Home","item":"https:\/\/www.miomiorun.com\/de\/"},{"@type":"ListItem","position":2,"name":"Shop","item":"https:\/\/www.miomiorun.com\/shop\/"},{"@type":"ListItem","position":3,"name":"Neck gaiter extrafleece"}]},{"@type":"WebSite","@id":"https:\/\/www.miomiorun.com\/de\/#website","url":"https:\/\/www.miomiorun.com\/de\/","name":"MioMioRun","description":"100% Lauf- und Trailshop","publisher":{"@id":"https:\/\/www.miomiorun.com\/de\/#organization"},"potentialAction":[{"@type":"SearchAction","target":{"@type":"EntryPoint","urlTemplate":"https:\/\/www.miomiorun.com\/de\/?s={search_term_string}"},"query-input":{"@type":"PropertyValueSpecification","valueRequired":true,"valueName":"search_term_string"}}],"inLanguage":"de-DE"},{"@type":"Organization","@id":"https:\/\/www.miomiorun.com\/de\/#organization","name":"MioMio Run","url":"https:\/\/www.miomiorun.com\/de\/","logo":{"@type":"ImageObject","inLanguage":"de-DE","@id":"https:\/\/www.miomiorun.com\/de\/#\/schema\/logo\/image\/","url":"https:\/\/www.miomiorun.com\/app\/uploads\/2019\/12\/logomio.png","contentUrl":"https:\/\/www.miomiorun.com\/app\/uploads\/2019\/12\/logomio.png","width":115,"height":82,"caption":"MioMio Run"},"image":{"@id":"https:\/\/www.miomiorun.com\/de\/#\/schema\/logo\/image\/"},"sameAs":["https:\/\/www.facebook.com\/miomiorun\/","https:\/\/www.instagram.com\/miomiorun\/"]}]}},"_links":{"self":[{"href":"https:\/\/www.miomiorun.com\/de\/wp-json\/wp\/v2\/product\/361143","targetHints":{"allow":["GET"]}}],"collection":[{"href":"https:\/\/www.miomiorun.com\/de\/wp-json\/wp\/v2\/product"}],"about":[{"href":"https:\/\/www.miomiorun.com\/de\/wp-json\/wp\/v2\/types\/product"}],"wp:featuredmedia":[{"embeddable":true,"href":"https:\/\/www.miomiorun.com\/de\/wp-json\/wp\/v2\/media\/365873"}],"wp:attachment":[{"href":"https:\/\/www.miomiorun.com\/de\/wp-json\/wp\/v2\/media?parent=361143"}],"wp:term":[{"taxonomy":"product_brand","embeddable":true,"href":"https:\/\/www.miomiorun.com\/de\/wp-json\/wp\/v2\/product_brand?post=361143"},{"taxonomy":"product_cat","embeddable":true,"href":"https:\/\/www.miomiorun.com\/de\/wp-json\/wp\/v2\/product_cat?post=361143"},{"taxonomy":"product_tag","embeddable":true,"href":"https:\/\/www.miomiorun.com\/de\/wp-json\/wp\/v2\/product_tag?post=361143"}],"curies":[{"name":"wp","href":"https:\/\/api.w.org\/{rel}","templated":true}]}}