{"id":360240,"date":"2025-10-14T16:36:36","date_gmt":"2025-10-14T14:36:36","guid":{"rendered":"https:\/\/www.miomiorun.com\/?post_type=product&#038;p=360240"},"modified":"2026-04-17T10:34:45","modified_gmt":"2026-04-17T08:34:45","slug":"jkt-levity-damen","status":"publish","type":"product","link":"https:\/\/www.miomiorun.com\/de\/produkt\/jkt-levity-damen\/","title":{"rendered":"JKT Levity damen"},"content":{"rendered":"<p data-start=\"172\" data-end=\"495\">Die <strong data-start=\"175\" data-end=\"189\">JKT Levity<\/strong> ist die <strong data-start=\"211\" data-end=\"235\">leichteste Daunenjacke der Welt<\/strong> und das Ergebnis intensiver Forschung und Innovation im Bereich des technischen Alpinismus. Sie wurde f\u00fcr diejenigen entwickelt, die maximale Leistung bei minimalem Gewicht anstreben, und vereint <strong data-start=\"402\" data-end=\"436\">au\u00dfergew\u00f6hnlichen W\u00e4rmeschutz<\/strong>, <strong data-start=\"438\" data-end=\"458\">absoluten Komfort<\/strong> und <strong data-start=\"461\" data-end=\"492\">vollst\u00e4ndige Bewegungsfreiheit<\/strong>.<\/p>\n<p data-start=\"497\" data-end=\"777\">Ihr Geheimnis liegt in einer <strong data-start=\"527\" data-end=\"565\">einzigartigen und revolution\u00e4ren Konstruktion<\/strong>, die entwickelt wurde, um jede \u00fcberfl\u00fcssige Naht und jeden Zentimeter unn\u00f6tigen Stoffes zu eliminieren. Das Au\u00dfenmaterial, ein <strong data-start=\"672\" data-end=\"698\">bi-elastisches 7DEN-Nylon<\/strong> mit <strong data-start=\"703\" data-end=\"722\">DWR-Behandlung<\/strong>, garantiert Leichtigkeit, Widerstandsf\u00e4higkeit und Wasserabweisung.<\/p>\n<p data-start=\"779\" data-end=\"1076\">Die F\u00fcllung besteht aus <strong data-start=\"798\" data-end=\"820\">Diamond Down-Daunen<\/strong>, die von Hand ausgew\u00e4hlt wurden, um nur die volumin\u00f6sesten und reinsten Flocken mit einer <strong data-start=\"900\" data-end=\"940\">au\u00dfergew\u00f6hnlichen F\u00fcllkraft von 950\/1000<\/strong> zu verwenden. Das Ergebnis ist eine un\u00fcbertroffene W\u00e4rmeisolierung im Verh\u00e4ltnis zum Gewicht, perfekt f\u00fcr Alpin-Expeditionen und extremste Bedingungen.<\/p>\n<p data-start=\"1078\" data-end=\"1377\">Die <strong data-start=\"1081\" data-end=\"1100\">geklebten Zellen<\/strong> anstelle von gen\u00e4hten minimieren das Austreten von Daunen, gew\u00e4hrleisten eine l\u00e4ngere Lebensdauer und sorgen f\u00fcr ein klares, modernes Design. <br data-start=\"1224\" data-end=\"1227\">Wesentliche Details wie die <strong data-start=\"1255\" data-end=\"1273\">Brusttasche<\/strong> und die <strong data-start=\"1279\" data-end=\"1304\">Innentasche aus Netzgewebe<\/strong> vervollst\u00e4ndigen ein Kleidungsst\u00fcck, das f\u00fcr diejenigen entwickelt wurde, die von jedem Gramm das Maximum verlangen.<\/p><\/p>\n","protected":false},"excerpt":{"rendered":"<ul>\n<li data-start=\"1600\" data-end=\"1661\">\n<p data-start=\"1602\" data-end=\"1661\">Die leichteste Daunenjacke der Welt mit einer F\u00fcllkraft von 950. <\/p>\n<\/li>\n<li data-start=\"1662\" data-end=\"1736\">\n<p data-start=\"1664\" data-end=\"1736\">Nahtlos geklebte Konstruktion, um das Austreten von Daunen zu verhindern. <\/p>\n<\/li>\n<li data-start=\"1737\" data-end=\"1795\">\n<p data-start=\"1739\" data-end=\"1795\">7DEN-Nylongewebe mit wasserabweisender DWR-Behandlung<\/p>\n<\/li>\n<\/ul>\n","protected":false},"featured_media":365615,"template":"","meta":{"_acf_changed":false,"inline_featured_image":false},"product_brand":[],"product_cat":[6400,6401,6404],"product_tag":[3370,6237],"class_list":{"0":"post-360240","1":"product","2":"type-product","3":"status-publish","4":"has-post-thumbnail","6":"product_cat-damen","7":"product_cat-damenbekleidung","8":"product_cat-damenjacken","9":"product_tag-crazy-idea-de","10":"product_tag-crazy-idea-damen-de","11":"pa_attivita-gehen","12":"pa_attivita-outdoor-de","13":"pa_colore-jkt-levity-w-early-de","14":"pa_colore-jkt-levity-w-pop-de","15":"pa_marca-crazy-idea-de","16":"pa_sesso-damen","17":"pa_size-extra-small-de","18":"pa_size-small-de","19":"pa_size-medium-de","21":"first","22":"instock","23":"sale","24":"taxable","25":"shipping-taxable","26":"purchasable","27":"product-type-variable","28":"wvs-archive-product-wrapper"},"acf":[],"yoast_head":"<!-- This site is optimized with the Yoast SEO plugin v26.8 - https:\/\/yoast.com\/product\/yoast-seo-wordpress\/ -->\n<title>Crazy IdeaJKT Levity damen -Laufjacke - MioMioRun.com<\/title>\n<meta name=\"description\" content=\"JKT Levity Herren: die leichteste Daunenjacke der Welt. F\u00fcllkraft 950, geklebte Zellen, extremer Komfort und un\u00fcbertroffener W\u00e4rmeschutz.\" \/>\n<meta name=\"robots\" content=\"index, follow, max-snippet:-1, max-image-preview:large, max-video-preview:-1\" \/>\n<link rel=\"canonical\" href=\"https:\/\/www.miomiorun.com\/de\/produkt\/jkt-levity-damen\/\" \/>\n<meta property=\"og:locale\" content=\"de_DE\" \/>\n<meta property=\"og:type\" content=\"article\" \/>\n<meta property=\"og:title\" content=\"Crazy IdeaJKT Levity damen -Laufjacke - MioMioRun.com\" \/>\n<meta property=\"og:description\" content=\"JKT Levity Herren: die leichteste Daunenjacke der Welt. F\u00fcllkraft 950, geklebte Zellen, extremer Komfort und un\u00fcbertroffener W\u00e4rmeschutz.\" \/>\n<meta property=\"og:url\" content=\"https:\/\/www.miomiorun.com\/de\/produkt\/jkt-levity-damen\/\" \/>\n<meta property=\"og:site_name\" content=\"MioMioRun\" \/>\n<meta property=\"article:publisher\" content=\"https:\/\/www.facebook.com\/miomiorun\/\" \/>\n<meta property=\"article:modified_time\" content=\"2026-04-17T08:34:45+00:00\" \/>\n<meta property=\"og:image\" content=\"https:\/\/www.miomiorun.com\/app\/uploads\/2025\/10\/crazy-JKT-Levity-W-early-W25055151D-00124.webp\" \/>\n\t<meta property=\"og:image:width\" content=\"720\" \/>\n\t<meta property=\"og:image:height\" content=\"720\" \/>\n\t<meta property=\"og:image:type\" content=\"image\/webp\" \/>\n<meta name=\"twitter:card\" content=\"summary_large_image\" \/>\n<meta name=\"twitter:label1\" content=\"Est. reading time\" \/>\n\t<meta name=\"twitter:data1\" content=\"1 minute\" \/>\n<script type=\"application\/ld+json\" class=\"yoast-schema-graph\">{\"@context\":\"https:\/\/schema.org\",\"@graph\":[{\"@type\":\"WebPage\",\"@id\":\"https:\/\/www.miomiorun.com\/de\/produkt\/jkt-levity-damen\/\",\"url\":\"https:\/\/www.miomiorun.com\/de\/produkt\/jkt-levity-damen\/\",\"name\":\"Crazy IdeaJKT Levity damen -Laufjacke - MioMioRun.com\",\"isPartOf\":{\"@id\":\"https:\/\/www.miomiorun.com\/de\/#website\"},\"primaryImageOfPage\":{\"@id\":\"https:\/\/www.miomiorun.com\/de\/produkt\/jkt-levity-damen\/#primaryimage\"},\"image\":{\"@id\":\"https:\/\/www.miomiorun.com\/de\/produkt\/jkt-levity-damen\/#primaryimage\"},\"thumbnailUrl\":\"https:\/\/www.miomiorun.com\/app\/uploads\/2025\/10\/crazy-JKT-Levity-W-early-W25055151D-00124.webp\",\"datePublished\":\"2025-10-14T14:36:36+00:00\",\"dateModified\":\"2026-04-17T08:34:45+00:00\",\"description\":\"JKT Levity Herren: die leichteste Daunenjacke der Welt. F\u00fcllkraft 950, geklebte Zellen, extremer Komfort und un\u00fcbertroffener W\u00e4rmeschutz.\",\"breadcrumb\":{\"@id\":\"https:\/\/www.miomiorun.com\/de\/produkt\/jkt-levity-damen\/#breadcrumb\"},\"inLanguage\":\"de-DE\",\"potentialAction\":[{\"@type\":\"ReadAction\",\"target\":[\"https:\/\/www.miomiorun.com\/de\/produkt\/jkt-levity-damen\/\"]}]},{\"@type\":\"ImageObject\",\"inLanguage\":\"de-DE\",\"@id\":\"https:\/\/www.miomiorun.com\/de\/produkt\/jkt-levity-damen\/#primaryimage\",\"url\":\"https:\/\/www.miomiorun.com\/app\/uploads\/2025\/10\/crazy-JKT-Levity-W-early-W25055151D-00124.webp\",\"contentUrl\":\"https:\/\/www.miomiorun.com\/app\/uploads\/2025\/10\/crazy-JKT-Levity-W-early-W25055151D-00124.webp\",\"width\":720,\"height\":720,\"caption\":\"crazy JKT Levity W early W25055151D-00124\"},{\"@type\":\"BreadcrumbList\",\"@id\":\"https:\/\/www.miomiorun.com\/de\/produkt\/jkt-levity-damen\/#breadcrumb\",\"itemListElement\":[{\"@type\":\"ListItem\",\"position\":1,\"name\":\"Home\",\"item\":\"https:\/\/www.miomiorun.com\/de\/\"},{\"@type\":\"ListItem\",\"position\":2,\"name\":\"Shop\",\"item\":\"https:\/\/www.miomiorun.com\/shop\/\"},{\"@type\":\"ListItem\",\"position\":3,\"name\":\"JKT Levity damen\"}]},{\"@type\":\"WebSite\",\"@id\":\"https:\/\/www.miomiorun.com\/de\/#website\",\"url\":\"https:\/\/www.miomiorun.com\/de\/\",\"name\":\"MioMioRun\",\"description\":\"100% Lauf- und Trailshop\",\"publisher\":{\"@id\":\"https:\/\/www.miomiorun.com\/de\/#organization\"},\"potentialAction\":[{\"@type\":\"SearchAction\",\"target\":{\"@type\":\"EntryPoint\",\"urlTemplate\":\"https:\/\/www.miomiorun.com\/de\/?s={search_term_string}\"},\"query-input\":{\"@type\":\"PropertyValueSpecification\",\"valueRequired\":true,\"valueName\":\"search_term_string\"}}],\"inLanguage\":\"de-DE\"},{\"@type\":\"Organization\",\"@id\":\"https:\/\/www.miomiorun.com\/de\/#organization\",\"name\":\"MioMio Run\",\"url\":\"https:\/\/www.miomiorun.com\/de\/\",\"logo\":{\"@type\":\"ImageObject\",\"inLanguage\":\"de-DE\",\"@id\":\"https:\/\/www.miomiorun.com\/de\/#\/schema\/logo\/image\/\",\"url\":\"https:\/\/www.miomiorun.com\/app\/uploads\/2019\/12\/logomio.png\",\"contentUrl\":\"https:\/\/www.miomiorun.com\/app\/uploads\/2019\/12\/logomio.png\",\"width\":115,\"height\":82,\"caption\":\"MioMio Run\"},\"image\":{\"@id\":\"https:\/\/www.miomiorun.com\/de\/#\/schema\/logo\/image\/\"},\"sameAs\":[\"https:\/\/www.facebook.com\/miomiorun\/\",\"https:\/\/www.instagram.com\/miomiorun\/\"]}]}<\/script>\n<!-- \/ Yoast SEO plugin. -->","yoast_head_json":{"title":"Crazy IdeaJKT Levity damen -Laufjacke - MioMioRun.com","description":"JKT Levity Herren: die leichteste Daunenjacke der Welt. F\u00fcllkraft 950, geklebte Zellen, extremer Komfort und un\u00fcbertroffener W\u00e4rmeschutz.","robots":{"index":"index","follow":"follow","max-snippet":"max-snippet:-1","max-image-preview":"max-image-preview:large","max-video-preview":"max-video-preview:-1"},"canonical":"https:\/\/www.miomiorun.com\/de\/produkt\/jkt-levity-damen\/","og_locale":"de_DE","og_type":"article","og_title":"Crazy IdeaJKT Levity damen -Laufjacke - MioMioRun.com","og_description":"JKT Levity Herren: die leichteste Daunenjacke der Welt. F\u00fcllkraft 950, geklebte Zellen, extremer Komfort und un\u00fcbertroffener W\u00e4rmeschutz.","og_url":"https:\/\/www.miomiorun.com\/de\/produkt\/jkt-levity-damen\/","og_site_name":"MioMioRun","article_publisher":"https:\/\/www.facebook.com\/miomiorun\/","article_modified_time":"2026-04-17T08:34:45+00:00","og_image":[{"width":720,"height":720,"url":"https:\/\/www.miomiorun.com\/app\/uploads\/2025\/10\/crazy-JKT-Levity-W-early-W25055151D-00124.webp","type":"image\/webp"}],"twitter_card":"summary_large_image","twitter_misc":{"Est. reading time":"1 minute"},"schema":{"@context":"https:\/\/schema.org","@graph":[{"@type":"WebPage","@id":"https:\/\/www.miomiorun.com\/de\/produkt\/jkt-levity-damen\/","url":"https:\/\/www.miomiorun.com\/de\/produkt\/jkt-levity-damen\/","name":"Crazy IdeaJKT Levity damen -Laufjacke - MioMioRun.com","isPartOf":{"@id":"https:\/\/www.miomiorun.com\/de\/#website"},"primaryImageOfPage":{"@id":"https:\/\/www.miomiorun.com\/de\/produkt\/jkt-levity-damen\/#primaryimage"},"image":{"@id":"https:\/\/www.miomiorun.com\/de\/produkt\/jkt-levity-damen\/#primaryimage"},"thumbnailUrl":"https:\/\/www.miomiorun.com\/app\/uploads\/2025\/10\/crazy-JKT-Levity-W-early-W25055151D-00124.webp","datePublished":"2025-10-14T14:36:36+00:00","dateModified":"2026-04-17T08:34:45+00:00","description":"JKT Levity Herren: die leichteste Daunenjacke der Welt. F\u00fcllkraft 950, geklebte Zellen, extremer Komfort und un\u00fcbertroffener W\u00e4rmeschutz.","breadcrumb":{"@id":"https:\/\/www.miomiorun.com\/de\/produkt\/jkt-levity-damen\/#breadcrumb"},"inLanguage":"de-DE","potentialAction":[{"@type":"ReadAction","target":["https:\/\/www.miomiorun.com\/de\/produkt\/jkt-levity-damen\/"]}]},{"@type":"ImageObject","inLanguage":"de-DE","@id":"https:\/\/www.miomiorun.com\/de\/produkt\/jkt-levity-damen\/#primaryimage","url":"https:\/\/www.miomiorun.com\/app\/uploads\/2025\/10\/crazy-JKT-Levity-W-early-W25055151D-00124.webp","contentUrl":"https:\/\/www.miomiorun.com\/app\/uploads\/2025\/10\/crazy-JKT-Levity-W-early-W25055151D-00124.webp","width":720,"height":720,"caption":"crazy JKT Levity W early W25055151D-00124"},{"@type":"BreadcrumbList","@id":"https:\/\/www.miomiorun.com\/de\/produkt\/jkt-levity-damen\/#breadcrumb","itemListElement":[{"@type":"ListItem","position":1,"name":"Home","item":"https:\/\/www.miomiorun.com\/de\/"},{"@type":"ListItem","position":2,"name":"Shop","item":"https:\/\/www.miomiorun.com\/shop\/"},{"@type":"ListItem","position":3,"name":"JKT Levity damen"}]},{"@type":"WebSite","@id":"https:\/\/www.miomiorun.com\/de\/#website","url":"https:\/\/www.miomiorun.com\/de\/","name":"MioMioRun","description":"100% Lauf- und Trailshop","publisher":{"@id":"https:\/\/www.miomiorun.com\/de\/#organization"},"potentialAction":[{"@type":"SearchAction","target":{"@type":"EntryPoint","urlTemplate":"https:\/\/www.miomiorun.com\/de\/?s={search_term_string}"},"query-input":{"@type":"PropertyValueSpecification","valueRequired":true,"valueName":"search_term_string"}}],"inLanguage":"de-DE"},{"@type":"Organization","@id":"https:\/\/www.miomiorun.com\/de\/#organization","name":"MioMio Run","url":"https:\/\/www.miomiorun.com\/de\/","logo":{"@type":"ImageObject","inLanguage":"de-DE","@id":"https:\/\/www.miomiorun.com\/de\/#\/schema\/logo\/image\/","url":"https:\/\/www.miomiorun.com\/app\/uploads\/2019\/12\/logomio.png","contentUrl":"https:\/\/www.miomiorun.com\/app\/uploads\/2019\/12\/logomio.png","width":115,"height":82,"caption":"MioMio Run"},"image":{"@id":"https:\/\/www.miomiorun.com\/de\/#\/schema\/logo\/image\/"},"sameAs":["https:\/\/www.facebook.com\/miomiorun\/","https:\/\/www.instagram.com\/miomiorun\/"]}]}},"_links":{"self":[{"href":"https:\/\/www.miomiorun.com\/de\/wp-json\/wp\/v2\/product\/360240","targetHints":{"allow":["GET"]}}],"collection":[{"href":"https:\/\/www.miomiorun.com\/de\/wp-json\/wp\/v2\/product"}],"about":[{"href":"https:\/\/www.miomiorun.com\/de\/wp-json\/wp\/v2\/types\/product"}],"wp:featuredmedia":[{"embeddable":true,"href":"https:\/\/www.miomiorun.com\/de\/wp-json\/wp\/v2\/media\/365615"}],"wp:attachment":[{"href":"https:\/\/www.miomiorun.com\/de\/wp-json\/wp\/v2\/media?parent=360240"}],"wp:term":[{"taxonomy":"product_brand","embeddable":true,"href":"https:\/\/www.miomiorun.com\/de\/wp-json\/wp\/v2\/product_brand?post=360240"},{"taxonomy":"product_cat","embeddable":true,"href":"https:\/\/www.miomiorun.com\/de\/wp-json\/wp\/v2\/product_cat?post=360240"},{"taxonomy":"product_tag","embeddable":true,"href":"https:\/\/www.miomiorun.com\/de\/wp-json\/wp\/v2\/product_tag?post=360240"}],"curies":[{"name":"wp","href":"https:\/\/api.w.org\/{rel}","templated":true}]}}