{"id":358803,"date":"2025-10-11T12:29:12","date_gmt":"2025-10-11T10:29:12","guid":{"rendered":"https:\/\/www.miomiorun.com\/?post_type=product&#038;p=358803"},"modified":"2025-11-05T10:36:01","modified_gmt":"2025-11-05T09:36:01","slug":"kjerag-2-0","status":"publish","type":"product","link":"https:\/\/www.miomiorun.com\/de\/produkt\/kjerag-2-0\/","title":{"rendered":"Kjerag 2.0"},"content":{"rendered":"<div class=\"vc-row container\"><div class=\"vc-column\"><div class=\"vc-column-text\"><\/p>\n<p><strong>Technische Daten<\/strong><\/p>\n<p>Kategorie: Reaktive D\u00e4mpfung<br \/>\nOffset: 6 mm (<span class=\"style_content__U_Haa\">20 mm\/26 mm) <\/span><br \/>\nGewicht: <span class=\"style_content__U_Haa\">214 g<\/span> <span class=\"style_content__U_Haa\">(Gr\u00f6\u00dfe UK 7,5)<\/span><br \/>\nIdeal f\u00fcr: Trailrunner, die einen leistungsstarken Schuh suchen, und f\u00fcr alle, die gerne leicht und schnell auf jedem Terrain laufen.<br \/>\nGewicht des Athleten: 60-80 kg<br \/>\nLaufgeschwindigkeit: mittel (5-6 min\/km)<br \/>\n<a href=\"https:\/\/miomiorun.com\/guida-alle-specifiche-tecniche\/\">Leitfaden zu den technischen Spezifikationen<\/a><\/p>\n<p><\/div><\/div><div class=\"vc-column\"><div class=\"vc-column-text\"><\/p>\n<p data-start=\"110\" data-end=\"438\">Der<strong data-start=\"113\" data-end=\"134\">&nbsp;Kjerag 02<\/strong> ist eine perfekte Kombination aus <strong data-start=\"216\" data-end=\"250\">Geschwindigkeit, Reaktionsf\u00e4higkeit und Komfort<\/strong>. Die neue Version&nbsp;vereint ein kraftvolles Design mit hervorragender technischer Leistung und wurde f\u00fcr alle entwickelt, die gerne leicht und schnell auf jedem Terrain laufen.<\/p>\n<p data-start=\"440\" data-end=\"671\">Mit einer Sohlenh\u00f6he von <strong data-start=\"470\" data-end=\"485\">20 mm\/26 mm<\/strong> bietet er ein ideales Gleichgewicht zwischen D\u00e4mpfung und Bodengef\u00fchl, w\u00e4hrend die <strong data-start=\"601\" data-end=\"611\">3,5 mm<\/strong> hohen Stollen auch auf technisch anspruchsvollen Strecken f\u00fcr effektiven Grip sorgen.<\/p>\n<p data-start=\"673\" data-end=\"933\">Das Obermaterial aus <strong data-start=\"686\" data-end=\"723\">einlagigem Matryx\u00ae Jacquard<\/strong> garantiert maximale Atmungsaktivit\u00e4t, Halt und Langlebigkeit und reduziert gleichzeitig die Umweltbelastung dank eines F\u00e4rbeverfahrens, das bis zu <strong data-start=\"874\" data-end=\"898\">95 % weniger Wasser<\/strong> verbraucht als herk\u00f6mmliche Methoden.<\/p>\n<p data-start=\"935\" data-end=\"1203\">Die Zwischensohle <strong data-start=\"948\" data-end=\"959\">EExpure<\/strong> auf TPE-Basis bietet eine <strong data-start=\"985\" data-end=\"1025\">um 35 % h\u00f6here Energier\u00fcckgabe<\/strong> und macht jeden Schritt explosiver und nat\u00fcrlicher. Abgerundet wird der Schuh durch die Technologien <strong data-start=\"1108\" data-end=\"1128\">VIBRAM\u00ae Megagrip<\/strong> und <strong data-start=\"1131\" data-end=\"1151\">VIBRAM\u00ae Litebase<\/strong> f\u00fcr kompromisslose Traktion und Leichtigkeit.<\/p>\n<p data-start=\"1205\" data-end=\"1337\">Der <strong data-start=\"1208\" data-end=\"1221\">Kjerag 02<\/strong> ist das ideale Modell f\u00fcr alle, die maximale Leistung suchen und dabei Innovation, Nachhaltigkeit und unverwechselbaren Stil sch\u00e4tzen.<\/p>\n<p><\/div><\/div><\/div><\/p>\n","protected":false},"excerpt":{"rendered":"<ul>\n<li data-start=\"1364\" data-end=\"1428\">\n<p data-start=\"1366\" data-end=\"1428\">Au\u00dfergew\u00f6hnliche Reaktionsf\u00e4higkeit und Komfort f\u00fcr schnelles Trailrunning<\/p>\n<\/li>\n<li data-start=\"1429\" data-end=\"1502\">\n<p data-start=\"1431\" data-end=\"1502\">Sohle <strong data-start=\"1437\" data-end=\"1468\">VIBRAM\u00ae Megagrip + Litebase<\/strong> f\u00fcr \u00fcberragenden Grip und Leichtigkeit<\/p>\n<\/li>\n<li data-start=\"1503\" data-end=\"1590\">\n<p data-start=\"1505\" data-end=\"1590\"><strong data-start=\"1505\" data-end=\"1525\">Matryx\u00ae Jacquard<\/strong> atmungsaktiv und nachhaltig, mit wassersparender F\u00e4rbung<\/p>\n<\/li>\n<\/ul>\n","protected":false},"featured_media":362123,"template":"","meta":{"_acf_changed":false,"inline_featured_image":false},"product_brand":[],"product_cat":[6507,6504,6474,6491],"product_tag":[35956,35967,35959],"class_list":{"0":"post-358803","1":"product","2":"type-product","3":"status-publish","4":"has-post-thumbnail","6":"product_cat-herren-schuhe-de","7":"product_cat-trail","8":"product_cat-damenschuhe","9":"product_cat-damentrailschuhe","10":"product_tag-nnormal-de","11":"product_tag-nnormal-damen-de","12":"product_tag-nnormal-herren-de","13":"pa_attivita-outdoor-de","14":"pa_attivita-trail-de","15":"pa_colore-kjerag-2-0-black-de","16":"pa_colore-kjerag-2-0-green-white","17":"pa_marca-nnormal-de","18":"pa_sesso-damen","19":"pa_sesso-herren","20":"pa_size-38-de","22":"pa_size-39-de","23":"pa_size-40-de","25":"pa_size-41-de","26":"pa_size-42-de","28":"pa_size-43-de","29":"pa_size-44-de","31":"pa_size-45-de","32":"pa_size-46-de","35":"first","36":"instock","37":"taxable","38":"shipping-taxable","39":"purchasable","40":"product-type-variable","41":"wvs-archive-product-wrapper"},"acf":[],"yoast_head":"<!-- This site is optimized with the Yoast SEO plugin v26.8 - https:\/\/yoast.com\/product\/yoast-seo-wordpress\/ -->\n<title>NNormal Kjerag 2.0 - Trailschuhe- MioMioRun.com<\/title>\n<meta name=\"description\" content=\"Kjerag 02: leichter und reaktionsfreudiger Trailrunning-Schuh mit Vibram\u00ae-Sohle und nachhaltigem Matryx\u00ae-Obermaterial f\u00fcr maximale Leistung und Geschwindigkeit auf jedem Terrain\" \/>\n<meta name=\"robots\" content=\"index, follow, max-snippet:-1, max-image-preview:large, max-video-preview:-1\" \/>\n<link rel=\"canonical\" href=\"https:\/\/www.miomiorun.com\/de\/produkt\/kjerag-2-0\/\" \/>\n<meta property=\"og:locale\" content=\"de_DE\" \/>\n<meta property=\"og:type\" content=\"article\" \/>\n<meta property=\"og:title\" content=\"NNormal Kjerag 2.0 - Trailschuhe- MioMioRun.com\" \/>\n<meta property=\"og:description\" content=\"Kjerag 02: leichter und reaktionsfreudiger Trailrunning-Schuh mit Vibram\u00ae-Sohle und nachhaltigem Matryx\u00ae-Obermaterial f\u00fcr maximale Leistung und Geschwindigkeit auf jedem Terrain\" \/>\n<meta property=\"og:url\" content=\"https:\/\/www.miomiorun.com\/de\/produkt\/kjerag-2-0\/\" \/>\n<meta property=\"og:site_name\" content=\"MioMioRun\" \/>\n<meta property=\"article:publisher\" content=\"https:\/\/www.facebook.com\/miomiorun\/\" \/>\n<meta property=\"article:modified_time\" content=\"2025-11-05T09:36:01+00:00\" \/>\n<meta property=\"og:image\" content=\"https:\/\/www.miomiorun.com\/app\/uploads\/2025\/10\/nnormal-Kjerag-2.0-black-N1ZKGM2-001.webp\" \/>\n\t<meta property=\"og:image:width\" content=\"720\" \/>\n\t<meta property=\"og:image:height\" content=\"720\" \/>\n\t<meta property=\"og:image:type\" content=\"image\/webp\" \/>\n<meta name=\"twitter:card\" content=\"summary_large_image\" \/>\n<meta name=\"twitter:label1\" content=\"Est. reading time\" \/>\n\t<meta name=\"twitter:data1\" content=\"1 minute\" \/>\n<script type=\"application\/ld+json\" class=\"yoast-schema-graph\">{\"@context\":\"https:\/\/schema.org\",\"@graph\":[{\"@type\":\"WebPage\",\"@id\":\"https:\/\/www.miomiorun.com\/de\/produkt\/kjerag-2-0\/\",\"url\":\"https:\/\/www.miomiorun.com\/de\/produkt\/kjerag-2-0\/\",\"name\":\"NNormal Kjerag 2.0 - Trailschuhe- MioMioRun.com\",\"isPartOf\":{\"@id\":\"https:\/\/www.miomiorun.com\/de\/#website\"},\"primaryImageOfPage\":{\"@id\":\"https:\/\/www.miomiorun.com\/de\/produkt\/kjerag-2-0\/#primaryimage\"},\"image\":{\"@id\":\"https:\/\/www.miomiorun.com\/de\/produkt\/kjerag-2-0\/#primaryimage\"},\"thumbnailUrl\":\"https:\/\/www.miomiorun.com\/app\/uploads\/2025\/10\/nnormal-Kjerag-2.0-black-N1ZKGM2-001.webp\",\"datePublished\":\"2025-10-11T10:29:12+00:00\",\"dateModified\":\"2025-11-05T09:36:01+00:00\",\"description\":\"Kjerag 02: leichter und reaktionsfreudiger Trailrunning-Schuh mit Vibram\u00ae-Sohle und nachhaltigem Matryx\u00ae-Obermaterial f\u00fcr maximale Leistung und Geschwindigkeit auf jedem Terrain\",\"breadcrumb\":{\"@id\":\"https:\/\/www.miomiorun.com\/de\/produkt\/kjerag-2-0\/#breadcrumb\"},\"inLanguage\":\"de-DE\",\"potentialAction\":[{\"@type\":\"ReadAction\",\"target\":[\"https:\/\/www.miomiorun.com\/de\/produkt\/kjerag-2-0\/\"]}]},{\"@type\":\"ImageObject\",\"inLanguage\":\"de-DE\",\"@id\":\"https:\/\/www.miomiorun.com\/de\/produkt\/kjerag-2-0\/#primaryimage\",\"url\":\"https:\/\/www.miomiorun.com\/app\/uploads\/2025\/10\/nnormal-Kjerag-2.0-black-N1ZKGM2-001.webp\",\"contentUrl\":\"https:\/\/www.miomiorun.com\/app\/uploads\/2025\/10\/nnormal-Kjerag-2.0-black-N1ZKGM2-001.webp\",\"width\":720,\"height\":720,\"caption\":\"nnormal Kjerag 2.0 black N1ZKGM2-001\"},{\"@type\":\"BreadcrumbList\",\"@id\":\"https:\/\/www.miomiorun.com\/de\/produkt\/kjerag-2-0\/#breadcrumb\",\"itemListElement\":[{\"@type\":\"ListItem\",\"position\":1,\"name\":\"Home\",\"item\":\"https:\/\/www.miomiorun.com\/de\/\"},{\"@type\":\"ListItem\",\"position\":2,\"name\":\"Shop\",\"item\":\"https:\/\/www.miomiorun.com\/shop\/\"},{\"@type\":\"ListItem\",\"position\":3,\"name\":\"Kjerag 2.0\"}]},{\"@type\":\"WebSite\",\"@id\":\"https:\/\/www.miomiorun.com\/de\/#website\",\"url\":\"https:\/\/www.miomiorun.com\/de\/\",\"name\":\"MioMioRun\",\"description\":\"100% Lauf- und Trailshop\",\"publisher\":{\"@id\":\"https:\/\/www.miomiorun.com\/de\/#organization\"},\"potentialAction\":[{\"@type\":\"SearchAction\",\"target\":{\"@type\":\"EntryPoint\",\"urlTemplate\":\"https:\/\/www.miomiorun.com\/de\/?s={search_term_string}\"},\"query-input\":{\"@type\":\"PropertyValueSpecification\",\"valueRequired\":true,\"valueName\":\"search_term_string\"}}],\"inLanguage\":\"de-DE\"},{\"@type\":\"Organization\",\"@id\":\"https:\/\/www.miomiorun.com\/de\/#organization\",\"name\":\"MioMio Run\",\"url\":\"https:\/\/www.miomiorun.com\/de\/\",\"logo\":{\"@type\":\"ImageObject\",\"inLanguage\":\"de-DE\",\"@id\":\"https:\/\/www.miomiorun.com\/de\/#\/schema\/logo\/image\/\",\"url\":\"https:\/\/www.miomiorun.com\/app\/uploads\/2019\/12\/logomio.png\",\"contentUrl\":\"https:\/\/www.miomiorun.com\/app\/uploads\/2019\/12\/logomio.png\",\"width\":115,\"height\":82,\"caption\":\"MioMio Run\"},\"image\":{\"@id\":\"https:\/\/www.miomiorun.com\/de\/#\/schema\/logo\/image\/\"},\"sameAs\":[\"https:\/\/www.facebook.com\/miomiorun\/\",\"https:\/\/www.instagram.com\/miomiorun\/\"]}]}<\/script>\n<!-- \/ Yoast SEO plugin. -->","yoast_head_json":{"title":"NNormal Kjerag 2.0 - Trailschuhe- MioMioRun.com","description":"Kjerag 02: leichter und reaktionsfreudiger Trailrunning-Schuh mit Vibram\u00ae-Sohle und nachhaltigem Matryx\u00ae-Obermaterial f\u00fcr maximale Leistung und Geschwindigkeit auf jedem Terrain","robots":{"index":"index","follow":"follow","max-snippet":"max-snippet:-1","max-image-preview":"max-image-preview:large","max-video-preview":"max-video-preview:-1"},"canonical":"https:\/\/www.miomiorun.com\/de\/produkt\/kjerag-2-0\/","og_locale":"de_DE","og_type":"article","og_title":"NNormal Kjerag 2.0 - Trailschuhe- MioMioRun.com","og_description":"Kjerag 02: leichter und reaktionsfreudiger Trailrunning-Schuh mit Vibram\u00ae-Sohle und nachhaltigem Matryx\u00ae-Obermaterial f\u00fcr maximale Leistung und Geschwindigkeit auf jedem Terrain","og_url":"https:\/\/www.miomiorun.com\/de\/produkt\/kjerag-2-0\/","og_site_name":"MioMioRun","article_publisher":"https:\/\/www.facebook.com\/miomiorun\/","article_modified_time":"2025-11-05T09:36:01+00:00","og_image":[{"width":720,"height":720,"url":"https:\/\/www.miomiorun.com\/app\/uploads\/2025\/10\/nnormal-Kjerag-2.0-black-N1ZKGM2-001.webp","type":"image\/webp"}],"twitter_card":"summary_large_image","twitter_misc":{"Est. reading time":"1 minute"},"schema":{"@context":"https:\/\/schema.org","@graph":[{"@type":"WebPage","@id":"https:\/\/www.miomiorun.com\/de\/produkt\/kjerag-2-0\/","url":"https:\/\/www.miomiorun.com\/de\/produkt\/kjerag-2-0\/","name":"NNormal Kjerag 2.0 - Trailschuhe- MioMioRun.com","isPartOf":{"@id":"https:\/\/www.miomiorun.com\/de\/#website"},"primaryImageOfPage":{"@id":"https:\/\/www.miomiorun.com\/de\/produkt\/kjerag-2-0\/#primaryimage"},"image":{"@id":"https:\/\/www.miomiorun.com\/de\/produkt\/kjerag-2-0\/#primaryimage"},"thumbnailUrl":"https:\/\/www.miomiorun.com\/app\/uploads\/2025\/10\/nnormal-Kjerag-2.0-black-N1ZKGM2-001.webp","datePublished":"2025-10-11T10:29:12+00:00","dateModified":"2025-11-05T09:36:01+00:00","description":"Kjerag 02: leichter und reaktionsfreudiger Trailrunning-Schuh mit Vibram\u00ae-Sohle und nachhaltigem Matryx\u00ae-Obermaterial f\u00fcr maximale Leistung und Geschwindigkeit auf jedem Terrain","breadcrumb":{"@id":"https:\/\/www.miomiorun.com\/de\/produkt\/kjerag-2-0\/#breadcrumb"},"inLanguage":"de-DE","potentialAction":[{"@type":"ReadAction","target":["https:\/\/www.miomiorun.com\/de\/produkt\/kjerag-2-0\/"]}]},{"@type":"ImageObject","inLanguage":"de-DE","@id":"https:\/\/www.miomiorun.com\/de\/produkt\/kjerag-2-0\/#primaryimage","url":"https:\/\/www.miomiorun.com\/app\/uploads\/2025\/10\/nnormal-Kjerag-2.0-black-N1ZKGM2-001.webp","contentUrl":"https:\/\/www.miomiorun.com\/app\/uploads\/2025\/10\/nnormal-Kjerag-2.0-black-N1ZKGM2-001.webp","width":720,"height":720,"caption":"nnormal Kjerag 2.0 black N1ZKGM2-001"},{"@type":"BreadcrumbList","@id":"https:\/\/www.miomiorun.com\/de\/produkt\/kjerag-2-0\/#breadcrumb","itemListElement":[{"@type":"ListItem","position":1,"name":"Home","item":"https:\/\/www.miomiorun.com\/de\/"},{"@type":"ListItem","position":2,"name":"Shop","item":"https:\/\/www.miomiorun.com\/shop\/"},{"@type":"ListItem","position":3,"name":"Kjerag 2.0"}]},{"@type":"WebSite","@id":"https:\/\/www.miomiorun.com\/de\/#website","url":"https:\/\/www.miomiorun.com\/de\/","name":"MioMioRun","description":"100% Lauf- und Trailshop","publisher":{"@id":"https:\/\/www.miomiorun.com\/de\/#organization"},"potentialAction":[{"@type":"SearchAction","target":{"@type":"EntryPoint","urlTemplate":"https:\/\/www.miomiorun.com\/de\/?s={search_term_string}"},"query-input":{"@type":"PropertyValueSpecification","valueRequired":true,"valueName":"search_term_string"}}],"inLanguage":"de-DE"},{"@type":"Organization","@id":"https:\/\/www.miomiorun.com\/de\/#organization","name":"MioMio Run","url":"https:\/\/www.miomiorun.com\/de\/","logo":{"@type":"ImageObject","inLanguage":"de-DE","@id":"https:\/\/www.miomiorun.com\/de\/#\/schema\/logo\/image\/","url":"https:\/\/www.miomiorun.com\/app\/uploads\/2019\/12\/logomio.png","contentUrl":"https:\/\/www.miomiorun.com\/app\/uploads\/2019\/12\/logomio.png","width":115,"height":82,"caption":"MioMio Run"},"image":{"@id":"https:\/\/www.miomiorun.com\/de\/#\/schema\/logo\/image\/"},"sameAs":["https:\/\/www.facebook.com\/miomiorun\/","https:\/\/www.instagram.com\/miomiorun\/"]}]}},"_links":{"self":[{"href":"https:\/\/www.miomiorun.com\/de\/wp-json\/wp\/v2\/product\/358803","targetHints":{"allow":["GET"]}}],"collection":[{"href":"https:\/\/www.miomiorun.com\/de\/wp-json\/wp\/v2\/product"}],"about":[{"href":"https:\/\/www.miomiorun.com\/de\/wp-json\/wp\/v2\/types\/product"}],"wp:featuredmedia":[{"embeddable":true,"href":"https:\/\/www.miomiorun.com\/de\/wp-json\/wp\/v2\/media\/362123"}],"wp:attachment":[{"href":"https:\/\/www.miomiorun.com\/de\/wp-json\/wp\/v2\/media?parent=358803"}],"wp:term":[{"taxonomy":"product_brand","embeddable":true,"href":"https:\/\/www.miomiorun.com\/de\/wp-json\/wp\/v2\/product_brand?post=358803"},{"taxonomy":"product_cat","embeddable":true,"href":"https:\/\/www.miomiorun.com\/de\/wp-json\/wp\/v2\/product_cat?post=358803"},{"taxonomy":"product_tag","embeddable":true,"href":"https:\/\/www.miomiorun.com\/de\/wp-json\/wp\/v2\/product_tag?post=358803"}],"curies":[{"name":"wp","href":"https:\/\/api.w.org\/{rel}","templated":true}]}}