{"id":358554,"date":"2025-10-11T10:55:16","date_gmt":"2025-10-11T08:55:16","guid":{"rendered":"https:\/\/www.miomiorun.com\/?post_type=product&#038;p=358554"},"modified":"2026-04-17T10:37:07","modified_gmt":"2026-04-17T08:37:07","slug":"race-shorts-damen","status":"publish","type":"product","link":"https:\/\/www.miomiorun.com\/de\/produkt\/race-shorts-damen\/","title":{"rendered":"Race Shorts damen"},"content":{"rendered":"<p data-start=\"97\" data-end=\"451\">Lauf schnell, trainiere hart, tr\u00e4ume gro\u00df. Die <strong data-start=\"150\" data-end=\"179\">Race Shorts Black NNormal<\/strong> f\u00fcr Damen wurden entwickelt, um maximale Bewegungsfreiheit bei jedem Lauf zu gew\u00e4hrleisten. Dieses <strong data-start=\"285\" data-end=\"310\">zweilagige Slim-Fit-Modell<\/strong> vereint Leichtigkeit, Atmungsaktivit\u00e4t und Komfort und bietet sowohl bei l\u00e4ngeren Wettk\u00e4mpfen als auch beim t\u00e4glichen Training eine au\u00dfergew\u00f6hnliche Leistung.<\/p>\n<p data-start=\"453\" data-end=\"975\">Diese Shorts werden aus <strong data-start=\"468\" data-end=\"507\">hochwertigen recycelten Materialien<\/strong> hergestellt und bieten die perfekte Balance zwischen Leistung und Nachhaltigkeit. Sie wurden in Zusammenarbeit mit einigen der besten Trailrunner der Welt entwickelt und zeichnen sich durch ein funktionales und verantwortungsbewusstes Design aus, das die Umweltbelastung reduziert, ohne die Qualit\u00e4t zu beeintr\u00e4chtigen. <br data-start=\"797\" data-end=\"800\">Ob Sie nun einen 100-Meilen-Lauf oder eine einfache Cardio-Einheit absolvieren, die Race Shorts Black NNormal passen sich jedem Tempo an und bieten konstanten Komfort ohne Ablenkungen. <\/p>\n","protected":false},"excerpt":{"rendered":"<ul>\n<li data-start=\"1000\" data-end=\"1068\">\n<p data-start=\"1002\" data-end=\"1068\">Schlanke, doppellagige Passform f\u00fcr maximale Bewegungsfreiheit<\/p>\n<\/li>\n<li data-start=\"1069\" data-end=\"1136\">\n<p data-start=\"1071\" data-end=\"1136\">Aus recycelten Materialien hergestellt<\/p>\n<\/li>\n<li data-start=\"1137\" data-end=\"1201\">\n<p data-start=\"1139\" data-end=\"1201\">Leicht, atmungsaktiv und ideal f\u00fcr Wettk\u00e4mpfe und intensives Training<\/p>\n<\/li>\n<\/ul>\n","protected":false},"featured_media":362022,"template":"","meta":{"_acf_changed":false,"inline_featured_image":false},"product_brand":[],"product_cat":[6401,6488],"product_tag":[35956,35967],"class_list":{"0":"post-358554","1":"product","2":"type-product","3":"status-publish","4":"has-post-thumbnail","6":"product_cat-damenbekleidung","7":"product_cat-damenshorts-de","8":"product_tag-nnormal-de","9":"product_tag-nnormal-damen-de","10":"pa_attivita-fitness-de","11":"pa_attivita-gehen","12":"pa_attivita-running-de","13":"pa_attivita-trail-de","14":"pa_colore-race-shorts-w-black-de","15":"pa_marca-nnormal-de","16":"pa_sesso-damen","17":"pa_size-small-de","18":"pa_size-medium-de","20":"first","21":"instock","22":"sale","23":"taxable","24":"shipping-taxable","25":"purchasable","26":"product-type-variable","27":"wvs-archive-product-wrapper"},"acf":[],"yoast_head":"<!-- This site is optimized with the Yoast SEO plugin v26.8 - https:\/\/yoast.com\/product\/yoast-seo-wordpress\/ -->\n<title>NNormal Race Shorts damen - Laufshorts f\u00fcr Damen - MioMioRun<\/title>\n<meta name=\"description\" content=\"Entdecken Sie die Race Shorts Black NNormal f\u00fcr Damen: ultraleichte, nachhaltige und leistungsstarke Laufshorts, ideal f\u00fcr Training und Trailrunning.\" \/>\n<meta name=\"robots\" content=\"index, follow, max-snippet:-1, max-image-preview:large, max-video-preview:-1\" \/>\n<link rel=\"canonical\" href=\"https:\/\/www.miomiorun.com\/de\/produkt\/race-shorts-damen\/\" \/>\n<meta property=\"og:locale\" content=\"de_DE\" \/>\n<meta property=\"og:type\" content=\"article\" \/>\n<meta property=\"og:title\" content=\"NNormal Race Shorts damen - Laufshorts f\u00fcr Damen - MioMioRun\" \/>\n<meta property=\"og:description\" content=\"Entdecken Sie die Race Shorts Black NNormal f\u00fcr Damen: ultraleichte, nachhaltige und leistungsstarke Laufshorts, ideal f\u00fcr Training und Trailrunning.\" \/>\n<meta property=\"og:url\" content=\"https:\/\/www.miomiorun.com\/de\/produkt\/race-shorts-damen\/\" \/>\n<meta property=\"og:site_name\" content=\"MioMioRun\" \/>\n<meta property=\"article:publisher\" content=\"https:\/\/www.facebook.com\/miomiorun\/\" \/>\n<meta property=\"article:modified_time\" content=\"2026-04-17T08:37:07+00:00\" \/>\n<meta property=\"og:image\" content=\"https:\/\/www.miomiorun.com\/app\/uploads\/2025\/10\/nnormal-Race-shorts-W-black-N1CWRS2-001.webp\" \/>\n\t<meta property=\"og:image:width\" content=\"720\" \/>\n\t<meta property=\"og:image:height\" content=\"720\" \/>\n\t<meta property=\"og:image:type\" content=\"image\/webp\" \/>\n<meta name=\"twitter:card\" content=\"summary_large_image\" \/>\n<meta name=\"twitter:label1\" content=\"Est. reading time\" \/>\n\t<meta name=\"twitter:data1\" content=\"1 minute\" \/>\n<script type=\"application\/ld+json\" class=\"yoast-schema-graph\">{\"@context\":\"https:\/\/schema.org\",\"@graph\":[{\"@type\":\"WebPage\",\"@id\":\"https:\/\/www.miomiorun.com\/de\/produkt\/race-shorts-damen\/\",\"url\":\"https:\/\/www.miomiorun.com\/de\/produkt\/race-shorts-damen\/\",\"name\":\"NNormal Race Shorts damen - Laufshorts f\u00fcr Damen - MioMioRun\",\"isPartOf\":{\"@id\":\"https:\/\/www.miomiorun.com\/de\/#website\"},\"primaryImageOfPage\":{\"@id\":\"https:\/\/www.miomiorun.com\/de\/produkt\/race-shorts-damen\/#primaryimage\"},\"image\":{\"@id\":\"https:\/\/www.miomiorun.com\/de\/produkt\/race-shorts-damen\/#primaryimage\"},\"thumbnailUrl\":\"https:\/\/www.miomiorun.com\/app\/uploads\/2025\/10\/nnormal-Race-shorts-W-black-N1CWRS2-001.webp\",\"datePublished\":\"2025-10-11T08:55:16+00:00\",\"dateModified\":\"2026-04-17T08:37:07+00:00\",\"description\":\"Entdecken Sie die Race Shorts Black NNormal f\u00fcr Damen: ultraleichte, nachhaltige und leistungsstarke Laufshorts, ideal f\u00fcr Training und Trailrunning.\",\"breadcrumb\":{\"@id\":\"https:\/\/www.miomiorun.com\/de\/produkt\/race-shorts-damen\/#breadcrumb\"},\"inLanguage\":\"de-DE\",\"potentialAction\":[{\"@type\":\"ReadAction\",\"target\":[\"https:\/\/www.miomiorun.com\/de\/produkt\/race-shorts-damen\/\"]}]},{\"@type\":\"ImageObject\",\"inLanguage\":\"de-DE\",\"@id\":\"https:\/\/www.miomiorun.com\/de\/produkt\/race-shorts-damen\/#primaryimage\",\"url\":\"https:\/\/www.miomiorun.com\/app\/uploads\/2025\/10\/nnormal-Race-shorts-W-black-N1CWRS2-001.webp\",\"contentUrl\":\"https:\/\/www.miomiorun.com\/app\/uploads\/2025\/10\/nnormal-Race-shorts-W-black-N1CWRS2-001.webp\",\"width\":720,\"height\":720,\"caption\":\"nnormal Race shorts W black N1CWRS2-001\"},{\"@type\":\"BreadcrumbList\",\"@id\":\"https:\/\/www.miomiorun.com\/de\/produkt\/race-shorts-damen\/#breadcrumb\",\"itemListElement\":[{\"@type\":\"ListItem\",\"position\":1,\"name\":\"Home\",\"item\":\"https:\/\/www.miomiorun.com\/de\/\"},{\"@type\":\"ListItem\",\"position\":2,\"name\":\"Shop\",\"item\":\"https:\/\/www.miomiorun.com\/shop\/\"},{\"@type\":\"ListItem\",\"position\":3,\"name\":\"Race Shorts damen\"}]},{\"@type\":\"WebSite\",\"@id\":\"https:\/\/www.miomiorun.com\/de\/#website\",\"url\":\"https:\/\/www.miomiorun.com\/de\/\",\"name\":\"MioMioRun\",\"description\":\"100% Lauf- und Trailshop\",\"publisher\":{\"@id\":\"https:\/\/www.miomiorun.com\/de\/#organization\"},\"potentialAction\":[{\"@type\":\"SearchAction\",\"target\":{\"@type\":\"EntryPoint\",\"urlTemplate\":\"https:\/\/www.miomiorun.com\/de\/?s={search_term_string}\"},\"query-input\":{\"@type\":\"PropertyValueSpecification\",\"valueRequired\":true,\"valueName\":\"search_term_string\"}}],\"inLanguage\":\"de-DE\"},{\"@type\":\"Organization\",\"@id\":\"https:\/\/www.miomiorun.com\/de\/#organization\",\"name\":\"MioMio Run\",\"url\":\"https:\/\/www.miomiorun.com\/de\/\",\"logo\":{\"@type\":\"ImageObject\",\"inLanguage\":\"de-DE\",\"@id\":\"https:\/\/www.miomiorun.com\/de\/#\/schema\/logo\/image\/\",\"url\":\"https:\/\/www.miomiorun.com\/app\/uploads\/2019\/12\/logomio.png\",\"contentUrl\":\"https:\/\/www.miomiorun.com\/app\/uploads\/2019\/12\/logomio.png\",\"width\":115,\"height\":82,\"caption\":\"MioMio Run\"},\"image\":{\"@id\":\"https:\/\/www.miomiorun.com\/de\/#\/schema\/logo\/image\/\"},\"sameAs\":[\"https:\/\/www.facebook.com\/miomiorun\/\",\"https:\/\/www.instagram.com\/miomiorun\/\"]}]}<\/script>\n<!-- \/ Yoast SEO plugin. -->","yoast_head_json":{"title":"NNormal Race Shorts damen - Laufshorts f\u00fcr Damen - MioMioRun","description":"Entdecken Sie die Race Shorts Black NNormal f\u00fcr Damen: ultraleichte, nachhaltige und leistungsstarke Laufshorts, ideal f\u00fcr Training und Trailrunning.","robots":{"index":"index","follow":"follow","max-snippet":"max-snippet:-1","max-image-preview":"max-image-preview:large","max-video-preview":"max-video-preview:-1"},"canonical":"https:\/\/www.miomiorun.com\/de\/produkt\/race-shorts-damen\/","og_locale":"de_DE","og_type":"article","og_title":"NNormal Race Shorts damen - Laufshorts f\u00fcr Damen - MioMioRun","og_description":"Entdecken Sie die Race Shorts Black NNormal f\u00fcr Damen: ultraleichte, nachhaltige und leistungsstarke Laufshorts, ideal f\u00fcr Training und Trailrunning.","og_url":"https:\/\/www.miomiorun.com\/de\/produkt\/race-shorts-damen\/","og_site_name":"MioMioRun","article_publisher":"https:\/\/www.facebook.com\/miomiorun\/","article_modified_time":"2026-04-17T08:37:07+00:00","og_image":[{"width":720,"height":720,"url":"https:\/\/www.miomiorun.com\/app\/uploads\/2025\/10\/nnormal-Race-shorts-W-black-N1CWRS2-001.webp","type":"image\/webp"}],"twitter_card":"summary_large_image","twitter_misc":{"Est. reading time":"1 minute"},"schema":{"@context":"https:\/\/schema.org","@graph":[{"@type":"WebPage","@id":"https:\/\/www.miomiorun.com\/de\/produkt\/race-shorts-damen\/","url":"https:\/\/www.miomiorun.com\/de\/produkt\/race-shorts-damen\/","name":"NNormal Race Shorts damen - Laufshorts f\u00fcr Damen - MioMioRun","isPartOf":{"@id":"https:\/\/www.miomiorun.com\/de\/#website"},"primaryImageOfPage":{"@id":"https:\/\/www.miomiorun.com\/de\/produkt\/race-shorts-damen\/#primaryimage"},"image":{"@id":"https:\/\/www.miomiorun.com\/de\/produkt\/race-shorts-damen\/#primaryimage"},"thumbnailUrl":"https:\/\/www.miomiorun.com\/app\/uploads\/2025\/10\/nnormal-Race-shorts-W-black-N1CWRS2-001.webp","datePublished":"2025-10-11T08:55:16+00:00","dateModified":"2026-04-17T08:37:07+00:00","description":"Entdecken Sie die Race Shorts Black NNormal f\u00fcr Damen: ultraleichte, nachhaltige und leistungsstarke Laufshorts, ideal f\u00fcr Training und Trailrunning.","breadcrumb":{"@id":"https:\/\/www.miomiorun.com\/de\/produkt\/race-shorts-damen\/#breadcrumb"},"inLanguage":"de-DE","potentialAction":[{"@type":"ReadAction","target":["https:\/\/www.miomiorun.com\/de\/produkt\/race-shorts-damen\/"]}]},{"@type":"ImageObject","inLanguage":"de-DE","@id":"https:\/\/www.miomiorun.com\/de\/produkt\/race-shorts-damen\/#primaryimage","url":"https:\/\/www.miomiorun.com\/app\/uploads\/2025\/10\/nnormal-Race-shorts-W-black-N1CWRS2-001.webp","contentUrl":"https:\/\/www.miomiorun.com\/app\/uploads\/2025\/10\/nnormal-Race-shorts-W-black-N1CWRS2-001.webp","width":720,"height":720,"caption":"nnormal Race shorts W black N1CWRS2-001"},{"@type":"BreadcrumbList","@id":"https:\/\/www.miomiorun.com\/de\/produkt\/race-shorts-damen\/#breadcrumb","itemListElement":[{"@type":"ListItem","position":1,"name":"Home","item":"https:\/\/www.miomiorun.com\/de\/"},{"@type":"ListItem","position":2,"name":"Shop","item":"https:\/\/www.miomiorun.com\/shop\/"},{"@type":"ListItem","position":3,"name":"Race Shorts damen"}]},{"@type":"WebSite","@id":"https:\/\/www.miomiorun.com\/de\/#website","url":"https:\/\/www.miomiorun.com\/de\/","name":"MioMioRun","description":"100% Lauf- und Trailshop","publisher":{"@id":"https:\/\/www.miomiorun.com\/de\/#organization"},"potentialAction":[{"@type":"SearchAction","target":{"@type":"EntryPoint","urlTemplate":"https:\/\/www.miomiorun.com\/de\/?s={search_term_string}"},"query-input":{"@type":"PropertyValueSpecification","valueRequired":true,"valueName":"search_term_string"}}],"inLanguage":"de-DE"},{"@type":"Organization","@id":"https:\/\/www.miomiorun.com\/de\/#organization","name":"MioMio Run","url":"https:\/\/www.miomiorun.com\/de\/","logo":{"@type":"ImageObject","inLanguage":"de-DE","@id":"https:\/\/www.miomiorun.com\/de\/#\/schema\/logo\/image\/","url":"https:\/\/www.miomiorun.com\/app\/uploads\/2019\/12\/logomio.png","contentUrl":"https:\/\/www.miomiorun.com\/app\/uploads\/2019\/12\/logomio.png","width":115,"height":82,"caption":"MioMio Run"},"image":{"@id":"https:\/\/www.miomiorun.com\/de\/#\/schema\/logo\/image\/"},"sameAs":["https:\/\/www.facebook.com\/miomiorun\/","https:\/\/www.instagram.com\/miomiorun\/"]}]}},"_links":{"self":[{"href":"https:\/\/www.miomiorun.com\/de\/wp-json\/wp\/v2\/product\/358554","targetHints":{"allow":["GET"]}}],"collection":[{"href":"https:\/\/www.miomiorun.com\/de\/wp-json\/wp\/v2\/product"}],"about":[{"href":"https:\/\/www.miomiorun.com\/de\/wp-json\/wp\/v2\/types\/product"}],"wp:featuredmedia":[{"embeddable":true,"href":"https:\/\/www.miomiorun.com\/de\/wp-json\/wp\/v2\/media\/362022"}],"wp:attachment":[{"href":"https:\/\/www.miomiorun.com\/de\/wp-json\/wp\/v2\/media?parent=358554"}],"wp:term":[{"taxonomy":"product_brand","embeddable":true,"href":"https:\/\/www.miomiorun.com\/de\/wp-json\/wp\/v2\/product_brand?post=358554"},{"taxonomy":"product_cat","embeddable":true,"href":"https:\/\/www.miomiorun.com\/de\/wp-json\/wp\/v2\/product_cat?post=358554"},{"taxonomy":"product_tag","embeddable":true,"href":"https:\/\/www.miomiorun.com\/de\/wp-json\/wp\/v2\/product_tag?post=358554"}],"curies":[{"name":"wp","href":"https:\/\/api.w.org\/{rel}","templated":true}]}}