{"id":358529,"date":"2025-10-11T10:54:05","date_gmt":"2025-10-11T08:54:05","guid":{"rendered":"https:\/\/www.miomiorun.com\/?post_type=product&#038;p=358529"},"modified":"2026-05-09T10:11:49","modified_gmt":"2026-05-09T08:11:49","slug":"race-shorts-herren","status":"publish","type":"product","link":"https:\/\/www.miomiorun.com\/de\/produkt\/race-shorts-herren\/","title":{"rendered":"Race Shorts herren"},"content":{"rendered":"<p data-start=\"97\" data-end=\"451\">Lauf schnell, trainiere hart, tr\u00e4ume gro\u00df. Die <strong data-start=\"150\" data-end=\"179\">Race Shorts Black NNormal<\/strong> f\u00fcr Herren wurden entwickelt, um maximale Bewegungsfreiheit bei jedem Lauf zu gew\u00e4hrleisten. Dieses <strong data-start=\"285\" data-end=\"310\">zweilagige Slim-Fit-Modell<\/strong> vereint Leichtigkeit, Atmungsaktivit\u00e4t und Komfort und bietet sowohl bei l\u00e4ngeren Wettk\u00e4mpfen als auch beim t\u00e4glichen Training eine au\u00dfergew\u00f6hnliche Leistung.<\/p>\n<p data-start=\"453\" data-end=\"975\">Diese Shorts werden aus <strong data-start=\"468\" data-end=\"507\">hochwertigen recycelten Materialien<\/strong> hergestellt und bieten die perfekte Balance zwischen Leistung und Nachhaltigkeit. Sie wurden in Zusammenarbeit mit einigen der besten Trailrunner der Welt entwickelt und zeichnen sich durch ein funktionales und verantwortungsbewusstes Design aus, das die Umweltbelastung reduziert, ohne die Qualit\u00e4t zu beeintr\u00e4chtigen. <br data-start=\"797\" data-end=\"800\">Egal, ob Sie einen 100-Meilen-Lauf oder eine einfache Cardio-Einheit absolvieren, die Race Shorts Black NNormal passen sich jedem Tempo an und bieten konstanten Komfort ohne Ablenkungen. <\/p>\n","protected":false},"excerpt":{"rendered":"<ul>\n<li data-start=\"1000\" data-end=\"1068\">\n<p data-start=\"1002\" data-end=\"1068\">Schlank geschnittenes, doppellagiges Design f\u00fcr maximale Bewegungsfreiheit<\/p>\n<\/li>\n<li data-start=\"1069\" data-end=\"1136\">\n<p data-start=\"1071\" data-end=\"1136\">Aus recycelten Materialien hergestellt<\/p>\n<\/li>\n<li data-start=\"1137\" data-end=\"1201\">\n<p data-start=\"1139\" data-end=\"1201\">Leicht, atmungsaktiv und ideal f\u00fcr Wettk\u00e4mpfe und intensives Training<\/p>\n<\/li>\n<\/ul>\n","protected":false},"featured_media":358051,"template":"","meta":{"_acf_changed":false,"inline_featured_image":false},"product_brand":[],"product_cat":[6540,6510],"product_tag":[35956,35959],"class_list":{"0":"post-358529","1":"product","2":"type-product","3":"status-publish","4":"has-post-thumbnail","6":"product_cat-herrenbekleidung","7":"product_cat-shorts","8":"product_tag-nnormal-de","9":"product_tag-nnormal-herren-de","10":"pa_attivita-gehen","11":"pa_attivita-running-de","12":"pa_attivita-trail-de","13":"pa_colore-race-shorts-black-de","14":"pa_marca-nnormal-de","15":"pa_sesso-herren","16":"pa_size-small-de","17":"pa_size-large-de","19":"first","20":"instock","21":"sale","22":"taxable","23":"shipping-taxable","24":"purchasable","25":"product-type-variable","26":"wvs-archive-product-wrapper"},"acf":[],"yoast_head":"<!-- This site is optimized with the Yoast SEO plugin v26.8 - https:\/\/yoast.com\/product\/yoast-seo-wordpress\/ -->\n<title>NNormal Race Shorts herren - Laufshorts f\u00fcr Herren - MioMioRun.com<\/title>\n<meta name=\"description\" content=\"Entdecken Sie die Race Shorts Black NNormal f\u00fcr Herren: ultraleichte, nachhaltige und leistungsstarke Laufshorts, ideal f\u00fcr Training und Trailrunning.\" \/>\n<meta name=\"robots\" content=\"index, follow, max-snippet:-1, max-image-preview:large, max-video-preview:-1\" \/>\n<link rel=\"canonical\" href=\"https:\/\/www.miomiorun.com\/de\/produkt\/race-shorts-herren\/\" \/>\n<meta property=\"og:locale\" content=\"de_DE\" \/>\n<meta property=\"og:type\" content=\"article\" \/>\n<meta property=\"og:title\" content=\"NNormal Race Shorts herren - Laufshorts f\u00fcr Herren - MioMioRun.com\" \/>\n<meta property=\"og:description\" content=\"Entdecken Sie die Race Shorts Black NNormal f\u00fcr Herren: ultraleichte, nachhaltige und leistungsstarke Laufshorts, ideal f\u00fcr Training und Trailrunning.\" \/>\n<meta property=\"og:url\" content=\"https:\/\/www.miomiorun.com\/de\/produkt\/race-shorts-herren\/\" \/>\n<meta property=\"og:site_name\" content=\"MioMioRun\" \/>\n<meta property=\"article:publisher\" content=\"https:\/\/www.facebook.com\/miomiorun\/\" \/>\n<meta property=\"article:modified_time\" content=\"2026-05-09T08:11:49+00:00\" \/>\n<meta property=\"og:image\" content=\"https:\/\/www.miomiorun.com\/app\/uploads\/2025\/10\/nnormal-Race-shorts-black-N1CMRS2-001.webp\" \/>\n\t<meta property=\"og:image:width\" content=\"720\" \/>\n\t<meta property=\"og:image:height\" content=\"720\" \/>\n\t<meta property=\"og:image:type\" content=\"image\/webp\" \/>\n<meta name=\"twitter:card\" content=\"summary_large_image\" \/>\n<meta name=\"twitter:label1\" content=\"Est. reading time\" \/>\n\t<meta name=\"twitter:data1\" content=\"1 minute\" \/>\n<script type=\"application\/ld+json\" class=\"yoast-schema-graph\">{\"@context\":\"https:\/\/schema.org\",\"@graph\":[{\"@type\":\"WebPage\",\"@id\":\"https:\/\/www.miomiorun.com\/de\/produkt\/race-shorts-herren\/\",\"url\":\"https:\/\/www.miomiorun.com\/de\/produkt\/race-shorts-herren\/\",\"name\":\"NNormal Race Shorts herren - Laufshorts f\u00fcr Herren - MioMioRun.com\",\"isPartOf\":{\"@id\":\"https:\/\/www.miomiorun.com\/de\/#website\"},\"primaryImageOfPage\":{\"@id\":\"https:\/\/www.miomiorun.com\/de\/produkt\/race-shorts-herren\/#primaryimage\"},\"image\":{\"@id\":\"https:\/\/www.miomiorun.com\/de\/produkt\/race-shorts-herren\/#primaryimage\"},\"thumbnailUrl\":\"https:\/\/www.miomiorun.com\/app\/uploads\/2025\/10\/nnormal-Race-shorts-black-N1CMRS2-001.webp\",\"datePublished\":\"2025-10-11T08:54:05+00:00\",\"dateModified\":\"2026-05-09T08:11:49+00:00\",\"description\":\"Entdecken Sie die Race Shorts Black NNormal f\u00fcr Herren: ultraleichte, nachhaltige und leistungsstarke Laufshorts, ideal f\u00fcr Training und Trailrunning.\",\"breadcrumb\":{\"@id\":\"https:\/\/www.miomiorun.com\/de\/produkt\/race-shorts-herren\/#breadcrumb\"},\"inLanguage\":\"de-DE\",\"potentialAction\":[{\"@type\":\"ReadAction\",\"target\":[\"https:\/\/www.miomiorun.com\/de\/produkt\/race-shorts-herren\/\"]}]},{\"@type\":\"ImageObject\",\"inLanguage\":\"de-DE\",\"@id\":\"https:\/\/www.miomiorun.com\/de\/produkt\/race-shorts-herren\/#primaryimage\",\"url\":\"https:\/\/www.miomiorun.com\/app\/uploads\/2025\/10\/nnormal-Race-shorts-black-N1CMRS2-001.webp\",\"contentUrl\":\"https:\/\/www.miomiorun.com\/app\/uploads\/2025\/10\/nnormal-Race-shorts-black-N1CMRS2-001.webp\",\"width\":720,\"height\":720,\"caption\":\"nnormal Race shorts black N1CMRS2-001\"},{\"@type\":\"BreadcrumbList\",\"@id\":\"https:\/\/www.miomiorun.com\/de\/produkt\/race-shorts-herren\/#breadcrumb\",\"itemListElement\":[{\"@type\":\"ListItem\",\"position\":1,\"name\":\"Home\",\"item\":\"https:\/\/www.miomiorun.com\/de\/home-page\/\"},{\"@type\":\"ListItem\",\"position\":2,\"name\":\"Shop\",\"item\":\"https:\/\/www.miomiorun.com\/shop\/\"},{\"@type\":\"ListItem\",\"position\":3,\"name\":\"Race Shorts herren\"}]},{\"@type\":\"WebSite\",\"@id\":\"https:\/\/www.miomiorun.com\/de\/#website\",\"url\":\"https:\/\/www.miomiorun.com\/de\/\",\"name\":\"MioMioRun\",\"description\":\"100% Lauf- und Trailshop\",\"publisher\":{\"@id\":\"https:\/\/www.miomiorun.com\/de\/#organization\"},\"potentialAction\":[{\"@type\":\"SearchAction\",\"target\":{\"@type\":\"EntryPoint\",\"urlTemplate\":\"https:\/\/www.miomiorun.com\/de\/?s={search_term_string}\"},\"query-input\":{\"@type\":\"PropertyValueSpecification\",\"valueRequired\":true,\"valueName\":\"search_term_string\"}}],\"inLanguage\":\"de-DE\"},{\"@type\":\"Organization\",\"@id\":\"https:\/\/www.miomiorun.com\/de\/#organization\",\"name\":\"MioMio Run\",\"url\":\"https:\/\/www.miomiorun.com\/de\/\",\"logo\":{\"@type\":\"ImageObject\",\"inLanguage\":\"de-DE\",\"@id\":\"https:\/\/www.miomiorun.com\/de\/#\/schema\/logo\/image\/\",\"url\":\"https:\/\/www.miomiorun.com\/app\/uploads\/2019\/12\/logomio.png\",\"contentUrl\":\"https:\/\/www.miomiorun.com\/app\/uploads\/2019\/12\/logomio.png\",\"width\":115,\"height\":82,\"caption\":\"MioMio Run\"},\"image\":{\"@id\":\"https:\/\/www.miomiorun.com\/de\/#\/schema\/logo\/image\/\"},\"sameAs\":[\"https:\/\/www.facebook.com\/miomiorun\/\",\"https:\/\/www.instagram.com\/miomiorun\/\"]}]}<\/script>\n<!-- \/ Yoast SEO plugin. -->","yoast_head_json":{"title":"NNormal Race Shorts herren - Laufshorts f\u00fcr Herren - MioMioRun.com","description":"Entdecken Sie die Race Shorts Black NNormal f\u00fcr Herren: ultraleichte, nachhaltige und leistungsstarke Laufshorts, ideal f\u00fcr Training und Trailrunning.","robots":{"index":"index","follow":"follow","max-snippet":"max-snippet:-1","max-image-preview":"max-image-preview:large","max-video-preview":"max-video-preview:-1"},"canonical":"https:\/\/www.miomiorun.com\/de\/produkt\/race-shorts-herren\/","og_locale":"de_DE","og_type":"article","og_title":"NNormal Race Shorts herren - Laufshorts f\u00fcr Herren - MioMioRun.com","og_description":"Entdecken Sie die Race Shorts Black NNormal f\u00fcr Herren: ultraleichte, nachhaltige und leistungsstarke Laufshorts, ideal f\u00fcr Training und Trailrunning.","og_url":"https:\/\/www.miomiorun.com\/de\/produkt\/race-shorts-herren\/","og_site_name":"MioMioRun","article_publisher":"https:\/\/www.facebook.com\/miomiorun\/","article_modified_time":"2026-05-09T08:11:49+00:00","og_image":[{"width":720,"height":720,"url":"https:\/\/www.miomiorun.com\/app\/uploads\/2025\/10\/nnormal-Race-shorts-black-N1CMRS2-001.webp","type":"image\/webp"}],"twitter_card":"summary_large_image","twitter_misc":{"Est. reading time":"1 minute"},"schema":{"@context":"https:\/\/schema.org","@graph":[{"@type":"WebPage","@id":"https:\/\/www.miomiorun.com\/de\/produkt\/race-shorts-herren\/","url":"https:\/\/www.miomiorun.com\/de\/produkt\/race-shorts-herren\/","name":"NNormal Race Shorts herren - Laufshorts f\u00fcr Herren - MioMioRun.com","isPartOf":{"@id":"https:\/\/www.miomiorun.com\/de\/#website"},"primaryImageOfPage":{"@id":"https:\/\/www.miomiorun.com\/de\/produkt\/race-shorts-herren\/#primaryimage"},"image":{"@id":"https:\/\/www.miomiorun.com\/de\/produkt\/race-shorts-herren\/#primaryimage"},"thumbnailUrl":"https:\/\/www.miomiorun.com\/app\/uploads\/2025\/10\/nnormal-Race-shorts-black-N1CMRS2-001.webp","datePublished":"2025-10-11T08:54:05+00:00","dateModified":"2026-05-09T08:11:49+00:00","description":"Entdecken Sie die Race Shorts Black NNormal f\u00fcr Herren: ultraleichte, nachhaltige und leistungsstarke Laufshorts, ideal f\u00fcr Training und Trailrunning.","breadcrumb":{"@id":"https:\/\/www.miomiorun.com\/de\/produkt\/race-shorts-herren\/#breadcrumb"},"inLanguage":"de-DE","potentialAction":[{"@type":"ReadAction","target":["https:\/\/www.miomiorun.com\/de\/produkt\/race-shorts-herren\/"]}]},{"@type":"ImageObject","inLanguage":"de-DE","@id":"https:\/\/www.miomiorun.com\/de\/produkt\/race-shorts-herren\/#primaryimage","url":"https:\/\/www.miomiorun.com\/app\/uploads\/2025\/10\/nnormal-Race-shorts-black-N1CMRS2-001.webp","contentUrl":"https:\/\/www.miomiorun.com\/app\/uploads\/2025\/10\/nnormal-Race-shorts-black-N1CMRS2-001.webp","width":720,"height":720,"caption":"nnormal Race shorts black N1CMRS2-001"},{"@type":"BreadcrumbList","@id":"https:\/\/www.miomiorun.com\/de\/produkt\/race-shorts-herren\/#breadcrumb","itemListElement":[{"@type":"ListItem","position":1,"name":"Home","item":"https:\/\/www.miomiorun.com\/de\/home-page\/"},{"@type":"ListItem","position":2,"name":"Shop","item":"https:\/\/www.miomiorun.com\/shop\/"},{"@type":"ListItem","position":3,"name":"Race Shorts herren"}]},{"@type":"WebSite","@id":"https:\/\/www.miomiorun.com\/de\/#website","url":"https:\/\/www.miomiorun.com\/de\/","name":"MioMioRun","description":"100% Lauf- und Trailshop","publisher":{"@id":"https:\/\/www.miomiorun.com\/de\/#organization"},"potentialAction":[{"@type":"SearchAction","target":{"@type":"EntryPoint","urlTemplate":"https:\/\/www.miomiorun.com\/de\/?s={search_term_string}"},"query-input":{"@type":"PropertyValueSpecification","valueRequired":true,"valueName":"search_term_string"}}],"inLanguage":"de-DE"},{"@type":"Organization","@id":"https:\/\/www.miomiorun.com\/de\/#organization","name":"MioMio Run","url":"https:\/\/www.miomiorun.com\/de\/","logo":{"@type":"ImageObject","inLanguage":"de-DE","@id":"https:\/\/www.miomiorun.com\/de\/#\/schema\/logo\/image\/","url":"https:\/\/www.miomiorun.com\/app\/uploads\/2019\/12\/logomio.png","contentUrl":"https:\/\/www.miomiorun.com\/app\/uploads\/2019\/12\/logomio.png","width":115,"height":82,"caption":"MioMio Run"},"image":{"@id":"https:\/\/www.miomiorun.com\/de\/#\/schema\/logo\/image\/"},"sameAs":["https:\/\/www.facebook.com\/miomiorun\/","https:\/\/www.instagram.com\/miomiorun\/"]}]}},"_links":{"self":[{"href":"https:\/\/www.miomiorun.com\/de\/wp-json\/wp\/v2\/product\/358529","targetHints":{"allow":["GET"]}}],"collection":[{"href":"https:\/\/www.miomiorun.com\/de\/wp-json\/wp\/v2\/product"}],"about":[{"href":"https:\/\/www.miomiorun.com\/de\/wp-json\/wp\/v2\/types\/product"}],"wp:featuredmedia":[{"embeddable":true,"href":"https:\/\/www.miomiorun.com\/de\/wp-json\/wp\/v2\/media\/358051"}],"wp:attachment":[{"href":"https:\/\/www.miomiorun.com\/de\/wp-json\/wp\/v2\/media?parent=358529"}],"wp:term":[{"taxonomy":"product_brand","embeddable":true,"href":"https:\/\/www.miomiorun.com\/de\/wp-json\/wp\/v2\/product_brand?post=358529"},{"taxonomy":"product_cat","embeddable":true,"href":"https:\/\/www.miomiorun.com\/de\/wp-json\/wp\/v2\/product_cat?post=358529"},{"taxonomy":"product_tag","embeddable":true,"href":"https:\/\/www.miomiorun.com\/de\/wp-json\/wp\/v2\/product_tag?post=358529"}],"curies":[{"name":"wp","href":"https:\/\/api.w.org\/{rel}","templated":true}]}}