{"id":355031,"date":"2025-09-29T19:19:34","date_gmt":"2025-09-29T17:19:34","guid":{"rendered":"https:\/\/www.miomiorun.com\/?post_type=product&#038;p=355031"},"modified":"2026-04-17T10:47:18","modified_gmt":"2026-04-17T08:47:18","slug":"race-t-shirt-nature-ai-print-herren","status":"publish","type":"product","link":"https:\/\/www.miomiorun.com\/de\/produkt\/race-t-shirt-nature-ai-print-herren\/","title":{"rendered":"Race T-Shirt Nature AI Print herren"},"content":{"rendered":"<p data-start=\"200\" data-end=\"480\">Das <strong data-start=\"203\" data-end=\"230\">Race T-Shirt von NNormal<\/strong> wurde entwickelt, um Ihnen ein \u00fcberragendes Lauferlebnis zu bieten, das Leichtigkeit, Komfort und Nachhaltigkeit vereint. Es besteht zu <strong data-start=\"346\" data-end=\"377\">90 % aus recycelten Materialien<\/strong> und ist eine verantwortungsbewusste Wahl f\u00fcr alle, die hohe Leistung und Umweltfreundlichkeit w\u00fcnschen.<\/p>\n<p data-start=\"482\" data-end=\"855\">Das neue Design, inspiriert von den Farben der Natur und bereichert durch die Kreativit\u00e4t der k\u00fcnstlichen Intelligenz, macht dieses Shirt einzigartig und erz\u00e4hlt durch seine Nuancen eine Geschichte. Die ergonomische Passform und das extrem leichte Material begleiten Sie bei Ihren Trainingseinheiten und anspruchsvollsten Wettk\u00e4mpfen und geben Ihnen ein Gef\u00fchl von maximaler Freiheit.<\/p>\n<p data-start=\"857\" data-end=\"1047\">Das <strong data-start=\"860\" data-end=\"876\">Race T-Shirt<\/strong> wird dank seiner Kombination aus <strong data-start=\"975\" data-end=\"1044\">\u00e4sthetischer Innovation, technischem Komfort und Umweltbewusstsein<\/strong> bald zu einem unverzichtbaren Bestandteil Ihrer Laufausr\u00fcstung werden.<\/p>\n<p data-start=\"1049\" data-end=\"1082\"><strong data-start=\"1049\" data-end=\"1080\">Hauptmerkmale:<\/strong><\/p>\n<ul data-start=\"1083\" data-end=\"1379\">\n<li data-start=\"1083\" data-end=\"1142\">\n<p data-start=\"1085\" data-end=\"1142\">Material: <strong data-start=\"1099\" data-end=\"1140\">86 % recyceltes Polyester, 14 % Elasthan<\/strong><\/p>\n<\/li>\n<li data-start=\"1143\" data-end=\"1192\">\n<p data-start=\"1145\" data-end=\"1192\">Zu <strong data-start=\"1159\" data-end=\"1190\">90 % aus recycelten Materialien hergestellt<\/strong><\/p>\n<\/li>\n<li data-start=\"1193\" data-end=\"1269\">\n<p data-start=\"1195\" data-end=\"1269\"><strong data-start=\"1195\" data-end=\"1228\">Leichtes und atmungsaktives Material<\/strong>, ideal f\u00fcr Wettk\u00e4mpfe und intensives Training<\/p>\n<\/li>\n<li data-start=\"1270\" data-end=\"1332\">\n<p data-start=\"1272\" data-end=\"1332\"><strong data-start=\"1272\" data-end=\"1293\">Innovatives Design<\/strong>, inspiriert von der Natur und mit KI erstellt<\/p>\n<\/li>\n<li data-start=\"1333\" data-end=\"1379\">\n<p data-start=\"1335\" data-end=\"1379\">Hergestellt in Litauen von <strong data-start=\"1359\" data-end=\"1377\">Audimas Supply<\/strong><\/p>\n<\/li>\n<\/ul>\n","protected":false},"excerpt":{"rendered":"<ul data-start=\"1083\" data-end=\"1379\">\n<li data-start=\"1193\" data-end=\"1269\">\n<p data-start=\"1195\" data-end=\"1269\">Leichtes und atmungsaktives Gewebe<\/p>\n<\/li>\n<li data-start=\"1270\" data-end=\"1332\">\n<p data-start=\"1272\" data-end=\"1332\">Innovatives, von der Natur inspiriertes Design, erstellt mit KI<\/p>\n<\/li>\n<\/ul>\n","protected":false},"featured_media":358056,"template":"","meta":{"_acf_changed":false,"inline_featured_image":false},"product_brand":[],"product_cat":[6540,6508],"product_tag":[35956,35959],"class_list":{"0":"post-355031","1":"product","2":"type-product","3":"status-publish","4":"has-post-thumbnail","6":"product_cat-herrenbekleidung","7":"product_cat-herrent-shirt","8":"product_tag-nnormal-de","9":"product_tag-nnormal-herren-de","10":"pa_attivita-gehen","11":"pa_attivita-running-de","12":"pa_attivita-trail-de","13":"pa_colore-race-t-shirt-nature-ai-print-de","14":"pa_marca-nnormal-de","15":"pa_sesso-herren","16":"pa_size-small-de","17":"pa_size-medium-de","18":"pa_size-large-de","20":"first","21":"instock","22":"sale","23":"taxable","24":"shipping-taxable","25":"purchasable","26":"product-type-variable","27":"wvs-archive-product-wrapper"},"acf":[],"yoast_head":"<!-- This site is optimized with the Yoast SEO plugin v26.8 - https:\/\/yoast.com\/product\/yoast-seo-wordpress\/ -->\n<title>NNormal Race T-Shirt Nature AI Print herren - Lauf-T-Shirt - MioMioRun.com<\/title>\n<meta name=\"description\" content=\"NNormal Race T-Shirt: Leichtes und nachhaltiges Laufshirt, zu 90 % aus recycelten Materialien hergestellt und mit innovativem, von der Natur inspiriertem Design.\" \/>\n<meta name=\"robots\" content=\"index, follow, max-snippet:-1, max-image-preview:large, max-video-preview:-1\" \/>\n<link rel=\"canonical\" href=\"https:\/\/www.miomiorun.com\/de\/produkt\/race-t-shirt-nature-ai-print-herren\/\" \/>\n<meta property=\"og:locale\" content=\"de_DE\" \/>\n<meta property=\"og:type\" content=\"article\" \/>\n<meta property=\"og:title\" content=\"NNormal Race T-Shirt Nature AI Print herren - Lauf-T-Shirt - MioMioRun.com\" \/>\n<meta property=\"og:description\" content=\"NNormal Race T-Shirt: Leichtes und nachhaltiges Laufshirt, zu 90 % aus recycelten Materialien hergestellt und mit innovativem, von der Natur inspiriertem Design.\" \/>\n<meta property=\"og:url\" content=\"https:\/\/www.miomiorun.com\/de\/produkt\/race-t-shirt-nature-ai-print-herren\/\" \/>\n<meta property=\"og:site_name\" content=\"MioMioRun\" \/>\n<meta property=\"article:publisher\" content=\"https:\/\/www.facebook.com\/miomiorun\/\" \/>\n<meta property=\"article:modified_time\" content=\"2026-04-17T08:47:18+00:00\" \/>\n<meta property=\"og:image\" content=\"https:\/\/www.miomiorun.com\/app\/uploads\/2025\/10\/nnormal-Race-t-shirt-Nature-AI-print-N1CMTS-007.webp\" \/>\n\t<meta property=\"og:image:width\" content=\"720\" \/>\n\t<meta property=\"og:image:height\" content=\"720\" \/>\n\t<meta property=\"og:image:type\" content=\"image\/webp\" \/>\n<meta name=\"twitter:card\" content=\"summary_large_image\" \/>\n<meta name=\"twitter:label1\" content=\"Est. reading time\" \/>\n\t<meta name=\"twitter:data1\" content=\"1 minute\" \/>\n<script type=\"application\/ld+json\" class=\"yoast-schema-graph\">{\"@context\":\"https:\/\/schema.org\",\"@graph\":[{\"@type\":\"WebPage\",\"@id\":\"https:\/\/www.miomiorun.com\/de\/produkt\/race-t-shirt-nature-ai-print-herren\/\",\"url\":\"https:\/\/www.miomiorun.com\/de\/produkt\/race-t-shirt-nature-ai-print-herren\/\",\"name\":\"NNormal Race T-Shirt Nature AI Print herren - Lauf-T-Shirt - MioMioRun.com\",\"isPartOf\":{\"@id\":\"https:\/\/www.miomiorun.com\/de\/#website\"},\"primaryImageOfPage\":{\"@id\":\"https:\/\/www.miomiorun.com\/de\/produkt\/race-t-shirt-nature-ai-print-herren\/#primaryimage\"},\"image\":{\"@id\":\"https:\/\/www.miomiorun.com\/de\/produkt\/race-t-shirt-nature-ai-print-herren\/#primaryimage\"},\"thumbnailUrl\":\"https:\/\/www.miomiorun.com\/app\/uploads\/2025\/10\/nnormal-Race-t-shirt-Nature-AI-print-N1CMTS-007.webp\",\"datePublished\":\"2025-09-29T17:19:34+00:00\",\"dateModified\":\"2026-04-17T08:47:18+00:00\",\"description\":\"NNormal Race T-Shirt: Leichtes und nachhaltiges Laufshirt, zu 90 % aus recycelten Materialien hergestellt und mit innovativem, von der Natur inspiriertem Design.\",\"breadcrumb\":{\"@id\":\"https:\/\/www.miomiorun.com\/de\/produkt\/race-t-shirt-nature-ai-print-herren\/#breadcrumb\"},\"inLanguage\":\"de-DE\",\"potentialAction\":[{\"@type\":\"ReadAction\",\"target\":[\"https:\/\/www.miomiorun.com\/de\/produkt\/race-t-shirt-nature-ai-print-herren\/\"]}]},{\"@type\":\"ImageObject\",\"inLanguage\":\"de-DE\",\"@id\":\"https:\/\/www.miomiorun.com\/de\/produkt\/race-t-shirt-nature-ai-print-herren\/#primaryimage\",\"url\":\"https:\/\/www.miomiorun.com\/app\/uploads\/2025\/10\/nnormal-Race-t-shirt-Nature-AI-print-N1CMTS-007.webp\",\"contentUrl\":\"https:\/\/www.miomiorun.com\/app\/uploads\/2025\/10\/nnormal-Race-t-shirt-Nature-AI-print-N1CMTS-007.webp\",\"width\":720,\"height\":720,\"caption\":\"nnormal Race t-shirt Nature AI print N1CMTS-007\"},{\"@type\":\"BreadcrumbList\",\"@id\":\"https:\/\/www.miomiorun.com\/de\/produkt\/race-t-shirt-nature-ai-print-herren\/#breadcrumb\",\"itemListElement\":[{\"@type\":\"ListItem\",\"position\":1,\"name\":\"Home\",\"item\":\"https:\/\/www.miomiorun.com\/de\/\"},{\"@type\":\"ListItem\",\"position\":2,\"name\":\"Shop\",\"item\":\"https:\/\/www.miomiorun.com\/shop\/\"},{\"@type\":\"ListItem\",\"position\":3,\"name\":\"Race T-Shirt Nature AI Print herren\"}]},{\"@type\":\"WebSite\",\"@id\":\"https:\/\/www.miomiorun.com\/de\/#website\",\"url\":\"https:\/\/www.miomiorun.com\/de\/\",\"name\":\"MioMioRun\",\"description\":\"100% Lauf- und Trailshop\",\"publisher\":{\"@id\":\"https:\/\/www.miomiorun.com\/de\/#organization\"},\"potentialAction\":[{\"@type\":\"SearchAction\",\"target\":{\"@type\":\"EntryPoint\",\"urlTemplate\":\"https:\/\/www.miomiorun.com\/de\/?s={search_term_string}\"},\"query-input\":{\"@type\":\"PropertyValueSpecification\",\"valueRequired\":true,\"valueName\":\"search_term_string\"}}],\"inLanguage\":\"de-DE\"},{\"@type\":\"Organization\",\"@id\":\"https:\/\/www.miomiorun.com\/de\/#organization\",\"name\":\"MioMio Run\",\"url\":\"https:\/\/www.miomiorun.com\/de\/\",\"logo\":{\"@type\":\"ImageObject\",\"inLanguage\":\"de-DE\",\"@id\":\"https:\/\/www.miomiorun.com\/de\/#\/schema\/logo\/image\/\",\"url\":\"https:\/\/www.miomiorun.com\/app\/uploads\/2019\/12\/logomio.png\",\"contentUrl\":\"https:\/\/www.miomiorun.com\/app\/uploads\/2019\/12\/logomio.png\",\"width\":115,\"height\":82,\"caption\":\"MioMio Run\"},\"image\":{\"@id\":\"https:\/\/www.miomiorun.com\/de\/#\/schema\/logo\/image\/\"},\"sameAs\":[\"https:\/\/www.facebook.com\/miomiorun\/\",\"https:\/\/www.instagram.com\/miomiorun\/\"]}]}<\/script>\n<!-- \/ Yoast SEO plugin. -->","yoast_head_json":{"title":"NNormal Race T-Shirt Nature AI Print herren - Lauf-T-Shirt - MioMioRun.com","description":"NNormal Race T-Shirt: Leichtes und nachhaltiges Laufshirt, zu 90 % aus recycelten Materialien hergestellt und mit innovativem, von der Natur inspiriertem Design.","robots":{"index":"index","follow":"follow","max-snippet":"max-snippet:-1","max-image-preview":"max-image-preview:large","max-video-preview":"max-video-preview:-1"},"canonical":"https:\/\/www.miomiorun.com\/de\/produkt\/race-t-shirt-nature-ai-print-herren\/","og_locale":"de_DE","og_type":"article","og_title":"NNormal Race T-Shirt Nature AI Print herren - Lauf-T-Shirt - MioMioRun.com","og_description":"NNormal Race T-Shirt: Leichtes und nachhaltiges Laufshirt, zu 90 % aus recycelten Materialien hergestellt und mit innovativem, von der Natur inspiriertem Design.","og_url":"https:\/\/www.miomiorun.com\/de\/produkt\/race-t-shirt-nature-ai-print-herren\/","og_site_name":"MioMioRun","article_publisher":"https:\/\/www.facebook.com\/miomiorun\/","article_modified_time":"2026-04-17T08:47:18+00:00","og_image":[{"width":720,"height":720,"url":"https:\/\/www.miomiorun.com\/app\/uploads\/2025\/10\/nnormal-Race-t-shirt-Nature-AI-print-N1CMTS-007.webp","type":"image\/webp"}],"twitter_card":"summary_large_image","twitter_misc":{"Est. reading time":"1 minute"},"schema":{"@context":"https:\/\/schema.org","@graph":[{"@type":"WebPage","@id":"https:\/\/www.miomiorun.com\/de\/produkt\/race-t-shirt-nature-ai-print-herren\/","url":"https:\/\/www.miomiorun.com\/de\/produkt\/race-t-shirt-nature-ai-print-herren\/","name":"NNormal Race T-Shirt Nature AI Print herren - Lauf-T-Shirt - MioMioRun.com","isPartOf":{"@id":"https:\/\/www.miomiorun.com\/de\/#website"},"primaryImageOfPage":{"@id":"https:\/\/www.miomiorun.com\/de\/produkt\/race-t-shirt-nature-ai-print-herren\/#primaryimage"},"image":{"@id":"https:\/\/www.miomiorun.com\/de\/produkt\/race-t-shirt-nature-ai-print-herren\/#primaryimage"},"thumbnailUrl":"https:\/\/www.miomiorun.com\/app\/uploads\/2025\/10\/nnormal-Race-t-shirt-Nature-AI-print-N1CMTS-007.webp","datePublished":"2025-09-29T17:19:34+00:00","dateModified":"2026-04-17T08:47:18+00:00","description":"NNormal Race T-Shirt: Leichtes und nachhaltiges Laufshirt, zu 90 % aus recycelten Materialien hergestellt und mit innovativem, von der Natur inspiriertem Design.","breadcrumb":{"@id":"https:\/\/www.miomiorun.com\/de\/produkt\/race-t-shirt-nature-ai-print-herren\/#breadcrumb"},"inLanguage":"de-DE","potentialAction":[{"@type":"ReadAction","target":["https:\/\/www.miomiorun.com\/de\/produkt\/race-t-shirt-nature-ai-print-herren\/"]}]},{"@type":"ImageObject","inLanguage":"de-DE","@id":"https:\/\/www.miomiorun.com\/de\/produkt\/race-t-shirt-nature-ai-print-herren\/#primaryimage","url":"https:\/\/www.miomiorun.com\/app\/uploads\/2025\/10\/nnormal-Race-t-shirt-Nature-AI-print-N1CMTS-007.webp","contentUrl":"https:\/\/www.miomiorun.com\/app\/uploads\/2025\/10\/nnormal-Race-t-shirt-Nature-AI-print-N1CMTS-007.webp","width":720,"height":720,"caption":"nnormal Race t-shirt Nature AI print N1CMTS-007"},{"@type":"BreadcrumbList","@id":"https:\/\/www.miomiorun.com\/de\/produkt\/race-t-shirt-nature-ai-print-herren\/#breadcrumb","itemListElement":[{"@type":"ListItem","position":1,"name":"Home","item":"https:\/\/www.miomiorun.com\/de\/"},{"@type":"ListItem","position":2,"name":"Shop","item":"https:\/\/www.miomiorun.com\/shop\/"},{"@type":"ListItem","position":3,"name":"Race T-Shirt Nature AI Print herren"}]},{"@type":"WebSite","@id":"https:\/\/www.miomiorun.com\/de\/#website","url":"https:\/\/www.miomiorun.com\/de\/","name":"MioMioRun","description":"100% Lauf- und Trailshop","publisher":{"@id":"https:\/\/www.miomiorun.com\/de\/#organization"},"potentialAction":[{"@type":"SearchAction","target":{"@type":"EntryPoint","urlTemplate":"https:\/\/www.miomiorun.com\/de\/?s={search_term_string}"},"query-input":{"@type":"PropertyValueSpecification","valueRequired":true,"valueName":"search_term_string"}}],"inLanguage":"de-DE"},{"@type":"Organization","@id":"https:\/\/www.miomiorun.com\/de\/#organization","name":"MioMio Run","url":"https:\/\/www.miomiorun.com\/de\/","logo":{"@type":"ImageObject","inLanguage":"de-DE","@id":"https:\/\/www.miomiorun.com\/de\/#\/schema\/logo\/image\/","url":"https:\/\/www.miomiorun.com\/app\/uploads\/2019\/12\/logomio.png","contentUrl":"https:\/\/www.miomiorun.com\/app\/uploads\/2019\/12\/logomio.png","width":115,"height":82,"caption":"MioMio Run"},"image":{"@id":"https:\/\/www.miomiorun.com\/de\/#\/schema\/logo\/image\/"},"sameAs":["https:\/\/www.facebook.com\/miomiorun\/","https:\/\/www.instagram.com\/miomiorun\/"]}]}},"_links":{"self":[{"href":"https:\/\/www.miomiorun.com\/de\/wp-json\/wp\/v2\/product\/355031","targetHints":{"allow":["GET"]}}],"collection":[{"href":"https:\/\/www.miomiorun.com\/de\/wp-json\/wp\/v2\/product"}],"about":[{"href":"https:\/\/www.miomiorun.com\/de\/wp-json\/wp\/v2\/types\/product"}],"wp:featuredmedia":[{"embeddable":true,"href":"https:\/\/www.miomiorun.com\/de\/wp-json\/wp\/v2\/media\/358056"}],"wp:attachment":[{"href":"https:\/\/www.miomiorun.com\/de\/wp-json\/wp\/v2\/media?parent=355031"}],"wp:term":[{"taxonomy":"product_brand","embeddable":true,"href":"https:\/\/www.miomiorun.com\/de\/wp-json\/wp\/v2\/product_brand?post=355031"},{"taxonomy":"product_cat","embeddable":true,"href":"https:\/\/www.miomiorun.com\/de\/wp-json\/wp\/v2\/product_cat?post=355031"},{"taxonomy":"product_tag","embeddable":true,"href":"https:\/\/www.miomiorun.com\/de\/wp-json\/wp\/v2\/product_tag?post=355031"}],"curies":[{"name":"wp","href":"https:\/\/api.w.org\/{rel}","templated":true}]}}