{"id":354815,"date":"2025-09-27T15:44:07","date_gmt":"2025-09-27T13:44:07","guid":{"rendered":"https:\/\/www.miomiorun.com\/?post_type=product&#038;p=354815"},"modified":"2026-05-09T10:11:14","modified_gmt":"2026-05-09T08:11:14","slug":"race-cap","status":"publish","type":"product","link":"https:\/\/www.miomiorun.com\/de\/produkt\/race-cap\/","title":{"rendered":"Race Cap"},"content":{"rendered":"<p data-start=\"190\" data-end=\"535\">Bewegen Sie sich sicher und stilvoll auf den Trails dank der <strong data-start=\"242\" data-end=\"265\">Race Cap von NNormal<\/strong>, der Kappe f\u00fcr Trailrunner, die keine Kompromisse zwischen Komfort und Leistung eingehen wollen. Sie besteht aus recyceltem Polyester mit einem Hauch von Elasthan und vereint <strong data-start=\"431\" data-end=\"478\">Langlebigkeit, Leichtigkeit und ergonomische Passform<\/strong>, sodass sie sich perfekt f\u00fcr jedes Training oder jeden Wettkampf eignet.<\/p>\n<p data-start=\"537\" data-end=\"825\">Die lasergeschnittenen L\u00f6cher an den Seiten verbessern die Atmungsaktivit\u00e4t und den K\u00fchleffekt und halten dich auch bei intensiven L\u00e4ufen k\u00fchl und trocken. Die leichte Struktur und das verstellbare Design garantieren Stabilit\u00e4t und lang anhaltenden Komfort, ohne jemals auf Praktikabilit\u00e4t zu verzichten.<\/p>\n<p data-start=\"827\" data-end=\"1021\">Die <strong data-start=\"861\" data-end=\"884\">Race Cap von NNormal<\/strong> ist mehr als nur eine einfache M\u00fctze, sie ist ein unverzichtbares Accessoire f\u00fcr alle, die in den Bergen oder auf technisch anspruchsvollen Trails laufen, und bietet Schutz, Leistung und einen unverwechselbaren Stil. <\/p>\n<p data-start=\"1023\" data-end=\"1056\"><strong data-start=\"1023\" data-end=\"1054\">Hauptmerkmale:<\/strong><\/p>\n<ul data-start=\"1057\" data-end=\"1368\">\n<li data-start=\"1057\" data-end=\"1117\">\n<p data-start=\"1059\" data-end=\"1117\">Hergestellt aus <strong data-start=\"1074\" data-end=\"1115\">97 % recyceltem Polyester und 3 % Elasthan<\/strong><\/p>\n<\/li>\n<li data-start=\"1118\" data-end=\"1192\">\n<p data-start=\"1120\" data-end=\"1192\"><strong data-start=\"1120\" data-end=\"1138\">Lasergeschnittene L\u00f6cher<\/strong> an den Seiten f\u00fcr optimale Bel\u00fcftung und K\u00fchlung<\/p>\n<\/li>\n<li data-start=\"1193\" data-end=\"1257\">\n<p data-start=\"1195\" data-end=\"1257\"><strong data-start=\"1195\" data-end=\"1216\">Verstellbares Design<\/strong> f\u00fcr einen sicheren und vielseitigen Sitz<\/p>\n<\/li>\n<li data-start=\"1258\" data-end=\"1340\">\n<p data-start=\"1260\" data-end=\"1340\"><strong data-start=\"1268\" data-end=\"1293\">Leichtes und atmungsaktives<\/strong> Material, ideal f\u00fcr intensive L\u00e4ufe und sonnige Tage<\/p>\n<\/li>\n<\/ul>\n","protected":false},"excerpt":{"rendered":"<ul data-start=\"1057\" data-end=\"1368\">\n<li data-start=\"1193\" data-end=\"1257\">\n<p data-start=\"1195\" data-end=\"1257\"><strong data-start=\"1195\" data-end=\"1216\">Verstellbares Design<\/strong> f\u00fcr einen sicheren und vielseitigen Sitz<\/p>\n<\/li>\n<li data-start=\"1258\" data-end=\"1340\">\n<p data-start=\"1260\" data-end=\"1340\"><strong data-start=\"1268\" data-end=\"1293\">Leichtes und atmungsaktives<\/strong> Material<\/p>\n<\/li>\n<\/ul>\n","protected":false},"featured_media":358013,"template":"","meta":{"_acf_changed":false,"inline_featured_image":false},"product_brand":[],"product_cat":[6342,6372,6374],"product_tag":[35956],"class_list":{"0":"post-354815","1":"product","2":"type-product","3":"status-publish","4":"has-post-thumbnail","6":"product_cat-zubehoer","7":"product_cat-aufwaermausruestung-de","8":"product_cat-haar-de","9":"product_tag-nnormal-de","10":"pa_attivita-gehen","11":"pa_attivita-outdoor-de","12":"pa_attivita-running-de","13":"pa_attivita-trail-de","14":"pa_colore-race-cap-black-de","15":"pa_colore-race-cap-green-de","16":"pa_colore-race-cap-orange","17":"pa_colore-race-cap-purple","18":"pa_colore-race-cap-white-de","19":"pa_marca-nnormal-de","20":"pa_sesso-damen","21":"pa_sesso-herren","23":"first","24":"instock","25":"taxable","26":"shipping-taxable","27":"purchasable","28":"product-type-variable","29":"wvs-archive-product-wrapper"},"acf":[],"yoast_head":"<!-- This site is optimized with the Yoast SEO plugin v26.8 - https:\/\/yoast.com\/product\/yoast-seo-wordpress\/ -->\n<title>NNormal Race Cap - Laufm\u00fctze - MioMioRun<\/title>\n<meta name=\"description\" content=\"Race Cap: Leichte und atmungsaktive Trailrunning-Kappe aus recyceltem Polyester mit lasergeschnittenen L\u00f6chern und verstellbarem Design f\u00fcr Komfort und Leistung.\" \/>\n<meta name=\"robots\" content=\"index, follow, max-snippet:-1, max-image-preview:large, max-video-preview:-1\" \/>\n<link rel=\"canonical\" href=\"https:\/\/www.miomiorun.com\/de\/produkt\/race-cap\/\" \/>\n<meta property=\"og:locale\" content=\"de_DE\" \/>\n<meta property=\"og:type\" content=\"article\" \/>\n<meta property=\"og:title\" content=\"NNormal Race Cap - Laufm\u00fctze - MioMioRun\" \/>\n<meta property=\"og:description\" content=\"Race Cap: Leichte und atmungsaktive Trailrunning-Kappe aus recyceltem Polyester mit lasergeschnittenen L\u00f6chern und verstellbarem Design f\u00fcr Komfort und Leistung.\" \/>\n<meta property=\"og:url\" content=\"https:\/\/www.miomiorun.com\/de\/produkt\/race-cap\/\" \/>\n<meta property=\"og:site_name\" content=\"MioMioRun\" \/>\n<meta property=\"article:publisher\" content=\"https:\/\/www.facebook.com\/miomiorun\/\" \/>\n<meta property=\"article:modified_time\" content=\"2026-05-09T08:11:14+00:00\" \/>\n<meta property=\"og:image\" content=\"https:\/\/www.miomiorun.com\/app\/uploads\/2025\/10\/nnormal-Race-cap-green-N1ARC03-003.webp\" \/>\n\t<meta property=\"og:image:width\" content=\"720\" \/>\n\t<meta property=\"og:image:height\" content=\"720\" \/>\n\t<meta property=\"og:image:type\" content=\"image\/webp\" \/>\n<meta name=\"twitter:card\" content=\"summary_large_image\" \/>\n<meta name=\"twitter:label1\" content=\"Est. reading time\" \/>\n\t<meta name=\"twitter:data1\" content=\"1 minute\" \/>\n<script type=\"application\/ld+json\" class=\"yoast-schema-graph\">{\"@context\":\"https:\/\/schema.org\",\"@graph\":[{\"@type\":\"WebPage\",\"@id\":\"https:\/\/www.miomiorun.com\/de\/produkt\/race-cap\/\",\"url\":\"https:\/\/www.miomiorun.com\/de\/produkt\/race-cap\/\",\"name\":\"NNormal Race Cap - Laufm\u00fctze - MioMioRun\",\"isPartOf\":{\"@id\":\"https:\/\/www.miomiorun.com\/de\/#website\"},\"primaryImageOfPage\":{\"@id\":\"https:\/\/www.miomiorun.com\/de\/produkt\/race-cap\/#primaryimage\"},\"image\":{\"@id\":\"https:\/\/www.miomiorun.com\/de\/produkt\/race-cap\/#primaryimage\"},\"thumbnailUrl\":\"https:\/\/www.miomiorun.com\/app\/uploads\/2025\/10\/nnormal-Race-cap-green-N1ARC03-003.webp\",\"datePublished\":\"2025-09-27T13:44:07+00:00\",\"dateModified\":\"2026-05-09T08:11:14+00:00\",\"description\":\"Race Cap: Leichte und atmungsaktive Trailrunning-Kappe aus recyceltem Polyester mit lasergeschnittenen L\u00f6chern und verstellbarem Design f\u00fcr Komfort und Leistung.\",\"breadcrumb\":{\"@id\":\"https:\/\/www.miomiorun.com\/de\/produkt\/race-cap\/#breadcrumb\"},\"inLanguage\":\"de-DE\",\"potentialAction\":[{\"@type\":\"ReadAction\",\"target\":[\"https:\/\/www.miomiorun.com\/de\/produkt\/race-cap\/\"]}]},{\"@type\":\"ImageObject\",\"inLanguage\":\"de-DE\",\"@id\":\"https:\/\/www.miomiorun.com\/de\/produkt\/race-cap\/#primaryimage\",\"url\":\"https:\/\/www.miomiorun.com\/app\/uploads\/2025\/10\/nnormal-Race-cap-green-N1ARC03-003.webp\",\"contentUrl\":\"https:\/\/www.miomiorun.com\/app\/uploads\/2025\/10\/nnormal-Race-cap-green-N1ARC03-003.webp\",\"width\":720,\"height\":720,\"caption\":\"nnormal Race cap green N1ARC03-003\"},{\"@type\":\"BreadcrumbList\",\"@id\":\"https:\/\/www.miomiorun.com\/de\/produkt\/race-cap\/#breadcrumb\",\"itemListElement\":[{\"@type\":\"ListItem\",\"position\":1,\"name\":\"Home\",\"item\":\"https:\/\/www.miomiorun.com\/de\/\"},{\"@type\":\"ListItem\",\"position\":2,\"name\":\"Shop\",\"item\":\"https:\/\/www.miomiorun.com\/shop\/\"},{\"@type\":\"ListItem\",\"position\":3,\"name\":\"Race Cap\"}]},{\"@type\":\"WebSite\",\"@id\":\"https:\/\/www.miomiorun.com\/de\/#website\",\"url\":\"https:\/\/www.miomiorun.com\/de\/\",\"name\":\"MioMioRun\",\"description\":\"100% Lauf- und Trailshop\",\"publisher\":{\"@id\":\"https:\/\/www.miomiorun.com\/de\/#organization\"},\"potentialAction\":[{\"@type\":\"SearchAction\",\"target\":{\"@type\":\"EntryPoint\",\"urlTemplate\":\"https:\/\/www.miomiorun.com\/de\/?s={search_term_string}\"},\"query-input\":{\"@type\":\"PropertyValueSpecification\",\"valueRequired\":true,\"valueName\":\"search_term_string\"}}],\"inLanguage\":\"de-DE\"},{\"@type\":\"Organization\",\"@id\":\"https:\/\/www.miomiorun.com\/de\/#organization\",\"name\":\"MioMio Run\",\"url\":\"https:\/\/www.miomiorun.com\/de\/\",\"logo\":{\"@type\":\"ImageObject\",\"inLanguage\":\"de-DE\",\"@id\":\"https:\/\/www.miomiorun.com\/de\/#\/schema\/logo\/image\/\",\"url\":\"https:\/\/www.miomiorun.com\/app\/uploads\/2019\/12\/logomio.png\",\"contentUrl\":\"https:\/\/www.miomiorun.com\/app\/uploads\/2019\/12\/logomio.png\",\"width\":115,\"height\":82,\"caption\":\"MioMio Run\"},\"image\":{\"@id\":\"https:\/\/www.miomiorun.com\/de\/#\/schema\/logo\/image\/\"},\"sameAs\":[\"https:\/\/www.facebook.com\/miomiorun\/\",\"https:\/\/www.instagram.com\/miomiorun\/\"]}]}<\/script>\n<!-- \/ Yoast SEO plugin. -->","yoast_head_json":{"title":"NNormal Race Cap - Laufm\u00fctze - MioMioRun","description":"Race Cap: Leichte und atmungsaktive Trailrunning-Kappe aus recyceltem Polyester mit lasergeschnittenen L\u00f6chern und verstellbarem Design f\u00fcr Komfort und Leistung.","robots":{"index":"index","follow":"follow","max-snippet":"max-snippet:-1","max-image-preview":"max-image-preview:large","max-video-preview":"max-video-preview:-1"},"canonical":"https:\/\/www.miomiorun.com\/de\/produkt\/race-cap\/","og_locale":"de_DE","og_type":"article","og_title":"NNormal Race Cap - Laufm\u00fctze - MioMioRun","og_description":"Race Cap: Leichte und atmungsaktive Trailrunning-Kappe aus recyceltem Polyester mit lasergeschnittenen L\u00f6chern und verstellbarem Design f\u00fcr Komfort und Leistung.","og_url":"https:\/\/www.miomiorun.com\/de\/produkt\/race-cap\/","og_site_name":"MioMioRun","article_publisher":"https:\/\/www.facebook.com\/miomiorun\/","article_modified_time":"2026-05-09T08:11:14+00:00","og_image":[{"width":720,"height":720,"url":"https:\/\/www.miomiorun.com\/app\/uploads\/2025\/10\/nnormal-Race-cap-green-N1ARC03-003.webp","type":"image\/webp"}],"twitter_card":"summary_large_image","twitter_misc":{"Est. reading time":"1 minute"},"schema":{"@context":"https:\/\/schema.org","@graph":[{"@type":"WebPage","@id":"https:\/\/www.miomiorun.com\/de\/produkt\/race-cap\/","url":"https:\/\/www.miomiorun.com\/de\/produkt\/race-cap\/","name":"NNormal Race Cap - Laufm\u00fctze - MioMioRun","isPartOf":{"@id":"https:\/\/www.miomiorun.com\/de\/#website"},"primaryImageOfPage":{"@id":"https:\/\/www.miomiorun.com\/de\/produkt\/race-cap\/#primaryimage"},"image":{"@id":"https:\/\/www.miomiorun.com\/de\/produkt\/race-cap\/#primaryimage"},"thumbnailUrl":"https:\/\/www.miomiorun.com\/app\/uploads\/2025\/10\/nnormal-Race-cap-green-N1ARC03-003.webp","datePublished":"2025-09-27T13:44:07+00:00","dateModified":"2026-05-09T08:11:14+00:00","description":"Race Cap: Leichte und atmungsaktive Trailrunning-Kappe aus recyceltem Polyester mit lasergeschnittenen L\u00f6chern und verstellbarem Design f\u00fcr Komfort und Leistung.","breadcrumb":{"@id":"https:\/\/www.miomiorun.com\/de\/produkt\/race-cap\/#breadcrumb"},"inLanguage":"de-DE","potentialAction":[{"@type":"ReadAction","target":["https:\/\/www.miomiorun.com\/de\/produkt\/race-cap\/"]}]},{"@type":"ImageObject","inLanguage":"de-DE","@id":"https:\/\/www.miomiorun.com\/de\/produkt\/race-cap\/#primaryimage","url":"https:\/\/www.miomiorun.com\/app\/uploads\/2025\/10\/nnormal-Race-cap-green-N1ARC03-003.webp","contentUrl":"https:\/\/www.miomiorun.com\/app\/uploads\/2025\/10\/nnormal-Race-cap-green-N1ARC03-003.webp","width":720,"height":720,"caption":"nnormal Race cap green N1ARC03-003"},{"@type":"BreadcrumbList","@id":"https:\/\/www.miomiorun.com\/de\/produkt\/race-cap\/#breadcrumb","itemListElement":[{"@type":"ListItem","position":1,"name":"Home","item":"https:\/\/www.miomiorun.com\/de\/"},{"@type":"ListItem","position":2,"name":"Shop","item":"https:\/\/www.miomiorun.com\/shop\/"},{"@type":"ListItem","position":3,"name":"Race Cap"}]},{"@type":"WebSite","@id":"https:\/\/www.miomiorun.com\/de\/#website","url":"https:\/\/www.miomiorun.com\/de\/","name":"MioMioRun","description":"100% Lauf- und Trailshop","publisher":{"@id":"https:\/\/www.miomiorun.com\/de\/#organization"},"potentialAction":[{"@type":"SearchAction","target":{"@type":"EntryPoint","urlTemplate":"https:\/\/www.miomiorun.com\/de\/?s={search_term_string}"},"query-input":{"@type":"PropertyValueSpecification","valueRequired":true,"valueName":"search_term_string"}}],"inLanguage":"de-DE"},{"@type":"Organization","@id":"https:\/\/www.miomiorun.com\/de\/#organization","name":"MioMio Run","url":"https:\/\/www.miomiorun.com\/de\/","logo":{"@type":"ImageObject","inLanguage":"de-DE","@id":"https:\/\/www.miomiorun.com\/de\/#\/schema\/logo\/image\/","url":"https:\/\/www.miomiorun.com\/app\/uploads\/2019\/12\/logomio.png","contentUrl":"https:\/\/www.miomiorun.com\/app\/uploads\/2019\/12\/logomio.png","width":115,"height":82,"caption":"MioMio Run"},"image":{"@id":"https:\/\/www.miomiorun.com\/de\/#\/schema\/logo\/image\/"},"sameAs":["https:\/\/www.facebook.com\/miomiorun\/","https:\/\/www.instagram.com\/miomiorun\/"]}]}},"_links":{"self":[{"href":"https:\/\/www.miomiorun.com\/de\/wp-json\/wp\/v2\/product\/354815","targetHints":{"allow":["GET"]}}],"collection":[{"href":"https:\/\/www.miomiorun.com\/de\/wp-json\/wp\/v2\/product"}],"about":[{"href":"https:\/\/www.miomiorun.com\/de\/wp-json\/wp\/v2\/types\/product"}],"wp:featuredmedia":[{"embeddable":true,"href":"https:\/\/www.miomiorun.com\/de\/wp-json\/wp\/v2\/media\/358013"}],"wp:attachment":[{"href":"https:\/\/www.miomiorun.com\/de\/wp-json\/wp\/v2\/media?parent=354815"}],"wp:term":[{"taxonomy":"product_brand","embeddable":true,"href":"https:\/\/www.miomiorun.com\/de\/wp-json\/wp\/v2\/product_brand?post=354815"},{"taxonomy":"product_cat","embeddable":true,"href":"https:\/\/www.miomiorun.com\/de\/wp-json\/wp\/v2\/product_cat?post=354815"},{"taxonomy":"product_tag","embeddable":true,"href":"https:\/\/www.miomiorun.com\/de\/wp-json\/wp\/v2\/product_tag?post=354815"}],"curies":[{"name":"wp","href":"https:\/\/api.w.org\/{rel}","templated":true}]}}