{"id":354052,"date":"2025-09-26T19:25:06","date_gmt":"2025-09-26T17:25:06","guid":{"rendered":"https:\/\/www.miomiorun.com\/?post_type=product&#038;p=354052"},"modified":"2026-04-17T10:47:51","modified_gmt":"2026-04-17T08:47:51","slug":"tomir-2-0","status":"publish","type":"product","link":"https:\/\/www.miomiorun.com\/de\/produkt\/tomir-2-0\/","title":{"rendered":"Tomir 2.0"},"content":{"rendered":"<div class=\"vc-row container\"><div class=\"vc-column\"><div class=\"vc-column-text\"><\/p>\n<p><strong>Technische Daten<\/strong><\/p>\n<p>Kategorie: Strukturierte D\u00e4mpfung<br \/>\nOffset: 8 mm<br \/>\nGewicht: 264 Gramm (Gr\u00f6\u00dfe UK 8,5)<br \/>\nIdeal f\u00fcr: Trailrunner, die einen leistungsstarken und bequemen Schuh f\u00fcr lange und anspruchsvolle Strecken suchen.<br \/>\nGewicht des Athleten: 60-80 kg<br \/>\nLaufgeschwindigkeit: mittel (5-6 min\/km)<br \/>\n<a href=\"https:\/\/miomiorun.com\/guida-alle-specifiche-tecniche\/\">Leitfaden zu den technischen Daten<\/a><\/p>\n<p><\/div><\/div><div class=\"vc-column\"><div class=\"vc-column-text\"><\/p>\n<p data-start=\"232\" data-end=\"549\">Der <strong data-start=\"235\" data-end=\"247\">Tomir 02<\/strong> wurde f\u00fcr alle entwickelt, die sich sowohl in Sachen Stil als auch Leistung von anderen abheben m\u00f6chten. Dieser Trailrunning-Schuh wurde entwickelt, um auch technisch anspruchsvolle Strecken und l\u00e4ngere Distanzen sicher zu bew\u00e4ltigen und garantiert Stabilit\u00e4t, Schutz und eine sichere D\u00e4mpfung bei jedem Schritt.<\/p>\n<p data-start=\"551\" data-end=\"941\">Mit einer <strong data-start=\"559\" data-end=\"612\">Sohlenh\u00f6he von 25 mm im Vorfu\u00dfbereich und 33 mm an der Ferse<\/strong>, einem <strong data-start=\"617\" data-end=\"633\">Sprengung von 8 mm<\/strong> und <strong data-start=\"648\" data-end=\"656\">5 mm<\/strong> gro\u00dfen Stollen bietet der Tomir 02 die perfekte Balance zwischen Komfort und Grip und sorgt auch auf anspruchsvollem Gel\u00e4nde f\u00fcr Traktion. Trotz seiner Robustheit ist er leicht und reaktionsfreudig, sodass er auch auf l\u00e4ngeren Touren nicht ins Gewicht f\u00e4llt.<\/p>\n<p data-start=\"943\" data-end=\"1339\">Das Herzst\u00fcck der Leistung ist die Sohle aus <strong data-start=\"997\" data-end=\"1017\">VIBRAM\u00ae Megagrip<\/strong>, die sowohl auf trockenen als auch auf nassen Oberfl\u00e4chen un\u00fcbertroffenen Grip garantiert. Die <strong data-start=\"1111\" data-end=\"1131\">VIBRAM\u00ae Litebase<\/strong>-Technologie reduziert das Gesamtgewicht, ohne die Widerstandsf\u00e4higkeit und Haltbarkeit zu beeintr\u00e4chtigen, w\u00e4hrend das Design der Stollen mit <strong data-start=\"1235\" data-end=\"1259\">VIBRAM\u00ae Traction Lug<\/strong> f\u00fcr mehr Stabilit\u00e4t und Schubkraft sowohl beim Aufstieg als auch beim Abstieg sorgt.<\/p>\n<p data-start=\"1341\" data-end=\"1514\">Abgerundet wird der Schuh durch die <strong data-start=\"1367\" data-end=\"1389\">Eexpure-Zwischensohle<\/strong>, die f\u00fcr reaktive und sch\u00fctzende D\u00e4mpfung sorgt und auch nach vielen Stunden Laufen f\u00fcr Energie und Komfort sorgt.<\/p>\n<p data-start=\"1516\" data-end=\"1742\">Der Tomir 02 ist viel mehr als nur ein Schuh: Er ist ein zuverl\u00e4ssiger Begleiter f\u00fcr alle, die ihre Grenzen \u00fcberschreiten wollen, und vereint Leistung und Stil auf jedem Trail. <\/p>\n<p><\/div><\/div><\/div><\/p>\n","protected":false},"excerpt":{"rendered":"<ul>\n<li>Laufschuh f\u00fcr Trail- und Ultra-Trail-L\u00e4ufe<\/li>\n<li>Hervorragende D\u00e4mpfung<\/li>\n<li>Hohe Strapazierf\u00e4higkeit<\/li>\n<\/ul>\n","protected":false},"featured_media":358121,"template":"","meta":{"_acf_changed":false,"inline_featured_image":false},"product_brand":[],"product_cat":[6507,6504,6474,6491],"product_tag":[35956,35967,35959],"class_list":{"0":"post-354052","1":"product","2":"type-product","3":"status-publish","4":"has-post-thumbnail","6":"product_cat-herren-schuhe-de","7":"product_cat-trail","8":"product_cat-damenschuhe","9":"product_cat-damentrailschuhe","10":"product_tag-nnormal-de","11":"product_tag-nnormal-damen-de","12":"product_tag-nnormal-herren-de","13":"pa_attivita-outdoor-de","14":"pa_attivita-trail-de","15":"pa_colore-tomir-2-0-green-white","16":"pa_colore-tomir-2-0-shoe-beige-de","17":"pa_colore-tomir-2-0-shoe-burgundy-de","18":"pa_marca-nnormal-de","19":"pa_sesso-damen","20":"pa_sesso-herren","21":"pa_size-38-de","23":"pa_size-39-de","24":"pa_size-40-de","26":"pa_size-41-de","27":"pa_size-42-de","29":"pa_size-43-de","30":"pa_size-44-de","32":"pa_size-45-de","33":"pa_size-46-de","36":"first","37":"instock","38":"taxable","39":"shipping-taxable","40":"purchasable","41":"product-type-variable","42":"wvs-archive-product-wrapper"},"acf":[],"yoast_head":"<!-- This site is optimized with the Yoast SEO plugin v26.8 - https:\/\/yoast.com\/product\/yoast-seo-wordpress\/ -->\n<title>NNormal Tomir 2.0 - Herren-Trailschuhe - MioMioRun.com<\/title>\n<meta name=\"description\" content=\"Entdecken Sie den Tomir 02: einen leichten und widerstandsf\u00e4higen Trailrunning-Schuh mit Vibram\u00ae-Sohle und Eexpure-Zwischensohle f\u00fcr Grip, Stabilit\u00e4t und Komfort auf langen Strecken.\" \/>\n<meta name=\"robots\" content=\"index, follow, max-snippet:-1, max-image-preview:large, max-video-preview:-1\" \/>\n<link rel=\"canonical\" href=\"https:\/\/www.miomiorun.com\/de\/produkt\/tomir-2-0\/\" \/>\n<meta property=\"og:locale\" content=\"de_DE\" \/>\n<meta property=\"og:type\" content=\"article\" \/>\n<meta property=\"og:title\" content=\"NNormal Tomir 2.0 - Herren-Trailschuhe - MioMioRun.com\" \/>\n<meta property=\"og:description\" content=\"Entdecken Sie den Tomir 02: einen leichten und widerstandsf\u00e4higen Trailrunning-Schuh mit Vibram\u00ae-Sohle und Eexpure-Zwischensohle f\u00fcr Grip, Stabilit\u00e4t und Komfort auf langen Strecken.\" \/>\n<meta property=\"og:url\" content=\"https:\/\/www.miomiorun.com\/de\/produkt\/tomir-2-0\/\" \/>\n<meta property=\"og:site_name\" content=\"MioMioRun\" \/>\n<meta property=\"article:publisher\" content=\"https:\/\/www.facebook.com\/miomiorun\/\" \/>\n<meta property=\"article:modified_time\" content=\"2026-04-17T08:47:51+00:00\" \/>\n<meta property=\"og:image\" content=\"https:\/\/www.miomiorun.com\/app\/uploads\/2025\/10\/nnormal-Tomir-2.0-shoe-burgundy-N2ZTR25-004.webp\" \/>\n\t<meta property=\"og:image:width\" content=\"720\" \/>\n\t<meta property=\"og:image:height\" content=\"720\" \/>\n\t<meta property=\"og:image:type\" content=\"image\/webp\" \/>\n<meta name=\"twitter:card\" content=\"summary_large_image\" \/>\n<meta name=\"twitter:label1\" content=\"Est. reading time\" \/>\n\t<meta name=\"twitter:data1\" content=\"2 minutes\" \/>\n<script type=\"application\/ld+json\" class=\"yoast-schema-graph\">{\"@context\":\"https:\/\/schema.org\",\"@graph\":[{\"@type\":\"WebPage\",\"@id\":\"https:\/\/www.miomiorun.com\/de\/produkt\/tomir-2-0\/\",\"url\":\"https:\/\/www.miomiorun.com\/de\/produkt\/tomir-2-0\/\",\"name\":\"NNormal Tomir 2.0 - Herren-Trailschuhe - MioMioRun.com\",\"isPartOf\":{\"@id\":\"https:\/\/www.miomiorun.com\/de\/#website\"},\"primaryImageOfPage\":{\"@id\":\"https:\/\/www.miomiorun.com\/de\/produkt\/tomir-2-0\/#primaryimage\"},\"image\":{\"@id\":\"https:\/\/www.miomiorun.com\/de\/produkt\/tomir-2-0\/#primaryimage\"},\"thumbnailUrl\":\"https:\/\/www.miomiorun.com\/app\/uploads\/2025\/10\/nnormal-Tomir-2.0-shoe-burgundy-N2ZTR25-004.webp\",\"datePublished\":\"2025-09-26T17:25:06+00:00\",\"dateModified\":\"2026-04-17T08:47:51+00:00\",\"description\":\"Entdecken Sie den Tomir 02: einen leichten und widerstandsf\u00e4higen Trailrunning-Schuh mit Vibram\u00ae-Sohle und Eexpure-Zwischensohle f\u00fcr Grip, Stabilit\u00e4t und Komfort auf langen Strecken.\",\"breadcrumb\":{\"@id\":\"https:\/\/www.miomiorun.com\/de\/produkt\/tomir-2-0\/#breadcrumb\"},\"inLanguage\":\"de-DE\",\"potentialAction\":[{\"@type\":\"ReadAction\",\"target\":[\"https:\/\/www.miomiorun.com\/de\/produkt\/tomir-2-0\/\"]}]},{\"@type\":\"ImageObject\",\"inLanguage\":\"de-DE\",\"@id\":\"https:\/\/www.miomiorun.com\/de\/produkt\/tomir-2-0\/#primaryimage\",\"url\":\"https:\/\/www.miomiorun.com\/app\/uploads\/2025\/10\/nnormal-Tomir-2.0-shoe-burgundy-N2ZTR25-004.webp\",\"contentUrl\":\"https:\/\/www.miomiorun.com\/app\/uploads\/2025\/10\/nnormal-Tomir-2.0-shoe-burgundy-N2ZTR25-004.webp\",\"width\":720,\"height\":720,\"caption\":\"nnormal Tomir 2.0 shoe burgundy N2ZTR25-004\"},{\"@type\":\"BreadcrumbList\",\"@id\":\"https:\/\/www.miomiorun.com\/de\/produkt\/tomir-2-0\/#breadcrumb\",\"itemListElement\":[{\"@type\":\"ListItem\",\"position\":1,\"name\":\"Home\",\"item\":\"https:\/\/www.miomiorun.com\/de\/\"},{\"@type\":\"ListItem\",\"position\":2,\"name\":\"Shop\",\"item\":\"https:\/\/www.miomiorun.com\/shop\/\"},{\"@type\":\"ListItem\",\"position\":3,\"name\":\"Tomir 2.0\"}]},{\"@type\":\"WebSite\",\"@id\":\"https:\/\/www.miomiorun.com\/de\/#website\",\"url\":\"https:\/\/www.miomiorun.com\/de\/\",\"name\":\"MioMioRun\",\"description\":\"100% Lauf- und Trailshop\",\"publisher\":{\"@id\":\"https:\/\/www.miomiorun.com\/de\/#organization\"},\"potentialAction\":[{\"@type\":\"SearchAction\",\"target\":{\"@type\":\"EntryPoint\",\"urlTemplate\":\"https:\/\/www.miomiorun.com\/de\/?s={search_term_string}\"},\"query-input\":{\"@type\":\"PropertyValueSpecification\",\"valueRequired\":true,\"valueName\":\"search_term_string\"}}],\"inLanguage\":\"de-DE\"},{\"@type\":\"Organization\",\"@id\":\"https:\/\/www.miomiorun.com\/de\/#organization\",\"name\":\"MioMio Run\",\"url\":\"https:\/\/www.miomiorun.com\/de\/\",\"logo\":{\"@type\":\"ImageObject\",\"inLanguage\":\"de-DE\",\"@id\":\"https:\/\/www.miomiorun.com\/de\/#\/schema\/logo\/image\/\",\"url\":\"https:\/\/www.miomiorun.com\/app\/uploads\/2019\/12\/logomio.png\",\"contentUrl\":\"https:\/\/www.miomiorun.com\/app\/uploads\/2019\/12\/logomio.png\",\"width\":115,\"height\":82,\"caption\":\"MioMio Run\"},\"image\":{\"@id\":\"https:\/\/www.miomiorun.com\/de\/#\/schema\/logo\/image\/\"},\"sameAs\":[\"https:\/\/www.facebook.com\/miomiorun\/\",\"https:\/\/www.instagram.com\/miomiorun\/\"]}]}<\/script>\n<!-- \/ Yoast SEO plugin. -->","yoast_head_json":{"title":"NNormal Tomir 2.0 - Herren-Trailschuhe - MioMioRun.com","description":"Entdecken Sie den Tomir 02: einen leichten und widerstandsf\u00e4higen Trailrunning-Schuh mit Vibram\u00ae-Sohle und Eexpure-Zwischensohle f\u00fcr Grip, Stabilit\u00e4t und Komfort auf langen Strecken.","robots":{"index":"index","follow":"follow","max-snippet":"max-snippet:-1","max-image-preview":"max-image-preview:large","max-video-preview":"max-video-preview:-1"},"canonical":"https:\/\/www.miomiorun.com\/de\/produkt\/tomir-2-0\/","og_locale":"de_DE","og_type":"article","og_title":"NNormal Tomir 2.0 - Herren-Trailschuhe - MioMioRun.com","og_description":"Entdecken Sie den Tomir 02: einen leichten und widerstandsf\u00e4higen Trailrunning-Schuh mit Vibram\u00ae-Sohle und Eexpure-Zwischensohle f\u00fcr Grip, Stabilit\u00e4t und Komfort auf langen Strecken.","og_url":"https:\/\/www.miomiorun.com\/de\/produkt\/tomir-2-0\/","og_site_name":"MioMioRun","article_publisher":"https:\/\/www.facebook.com\/miomiorun\/","article_modified_time":"2026-04-17T08:47:51+00:00","og_image":[{"width":720,"height":720,"url":"https:\/\/www.miomiorun.com\/app\/uploads\/2025\/10\/nnormal-Tomir-2.0-shoe-burgundy-N2ZTR25-004.webp","type":"image\/webp"}],"twitter_card":"summary_large_image","twitter_misc":{"Est. reading time":"2 minutes"},"schema":{"@context":"https:\/\/schema.org","@graph":[{"@type":"WebPage","@id":"https:\/\/www.miomiorun.com\/de\/produkt\/tomir-2-0\/","url":"https:\/\/www.miomiorun.com\/de\/produkt\/tomir-2-0\/","name":"NNormal Tomir 2.0 - Herren-Trailschuhe - MioMioRun.com","isPartOf":{"@id":"https:\/\/www.miomiorun.com\/de\/#website"},"primaryImageOfPage":{"@id":"https:\/\/www.miomiorun.com\/de\/produkt\/tomir-2-0\/#primaryimage"},"image":{"@id":"https:\/\/www.miomiorun.com\/de\/produkt\/tomir-2-0\/#primaryimage"},"thumbnailUrl":"https:\/\/www.miomiorun.com\/app\/uploads\/2025\/10\/nnormal-Tomir-2.0-shoe-burgundy-N2ZTR25-004.webp","datePublished":"2025-09-26T17:25:06+00:00","dateModified":"2026-04-17T08:47:51+00:00","description":"Entdecken Sie den Tomir 02: einen leichten und widerstandsf\u00e4higen Trailrunning-Schuh mit Vibram\u00ae-Sohle und Eexpure-Zwischensohle f\u00fcr Grip, Stabilit\u00e4t und Komfort auf langen Strecken.","breadcrumb":{"@id":"https:\/\/www.miomiorun.com\/de\/produkt\/tomir-2-0\/#breadcrumb"},"inLanguage":"de-DE","potentialAction":[{"@type":"ReadAction","target":["https:\/\/www.miomiorun.com\/de\/produkt\/tomir-2-0\/"]}]},{"@type":"ImageObject","inLanguage":"de-DE","@id":"https:\/\/www.miomiorun.com\/de\/produkt\/tomir-2-0\/#primaryimage","url":"https:\/\/www.miomiorun.com\/app\/uploads\/2025\/10\/nnormal-Tomir-2.0-shoe-burgundy-N2ZTR25-004.webp","contentUrl":"https:\/\/www.miomiorun.com\/app\/uploads\/2025\/10\/nnormal-Tomir-2.0-shoe-burgundy-N2ZTR25-004.webp","width":720,"height":720,"caption":"nnormal Tomir 2.0 shoe burgundy N2ZTR25-004"},{"@type":"BreadcrumbList","@id":"https:\/\/www.miomiorun.com\/de\/produkt\/tomir-2-0\/#breadcrumb","itemListElement":[{"@type":"ListItem","position":1,"name":"Home","item":"https:\/\/www.miomiorun.com\/de\/"},{"@type":"ListItem","position":2,"name":"Shop","item":"https:\/\/www.miomiorun.com\/shop\/"},{"@type":"ListItem","position":3,"name":"Tomir 2.0"}]},{"@type":"WebSite","@id":"https:\/\/www.miomiorun.com\/de\/#website","url":"https:\/\/www.miomiorun.com\/de\/","name":"MioMioRun","description":"100% Lauf- und Trailshop","publisher":{"@id":"https:\/\/www.miomiorun.com\/de\/#organization"},"potentialAction":[{"@type":"SearchAction","target":{"@type":"EntryPoint","urlTemplate":"https:\/\/www.miomiorun.com\/de\/?s={search_term_string}"},"query-input":{"@type":"PropertyValueSpecification","valueRequired":true,"valueName":"search_term_string"}}],"inLanguage":"de-DE"},{"@type":"Organization","@id":"https:\/\/www.miomiorun.com\/de\/#organization","name":"MioMio Run","url":"https:\/\/www.miomiorun.com\/de\/","logo":{"@type":"ImageObject","inLanguage":"de-DE","@id":"https:\/\/www.miomiorun.com\/de\/#\/schema\/logo\/image\/","url":"https:\/\/www.miomiorun.com\/app\/uploads\/2019\/12\/logomio.png","contentUrl":"https:\/\/www.miomiorun.com\/app\/uploads\/2019\/12\/logomio.png","width":115,"height":82,"caption":"MioMio Run"},"image":{"@id":"https:\/\/www.miomiorun.com\/de\/#\/schema\/logo\/image\/"},"sameAs":["https:\/\/www.facebook.com\/miomiorun\/","https:\/\/www.instagram.com\/miomiorun\/"]}]}},"_links":{"self":[{"href":"https:\/\/www.miomiorun.com\/de\/wp-json\/wp\/v2\/product\/354052","targetHints":{"allow":["GET"]}}],"collection":[{"href":"https:\/\/www.miomiorun.com\/de\/wp-json\/wp\/v2\/product"}],"about":[{"href":"https:\/\/www.miomiorun.com\/de\/wp-json\/wp\/v2\/types\/product"}],"wp:featuredmedia":[{"embeddable":true,"href":"https:\/\/www.miomiorun.com\/de\/wp-json\/wp\/v2\/media\/358121"}],"wp:attachment":[{"href":"https:\/\/www.miomiorun.com\/de\/wp-json\/wp\/v2\/media?parent=354052"}],"wp:term":[{"taxonomy":"product_brand","embeddable":true,"href":"https:\/\/www.miomiorun.com\/de\/wp-json\/wp\/v2\/product_brand?post=354052"},{"taxonomy":"product_cat","embeddable":true,"href":"https:\/\/www.miomiorun.com\/de\/wp-json\/wp\/v2\/product_cat?post=354052"},{"taxonomy":"product_tag","embeddable":true,"href":"https:\/\/www.miomiorun.com\/de\/wp-json\/wp\/v2\/product_tag?post=354052"}],"curies":[{"name":"wp","href":"https:\/\/api.w.org\/{rel}","templated":true}]}}