{"id":353190,"date":"2025-09-26T11:40:58","date_gmt":"2025-09-26T09:40:58","guid":{"rendered":"https:\/\/www.miomiorun.com\/?post_type=product&#038;p=353190"},"modified":"2026-04-17T10:48:41","modified_gmt":"2026-04-17T08:48:41","slug":"prodigio-max-damen","status":"publish","type":"product","link":"https:\/\/www.miomiorun.com\/de\/produkt\/prodigio-max-damen\/","title":{"rendered":"Prodigio Max damen"},"content":{"rendered":"<table style=\"border-collapse: collapse;width: 100%\">\n<tbody>\n<tr>\n<td style=\"width: 33.3333%\"><strong>Technische Daten<\/strong><\/p>\n<p>Kategorie: Strukturierte D\u00e4mpfung<br \/>\nOffset: 6 mm (37 mm-31 mm)<br \/>\nGewicht: 280 g<br \/>\nIdeal f\u00fcr: Trailrunner, die einen leistungsstarken und bequemen Schuh f\u00fcr lange und anspruchsvolle Strecken suchen.<br \/>\nGewicht des Athleten: 50-70 kg<br \/>\nLaufgeschwindigkeit: mittel (5-6 min\/km)<br \/>\n<a href=\"https:\/\/miomiorun.com\/guida-alle-specifiche-tecniche\/\">Leitfaden zu den technischen Spezifikationen<\/a><\/td>\n<td style=\"width: 66.6666%\">\n<p data-start=\"150\" data-end=\"517\">Der <strong data-start=\"153\" data-end=\"174\">PRODIGIO MAX Donna<\/strong>&nbsp;ist ein <strong data-start=\"193\" data-end=\"213\">Mountain Running<\/strong> Schuh, der f\u00fcr alle entwickelt wurde, die lange Strecken und Ultra-Trails lieben. Maximale D\u00e4mpfung, Komfort und Stabilit\u00e4t begleiten Sie bei jedem Abenteuer, von anspruchsvollen Wanderungen bis hin zu den h\u00e4rtesten und legend\u00e4rsten Wettk\u00e4mpfen der Welt wie dem <strong data-start=\"434\" data-end=\"460\">Tor des Geants (330 km)<\/strong>, dem <strong data-start=\"465\" data-end=\"487\">Swiss Peak (360 km)<\/strong> oder dem <strong data-start=\"493\" data-end=\"514\">Tahoe 200 (320 km)<\/strong>.<\/p>\n<p data-start=\"519\" data-end=\"827\">Dank der neuen <strong data-start=\"545\" data-end=\"565\">XFlow Endurance\u2122<\/strong>-Mischung bietet der Schuh vom ersten bis zum letzten Kilometer konstanten Komfort und verbessert gleichzeitig die Haltbarkeit und Widerstandsf\u00e4higkeit. Die <strong data-start=\"685\" data-end=\"712\">FriXion\u00ae Red-Sohle aus zwei Mischungen<\/strong> bietet die richtige Balance zwischen Grip und Robustheit, mit breiter Auflagefl\u00e4che und mittlerer W\u00f6lbung f\u00fcr \u00fcberlegene Stabilit\u00e4t.<\/p>\n<p data-start=\"829\" data-end=\"1019\">Das Obermaterial <strong data-start=\"839\" data-end=\"855\">Comfort Wire<\/strong> kombiniert Weichheit und Halt und umschlie\u00dft den Fu\u00df auf nat\u00fcrliche Weise, w\u00e4hrend das <strong data-start=\"939\" data-end=\"958\">Wrapping System<\/strong> Fu\u00df und Kn\u00f6chel auch auf technisch anspruchsvollem Gel\u00e4nde stabilisiert. <\/p>\n<\/td>\n<\/tr>\n<\/tbody>\n<\/table>\n<p>&nbsp;<\/p>\n","protected":false},"excerpt":{"rendered":"<ul>\n<li data-start=\"1057\" data-end=\"1148\">\n<p data-start=\"1059\" data-end=\"1148\">XFlow Endurance\u2122-Zwischensohle: lang anhaltende D\u00e4mpfung und Komfort auf langen Strecken.<\/p>\n<\/li>\n<li data-start=\"1149\" data-end=\"1223\">\n<p data-start=\"1151\" data-end=\"1223\">FriXion\u00ae Red-Sohle: doppelte Mischung f\u00fcr optimalen Grip und Widerstandsf\u00e4higkeit.<\/p>\n<\/li>\n<li data-start=\"1224\" data-end=\"1307\">\n<p data-start=\"1226\" data-end=\"1307\">Comfort Wire + Wrapping System-Obermaterial: weiche Passform mit garantierter Stabilit\u00e4t<\/p>\n<\/li>\n<\/ul>\n","protected":false},"featured_media":355675,"template":"","meta":{"_acf_changed":false,"inline_featured_image":false},"product_brand":[],"product_cat":[6474,6491],"product_tag":[6248,6220],"class_list":{"0":"post-353190","1":"product","2":"type-product","3":"status-publish","4":"has-post-thumbnail","6":"product_cat-damenschuhe","7":"product_cat-damentrailschuhe","8":"product_tag-la-sportiva-de","9":"product_tag-la-sportiva-damen-de","10":"pa_attivita-outdoor-de","11":"pa_attivita-trail-de","12":"pa_colore-prodigio-max-w-chalk-rosebay-de","13":"pa_colore-prodigio-max-w-cypress-mountain-red-de","14":"pa_colore-prodigio-max-w-hibiscus-malibu-blue","16":"pa_colore-prodigio-max-w-hurricane-mineral-red-de","17":"pa_marca-la-sportiva-de","18":"pa_sesso-damen","19":"pa_size-38-de","20":"pa_size-38-5-de","21":"pa_size-39-de","22":"pa_size-39-5-de","23":"pa_size-40-de","24":"pa_size-40-5-de","25":"pa_size-41-de","26":"pa_size-41-5-de","27":"pa_size-42-de","29":"first","30":"instock","31":"sale","32":"taxable","33":"shipping-taxable","34":"purchasable","35":"product-type-variable","36":"wvs-archive-product-wrapper"},"acf":[],"yoast_head":"<!-- This site is optimized with the Yoast SEO plugin v26.8 - https:\/\/yoast.com\/product\/yoast-seo-wordpress\/ -->\n<title>La Sportiva Prodigio Max damen - Damen-Trailschuh - MioMioRun.com<\/title>\n<meta name=\"description\" content=\"Prodigio Max, der neue Damenschuh f\u00fcr die Welt des Trailrunning, ein revolution\u00e4res Produkt von La Sportiva f\u00fcr die Welt des Ultra Trail.\" \/>\n<meta name=\"robots\" content=\"index, follow, max-snippet:-1, max-image-preview:large, max-video-preview:-1\" \/>\n<link rel=\"canonical\" href=\"https:\/\/www.miomiorun.com\/de\/produkt\/prodigio-max-damen\/\" \/>\n<meta property=\"og:locale\" content=\"de_DE\" \/>\n<meta property=\"og:type\" content=\"article\" \/>\n<meta property=\"og:title\" content=\"La Sportiva Prodigio Max damen - Damen-Trailschuh - MioMioRun.com\" \/>\n<meta property=\"og:description\" content=\"Prodigio Max, der neue Damenschuh f\u00fcr die Welt des Trailrunning, ein revolution\u00e4res Produkt von La Sportiva f\u00fcr die Welt des Ultra Trail.\" \/>\n<meta property=\"og:url\" content=\"https:\/\/www.miomiorun.com\/de\/produkt\/prodigio-max-damen\/\" \/>\n<meta property=\"og:site_name\" content=\"MioMioRun\" \/>\n<meta property=\"article:publisher\" content=\"https:\/\/www.facebook.com\/miomiorun\/\" \/>\n<meta property=\"article:modified_time\" content=\"2026-04-17T08:48:41+00:00\" \/>\n<meta property=\"og:image\" content=\"https:\/\/www.miomiorun.com\/app\/uploads\/2025\/10\/la-sportiva-Prodigio-Max-W-hibiscus-malibu-blue-ZFRS107P02B02.webp\" \/>\n\t<meta property=\"og:image:width\" content=\"720\" \/>\n\t<meta property=\"og:image:height\" content=\"720\" \/>\n\t<meta property=\"og:image:type\" content=\"image\/webp\" \/>\n<meta name=\"twitter:card\" content=\"summary_large_image\" \/>\n<meta name=\"twitter:label1\" content=\"Est. reading time\" \/>\n\t<meta name=\"twitter:data1\" content=\"1 minute\" \/>\n<script type=\"application\/ld+json\" class=\"yoast-schema-graph\">{\"@context\":\"https:\/\/schema.org\",\"@graph\":[{\"@type\":\"WebPage\",\"@id\":\"https:\/\/www.miomiorun.com\/de\/produkt\/prodigio-max-damen\/\",\"url\":\"https:\/\/www.miomiorun.com\/de\/produkt\/prodigio-max-damen\/\",\"name\":\"La Sportiva Prodigio Max damen - Damen-Trailschuh - MioMioRun.com\",\"isPartOf\":{\"@id\":\"https:\/\/www.miomiorun.com\/de\/#website\"},\"primaryImageOfPage\":{\"@id\":\"https:\/\/www.miomiorun.com\/de\/produkt\/prodigio-max-damen\/#primaryimage\"},\"image\":{\"@id\":\"https:\/\/www.miomiorun.com\/de\/produkt\/prodigio-max-damen\/#primaryimage\"},\"thumbnailUrl\":\"https:\/\/www.miomiorun.com\/app\/uploads\/2025\/10\/la-sportiva-Prodigio-Max-W-hibiscus-malibu-blue-ZFRS107P02B02.webp\",\"datePublished\":\"2025-09-26T09:40:58+00:00\",\"dateModified\":\"2026-04-17T08:48:41+00:00\",\"description\":\"Prodigio Max, der neue Damenschuh f\u00fcr die Welt des Trailrunning, ein revolution\u00e4res Produkt von La Sportiva f\u00fcr die Welt des Ultra Trail.\",\"breadcrumb\":{\"@id\":\"https:\/\/www.miomiorun.com\/de\/produkt\/prodigio-max-damen\/#breadcrumb\"},\"inLanguage\":\"de-DE\",\"potentialAction\":[{\"@type\":\"ReadAction\",\"target\":[\"https:\/\/www.miomiorun.com\/de\/produkt\/prodigio-max-damen\/\"]}]},{\"@type\":\"ImageObject\",\"inLanguage\":\"de-DE\",\"@id\":\"https:\/\/www.miomiorun.com\/de\/produkt\/prodigio-max-damen\/#primaryimage\",\"url\":\"https:\/\/www.miomiorun.com\/app\/uploads\/2025\/10\/la-sportiva-Prodigio-Max-W-hibiscus-malibu-blue-ZFRS107P02B02.webp\",\"contentUrl\":\"https:\/\/www.miomiorun.com\/app\/uploads\/2025\/10\/la-sportiva-Prodigio-Max-W-hibiscus-malibu-blue-ZFRS107P02B02.webp\",\"width\":720,\"height\":720,\"caption\":\"la sportiva Prodigio Max W hibiscus malibu blue ZFRS107P02B02\"},{\"@type\":\"BreadcrumbList\",\"@id\":\"https:\/\/www.miomiorun.com\/de\/produkt\/prodigio-max-damen\/#breadcrumb\",\"itemListElement\":[{\"@type\":\"ListItem\",\"position\":1,\"name\":\"Home\",\"item\":\"https:\/\/www.miomiorun.com\/de\/\"},{\"@type\":\"ListItem\",\"position\":2,\"name\":\"Shop\",\"item\":\"https:\/\/www.miomiorun.com\/shop\/\"},{\"@type\":\"ListItem\",\"position\":3,\"name\":\"Prodigio Max damen\"}]},{\"@type\":\"WebSite\",\"@id\":\"https:\/\/www.miomiorun.com\/de\/#website\",\"url\":\"https:\/\/www.miomiorun.com\/de\/\",\"name\":\"MioMioRun\",\"description\":\"100% Lauf- und Trailshop\",\"publisher\":{\"@id\":\"https:\/\/www.miomiorun.com\/de\/#organization\"},\"potentialAction\":[{\"@type\":\"SearchAction\",\"target\":{\"@type\":\"EntryPoint\",\"urlTemplate\":\"https:\/\/www.miomiorun.com\/de\/?s={search_term_string}\"},\"query-input\":{\"@type\":\"PropertyValueSpecification\",\"valueRequired\":true,\"valueName\":\"search_term_string\"}}],\"inLanguage\":\"de-DE\"},{\"@type\":\"Organization\",\"@id\":\"https:\/\/www.miomiorun.com\/de\/#organization\",\"name\":\"MioMio Run\",\"url\":\"https:\/\/www.miomiorun.com\/de\/\",\"logo\":{\"@type\":\"ImageObject\",\"inLanguage\":\"de-DE\",\"@id\":\"https:\/\/www.miomiorun.com\/de\/#\/schema\/logo\/image\/\",\"url\":\"https:\/\/www.miomiorun.com\/app\/uploads\/2019\/12\/logomio.png\",\"contentUrl\":\"https:\/\/www.miomiorun.com\/app\/uploads\/2019\/12\/logomio.png\",\"width\":115,\"height\":82,\"caption\":\"MioMio Run\"},\"image\":{\"@id\":\"https:\/\/www.miomiorun.com\/de\/#\/schema\/logo\/image\/\"},\"sameAs\":[\"https:\/\/www.facebook.com\/miomiorun\/\",\"https:\/\/www.instagram.com\/miomiorun\/\"]}]}<\/script>\n<!-- \/ Yoast SEO plugin. -->","yoast_head_json":{"title":"La Sportiva Prodigio Max damen - Damen-Trailschuh - MioMioRun.com","description":"Prodigio Max, der neue Damenschuh f\u00fcr die Welt des Trailrunning, ein revolution\u00e4res Produkt von La Sportiva f\u00fcr die Welt des Ultra Trail.","robots":{"index":"index","follow":"follow","max-snippet":"max-snippet:-1","max-image-preview":"max-image-preview:large","max-video-preview":"max-video-preview:-1"},"canonical":"https:\/\/www.miomiorun.com\/de\/produkt\/prodigio-max-damen\/","og_locale":"de_DE","og_type":"article","og_title":"La Sportiva Prodigio Max damen - Damen-Trailschuh - MioMioRun.com","og_description":"Prodigio Max, der neue Damenschuh f\u00fcr die Welt des Trailrunning, ein revolution\u00e4res Produkt von La Sportiva f\u00fcr die Welt des Ultra Trail.","og_url":"https:\/\/www.miomiorun.com\/de\/produkt\/prodigio-max-damen\/","og_site_name":"MioMioRun","article_publisher":"https:\/\/www.facebook.com\/miomiorun\/","article_modified_time":"2026-04-17T08:48:41+00:00","og_image":[{"width":720,"height":720,"url":"https:\/\/www.miomiorun.com\/app\/uploads\/2025\/10\/la-sportiva-Prodigio-Max-W-hibiscus-malibu-blue-ZFRS107P02B02.webp","type":"image\/webp"}],"twitter_card":"summary_large_image","twitter_misc":{"Est. reading time":"1 minute"},"schema":{"@context":"https:\/\/schema.org","@graph":[{"@type":"WebPage","@id":"https:\/\/www.miomiorun.com\/de\/produkt\/prodigio-max-damen\/","url":"https:\/\/www.miomiorun.com\/de\/produkt\/prodigio-max-damen\/","name":"La Sportiva Prodigio Max damen - Damen-Trailschuh - MioMioRun.com","isPartOf":{"@id":"https:\/\/www.miomiorun.com\/de\/#website"},"primaryImageOfPage":{"@id":"https:\/\/www.miomiorun.com\/de\/produkt\/prodigio-max-damen\/#primaryimage"},"image":{"@id":"https:\/\/www.miomiorun.com\/de\/produkt\/prodigio-max-damen\/#primaryimage"},"thumbnailUrl":"https:\/\/www.miomiorun.com\/app\/uploads\/2025\/10\/la-sportiva-Prodigio-Max-W-hibiscus-malibu-blue-ZFRS107P02B02.webp","datePublished":"2025-09-26T09:40:58+00:00","dateModified":"2026-04-17T08:48:41+00:00","description":"Prodigio Max, der neue Damenschuh f\u00fcr die Welt des Trailrunning, ein revolution\u00e4res Produkt von La Sportiva f\u00fcr die Welt des Ultra Trail.","breadcrumb":{"@id":"https:\/\/www.miomiorun.com\/de\/produkt\/prodigio-max-damen\/#breadcrumb"},"inLanguage":"de-DE","potentialAction":[{"@type":"ReadAction","target":["https:\/\/www.miomiorun.com\/de\/produkt\/prodigio-max-damen\/"]}]},{"@type":"ImageObject","inLanguage":"de-DE","@id":"https:\/\/www.miomiorun.com\/de\/produkt\/prodigio-max-damen\/#primaryimage","url":"https:\/\/www.miomiorun.com\/app\/uploads\/2025\/10\/la-sportiva-Prodigio-Max-W-hibiscus-malibu-blue-ZFRS107P02B02.webp","contentUrl":"https:\/\/www.miomiorun.com\/app\/uploads\/2025\/10\/la-sportiva-Prodigio-Max-W-hibiscus-malibu-blue-ZFRS107P02B02.webp","width":720,"height":720,"caption":"la sportiva Prodigio Max W hibiscus malibu blue ZFRS107P02B02"},{"@type":"BreadcrumbList","@id":"https:\/\/www.miomiorun.com\/de\/produkt\/prodigio-max-damen\/#breadcrumb","itemListElement":[{"@type":"ListItem","position":1,"name":"Home","item":"https:\/\/www.miomiorun.com\/de\/"},{"@type":"ListItem","position":2,"name":"Shop","item":"https:\/\/www.miomiorun.com\/shop\/"},{"@type":"ListItem","position":3,"name":"Prodigio Max damen"}]},{"@type":"WebSite","@id":"https:\/\/www.miomiorun.com\/de\/#website","url":"https:\/\/www.miomiorun.com\/de\/","name":"MioMioRun","description":"100% Lauf- und Trailshop","publisher":{"@id":"https:\/\/www.miomiorun.com\/de\/#organization"},"potentialAction":[{"@type":"SearchAction","target":{"@type":"EntryPoint","urlTemplate":"https:\/\/www.miomiorun.com\/de\/?s={search_term_string}"},"query-input":{"@type":"PropertyValueSpecification","valueRequired":true,"valueName":"search_term_string"}}],"inLanguage":"de-DE"},{"@type":"Organization","@id":"https:\/\/www.miomiorun.com\/de\/#organization","name":"MioMio Run","url":"https:\/\/www.miomiorun.com\/de\/","logo":{"@type":"ImageObject","inLanguage":"de-DE","@id":"https:\/\/www.miomiorun.com\/de\/#\/schema\/logo\/image\/","url":"https:\/\/www.miomiorun.com\/app\/uploads\/2019\/12\/logomio.png","contentUrl":"https:\/\/www.miomiorun.com\/app\/uploads\/2019\/12\/logomio.png","width":115,"height":82,"caption":"MioMio Run"},"image":{"@id":"https:\/\/www.miomiorun.com\/de\/#\/schema\/logo\/image\/"},"sameAs":["https:\/\/www.facebook.com\/miomiorun\/","https:\/\/www.instagram.com\/miomiorun\/"]}]}},"_links":{"self":[{"href":"https:\/\/www.miomiorun.com\/de\/wp-json\/wp\/v2\/product\/353190","targetHints":{"allow":["GET"]}}],"collection":[{"href":"https:\/\/www.miomiorun.com\/de\/wp-json\/wp\/v2\/product"}],"about":[{"href":"https:\/\/www.miomiorun.com\/de\/wp-json\/wp\/v2\/types\/product"}],"wp:featuredmedia":[{"embeddable":true,"href":"https:\/\/www.miomiorun.com\/de\/wp-json\/wp\/v2\/media\/355675"}],"wp:attachment":[{"href":"https:\/\/www.miomiorun.com\/de\/wp-json\/wp\/v2\/media?parent=353190"}],"wp:term":[{"taxonomy":"product_brand","embeddable":true,"href":"https:\/\/www.miomiorun.com\/de\/wp-json\/wp\/v2\/product_brand?post=353190"},{"taxonomy":"product_cat","embeddable":true,"href":"https:\/\/www.miomiorun.com\/de\/wp-json\/wp\/v2\/product_cat?post=353190"},{"taxonomy":"product_tag","embeddable":true,"href":"https:\/\/www.miomiorun.com\/de\/wp-json\/wp\/v2\/product_tag?post=353190"}],"curies":[{"name":"wp","href":"https:\/\/api.w.org\/{rel}","templated":true}]}}