{"id":350144,"date":"2025-09-12T11:58:51","date_gmt":"2025-09-12T09:58:51","guid":{"rendered":"https:\/\/www.miomiorun.com\/?post_type=product&#038;p=350144"},"modified":"2026-05-09T10:09:42","modified_gmt":"2026-05-09T08:09:42","slug":"peregrine-15-gtx-herren","status":"publish","type":"product","link":"https:\/\/www.miomiorun.com\/de\/produkt\/peregrine-15-gtx-herren\/","title":{"rendered":"Peregrine 15 GTX herren"},"content":{"rendered":"<div class=\"vc-row container\"><div class=\"vc-column\"><div class=\"vc-column-text\"><\/p>\n<p><strong>Technische Daten<\/strong><\/p>\n<p>Kategorie: Top-D\u00e4mpfung<br \/>\nOffset: 4 mm (28\/24 mm)<br \/>\nGewicht: 301 g<br \/>\nIdeal f\u00fcr: L\u00e4ufer, Trailrunner und Wanderer, die ein nicht zu schweres Modell suchen, das einen weichen Auftritt und Elastizit\u00e4t gew\u00e4hrleistet, eine gute Traktion auch auf anspruchsvollem Berggel\u00e4nde bietet und mit einem wasserdichten Obermaterial aus Gore-Tex f\u00fcr alle Wetterbedingungen ausgestattet ist.<br \/>\nGewicht des Sportlers: 70-80 kg<br \/>\nLaufgeschwindigkeit: mittel (5,00-5,30 min\/km)<br \/>\n<a href=\"https:\/\/miomiorun.com\/guida-alle-specifiche-tecniche\/\">Leitfaden zu den technischen Spezifikationen<\/a><\/p>\n<p><\/div><\/div><div class=\"vc-column\"><div class=\"vc-column-text\"><\/p>\n<p>Bew\u00e4ltigen Sie auch das schwierigste Gel\u00e4nde mit dem Peregrine 15 GTX, dem leichten und widerstandsf\u00e4higen Trailrunning-Schuh, der Ihnen unter allen Bedingungen Schutz und Grip bietet. Ausgestattet mit der Gore-Tex Invisible Fit-Technologie garantiert er Wasserdichtigkeit und Atmungsaktivit\u00e4t, ohne das Laufen zu erschweren.<\/p>\n<p>Dank der neuen PWRRUN-Mischung in der Zwischensohle bietet er mehr Komfort, D\u00e4mpfung und Flexibilit\u00e4t, w\u00e4hrend die PWRRUN+-Einlegesohle f\u00fcr zus\u00e4tzliche Reaktionsf\u00e4higkeit sorgt. Die durchgehende PWRTRAC-Au\u00dfensohle mit aggressiven 5-mm-Stollen sorgt f\u00fcr un\u00fcbertroffene Traktion, und der Rock Guard-Schutz am Vorderfu\u00df sch\u00fctzt vor Steinen und \u00c4sten auf dem Trail. Das verst\u00e4rkte Obermaterial aus hochfestem Mesh bietet \u00fcberragende Haltbarkeit und ist mit Gamaschen kompatibel.<\/p>\n<p><strong>Technische Details:<\/strong><br \/>\n&#8211; D\u00e4mpfung: PWRRUN + PWRRUN+-Einlegesohle<br \/>\n&#8211; Sohle: PWRTRAC mit 5-mm-Stollen f\u00fcr maximale Traktion<br \/>\n&#8211; Schutz: Rock Guard im Vorfu\u00dfbereich<br \/>\n&#8211; Obermaterial: verst\u00e4rktes Mesh mit abriebfesten Eins\u00e4tzen + D-Ring f\u00fcr Gamaschen<br \/>\n&#8211; Wasserdichtigkeit: Gore-Tex Invisible Fit, leicht und atmungsaktiv<\/p>\n<p><\/div><\/div><\/div>\n","protected":false},"excerpt":{"rendered":"<ul>\n<li>&nbsp;Neutraler, leichter und sch\u00fctzender Trailrunning-Schuh<\/li>\n<li>&nbsp;PWRRUN-Zwischensohle mit PWRRUN+-Einlegesohle f\u00fcr Komfort und Reaktionsf\u00e4higkeit<\/li>\n<li>PWRTRAC-Au\u00dfensohle mit aggressiven 5-mm-Stollen f\u00fcr Traktion auf jedem Untergrund<\/li>\n<li>Gore-Tex Invisible Fit-Technologie: wasserdicht und atmungsaktiv<\/li>\n<\/ul>\n","protected":false},"featured_media":351726,"template":"","meta":{"_acf_changed":false,"inline_featured_image":false},"product_brand":[],"product_cat":[6519,6516],"product_tag":[3391,6311],"class_list":{"0":"post-350144","1":"product","2":"type-product","3":"status-publish","4":"has-post-thumbnail","6":"product_cat-herrenschuhe-outlet-de","7":"product_cat-herren-sale-trail-de","8":"product_tag-saucony-de","9":"product_tag-saucony-herren-de","10":"pa_attivita-outdoor-de","11":"pa_attivita-trail-de","12":"pa_colore-peregrine-15-gtx-regal-black-de","13":"pa_marca-saucony-de","14":"pa_sesso-herren","15":"pa_size-42-de","16":"pa_size-44-de","17":"pa_size-45-de","18":"pa_size-46-de","19":"pa_size-46-5-de","21":"first","22":"instock","23":"sale","24":"taxable","25":"shipping-taxable","26":"purchasable","27":"product-type-variable","28":"wvs-archive-product-wrapper"},"acf":[],"yoast_head":"<!-- This site is optimized with the Yoast SEO plugin v26.8 - https:\/\/yoast.com\/product\/yoast-seo-wordpress\/ -->\n<title>Saucony Peregrine 15 GTX herren - Trailrunning-Schuhe - MioMioRun<\/title>\n<meta name=\"description\" content=\"Der Peregrine 15 GTX ist ein wasserdichter und atmungsaktiver Trailrunning-Schuh mit Gore-Tex, einer 5 mm PWRTRAC-Sohle, PWRRUN-D\u00e4mpfung und Rock Guard-Schutz.\" \/>\n<meta name=\"robots\" content=\"index, follow, max-snippet:-1, max-image-preview:large, max-video-preview:-1\" \/>\n<link rel=\"canonical\" href=\"https:\/\/www.miomiorun.com\/de\/produkt\/peregrine-15-gtx-herren\/\" \/>\n<meta property=\"og:locale\" content=\"de_DE\" \/>\n<meta property=\"og:type\" content=\"article\" \/>\n<meta property=\"og:title\" content=\"Saucony Peregrine 15 GTX herren - Trailrunning-Schuhe - MioMioRun\" \/>\n<meta property=\"og:description\" content=\"Der Peregrine 15 GTX ist ein wasserdichter und atmungsaktiver Trailrunning-Schuh mit Gore-Tex, einer 5 mm PWRTRAC-Sohle, PWRRUN-D\u00e4mpfung und Rock Guard-Schutz.\" \/>\n<meta property=\"og:url\" content=\"https:\/\/www.miomiorun.com\/de\/produkt\/peregrine-15-gtx-herren\/\" \/>\n<meta property=\"og:site_name\" content=\"MioMioRun\" \/>\n<meta property=\"article:publisher\" content=\"https:\/\/www.facebook.com\/miomiorun\/\" \/>\n<meta property=\"article:modified_time\" content=\"2026-05-09T08:09:42+00:00\" \/>\n<meta property=\"og:image\" content=\"https:\/\/www.miomiorun.com\/app\/uploads\/2025\/09\/saucony-Peregrine-15-GTX-regal-black-S20992-262.webp\" \/>\n\t<meta property=\"og:image:width\" content=\"720\" \/>\n\t<meta property=\"og:image:height\" content=\"720\" \/>\n\t<meta property=\"og:image:type\" content=\"image\/webp\" \/>\n<meta name=\"twitter:card\" content=\"summary_large_image\" \/>\n<meta name=\"twitter:label1\" content=\"Est. reading time\" \/>\n\t<meta name=\"twitter:data1\" content=\"2 minutes\" \/>\n<script type=\"application\/ld+json\" class=\"yoast-schema-graph\">{\"@context\":\"https:\/\/schema.org\",\"@graph\":[{\"@type\":\"WebPage\",\"@id\":\"https:\/\/www.miomiorun.com\/de\/produkt\/peregrine-15-gtx-herren\/\",\"url\":\"https:\/\/www.miomiorun.com\/de\/produkt\/peregrine-15-gtx-herren\/\",\"name\":\"Saucony Peregrine 15 GTX herren - Trailrunning-Schuhe - MioMioRun\",\"isPartOf\":{\"@id\":\"https:\/\/www.miomiorun.com\/de\/#website\"},\"primaryImageOfPage\":{\"@id\":\"https:\/\/www.miomiorun.com\/de\/produkt\/peregrine-15-gtx-herren\/#primaryimage\"},\"image\":{\"@id\":\"https:\/\/www.miomiorun.com\/de\/produkt\/peregrine-15-gtx-herren\/#primaryimage\"},\"thumbnailUrl\":\"https:\/\/www.miomiorun.com\/app\/uploads\/2025\/09\/saucony-Peregrine-15-GTX-regal-black-S20992-262.webp\",\"datePublished\":\"2025-09-12T09:58:51+00:00\",\"dateModified\":\"2026-05-09T08:09:42+00:00\",\"description\":\"Der Peregrine 15 GTX ist ein wasserdichter und atmungsaktiver Trailrunning-Schuh mit Gore-Tex, einer 5 mm PWRTRAC-Sohle, PWRRUN-D\u00e4mpfung und Rock Guard-Schutz.\",\"breadcrumb\":{\"@id\":\"https:\/\/www.miomiorun.com\/de\/produkt\/peregrine-15-gtx-herren\/#breadcrumb\"},\"inLanguage\":\"de-DE\",\"potentialAction\":[{\"@type\":\"ReadAction\",\"target\":[\"https:\/\/www.miomiorun.com\/de\/produkt\/peregrine-15-gtx-herren\/\"]}]},{\"@type\":\"ImageObject\",\"inLanguage\":\"de-DE\",\"@id\":\"https:\/\/www.miomiorun.com\/de\/produkt\/peregrine-15-gtx-herren\/#primaryimage\",\"url\":\"https:\/\/www.miomiorun.com\/app\/uploads\/2025\/09\/saucony-Peregrine-15-GTX-regal-black-S20992-262.webp\",\"contentUrl\":\"https:\/\/www.miomiorun.com\/app\/uploads\/2025\/09\/saucony-Peregrine-15-GTX-regal-black-S20992-262.webp\",\"width\":720,\"height\":720,\"caption\":\"saucony Peregrine 15 GTX regal black S20992-262\"},{\"@type\":\"BreadcrumbList\",\"@id\":\"https:\/\/www.miomiorun.com\/de\/produkt\/peregrine-15-gtx-herren\/#breadcrumb\",\"itemListElement\":[{\"@type\":\"ListItem\",\"position\":1,\"name\":\"Home\",\"item\":\"https:\/\/www.miomiorun.com\/de\/\"},{\"@type\":\"ListItem\",\"position\":2,\"name\":\"Shop\",\"item\":\"https:\/\/www.miomiorun.com\/shop\/\"},{\"@type\":\"ListItem\",\"position\":3,\"name\":\"Peregrine 15 GTX herren\"}]},{\"@type\":\"WebSite\",\"@id\":\"https:\/\/www.miomiorun.com\/de\/#website\",\"url\":\"https:\/\/www.miomiorun.com\/de\/\",\"name\":\"MioMioRun\",\"description\":\"100% Lauf- und Trailshop\",\"publisher\":{\"@id\":\"https:\/\/www.miomiorun.com\/de\/#organization\"},\"potentialAction\":[{\"@type\":\"SearchAction\",\"target\":{\"@type\":\"EntryPoint\",\"urlTemplate\":\"https:\/\/www.miomiorun.com\/de\/?s={search_term_string}\"},\"query-input\":{\"@type\":\"PropertyValueSpecification\",\"valueRequired\":true,\"valueName\":\"search_term_string\"}}],\"inLanguage\":\"de-DE\"},{\"@type\":\"Organization\",\"@id\":\"https:\/\/www.miomiorun.com\/de\/#organization\",\"name\":\"MioMio Run\",\"url\":\"https:\/\/www.miomiorun.com\/de\/\",\"logo\":{\"@type\":\"ImageObject\",\"inLanguage\":\"de-DE\",\"@id\":\"https:\/\/www.miomiorun.com\/de\/#\/schema\/logo\/image\/\",\"url\":\"https:\/\/www.miomiorun.com\/app\/uploads\/2019\/12\/logomio.png\",\"contentUrl\":\"https:\/\/www.miomiorun.com\/app\/uploads\/2019\/12\/logomio.png\",\"width\":115,\"height\":82,\"caption\":\"MioMio Run\"},\"image\":{\"@id\":\"https:\/\/www.miomiorun.com\/de\/#\/schema\/logo\/image\/\"},\"sameAs\":[\"https:\/\/www.facebook.com\/miomiorun\/\",\"https:\/\/www.instagram.com\/miomiorun\/\"]}]}<\/script>\n<!-- \/ Yoast SEO plugin. -->","yoast_head_json":{"title":"Saucony Peregrine 15 GTX herren - Trailrunning-Schuhe - MioMioRun","description":"Der Peregrine 15 GTX ist ein wasserdichter und atmungsaktiver Trailrunning-Schuh mit Gore-Tex, einer 5 mm PWRTRAC-Sohle, PWRRUN-D\u00e4mpfung und Rock Guard-Schutz.","robots":{"index":"index","follow":"follow","max-snippet":"max-snippet:-1","max-image-preview":"max-image-preview:large","max-video-preview":"max-video-preview:-1"},"canonical":"https:\/\/www.miomiorun.com\/de\/produkt\/peregrine-15-gtx-herren\/","og_locale":"de_DE","og_type":"article","og_title":"Saucony Peregrine 15 GTX herren - Trailrunning-Schuhe - MioMioRun","og_description":"Der Peregrine 15 GTX ist ein wasserdichter und atmungsaktiver Trailrunning-Schuh mit Gore-Tex, einer 5 mm PWRTRAC-Sohle, PWRRUN-D\u00e4mpfung und Rock Guard-Schutz.","og_url":"https:\/\/www.miomiorun.com\/de\/produkt\/peregrine-15-gtx-herren\/","og_site_name":"MioMioRun","article_publisher":"https:\/\/www.facebook.com\/miomiorun\/","article_modified_time":"2026-05-09T08:09:42+00:00","og_image":[{"width":720,"height":720,"url":"https:\/\/www.miomiorun.com\/app\/uploads\/2025\/09\/saucony-Peregrine-15-GTX-regal-black-S20992-262.webp","type":"image\/webp"}],"twitter_card":"summary_large_image","twitter_misc":{"Est. reading time":"2 minutes"},"schema":{"@context":"https:\/\/schema.org","@graph":[{"@type":"WebPage","@id":"https:\/\/www.miomiorun.com\/de\/produkt\/peregrine-15-gtx-herren\/","url":"https:\/\/www.miomiorun.com\/de\/produkt\/peregrine-15-gtx-herren\/","name":"Saucony Peregrine 15 GTX herren - Trailrunning-Schuhe - MioMioRun","isPartOf":{"@id":"https:\/\/www.miomiorun.com\/de\/#website"},"primaryImageOfPage":{"@id":"https:\/\/www.miomiorun.com\/de\/produkt\/peregrine-15-gtx-herren\/#primaryimage"},"image":{"@id":"https:\/\/www.miomiorun.com\/de\/produkt\/peregrine-15-gtx-herren\/#primaryimage"},"thumbnailUrl":"https:\/\/www.miomiorun.com\/app\/uploads\/2025\/09\/saucony-Peregrine-15-GTX-regal-black-S20992-262.webp","datePublished":"2025-09-12T09:58:51+00:00","dateModified":"2026-05-09T08:09:42+00:00","description":"Der Peregrine 15 GTX ist ein wasserdichter und atmungsaktiver Trailrunning-Schuh mit Gore-Tex, einer 5 mm PWRTRAC-Sohle, PWRRUN-D\u00e4mpfung und Rock Guard-Schutz.","breadcrumb":{"@id":"https:\/\/www.miomiorun.com\/de\/produkt\/peregrine-15-gtx-herren\/#breadcrumb"},"inLanguage":"de-DE","potentialAction":[{"@type":"ReadAction","target":["https:\/\/www.miomiorun.com\/de\/produkt\/peregrine-15-gtx-herren\/"]}]},{"@type":"ImageObject","inLanguage":"de-DE","@id":"https:\/\/www.miomiorun.com\/de\/produkt\/peregrine-15-gtx-herren\/#primaryimage","url":"https:\/\/www.miomiorun.com\/app\/uploads\/2025\/09\/saucony-Peregrine-15-GTX-regal-black-S20992-262.webp","contentUrl":"https:\/\/www.miomiorun.com\/app\/uploads\/2025\/09\/saucony-Peregrine-15-GTX-regal-black-S20992-262.webp","width":720,"height":720,"caption":"saucony Peregrine 15 GTX regal black S20992-262"},{"@type":"BreadcrumbList","@id":"https:\/\/www.miomiorun.com\/de\/produkt\/peregrine-15-gtx-herren\/#breadcrumb","itemListElement":[{"@type":"ListItem","position":1,"name":"Home","item":"https:\/\/www.miomiorun.com\/de\/"},{"@type":"ListItem","position":2,"name":"Shop","item":"https:\/\/www.miomiorun.com\/shop\/"},{"@type":"ListItem","position":3,"name":"Peregrine 15 GTX herren"}]},{"@type":"WebSite","@id":"https:\/\/www.miomiorun.com\/de\/#website","url":"https:\/\/www.miomiorun.com\/de\/","name":"MioMioRun","description":"100% Lauf- und Trailshop","publisher":{"@id":"https:\/\/www.miomiorun.com\/de\/#organization"},"potentialAction":[{"@type":"SearchAction","target":{"@type":"EntryPoint","urlTemplate":"https:\/\/www.miomiorun.com\/de\/?s={search_term_string}"},"query-input":{"@type":"PropertyValueSpecification","valueRequired":true,"valueName":"search_term_string"}}],"inLanguage":"de-DE"},{"@type":"Organization","@id":"https:\/\/www.miomiorun.com\/de\/#organization","name":"MioMio Run","url":"https:\/\/www.miomiorun.com\/de\/","logo":{"@type":"ImageObject","inLanguage":"de-DE","@id":"https:\/\/www.miomiorun.com\/de\/#\/schema\/logo\/image\/","url":"https:\/\/www.miomiorun.com\/app\/uploads\/2019\/12\/logomio.png","contentUrl":"https:\/\/www.miomiorun.com\/app\/uploads\/2019\/12\/logomio.png","width":115,"height":82,"caption":"MioMio Run"},"image":{"@id":"https:\/\/www.miomiorun.com\/de\/#\/schema\/logo\/image\/"},"sameAs":["https:\/\/www.facebook.com\/miomiorun\/","https:\/\/www.instagram.com\/miomiorun\/"]}]}},"_links":{"self":[{"href":"https:\/\/www.miomiorun.com\/de\/wp-json\/wp\/v2\/product\/350144","targetHints":{"allow":["GET"]}}],"collection":[{"href":"https:\/\/www.miomiorun.com\/de\/wp-json\/wp\/v2\/product"}],"about":[{"href":"https:\/\/www.miomiorun.com\/de\/wp-json\/wp\/v2\/types\/product"}],"wp:featuredmedia":[{"embeddable":true,"href":"https:\/\/www.miomiorun.com\/de\/wp-json\/wp\/v2\/media\/351726"}],"wp:attachment":[{"href":"https:\/\/www.miomiorun.com\/de\/wp-json\/wp\/v2\/media?parent=350144"}],"wp:term":[{"taxonomy":"product_brand","embeddable":true,"href":"https:\/\/www.miomiorun.com\/de\/wp-json\/wp\/v2\/product_brand?post=350144"},{"taxonomy":"product_cat","embeddable":true,"href":"https:\/\/www.miomiorun.com\/de\/wp-json\/wp\/v2\/product_cat?post=350144"},{"taxonomy":"product_tag","embeddable":true,"href":"https:\/\/www.miomiorun.com\/de\/wp-json\/wp\/v2\/product_tag?post=350144"}],"curies":[{"name":"wp","href":"https:\/\/api.w.org\/{rel}","templated":true}]}}